{"id":34208,"date":"2025-09-11T11:06:15","date_gmt":"2025-09-11T09:06:15","guid":{"rendered":"https:\/\/fuster-associates.com\/uslugi\/uslugi-podatkowe\/kontrola-podatkowa\/"},"modified":"2025-09-11T11:06:16","modified_gmt":"2025-09-11T09:06:16","slug":"kontrola-podatkowa","status":"publish","type":"page","link":"https:\/\/fuster-associates.com\/pl\/uslugi\/uslugi-podatkowe\/kontrola-podatkowa\/","title":{"rendered":"Kontrola Podatkowa"},"content":{"rendered":"\t\t<div data-elementor-type=\"wp-page\" data-elementor-id=\"34208\" class=\"elementor elementor-34208 elementor-24056\" data-elementor-post-type=\"page\">\n\t\t\t\t<div class=\"elementor-element elementor-element-56cd93d4 e-flex e-con-boxed e-con e-parent\" data-id=\"56cd93d4\" data-element_type=\"container\" data-e-type=\"container\" data-settings=\"{&quot;background_background&quot;:&quot;classic&quot;}\">\n\t\t\t\t\t<div class=\"e-con-inner\">\n\t\t\t\t<div class=\"elementor-element elementor-element-351739da elementor-invisible elementor-widget elementor-widget-heading\" data-id=\"351739da\" data-element_type=\"widget\" data-e-type=\"widget\" data-settings=\"{&quot;_animation&quot;:&quot;fadeInDown&quot;}\" data-widget_type=\"heading.default\">\n\t\t\t\t\t<h1 class=\"elementor-heading-title elementor-size-default\">Kontrola Podatkowa<\/h1>\t\t\t\t<\/div>\n\t\t\t\t<div class=\"elementor-element elementor-element-d5574e8 elementor-invisible elementor-widget elementor-widget-breadcrumbs\" data-id=\"d5574e8\" data-element_type=\"widget\" data-e-type=\"widget\" data-settings=\"{&quot;_animation&quot;:&quot;fadeInUp&quot;}\" data-widget_type=\"breadcrumbs.default\">\n\t\t\t\t\t<p id=\"breadcrumbs\"><span><span><a href=\"https:\/\/fuster-associates.com\/pl\/\">Dom<\/a><\/span><\/span><\/p>\t\t\t\t<\/div>\n\t\t\t\t\t<\/div>\n\t\t\t\t<\/div>\n\t\t<div class=\"elementor-element elementor-element-496759f e-flex e-con-boxed e-con e-parent\" data-id=\"496759f\" data-element_type=\"container\" data-e-type=\"container\">\n\t\t\t\t\t<div class=\"e-con-inner\">\n\t\t\t\t<div class=\"elementor-element elementor-element-f2bd5bf elementor-invisible elementor-widget elementor-widget-heading\" data-id=\"f2bd5bf\" data-element_type=\"widget\" data-e-type=\"widget\" data-settings=\"{&quot;_animation&quot;:&quot;fadeIn&quot;,&quot;_animation_laptop&quot;:&quot;fadeIn&quot;}\" data-widget_type=\"heading.default\">\n\t\t\t\t\t<h2 class=\"elementor-heading-title elementor-size-default\">Eksperckie wsparcie podatkowe w Hiszpanii<\/h2>\t\t\t\t<\/div>\n\t\t\t\t<div class=\"elementor-element elementor-element-561829d elementor-invisible elementor-widget elementor-widget-text-editor\" data-id=\"561829d\" data-element_type=\"widget\" data-e-type=\"widget\" data-settings=\"{&quot;_animation&quot;:&quot;fadeIn&quot;,&quot;_animation_laptop&quot;:&quot;fadeIn&quot;}\" data-widget_type=\"text-editor.default\">\n\t\t\t\t\t\t\t\t\t<p>Zapewnij sobie pe\u0142ne zaufanie podczas <strong data-start=\"187\" data-end=\"276\">procesu podatkowego w Hiszpanii<\/strong> dzi\u0119ki fachowej pomocy prawnej. W <strong data-start=\"280\" data-end=\"303\">Fuster &amp; Associates<\/strong> oferujemy proaktywne wsparcie, aby pom\u00f3c Ci <strong data-start=\"344\" data-end=\"399\">zarz\u0105dza\u0107 przegl\u0105dami podatkowymi i audytami w spos\u00f3b przejrzysty i \u0142atwy<\/strong>. <\/p><p>Nasz do\u015bwiadczony zesp\u00f3\u0142 prawniczy zapewnia <strong data-start=\"437\" data-end=\"482\">kompleksowe doradztwo i reprezentacj\u0119<\/strong>, dbaj\u0105c o to, aby ka\u017cdy krok zosta\u0142 profesjonalnie przeprowadzony.<\/p><p>Z nasz\u0105 pomoc\u0105 mo\u017cesz <strong data-start=\"554\" data-end=\"622\">cieszy\u0107 si\u0119 spokojem, wiedz\u0105c, \u017ce Twoje sprawy podatkowe s\u0105 w r\u0119kach ekspert\u00f3w<\/strong>. <strong data-start=\"624\" data-end=\"655\" data-is-only-node=\"\">Um\u00f3w si\u0119 na bezp\u0142atn\u0105 konsultacj\u0119<\/strong> ju\u017c dzi\u015b i przejmij kontrol\u0119 nad swoj\u0105 sytuacj\u0105 podatkow\u0105 z zaufanymi profesjonalistami po swojej stronie.<\/p>\t\t\t\t\t\t\t\t<\/div>\n\t\t\t\t\t<\/div>\n\t\t\t\t<\/div>\n\t\t<div class=\"elementor-element elementor-element-76fd9563 e-flex e-con-boxed e-con e-parent\" data-id=\"76fd9563\" data-element_type=\"container\" data-e-type=\"container\">\n\t\t\t\t\t<div class=\"e-con-inner\">\n\t\t\t\t<div class=\"elementor-element elementor-element-461ca52 elementor-icon-list--layout-traditional elementor-list-item-link-full_width elementor-widget elementor-widget-icon-list\" data-id=\"461ca52\" data-element_type=\"widget\" data-e-type=\"widget\" data-widget_type=\"icon-list.default\">\n\t\t\t\t\t\t\t<ul class=\"elementor-icon-list-items\">\n\t\t\t\t\t\t\t<li class=\"elementor-icon-list-item\">\n\t\t\t\t\t\t\t\t\t\t\t<a href=\"https:\/\/fuster-associates.com\/services\/tax-services\/tax-investigation\/tax-investigation\/\">\n\n\t\t\t\t\t\t\t\t\t\t\t\t<span class=\"elementor-icon-list-icon\">\n\t\t\t\t\t\t\t<svg aria-hidden=\"true\" class=\"e-font-icon-svg e-fas-caret-right\" viewBox=\"0 0 192 512\" xmlns=\"http:\/\/www.w3.org\/2000\/svg\"><path d=\"M0 384.662V127.338c0-17.818 21.543-26.741 34.142-14.142l128.662 128.662c7.81 7.81 7.81 20.474 0 28.284L34.142 398.804C21.543 411.404 0 402.48 0 384.662z\"><\/path><\/svg>\t\t\t\t\t\t<\/span>\n\t\t\t\t\t\t\t\t\t\t<span class=\"elementor-icon-list-text\">Kontrola Podatkowa<\/span>\n\t\t\t\t\t\t\t\t\t\t\t<\/a>\n\t\t\t\t\t\t\t\t\t<\/li>\n\t\t\t\t\t\t<\/ul>\n\t\t\t\t\t\t<\/div>\n\t\t\t\t\t<\/div>\n\t\t\t\t<\/div>\n\t\t\t\t<\/div>\n\t\t","protected":false},"excerpt":{"rendered":"<p>Eksperckie wsparcie podatkowe w Hiszpanii Zapewnij sobie pe\u0142ne zaufanie podczas procesu podatkowego w Hiszpanii dzi\u0119ki fachowej pomocy prawnej. W Fuster &amp; Associates oferujemy proaktywne wsparcie, aby pom\u00f3c Ci zarz\u0105dza\u0107 przegl\u0105dami podatkowymi i audytami w spos\u00f3b przejrzysty i \u0142atwy. Nasz do\u015bwiadczony zesp\u00f3\u0142 prawniczy zapewnia kompleksowe doradztwo i reprezentacj\u0119, dbaj\u0105c o to, aby ka\u017cdy krok zosta\u0142 profesjonalnie [&hellip;]<\/p>\n","protected":false},"author":7,"featured_media":0,"parent":28645,"menu_order":0,"comment_status":"closed","ping_status":"closed","template":"","meta":{"content-type":"","_sitemap_exclude":false,"_sitemap_priority":"","_sitemap_frequency":"","footnotes":""},"class_list":["post-34208","page","type-page","status-publish","hentry"],"yoast_head":"<!-- This site is optimized with the Yoast SEO plugin v27.4 - https:\/\/yoast.com\/product\/yoast-seo-wordpress\/ -->\n<title>Profesjonalne wsparcie w kwestiach podatkowych \u2013 Fuster &amp; Associates<\/title>\n<meta name=\"description\" content=\"Upraszczamy z\u0142o\u017cone post\u0119powania podatkowe dla zagranicznych w\u0142a\u015bcicieli nieruchomo\u015bci w Hiszpanii. Zarezerwuj bezp\u0142atn\u0105 konsultacj\u0119 ju\u017c teraz.\" \/>\n<meta name=\"robots\" content=\"index, follow, max-snippet:-1, max-image-preview:large, max-video-preview:-1\" \/>\n<link rel=\"canonical\" href=\"https:\/\/fuster-associates.com\/pl\/uslugi\/uslugi-podatkowe\/kontrola-podatkowa\/\" \/>\n<meta property=\"og:locale\" content=\"pl_PL\" \/>\n<meta property=\"og:type\" content=\"article\" \/>\n<meta property=\"og:title\" content=\"Profesjonalne wsparcie w kwestiach podatkowych \u2013 Fuster &amp; Associates\" \/>\n<meta property=\"og:description\" content=\"Upraszczamy z\u0142o\u017cone post\u0119powania podatkowe dla zagranicznych w\u0142a\u015bcicieli nieruchomo\u015bci w Hiszpanii. Zarezerwuj bezp\u0142atn\u0105 konsultacj\u0119 ju\u017c teraz.\" \/>\n<meta property=\"og:url\" content=\"https:\/\/fuster-associates.com\/pl\/uslugi\/uslugi-podatkowe\/kontrola-podatkowa\/\" \/>\n<meta property=\"og:site_name\" content=\"Fuster &amp; Associates\" \/>\n<meta property=\"article:publisher\" content=\"https:\/\/www.facebook.com\/fusterspain\/\" \/>\n<meta property=\"article:modified_time\" content=\"2025-09-11T09:06:16+00:00\" \/>\n<meta property=\"og:image\" content=\"https:\/\/fuster-associates.com\/wp-content\/uploads\/2020\/02\/slide-fuster-standard.jpg\" \/>\n\t<meta property=\"og:image:width\" content=\"1920\" \/>\n\t<meta property=\"og:image:height\" content=\"1280\" \/>\n\t<meta property=\"og:image:type\" content=\"image\/jpeg\" \/>\n<meta name=\"twitter:card\" content=\"summary_large_image\" \/>\n<meta name=\"twitter:site\" content=\"@FusterSpain\" \/>\n<meta name=\"twitter:label1\" content=\"Szacowany czas czytania\" \/>\n\t<meta name=\"twitter:data1\" content=\"1 minuta\" \/>\n<script type=\"application\/ld+json\" class=\"yoast-schema-graph\">{\"@context\":\"https:\\\/\\\/schema.org\",\"@graph\":[{\"@type\":\"WebPage\",\"@id\":\"https:\\\/\\\/fuster-associates.com\\\/pl\\\/uslugi\\\/uslugi-podatkowe\\\/kontrola-podatkowa\\\/\",\"url\":\"https:\\\/\\\/fuster-associates.com\\\/pl\\\/uslugi\\\/uslugi-podatkowe\\\/kontrola-podatkowa\\\/\",\"name\":\"Profesjonalne wsparcie w kwestiach podatkowych \u2013 Fuster & Associates\",\"isPartOf\":{\"@id\":\"https:\\\/\\\/fuster-associates.com\\\/pl\\\/#website\"},\"datePublished\":\"2025-09-11T09:06:15+00:00\",\"dateModified\":\"2025-09-11T09:06:16+00:00\",\"description\":\"Upraszczamy z\u0142o\u017cone post\u0119powania podatkowe dla zagranicznych w\u0142a\u015bcicieli nieruchomo\u015bci w Hiszpanii. Zarezerwuj bezp\u0142atn\u0105 konsultacj\u0119 ju\u017c teraz.\",\"breadcrumb\":{\"@id\":\"https:\\\/\\\/fuster-associates.com\\\/pl\\\/uslugi\\\/uslugi-podatkowe\\\/kontrola-podatkowa\\\/#breadcrumb\"},\"inLanguage\":\"pl-PL\",\"potentialAction\":[{\"@type\":\"ReadAction\",\"target\":[\"https:\\\/\\\/fuster-associates.com\\\/pl\\\/uslugi\\\/uslugi-podatkowe\\\/kontrola-podatkowa\\\/\"]}]},{\"@type\":\"BreadcrumbList\",\"@id\":\"https:\\\/\\\/fuster-associates.com\\\/pl\\\/uslugi\\\/uslugi-podatkowe\\\/kontrola-podatkowa\\\/#breadcrumb\",\"itemListElement\":[{\"@type\":\"ListItem\",\"position\":1,\"name\":\"Dom\",\"item\":\"https:\\\/\\\/fuster-associates.com\\\/pl\\\/\"},{\"@type\":\"ListItem\",\"position\":2,\"name\":\"Us\u0142ugi\",\"item\":\"https:\\\/\\\/fuster-associates.com\\\/pl\\\/uslugi\\\/\"},{\"@type\":\"ListItem\",\"position\":3,\"name\":\"Us\u0142ugi Podatkowe\",\"item\":\"https:\\\/\\\/fuster-associates.com\\\/pl\\\/uslugi\\\/uslugi-podatkowe\\\/\"},{\"@type\":\"ListItem\",\"position\":4,\"name\":\"Kontrola Podatkowa\"}]},{\"@type\":\"WebSite\",\"@id\":\"https:\\\/\\\/fuster-associates.com\\\/pl\\\/#website\",\"url\":\"https:\\\/\\\/fuster-associates.com\\\/pl\\\/\",\"name\":\"Fuster & Associates\",\"description\":\"Property Solicitors\",\"publisher\":{\"@id\":\"https:\\\/\\\/fuster-associates.com\\\/pl\\\/#organization\"},\"potentialAction\":[{\"@type\":\"SearchAction\",\"target\":{\"@type\":\"EntryPoint\",\"urlTemplate\":\"https:\\\/\\\/fuster-associates.com\\\/pl\\\/?s={search_term_string}\"},\"query-input\":{\"@type\":\"PropertyValueSpecification\",\"valueRequired\":true,\"valueName\":\"search_term_string\"}}],\"inLanguage\":\"pl-PL\"},{\"@type\":\"Organization\",\"@id\":\"https:\\\/\\\/fuster-associates.com\\\/pl\\\/#organization\",\"name\":\"FUSTER & ASSOCIATES\",\"url\":\"https:\\\/\\\/fuster-associates.com\\\/pl\\\/\",\"logo\":{\"@type\":\"ImageObject\",\"inLanguage\":\"pl-PL\",\"@id\":\"https:\\\/\\\/fuster-associates.com\\\/pl\\\/#\\\/schema\\\/logo\\\/image\\\/\",\"url\":\"https:\\\/\\\/fuster-associates.com\\\/wp-content\\\/uploads\\\/2018\\\/08\\\/logo-fuster-1.jpeg\",\"contentUrl\":\"https:\\\/\\\/fuster-associates.com\\\/wp-content\\\/uploads\\\/2018\\\/08\\\/logo-fuster-1.jpeg\",\"width\":180,\"height\":113,\"caption\":\"FUSTER & ASSOCIATES\"},\"image\":{\"@id\":\"https:\\\/\\\/fuster-associates.com\\\/pl\\\/#\\\/schema\\\/logo\\\/image\\\/\"},\"sameAs\":[\"https:\\\/\\\/www.facebook.com\\\/fusterspain\\\/\",\"https:\\\/\\\/x.com\\\/FusterSpain\",\"https:\\\/\\\/www.youtube.com\\\/channel\\\/UC2-kNuL1SoqlFizI47hmIOQ\",\"https:\\\/\\\/www.linkedin.com\\\/company\\\/fuster-&-associates\\\/\"]}]}<\/script>\n<!-- \/ Yoast SEO plugin. -->","yoast_head_json":{"title":"Profesjonalne wsparcie w kwestiach podatkowych \u2013 Fuster & Associates","description":"Upraszczamy z\u0142o\u017cone post\u0119powania podatkowe dla zagranicznych w\u0142a\u015bcicieli nieruchomo\u015bci w Hiszpanii. Zarezerwuj bezp\u0142atn\u0105 konsultacj\u0119 ju\u017c teraz.","robots":{"index":"index","follow":"follow","max-snippet":"max-snippet:-1","max-image-preview":"max-image-preview:large","max-video-preview":"max-video-preview:-1"},"canonical":"https:\/\/fuster-associates.com\/pl\/uslugi\/uslugi-podatkowe\/kontrola-podatkowa\/","og_locale":"pl_PL","og_type":"article","og_title":"Profesjonalne wsparcie w kwestiach podatkowych \u2013 Fuster & Associates","og_description":"Upraszczamy z\u0142o\u017cone post\u0119powania podatkowe dla zagranicznych w\u0142a\u015bcicieli nieruchomo\u015bci w Hiszpanii. Zarezerwuj bezp\u0142atn\u0105 konsultacj\u0119 ju\u017c teraz.","og_url":"https:\/\/fuster-associates.com\/pl\/uslugi\/uslugi-podatkowe\/kontrola-podatkowa\/","og_site_name":"Fuster &amp; Associates","article_publisher":"https:\/\/www.facebook.com\/fusterspain\/","article_modified_time":"2025-09-11T09:06:16+00:00","og_image":[{"width":1920,"height":1280,"url":"https:\/\/fuster-associates.com\/wp-content\/uploads\/2020\/02\/slide-fuster-standard.jpg","type":"image\/jpeg"}],"twitter_card":"summary_large_image","twitter_site":"@FusterSpain","twitter_misc":{"Szacowany czas czytania":"1 minuta"},"schema":{"@context":"https:\/\/schema.org","@graph":[{"@type":"WebPage","@id":"https:\/\/fuster-associates.com\/pl\/uslugi\/uslugi-podatkowe\/kontrola-podatkowa\/","url":"https:\/\/fuster-associates.com\/pl\/uslugi\/uslugi-podatkowe\/kontrola-podatkowa\/","name":"Profesjonalne wsparcie w kwestiach podatkowych \u2013 Fuster & Associates","isPartOf":{"@id":"https:\/\/fuster-associates.com\/pl\/#website"},"datePublished":"2025-09-11T09:06:15+00:00","dateModified":"2025-09-11T09:06:16+00:00","description":"Upraszczamy z\u0142o\u017cone post\u0119powania podatkowe dla zagranicznych w\u0142a\u015bcicieli nieruchomo\u015bci w Hiszpanii. Zarezerwuj bezp\u0142atn\u0105 konsultacj\u0119 ju\u017c teraz.","breadcrumb":{"@id":"https:\/\/fuster-associates.com\/pl\/uslugi\/uslugi-podatkowe\/kontrola-podatkowa\/#breadcrumb"},"inLanguage":"pl-PL","potentialAction":[{"@type":"ReadAction","target":["https:\/\/fuster-associates.com\/pl\/uslugi\/uslugi-podatkowe\/kontrola-podatkowa\/"]}]},{"@type":"BreadcrumbList","@id":"https:\/\/fuster-associates.com\/pl\/uslugi\/uslugi-podatkowe\/kontrola-podatkowa\/#breadcrumb","itemListElement":[{"@type":"ListItem","position":1,"name":"Dom","item":"https:\/\/fuster-associates.com\/pl\/"},{"@type":"ListItem","position":2,"name":"Us\u0142ugi","item":"https:\/\/fuster-associates.com\/pl\/uslugi\/"},{"@type":"ListItem","position":3,"name":"Us\u0142ugi Podatkowe","item":"https:\/\/fuster-associates.com\/pl\/uslugi\/uslugi-podatkowe\/"},{"@type":"ListItem","position":4,"name":"Kontrola Podatkowa"}]},{"@type":"WebSite","@id":"https:\/\/fuster-associates.com\/pl\/#website","url":"https:\/\/fuster-associates.com\/pl\/","name":"Fuster & Associates","description":"Property Solicitors","publisher":{"@id":"https:\/\/fuster-associates.com\/pl\/#organization"},"potentialAction":[{"@type":"SearchAction","target":{"@type":"EntryPoint","urlTemplate":"https:\/\/fuster-associates.com\/pl\/?s={search_term_string}"},"query-input":{"@type":"PropertyValueSpecification","valueRequired":true,"valueName":"search_term_string"}}],"inLanguage":"pl-PL"},{"@type":"Organization","@id":"https:\/\/fuster-associates.com\/pl\/#organization","name":"FUSTER & ASSOCIATES","url":"https:\/\/fuster-associates.com\/pl\/","logo":{"@type":"ImageObject","inLanguage":"pl-PL","@id":"https:\/\/fuster-associates.com\/pl\/#\/schema\/logo\/image\/","url":"https:\/\/fuster-associates.com\/wp-content\/uploads\/2018\/08\/logo-fuster-1.jpeg","contentUrl":"https:\/\/fuster-associates.com\/wp-content\/uploads\/2018\/08\/logo-fuster-1.jpeg","width":180,"height":113,"caption":"FUSTER & ASSOCIATES"},"image":{"@id":"https:\/\/fuster-associates.com\/pl\/#\/schema\/logo\/image\/"},"sameAs":["https:\/\/www.facebook.com\/fusterspain\/","https:\/\/x.com\/FusterSpain","https:\/\/www.youtube.com\/channel\/UC2-kNuL1SoqlFizI47hmIOQ","https:\/\/www.linkedin.com\/company\/fuster-&-associates\/"]}]}},"_links":{"self":[{"href":"https:\/\/fuster-associates.com\/pl\/wp-json\/wp\/v2\/pages\/34208","targetHints":{"allow":["GET"]}}],"collection":[{"href":"https:\/\/fuster-associates.com\/pl\/wp-json\/wp\/v2\/pages"}],"about":[{"href":"https:\/\/fuster-associates.com\/pl\/wp-json\/wp\/v2\/types\/page"}],"author":[{"embeddable":true,"href":"https:\/\/fuster-associates.com\/pl\/wp-json\/wp\/v2\/users\/7"}],"replies":[{"embeddable":true,"href":"https:\/\/fuster-associates.com\/pl\/wp-json\/wp\/v2\/comments?post=34208"}],"version-history":[{"count":1,"href":"https:\/\/fuster-associates.com\/pl\/wp-json\/wp\/v2\/pages\/34208\/revisions"}],"predecessor-version":[{"id":34209,"href":"https:\/\/fuster-associates.com\/pl\/wp-json\/wp\/v2\/pages\/34208\/revisions\/34209"}],"up":[{"embeddable":true,"href":"https:\/\/fuster-associates.com\/pl\/wp-json\/wp\/v2\/pages\/28645"}],"wp:attachment":[{"href":"https:\/\/fuster-associates.com\/pl\/wp-json\/wp\/v2\/media?parent=34208"}],"curies":[{"name":"wp","href":"https:\/\/api.w.org\/{rel}","templated":true}]}}