{"id":33874,"date":"2025-09-09T09:22:32","date_gmt":"2025-09-09T07:22:32","guid":{"rendered":"https:\/\/fuster-associates.com\/uslugi\/uslugi-podatkowe\/uslugi-podatkowe-dla-przedsiebiorstw\/"},"modified":"2025-09-09T13:43:37","modified_gmt":"2025-09-09T11:43:37","slug":"uslugi-podatkowe-dla-przedsiebiorstw","status":"publish","type":"page","link":"https:\/\/fuster-associates.com\/pl\/uslugi\/uslugi-podatkowe\/uslugi-podatkowe-dla-przedsiebiorstw\/","title":{"rendered":"Us\u0142ugi podatkowe dla przedsi\u0119biorstw"},"content":{"rendered":"\t\t<div data-elementor-type=\"wp-page\" data-elementor-id=\"33874\" class=\"elementor elementor-33874 elementor-24050\" data-elementor-post-type=\"page\">\n\t\t\t\t<div class=\"elementor-element elementor-element-5c73015f e-flex e-con-boxed e-con e-parent\" data-id=\"5c73015f\" data-element_type=\"container\" data-e-type=\"container\" data-settings=\"{&quot;background_background&quot;:&quot;classic&quot;}\">\n\t\t\t\t\t<div class=\"e-con-inner\">\n\t\t\t\t<div class=\"elementor-element elementor-element-58ff9019 elementor-invisible elementor-widget elementor-widget-heading\" data-id=\"58ff9019\" data-element_type=\"widget\" data-e-type=\"widget\" data-settings=\"{&quot;_animation&quot;:&quot;fadeInDown&quot;}\" data-widget_type=\"heading.default\">\n\t\t\t\t\t<h1 class=\"elementor-heading-title elementor-size-default\">Us\u0142ugi podatkowe dla przedsi\u0119biorstw<\/h1>\t\t\t\t<\/div>\n\t\t\t\t<div class=\"elementor-element elementor-element-27581622 elementor-invisible elementor-widget elementor-widget-breadcrumbs\" data-id=\"27581622\" data-element_type=\"widget\" data-e-type=\"widget\" data-settings=\"{&quot;_animation&quot;:&quot;fadeInUp&quot;}\" data-widget_type=\"breadcrumbs.default\">\n\t\t\t\t\t<p id=\"breadcrumbs\"><span><span><a href=\"https:\/\/fuster-associates.com\/pl\/\">Dom<\/a><\/span><\/span><\/p>\t\t\t\t<\/div>\n\t\t\t\t\t<\/div>\n\t\t\t\t<\/div>\n\t\t<div class=\"elementor-element elementor-element-3ef0269 e-flex e-con-boxed e-con e-parent\" data-id=\"3ef0269\" data-element_type=\"container\" data-e-type=\"container\">\n\t\t\t\t\t<div class=\"e-con-inner\">\n\t\t\t\t<div class=\"elementor-element elementor-element-96b0a21 elementor-invisible elementor-widget elementor-widget-heading\" data-id=\"96b0a21\" data-element_type=\"widget\" data-e-type=\"widget\" data-settings=\"{&quot;_animation&quot;:&quot;fadeIn&quot;,&quot;_animation_laptop&quot;:&quot;fadeIn&quot;}\" data-widget_type=\"heading.default\">\n\t\t\t\t\t<h2 class=\"elementor-heading-title elementor-size-default\">Make Spanish Taxes Easy: Expert Help for Non-Residents<\/h2>\t\t\t\t<\/div>\n\t\t\t\t<div class=\"elementor-element elementor-element-d61b63f elementor-invisible elementor-widget elementor-widget-text-editor\" data-id=\"d61b63f\" data-element_type=\"widget\" data-e-type=\"widget\" data-settings=\"{&quot;_animation&quot;:&quot;fadeIn&quot;,&quot;_animation_laptop&quot;:&quot;fadeIn&quot;}\" data-widget_type=\"text-editor.default\">\n\t\t\t\t\t\t\t\t\t<p><strong data-start=\"1072\" data-end=\"1148\">Unlock expert support for all your Spanish non-resident tax obligations.<\/strong> Whether you&#8217;re declaring <strong data-start=\"1174\" data-end=\"1191\">rental income<\/strong>, filing a <strong data-start=\"1202\" data-end=\"1229\">non-resident tax return<\/strong>, or reclaiming the <strong data-start=\"1249\" data-end=\"1271\">3% withholding tax<\/strong>, our trusted legal team ensures compliance and peace of mind.<\/p><p>At <strong data-start=\"1337\" data-end=\"1360\">Fuster &amp; Associates<\/strong>, we specialize in helping international clients <strong data-start=\"1409\" data-end=\"1438\">navigate Spanish tax laws<\/strong>, maximizing returns and minimizing hassle. <strong data-start=\"1482\" data-end=\"1513\">Book your free consultation<\/strong> and simplify your property tax management in Spain today.<\/p>\t\t\t\t\t\t\t\t<\/div>\n\t\t\t\t\t<\/div>\n\t\t\t\t<\/div>\n\t\t<div class=\"elementor-element elementor-element-67c9ab93 e-flex e-con-boxed e-con e-parent\" data-id=\"67c9ab93\" data-element_type=\"container\" data-e-type=\"container\">\n\t\t\t\t\t<div class=\"e-con-inner\">\n\t\t\t\t<div class=\"elementor-element elementor-element-f9b2e21 elementor-icon-list--layout-traditional elementor-list-item-link-full_width elementor-widget elementor-widget-icon-list\" data-id=\"f9b2e21\" data-element_type=\"widget\" data-e-type=\"widget\" data-widget_type=\"icon-list.default\">\n\t\t\t\t\t\t\t<ul class=\"elementor-icon-list-items\">\n\t\t\t\t\t\t\t<li class=\"elementor-icon-list-item\">\n\t\t\t\t\t\t\t\t\t\t\t<a href=\"https:\/\/fuster-associates.com\/services\/tax-services\/non-resident-tax-services\/non-resident-tax-return\/\">\n\n\t\t\t\t\t\t\t\t\t\t\t\t<span class=\"elementor-icon-list-icon\">\n\t\t\t\t\t\t\t<svg aria-hidden=\"true\" class=\"e-font-icon-svg e-fas-caret-right\" viewBox=\"0 0 192 512\" xmlns=\"http:\/\/www.w3.org\/2000\/svg\"><path d=\"M0 384.662V127.338c0-17.818 21.543-26.741 34.142-14.142l128.662 128.662c7.81 7.81 7.81 20.474 0 28.284L34.142 398.804C21.543 411.404 0 402.48 0 384.662z\"><\/path><\/svg>\t\t\t\t\t\t<\/span>\n\t\t\t\t\t\t\t\t\t\t<span class=\"elementor-icon-list-text\">Non-Resident Tax Return<\/span>\n\t\t\t\t\t\t\t\t\t\t\t<\/a>\n\t\t\t\t\t\t\t\t\t<\/li>\n\t\t\t\t\t\t\t\t<li class=\"elementor-icon-list-item\">\n\t\t\t\t\t\t\t\t\t\t\t<a href=\"https:\/\/fuster-associates.com\/services\/tax-services\/non-resident-tax-services\/rental-income-declaration\/\">\n\n\t\t\t\t\t\t\t\t\t\t\t\t<span class=\"elementor-icon-list-icon\">\n\t\t\t\t\t\t\t<svg aria-hidden=\"true\" class=\"e-font-icon-svg e-fas-caret-right\" viewBox=\"0 0 192 512\" xmlns=\"http:\/\/www.w3.org\/2000\/svg\"><path d=\"M0 384.662V127.338c0-17.818 21.543-26.741 34.142-14.142l128.662 128.662c7.81 7.81 7.81 20.474 0 28.284L34.142 398.804C21.543 411.404 0 402.48 0 384.662z\"><\/path><\/svg>\t\t\t\t\t\t<\/span>\n\t\t\t\t\t\t\t\t\t\t<span class=\"elementor-icon-list-text\">Rental Income Declaration<\/span>\n\t\t\t\t\t\t\t\t\t\t\t<\/a>\n\t\t\t\t\t\t\t\t\t<\/li>\n\t\t\t\t\t\t\t\t<li class=\"elementor-icon-list-item\">\n\t\t\t\t\t\t\t\t\t\t\t<a href=\"https:\/\/fuster-associates.com\/blog\/second-homes-account-for-13-of-spanish-property-purchases\/\">\n\n\t\t\t\t\t\t\t\t\t\t\t\t<span class=\"elementor-icon-list-icon\">\n\t\t\t\t\t\t\t<svg aria-hidden=\"true\" class=\"e-font-icon-svg e-fas-caret-right\" viewBox=\"0 0 192 512\" xmlns=\"http:\/\/www.w3.org\/2000\/svg\"><path d=\"M0 384.662V127.338c0-17.818 21.543-26.741 34.142-14.142l128.662 128.662c7.81 7.81 7.81 20.474 0 28.284L34.142 398.804C21.543 411.404 0 402.48 0 384.662z\"><\/path><\/svg>\t\t\t\t\t\t<\/span>\n\t\t\t\t\t\t\t\t\t\t<span class=\"elementor-icon-list-text\">3% Withholding Reclaim<\/span>\n\t\t\t\t\t\t\t\t\t\t\t<\/a>\n\t\t\t\t\t\t\t\t\t<\/li>\n\t\t\t\t\t\t<\/ul>\n\t\t\t\t\t\t<\/div>\n\t\t\t\t\t<\/div>\n\t\t\t\t<\/div>\n\t\t\t\t<\/div>\n\t\t","protected":false},"excerpt":{"rendered":"","protected":false},"author":7,"featured_media":0,"parent":28645,"menu_order":0,"comment_status":"closed","ping_status":"closed","template":"","meta":{"content-type":"","_sitemap_exclude":false,"_sitemap_priority":"","_sitemap_frequency":"","footnotes":""},"class_list":["post-33874","page","type-page","status-publish","hentry"],"yoast_head":"<!-- This site is optimized with the Yoast SEO plugin v27.4 - https:\/\/yoast.com\/product\/yoast-seo-wordpress\/ -->\n<title>Pomoc podatkowa dla nierezydent\u00f3w w Hiszpanii \u2013 Fuster &amp; Associates<\/title>\n<meta name=\"description\" content=\"Upro\u015b\u0107 swoje hiszpa\u0144skie zeznanie podatkowe jako nierezydent dzi\u0119ki fachowemu wsparciu prawnemu i jasnym wskaz\u00f3wkom. Um\u00f3w si\u0119 na bezp\u0142atn\u0105 konsultacj\u0119 ju\u017c teraz.\" \/>\n<meta name=\"robots\" content=\"index, follow, max-snippet:-1, max-image-preview:large, max-video-preview:-1\" \/>\n<link rel=\"canonical\" href=\"https:\/\/fuster-associates.com\/pl\/uslugi\/uslugi-podatkowe\/uslugi-podatkowe-dla-przedsiebiorstw\/\" \/>\n<meta property=\"og:locale\" content=\"pl_PL\" \/>\n<meta property=\"og:type\" content=\"article\" \/>\n<meta property=\"og:title\" content=\"Pomoc podatkowa dla nierezydent\u00f3w w Hiszpanii \u2013 Fuster &amp; Associates\" \/>\n<meta property=\"og:description\" content=\"Upro\u015b\u0107 swoje hiszpa\u0144skie zeznanie podatkowe jako nierezydent dzi\u0119ki fachowemu wsparciu prawnemu i jasnym wskaz\u00f3wkom. Um\u00f3w si\u0119 na bezp\u0142atn\u0105 konsultacj\u0119 ju\u017c teraz.\" \/>\n<meta property=\"og:url\" content=\"https:\/\/fuster-associates.com\/pl\/uslugi\/uslugi-podatkowe\/uslugi-podatkowe-dla-przedsiebiorstw\/\" \/>\n<meta property=\"og:site_name\" content=\"Fuster &amp; Associates\" \/>\n<meta property=\"article:publisher\" content=\"https:\/\/www.facebook.com\/fusterspain\/\" \/>\n<meta property=\"article:modified_time\" content=\"2025-09-09T11:43:37+00:00\" \/>\n<meta property=\"og:image\" content=\"https:\/\/fuster-associates.com\/wp-content\/uploads\/2020\/02\/slide-fuster-standard.jpg\" \/>\n\t<meta property=\"og:image:width\" content=\"1920\" \/>\n\t<meta property=\"og:image:height\" content=\"1280\" \/>\n\t<meta property=\"og:image:type\" content=\"image\/jpeg\" \/>\n<meta name=\"twitter:card\" content=\"summary_large_image\" \/>\n<meta name=\"twitter:site\" content=\"@FusterSpain\" \/>\n<script type=\"application\/ld+json\" class=\"yoast-schema-graph\">{\"@context\":\"https:\\\/\\\/schema.org\",\"@graph\":[{\"@type\":\"WebPage\",\"@id\":\"https:\\\/\\\/fuster-associates.com\\\/pl\\\/uslugi\\\/uslugi-podatkowe\\\/uslugi-podatkowe-dla-przedsiebiorstw\\\/\",\"url\":\"https:\\\/\\\/fuster-associates.com\\\/pl\\\/uslugi\\\/uslugi-podatkowe\\\/uslugi-podatkowe-dla-przedsiebiorstw\\\/\",\"name\":\"Pomoc podatkowa dla nierezydent\u00f3w w Hiszpanii \u2013 Fuster & Associates\",\"isPartOf\":{\"@id\":\"https:\\\/\\\/fuster-associates.com\\\/pl\\\/#website\"},\"datePublished\":\"2025-09-09T07:22:32+00:00\",\"dateModified\":\"2025-09-09T11:43:37+00:00\",\"description\":\"Upro\u015b\u0107 swoje hiszpa\u0144skie zeznanie podatkowe jako nierezydent dzi\u0119ki fachowemu wsparciu prawnemu i jasnym wskaz\u00f3wkom. Um\u00f3w si\u0119 na bezp\u0142atn\u0105 konsultacj\u0119 ju\u017c teraz.\",\"breadcrumb\":{\"@id\":\"https:\\\/\\\/fuster-associates.com\\\/pl\\\/uslugi\\\/uslugi-podatkowe\\\/uslugi-podatkowe-dla-przedsiebiorstw\\\/#breadcrumb\"},\"inLanguage\":\"pl-PL\",\"potentialAction\":[{\"@type\":\"ReadAction\",\"target\":[\"https:\\\/\\\/fuster-associates.com\\\/pl\\\/uslugi\\\/uslugi-podatkowe\\\/uslugi-podatkowe-dla-przedsiebiorstw\\\/\"]}]},{\"@type\":\"BreadcrumbList\",\"@id\":\"https:\\\/\\\/fuster-associates.com\\\/pl\\\/uslugi\\\/uslugi-podatkowe\\\/uslugi-podatkowe-dla-przedsiebiorstw\\\/#breadcrumb\",\"itemListElement\":[{\"@type\":\"ListItem\",\"position\":1,\"name\":\"Dom\",\"item\":\"https:\\\/\\\/fuster-associates.com\\\/pl\\\/\"},{\"@type\":\"ListItem\",\"position\":2,\"name\":\"Us\u0142ugi\",\"item\":\"https:\\\/\\\/fuster-associates.com\\\/pl\\\/uslugi\\\/\"},{\"@type\":\"ListItem\",\"position\":3,\"name\":\"Us\u0142ugi Podatkowe\",\"item\":\"https:\\\/\\\/fuster-associates.com\\\/pl\\\/uslugi\\\/uslugi-podatkowe\\\/\"},{\"@type\":\"ListItem\",\"position\":4,\"name\":\"Us\u0142ugi podatkowe dla przedsi\u0119biorstw\"}]},{\"@type\":\"WebSite\",\"@id\":\"https:\\\/\\\/fuster-associates.com\\\/pl\\\/#website\",\"url\":\"https:\\\/\\\/fuster-associates.com\\\/pl\\\/\",\"name\":\"Fuster & Associates\",\"description\":\"Property Solicitors\",\"publisher\":{\"@id\":\"https:\\\/\\\/fuster-associates.com\\\/pl\\\/#organization\"},\"potentialAction\":[{\"@type\":\"SearchAction\",\"target\":{\"@type\":\"EntryPoint\",\"urlTemplate\":\"https:\\\/\\\/fuster-associates.com\\\/pl\\\/?s={search_term_string}\"},\"query-input\":{\"@type\":\"PropertyValueSpecification\",\"valueRequired\":true,\"valueName\":\"search_term_string\"}}],\"inLanguage\":\"pl-PL\"},{\"@type\":\"Organization\",\"@id\":\"https:\\\/\\\/fuster-associates.com\\\/pl\\\/#organization\",\"name\":\"FUSTER & ASSOCIATES\",\"url\":\"https:\\\/\\\/fuster-associates.com\\\/pl\\\/\",\"logo\":{\"@type\":\"ImageObject\",\"inLanguage\":\"pl-PL\",\"@id\":\"https:\\\/\\\/fuster-associates.com\\\/pl\\\/#\\\/schema\\\/logo\\\/image\\\/\",\"url\":\"https:\\\/\\\/fuster-associates.com\\\/wp-content\\\/uploads\\\/2018\\\/08\\\/logo-fuster-1.jpeg\",\"contentUrl\":\"https:\\\/\\\/fuster-associates.com\\\/wp-content\\\/uploads\\\/2018\\\/08\\\/logo-fuster-1.jpeg\",\"width\":180,\"height\":113,\"caption\":\"FUSTER & ASSOCIATES\"},\"image\":{\"@id\":\"https:\\\/\\\/fuster-associates.com\\\/pl\\\/#\\\/schema\\\/logo\\\/image\\\/\"},\"sameAs\":[\"https:\\\/\\\/www.facebook.com\\\/fusterspain\\\/\",\"https:\\\/\\\/x.com\\\/FusterSpain\",\"https:\\\/\\\/www.youtube.com\\\/channel\\\/UC2-kNuL1SoqlFizI47hmIOQ\",\"https:\\\/\\\/www.linkedin.com\\\/company\\\/fuster-&-associates\\\/\"]}]}<\/script>\n<!-- \/ Yoast SEO plugin. -->","yoast_head_json":{"title":"Pomoc podatkowa dla nierezydent\u00f3w w Hiszpanii \u2013 Fuster & Associates","description":"Upro\u015b\u0107 swoje hiszpa\u0144skie zeznanie podatkowe jako nierezydent dzi\u0119ki fachowemu wsparciu prawnemu i jasnym wskaz\u00f3wkom. Um\u00f3w si\u0119 na bezp\u0142atn\u0105 konsultacj\u0119 ju\u017c teraz.","robots":{"index":"index","follow":"follow","max-snippet":"max-snippet:-1","max-image-preview":"max-image-preview:large","max-video-preview":"max-video-preview:-1"},"canonical":"https:\/\/fuster-associates.com\/pl\/uslugi\/uslugi-podatkowe\/uslugi-podatkowe-dla-przedsiebiorstw\/","og_locale":"pl_PL","og_type":"article","og_title":"Pomoc podatkowa dla nierezydent\u00f3w w Hiszpanii \u2013 Fuster & Associates","og_description":"Upro\u015b\u0107 swoje hiszpa\u0144skie zeznanie podatkowe jako nierezydent dzi\u0119ki fachowemu wsparciu prawnemu i jasnym wskaz\u00f3wkom. Um\u00f3w si\u0119 na bezp\u0142atn\u0105 konsultacj\u0119 ju\u017c teraz.","og_url":"https:\/\/fuster-associates.com\/pl\/uslugi\/uslugi-podatkowe\/uslugi-podatkowe-dla-przedsiebiorstw\/","og_site_name":"Fuster &amp; Associates","article_publisher":"https:\/\/www.facebook.com\/fusterspain\/","article_modified_time":"2025-09-09T11:43:37+00:00","og_image":[{"width":1920,"height":1280,"url":"https:\/\/fuster-associates.com\/wp-content\/uploads\/2020\/02\/slide-fuster-standard.jpg","type":"image\/jpeg"}],"twitter_card":"summary_large_image","twitter_site":"@FusterSpain","schema":{"@context":"https:\/\/schema.org","@graph":[{"@type":"WebPage","@id":"https:\/\/fuster-associates.com\/pl\/uslugi\/uslugi-podatkowe\/uslugi-podatkowe-dla-przedsiebiorstw\/","url":"https:\/\/fuster-associates.com\/pl\/uslugi\/uslugi-podatkowe\/uslugi-podatkowe-dla-przedsiebiorstw\/","name":"Pomoc podatkowa dla nierezydent\u00f3w w Hiszpanii \u2013 Fuster & Associates","isPartOf":{"@id":"https:\/\/fuster-associates.com\/pl\/#website"},"datePublished":"2025-09-09T07:22:32+00:00","dateModified":"2025-09-09T11:43:37+00:00","description":"Upro\u015b\u0107 swoje hiszpa\u0144skie zeznanie podatkowe jako nierezydent dzi\u0119ki fachowemu wsparciu prawnemu i jasnym wskaz\u00f3wkom. Um\u00f3w si\u0119 na bezp\u0142atn\u0105 konsultacj\u0119 ju\u017c teraz.","breadcrumb":{"@id":"https:\/\/fuster-associates.com\/pl\/uslugi\/uslugi-podatkowe\/uslugi-podatkowe-dla-przedsiebiorstw\/#breadcrumb"},"inLanguage":"pl-PL","potentialAction":[{"@type":"ReadAction","target":["https:\/\/fuster-associates.com\/pl\/uslugi\/uslugi-podatkowe\/uslugi-podatkowe-dla-przedsiebiorstw\/"]}]},{"@type":"BreadcrumbList","@id":"https:\/\/fuster-associates.com\/pl\/uslugi\/uslugi-podatkowe\/uslugi-podatkowe-dla-przedsiebiorstw\/#breadcrumb","itemListElement":[{"@type":"ListItem","position":1,"name":"Dom","item":"https:\/\/fuster-associates.com\/pl\/"},{"@type":"ListItem","position":2,"name":"Us\u0142ugi","item":"https:\/\/fuster-associates.com\/pl\/uslugi\/"},{"@type":"ListItem","position":3,"name":"Us\u0142ugi Podatkowe","item":"https:\/\/fuster-associates.com\/pl\/uslugi\/uslugi-podatkowe\/"},{"@type":"ListItem","position":4,"name":"Us\u0142ugi podatkowe dla przedsi\u0119biorstw"}]},{"@type":"WebSite","@id":"https:\/\/fuster-associates.com\/pl\/#website","url":"https:\/\/fuster-associates.com\/pl\/","name":"Fuster & Associates","description":"Property Solicitors","publisher":{"@id":"https:\/\/fuster-associates.com\/pl\/#organization"},"potentialAction":[{"@type":"SearchAction","target":{"@type":"EntryPoint","urlTemplate":"https:\/\/fuster-associates.com\/pl\/?s={search_term_string}"},"query-input":{"@type":"PropertyValueSpecification","valueRequired":true,"valueName":"search_term_string"}}],"inLanguage":"pl-PL"},{"@type":"Organization","@id":"https:\/\/fuster-associates.com\/pl\/#organization","name":"FUSTER & ASSOCIATES","url":"https:\/\/fuster-associates.com\/pl\/","logo":{"@type":"ImageObject","inLanguage":"pl-PL","@id":"https:\/\/fuster-associates.com\/pl\/#\/schema\/logo\/image\/","url":"https:\/\/fuster-associates.com\/wp-content\/uploads\/2018\/08\/logo-fuster-1.jpeg","contentUrl":"https:\/\/fuster-associates.com\/wp-content\/uploads\/2018\/08\/logo-fuster-1.jpeg","width":180,"height":113,"caption":"FUSTER & ASSOCIATES"},"image":{"@id":"https:\/\/fuster-associates.com\/pl\/#\/schema\/logo\/image\/"},"sameAs":["https:\/\/www.facebook.com\/fusterspain\/","https:\/\/x.com\/FusterSpain","https:\/\/www.youtube.com\/channel\/UC2-kNuL1SoqlFizI47hmIOQ","https:\/\/www.linkedin.com\/company\/fuster-&-associates\/"]}]}},"_links":{"self":[{"href":"https:\/\/fuster-associates.com\/pl\/wp-json\/wp\/v2\/pages\/33874","targetHints":{"allow":["GET"]}}],"collection":[{"href":"https:\/\/fuster-associates.com\/pl\/wp-json\/wp\/v2\/pages"}],"about":[{"href":"https:\/\/fuster-associates.com\/pl\/wp-json\/wp\/v2\/types\/page"}],"author":[{"embeddable":true,"href":"https:\/\/fuster-associates.com\/pl\/wp-json\/wp\/v2\/users\/7"}],"replies":[{"embeddable":true,"href":"https:\/\/fuster-associates.com\/pl\/wp-json\/wp\/v2\/comments?post=33874"}],"version-history":[{"count":1,"href":"https:\/\/fuster-associates.com\/pl\/wp-json\/wp\/v2\/pages\/33874\/revisions"}],"predecessor-version":[{"id":33875,"href":"https:\/\/fuster-associates.com\/pl\/wp-json\/wp\/v2\/pages\/33874\/revisions\/33875"}],"up":[{"embeddable":true,"href":"https:\/\/fuster-associates.com\/pl\/wp-json\/wp\/v2\/pages\/28645"}],"wp:attachment":[{"href":"https:\/\/fuster-associates.com\/pl\/wp-json\/wp\/v2\/media?parent=33874"}],"curies":[{"name":"wp","href":"https:\/\/api.w.org\/{rel}","templated":true}]}}