{"id":33845,"date":"2025-09-09T09:03:32","date_gmt":"2025-09-09T07:03:32","guid":{"rendered":"https:\/\/fuster-associates.com\/uslugi\/uslugi-podatkowe\/uslugi-podatkowe-od-nieruchomosci\/"},"modified":"2025-09-09T09:03:54","modified_gmt":"2025-09-09T07:03:54","slug":"uslugi-podatkowe-od-nieruchomosci","status":"publish","type":"page","link":"https:\/\/fuster-associates.com\/pl\/uslugi\/uslugi-podatkowe\/uslugi-podatkowe-od-nieruchomosci\/","title":{"rendered":"Us\u0142ugi Podatkowe Od Nieruchomo\u015bci"},"content":{"rendered":"\t\t<div data-elementor-type=\"wp-page\" data-elementor-id=\"33845\" class=\"elementor elementor-33845 elementor-24046\" data-elementor-post-type=\"page\">\n\t\t\t\t<div class=\"elementor-element elementor-element-e3a38ab e-flex e-con-boxed e-con e-parent\" data-id=\"e3a38ab\" data-element_type=\"container\" data-e-type=\"container\" data-settings=\"{&quot;background_background&quot;:&quot;classic&quot;}\">\n\t\t\t\t\t<div class=\"e-con-inner\">\n\t\t\t\t<div class=\"elementor-element elementor-element-3e334101 elementor-invisible elementor-widget elementor-widget-heading\" data-id=\"3e334101\" data-element_type=\"widget\" data-e-type=\"widget\" data-settings=\"{&quot;_animation&quot;:&quot;fadeInDown&quot;}\" data-widget_type=\"heading.default\">\n\t\t\t\t\t<h1 class=\"elementor-heading-title elementor-size-default\">Us\u0142ugi Podatkowe Od Nieruchomo\u015bci<\/h1>\t\t\t\t<\/div>\n\t\t\t\t<div class=\"elementor-element elementor-element-57c792b elementor-invisible elementor-widget elementor-widget-breadcrumbs\" data-id=\"57c792b\" data-element_type=\"widget\" data-e-type=\"widget\" data-settings=\"{&quot;_animation&quot;:&quot;fadeInUp&quot;}\" data-widget_type=\"breadcrumbs.default\">\n\t\t\t\t\t<p id=\"breadcrumbs\"><span><span><a href=\"https:\/\/fuster-associates.com\/pl\/\">Dom<\/a><\/span><\/span><\/p>\t\t\t\t<\/div>\n\t\t\t\t\t<\/div>\n\t\t\t\t<\/div>\n\t\t<div class=\"elementor-element elementor-element-fa95aca e-flex e-con-boxed e-con e-parent\" data-id=\"fa95aca\" data-element_type=\"container\" data-e-type=\"container\">\n\t\t\t\t\t<div class=\"e-con-inner\">\n\t\t\t\t<div class=\"elementor-element elementor-element-831c963 elementor-invisible elementor-widget elementor-widget-heading\" data-id=\"831c963\" data-element_type=\"widget\" data-e-type=\"widget\" data-settings=\"{&quot;_animation&quot;:&quot;fadeIn&quot;,&quot;_animation_laptop&quot;:&quot;fadeIn&quot;}\" data-widget_type=\"heading.default\">\n\t\t\t\t\t<h2 class=\"elementor-heading-title elementor-size-default\">Wsparcie prawne w zakresie podatk\u00f3w od nieruchomo\u015bci w Hiszpanii<\/h2>\t\t\t\t<\/div>\n\t\t\t\t<div class=\"elementor-element elementor-element-717fc31 elementor-invisible elementor-widget elementor-widget-text-editor\" data-id=\"717fc31\" data-element_type=\"widget\" data-e-type=\"widget\" data-settings=\"{&quot;_animation&quot;:&quot;fadeIn&quot;,&quot;_animation_laptop&quot;:&quot;fadeIn&quot;}\" data-widget_type=\"text-editor.default\">\n\t\t\t\t\t\t\t\t\t<p data-start=\"119\" data-end=\"367\">Zrozumienie podatk\u00f3w od nieruchomo\u015bci w Hiszpanii otwiera drzwi do m\u0105drzejszych decyzji dotycz\u0105cych nieruchomo\u015bci. W Fuster &amp; Associates zapewniamy <strong data-start=\"241\" data-end=\"266\">fachowe doradztwo prawne<\/strong> w zakresie kluczowych podatk\u00f3w, takich jak IBI (lokalny podatek od nieruchomo\u015bci), podatek od spadk\u00f3w i darowizn oraz podatek od przeniesienia w\u0142asno\u015bci. <\/p><p data-start=\"369\" data-end=\"633\">Niezale\u017cnie od tego, czy kupujesz, dziedziczysz, czy otrzymujesz nieruchomo\u015b\u0107, nasz zesp\u00f3\u0142 zapewnia <strong data-start=\"446\" data-end=\"486\">pe\u0142n\u0105 zgodno\u015b\u0107 z hiszpa\u0144skim prawem podatkowym<\/strong>, pomagaj\u0105c <strong data-start=\"500\" data-end=\"545\">zmaksymalizowa\u0107 wydajno\u015b\u0107 i unikn\u0105\u0107 dodatkowych koszt\u00f3w<\/strong>. Mo\u017cesz na nas liczy\u0107, \u017ce sprawimy, \u017ce proces opodatkowania nieruchomo\u015bci <strong data-start=\"598\" data-end=\"632\">b\u0119dzie przejrzysty, p\u0142ynny i bezstresowy<\/strong>. <\/p>\t\t\t\t\t\t\t\t<\/div>\n\t\t\t\t\t<\/div>\n\t\t\t\t<\/div>\n\t\t<div class=\"elementor-element elementor-element-3d58d2b e-flex e-con-boxed e-con e-parent\" data-id=\"3d58d2b\" data-element_type=\"container\" data-e-type=\"container\">\n\t\t\t\t\t<div class=\"e-con-inner\">\n\t\t\t\t<div class=\"elementor-element elementor-element-6284e0a elementor-icon-list--layout-traditional elementor-list-item-link-full_width elementor-widget elementor-widget-icon-list\" data-id=\"6284e0a\" data-element_type=\"widget\" data-e-type=\"widget\" data-widget_type=\"icon-list.default\">\n\t\t\t\t\t\t\t<ul class=\"elementor-icon-list-items\">\n\t\t\t\t\t\t\t<li class=\"elementor-icon-list-item\">\n\t\t\t\t\t\t\t\t\t\t\t<a href=\"https:\/\/fuster-associates.com\/services\/tax-services\/property-tax-services\/property-transfer-tax\/\">\n\n\t\t\t\t\t\t\t\t\t\t\t\t<span class=\"elementor-icon-list-icon\">\n\t\t\t\t\t\t\t<svg aria-hidden=\"true\" class=\"e-font-icon-svg e-fas-caret-right\" viewBox=\"0 0 192 512\" xmlns=\"http:\/\/www.w3.org\/2000\/svg\"><path d=\"M0 384.662V127.338c0-17.818 21.543-26.741 34.142-14.142l128.662 128.662c7.81 7.81 7.81 20.474 0 28.284L34.142 398.804C21.543 411.404 0 402.48 0 384.662z\"><\/path><\/svg>\t\t\t\t\t\t<\/span>\n\t\t\t\t\t\t\t\t\t\t<span class=\"elementor-icon-list-text\">Podatek Od Przeniesienia Nieruchomo\u015bci<\/span>\n\t\t\t\t\t\t\t\t\t\t\t<\/a>\n\t\t\t\t\t\t\t\t\t<\/li>\n\t\t\t\t\t\t\t\t<li class=\"elementor-icon-list-item\">\n\t\t\t\t\t\t\t\t\t\t\t<a href=\"https:\/\/fuster-associates.com\/services\/tax-services\/property-tax-services\/inheritance-and-gifts-tax\/\">\n\n\t\t\t\t\t\t\t\t\t\t\t\t<span class=\"elementor-icon-list-icon\">\n\t\t\t\t\t\t\t<svg aria-hidden=\"true\" class=\"e-font-icon-svg e-fas-caret-right\" viewBox=\"0 0 192 512\" xmlns=\"http:\/\/www.w3.org\/2000\/svg\"><path d=\"M0 384.662V127.338c0-17.818 21.543-26.741 34.142-14.142l128.662 128.662c7.81 7.81 7.81 20.474 0 28.284L34.142 398.804C21.543 411.404 0 402.48 0 384.662z\"><\/path><\/svg>\t\t\t\t\t\t<\/span>\n\t\t\t\t\t\t\t\t\t\t<span class=\"elementor-icon-list-text\">Podatek Od Spadk\u00f3w I Darowizn<\/span>\n\t\t\t\t\t\t\t\t\t\t\t<\/a>\n\t\t\t\t\t\t\t\t\t<\/li>\n\t\t\t\t\t\t\t\t<li class=\"elementor-icon-list-item\">\n\t\t\t\t\t\t\t\t\t\t\t<a href=\"https:\/\/fuster-associates.com\/services\/tax-services\/property-tax-services\/ibi\/\">\n\n\t\t\t\t\t\t\t\t\t\t\t\t<span class=\"elementor-icon-list-icon\">\n\t\t\t\t\t\t\t<svg aria-hidden=\"true\" class=\"e-font-icon-svg e-fas-caret-right\" viewBox=\"0 0 192 512\" xmlns=\"http:\/\/www.w3.org\/2000\/svg\"><path d=\"M0 384.662V127.338c0-17.818 21.543-26.741 34.142-14.142l128.662 128.662c7.81 7.81 7.81 20.474 0 28.284L34.142 398.804C21.543 411.404 0 402.48 0 384.662z\"><\/path><\/svg>\t\t\t\t\t\t<\/span>\n\t\t\t\t\t\t\t\t\t\t<span class=\"elementor-icon-list-text\">IBI<\/span>\n\t\t\t\t\t\t\t\t\t\t\t<\/a>\n\t\t\t\t\t\t\t\t\t<\/li>\n\t\t\t\t\t\t<\/ul>\n\t\t\t\t\t\t<\/div>\n\t\t\t\t\t<\/div>\n\t\t\t\t<\/div>\n\t\t\t\t<\/div>\n\t\t","protected":false},"excerpt":{"rendered":"<p>Wsparcie prawne w zakresie podatk\u00f3w od nieruchomo\u015bci w Hiszpanii Zrozumienie podatk\u00f3w od nieruchomo\u015bci w Hiszpanii otwiera drzwi do m\u0105drzejszych decyzji dotycz\u0105cych nieruchomo\u015bci. W Fuster &amp; Associates zapewniamy fachowe doradztwo prawne w zakresie kluczowych podatk\u00f3w, takich jak IBI (lokalny podatek od nieruchomo\u015bci), podatek od spadk\u00f3w i darowizn oraz podatek od przeniesienia w\u0142asno\u015bci. Niezale\u017cnie od tego, czy [&hellip;]<\/p>\n","protected":false},"author":7,"featured_media":0,"parent":28645,"menu_order":0,"comment_status":"closed","ping_status":"closed","template":"","meta":{"content-type":"","_sitemap_exclude":false,"_sitemap_priority":"","_sitemap_frequency":"","footnotes":""},"class_list":["post-33845","page","type-page","status-publish","hentry"],"yoast_head":"<!-- This site is optimized with the Yoast SEO plugin v27.4 - https:\/\/yoast.com\/product\/yoast-seo-wordpress\/ -->\n<title>Us\u0142ugi w zakresie podatk\u00f3w od nieruchomo\u015bci w Hiszpanii \u2013 Fuster &amp; Associates<\/title>\n<meta name=\"description\" content=\"Profesjonalne doradztwo w zakresie podatk\u00f3w od nieruchomo\u015bci w Hiszpanii: IBI, podatki spadkowe i podatki od przeniesienia w\u0142asno\u015bci. Us\u0142ugi dostosowane do potrzeb zagranicznych w\u0142a\u015bcicieli nieruchomo\u015bci i nabywc\u00f3w.\" \/>\n<meta name=\"robots\" content=\"index, follow, max-snippet:-1, max-image-preview:large, max-video-preview:-1\" \/>\n<link rel=\"canonical\" href=\"https:\/\/fuster-associates.com\/pl\/uslugi\/uslugi-podatkowe\/uslugi-podatkowe-od-nieruchomosci\/\" \/>\n<meta property=\"og:locale\" content=\"pl_PL\" \/>\n<meta property=\"og:type\" content=\"article\" \/>\n<meta property=\"og:title\" content=\"Us\u0142ugi w zakresie podatk\u00f3w od nieruchomo\u015bci w Hiszpanii \u2013 Fuster &amp; Associates\" \/>\n<meta property=\"og:description\" content=\"Profesjonalne doradztwo w zakresie podatk\u00f3w od nieruchomo\u015bci w Hiszpanii: IBI, podatki spadkowe i podatki od przeniesienia w\u0142asno\u015bci. Us\u0142ugi dostosowane do potrzeb zagranicznych w\u0142a\u015bcicieli nieruchomo\u015bci i nabywc\u00f3w.\" \/>\n<meta property=\"og:url\" content=\"https:\/\/fuster-associates.com\/pl\/uslugi\/uslugi-podatkowe\/uslugi-podatkowe-od-nieruchomosci\/\" \/>\n<meta property=\"og:site_name\" content=\"Fuster &amp; Associates\" \/>\n<meta property=\"article:publisher\" content=\"https:\/\/www.facebook.com\/fusterspain\/\" \/>\n<meta property=\"article:modified_time\" content=\"2025-09-09T07:03:54+00:00\" \/>\n<meta property=\"og:image\" content=\"https:\/\/fuster-associates.com\/wp-content\/uploads\/2020\/02\/slide-fuster-standard.jpg\" \/>\n\t<meta property=\"og:image:width\" content=\"1920\" \/>\n\t<meta property=\"og:image:height\" content=\"1280\" \/>\n\t<meta property=\"og:image:type\" content=\"image\/jpeg\" \/>\n<meta name=\"twitter:card\" content=\"summary_large_image\" \/>\n<meta name=\"twitter:site\" content=\"@FusterSpain\" \/>\n<meta name=\"twitter:label1\" content=\"Szacowany czas czytania\" \/>\n\t<meta name=\"twitter:data1\" content=\"1 minuta\" \/>\n<script type=\"application\/ld+json\" class=\"yoast-schema-graph\">{\"@context\":\"https:\\\/\\\/schema.org\",\"@graph\":[{\"@type\":\"WebPage\",\"@id\":\"https:\\\/\\\/fuster-associates.com\\\/pl\\\/uslugi\\\/uslugi-podatkowe\\\/uslugi-podatkowe-od-nieruchomosci\\\/\",\"url\":\"https:\\\/\\\/fuster-associates.com\\\/pl\\\/uslugi\\\/uslugi-podatkowe\\\/uslugi-podatkowe-od-nieruchomosci\\\/\",\"name\":\"Us\u0142ugi w zakresie podatk\u00f3w od nieruchomo\u015bci w Hiszpanii \u2013 Fuster & Associates\",\"isPartOf\":{\"@id\":\"https:\\\/\\\/fuster-associates.com\\\/pl\\\/#website\"},\"datePublished\":\"2025-09-09T07:03:32+00:00\",\"dateModified\":\"2025-09-09T07:03:54+00:00\",\"description\":\"Profesjonalne doradztwo w zakresie podatk\u00f3w od nieruchomo\u015bci w Hiszpanii: IBI, podatki spadkowe i podatki od przeniesienia w\u0142asno\u015bci. Us\u0142ugi dostosowane do potrzeb zagranicznych w\u0142a\u015bcicieli nieruchomo\u015bci i nabywc\u00f3w.\",\"breadcrumb\":{\"@id\":\"https:\\\/\\\/fuster-associates.com\\\/pl\\\/uslugi\\\/uslugi-podatkowe\\\/uslugi-podatkowe-od-nieruchomosci\\\/#breadcrumb\"},\"inLanguage\":\"pl-PL\",\"potentialAction\":[{\"@type\":\"ReadAction\",\"target\":[\"https:\\\/\\\/fuster-associates.com\\\/pl\\\/uslugi\\\/uslugi-podatkowe\\\/uslugi-podatkowe-od-nieruchomosci\\\/\"]}]},{\"@type\":\"BreadcrumbList\",\"@id\":\"https:\\\/\\\/fuster-associates.com\\\/pl\\\/uslugi\\\/uslugi-podatkowe\\\/uslugi-podatkowe-od-nieruchomosci\\\/#breadcrumb\",\"itemListElement\":[{\"@type\":\"ListItem\",\"position\":1,\"name\":\"Dom\",\"item\":\"https:\\\/\\\/fuster-associates.com\\\/pl\\\/\"},{\"@type\":\"ListItem\",\"position\":2,\"name\":\"Us\u0142ugi\",\"item\":\"https:\\\/\\\/fuster-associates.com\\\/pl\\\/uslugi\\\/\"},{\"@type\":\"ListItem\",\"position\":3,\"name\":\"Us\u0142ugi Podatkowe\",\"item\":\"https:\\\/\\\/fuster-associates.com\\\/pl\\\/uslugi\\\/uslugi-podatkowe\\\/\"},{\"@type\":\"ListItem\",\"position\":4,\"name\":\"Us\u0142ugi Podatkowe Od Nieruchomo\u015bci\"}]},{\"@type\":\"WebSite\",\"@id\":\"https:\\\/\\\/fuster-associates.com\\\/pl\\\/#website\",\"url\":\"https:\\\/\\\/fuster-associates.com\\\/pl\\\/\",\"name\":\"Fuster & Associates\",\"description\":\"Property Solicitors\",\"publisher\":{\"@id\":\"https:\\\/\\\/fuster-associates.com\\\/pl\\\/#organization\"},\"potentialAction\":[{\"@type\":\"SearchAction\",\"target\":{\"@type\":\"EntryPoint\",\"urlTemplate\":\"https:\\\/\\\/fuster-associates.com\\\/pl\\\/?s={search_term_string}\"},\"query-input\":{\"@type\":\"PropertyValueSpecification\",\"valueRequired\":true,\"valueName\":\"search_term_string\"}}],\"inLanguage\":\"pl-PL\"},{\"@type\":\"Organization\",\"@id\":\"https:\\\/\\\/fuster-associates.com\\\/pl\\\/#organization\",\"name\":\"FUSTER & ASSOCIATES\",\"url\":\"https:\\\/\\\/fuster-associates.com\\\/pl\\\/\",\"logo\":{\"@type\":\"ImageObject\",\"inLanguage\":\"pl-PL\",\"@id\":\"https:\\\/\\\/fuster-associates.com\\\/pl\\\/#\\\/schema\\\/logo\\\/image\\\/\",\"url\":\"https:\\\/\\\/fuster-associates.com\\\/wp-content\\\/uploads\\\/2018\\\/08\\\/logo-fuster-1.jpeg\",\"contentUrl\":\"https:\\\/\\\/fuster-associates.com\\\/wp-content\\\/uploads\\\/2018\\\/08\\\/logo-fuster-1.jpeg\",\"width\":180,\"height\":113,\"caption\":\"FUSTER & ASSOCIATES\"},\"image\":{\"@id\":\"https:\\\/\\\/fuster-associates.com\\\/pl\\\/#\\\/schema\\\/logo\\\/image\\\/\"},\"sameAs\":[\"https:\\\/\\\/www.facebook.com\\\/fusterspain\\\/\",\"https:\\\/\\\/x.com\\\/FusterSpain\",\"https:\\\/\\\/www.youtube.com\\\/channel\\\/UC2-kNuL1SoqlFizI47hmIOQ\",\"https:\\\/\\\/www.linkedin.com\\\/company\\\/fuster-&-associates\\\/\"]}]}<\/script>\n<!-- \/ Yoast SEO plugin. -->","yoast_head_json":{"title":"Us\u0142ugi w zakresie podatk\u00f3w od nieruchomo\u015bci w Hiszpanii \u2013 Fuster & Associates","description":"Profesjonalne doradztwo w zakresie podatk\u00f3w od nieruchomo\u015bci w Hiszpanii: IBI, podatki spadkowe i podatki od przeniesienia w\u0142asno\u015bci. Us\u0142ugi dostosowane do potrzeb zagranicznych w\u0142a\u015bcicieli nieruchomo\u015bci i nabywc\u00f3w.","robots":{"index":"index","follow":"follow","max-snippet":"max-snippet:-1","max-image-preview":"max-image-preview:large","max-video-preview":"max-video-preview:-1"},"canonical":"https:\/\/fuster-associates.com\/pl\/uslugi\/uslugi-podatkowe\/uslugi-podatkowe-od-nieruchomosci\/","og_locale":"pl_PL","og_type":"article","og_title":"Us\u0142ugi w zakresie podatk\u00f3w od nieruchomo\u015bci w Hiszpanii \u2013 Fuster & Associates","og_description":"Profesjonalne doradztwo w zakresie podatk\u00f3w od nieruchomo\u015bci w Hiszpanii: IBI, podatki spadkowe i podatki od przeniesienia w\u0142asno\u015bci. Us\u0142ugi dostosowane do potrzeb zagranicznych w\u0142a\u015bcicieli nieruchomo\u015bci i nabywc\u00f3w.","og_url":"https:\/\/fuster-associates.com\/pl\/uslugi\/uslugi-podatkowe\/uslugi-podatkowe-od-nieruchomosci\/","og_site_name":"Fuster &amp; Associates","article_publisher":"https:\/\/www.facebook.com\/fusterspain\/","article_modified_time":"2025-09-09T07:03:54+00:00","og_image":[{"width":1920,"height":1280,"url":"https:\/\/fuster-associates.com\/wp-content\/uploads\/2020\/02\/slide-fuster-standard.jpg","type":"image\/jpeg"}],"twitter_card":"summary_large_image","twitter_site":"@FusterSpain","twitter_misc":{"Szacowany czas czytania":"1 minuta"},"schema":{"@context":"https:\/\/schema.org","@graph":[{"@type":"WebPage","@id":"https:\/\/fuster-associates.com\/pl\/uslugi\/uslugi-podatkowe\/uslugi-podatkowe-od-nieruchomosci\/","url":"https:\/\/fuster-associates.com\/pl\/uslugi\/uslugi-podatkowe\/uslugi-podatkowe-od-nieruchomosci\/","name":"Us\u0142ugi w zakresie podatk\u00f3w od nieruchomo\u015bci w Hiszpanii \u2013 Fuster & Associates","isPartOf":{"@id":"https:\/\/fuster-associates.com\/pl\/#website"},"datePublished":"2025-09-09T07:03:32+00:00","dateModified":"2025-09-09T07:03:54+00:00","description":"Profesjonalne doradztwo w zakresie podatk\u00f3w od nieruchomo\u015bci w Hiszpanii: IBI, podatki spadkowe i podatki od przeniesienia w\u0142asno\u015bci. Us\u0142ugi dostosowane do potrzeb zagranicznych w\u0142a\u015bcicieli nieruchomo\u015bci i nabywc\u00f3w.","breadcrumb":{"@id":"https:\/\/fuster-associates.com\/pl\/uslugi\/uslugi-podatkowe\/uslugi-podatkowe-od-nieruchomosci\/#breadcrumb"},"inLanguage":"pl-PL","potentialAction":[{"@type":"ReadAction","target":["https:\/\/fuster-associates.com\/pl\/uslugi\/uslugi-podatkowe\/uslugi-podatkowe-od-nieruchomosci\/"]}]},{"@type":"BreadcrumbList","@id":"https:\/\/fuster-associates.com\/pl\/uslugi\/uslugi-podatkowe\/uslugi-podatkowe-od-nieruchomosci\/#breadcrumb","itemListElement":[{"@type":"ListItem","position":1,"name":"Dom","item":"https:\/\/fuster-associates.com\/pl\/"},{"@type":"ListItem","position":2,"name":"Us\u0142ugi","item":"https:\/\/fuster-associates.com\/pl\/uslugi\/"},{"@type":"ListItem","position":3,"name":"Us\u0142ugi Podatkowe","item":"https:\/\/fuster-associates.com\/pl\/uslugi\/uslugi-podatkowe\/"},{"@type":"ListItem","position":4,"name":"Us\u0142ugi Podatkowe Od Nieruchomo\u015bci"}]},{"@type":"WebSite","@id":"https:\/\/fuster-associates.com\/pl\/#website","url":"https:\/\/fuster-associates.com\/pl\/","name":"Fuster & Associates","description":"Property Solicitors","publisher":{"@id":"https:\/\/fuster-associates.com\/pl\/#organization"},"potentialAction":[{"@type":"SearchAction","target":{"@type":"EntryPoint","urlTemplate":"https:\/\/fuster-associates.com\/pl\/?s={search_term_string}"},"query-input":{"@type":"PropertyValueSpecification","valueRequired":true,"valueName":"search_term_string"}}],"inLanguage":"pl-PL"},{"@type":"Organization","@id":"https:\/\/fuster-associates.com\/pl\/#organization","name":"FUSTER & ASSOCIATES","url":"https:\/\/fuster-associates.com\/pl\/","logo":{"@type":"ImageObject","inLanguage":"pl-PL","@id":"https:\/\/fuster-associates.com\/pl\/#\/schema\/logo\/image\/","url":"https:\/\/fuster-associates.com\/wp-content\/uploads\/2018\/08\/logo-fuster-1.jpeg","contentUrl":"https:\/\/fuster-associates.com\/wp-content\/uploads\/2018\/08\/logo-fuster-1.jpeg","width":180,"height":113,"caption":"FUSTER & ASSOCIATES"},"image":{"@id":"https:\/\/fuster-associates.com\/pl\/#\/schema\/logo\/image\/"},"sameAs":["https:\/\/www.facebook.com\/fusterspain\/","https:\/\/x.com\/FusterSpain","https:\/\/www.youtube.com\/channel\/UC2-kNuL1SoqlFizI47hmIOQ","https:\/\/www.linkedin.com\/company\/fuster-&-associates\/"]}]}},"_links":{"self":[{"href":"https:\/\/fuster-associates.com\/pl\/wp-json\/wp\/v2\/pages\/33845","targetHints":{"allow":["GET"]}}],"collection":[{"href":"https:\/\/fuster-associates.com\/pl\/wp-json\/wp\/v2\/pages"}],"about":[{"href":"https:\/\/fuster-associates.com\/pl\/wp-json\/wp\/v2\/types\/page"}],"author":[{"embeddable":true,"href":"https:\/\/fuster-associates.com\/pl\/wp-json\/wp\/v2\/users\/7"}],"replies":[{"embeddable":true,"href":"https:\/\/fuster-associates.com\/pl\/wp-json\/wp\/v2\/comments?post=33845"}],"version-history":[{"count":5,"href":"https:\/\/fuster-associates.com\/pl\/wp-json\/wp\/v2\/pages\/33845\/revisions"}],"predecessor-version":[{"id":33850,"href":"https:\/\/fuster-associates.com\/pl\/wp-json\/wp\/v2\/pages\/33845\/revisions\/33850"}],"up":[{"embeddable":true,"href":"https:\/\/fuster-associates.com\/pl\/wp-json\/wp\/v2\/pages\/28645"}],"wp:attachment":[{"href":"https:\/\/fuster-associates.com\/pl\/wp-json\/wp\/v2\/media?parent=33845"}],"curies":[{"name":"wp","href":"https:\/\/api.w.org\/{rel}","templated":true}]}}