{"id":32929,"date":"2025-09-11T09:32:36","date_gmt":"2025-09-11T07:32:36","guid":{"rendered":"https:\/\/fuster-associates.com\/?page_id=32929"},"modified":"2025-10-16T09:14:31","modified_gmt":"2025-10-16T07:14:31","slug":"przenoszenie-wlasnosci-dziedziczenie","status":"publish","type":"page","link":"https:\/\/fuster-associates.com\/pl\/uslugi\/testamenty-dziedziczenie\/przenoszenie-wlasnosci-dziedziczenie\/","title":{"rendered":"Przeniesienia W\u0142asno\u015bci &amp; Dziedziczenie"},"content":{"rendered":"\t\t<div data-elementor-type=\"wp-page\" data-elementor-id=\"32929\" class=\"elementor elementor-32929 elementor-32922\" data-elementor-post-type=\"page\">\n\t\t\t\t<div class=\"elementor-element elementor-element-e3d1295 e-flex e-con-boxed e-con e-parent\" data-id=\"e3d1295\" data-element_type=\"container\" data-e-type=\"container\" data-settings=\"{&quot;background_background&quot;:&quot;classic&quot;}\">\n\t\t\t\t\t<div class=\"e-con-inner\">\n\t\t\t\t<div class=\"elementor-element elementor-element-2a9580f6 elementor-invisible elementor-widget elementor-widget-heading\" data-id=\"2a9580f6\" data-element_type=\"widget\" data-e-type=\"widget\" data-settings=\"{&quot;_animation&quot;:&quot;fadeInDown&quot;}\" data-widget_type=\"heading.default\">\n\t\t\t\t\t<h1 class=\"elementor-heading-title elementor-size-default\">Przeniesienia W\u0142asno\u015bci &amp; Dziedziczenie<\/h1>\t\t\t\t<\/div>\n\t\t\t\t<div class=\"elementor-element elementor-element-66b46217 elementor-invisible elementor-widget elementor-widget-breadcrumbs\" data-id=\"66b46217\" data-element_type=\"widget\" data-e-type=\"widget\" data-settings=\"{&quot;_animation&quot;:&quot;fadeInUp&quot;}\" data-widget_type=\"breadcrumbs.default\">\n\t\t\t\t\t<p id=\"breadcrumbs\"><span><span><a href=\"https:\/\/fuster-associates.com\/pl\/\">Dom<\/a><\/span><\/span><\/p>\t\t\t\t<\/div>\n\t\t\t\t\t<\/div>\n\t\t\t\t<\/div>\n\t\t<div class=\"elementor-element elementor-element-ecf56bb e-flex e-con-boxed e-con e-parent\" data-id=\"ecf56bb\" data-element_type=\"container\" data-e-type=\"container\">\n\t\t\t\t\t<div class=\"e-con-inner\">\n\t\t\t\t<div class=\"elementor-element elementor-element-3b6e5aa elementor-invisible elementor-widget elementor-widget-heading\" data-id=\"3b6e5aa\" data-element_type=\"widget\" data-e-type=\"widget\" data-settings=\"{&quot;_animation&quot;:&quot;fadeIn&quot;,&quot;_animation_laptop&quot;:&quot;fadeIn&quot;}\" data-widget_type=\"heading.default\">\n\t\t\t\t\t<h2 class=\"elementor-heading-title elementor-size-default\">Przenoszenie W\u0142asno\u015bci &amp; Dziedziczenie w Hiszpanii<\/h2>\t\t\t\t<\/div>\n\t\t\t\t<div class=\"elementor-element elementor-element-5770392 elementor-invisible elementor-widget elementor-widget-text-editor\" data-id=\"5770392\" data-element_type=\"widget\" data-e-type=\"widget\" data-settings=\"{&quot;_animation&quot;:&quot;fadeIn&quot;,&quot;_animation_laptop&quot;:&quot;fadeIn&quot;}\" data-widget_type=\"text-editor.default\">\n\t\t\t\t\t\t\t\t\t<p>W Fuster &amp; Associates zdajemy sobie spraw\u0119, \u017ce przenoszenie w\u0142asno\u015bci i zarz\u0105dzanie spadkiem mo\u017ce by\u0107 skomplikowane, szczeg\u00f3lnie dla mi\u0119dzynarodowych klient\u00f3w poruszaj\u0105cych si\u0119 po hiszpa\u0144skim prawie. Dzi\u0119ki <g id=\"gid_0\">ponad 25-letniemu do\u015bwiadczeniu w przenoszeniu w\u0142asno\u015bci, podatkach od przeniesienia w\u0142asno\u015bci i przepisach dotycz\u0105cych spadk\u00f3w<\/g>, nasz multidyscyplinarny zesp\u00f3\u0142 zapewnia, \u017ce <g id=\"gid_1\">Twoja nieruchomo\u015b\u0107 zostanie bezpiecznie przekazana<\/g>, a Twoje dziedzictwo zostanie zachowane z jasno\u015bci\u0105 i integralno\u015bci\u0105. Niezale\u017cnie od tego, czy zajmujesz si\u0119 formalno\u015bciami prawnymi zwi\u0105zanymi z posiadaniem nieruchomo\u015bci, czy planujesz przysz\u0142o\u015b\u0107 za granic\u0105, nasze us\u0142ugi dostosowane do Twoich potrzeb zapewni\u0105 Ci spok\u00f3j ducha na ka\u017cdym kroku.  <\/p><p>Nasza us\u0142uga w zakresie transfer\u00f3w nieruchomo\u015bci i dziedziczenia usprawnia najwa\u017cniejsze aspekty planowania nieruchomo\u015bci i aktyw\u00f3w w Hiszpanii, od efektywnej obs\u0142ugi podatkowej i bezproblemowego przenoszenia w\u0142asno\u015bci nieruchomo\u015bci, po strategiczne planowanie dziedziczenia dostosowane do potrzeb emigrant\u00f3w. <strong>Przeprowadzimy Ci\u0119<\/strong> przez implikacje podatkowe, takie jak podatek od przeniesienia w\u0142asno\u015bci nieruchomo\u015bci i podatek od spadk\u00f3w, pomo\u017cemy skoordynowa\u0107 niezb\u0119dn\u0105 dokumentacj\u0119 i <strong>\u015bci\u015ble z Tob\u0105 wsp\u00f3\u0142pracujemy<\/strong>, aby zapewni\u0107 zgodno\u015b\u0107 zar\u00f3wno z lokalnymi przepisami, jak i Twoimi osobistymi celami planistycznymi. Dzi\u0119ki Fuster &amp; Associates Twoje aktywa i \u017cyczenia s\u0105 przekazywane w zaufane r\u0119ce. <\/p>\t\t\t\t\t\t\t\t<\/div>\n\t\t\t\t<div class=\"elementor-element elementor-element-cd46360 elementor-icon-list--layout-traditional elementor-list-item-link-full_width elementor-widget elementor-widget-icon-list\" data-id=\"cd46360\" data-element_type=\"widget\" data-e-type=\"widget\" data-widget_type=\"icon-list.default\">\n\t\t\t\t\t\t\t<ul class=\"elementor-icon-list-items\">\n\t\t\t\t\t\t\t<li class=\"elementor-icon-list-item\">\n\t\t\t\t\t\t\t\t\t\t\t<a href=\"https:\/\/fuster-associates.com\/services\/wills-inheritance\/property-transfers-inheritance\/wills-and-inheritance\/\">\n\n\t\t\t\t\t\t\t\t\t\t\t\t<span class=\"elementor-icon-list-icon\">\n\t\t\t\t\t\t\t<svg aria-hidden=\"true\" class=\"e-font-icon-svg e-fas-caret-right\" viewBox=\"0 0 192 512\" xmlns=\"http:\/\/www.w3.org\/2000\/svg\"><path d=\"M0 384.662V127.338c0-17.818 21.543-26.741 34.142-14.142l128.662 128.662c7.81 7.81 7.81 20.474 0 28.284L34.142 398.804C21.543 411.404 0 402.48 0 384.662z\"><\/path><\/svg>\t\t\t\t\t\t<\/span>\n\t\t\t\t\t\t\t\t\t\t<span class=\"elementor-icon-list-text\">Testamenty i dziedziczenie<\/span>\n\t\t\t\t\t\t\t\t\t\t\t<\/a>\n\t\t\t\t\t\t\t\t\t<\/li>\n\t\t\t\t\t\t<\/ul>\n\t\t\t\t\t\t<\/div>\n\t\t\t\t\t<\/div>\n\t\t\t\t<\/div>\n\t\t\t\t<\/div>\n\t\t","protected":false},"excerpt":{"rendered":"<p>Przenoszenie W\u0142asno\u015bci &amp; Dziedziczenie w Hiszpanii W Fuster &amp; Associates zdajemy sobie spraw\u0119, \u017ce przenoszenie w\u0142asno\u015bci i zarz\u0105dzanie spadkiem mo\u017ce by\u0107 skomplikowane, szczeg\u00f3lnie dla mi\u0119dzynarodowych klient\u00f3w poruszaj\u0105cych si\u0119 po hiszpa\u0144skim prawie. Dzi\u0119ki ponad 25-letniemu do\u015bwiadczeniu w przenoszeniu w\u0142asno\u015bci, podatkach od przeniesienia w\u0142asno\u015bci i przepisach dotycz\u0105cych spadk\u00f3w, nasz multidyscyplinarny zesp\u00f3\u0142 zapewnia, \u017ce Twoja nieruchomo\u015b\u0107 zostanie bezpiecznie [&hellip;]<\/p>\n","protected":false},"author":8,"featured_media":0,"parent":34143,"menu_order":0,"comment_status":"closed","ping_status":"closed","template":"","meta":{"content-type":"","_sitemap_exclude":false,"_sitemap_priority":"","_sitemap_frequency":"","footnotes":""},"class_list":["post-32929","page","type-page","status-publish","hentry"],"yoast_head":"<!-- This site is optimized with the Yoast SEO plugin v27.4 - https:\/\/yoast.com\/product\/yoast-seo-wordpress\/ -->\n<title>Us\u0142ugi zwi\u0105zane z przeniesieniem w\u0142asno\u015bci nieruchomo\u015bci i spadkami \u2013 Fuster &amp; Associates<\/title>\n<meta name=\"description\" content=\"Pomoc prawna w zakresie przeniesienia w\u0142asno\u015bci nieruchomo\u015bci i spadk\u00f3w w Hiszpanii. Zajmujemy si\u0119 podatkami, formalno\u015bciami i pe\u0142n\u0105 rejestracj\u0105.\" \/>\n<meta name=\"robots\" content=\"index, follow, max-snippet:-1, max-image-preview:large, max-video-preview:-1\" \/>\n<link rel=\"canonical\" href=\"https:\/\/fuster-associates.com\/pl\/uslugi\/testamenty-dziedziczenie\/przenoszenie-wlasnosci-dziedziczenie\/\" \/>\n<meta property=\"og:locale\" content=\"pl_PL\" \/>\n<meta property=\"og:type\" content=\"article\" \/>\n<meta property=\"og:title\" content=\"Us\u0142ugi zwi\u0105zane z przeniesieniem w\u0142asno\u015bci nieruchomo\u015bci i spadkami \u2013 Fuster &amp; Associates\" \/>\n<meta property=\"og:description\" content=\"Pomoc prawna w zakresie przeniesienia w\u0142asno\u015bci nieruchomo\u015bci i spadk\u00f3w w Hiszpanii. Zajmujemy si\u0119 podatkami, formalno\u015bciami i pe\u0142n\u0105 rejestracj\u0105.\" \/>\n<meta property=\"og:url\" content=\"https:\/\/fuster-associates.com\/pl\/uslugi\/testamenty-dziedziczenie\/przenoszenie-wlasnosci-dziedziczenie\/\" \/>\n<meta property=\"og:site_name\" content=\"Fuster &amp; Associates\" \/>\n<meta property=\"article:publisher\" content=\"https:\/\/www.facebook.com\/fusterspain\/\" \/>\n<meta property=\"article:modified_time\" content=\"2025-10-16T07:14:31+00:00\" \/>\n<meta property=\"og:image\" content=\"https:\/\/fuster-associates.com\/wp-content\/uploads\/2020\/02\/slide-fuster-standard.jpg\" \/>\n\t<meta property=\"og:image:width\" content=\"1920\" \/>\n\t<meta property=\"og:image:height\" content=\"1280\" \/>\n\t<meta property=\"og:image:type\" content=\"image\/jpeg\" \/>\n<meta name=\"twitter:card\" content=\"summary_large_image\" \/>\n<meta name=\"twitter:site\" content=\"@FusterSpain\" \/>\n<meta name=\"twitter:label1\" content=\"Szacowany czas czytania\" \/>\n\t<meta name=\"twitter:data1\" content=\"1 minuta\" \/>\n<script type=\"application\/ld+json\" class=\"yoast-schema-graph\">{\"@context\":\"https:\\\/\\\/schema.org\",\"@graph\":[{\"@type\":\"WebPage\",\"@id\":\"https:\\\/\\\/fuster-associates.com\\\/pl\\\/uslugi\\\/testamenty-dziedziczenie\\\/przenoszenie-wlasnosci-dziedziczenie\\\/\",\"url\":\"https:\\\/\\\/fuster-associates.com\\\/pl\\\/uslugi\\\/testamenty-dziedziczenie\\\/przenoszenie-wlasnosci-dziedziczenie\\\/\",\"name\":\"Us\u0142ugi zwi\u0105zane z przeniesieniem w\u0142asno\u015bci nieruchomo\u015bci i spadkami \u2013 Fuster & Associates\",\"isPartOf\":{\"@id\":\"https:\\\/\\\/fuster-associates.com\\\/pl\\\/#website\"},\"datePublished\":\"2025-09-11T07:32:36+00:00\",\"dateModified\":\"2025-10-16T07:14:31+00:00\",\"description\":\"Pomoc prawna w zakresie przeniesienia w\u0142asno\u015bci nieruchomo\u015bci i spadk\u00f3w w Hiszpanii. Zajmujemy si\u0119 podatkami, formalno\u015bciami i pe\u0142n\u0105 rejestracj\u0105.\",\"breadcrumb\":{\"@id\":\"https:\\\/\\\/fuster-associates.com\\\/pl\\\/uslugi\\\/testamenty-dziedziczenie\\\/przenoszenie-wlasnosci-dziedziczenie\\\/#breadcrumb\"},\"inLanguage\":\"pl-PL\",\"potentialAction\":[{\"@type\":\"ReadAction\",\"target\":[\"https:\\\/\\\/fuster-associates.com\\\/pl\\\/uslugi\\\/testamenty-dziedziczenie\\\/przenoszenie-wlasnosci-dziedziczenie\\\/\"]}]},{\"@type\":\"BreadcrumbList\",\"@id\":\"https:\\\/\\\/fuster-associates.com\\\/pl\\\/uslugi\\\/testamenty-dziedziczenie\\\/przenoszenie-wlasnosci-dziedziczenie\\\/#breadcrumb\",\"itemListElement\":[{\"@type\":\"ListItem\",\"position\":1,\"name\":\"Dom\",\"item\":\"https:\\\/\\\/fuster-associates.com\\\/pl\\\/\"},{\"@type\":\"ListItem\",\"position\":2,\"name\":\"Us\u0142ugi\",\"item\":\"https:\\\/\\\/fuster-associates.com\\\/pl\\\/uslugi\\\/\"},{\"@type\":\"ListItem\",\"position\":3,\"name\":\"Testamenty &amp; Dziedziczenie\",\"item\":\"https:\\\/\\\/fuster-associates.com\\\/pl\\\/uslugi\\\/testamenty-dziedziczenie\\\/\"},{\"@type\":\"ListItem\",\"position\":4,\"name\":\"Przeniesienia W\u0142asno\u015bci &amp; Dziedziczenie\"}]},{\"@type\":\"WebSite\",\"@id\":\"https:\\\/\\\/fuster-associates.com\\\/pl\\\/#website\",\"url\":\"https:\\\/\\\/fuster-associates.com\\\/pl\\\/\",\"name\":\"Fuster & Associates\",\"description\":\"Property Solicitors\",\"publisher\":{\"@id\":\"https:\\\/\\\/fuster-associates.com\\\/pl\\\/#organization\"},\"potentialAction\":[{\"@type\":\"SearchAction\",\"target\":{\"@type\":\"EntryPoint\",\"urlTemplate\":\"https:\\\/\\\/fuster-associates.com\\\/pl\\\/?s={search_term_string}\"},\"query-input\":{\"@type\":\"PropertyValueSpecification\",\"valueRequired\":true,\"valueName\":\"search_term_string\"}}],\"inLanguage\":\"pl-PL\"},{\"@type\":\"Organization\",\"@id\":\"https:\\\/\\\/fuster-associates.com\\\/pl\\\/#organization\",\"name\":\"FUSTER & ASSOCIATES\",\"url\":\"https:\\\/\\\/fuster-associates.com\\\/pl\\\/\",\"logo\":{\"@type\":\"ImageObject\",\"inLanguage\":\"pl-PL\",\"@id\":\"https:\\\/\\\/fuster-associates.com\\\/pl\\\/#\\\/schema\\\/logo\\\/image\\\/\",\"url\":\"https:\\\/\\\/fuster-associates.com\\\/wp-content\\\/uploads\\\/2018\\\/08\\\/logo-fuster-1.jpeg\",\"contentUrl\":\"https:\\\/\\\/fuster-associates.com\\\/wp-content\\\/uploads\\\/2018\\\/08\\\/logo-fuster-1.jpeg\",\"width\":180,\"height\":113,\"caption\":\"FUSTER & ASSOCIATES\"},\"image\":{\"@id\":\"https:\\\/\\\/fuster-associates.com\\\/pl\\\/#\\\/schema\\\/logo\\\/image\\\/\"},\"sameAs\":[\"https:\\\/\\\/www.facebook.com\\\/fusterspain\\\/\",\"https:\\\/\\\/x.com\\\/FusterSpain\",\"https:\\\/\\\/www.youtube.com\\\/channel\\\/UC2-kNuL1SoqlFizI47hmIOQ\",\"https:\\\/\\\/www.linkedin.com\\\/company\\\/fuster-&-associates\\\/\"]}]}<\/script>\n<!-- \/ Yoast SEO plugin. -->","yoast_head_json":{"title":"Us\u0142ugi zwi\u0105zane z przeniesieniem w\u0142asno\u015bci nieruchomo\u015bci i spadkami \u2013 Fuster & Associates","description":"Pomoc prawna w zakresie przeniesienia w\u0142asno\u015bci nieruchomo\u015bci i spadk\u00f3w w Hiszpanii. Zajmujemy si\u0119 podatkami, formalno\u015bciami i pe\u0142n\u0105 rejestracj\u0105.","robots":{"index":"index","follow":"follow","max-snippet":"max-snippet:-1","max-image-preview":"max-image-preview:large","max-video-preview":"max-video-preview:-1"},"canonical":"https:\/\/fuster-associates.com\/pl\/uslugi\/testamenty-dziedziczenie\/przenoszenie-wlasnosci-dziedziczenie\/","og_locale":"pl_PL","og_type":"article","og_title":"Us\u0142ugi zwi\u0105zane z przeniesieniem w\u0142asno\u015bci nieruchomo\u015bci i spadkami \u2013 Fuster & Associates","og_description":"Pomoc prawna w zakresie przeniesienia w\u0142asno\u015bci nieruchomo\u015bci i spadk\u00f3w w Hiszpanii. Zajmujemy si\u0119 podatkami, formalno\u015bciami i pe\u0142n\u0105 rejestracj\u0105.","og_url":"https:\/\/fuster-associates.com\/pl\/uslugi\/testamenty-dziedziczenie\/przenoszenie-wlasnosci-dziedziczenie\/","og_site_name":"Fuster &amp; Associates","article_publisher":"https:\/\/www.facebook.com\/fusterspain\/","article_modified_time":"2025-10-16T07:14:31+00:00","og_image":[{"width":1920,"height":1280,"url":"https:\/\/fuster-associates.com\/wp-content\/uploads\/2020\/02\/slide-fuster-standard.jpg","type":"image\/jpeg"}],"twitter_card":"summary_large_image","twitter_site":"@FusterSpain","twitter_misc":{"Szacowany czas czytania":"1 minuta"},"schema":{"@context":"https:\/\/schema.org","@graph":[{"@type":"WebPage","@id":"https:\/\/fuster-associates.com\/pl\/uslugi\/testamenty-dziedziczenie\/przenoszenie-wlasnosci-dziedziczenie\/","url":"https:\/\/fuster-associates.com\/pl\/uslugi\/testamenty-dziedziczenie\/przenoszenie-wlasnosci-dziedziczenie\/","name":"Us\u0142ugi zwi\u0105zane z przeniesieniem w\u0142asno\u015bci nieruchomo\u015bci i spadkami \u2013 Fuster & Associates","isPartOf":{"@id":"https:\/\/fuster-associates.com\/pl\/#website"},"datePublished":"2025-09-11T07:32:36+00:00","dateModified":"2025-10-16T07:14:31+00:00","description":"Pomoc prawna w zakresie przeniesienia w\u0142asno\u015bci nieruchomo\u015bci i spadk\u00f3w w Hiszpanii. Zajmujemy si\u0119 podatkami, formalno\u015bciami i pe\u0142n\u0105 rejestracj\u0105.","breadcrumb":{"@id":"https:\/\/fuster-associates.com\/pl\/uslugi\/testamenty-dziedziczenie\/przenoszenie-wlasnosci-dziedziczenie\/#breadcrumb"},"inLanguage":"pl-PL","potentialAction":[{"@type":"ReadAction","target":["https:\/\/fuster-associates.com\/pl\/uslugi\/testamenty-dziedziczenie\/przenoszenie-wlasnosci-dziedziczenie\/"]}]},{"@type":"BreadcrumbList","@id":"https:\/\/fuster-associates.com\/pl\/uslugi\/testamenty-dziedziczenie\/przenoszenie-wlasnosci-dziedziczenie\/#breadcrumb","itemListElement":[{"@type":"ListItem","position":1,"name":"Dom","item":"https:\/\/fuster-associates.com\/pl\/"},{"@type":"ListItem","position":2,"name":"Us\u0142ugi","item":"https:\/\/fuster-associates.com\/pl\/uslugi\/"},{"@type":"ListItem","position":3,"name":"Testamenty &amp; Dziedziczenie","item":"https:\/\/fuster-associates.com\/pl\/uslugi\/testamenty-dziedziczenie\/"},{"@type":"ListItem","position":4,"name":"Przeniesienia W\u0142asno\u015bci &amp; Dziedziczenie"}]},{"@type":"WebSite","@id":"https:\/\/fuster-associates.com\/pl\/#website","url":"https:\/\/fuster-associates.com\/pl\/","name":"Fuster & Associates","description":"Property Solicitors","publisher":{"@id":"https:\/\/fuster-associates.com\/pl\/#organization"},"potentialAction":[{"@type":"SearchAction","target":{"@type":"EntryPoint","urlTemplate":"https:\/\/fuster-associates.com\/pl\/?s={search_term_string}"},"query-input":{"@type":"PropertyValueSpecification","valueRequired":true,"valueName":"search_term_string"}}],"inLanguage":"pl-PL"},{"@type":"Organization","@id":"https:\/\/fuster-associates.com\/pl\/#organization","name":"FUSTER & ASSOCIATES","url":"https:\/\/fuster-associates.com\/pl\/","logo":{"@type":"ImageObject","inLanguage":"pl-PL","@id":"https:\/\/fuster-associates.com\/pl\/#\/schema\/logo\/image\/","url":"https:\/\/fuster-associates.com\/wp-content\/uploads\/2018\/08\/logo-fuster-1.jpeg","contentUrl":"https:\/\/fuster-associates.com\/wp-content\/uploads\/2018\/08\/logo-fuster-1.jpeg","width":180,"height":113,"caption":"FUSTER & ASSOCIATES"},"image":{"@id":"https:\/\/fuster-associates.com\/pl\/#\/schema\/logo\/image\/"},"sameAs":["https:\/\/www.facebook.com\/fusterspain\/","https:\/\/x.com\/FusterSpain","https:\/\/www.youtube.com\/channel\/UC2-kNuL1SoqlFizI47hmIOQ","https:\/\/www.linkedin.com\/company\/fuster-&-associates\/"]}]}},"_links":{"self":[{"href":"https:\/\/fuster-associates.com\/pl\/wp-json\/wp\/v2\/pages\/32929","targetHints":{"allow":["GET"]}}],"collection":[{"href":"https:\/\/fuster-associates.com\/pl\/wp-json\/wp\/v2\/pages"}],"about":[{"href":"https:\/\/fuster-associates.com\/pl\/wp-json\/wp\/v2\/types\/page"}],"author":[{"embeddable":true,"href":"https:\/\/fuster-associates.com\/pl\/wp-json\/wp\/v2\/users\/8"}],"replies":[{"embeddable":true,"href":"https:\/\/fuster-associates.com\/pl\/wp-json\/wp\/v2\/comments?post=32929"}],"version-history":[{"count":4,"href":"https:\/\/fuster-associates.com\/pl\/wp-json\/wp\/v2\/pages\/32929\/revisions"}],"predecessor-version":[{"id":35123,"href":"https:\/\/fuster-associates.com\/pl\/wp-json\/wp\/v2\/pages\/32929\/revisions\/35123"}],"up":[{"embeddable":true,"href":"https:\/\/fuster-associates.com\/pl\/wp-json\/wp\/v2\/pages\/34143"}],"wp:attachment":[{"href":"https:\/\/fuster-associates.com\/pl\/wp-json\/wp\/v2\/media?parent=32929"}],"curies":[{"name":"wp","href":"https:\/\/api.w.org\/{rel}","templated":true}]}}