{"id":30558,"date":"2025-07-17T11:59:43","date_gmt":"2025-07-17T09:59:43","guid":{"rendered":"https:\/\/fuster-associates.com\/uslugi\/uslugi-prawa-nieruchomosci\/kupno-sprzedaz-nieruchomosci\/"},"modified":"2025-09-03T11:18:47","modified_gmt":"2025-09-03T09:18:47","slug":"kupno-sprzedaz-nieruchomosci","status":"publish","type":"page","link":"https:\/\/fuster-associates.com\/pl\/uslugi\/uslugi-prawa-nieruchomosci\/kupno-sprzedaz-nieruchomosci\/","title":{"rendered":"Kupno &amp; Sprzeda\u017c Nieruchomo\u015bci"},"content":{"rendered":"\t\t<div data-elementor-type=\"wp-page\" data-elementor-id=\"30558\" class=\"elementor elementor-30558 elementor-24292\" data-elementor-post-type=\"page\">\n\t\t\t\t<div class=\"elementor-element elementor-element-e3d1295 e-flex e-con-boxed e-con e-parent\" data-id=\"e3d1295\" data-element_type=\"container\" data-e-type=\"container\" data-settings=\"{&quot;background_background&quot;:&quot;classic&quot;}\">\n\t\t\t\t\t<div class=\"e-con-inner\">\n\t\t\t\t<div class=\"elementor-element elementor-element-2a9580f6 elementor-invisible elementor-widget elementor-widget-heading\" data-id=\"2a9580f6\" data-element_type=\"widget\" data-e-type=\"widget\" data-settings=\"{&quot;_animation&quot;:&quot;fadeInDown&quot;}\" data-widget_type=\"heading.default\">\n\t\t\t\t\t<h1 class=\"elementor-heading-title elementor-size-default\">Kupno &amp; Sprzeda\u017c Nieruchomo\u015bci<\/h1>\t\t\t\t<\/div>\n\t\t\t\t<div class=\"elementor-element elementor-element-66b46217 elementor-invisible elementor-widget elementor-widget-breadcrumbs\" data-id=\"66b46217\" data-element_type=\"widget\" data-e-type=\"widget\" data-settings=\"{&quot;_animation&quot;:&quot;fadeInUp&quot;}\" data-widget_type=\"breadcrumbs.default\">\n\t\t\t\t\t<p id=\"breadcrumbs\"><span><span><a href=\"https:\/\/fuster-associates.com\/pl\/\">Dom<\/a><\/span><\/span><\/p>\t\t\t\t<\/div>\n\t\t\t\t\t<\/div>\n\t\t\t\t<\/div>\n\t\t<div class=\"elementor-element elementor-element-ecf56bb e-flex e-con-boxed e-con e-parent\" data-id=\"ecf56bb\" data-element_type=\"container\" data-e-type=\"container\">\n\t\t\t\t\t<div class=\"e-con-inner\">\n\t\t\t\t<div class=\"elementor-element elementor-element-3b6e5aa elementor-invisible elementor-widget elementor-widget-heading\" data-id=\"3b6e5aa\" data-element_type=\"widget\" data-e-type=\"widget\" data-settings=\"{&quot;_animation&quot;:&quot;fadeIn&quot;,&quot;_animation_laptop&quot;:&quot;fadeIn&quot;}\" data-widget_type=\"heading.default\">\n\t\t\t\t\t<h2 class=\"elementor-heading-title elementor-size-default\">Kupno i Sprzeda\u017c Nieruchomo\u015bci w Hiszpanii<\/h2>\t\t\t\t<\/div>\n\t\t\t\t<div class=\"elementor-element elementor-element-5770392 elementor-invisible elementor-widget elementor-widget-text-editor\" data-id=\"5770392\" data-element_type=\"widget\" data-e-type=\"widget\" data-settings=\"{&quot;_animation&quot;:&quot;fadeIn&quot;,&quot;_animation_laptop&quot;:&quot;fadeIn&quot;}\" data-widget_type=\"text-editor.default\">\n\t\t\t\t\t\t\t\t\t<p data-start=\"180\" data-end=\"507\"><strong data-start=\"180\" data-end=\"247\">Witamy w dziale us\u0142ug po\u015brednictwa w obrocie nieruchomo\u015bciami Fuster &amp; Associates.<\/strong> Zapewniamy fachow\u0105 pomoc prawn\u0105 dla os\u00f3b fizycznych i inwestor\u00f3w zaanga\u017cowanych w kupno lub sprzeda\u017c nieruchomo\u015bci w Hiszpanii. Nasi wyspecjalizowani prawnicy specjalizuj\u0105cy si\u0119 w obrocie nieruchomo\u015bciami oferuj\u0105 spersonalizowane wsparcie przy transakcjach kupna, sprzeda\u017cy i sprzeda\u017cy nieruchomo\u015bci. <\/p><p data-start=\"509\" data-end=\"758\">Niezale\u017cnie od tego, czy nabywasz odsprzedawany dom, sprzedajesz swoj\u0105 hiszpa\u0144sk\u0105 nieruchomo\u015b\u0107, czy inwestujesz w now\u0105 inwestycj\u0119, przeprowadzimy Ci\u0119 przez ka\u017cdy krok prawny, zapewniaj\u0105c przejrzysto\u015b\u0107, ochron\u0119 Twoich interes\u00f3w i pe\u0142n\u0105 zgodno\u015b\u0107 z hiszpa\u0144skim prawem nieruchomo\u015bci.<\/p>\t\t\t\t\t\t\t\t<\/div>\n\t\t\t\t\t<\/div>\n\t\t\t\t<\/div>\n\t\t<div class=\"elementor-element elementor-element-28118edb e-flex e-con-boxed e-con e-parent\" data-id=\"28118edb\" data-element_type=\"container\" data-e-type=\"container\" data-settings=\"{&quot;background_background&quot;:&quot;classic&quot;}\">\n\t\t\t\t\t<div class=\"e-con-inner\">\n\t\t\t\t<div class=\"elementor-element elementor-element-cd46360 elementor-icon-list--layout-traditional elementor-list-item-link-full_width elementor-widget elementor-widget-icon-list\" data-id=\"cd46360\" data-element_type=\"widget\" data-e-type=\"widget\" data-widget_type=\"icon-list.default\">\n\t\t\t\t\t\t\t<ul class=\"elementor-icon-list-items\">\n\t\t\t\t\t\t\t<li class=\"elementor-icon-list-item\">\n\t\t\t\t\t\t\t\t\t\t\t<a href=\"https:\/\/fuster-associates.com\/services\/property-law-services\/buying-selling-property\/purchase-conveyancing\/\">\n\n\t\t\t\t\t\t\t\t\t\t\t\t<span class=\"elementor-icon-list-icon\">\n\t\t\t\t\t\t\t<svg aria-hidden=\"true\" class=\"e-font-icon-svg e-fas-caret-right\" viewBox=\"0 0 192 512\" xmlns=\"http:\/\/www.w3.org\/2000\/svg\"><path d=\"M0 384.662V127.338c0-17.818 21.543-26.741 34.142-14.142l128.662 128.662c7.81 7.81 7.81 20.474 0 28.284L34.142 398.804C21.543 411.404 0 402.48 0 384.662z\"><\/path><\/svg>\t\t\t\t\t\t<\/span>\n\t\t\t\t\t\t\t\t\t\t<span class=\"elementor-icon-list-text\">Obs\u0142uga Prawna Zakupu<\/span>\n\t\t\t\t\t\t\t\t\t\t\t<\/a>\n\t\t\t\t\t\t\t\t\t<\/li>\n\t\t\t\t\t\t\t\t<li class=\"elementor-icon-list-item\">\n\t\t\t\t\t\t\t\t\t\t\t<a href=\"https:\/\/fuster-associates.com\/services\/property-law-services\/buying-selling-property\/sales-conveyancing\/\">\n\n\t\t\t\t\t\t\t\t\t\t\t\t<span class=\"elementor-icon-list-icon\">\n\t\t\t\t\t\t\t<svg aria-hidden=\"true\" class=\"e-font-icon-svg e-fas-caret-right\" viewBox=\"0 0 192 512\" xmlns=\"http:\/\/www.w3.org\/2000\/svg\"><path d=\"M0 384.662V127.338c0-17.818 21.543-26.741 34.142-14.142l128.662 128.662c7.81 7.81 7.81 20.474 0 28.284L34.142 398.804C21.543 411.404 0 402.48 0 384.662z\"><\/path><\/svg>\t\t\t\t\t\t<\/span>\n\t\t\t\t\t\t\t\t\t\t<span class=\"elementor-icon-list-text\">Obs\u0142uga Prawna Sprzeda\u017cy<\/span>\n\t\t\t\t\t\t\t\t\t\t\t<\/a>\n\t\t\t\t\t\t\t\t\t<\/li>\n\t\t\t\t\t\t\t\t<li class=\"elementor-icon-list-item\">\n\t\t\t\t\t\t\t\t\t\t\t<a href=\"https:\/\/fuster-associates.com\/services\/property-law-services\/buying-selling-property\/off-plan-property-purchases\/\">\n\n\t\t\t\t\t\t\t\t\t\t\t\t<span class=\"elementor-icon-list-icon\">\n\t\t\t\t\t\t\t<svg aria-hidden=\"true\" class=\"e-font-icon-svg e-fas-caret-right\" viewBox=\"0 0 192 512\" xmlns=\"http:\/\/www.w3.org\/2000\/svg\"><path d=\"M0 384.662V127.338c0-17.818 21.543-26.741 34.142-14.142l128.662 128.662c7.81 7.81 7.81 20.474 0 28.284L34.142 398.804C21.543 411.404 0 402.48 0 384.662z\"><\/path><\/svg>\t\t\t\t\t\t<\/span>\n\t\t\t\t\t\t\t\t\t\t<span class=\"elementor-icon-list-text\">Zakupy Nieruchomo\u015bci Na Rynku Pierwotnym<\/span>\n\t\t\t\t\t\t\t\t\t\t\t<\/a>\n\t\t\t\t\t\t\t\t\t<\/li>\n\t\t\t\t\t\t<\/ul>\n\t\t\t\t\t\t<\/div>\n\t\t\t\t\t<\/div>\n\t\t\t\t<\/div>\n\t\t\t\t<\/div>\n\t\t","protected":false},"excerpt":{"rendered":"<p>Kupno i Sprzeda\u017c Nieruchomo\u015bci w Hiszpanii Witamy w dziale us\u0142ug po\u015brednictwa w obrocie nieruchomo\u015bciami Fuster &amp; Associates. Zapewniamy fachow\u0105 pomoc prawn\u0105 dla os\u00f3b fizycznych i inwestor\u00f3w zaanga\u017cowanych w kupno lub sprzeda\u017c nieruchomo\u015bci w Hiszpanii. Nasi wyspecjalizowani prawnicy specjalizuj\u0105cy si\u0119 w obrocie nieruchomo\u015bciami oferuj\u0105 spersonalizowane wsparcie przy transakcjach kupna, sprzeda\u017cy i sprzeda\u017cy nieruchomo\u015bci. Niezale\u017cnie od tego, [&hellip;]<\/p>\n","protected":false},"author":7,"featured_media":0,"parent":28375,"menu_order":0,"comment_status":"closed","ping_status":"closed","template":"","meta":{"content-type":"","_sitemap_exclude":false,"_sitemap_priority":"","_sitemap_frequency":"","footnotes":""},"class_list":["post-30558","page","type-page","status-publish","hentry"],"yoast_head":"<!-- This site is optimized with the Yoast SEO plugin v27.3 - https:\/\/yoast.com\/product\/yoast-seo-wordpress\/ -->\n<title>Kupno i Sprzeda\u017c Nieruchomo\u015bci w Hiszpanii - Fuster &amp; Associates<\/title>\n<meta name=\"description\" content=\"Us\u0142ugi prawne zapewniaj\u0105ce bezpieczn\u0105 i sprawn\u0105 sprzeda\u017c oraz zakup nieruchomo\u015bci w Hiszpanii. Kompleksowe wsparcie w zakresie przeniesienia w\u0142asno\u015bci nieruchomo\u015bci. Unikaj kar i zapewnij zgodno\u015b\u0107 z przepisami.\" \/>\n<meta name=\"robots\" content=\"index, follow, max-snippet:-1, max-image-preview:large, max-video-preview:-1\" \/>\n<link rel=\"canonical\" href=\"https:\/\/fuster-associates.com\/pl\/uslugi\/uslugi-prawa-nieruchomosci\/kupno-sprzedaz-nieruchomosci\/\" \/>\n<meta property=\"og:locale\" content=\"pl_PL\" \/>\n<meta property=\"og:type\" content=\"article\" \/>\n<meta property=\"og:title\" content=\"Kupno i Sprzeda\u017c Nieruchomo\u015bci w Hiszpanii - Fuster &amp; Associates\" \/>\n<meta property=\"og:description\" content=\"Us\u0142ugi prawne zapewniaj\u0105ce bezpieczn\u0105 i sprawn\u0105 sprzeda\u017c oraz zakup nieruchomo\u015bci w Hiszpanii. Kompleksowe wsparcie w zakresie przeniesienia w\u0142asno\u015bci nieruchomo\u015bci. Unikaj kar i zapewnij zgodno\u015b\u0107 z przepisami.\" \/>\n<meta property=\"og:url\" content=\"https:\/\/fuster-associates.com\/pl\/uslugi\/uslugi-prawa-nieruchomosci\/kupno-sprzedaz-nieruchomosci\/\" \/>\n<meta property=\"og:site_name\" content=\"Fuster &amp; Associates\" \/>\n<meta property=\"article:publisher\" content=\"https:\/\/www.facebook.com\/fusterspain\/\" \/>\n<meta property=\"article:modified_time\" content=\"2025-09-03T09:18:47+00:00\" \/>\n<meta property=\"og:image\" content=\"https:\/\/fuster-associates.com\/wp-content\/uploads\/2020\/02\/slide-fuster-standard.jpg\" \/>\n\t<meta property=\"og:image:width\" content=\"1920\" \/>\n\t<meta property=\"og:image:height\" content=\"1280\" \/>\n\t<meta property=\"og:image:type\" content=\"image\/jpeg\" \/>\n<meta name=\"twitter:card\" content=\"summary_large_image\" \/>\n<meta name=\"twitter:site\" content=\"@FusterSpain\" \/>\n<meta name=\"twitter:label1\" content=\"Szacowany czas czytania\" \/>\n\t<meta name=\"twitter:data1\" content=\"1 minuta\" \/>\n<script type=\"application\/ld+json\" class=\"yoast-schema-graph\">{\"@context\":\"https:\\\/\\\/schema.org\",\"@graph\":[{\"@type\":\"WebPage\",\"@id\":\"https:\\\/\\\/fuster-associates.com\\\/pl\\\/uslugi\\\/uslugi-prawa-nieruchomosci\\\/kupno-sprzedaz-nieruchomosci\\\/\",\"url\":\"https:\\\/\\\/fuster-associates.com\\\/pl\\\/uslugi\\\/uslugi-prawa-nieruchomosci\\\/kupno-sprzedaz-nieruchomosci\\\/\",\"name\":\"Kupno i Sprzeda\u017c Nieruchomo\u015bci w Hiszpanii - Fuster & Associates\",\"isPartOf\":{\"@id\":\"https:\\\/\\\/fuster-associates.com\\\/pl\\\/#website\"},\"datePublished\":\"2025-07-17T09:59:43+00:00\",\"dateModified\":\"2025-09-03T09:18:47+00:00\",\"description\":\"Us\u0142ugi prawne zapewniaj\u0105ce bezpieczn\u0105 i sprawn\u0105 sprzeda\u017c oraz zakup nieruchomo\u015bci w Hiszpanii. Kompleksowe wsparcie w zakresie przeniesienia w\u0142asno\u015bci nieruchomo\u015bci. Unikaj kar i zapewnij zgodno\u015b\u0107 z przepisami.\",\"breadcrumb\":{\"@id\":\"https:\\\/\\\/fuster-associates.com\\\/pl\\\/uslugi\\\/uslugi-prawa-nieruchomosci\\\/kupno-sprzedaz-nieruchomosci\\\/#breadcrumb\"},\"inLanguage\":\"pl-PL\",\"potentialAction\":[{\"@type\":\"ReadAction\",\"target\":[\"https:\\\/\\\/fuster-associates.com\\\/pl\\\/uslugi\\\/uslugi-prawa-nieruchomosci\\\/kupno-sprzedaz-nieruchomosci\\\/\"]}]},{\"@type\":\"BreadcrumbList\",\"@id\":\"https:\\\/\\\/fuster-associates.com\\\/pl\\\/uslugi\\\/uslugi-prawa-nieruchomosci\\\/kupno-sprzedaz-nieruchomosci\\\/#breadcrumb\",\"itemListElement\":[{\"@type\":\"ListItem\",\"position\":1,\"name\":\"Dom\",\"item\":\"https:\\\/\\\/fuster-associates.com\\\/pl\\\/\"},{\"@type\":\"ListItem\",\"position\":2,\"name\":\"Us\u0142ugi\",\"item\":\"https:\\\/\\\/fuster-associates.com\\\/pl\\\/uslugi\\\/\"},{\"@type\":\"ListItem\",\"position\":3,\"name\":\"Us\u0142ugi Prawa Nieruchomo\u015bci\",\"item\":\"https:\\\/\\\/fuster-associates.com\\\/pl\\\/uslugi\\\/uslugi-prawa-nieruchomosci\\\/\"},{\"@type\":\"ListItem\",\"position\":4,\"name\":\"Kupno &amp; Sprzeda\u017c Nieruchomo\u015bci\"}]},{\"@type\":\"WebSite\",\"@id\":\"https:\\\/\\\/fuster-associates.com\\\/pl\\\/#website\",\"url\":\"https:\\\/\\\/fuster-associates.com\\\/pl\\\/\",\"name\":\"Fuster & Associates\",\"description\":\"Property Solicitors\",\"publisher\":{\"@id\":\"https:\\\/\\\/fuster-associates.com\\\/pl\\\/#organization\"},\"potentialAction\":[{\"@type\":\"SearchAction\",\"target\":{\"@type\":\"EntryPoint\",\"urlTemplate\":\"https:\\\/\\\/fuster-associates.com\\\/pl\\\/?s={search_term_string}\"},\"query-input\":{\"@type\":\"PropertyValueSpecification\",\"valueRequired\":true,\"valueName\":\"search_term_string\"}}],\"inLanguage\":\"pl-PL\"},{\"@type\":\"Organization\",\"@id\":\"https:\\\/\\\/fuster-associates.com\\\/pl\\\/#organization\",\"name\":\"FUSTER & ASSOCIATES\",\"url\":\"https:\\\/\\\/fuster-associates.com\\\/pl\\\/\",\"logo\":{\"@type\":\"ImageObject\",\"inLanguage\":\"pl-PL\",\"@id\":\"https:\\\/\\\/fuster-associates.com\\\/pl\\\/#\\\/schema\\\/logo\\\/image\\\/\",\"url\":\"https:\\\/\\\/fuster-associates.com\\\/wp-content\\\/uploads\\\/2018\\\/08\\\/logo-fuster-1.jpeg\",\"contentUrl\":\"https:\\\/\\\/fuster-associates.com\\\/wp-content\\\/uploads\\\/2018\\\/08\\\/logo-fuster-1.jpeg\",\"width\":180,\"height\":113,\"caption\":\"FUSTER & ASSOCIATES\"},\"image\":{\"@id\":\"https:\\\/\\\/fuster-associates.com\\\/pl\\\/#\\\/schema\\\/logo\\\/image\\\/\"},\"sameAs\":[\"https:\\\/\\\/www.facebook.com\\\/fusterspain\\\/\",\"https:\\\/\\\/x.com\\\/FusterSpain\",\"https:\\\/\\\/www.youtube.com\\\/channel\\\/UC2-kNuL1SoqlFizI47hmIOQ\",\"https:\\\/\\\/www.linkedin.com\\\/company\\\/fuster-&-associates\\\/\"]}]}<\/script>\n<!-- \/ Yoast SEO plugin. -->","yoast_head_json":{"title":"Kupno i Sprzeda\u017c Nieruchomo\u015bci w Hiszpanii - Fuster & Associates","description":"Us\u0142ugi prawne zapewniaj\u0105ce bezpieczn\u0105 i sprawn\u0105 sprzeda\u017c oraz zakup nieruchomo\u015bci w Hiszpanii. Kompleksowe wsparcie w zakresie przeniesienia w\u0142asno\u015bci nieruchomo\u015bci. Unikaj kar i zapewnij zgodno\u015b\u0107 z przepisami.","robots":{"index":"index","follow":"follow","max-snippet":"max-snippet:-1","max-image-preview":"max-image-preview:large","max-video-preview":"max-video-preview:-1"},"canonical":"https:\/\/fuster-associates.com\/pl\/uslugi\/uslugi-prawa-nieruchomosci\/kupno-sprzedaz-nieruchomosci\/","og_locale":"pl_PL","og_type":"article","og_title":"Kupno i Sprzeda\u017c Nieruchomo\u015bci w Hiszpanii - Fuster & Associates","og_description":"Us\u0142ugi prawne zapewniaj\u0105ce bezpieczn\u0105 i sprawn\u0105 sprzeda\u017c oraz zakup nieruchomo\u015bci w Hiszpanii. Kompleksowe wsparcie w zakresie przeniesienia w\u0142asno\u015bci nieruchomo\u015bci. Unikaj kar i zapewnij zgodno\u015b\u0107 z przepisami.","og_url":"https:\/\/fuster-associates.com\/pl\/uslugi\/uslugi-prawa-nieruchomosci\/kupno-sprzedaz-nieruchomosci\/","og_site_name":"Fuster &amp; Associates","article_publisher":"https:\/\/www.facebook.com\/fusterspain\/","article_modified_time":"2025-09-03T09:18:47+00:00","og_image":[{"width":1920,"height":1280,"url":"https:\/\/fuster-associates.com\/wp-content\/uploads\/2020\/02\/slide-fuster-standard.jpg","type":"image\/jpeg"}],"twitter_card":"summary_large_image","twitter_site":"@FusterSpain","twitter_misc":{"Szacowany czas czytania":"1 minuta"},"schema":{"@context":"https:\/\/schema.org","@graph":[{"@type":"WebPage","@id":"https:\/\/fuster-associates.com\/pl\/uslugi\/uslugi-prawa-nieruchomosci\/kupno-sprzedaz-nieruchomosci\/","url":"https:\/\/fuster-associates.com\/pl\/uslugi\/uslugi-prawa-nieruchomosci\/kupno-sprzedaz-nieruchomosci\/","name":"Kupno i Sprzeda\u017c Nieruchomo\u015bci w Hiszpanii - Fuster & Associates","isPartOf":{"@id":"https:\/\/fuster-associates.com\/pl\/#website"},"datePublished":"2025-07-17T09:59:43+00:00","dateModified":"2025-09-03T09:18:47+00:00","description":"Us\u0142ugi prawne zapewniaj\u0105ce bezpieczn\u0105 i sprawn\u0105 sprzeda\u017c oraz zakup nieruchomo\u015bci w Hiszpanii. Kompleksowe wsparcie w zakresie przeniesienia w\u0142asno\u015bci nieruchomo\u015bci. Unikaj kar i zapewnij zgodno\u015b\u0107 z przepisami.","breadcrumb":{"@id":"https:\/\/fuster-associates.com\/pl\/uslugi\/uslugi-prawa-nieruchomosci\/kupno-sprzedaz-nieruchomosci\/#breadcrumb"},"inLanguage":"pl-PL","potentialAction":[{"@type":"ReadAction","target":["https:\/\/fuster-associates.com\/pl\/uslugi\/uslugi-prawa-nieruchomosci\/kupno-sprzedaz-nieruchomosci\/"]}]},{"@type":"BreadcrumbList","@id":"https:\/\/fuster-associates.com\/pl\/uslugi\/uslugi-prawa-nieruchomosci\/kupno-sprzedaz-nieruchomosci\/#breadcrumb","itemListElement":[{"@type":"ListItem","position":1,"name":"Dom","item":"https:\/\/fuster-associates.com\/pl\/"},{"@type":"ListItem","position":2,"name":"Us\u0142ugi","item":"https:\/\/fuster-associates.com\/pl\/uslugi\/"},{"@type":"ListItem","position":3,"name":"Us\u0142ugi Prawa Nieruchomo\u015bci","item":"https:\/\/fuster-associates.com\/pl\/uslugi\/uslugi-prawa-nieruchomosci\/"},{"@type":"ListItem","position":4,"name":"Kupno &amp; Sprzeda\u017c Nieruchomo\u015bci"}]},{"@type":"WebSite","@id":"https:\/\/fuster-associates.com\/pl\/#website","url":"https:\/\/fuster-associates.com\/pl\/","name":"Fuster & Associates","description":"Property Solicitors","publisher":{"@id":"https:\/\/fuster-associates.com\/pl\/#organization"},"potentialAction":[{"@type":"SearchAction","target":{"@type":"EntryPoint","urlTemplate":"https:\/\/fuster-associates.com\/pl\/?s={search_term_string}"},"query-input":{"@type":"PropertyValueSpecification","valueRequired":true,"valueName":"search_term_string"}}],"inLanguage":"pl-PL"},{"@type":"Organization","@id":"https:\/\/fuster-associates.com\/pl\/#organization","name":"FUSTER & ASSOCIATES","url":"https:\/\/fuster-associates.com\/pl\/","logo":{"@type":"ImageObject","inLanguage":"pl-PL","@id":"https:\/\/fuster-associates.com\/pl\/#\/schema\/logo\/image\/","url":"https:\/\/fuster-associates.com\/wp-content\/uploads\/2018\/08\/logo-fuster-1.jpeg","contentUrl":"https:\/\/fuster-associates.com\/wp-content\/uploads\/2018\/08\/logo-fuster-1.jpeg","width":180,"height":113,"caption":"FUSTER & ASSOCIATES"},"image":{"@id":"https:\/\/fuster-associates.com\/pl\/#\/schema\/logo\/image\/"},"sameAs":["https:\/\/www.facebook.com\/fusterspain\/","https:\/\/x.com\/FusterSpain","https:\/\/www.youtube.com\/channel\/UC2-kNuL1SoqlFizI47hmIOQ","https:\/\/www.linkedin.com\/company\/fuster-&-associates\/"]}]}},"_links":{"self":[{"href":"https:\/\/fuster-associates.com\/pl\/wp-json\/wp\/v2\/pages\/30558","targetHints":{"allow":["GET"]}}],"collection":[{"href":"https:\/\/fuster-associates.com\/pl\/wp-json\/wp\/v2\/pages"}],"about":[{"href":"https:\/\/fuster-associates.com\/pl\/wp-json\/wp\/v2\/types\/page"}],"author":[{"embeddable":true,"href":"https:\/\/fuster-associates.com\/pl\/wp-json\/wp\/v2\/users\/7"}],"replies":[{"embeddable":true,"href":"https:\/\/fuster-associates.com\/pl\/wp-json\/wp\/v2\/comments?post=30558"}],"version-history":[{"count":2,"href":"https:\/\/fuster-associates.com\/pl\/wp-json\/wp\/v2\/pages\/30558\/revisions"}],"predecessor-version":[{"id":33647,"href":"https:\/\/fuster-associates.com\/pl\/wp-json\/wp\/v2\/pages\/30558\/revisions\/33647"}],"up":[{"embeddable":true,"href":"https:\/\/fuster-associates.com\/pl\/wp-json\/wp\/v2\/pages\/28375"}],"wp:attachment":[{"href":"https:\/\/fuster-associates.com\/pl\/wp-json\/wp\/v2\/media?parent=30558"}],"curies":[{"name":"wp","href":"https:\/\/api.w.org\/{rel}","templated":true}]}}