{"id":28833,"date":"2025-02-14T12:44:33","date_gmt":"2025-02-14T11:44:33","guid":{"rendered":"https:\/\/fuster2.kustom.es\/closing-days\/"},"modified":"2026-01-15T08:53:45","modified_gmt":"2026-01-15T07:53:45","slug":"dni-zamkniecia","status":"publish","type":"page","link":"https:\/\/fuster-associates.com\/pl\/dni-zamkniecia\/","title":{"rendered":"Dni zamkni\u0119cia"},"content":{"rendered":"\t\t<div data-elementor-type=\"wp-page\" data-elementor-id=\"28833\" class=\"elementor elementor-28833 elementor-22137\" data-elementor-post-type=\"page\">\n\t\t\t\t<div class=\"elementor-element elementor-element-03c0a92 e-flex e-con-boxed e-con e-parent\" data-id=\"03c0a92\" data-element_type=\"container\" data-e-type=\"container\" data-settings=\"{&quot;background_background&quot;:&quot;classic&quot;}\">\n\t\t\t\t\t<div class=\"e-con-inner\">\n\t\t\t\t<div class=\"elementor-element elementor-element-a504552 elementor-invisible elementor-widget elementor-widget-heading\" data-id=\"a504552\" data-element_type=\"widget\" data-e-type=\"widget\" data-settings=\"{&quot;_animation&quot;:&quot;fadeInDown&quot;}\" data-widget_type=\"heading.default\">\n\t\t\t\t\t<h1 class=\"elementor-heading-title elementor-size-default\">Dni zamkni\u0119cia<\/h1>\t\t\t\t<\/div>\n\t\t\t\t<div class=\"elementor-element elementor-element-3cc2c73 elementor-invisible elementor-widget elementor-widget-breadcrumbs\" data-id=\"3cc2c73\" data-element_type=\"widget\" data-e-type=\"widget\" data-settings=\"{&quot;_animation&quot;:&quot;fadeInUp&quot;}\" data-widget_type=\"breadcrumbs.default\">\n\t\t\t\t\t<p id=\"breadcrumbs\"><span><span><a href=\"https:\/\/fuster-associates.com\/pl\/\">Dom<\/a><\/span><\/span><\/p>\t\t\t\t<\/div>\n\t\t\t\t\t<\/div>\n\t\t\t\t<\/div>\n\t\t<div class=\"elementor-element elementor-element-527a8bb e-flex e-con-boxed e-con e-parent\" data-id=\"527a8bb\" data-element_type=\"container\" data-e-type=\"container\" data-settings=\"{&quot;background_motion_fx_devices&quot;:[&quot;widescreen&quot;,&quot;desktop&quot;,&quot;laptop&quot;,&quot;tablet_extra&quot;,&quot;tablet&quot;,&quot;mobile_extra&quot;,&quot;mobile&quot;]}\">\n\t\t\t\t\t<div class=\"e-con-inner\">\n\t\t\t\t<div class=\"elementor-element elementor-element-6e666b8 elementor-invisible elementor-widget elementor-widget-heading\" data-id=\"6e666b8\" data-element_type=\"widget\" data-e-type=\"widget\" data-settings=\"{&quot;_animation&quot;:&quot;fadeIn&quot;}\" data-widget_type=\"heading.default\">\n\t\t\t\t\t<h3 class=\"elementor-heading-title elementor-size-default\">Dni zamkni\u0119cia wed\u0142ug biur<\/h3>\t\t\t\t<\/div>\n\t\t<div class=\"elementor-element elementor-element-b100051 e-con-full e-grid e-con e-child\" data-id=\"b100051\" data-element_type=\"container\" data-e-type=\"container\">\n\t\t<div class=\"elementor-element elementor-element-344fa1d e-con-full e-flex elementor-invisible e-con e-child\" data-id=\"344fa1d\" data-element_type=\"container\" data-e-type=\"container\" data-settings=\"{&quot;background_background&quot;:&quot;classic&quot;,&quot;animation&quot;:&quot;fadeInUp&quot;}\">\n\t\t\t\t<div class=\"elementor-element elementor-element-8ec4901 elementor-widget elementor-widget-heading\" data-id=\"8ec4901\" data-element_type=\"widget\" data-e-type=\"widget\" data-widget_type=\"heading.default\">\n\t\t\t\t\t<h4 class=\"elementor-heading-title elementor-size-default\">San Juan de los Terreros, Pulp\u00ed<\/h4>\t\t\t\t<\/div>\n\t\t\t\t<div class=\"elementor-element elementor-element-9ca36a2 elementor-widget elementor-widget-text-editor\" data-id=\"9ca36a2\" data-element_type=\"widget\" data-e-type=\"widget\" data-widget_type=\"text-editor.default\">\n\t\t\t\t\t\t\t\t\t<ul><li>1 stycznia (Nowy Rok)<\/li><li>6 stycznia (Objawienie Pa\u0144skie)<\/li><li>28 lutego (Dzie\u0144 Andaluzji)<\/li><li>27 marca (lokalne \u015bwi\u0119to w San Juan de los Terreros-Pulp\u00ed)<\/li><li>2 kwietnia (Wielki Czwartek)<\/li><li>3 kwietnia (Wielki Pi\u0105tek)<\/li><li>1 maja (\u015awi\u0119to Pracy)<\/li><li>24 czerwca (San Juan)<\/li><li>15 sierpnia (Wniebowzi\u0119cie Naj\u015bwi\u0119tszej Maryi Panny)<\/li><li>17\u201331 sierpnia (przerwa letnia)<\/li><li>29 wrze\u015bnia (lokalne \u015bwi\u0119to w San Juan de los Terreros-Pulp\u00ed)<\/li><li>12 pa\u017adziernika (Dzie\u0144 Latynos\u00f3w)<\/li><li>2 listopada (poniedzia\u0142ek po Wszystkich \u015awi\u0119tych)<\/li><li>7 grudnia (poniedzia\u0142ek po Dniu Konstytucji Hiszpanii)<\/li><li>8 grudnia (Niepokalane Pocz\u0119cie)<\/li><\/ul><p><strong>\u015awi\u0119ta Bo\u017cego Narodzenia:<\/strong> od 24 grudnia do 7 stycznia 2027 r. w\u0142\u0105cznie.<\/p>\t\t\t\t\t\t\t\t<\/div>\n\t\t\t\t<\/div>\n\t\t<div class=\"elementor-element elementor-element-ae98645 e-con-full e-flex elementor-invisible e-con e-child\" data-id=\"ae98645\" data-element_type=\"container\" data-e-type=\"container\" data-settings=\"{&quot;background_background&quot;:&quot;classic&quot;,&quot;animation&quot;:&quot;fadeInUp&quot;}\">\n\t\t\t\t<div class=\"elementor-element elementor-element-be252d8 elementor-widget elementor-widget-heading\" data-id=\"be252d8\" data-element_type=\"widget\" data-e-type=\"widget\" data-widget_type=\"heading.default\">\n\t\t\t\t\t<h4 class=\"elementor-heading-title elementor-size-default\">Los Alc\u00e1zares, Murcia<\/h4>\t\t\t\t<\/div>\n\t\t\t\t<div class=\"elementor-element elementor-element-8289a49 elementor-widget elementor-widget-text-editor\" data-id=\"8289a49\" data-element_type=\"widget\" data-e-type=\"widget\" data-widget_type=\"text-editor.default\">\n\t\t\t\t\t\t\t\t\t<ul><li>1 stycznia (Nowy Rok)<\/li><li>6 stycznia (Objawienie Pa\u0144skie)<\/li><li>19 marca (Dzie\u0144 \u015bw. J\u00f3zefa)<\/li><li>2 kwietnia (Wielki Czwartek)<\/li><li>3 kwietnia (Wielki Pi\u0105tek)<\/li><li>6 kwietnia (lokalne \u015bwi\u0119to w Los Alc\u00e1zares)<\/li><li>1 maja (\u015awi\u0119to Pracy)<\/li><li>9 czerwca (Dzie\u0144 Regionu Murcji)<\/li><li>15 sierpnia (Wniebowzi\u0119cie Naj\u015bwi\u0119tszej Maryi Panny)<\/li><li>17\u201331 sierpnia (przerwa letnia)<\/li><li>12 pa\u017adziernika (Dzie\u0144 Latynos\u00f3w)<\/li><li>13 pa\u017adziernika (lokalne \u015bwi\u0119to w Los Alc\u00e1zares)<\/li><li>7 grudnia (poniedzia\u0142ek po Dniu Konstytucji Hiszpanii)<\/li><li>8 grudnia (Niepokalane Pocz\u0119cie)<\/li><\/ul><p><strong>\u015awi\u0119ta Bo\u017cego Narodzenia:<\/strong> od 24 grudnia do 7 stycznia 2027 r. w\u0142\u0105cznie.<\/p>\t\t\t\t\t\t\t\t<\/div>\n\t\t\t\t<\/div>\n\t\t<div class=\"elementor-element elementor-element-5311d31 e-con-full e-flex elementor-invisible e-con e-child\" data-id=\"5311d31\" data-element_type=\"container\" data-e-type=\"container\" data-settings=\"{&quot;background_background&quot;:&quot;classic&quot;,&quot;animation&quot;:&quot;fadeInUp&quot;}\">\n\t\t\t\t<div class=\"elementor-element elementor-element-5ac5e3c elementor-widget elementor-widget-heading\" data-id=\"5ac5e3c\" data-element_type=\"widget\" data-e-type=\"widget\" data-widget_type=\"heading.default\">\n\t\t\t\t\t<h4 class=\"elementor-heading-title elementor-size-default\">Murcia, Murcia<\/h4>\t\t\t\t<\/div>\n\t\t\t\t<div class=\"elementor-element elementor-element-a59d780 elementor-widget elementor-widget-text-editor\" data-id=\"a59d780\" data-element_type=\"widget\" data-e-type=\"widget\" data-widget_type=\"text-editor.default\">\n\t\t\t\t\t\t\t\t\t<ul><li>1 stycznia (Nowy Rok)<\/li><li>6 stycznia (Objawienie Kr\u00f3le)<\/li><li>19 marca (Dzie\u0144 \u015bw. J\u00f3zefa)<\/li><li>2 kwietnia (Wielki Czwartek)<\/li><li>3 kwietnia (Wielki Pi\u0105tek)<\/li><li>7 kwietnia (lokalne \u015bwi\u0119to w Murcji)<\/li><li>1 maja (\u015awi\u0119to Pracy)<\/li><li>9 czerwca (Dzie\u0144 Regionu Murcji)<\/li><li>15 sierpnia (Wniebowzi\u0119cie Naj\u015bwi\u0119tszej Maryi Panny)<\/li><li>17\u201331 sierpnia (przerwa letnia)<\/li><li>15 wrze\u015bnia (lokalne \u015bwi\u0119to w Murcji)<\/li><li>12 pa\u017adziernika (Dzie\u0144 Latynos\u00f3w)<\/li><li>7 grudnia (poniedzia\u0142ek po Dniu Konstytucji Hiszpanii)<\/li><li>8 grudnia (Niepokalane Pocz\u0119cie)<\/li><\/ul><p><strong>\u015awi\u0119ta Bo\u017cego Narodzenia:<\/strong> od 24 grudnia do 7 stycznia 2027 r. w\u0142\u0105cznie.<\/p>\t\t\t\t\t\t\t\t<\/div>\n\t\t\t\t<\/div>\n\t\t<div class=\"elementor-element elementor-element-7c91ae4 e-con-full e-flex elementor-invisible e-con e-child\" data-id=\"7c91ae4\" data-element_type=\"container\" data-e-type=\"container\" data-settings=\"{&quot;background_background&quot;:&quot;classic&quot;,&quot;animation&quot;:&quot;fadeInUp&quot;}\">\n\t\t\t\t<div class=\"elementor-element elementor-element-aa67b53 elementor-widget elementor-widget-heading\" data-id=\"aa67b53\" data-element_type=\"widget\" data-e-type=\"widget\" data-widget_type=\"heading.default\">\n\t\t\t\t\t<h4 class=\"elementor-heading-title elementor-size-default\">La Zenia, Alicante<\/h4>\t\t\t\t<\/div>\n\t\t\t\t<div class=\"elementor-element elementor-element-9160f2b elementor-widget elementor-widget-text-editor\" data-id=\"9160f2b\" data-element_type=\"widget\" data-e-type=\"widget\" data-widget_type=\"text-editor.default\">\n\t\t\t\t\t\t\t\t\t<ul><li>1 stycznia (Nowy Rok)<\/li><li>6 stycznia (Objawienie Pa\u0144skie)<\/li><li>19 marca (Dzie\u0144 \u015bw. J\u00f3zefa)<\/li><li>3 kwietnia (Wielki Pi\u0105tek)<\/li><li>6 kwietnia (Poniedzia\u0142ek Wielkanocny)<\/li><li>1 maja (\u015awi\u0119to Pracy)<\/li><li>24 czerwca (San Juan)<\/li><li>17 lipca (lokalne \u015bwi\u0119to Orihuela \u2013 La Zenia)<\/li><li>15 sierpnia (Wniebowzi\u0119cie Naj\u015bwi\u0119tszej Maryi Panny)<\/li><li>17\u201331 sierpnia (przerwa letnia)<\/li><li>8 wrze\u015bnia (lokalne \u015bwi\u0119to w Orihuela \u2013 La Zenia)<\/li><li>9 pa\u017adziernika (Dzie\u0144 Wsp\u00f3lnoty Walenckiej)<\/li><li>12 pa\u017adziernika (Dzie\u0144 Latynos\u00f3w)<\/li><li>7 grudnia (poniedzia\u0142ek po Dniu Konstytucji Hiszpanii)<\/li><li>8 grudnia (Niepokalane Pocz\u0119cie)<\/li><\/ul><p><strong>\u015awi\u0119ta Bo\u017cego Narodzenia:<\/strong> od 24 grudnia do 7 stycznia 2027 r. w\u0142\u0105cznie.<\/p>\t\t\t\t\t\t\t\t<\/div>\n\t\t\t\t<\/div>\n\t\t<div class=\"elementor-element elementor-element-f8ed16a e-con-full e-flex elementor-invisible e-con e-child\" data-id=\"f8ed16a\" data-element_type=\"container\" data-e-type=\"container\" data-settings=\"{&quot;background_background&quot;:&quot;classic&quot;,&quot;animation&quot;:&quot;fadeInUp&quot;}\">\n\t\t\t\t<div class=\"elementor-element elementor-element-604fd35 elementor-widget elementor-widget-heading\" data-id=\"604fd35\" data-element_type=\"widget\" data-e-type=\"widget\" data-widget_type=\"heading.default\">\n\t\t\t\t\t<h4 class=\"elementor-heading-title elementor-size-default\">Finestrat, Alicante<\/h4>\t\t\t\t<\/div>\n\t\t\t\t<div class=\"elementor-element elementor-element-9d21ecb elementor-widget elementor-widget-text-editor\" data-id=\"9d21ecb\" data-element_type=\"widget\" data-e-type=\"widget\" data-widget_type=\"text-editor.default\">\n\t\t\t\t\t\t\t\t\t<ul><li>1 stycznia (Nowy Rok)<\/li><li>6 stycznia (Objawienie Pa\u0144skie)<\/li><li>19 marca (Dzie\u0144 \u015bw. J\u00f3zefa)<\/li><li>3 kwietnia (Wielki Pi\u0105tek)<\/li><li>6 kwietnia (Poniedzia\u0142ek Wielkanocny)<\/li><li>1 maja (\u015awi\u0119to Pracy)<\/li><li>24 czerwca (San Juan)<\/li><li>15 sierpnia (Wniebowzi\u0119cie Naj\u015bwi\u0119tszej Maryi Panny)<\/li><li>17\u201331 sierpnia (przerwa letnia)<\/li><li>21 i 24 sierpnia (lokalne \u015bwi\u0119to w Finestrat)<\/li><li>9 pa\u017adziernika (Dzie\u0144 Wsp\u00f3lnoty Walenckiej)<\/li><li>12 pa\u017adziernika (Dzie\u0144 Latynos\u00f3w)<\/li><li>7 grudnia (poniedzia\u0142ek po Dniu Konstytucji Hiszpanii)<\/li><li>8 grudnia (Niepokalane Pocz\u0119cie)<\/li><\/ul><p><strong>\u015awi\u0119ta Bo\u017cego Narodzenia:<\/strong> od 24 grudnia do 7 stycznia 2027 r. w\u0142\u0105cznie.<\/p>\t\t\t\t\t\t\t\t<\/div>\n\t\t\t\t<\/div>\n\t\t<div class=\"elementor-element elementor-element-1d3db44 e-con-full e-flex elementor-invisible e-con e-child\" data-id=\"1d3db44\" data-element_type=\"container\" data-e-type=\"container\" data-settings=\"{&quot;background_background&quot;:&quot;classic&quot;,&quot;animation&quot;:&quot;fadeInUp&quot;}\">\n\t\t\t\t<div class=\"elementor-element elementor-element-240e32a elementor-widget elementor-widget-heading\" data-id=\"240e32a\" data-element_type=\"widget\" data-e-type=\"widget\" data-widget_type=\"heading.default\">\n\t\t\t\t\t<h4 class=\"elementor-heading-title elementor-size-default\"><span>Teulada<\/span>, Alicante<\/h4>\t\t\t\t<\/div>\n\t\t\t\t<div class=\"elementor-element elementor-element-ac1e8f2 elementor-widget elementor-widget-text-editor\" data-id=\"ac1e8f2\" data-element_type=\"widget\" data-e-type=\"widget\" data-widget_type=\"text-editor.default\">\n\t\t\t\t\t\t\t\t\t<ul>\n<li>1 stycznia (Nowy Rok)<\/li>\n<li>6 stycznia (Objawienie Pa\u0144skie)<\/li>\n<li>19 marca (Dzie\u0144 \u015bw. J\u00f3zefa)<\/li>\n<li>3 kwietnia (Wielki Pi\u0105tek)<\/li>\n<li>6 kwietnia (Poniedzia\u0142ek Wielkanocny)<\/li>\n<li>13 kwietnia (lokalne \u015bwi\u0119to w Teulada)<\/li>\n<li>1 maja (\u015awi\u0119to Pracy)<\/li>\n<li>24 czerwca (San Juan)<\/li>\n<li>15 lipca (lokalne \u015bwi\u0119to w Teulada)<\/li>\n<li>15 sierpnia (Wniebowzi\u0119cie Naj\u015bwi\u0119tszej Maryi Panny)<\/li>\n<li>17\u201331 sierpnia (przerwa letnia)<\/li>\n<li>9 pa\u017adziernika (Dzie\u0144 Wsp\u00f3lnoty Walenckiej)<\/li>\n<li>7 grudnia (poniedzia\u0142ek po Dniu Konstytucji Hiszpanii)<\/li>\n<li>8 grudnia (Niepokalane Pocz\u0119cie)<\/li>\n<\/ul>\n<p><strong>\u015awi\u0119ta Bo\u017cego Narodzenia:<\/strong> od 24 grudnia do 7 stycznia 2027 r. w\u0142\u0105cznie.<\/p>\t\t\t\t\t\t\t\t<\/div>\n\t\t\t\t<\/div>\n\t\t\t\t<\/div>\n\t\t\t\t\t<\/div>\n\t\t\t\t<\/div>\n\t\t\t\t<\/div>\n\t\t","protected":false},"excerpt":{"rendered":"<p>Dni zamkni\u0119cia wed\u0142ug biur San Juan de los Terreros, Pulp\u00ed 1 stycznia (Nowy Rok) 6 stycznia (Objawienie Pa\u0144skie) 28 lutego (Dzie\u0144 Andaluzji) 27 marca (lokalne \u015bwi\u0119to w San Juan de los Terreros-Pulp\u00ed) 2 kwietnia (Wielki Czwartek) 3 kwietnia (Wielki Pi\u0105tek) 1 maja (\u015awi\u0119to Pracy) 24 czerwca (San Juan) 15 sierpnia (Wniebowzi\u0119cie Naj\u015bwi\u0119tszej Maryi Panny) 17\u201331 [&hellip;]<\/p>\n","protected":false},"author":1,"featured_media":0,"parent":0,"menu_order":0,"comment_status":"closed","ping_status":"closed","template":"","meta":{"content-type":"","_sitemap_exclude":false,"_sitemap_priority":"","_sitemap_frequency":"","footnotes":""},"class_list":["post-28833","page","type-page","status-publish","hentry"],"yoast_head":"<!-- This site is optimized with the Yoast SEO plugin v27.4 - https:\/\/yoast.com\/product\/yoast-seo-wordpress\/ -->\n<title>Informacje o \u015bwi\u0119tach pa\u0144stwowych i lokalnych \u2013 Fuster &amp; Associates<\/title>\n<meta name=\"description\" content=\"B\u0105d\u017a na bie\u017c\u0105co z harmonogramem zamkni\u0119\u0107 wielu biur Fuster &amp; Associates w Hiszpanii.\" \/>\n<meta name=\"robots\" content=\"index, follow, max-snippet:-1, max-image-preview:large, max-video-preview:-1\" \/>\n<link rel=\"canonical\" href=\"https:\/\/fuster-associates.com\/pl\/dni-zamkniecia\/\" \/>\n<meta property=\"og:locale\" content=\"pl_PL\" \/>\n<meta property=\"og:type\" content=\"article\" \/>\n<meta property=\"og:title\" content=\"Informacje o \u015bwi\u0119tach pa\u0144stwowych i lokalnych \u2013 Fuster &amp; Associates\" \/>\n<meta property=\"og:description\" content=\"B\u0105d\u017a na bie\u017c\u0105co z harmonogramem zamkni\u0119\u0107 wielu biur Fuster &amp; Associates w Hiszpanii.\" \/>\n<meta property=\"og:url\" content=\"https:\/\/fuster-associates.com\/pl\/dni-zamkniecia\/\" \/>\n<meta property=\"og:site_name\" content=\"Fuster &amp; Associates\" \/>\n<meta property=\"article:publisher\" content=\"https:\/\/www.facebook.com\/fusterspain\/\" \/>\n<meta property=\"article:modified_time\" content=\"2026-01-15T07:53:45+00:00\" \/>\n<meta property=\"og:image\" content=\"https:\/\/fuster-associates.com\/wp-content\/uploads\/2020\/02\/slide-fuster-standard.jpg\" \/>\n\t<meta property=\"og:image:width\" content=\"1920\" \/>\n\t<meta property=\"og:image:height\" content=\"1280\" \/>\n\t<meta property=\"og:image:type\" content=\"image\/jpeg\" \/>\n<meta name=\"twitter:card\" content=\"summary_large_image\" \/>\n<meta name=\"twitter:site\" content=\"@FusterSpain\" \/>\n<meta name=\"twitter:label1\" content=\"Szacowany czas czytania\" \/>\n\t<meta name=\"twitter:data1\" content=\"4 minuty\" \/>\n<script type=\"application\/ld+json\" class=\"yoast-schema-graph\">{\"@context\":\"https:\\\/\\\/schema.org\",\"@graph\":[{\"@type\":\"WebPage\",\"@id\":\"https:\\\/\\\/fuster-associates.com\\\/pl\\\/dni-zamkniecia\\\/\",\"url\":\"https:\\\/\\\/fuster-associates.com\\\/pl\\\/dni-zamkniecia\\\/\",\"name\":\"Informacje o \u015bwi\u0119tach pa\u0144stwowych i lokalnych \u2013 Fuster & Associates\",\"isPartOf\":{\"@id\":\"https:\\\/\\\/fuster-associates.com\\\/pl\\\/#website\"},\"datePublished\":\"2025-02-14T11:44:33+00:00\",\"dateModified\":\"2026-01-15T07:53:45+00:00\",\"description\":\"B\u0105d\u017a na bie\u017c\u0105co z harmonogramem zamkni\u0119\u0107 wielu biur Fuster & Associates w Hiszpanii.\",\"breadcrumb\":{\"@id\":\"https:\\\/\\\/fuster-associates.com\\\/pl\\\/dni-zamkniecia\\\/#breadcrumb\"},\"inLanguage\":\"pl-PL\",\"potentialAction\":[{\"@type\":\"ReadAction\",\"target\":[\"https:\\\/\\\/fuster-associates.com\\\/pl\\\/dni-zamkniecia\\\/\"]}]},{\"@type\":\"BreadcrumbList\",\"@id\":\"https:\\\/\\\/fuster-associates.com\\\/pl\\\/dni-zamkniecia\\\/#breadcrumb\",\"itemListElement\":[{\"@type\":\"ListItem\",\"position\":1,\"name\":\"Dom\",\"item\":\"https:\\\/\\\/fuster-associates.com\\\/pl\\\/\"},{\"@type\":\"ListItem\",\"position\":2,\"name\":\"Dni zamkni\u0119cia\"}]},{\"@type\":\"WebSite\",\"@id\":\"https:\\\/\\\/fuster-associates.com\\\/pl\\\/#website\",\"url\":\"https:\\\/\\\/fuster-associates.com\\\/pl\\\/\",\"name\":\"Fuster & Associates\",\"description\":\"Property Solicitors\",\"publisher\":{\"@id\":\"https:\\\/\\\/fuster-associates.com\\\/pl\\\/#organization\"},\"potentialAction\":[{\"@type\":\"SearchAction\",\"target\":{\"@type\":\"EntryPoint\",\"urlTemplate\":\"https:\\\/\\\/fuster-associates.com\\\/pl\\\/?s={search_term_string}\"},\"query-input\":{\"@type\":\"PropertyValueSpecification\",\"valueRequired\":true,\"valueName\":\"search_term_string\"}}],\"inLanguage\":\"pl-PL\"},{\"@type\":\"Organization\",\"@id\":\"https:\\\/\\\/fuster-associates.com\\\/pl\\\/#organization\",\"name\":\"FUSTER & ASSOCIATES\",\"url\":\"https:\\\/\\\/fuster-associates.com\\\/pl\\\/\",\"logo\":{\"@type\":\"ImageObject\",\"inLanguage\":\"pl-PL\",\"@id\":\"https:\\\/\\\/fuster-associates.com\\\/pl\\\/#\\\/schema\\\/logo\\\/image\\\/\",\"url\":\"https:\\\/\\\/fuster-associates.com\\\/wp-content\\\/uploads\\\/2018\\\/08\\\/logo-fuster-1.jpeg\",\"contentUrl\":\"https:\\\/\\\/fuster-associates.com\\\/wp-content\\\/uploads\\\/2018\\\/08\\\/logo-fuster-1.jpeg\",\"width\":180,\"height\":113,\"caption\":\"FUSTER & ASSOCIATES\"},\"image\":{\"@id\":\"https:\\\/\\\/fuster-associates.com\\\/pl\\\/#\\\/schema\\\/logo\\\/image\\\/\"},\"sameAs\":[\"https:\\\/\\\/www.facebook.com\\\/fusterspain\\\/\",\"https:\\\/\\\/x.com\\\/FusterSpain\",\"https:\\\/\\\/www.youtube.com\\\/channel\\\/UC2-kNuL1SoqlFizI47hmIOQ\",\"https:\\\/\\\/www.linkedin.com\\\/company\\\/fuster-&-associates\\\/\"]}]}<\/script>\n<!-- \/ Yoast SEO plugin. -->","yoast_head_json":{"title":"Informacje o \u015bwi\u0119tach pa\u0144stwowych i lokalnych \u2013 Fuster & Associates","description":"B\u0105d\u017a na bie\u017c\u0105co z harmonogramem zamkni\u0119\u0107 wielu biur Fuster & Associates w Hiszpanii.","robots":{"index":"index","follow":"follow","max-snippet":"max-snippet:-1","max-image-preview":"max-image-preview:large","max-video-preview":"max-video-preview:-1"},"canonical":"https:\/\/fuster-associates.com\/pl\/dni-zamkniecia\/","og_locale":"pl_PL","og_type":"article","og_title":"Informacje o \u015bwi\u0119tach pa\u0144stwowych i lokalnych \u2013 Fuster & Associates","og_description":"B\u0105d\u017a na bie\u017c\u0105co z harmonogramem zamkni\u0119\u0107 wielu biur Fuster & Associates w Hiszpanii.","og_url":"https:\/\/fuster-associates.com\/pl\/dni-zamkniecia\/","og_site_name":"Fuster &amp; Associates","article_publisher":"https:\/\/www.facebook.com\/fusterspain\/","article_modified_time":"2026-01-15T07:53:45+00:00","og_image":[{"width":1920,"height":1280,"url":"https:\/\/fuster-associates.com\/wp-content\/uploads\/2020\/02\/slide-fuster-standard.jpg","type":"image\/jpeg"}],"twitter_card":"summary_large_image","twitter_site":"@FusterSpain","twitter_misc":{"Szacowany czas czytania":"4 minuty"},"schema":{"@context":"https:\/\/schema.org","@graph":[{"@type":"WebPage","@id":"https:\/\/fuster-associates.com\/pl\/dni-zamkniecia\/","url":"https:\/\/fuster-associates.com\/pl\/dni-zamkniecia\/","name":"Informacje o \u015bwi\u0119tach pa\u0144stwowych i lokalnych \u2013 Fuster & Associates","isPartOf":{"@id":"https:\/\/fuster-associates.com\/pl\/#website"},"datePublished":"2025-02-14T11:44:33+00:00","dateModified":"2026-01-15T07:53:45+00:00","description":"B\u0105d\u017a na bie\u017c\u0105co z harmonogramem zamkni\u0119\u0107 wielu biur Fuster & Associates w Hiszpanii.","breadcrumb":{"@id":"https:\/\/fuster-associates.com\/pl\/dni-zamkniecia\/#breadcrumb"},"inLanguage":"pl-PL","potentialAction":[{"@type":"ReadAction","target":["https:\/\/fuster-associates.com\/pl\/dni-zamkniecia\/"]}]},{"@type":"BreadcrumbList","@id":"https:\/\/fuster-associates.com\/pl\/dni-zamkniecia\/#breadcrumb","itemListElement":[{"@type":"ListItem","position":1,"name":"Dom","item":"https:\/\/fuster-associates.com\/pl\/"},{"@type":"ListItem","position":2,"name":"Dni zamkni\u0119cia"}]},{"@type":"WebSite","@id":"https:\/\/fuster-associates.com\/pl\/#website","url":"https:\/\/fuster-associates.com\/pl\/","name":"Fuster & Associates","description":"Property Solicitors","publisher":{"@id":"https:\/\/fuster-associates.com\/pl\/#organization"},"potentialAction":[{"@type":"SearchAction","target":{"@type":"EntryPoint","urlTemplate":"https:\/\/fuster-associates.com\/pl\/?s={search_term_string}"},"query-input":{"@type":"PropertyValueSpecification","valueRequired":true,"valueName":"search_term_string"}}],"inLanguage":"pl-PL"},{"@type":"Organization","@id":"https:\/\/fuster-associates.com\/pl\/#organization","name":"FUSTER & ASSOCIATES","url":"https:\/\/fuster-associates.com\/pl\/","logo":{"@type":"ImageObject","inLanguage":"pl-PL","@id":"https:\/\/fuster-associates.com\/pl\/#\/schema\/logo\/image\/","url":"https:\/\/fuster-associates.com\/wp-content\/uploads\/2018\/08\/logo-fuster-1.jpeg","contentUrl":"https:\/\/fuster-associates.com\/wp-content\/uploads\/2018\/08\/logo-fuster-1.jpeg","width":180,"height":113,"caption":"FUSTER & ASSOCIATES"},"image":{"@id":"https:\/\/fuster-associates.com\/pl\/#\/schema\/logo\/image\/"},"sameAs":["https:\/\/www.facebook.com\/fusterspain\/","https:\/\/x.com\/FusterSpain","https:\/\/www.youtube.com\/channel\/UC2-kNuL1SoqlFizI47hmIOQ","https:\/\/www.linkedin.com\/company\/fuster-&-associates\/"]}]}},"_links":{"self":[{"href":"https:\/\/fuster-associates.com\/pl\/wp-json\/wp\/v2\/pages\/28833","targetHints":{"allow":["GET"]}}],"collection":[{"href":"https:\/\/fuster-associates.com\/pl\/wp-json\/wp\/v2\/pages"}],"about":[{"href":"https:\/\/fuster-associates.com\/pl\/wp-json\/wp\/v2\/types\/page"}],"author":[{"embeddable":true,"href":"https:\/\/fuster-associates.com\/pl\/wp-json\/wp\/v2\/users\/1"}],"replies":[{"embeddable":true,"href":"https:\/\/fuster-associates.com\/pl\/wp-json\/wp\/v2\/comments?post=28833"}],"version-history":[{"count":10,"href":"https:\/\/fuster-associates.com\/pl\/wp-json\/wp\/v2\/pages\/28833\/revisions"}],"predecessor-version":[{"id":36190,"href":"https:\/\/fuster-associates.com\/pl\/wp-json\/wp\/v2\/pages\/28833\/revisions\/36190"}],"wp:attachment":[{"href":"https:\/\/fuster-associates.com\/pl\/wp-json\/wp\/v2\/media?parent=28833"}],"curies":[{"name":"wp","href":"https:\/\/api.w.org\/{rel}","templated":true}]}}