{"id":28702,"date":"2024-12-03T13:56:14","date_gmt":"2024-12-03T12:56:14","guid":{"rendered":"https:\/\/fuster2.kustom.es\/uslugi\/immigration\/"},"modified":"2025-09-03T10:58:59","modified_gmt":"2025-09-03T08:58:59","slug":"imigracja","status":"publish","type":"page","link":"https:\/\/fuster-associates.com\/pl\/uslugi\/imigracja\/","title":{"rendered":"Imigracja"},"content":{"rendered":"\t\t<div data-elementor-type=\"wp-page\" data-elementor-id=\"28702\" class=\"elementor elementor-28702 elementor-21805\" data-elementor-post-type=\"page\">\n\t\t\t\t<div class=\"elementor-element elementor-element-50e8d0d e-flex e-con-boxed e-con e-parent\" data-id=\"50e8d0d\" data-element_type=\"container\" data-e-type=\"container\" data-settings=\"{&quot;background_background&quot;:&quot;classic&quot;}\">\n\t\t\t\t\t<div class=\"e-con-inner\">\n\t\t\t\t<div class=\"elementor-element elementor-element-45493c3 elementor-invisible elementor-widget elementor-widget-heading\" data-id=\"45493c3\" data-element_type=\"widget\" data-e-type=\"widget\" data-settings=\"{&quot;_animation&quot;:&quot;fadeInDown&quot;}\" data-widget_type=\"heading.default\">\n\t\t\t\t\t<h1 class=\"elementor-heading-title elementor-size-default\">Imigracja<\/h1>\t\t\t\t<\/div>\n\t\t\t\t<div class=\"elementor-element elementor-element-83e9252 elementor-invisible elementor-widget elementor-widget-breadcrumbs\" data-id=\"83e9252\" data-element_type=\"widget\" data-e-type=\"widget\" data-settings=\"{&quot;_animation&quot;:&quot;fadeInUp&quot;}\" data-widget_type=\"breadcrumbs.default\">\n\t\t\t\t\t<p id=\"breadcrumbs\"><span><span><a href=\"https:\/\/fuster-associates.com\/pl\/\">Dom<\/a><\/span><\/span><\/p>\t\t\t\t<\/div>\n\t\t\t\t\t<\/div>\n\t\t\t\t<\/div>\n\t\t<div class=\"elementor-element elementor-element-ca14c6e e-flex e-con-boxed e-con e-parent\" data-id=\"ca14c6e\" data-element_type=\"container\" data-e-type=\"container\">\n\t\t\t\t\t<div class=\"e-con-inner\">\n\t\t\t\t<div class=\"elementor-element elementor-element-e532415 elementor-invisible elementor-widget elementor-widget-heading\" data-id=\"e532415\" data-element_type=\"widget\" data-e-type=\"widget\" data-settings=\"{&quot;_animation&quot;:&quot;fadeIn&quot;,&quot;_animation_laptop&quot;:&quot;fadeIn&quot;}\" data-widget_type=\"heading.default\">\n\t\t\t\t\t<h2 class=\"elementor-heading-title elementor-size-default\">Us\u0142ugi imigracyjne w Hiszpanii<\/h2>\t\t\t\t<\/div>\n\t\t\t\t<div class=\"elementor-element elementor-element-bfc531e elementor-invisible elementor-widget elementor-widget-text-editor\" data-id=\"bfc531e\" data-element_type=\"widget\" data-e-type=\"widget\" data-settings=\"{&quot;_animation&quot;:&quot;fadeIn&quot;,&quot;_animation_laptop&quot;:&quot;fadeIn&quot;}\" data-widget_type=\"text-editor.default\">\n\t\t\t\t\t\t\t\t\t<p data-start=\"182\" data-end=\"503\"><strong data-start=\"182\" data-end=\"239\">Witamy w Us\u0142ugach Imigracyjnych Fuster &amp; Associates.<\/strong> \u015awiadczymy fachow\u0105 pomoc prawn\u0105 dla os\u00f3b indywidualnych, rodzin i inwestor\u00f3w, kt\u00f3rzy chc\u0105 przenie\u015b\u0107 si\u0119 do Hiszpanii. Nasz zesp\u00f3\u0142 wyspecjalizowanych prawnik\u00f3w imigracyjnych oferuje spersonalizowane wsparcie w uzyskaniu wiz, pozwole\u0144 na pobyt, pozwole\u0144 na prac\u0119 i obywatelstwa hiszpa\u0144skiego. <\/p><p data-start=\"505\" data-end=\"826\">Niezale\u017cnie od tego, czy planujesz przeprowadzk\u0119 w poszukiwaniu pracy, na studia, emerytur\u0119 czy po\u0142\u0105czenie rodziny, przeprowadzimy Ci\u0119 przez ka\u017cdy etap procesu, minimalizuj\u0105c op\u00f3\u017anienia i zapewniaj\u0105c pe\u0142n\u0105 zgodno\u015b\u0107 z hiszpa\u0144skim prawem.<\/p>\t\t\t\t\t\t\t\t<\/div>\n\t\t<div class=\"elementor-element elementor-element-7790f18 e-grid e-con-full e-con e-child\" data-id=\"7790f18\" data-element_type=\"container\" data-e-type=\"container\">\n\t\t\t\t<div class=\"elementor-element elementor-element-a2c40b1 elementor-icon-list--layout-traditional elementor-list-item-link-full_width elementor-widget elementor-widget-icon-list\" data-id=\"a2c40b1\" data-element_type=\"widget\" data-e-type=\"widget\" data-widget_type=\"icon-list.default\">\n\t\t\t\t\t\t\t<ul class=\"elementor-icon-list-items\">\n\t\t\t\t\t\t\t<li class=\"elementor-icon-list-item\">\n\t\t\t\t\t\t\t\t\t\t\t<a href=\"https:\/\/fuster-associates.com\/services\/immigration\/non-lucrative-visa\/\">\n\n\t\t\t\t\t\t\t\t\t\t\t\t<span class=\"elementor-icon-list-icon\">\n\t\t\t\t\t\t\t<svg aria-hidden=\"true\" class=\"e-font-icon-svg e-fas-caret-right\" viewBox=\"0 0 192 512\" xmlns=\"http:\/\/www.w3.org\/2000\/svg\"><path d=\"M0 384.662V127.338c0-17.818 21.543-26.741 34.142-14.142l128.662 128.662c7.81 7.81 7.81 20.474 0 28.284L34.142 398.804C21.543 411.404 0 402.48 0 384.662z\"><\/path><\/svg>\t\t\t\t\t\t<\/span>\n\t\t\t\t\t\t\t\t\t\t<span class=\"elementor-icon-list-text\">Wiza Nieprzynosz\u0105ca Dochodu<\/span>\n\t\t\t\t\t\t\t\t\t\t\t<\/a>\n\t\t\t\t\t\t\t\t\t<\/li>\n\t\t\t\t\t\t\t\t<li class=\"elementor-icon-list-item\">\n\t\t\t\t\t\t\t\t\t\t\t<a href=\"https:\/\/fuster-associates.com\/services\/immigration\/golden-visa\/\">\n\n\t\t\t\t\t\t\t\t\t\t\t\t<span class=\"elementor-icon-list-icon\">\n\t\t\t\t\t\t\t<svg aria-hidden=\"true\" class=\"e-font-icon-svg e-fas-caret-right\" viewBox=\"0 0 192 512\" xmlns=\"http:\/\/www.w3.org\/2000\/svg\"><path d=\"M0 384.662V127.338c0-17.818 21.543-26.741 34.142-14.142l128.662 128.662c7.81 7.81 7.81 20.474 0 28.284L34.142 398.804C21.543 411.404 0 402.48 0 384.662z\"><\/path><\/svg>\t\t\t\t\t\t<\/span>\n\t\t\t\t\t\t\t\t\t\t<span class=\"elementor-icon-list-text\">Z\u0142ota Wiza<\/span>\n\t\t\t\t\t\t\t\t\t\t\t<\/a>\n\t\t\t\t\t\t\t\t\t<\/li>\n\t\t\t\t\t\t\t\t<li class=\"elementor-icon-list-item\">\n\t\t\t\t\t\t\t\t\t\t\t<a href=\"https:\/\/fuster-associates.com\/services\/immigration\/retirement-visa\/\">\n\n\t\t\t\t\t\t\t\t\t\t\t\t<span class=\"elementor-icon-list-icon\">\n\t\t\t\t\t\t\t<svg aria-hidden=\"true\" class=\"e-font-icon-svg e-fas-caret-right\" viewBox=\"0 0 192 512\" xmlns=\"http:\/\/www.w3.org\/2000\/svg\"><path d=\"M0 384.662V127.338c0-17.818 21.543-26.741 34.142-14.142l128.662 128.662c7.81 7.81 7.81 20.474 0 28.284L34.142 398.804C21.543 411.404 0 402.48 0 384.662z\"><\/path><\/svg>\t\t\t\t\t\t<\/span>\n\t\t\t\t\t\t\t\t\t\t<span class=\"elementor-icon-list-text\">Wiza Emerytalna<\/span>\n\t\t\t\t\t\t\t\t\t\t\t<\/a>\n\t\t\t\t\t\t\t\t\t<\/li>\n\t\t\t\t\t\t\t\t<li class=\"elementor-icon-list-item\">\n\t\t\t\t\t\t\t\t\t\t\t<a href=\"https:\/\/fuster-associates.com\/services\/immigration\/entrepreneur-visa\/\">\n\n\t\t\t\t\t\t\t\t\t\t\t\t<span class=\"elementor-icon-list-icon\">\n\t\t\t\t\t\t\t<svg aria-hidden=\"true\" class=\"e-font-icon-svg e-fas-caret-right\" viewBox=\"0 0 192 512\" xmlns=\"http:\/\/www.w3.org\/2000\/svg\"><path d=\"M0 384.662V127.338c0-17.818 21.543-26.741 34.142-14.142l128.662 128.662c7.81 7.81 7.81 20.474 0 28.284L34.142 398.804C21.543 411.404 0 402.48 0 384.662z\"><\/path><\/svg>\t\t\t\t\t\t<\/span>\n\t\t\t\t\t\t\t\t\t\t<span class=\"elementor-icon-list-text\">Wiza Przedsi\u0119biorcy<\/span>\n\t\t\t\t\t\t\t\t\t\t\t<\/a>\n\t\t\t\t\t\t\t\t\t<\/li>\n\t\t\t\t\t\t\t\t<li class=\"elementor-icon-list-item\">\n\t\t\t\t\t\t\t\t\t\t\t<a href=\"https:\/\/fuster-associates.com\/services\/immigration\/eu-family-member-visa\/\">\n\n\t\t\t\t\t\t\t\t\t\t\t\t<span class=\"elementor-icon-list-icon\">\n\t\t\t\t\t\t\t<svg aria-hidden=\"true\" class=\"e-font-icon-svg e-fas-caret-right\" viewBox=\"0 0 192 512\" xmlns=\"http:\/\/www.w3.org\/2000\/svg\"><path d=\"M0 384.662V127.338c0-17.818 21.543-26.741 34.142-14.142l128.662 128.662c7.81 7.81 7.81 20.474 0 28.284L34.142 398.804C21.543 411.404 0 402.48 0 384.662z\"><\/path><\/svg>\t\t\t\t\t\t<\/span>\n\t\t\t\t\t\t\t\t\t\t<span class=\"elementor-icon-list-text\">Wiza Dla Cz\u0142onka Rodziny UE<\/span>\n\t\t\t\t\t\t\t\t\t\t\t<\/a>\n\t\t\t\t\t\t\t\t\t<\/li>\n\t\t\t\t\t\t\t\t<li class=\"elementor-icon-list-item\">\n\t\t\t\t\t\t\t\t\t\t\t<a href=\"https:\/\/fuster-associates.com\/services\/immigration\/family-reunification-visa\/\">\n\n\t\t\t\t\t\t\t\t\t\t\t\t<span class=\"elementor-icon-list-icon\">\n\t\t\t\t\t\t\t<svg aria-hidden=\"true\" class=\"e-font-icon-svg e-fas-caret-right\" viewBox=\"0 0 192 512\" xmlns=\"http:\/\/www.w3.org\/2000\/svg\"><path d=\"M0 384.662V127.338c0-17.818 21.543-26.741 34.142-14.142l128.662 128.662c7.81 7.81 7.81 20.474 0 28.284L34.142 398.804C21.543 411.404 0 402.48 0 384.662z\"><\/path><\/svg>\t\t\t\t\t\t<\/span>\n\t\t\t\t\t\t\t\t\t\t<span class=\"elementor-icon-list-text\">Wiza Na Po\u0142\u0105czenie Rodzinne<\/span>\n\t\t\t\t\t\t\t\t\t\t\t<\/a>\n\t\t\t\t\t\t\t\t\t<\/li>\n\t\t\t\t\t\t\t\t<li class=\"elementor-icon-list-item\">\n\t\t\t\t\t\t\t\t\t\t\t<a href=\"https:\/\/fuster-associates.com\/services\/immigration\/job-search-residence-permit\/\">\n\n\t\t\t\t\t\t\t\t\t\t\t\t<span class=\"elementor-icon-list-icon\">\n\t\t\t\t\t\t\t<svg aria-hidden=\"true\" class=\"e-font-icon-svg e-fas-caret-right\" viewBox=\"0 0 192 512\" xmlns=\"http:\/\/www.w3.org\/2000\/svg\"><path d=\"M0 384.662V127.338c0-17.818 21.543-26.741 34.142-14.142l128.662 128.662c7.81 7.81 7.81 20.474 0 28.284L34.142 398.804C21.543 411.404 0 402.48 0 384.662z\"><\/path><\/svg>\t\t\t\t\t\t<\/span>\n\t\t\t\t\t\t\t\t\t\t<span class=\"elementor-icon-list-text\">Wiza Poszukiwawcza<\/span>\n\t\t\t\t\t\t\t\t\t\t\t<\/a>\n\t\t\t\t\t\t\t\t\t<\/li>\n\t\t\t\t\t\t\t\t<li class=\"elementor-icon-list-item\">\n\t\t\t\t\t\t\t\t\t\t\t<a href=\"https:\/\/fuster-associates.com\/services\/immigration\/digital-nomad-visa-spain\/\">\n\n\t\t\t\t\t\t\t\t\t\t\t\t<span class=\"elementor-icon-list-icon\">\n\t\t\t\t\t\t\t<svg aria-hidden=\"true\" class=\"e-font-icon-svg e-fas-caret-right\" viewBox=\"0 0 192 512\" xmlns=\"http:\/\/www.w3.org\/2000\/svg\"><path d=\"M0 384.662V127.338c0-17.818 21.543-26.741 34.142-14.142l128.662 128.662c7.81 7.81 7.81 20.474 0 28.284L34.142 398.804C21.543 411.404 0 402.48 0 384.662z\"><\/path><\/svg>\t\t\t\t\t\t<\/span>\n\t\t\t\t\t\t\t\t\t\t<span class=\"elementor-icon-list-text\">Wiza Dla Cyfrowych Nomad\u00f3w<\/span>\n\t\t\t\t\t\t\t\t\t\t\t<\/a>\n\t\t\t\t\t\t\t\t\t<\/li>\n\t\t\t\t\t\t<\/ul>\n\t\t\t\t\t\t<\/div>\n\t\t\t\t<div class=\"elementor-element elementor-element-b1ea5c8 elementor-icon-list--layout-traditional elementor-list-item-link-full_width elementor-widget elementor-widget-icon-list\" data-id=\"b1ea5c8\" data-element_type=\"widget\" data-e-type=\"widget\" data-widget_type=\"icon-list.default\">\n\t\t\t\t\t\t\t<ul class=\"elementor-icon-list-items\">\n\t\t\t\t\t\t\t<li class=\"elementor-icon-list-item\">\n\t\t\t\t\t\t\t\t\t\t\t<a href=\"https:\/\/fuster-associates.com\/services\/immigration\/self-employed-residency\/\">\n\n\t\t\t\t\t\t\t\t\t\t\t\t<span class=\"elementor-icon-list-icon\">\n\t\t\t\t\t\t\t<svg aria-hidden=\"true\" class=\"e-font-icon-svg e-fas-caret-right\" viewBox=\"0 0 192 512\" xmlns=\"http:\/\/www.w3.org\/2000\/svg\"><path d=\"M0 384.662V127.338c0-17.818 21.543-26.741 34.142-14.142l128.662 128.662c7.81 7.81 7.81 20.474 0 28.284L34.142 398.804C21.543 411.404 0 402.48 0 384.662z\"><\/path><\/svg>\t\t\t\t\t\t<\/span>\n\t\t\t\t\t\t\t\t\t\t<span class=\"elementor-icon-list-text\">Wiza Dla Os\u00f3b Pracuj\u0105cych Na W\u0142asny Rachunek<\/span>\n\t\t\t\t\t\t\t\t\t\t\t<\/a>\n\t\t\t\t\t\t\t\t\t<\/li>\n\t\t\t\t\t\t\t\t<li class=\"elementor-icon-list-item\">\n\t\t\t\t\t\t\t\t\t\t\t<a href=\"https:\/\/fuster-associates.com\/pl\/uslugi\/imigracja\/odnowienie-wizy\/\">\n\n\t\t\t\t\t\t\t\t\t\t\t\t<span class=\"elementor-icon-list-icon\">\n\t\t\t\t\t\t\t<svg aria-hidden=\"true\" class=\"e-font-icon-svg e-fas-caret-right\" viewBox=\"0 0 192 512\" xmlns=\"http:\/\/www.w3.org\/2000\/svg\"><path d=\"M0 384.662V127.338c0-17.818 21.543-26.741 34.142-14.142l128.662 128.662c7.81 7.81 7.81 20.474 0 28.284L34.142 398.804C21.543 411.404 0 402.48 0 384.662z\"><\/path><\/svg>\t\t\t\t\t\t<\/span>\n\t\t\t\t\t\t\t\t\t\t<span class=\"elementor-icon-list-text\">Odnowienie Wizy<\/span>\n\t\t\t\t\t\t\t\t\t\t\t<\/a>\n\t\t\t\t\t\t\t\t\t<\/li>\n\t\t\t\t\t\t<\/ul>\n\t\t\t\t\t\t<\/div>\n\t\t\t\t<\/div>\n\t\t\t\t\t<\/div>\n\t\t\t\t<\/div>\n\t\t\t\t<\/div>\n\t\t","protected":false},"excerpt":{"rendered":"<p>Us\u0142ugi imigracyjne w Hiszpanii Witamy w Us\u0142ugach Imigracyjnych Fuster &amp; Associates. \u015awiadczymy fachow\u0105 pomoc prawn\u0105 dla os\u00f3b indywidualnych, rodzin i inwestor\u00f3w, kt\u00f3rzy chc\u0105 przenie\u015b\u0107 si\u0119 do Hiszpanii. Nasz zesp\u00f3\u0142 wyspecjalizowanych prawnik\u00f3w imigracyjnych oferuje spersonalizowane wsparcie w uzyskaniu wiz, pozwole\u0144 na pobyt, pozwole\u0144 na prac\u0119 i obywatelstwa hiszpa\u0144skiego. Niezale\u017cnie od tego, czy planujesz przeprowadzk\u0119 w poszukiwaniu [&hellip;]<\/p>\n","protected":false},"author":1,"featured_media":0,"parent":28753,"menu_order":0,"comment_status":"closed","ping_status":"closed","template":"","meta":{"content-type":"","_sitemap_exclude":false,"_sitemap_priority":"","_sitemap_frequency":"","footnotes":""},"class_list":["post-28702","page","type-page","status-publish","hentry"],"yoast_head":"<!-- This site is optimized with the Yoast SEO plugin v27.4 - https:\/\/yoast.com\/product\/yoast-seo-wordpress\/ -->\n<title>Us\u0142ugi imigracyjne w Hiszpanii - Fuster &amp; Associates Prime Law<\/title>\n<meta name=\"description\" content=\"Profesjonalne us\u0142ugi imigracyjne dla Hiszpanii. Uzyskaj pomoc prawn\u0105 w zakresie wiz, pobytu i relokacji dzi\u0119ki Fuster &amp; Associates.\" \/>\n<meta name=\"robots\" content=\"index, follow, max-snippet:-1, max-image-preview:large, max-video-preview:-1\" \/>\n<link rel=\"canonical\" href=\"https:\/\/fuster-associates.com\/pl\/uslugi\/imigracja\/\" \/>\n<meta property=\"og:locale\" content=\"pl_PL\" \/>\n<meta property=\"og:type\" content=\"article\" \/>\n<meta property=\"og:title\" content=\"Us\u0142ugi imigracyjne w Hiszpanii - Fuster &amp; Associates Prime Law\" \/>\n<meta property=\"og:description\" content=\"Profesjonalne us\u0142ugi imigracyjne dla Hiszpanii. Uzyskaj pomoc prawn\u0105 w zakresie wiz, pobytu i relokacji dzi\u0119ki Fuster &amp; Associates.\" \/>\n<meta property=\"og:url\" content=\"https:\/\/fuster-associates.com\/pl\/uslugi\/imigracja\/\" \/>\n<meta property=\"og:site_name\" content=\"Fuster &amp; Associates\" \/>\n<meta property=\"article:publisher\" content=\"https:\/\/www.facebook.com\/fusterspain\/\" \/>\n<meta property=\"article:modified_time\" content=\"2025-09-03T08:58:59+00:00\" \/>\n<meta property=\"og:image\" content=\"https:\/\/fuster-associates.com\/wp-content\/uploads\/2020\/02\/slide-fuster-standard.jpg\" \/>\n\t<meta property=\"og:image:width\" content=\"1920\" \/>\n\t<meta property=\"og:image:height\" content=\"1280\" \/>\n\t<meta property=\"og:image:type\" content=\"image\/jpeg\" \/>\n<meta name=\"twitter:card\" content=\"summary_large_image\" \/>\n<meta name=\"twitter:site\" content=\"@FusterSpain\" \/>\n<meta name=\"twitter:label1\" content=\"Szacowany czas czytania\" \/>\n\t<meta name=\"twitter:data1\" content=\"2 minuty\" \/>\n<script type=\"application\/ld+json\" class=\"yoast-schema-graph\">{\"@context\":\"https:\\\/\\\/schema.org\",\"@graph\":[{\"@type\":\"WebPage\",\"@id\":\"https:\\\/\\\/fuster-associates.com\\\/pl\\\/uslugi\\\/imigracja\\\/\",\"url\":\"https:\\\/\\\/fuster-associates.com\\\/pl\\\/uslugi\\\/imigracja\\\/\",\"name\":\"Us\u0142ugi imigracyjne w Hiszpanii - Fuster & Associates Prime Law\",\"isPartOf\":{\"@id\":\"https:\\\/\\\/fuster-associates.com\\\/pl\\\/#website\"},\"datePublished\":\"2024-12-03T12:56:14+00:00\",\"dateModified\":\"2025-09-03T08:58:59+00:00\",\"description\":\"Profesjonalne us\u0142ugi imigracyjne dla Hiszpanii. Uzyskaj pomoc prawn\u0105 w zakresie wiz, pobytu i relokacji dzi\u0119ki Fuster & Associates.\",\"breadcrumb\":{\"@id\":\"https:\\\/\\\/fuster-associates.com\\\/pl\\\/uslugi\\\/imigracja\\\/#breadcrumb\"},\"inLanguage\":\"pl-PL\",\"potentialAction\":[{\"@type\":\"ReadAction\",\"target\":[\"https:\\\/\\\/fuster-associates.com\\\/pl\\\/uslugi\\\/imigracja\\\/\"]}]},{\"@type\":\"BreadcrumbList\",\"@id\":\"https:\\\/\\\/fuster-associates.com\\\/pl\\\/uslugi\\\/imigracja\\\/#breadcrumb\",\"itemListElement\":[{\"@type\":\"ListItem\",\"position\":1,\"name\":\"Dom\",\"item\":\"https:\\\/\\\/fuster-associates.com\\\/pl\\\/\"},{\"@type\":\"ListItem\",\"position\":2,\"name\":\"Us\u0142ugi\",\"item\":\"https:\\\/\\\/fuster-associates.com\\\/pl\\\/uslugi\\\/\"},{\"@type\":\"ListItem\",\"position\":3,\"name\":\"Imigracja\"}]},{\"@type\":\"WebSite\",\"@id\":\"https:\\\/\\\/fuster-associates.com\\\/pl\\\/#website\",\"url\":\"https:\\\/\\\/fuster-associates.com\\\/pl\\\/\",\"name\":\"Fuster & Associates\",\"description\":\"Property Solicitors\",\"publisher\":{\"@id\":\"https:\\\/\\\/fuster-associates.com\\\/pl\\\/#organization\"},\"potentialAction\":[{\"@type\":\"SearchAction\",\"target\":{\"@type\":\"EntryPoint\",\"urlTemplate\":\"https:\\\/\\\/fuster-associates.com\\\/pl\\\/?s={search_term_string}\"},\"query-input\":{\"@type\":\"PropertyValueSpecification\",\"valueRequired\":true,\"valueName\":\"search_term_string\"}}],\"inLanguage\":\"pl-PL\"},{\"@type\":\"Organization\",\"@id\":\"https:\\\/\\\/fuster-associates.com\\\/pl\\\/#organization\",\"name\":\"FUSTER & ASSOCIATES\",\"url\":\"https:\\\/\\\/fuster-associates.com\\\/pl\\\/\",\"logo\":{\"@type\":\"ImageObject\",\"inLanguage\":\"pl-PL\",\"@id\":\"https:\\\/\\\/fuster-associates.com\\\/pl\\\/#\\\/schema\\\/logo\\\/image\\\/\",\"url\":\"https:\\\/\\\/fuster-associates.com\\\/wp-content\\\/uploads\\\/2018\\\/08\\\/logo-fuster-1.jpeg\",\"contentUrl\":\"https:\\\/\\\/fuster-associates.com\\\/wp-content\\\/uploads\\\/2018\\\/08\\\/logo-fuster-1.jpeg\",\"width\":180,\"height\":113,\"caption\":\"FUSTER & ASSOCIATES\"},\"image\":{\"@id\":\"https:\\\/\\\/fuster-associates.com\\\/pl\\\/#\\\/schema\\\/logo\\\/image\\\/\"},\"sameAs\":[\"https:\\\/\\\/www.facebook.com\\\/fusterspain\\\/\",\"https:\\\/\\\/x.com\\\/FusterSpain\",\"https:\\\/\\\/www.youtube.com\\\/channel\\\/UC2-kNuL1SoqlFizI47hmIOQ\",\"https:\\\/\\\/www.linkedin.com\\\/company\\\/fuster-&-associates\\\/\"]}]}<\/script>\n<!-- \/ Yoast SEO plugin. -->","yoast_head_json":{"title":"Us\u0142ugi imigracyjne w Hiszpanii - Fuster & Associates Prime Law","description":"Profesjonalne us\u0142ugi imigracyjne dla Hiszpanii. Uzyskaj pomoc prawn\u0105 w zakresie wiz, pobytu i relokacji dzi\u0119ki Fuster & Associates.","robots":{"index":"index","follow":"follow","max-snippet":"max-snippet:-1","max-image-preview":"max-image-preview:large","max-video-preview":"max-video-preview:-1"},"canonical":"https:\/\/fuster-associates.com\/pl\/uslugi\/imigracja\/","og_locale":"pl_PL","og_type":"article","og_title":"Us\u0142ugi imigracyjne w Hiszpanii - Fuster & Associates Prime Law","og_description":"Profesjonalne us\u0142ugi imigracyjne dla Hiszpanii. Uzyskaj pomoc prawn\u0105 w zakresie wiz, pobytu i relokacji dzi\u0119ki Fuster & Associates.","og_url":"https:\/\/fuster-associates.com\/pl\/uslugi\/imigracja\/","og_site_name":"Fuster &amp; Associates","article_publisher":"https:\/\/www.facebook.com\/fusterspain\/","article_modified_time":"2025-09-03T08:58:59+00:00","og_image":[{"width":1920,"height":1280,"url":"https:\/\/fuster-associates.com\/wp-content\/uploads\/2020\/02\/slide-fuster-standard.jpg","type":"image\/jpeg"}],"twitter_card":"summary_large_image","twitter_site":"@FusterSpain","twitter_misc":{"Szacowany czas czytania":"2 minuty"},"schema":{"@context":"https:\/\/schema.org","@graph":[{"@type":"WebPage","@id":"https:\/\/fuster-associates.com\/pl\/uslugi\/imigracja\/","url":"https:\/\/fuster-associates.com\/pl\/uslugi\/imigracja\/","name":"Us\u0142ugi imigracyjne w Hiszpanii - Fuster & Associates Prime Law","isPartOf":{"@id":"https:\/\/fuster-associates.com\/pl\/#website"},"datePublished":"2024-12-03T12:56:14+00:00","dateModified":"2025-09-03T08:58:59+00:00","description":"Profesjonalne us\u0142ugi imigracyjne dla Hiszpanii. Uzyskaj pomoc prawn\u0105 w zakresie wiz, pobytu i relokacji dzi\u0119ki Fuster & Associates.","breadcrumb":{"@id":"https:\/\/fuster-associates.com\/pl\/uslugi\/imigracja\/#breadcrumb"},"inLanguage":"pl-PL","potentialAction":[{"@type":"ReadAction","target":["https:\/\/fuster-associates.com\/pl\/uslugi\/imigracja\/"]}]},{"@type":"BreadcrumbList","@id":"https:\/\/fuster-associates.com\/pl\/uslugi\/imigracja\/#breadcrumb","itemListElement":[{"@type":"ListItem","position":1,"name":"Dom","item":"https:\/\/fuster-associates.com\/pl\/"},{"@type":"ListItem","position":2,"name":"Us\u0142ugi","item":"https:\/\/fuster-associates.com\/pl\/uslugi\/"},{"@type":"ListItem","position":3,"name":"Imigracja"}]},{"@type":"WebSite","@id":"https:\/\/fuster-associates.com\/pl\/#website","url":"https:\/\/fuster-associates.com\/pl\/","name":"Fuster & Associates","description":"Property Solicitors","publisher":{"@id":"https:\/\/fuster-associates.com\/pl\/#organization"},"potentialAction":[{"@type":"SearchAction","target":{"@type":"EntryPoint","urlTemplate":"https:\/\/fuster-associates.com\/pl\/?s={search_term_string}"},"query-input":{"@type":"PropertyValueSpecification","valueRequired":true,"valueName":"search_term_string"}}],"inLanguage":"pl-PL"},{"@type":"Organization","@id":"https:\/\/fuster-associates.com\/pl\/#organization","name":"FUSTER & ASSOCIATES","url":"https:\/\/fuster-associates.com\/pl\/","logo":{"@type":"ImageObject","inLanguage":"pl-PL","@id":"https:\/\/fuster-associates.com\/pl\/#\/schema\/logo\/image\/","url":"https:\/\/fuster-associates.com\/wp-content\/uploads\/2018\/08\/logo-fuster-1.jpeg","contentUrl":"https:\/\/fuster-associates.com\/wp-content\/uploads\/2018\/08\/logo-fuster-1.jpeg","width":180,"height":113,"caption":"FUSTER & ASSOCIATES"},"image":{"@id":"https:\/\/fuster-associates.com\/pl\/#\/schema\/logo\/image\/"},"sameAs":["https:\/\/www.facebook.com\/fusterspain\/","https:\/\/x.com\/FusterSpain","https:\/\/www.youtube.com\/channel\/UC2-kNuL1SoqlFizI47hmIOQ","https:\/\/www.linkedin.com\/company\/fuster-&-associates\/"]}]}},"_links":{"self":[{"href":"https:\/\/fuster-associates.com\/pl\/wp-json\/wp\/v2\/pages\/28702","targetHints":{"allow":["GET"]}}],"collection":[{"href":"https:\/\/fuster-associates.com\/pl\/wp-json\/wp\/v2\/pages"}],"about":[{"href":"https:\/\/fuster-associates.com\/pl\/wp-json\/wp\/v2\/types\/page"}],"author":[{"embeddable":true,"href":"https:\/\/fuster-associates.com\/pl\/wp-json\/wp\/v2\/users\/1"}],"replies":[{"embeddable":true,"href":"https:\/\/fuster-associates.com\/pl\/wp-json\/wp\/v2\/comments?post=28702"}],"version-history":[{"count":2,"href":"https:\/\/fuster-associates.com\/pl\/wp-json\/wp\/v2\/pages\/28702\/revisions"}],"predecessor-version":[{"id":33619,"href":"https:\/\/fuster-associates.com\/pl\/wp-json\/wp\/v2\/pages\/28702\/revisions\/33619"}],"up":[{"embeddable":true,"href":"https:\/\/fuster-associates.com\/pl\/wp-json\/wp\/v2\/pages\/28753"}],"wp:attachment":[{"href":"https:\/\/fuster-associates.com\/pl\/wp-json\/wp\/v2\/media?parent=28702"}],"curies":[{"name":"wp","href":"https:\/\/api.w.org\/{rel}","templated":true}]}}