{"id":28513,"date":"2025-02-19T11:00:29","date_gmt":"2025-02-19T10:00:29","guid":{"rendered":"https:\/\/fuster2.kustom.es\/privacy-policy\/"},"modified":"2025-10-09T09:16:40","modified_gmt":"2025-10-09T07:16:40","slug":"polityka-prywatnosci","status":"publish","type":"page","link":"https:\/\/fuster-associates.com\/pl\/polityka-prywatnosci\/","title":{"rendered":"Polityka prywatno\u015bci"},"content":{"rendered":"\t\t<div data-elementor-type=\"wp-page\" data-elementor-id=\"28513\" class=\"elementor elementor-28513 elementor-22494\" data-elementor-post-type=\"page\">\n\t\t\t\t<div class=\"elementor-element elementor-element-2703dec e-flex e-con-boxed e-con e-parent\" data-id=\"2703dec\" data-element_type=\"container\" data-e-type=\"container\" data-settings=\"{&quot;background_background&quot;:&quot;classic&quot;}\">\n\t\t\t\t\t<div class=\"e-con-inner\">\n\t\t\t\t<div class=\"elementor-element elementor-element-5f8ab14 elementor-invisible elementor-widget elementor-widget-heading\" data-id=\"5f8ab14\" data-element_type=\"widget\" data-e-type=\"widget\" data-settings=\"{&quot;_animation&quot;:&quot;fadeInDown&quot;}\" data-widget_type=\"heading.default\">\n\t\t\t\t\t<h1 class=\"elementor-heading-title elementor-size-default\">Polityka prywatno\u015bci<\/h1>\t\t\t\t<\/div>\n\t\t\t\t<div class=\"elementor-element elementor-element-34f0089 elementor-invisible elementor-widget elementor-widget-breadcrumbs\" data-id=\"34f0089\" data-element_type=\"widget\" data-e-type=\"widget\" data-settings=\"{&quot;_animation&quot;:&quot;fadeInUp&quot;}\" data-widget_type=\"breadcrumbs.default\">\n\t\t\t\t\t<p id=\"breadcrumbs\"><span><span><a href=\"https:\/\/fuster-associates.com\/pl\/\">Dom<\/a><\/span><\/span><\/p>\t\t\t\t<\/div>\n\t\t\t\t\t<\/div>\n\t\t\t\t<\/div>\n\t\t<div class=\"elementor-element elementor-element-75b458b e-flex e-con-boxed e-con e-parent\" data-id=\"75b458b\" data-element_type=\"container\" data-e-type=\"container\" data-settings=\"{&quot;background_background&quot;:&quot;classic&quot;}\">\n\t\t\t\t\t<div class=\"e-con-inner\">\n\t\t\t\t<div class=\"elementor-element elementor-element-505e657 elementor-invisible elementor-widget elementor-widget-text-editor\" data-id=\"505e657\" data-element_type=\"widget\" data-e-type=\"widget\" data-settings=\"{&quot;_animation&quot;:&quot;fadeInUp&quot;}\" data-widget_type=\"text-editor.default\">\n\t\t\t\t\t\t\t\t\t<p>Firma FUSTER CONSULTING, S.L. jest szczeg\u00f3lnie \u015bwiadoma znaczenia ochrony danych osobowych u\u017cytkownik\u00f3w us\u0142ug serwisu.<\/p><p>W niniejszej Polityce prywatno\u015bci (zwanej dalej Polityk\u0105 ochrony danych) firma FUSTER CONSULTING, S.L. informuje u\u017cytkownik\u00f3w stron internetowych: https:\/\/fuster-associates.com, w jaki spos\u00f3b wykorzystywane s\u0105 dane osobowe gromadzone w sieci, aby mogli oni swobodnie i dobrowolnie zdecydowa\u0107, czy chc\u0105 udzieli\u0107 \u017c\u0105danych informacji.<\/p><p>FUSTER CONSULTING, S.L. zastrzega sobie prawo do zmiany niniejszej polityki w celu dostosowania jej do nowych przepis\u00f3w, kryteri\u00f3w prawnych, informacji zwi\u0105zanych z sektorem lub b\u0119d\u0105cych przedmiotem zainteresowania podmiotu. Wszelkie modyfikacje, kt\u00f3re maj\u0105 zosta\u0107 wprowadzone, zostan\u0105 udost\u0119pnione wraz z wymaganym powiadomieniem, tak aby mo\u017cna by\u0142o poda\u0107 do wiadomo\u015bci pe\u0142n\u0105 tre\u015b\u0107 tych modyfikacji.<\/p><h5>\u2022 ORGAN ODPOWIEDZIALNY<\/h5><p>Obchodzenie si\u0119 z danymi o charakterze osobowym jest obowi\u0105zkiem;<\/p><p>FUSTER CONSULTING, S.L.<\/p><p>z siedzib\u0105 przy Avenida de La Libertad, 301 \u2013 1\u00aa planta P.6 CP 30710 Los Alc\u00e1zares (Murcja). Tel: (+34 968575650) i e-mail: info@fuster-associates.com<\/p><h5>\u2022 DLACZEGO INFORMACJE S\u0104 GROMADZONE<\/h5><p>Informacje o charakterze osobistym s\u0105 gromadzone za po\u015brednictwem r\u00f3\u017cnych formularzy i dokument\u00f3w, kt\u00f3re nale\u017c\u0105 do FUSTER CONSULTING, S.L. i udost\u0119pniane u\u017cytkownikom, aby umo\u017cliwi\u0107 zarz\u0105dzanie i rozpatrywanie wniosk\u00f3w o udzielenie informacji, w\u0105tpliwo\u015bci, skarg, pochwa\u0142 lub sugestii dotycz\u0105cych publikacji lub innych us\u0142ug lub prac, akt\u00f3w lub wydarze\u0144 u\u017cyczonych w zwi\u0105zku z publikacj\u0105 lub innymi us\u0142ugami lub pracami, aktami lub wydarzeniami, oferowane, wspierane i\/lub sponsorowane przez FUSTER CONSULTING, S.L.,<\/p><h5>\u2022 OKRES KONSERWACJI<\/h5><p>Przekazane dane osobowe b\u0119d\u0105 przechowywane przez okres okre\u015blony prawem lub tak d\u0142ugo, jak d\u0142ugo zainteresowana strona nie za\u017c\u0105da usuni\u0119cia tych informacji i b\u0119dzie do tego uprawniona.<\/p><h5>\u2022 LEGITYMACJA<\/h5><p>FUSTER CONSULTING, S.L. jest uprawniona do przetwarzania danych osobowych na podstawie zgody wyra\u017conej przez zainteresowan\u0105 stron\u0119 na jedn\u0105 lub wi\u0119cej szczeg\u00f3lnych potrzeb okre\u015blonych w art. 6 ust. 1 lit. a) og\u00f3lnych przepis\u00f3w o ochronie danych osobowych. Dane kontaktowe mog\u0105 by\u0107 przetwarzane i wykorzystywane zgodnie z celem danego formularza. Przyk\u0142ad: Je\u015bli zapisujesz si\u0119 do newslettera, Tw\u00f3j adres e-mail mo\u017ce by\u0107 wykorzystywany do wysy\u0142ania tego newslettera i w tym celu nie jest wymagana wyra\u017ana zgoda wynikaj\u0105ca z celu\/przedmiotu danego formularza\/funkcji.\u00a0<\/p><h5>\u2022 ACCURACY OF DATA<\/h5><p>So that the data submitted to our files, whether computerised or on paper, always reflects the true situation of information submitted, every effort will be made to keep these up to date. With this in mind, the User must make any changes necessary, either directly if he is empowered to do so himself, or by informing the area or department in question at FUSTER CONSULTING, S.L.<\/p><h5>\u2022 RECIPIENTS<\/h5><p>Third parties will not be informed of or given personal data unless doing this is necessary for the development, control and compliance with the objectives regulated by law.<\/p><h5>\u2022 PRAWA U\u017bYTKOWNIK\u00d3W<\/h5><p>W\u0142a\u015bciciel danych osobowych w ka\u017cdym przypadku mo\u017ce skorzysta\u0107 z przys\u0142uguj\u0105cego mu prawa, okre\u015blonego w Og\u00f3lnym Rejestrze Ochrony Danych (hiszpa\u0144ski akronim RGPD), kt\u00f3re s\u0105 nast\u0119puj\u0105ce:<\/p><p>\u2022 Prawo dost\u0119pu do swoich danych osobowych,<br \/>\u2022 Prawo do \u017c\u0105dania ich sprostowania lub usuni\u0119cia,<br \/>\u2022 Prawo do \u017c\u0105dania ograniczenia ich wykorzystywania,<br \/>\u2022 Prawo do sprzeciwienia si\u0119 ich wykorzystywaniu,<br \/>\u2022 Prawo do przenoszenia danych<\/p><p>Osoba, kt\u00f3rej dane dotycz\u0105, mo\u017ce skorzysta\u0107 z tych praw na pi\u015bmie, z za\u0142\u0105czon\u0105 kopi\u0105 dowodu osobistego\/paszportu i wys\u0142a\u0107 j\u0105 na nast\u0119puj\u0105cy adres: FUSTER CONSULTING, S.L., Avenida de La Libertad, 301 \u2013 1\u00aa planta P.6 CP 30710 Los Alc\u00e1zares (Murcja), Hiszpania. Nale\u017cy okre\u015bli\u0107, z kt\u00f3rych z tych praw u\u017cytkownik chce skorzysta\u0107.<\/p><h5>\u2022 \u015aRODKI BEZPIECZE\u0143STWA<\/h5><p>Na koniec FUSTER CONSULTING, S.L. informuje, \u017ce zostan\u0105 podj\u0119te wszelkie wymagane prawem \u015brodki techniczne i organizacyjne w celu zagwarantowania bezpiecze\u0144stwa i poufno\u015bci przechowywanych danych, a tym samym zapobie\u017cenia ich zmianie, utracie, wykorzystaniu bez upowa\u017cnienia; maj\u0105c na uwadze stan techniki, koszty jej zastosowania oraz rodzaj, jej zakres, kontekst i cel post\u0119powania z danymi, a tak\u017ce ryzyko prawdopodobie\u0144stwa i r\u00f3\u017cn\u0105 wag\u0119 zwi\u0105zan\u0105 z prowadzonymi transakcjami.<\/p><p>W razie jakichkolwiek pyta\u0144 zwi\u0105zanych z niniejsz\u0105 polityk\u0105 prywatno\u015bci uprzejmie prosimy o kontakt mailowy pod adresem: info@fuster-associates.com.<\/p>\t\t\t\t\t\t\t\t<\/div>\n\t\t\t\t\t<\/div>\n\t\t\t\t<\/div>\n\t\t\t\t<\/div>\n\t\t","protected":false},"excerpt":{"rendered":"<p>Firma FUSTER CONSULTING, S.L. jest szczeg\u00f3lnie \u015bwiadoma znaczenia ochrony danych osobowych u\u017cytkownik\u00f3w us\u0142ug serwisu. W niniejszej Polityce prywatno\u015bci (zwanej dalej Polityk\u0105 ochrony danych) firma FUSTER CONSULTING, S.L. informuje u\u017cytkownik\u00f3w stron internetowych: https:\/\/fuster-associates.com, w jaki spos\u00f3b wykorzystywane s\u0105 dane osobowe gromadzone w sieci, aby mogli oni swobodnie i dobrowolnie zdecydowa\u0107, czy chc\u0105 udzieli\u0107 \u017c\u0105danych informacji. FUSTER [&hellip;]<\/p>\n","protected":false},"author":2,"featured_media":0,"parent":0,"menu_order":0,"comment_status":"closed","ping_status":"closed","template":"","meta":{"content-type":"","_sitemap_exclude":false,"_sitemap_priority":"","_sitemap_frequency":"","footnotes":""},"class_list":["post-28513","page","type-page","status-publish","hentry"],"yoast_head":"<!-- This site is optimized with the Yoast SEO plugin v27.4 - https:\/\/yoast.com\/product\/yoast-seo-wordpress\/ -->\n<title>Informacje dotycz\u0105ce polityki prywatno\u015bci danych - Fuster &amp; Associates<\/title>\n<meta name=\"description\" content=\"Zapoznaj si\u0119 z informacjami na temat sposobu zabezpieczania, zarz\u0105dzania i wykorzystywania danych osobowych zgodnie z normami prawnymi.\" \/>\n<meta name=\"robots\" content=\"index, follow, max-snippet:-1, max-image-preview:large, max-video-preview:-1\" \/>\n<link rel=\"canonical\" href=\"https:\/\/fuster-associates.com\/pl\/polityka-prywatnosci\/\" \/>\n<meta property=\"og:locale\" content=\"pl_PL\" \/>\n<meta property=\"og:type\" content=\"article\" \/>\n<meta property=\"og:title\" content=\"Informacje dotycz\u0105ce polityki prywatno\u015bci danych - Fuster &amp; Associates\" \/>\n<meta property=\"og:description\" content=\"Zapoznaj si\u0119 z informacjami na temat sposobu zabezpieczania, zarz\u0105dzania i wykorzystywania danych osobowych zgodnie z normami prawnymi.\" \/>\n<meta property=\"og:url\" content=\"https:\/\/fuster-associates.com\/pl\/polityka-prywatnosci\/\" \/>\n<meta property=\"og:site_name\" content=\"Fuster &amp; Associates\" \/>\n<meta property=\"article:publisher\" content=\"https:\/\/www.facebook.com\/fusterspain\/\" \/>\n<meta property=\"article:modified_time\" content=\"2025-10-09T07:16:40+00:00\" \/>\n<meta property=\"og:image\" content=\"https:\/\/fuster-associates.com\/wp-content\/uploads\/2020\/02\/slide-fuster-standard.jpg\" \/>\n\t<meta property=\"og:image:width\" content=\"1920\" \/>\n\t<meta property=\"og:image:height\" content=\"1280\" \/>\n\t<meta property=\"og:image:type\" content=\"image\/jpeg\" \/>\n<meta name=\"twitter:card\" content=\"summary_large_image\" \/>\n<meta name=\"twitter:site\" content=\"@FusterSpain\" \/>\n<meta name=\"twitter:label1\" content=\"Szacowany czas czytania\" \/>\n\t<meta name=\"twitter:data1\" content=\"4 minuty\" \/>\n<script type=\"application\/ld+json\" class=\"yoast-schema-graph\">{\"@context\":\"https:\\\/\\\/schema.org\",\"@graph\":[{\"@type\":\"WebPage\",\"@id\":\"https:\\\/\\\/fuster-associates.com\\\/pl\\\/polityka-prywatnosci\\\/\",\"url\":\"https:\\\/\\\/fuster-associates.com\\\/pl\\\/polityka-prywatnosci\\\/\",\"name\":\"Informacje dotycz\u0105ce polityki prywatno\u015bci danych - Fuster & Associates\",\"isPartOf\":{\"@id\":\"https:\\\/\\\/fuster-associates.com\\\/pl\\\/#website\"},\"datePublished\":\"2025-02-19T10:00:29+00:00\",\"dateModified\":\"2025-10-09T07:16:40+00:00\",\"description\":\"Zapoznaj si\u0119 z informacjami na temat sposobu zabezpieczania, zarz\u0105dzania i wykorzystywania danych osobowych zgodnie z normami prawnymi.\",\"breadcrumb\":{\"@id\":\"https:\\\/\\\/fuster-associates.com\\\/pl\\\/polityka-prywatnosci\\\/#breadcrumb\"},\"inLanguage\":\"pl-PL\",\"potentialAction\":[{\"@type\":\"ReadAction\",\"target\":[\"https:\\\/\\\/fuster-associates.com\\\/pl\\\/polityka-prywatnosci\\\/\"]}]},{\"@type\":\"BreadcrumbList\",\"@id\":\"https:\\\/\\\/fuster-associates.com\\\/pl\\\/polityka-prywatnosci\\\/#breadcrumb\",\"itemListElement\":[{\"@type\":\"ListItem\",\"position\":1,\"name\":\"Dom\",\"item\":\"https:\\\/\\\/fuster-associates.com\\\/pl\\\/\"},{\"@type\":\"ListItem\",\"position\":2,\"name\":\"Polityka prywatno\u015bci\"}]},{\"@type\":\"WebSite\",\"@id\":\"https:\\\/\\\/fuster-associates.com\\\/pl\\\/#website\",\"url\":\"https:\\\/\\\/fuster-associates.com\\\/pl\\\/\",\"name\":\"Fuster & Associates\",\"description\":\"Property Solicitors\",\"publisher\":{\"@id\":\"https:\\\/\\\/fuster-associates.com\\\/pl\\\/#organization\"},\"potentialAction\":[{\"@type\":\"SearchAction\",\"target\":{\"@type\":\"EntryPoint\",\"urlTemplate\":\"https:\\\/\\\/fuster-associates.com\\\/pl\\\/?s={search_term_string}\"},\"query-input\":{\"@type\":\"PropertyValueSpecification\",\"valueRequired\":true,\"valueName\":\"search_term_string\"}}],\"inLanguage\":\"pl-PL\"},{\"@type\":\"Organization\",\"@id\":\"https:\\\/\\\/fuster-associates.com\\\/pl\\\/#organization\",\"name\":\"FUSTER & ASSOCIATES\",\"url\":\"https:\\\/\\\/fuster-associates.com\\\/pl\\\/\",\"logo\":{\"@type\":\"ImageObject\",\"inLanguage\":\"pl-PL\",\"@id\":\"https:\\\/\\\/fuster-associates.com\\\/pl\\\/#\\\/schema\\\/logo\\\/image\\\/\",\"url\":\"https:\\\/\\\/fuster-associates.com\\\/wp-content\\\/uploads\\\/2018\\\/08\\\/logo-fuster-1.jpeg\",\"contentUrl\":\"https:\\\/\\\/fuster-associates.com\\\/wp-content\\\/uploads\\\/2018\\\/08\\\/logo-fuster-1.jpeg\",\"width\":180,\"height\":113,\"caption\":\"FUSTER & ASSOCIATES\"},\"image\":{\"@id\":\"https:\\\/\\\/fuster-associates.com\\\/pl\\\/#\\\/schema\\\/logo\\\/image\\\/\"},\"sameAs\":[\"https:\\\/\\\/www.facebook.com\\\/fusterspain\\\/\",\"https:\\\/\\\/x.com\\\/FusterSpain\",\"https:\\\/\\\/www.youtube.com\\\/channel\\\/UC2-kNuL1SoqlFizI47hmIOQ\",\"https:\\\/\\\/www.linkedin.com\\\/company\\\/fuster-&-associates\\\/\"]}]}<\/script>\n<!-- \/ Yoast SEO plugin. -->","yoast_head_json":{"title":"Informacje dotycz\u0105ce polityki prywatno\u015bci danych - Fuster & Associates","description":"Zapoznaj si\u0119 z informacjami na temat sposobu zabezpieczania, zarz\u0105dzania i wykorzystywania danych osobowych zgodnie z normami prawnymi.","robots":{"index":"index","follow":"follow","max-snippet":"max-snippet:-1","max-image-preview":"max-image-preview:large","max-video-preview":"max-video-preview:-1"},"canonical":"https:\/\/fuster-associates.com\/pl\/polityka-prywatnosci\/","og_locale":"pl_PL","og_type":"article","og_title":"Informacje dotycz\u0105ce polityki prywatno\u015bci danych - Fuster & Associates","og_description":"Zapoznaj si\u0119 z informacjami na temat sposobu zabezpieczania, zarz\u0105dzania i wykorzystywania danych osobowych zgodnie z normami prawnymi.","og_url":"https:\/\/fuster-associates.com\/pl\/polityka-prywatnosci\/","og_site_name":"Fuster &amp; Associates","article_publisher":"https:\/\/www.facebook.com\/fusterspain\/","article_modified_time":"2025-10-09T07:16:40+00:00","og_image":[{"width":1920,"height":1280,"url":"https:\/\/fuster-associates.com\/wp-content\/uploads\/2020\/02\/slide-fuster-standard.jpg","type":"image\/jpeg"}],"twitter_card":"summary_large_image","twitter_site":"@FusterSpain","twitter_misc":{"Szacowany czas czytania":"4 minuty"},"schema":{"@context":"https:\/\/schema.org","@graph":[{"@type":"WebPage","@id":"https:\/\/fuster-associates.com\/pl\/polityka-prywatnosci\/","url":"https:\/\/fuster-associates.com\/pl\/polityka-prywatnosci\/","name":"Informacje dotycz\u0105ce polityki prywatno\u015bci danych - Fuster & Associates","isPartOf":{"@id":"https:\/\/fuster-associates.com\/pl\/#website"},"datePublished":"2025-02-19T10:00:29+00:00","dateModified":"2025-10-09T07:16:40+00:00","description":"Zapoznaj si\u0119 z informacjami na temat sposobu zabezpieczania, zarz\u0105dzania i wykorzystywania danych osobowych zgodnie z normami prawnymi.","breadcrumb":{"@id":"https:\/\/fuster-associates.com\/pl\/polityka-prywatnosci\/#breadcrumb"},"inLanguage":"pl-PL","potentialAction":[{"@type":"ReadAction","target":["https:\/\/fuster-associates.com\/pl\/polityka-prywatnosci\/"]}]},{"@type":"BreadcrumbList","@id":"https:\/\/fuster-associates.com\/pl\/polityka-prywatnosci\/#breadcrumb","itemListElement":[{"@type":"ListItem","position":1,"name":"Dom","item":"https:\/\/fuster-associates.com\/pl\/"},{"@type":"ListItem","position":2,"name":"Polityka prywatno\u015bci"}]},{"@type":"WebSite","@id":"https:\/\/fuster-associates.com\/pl\/#website","url":"https:\/\/fuster-associates.com\/pl\/","name":"Fuster & Associates","description":"Property Solicitors","publisher":{"@id":"https:\/\/fuster-associates.com\/pl\/#organization"},"potentialAction":[{"@type":"SearchAction","target":{"@type":"EntryPoint","urlTemplate":"https:\/\/fuster-associates.com\/pl\/?s={search_term_string}"},"query-input":{"@type":"PropertyValueSpecification","valueRequired":true,"valueName":"search_term_string"}}],"inLanguage":"pl-PL"},{"@type":"Organization","@id":"https:\/\/fuster-associates.com\/pl\/#organization","name":"FUSTER & ASSOCIATES","url":"https:\/\/fuster-associates.com\/pl\/","logo":{"@type":"ImageObject","inLanguage":"pl-PL","@id":"https:\/\/fuster-associates.com\/pl\/#\/schema\/logo\/image\/","url":"https:\/\/fuster-associates.com\/wp-content\/uploads\/2018\/08\/logo-fuster-1.jpeg","contentUrl":"https:\/\/fuster-associates.com\/wp-content\/uploads\/2018\/08\/logo-fuster-1.jpeg","width":180,"height":113,"caption":"FUSTER & ASSOCIATES"},"image":{"@id":"https:\/\/fuster-associates.com\/pl\/#\/schema\/logo\/image\/"},"sameAs":["https:\/\/www.facebook.com\/fusterspain\/","https:\/\/x.com\/FusterSpain","https:\/\/www.youtube.com\/channel\/UC2-kNuL1SoqlFizI47hmIOQ","https:\/\/www.linkedin.com\/company\/fuster-&-associates\/"]}]}},"_links":{"self":[{"href":"https:\/\/fuster-associates.com\/pl\/wp-json\/wp\/v2\/pages\/28513","targetHints":{"allow":["GET"]}}],"collection":[{"href":"https:\/\/fuster-associates.com\/pl\/wp-json\/wp\/v2\/pages"}],"about":[{"href":"https:\/\/fuster-associates.com\/pl\/wp-json\/wp\/v2\/types\/page"}],"author":[{"embeddable":true,"href":"https:\/\/fuster-associates.com\/pl\/wp-json\/wp\/v2\/users\/2"}],"replies":[{"embeddable":true,"href":"https:\/\/fuster-associates.com\/pl\/wp-json\/wp\/v2\/comments?post=28513"}],"version-history":[{"count":5,"href":"https:\/\/fuster-associates.com\/pl\/wp-json\/wp\/v2\/pages\/28513\/revisions"}],"predecessor-version":[{"id":34608,"href":"https:\/\/fuster-associates.com\/pl\/wp-json\/wp\/v2\/pages\/28513\/revisions\/34608"}],"wp:attachment":[{"href":"https:\/\/fuster-associates.com\/pl\/wp-json\/wp\/v2\/media?parent=28513"}],"curies":[{"name":"wp","href":"https:\/\/api.w.org\/{rel}","templated":true}]}}