{"id":28463,"date":"2025-02-20T11:37:34","date_gmt":"2025-02-20T10:37:34","guid":{"rendered":"https:\/\/fuster2.kustom.es\/accessibility\/"},"modified":"2025-09-03T14:48:25","modified_gmt":"2025-09-03T12:48:25","slug":"dostepnosc","status":"publish","type":"page","link":"https:\/\/fuster-associates.com\/pl\/dostepnosc\/","title":{"rendered":"Dost\u0119pno\u015b\u0107"},"content":{"rendered":"\t\t<div data-elementor-type=\"wp-page\" data-elementor-id=\"28463\" class=\"elementor elementor-28463 elementor-22753\" data-elementor-post-type=\"page\">\n\t\t\t\t<div class=\"elementor-element elementor-element-d26b8da e-flex e-con-boxed e-con e-parent\" data-id=\"d26b8da\" data-element_type=\"container\" data-e-type=\"container\" data-settings=\"{&quot;background_background&quot;:&quot;classic&quot;}\">\n\t\t\t\t\t<div class=\"e-con-inner\">\n\t\t\t\t<div class=\"elementor-element elementor-element-fb8b756 elementor-invisible elementor-widget elementor-widget-heading\" data-id=\"fb8b756\" data-element_type=\"widget\" data-e-type=\"widget\" data-settings=\"{&quot;_animation&quot;:&quot;fadeInDown&quot;}\" data-widget_type=\"heading.default\">\n\t\t\t\t\t<h1 class=\"elementor-heading-title elementor-size-default\">Dost\u0119pno\u015b\u0107<\/h1>\t\t\t\t<\/div>\n\t\t\t\t<div class=\"elementor-element elementor-element-8567995 elementor-invisible elementor-widget elementor-widget-breadcrumbs\" data-id=\"8567995\" data-element_type=\"widget\" data-e-type=\"widget\" data-settings=\"{&quot;_animation&quot;:&quot;fadeInUp&quot;}\" data-widget_type=\"breadcrumbs.default\">\n\t\t\t\t\t<p id=\"breadcrumbs\"><span><span><a href=\"https:\/\/fuster-associates.com\/pl\/\">Dom<\/a><\/span><\/span><\/p>\t\t\t\t<\/div>\n\t\t\t\t\t<\/div>\n\t\t\t\t<\/div>\n\t\t<div class=\"elementor-element elementor-element-574f6ae e-flex e-con-boxed e-con e-parent\" data-id=\"574f6ae\" data-element_type=\"container\" data-e-type=\"container\" data-settings=\"{&quot;background_background&quot;:&quot;classic&quot;}\">\n\t\t\t\t\t<div class=\"e-con-inner\">\n\t\t\t\t<div class=\"elementor-element elementor-element-95cd50c elementor-invisible elementor-widget elementor-widget-text-editor\" data-id=\"95cd50c\" data-element_type=\"widget\" data-e-type=\"widget\" data-settings=\"{&quot;_animation&quot;:&quot;fadeInUp&quot;}\" data-widget_type=\"text-editor.default\">\n\t\t\t\t\t\t\t\t\t<h3>O\u015bwiadczenie o dost\u0119pno\u015bci<\/h3><p>Nasza firma zobowi\u0105za\u0142a si\u0119 do zapewnienia dost\u0119pno\u015bci swojej strony internetowej zgodnie z\u00a0<a title=\"Este enlace se abrir\u00e1\u00a1 en ventana nueva\" role=\"link\" href=\"https:\/\/www.boe.es\/diario_boe\/txt.php?id=BOE-A-2018-12699\" target=\"_blank\" rel=\"noopener\">dekretem kr\u00f3lewskim 1112\/2018 z dnia 7 wrze\u015bnia w sprawie dost\u0119pno\u015bci stron internetowych i aplikacji na urz\u0105dzenia mobilne w sektorze publicznym<img decoding=\"async\" title=\"Este enlace se abrir\u00e1 en ventana nueva\" src=\"https:\/\/sede.carm.es\/web\/CARM\/images\/external.png\" alt=\"Este enlace se abrir\u00c3\u00a1 en ventana nueva\" \/><\/a>, kt\u00f3ry transponuje dyrektyw\u0119 Parlamentu Europejskiego i Rady\u00a0<a title=\"Este enlace se abrir\u00e1 en ventana nueva\" role=\"link\" href=\"https:\/\/www.boe.es\/buscar\/doc.php?id=DOUE-L-2016-82305\" target=\"_blank\" rel=\"noopener\">(UE) 2016\/2102<img decoding=\"async\" title=\"Este enlace se abrir\u00e1 en ventana nueva\" src=\"https:\/\/sede.carm.es\/web\/CARM\/images\/external.png\" alt=\"Este enlace se abrir\u00c3\u00a1 en ventana nueva\" \/><\/a>\u00a0z dnia 26 pa\u017adziernika 2016 r. Niniejsze o\u015bwiadczenie w sprawie dost\u0119pno\u015bci ma zastosowanie do wszystkich stron w domenie &#8222;<a role=\"link\" href=\"https:\/\/fuster-associates.com\/\">fuster-associates.com<\/a>&#8222;.<\/p><h3>Stan zgodno\u015bci<\/h3><p>Ta strona internetowa jest cz\u0119\u015bciowo zgodna z RD 1112\/2018 ze wzgl\u0119du na wyj\u0105tki i niezgodno\u015b\u0107 z aspektami wskazanymi poni\u017cej.<\/p><h3>Tre\u015bci niedost\u0119pne<\/h3><p>Poni\u017csza zawarto\u015b\u0107 jest niedost\u0119pna z nast\u0119puj\u0105cych powod\u00f3w: aby. Brak zgodno\u015bci z dekretem kr\u00f3lewskim 1112\/2018 z dnia 7 wrze\u015bnia<\/p><ul><li>Sporadycznie mog\u0105 wyst\u0105pi\u0107 b\u0142\u0119dy w edycji strony internetowej, zar\u00f3wno w tre\u015bci HMTL, jak i w dokumentach ko\u0144cowych opublikowanych po 20 wrze\u015bnia 2018 r. (data wej\u015bcia w \u017cycie dekretu kr\u00f3lewskiego 1112\/2018 z dnia 7 wrze\u015bnia).<\/li><\/ul><p>b. Nieproporcjonalne obci\u0105\u017cenie: nie dotyczy. c. Tre\u015bci nie podlegaj\u0105 obowi\u0105zuj\u0105cym przepisom prawa.<\/p><ul><li>Pliki pakietu Office w formacie PDF lub innych formatach opublikowane przed 20 wrze\u015bnia 2018 r., kt\u00f3re nie spe\u0142niaj\u0105 w pe\u0142ni wszystkich wymaga\u0144 dotycz\u0105cych u\u0142atwie\u0144 dost\u0119pu.<\/li><li>Mapowanie i us\u0142ugi kartograficzne online<\/li><\/ul><h3>Przygotowanie niniejszego o\u015bwiadczenia w sprawie dost\u0119pno\u015bci<\/h3><p>Niniejsze o\u015bwiadczenie zosta\u0142o sporz\u0105dzone w dniu 2 lutego 2023 r. Metoda zastosowana do przygotowania deklaracji by\u0142a samoocen\u0105 przeprowadzon\u0105 przez sam\u0105 agencj\u0119. Ostatnia aktualizacja o\u015bwiadczenia: luty 2023 r.<\/p><h3>Procedura sk\u0142adania wniosk\u00f3w<\/h3><p>Mog\u0105 Pa\u0144stwo przekazywa\u0107 informacje na temat wymog\u00f3w dost\u0119pno\u015bci (art. 10 ust. 2 lit. a) RD 1112\/2018), takie jak:<\/p><ul><li>Zg\u0142aszaj wszelkie potencjalne naruszenia przez t\u0119 witryn\u0119<\/li><li>Informowanie o innych trudno\u015bciach w dost\u0119pie do tre\u015bci<\/li><li>Sk\u0142adanie wszelkich innych zapyta\u0144 lub sugestii dotycz\u0105cych ulepsze\u0144 dotycz\u0105cych dost\u0119pno\u015bci strony internetowej<\/li><\/ul><p>zaznaczy\u0107 w polu &#8222;Temat&#8221;, \u017ce jest to &#8222;<strong>Dost\u0119pno\u015b\u0107 stron internetowych<\/strong>&#8222;, za po\u015brednictwem formularza internetowego Kontakt<a title=\"Formulario web Contacte con la Admininistraci\u00f3n Regional\" role=\"link\" href=\"https:\/\/fuster-associates.com\/contacto\/\" target=\"_blank\" rel=\"noopener\">.<\/a>\u00a0Z g\u00f3ry dzi\u0119kujemy za wsp\u00f3\u0142prac\u0119, poniewa\u017c zaowocuje ona popraw\u0105 \u015bwiadczonych przez nas us\u0142ug. Komunikacja b\u0119dzie odbierana i przetwarzana przez firm\u0119. Wnioski o dost\u0119p do informacji i skargi (art. 10 ust. 2 lit. b)) oraz skargi (art. 13) dekretu kr\u00f3lewskiego nr 1112\/2018 z dnia 7 wrze\u015bnia b\u0119d\u0105 rozpatrywane za po\u015brednictwem &#8222;<a title=\"Comunicaciones y Reclamaciones de Accesibilidad Web\" role=\"link\" href=\"https:\/\/fuster-associates.com\/contacto\/\" target=\"_blank\" rel=\"noopener\">Formularza kontaktowego<\/a>&#8222;.<\/p><h3>Zawarto\u015b\u0107 opcjonalna<\/h3><p>Niniejsza strona internetowa spe\u0142nia wymagania normy UNE-EN 301549:2019, z uwzgl\u0119dnieniem wyj\u0105tk\u00f3w od RD 1112\/2018. Ostatni przegl\u0105d dost\u0119pno\u015bci zosta\u0142 przeprowadzony w lutym 2023 roku. Strona jest zoptymalizowana pod k\u0105tem przegl\u0105darek Microsoft Internet Explorer 11 lub nowszych oraz najnowszych aktualnych wersji przegl\u0105darek FireFox, Safari, Opera i Google Chrome. Minimalna zalecana rozdzielczo\u015b\u0107 stron internetowych to 1280\u00d71024. Strona jest przeznaczona do responsywnego przegl\u0105dania, dzi\u0119ki czemu optymalnie ogl\u0105da si\u0119 j\u0105 na tabletach i urz\u0105dzeniach mobilnych. Na tych urz\u0105dzeniach jest zoptymalizowany do wy\u015bwietlania w najnowszych wersjach Chrome na urz\u0105dzenia mobilne, Firefox na urz\u0105dzenia mobilne, Safari na urz\u0105dzenia mobilne, Oper\u0119 Mini i natywn\u0105 przegl\u0105dark\u0119 Android.<\/p>\t\t\t\t\t\t\t\t<\/div>\n\t\t\t\t\t<\/div>\n\t\t\t\t<\/div>\n\t\t\t\t<\/div>\n\t\t","protected":false},"excerpt":{"rendered":"<p>O\u015bwiadczenie o dost\u0119pno\u015bci Nasza firma zobowi\u0105za\u0142a si\u0119 do zapewnienia dost\u0119pno\u015bci swojej strony internetowej zgodnie z\u00a0dekretem kr\u00f3lewskim 1112\/2018 z dnia 7 wrze\u015bnia w sprawie dost\u0119pno\u015bci stron internetowych i aplikacji na urz\u0105dzenia mobilne w sektorze publicznym, kt\u00f3ry transponuje dyrektyw\u0119 Parlamentu Europejskiego i Rady\u00a0(UE) 2016\/2102\u00a0z dnia 26 pa\u017adziernika 2016 r. Niniejsze o\u015bwiadczenie w sprawie dost\u0119pno\u015bci ma zastosowanie do [&hellip;]<\/p>\n","protected":false},"author":2,"featured_media":0,"parent":0,"menu_order":0,"comment_status":"closed","ping_status":"closed","template":"","meta":{"content-type":"","_sitemap_exclude":false,"_sitemap_priority":"","_sitemap_frequency":"","footnotes":""},"class_list":["post-28463","page","type-page","status-publish","hentry"],"yoast_head":"<!-- This site is optimized with the Yoast SEO plugin v27.4 - https:\/\/yoast.com\/product\/yoast-seo-wordpress\/ -->\n<title>Polityka dost\u0119pno\u015bci stron internetowych \u2013 Fuster &amp; Associates<\/title>\n<meta name=\"description\" content=\"Firma Fuster &amp; Associates przestrzega przepis\u00f3w UE i Hiszpanii, aby zapewni\u0107 dost\u0119pno\u015b\u0107 naszej strony internetowej wszystkim u\u017cytkownikom, w tym osobom niepe\u0142nosprawnym.\" \/>\n<meta name=\"robots\" content=\"index, follow, max-snippet:-1, max-image-preview:large, max-video-preview:-1\" \/>\n<link rel=\"canonical\" href=\"https:\/\/fuster-associates.com\/pl\/dostepnosc\/\" \/>\n<meta property=\"og:locale\" content=\"pl_PL\" \/>\n<meta property=\"og:type\" content=\"article\" \/>\n<meta property=\"og:title\" content=\"Polityka dost\u0119pno\u015bci stron internetowych \u2013 Fuster &amp; Associates\" \/>\n<meta property=\"og:description\" content=\"Firma Fuster &amp; Associates przestrzega przepis\u00f3w UE i Hiszpanii, aby zapewni\u0107 dost\u0119pno\u015b\u0107 naszej strony internetowej wszystkim u\u017cytkownikom, w tym osobom niepe\u0142nosprawnym.\" \/>\n<meta property=\"og:url\" content=\"https:\/\/fuster-associates.com\/pl\/dostepnosc\/\" \/>\n<meta property=\"og:site_name\" content=\"Fuster &amp; Associates\" \/>\n<meta property=\"article:publisher\" content=\"https:\/\/www.facebook.com\/fusterspain\/\" \/>\n<meta property=\"article:modified_time\" content=\"2025-09-03T12:48:25+00:00\" \/>\n<meta property=\"og:image\" content=\"https:\/\/sede.carm.es\/web\/CARM\/images\/external.png\" \/>\n<meta name=\"twitter:card\" content=\"summary_large_image\" \/>\n<meta name=\"twitter:site\" content=\"@FusterSpain\" \/>\n<meta name=\"twitter:label1\" content=\"Szacowany czas czytania\" \/>\n\t<meta name=\"twitter:data1\" content=\"3 minuty\" \/>\n<script type=\"application\/ld+json\" class=\"yoast-schema-graph\">{\"@context\":\"https:\\\/\\\/schema.org\",\"@graph\":[{\"@type\":\"WebPage\",\"@id\":\"https:\\\/\\\/fuster-associates.com\\\/pl\\\/dostepnosc\\\/\",\"url\":\"https:\\\/\\\/fuster-associates.com\\\/pl\\\/dostepnosc\\\/\",\"name\":\"Polityka dost\u0119pno\u015bci stron internetowych \u2013 Fuster & Associates\",\"isPartOf\":{\"@id\":\"https:\\\/\\\/fuster-associates.com\\\/pl\\\/#website\"},\"primaryImageOfPage\":{\"@id\":\"https:\\\/\\\/fuster-associates.com\\\/pl\\\/dostepnosc\\\/#primaryimage\"},\"image\":{\"@id\":\"https:\\\/\\\/fuster-associates.com\\\/pl\\\/dostepnosc\\\/#primaryimage\"},\"thumbnailUrl\":\"https:\\\/\\\/sede.carm.es\\\/web\\\/CARM\\\/images\\\/external.png\",\"datePublished\":\"2025-02-20T10:37:34+00:00\",\"dateModified\":\"2025-09-03T12:48:25+00:00\",\"description\":\"Firma Fuster & Associates przestrzega przepis\u00f3w UE i Hiszpanii, aby zapewni\u0107 dost\u0119pno\u015b\u0107 naszej strony internetowej wszystkim u\u017cytkownikom, w tym osobom niepe\u0142nosprawnym.\",\"breadcrumb\":{\"@id\":\"https:\\\/\\\/fuster-associates.com\\\/pl\\\/dostepnosc\\\/#breadcrumb\"},\"inLanguage\":\"pl-PL\",\"potentialAction\":[{\"@type\":\"ReadAction\",\"target\":[\"https:\\\/\\\/fuster-associates.com\\\/pl\\\/dostepnosc\\\/\"]}]},{\"@type\":\"ImageObject\",\"inLanguage\":\"pl-PL\",\"@id\":\"https:\\\/\\\/fuster-associates.com\\\/pl\\\/dostepnosc\\\/#primaryimage\",\"url\":\"https:\\\/\\\/sede.carm.es\\\/web\\\/CARM\\\/images\\\/external.png\",\"contentUrl\":\"https:\\\/\\\/sede.carm.es\\\/web\\\/CARM\\\/images\\\/external.png\"},{\"@type\":\"BreadcrumbList\",\"@id\":\"https:\\\/\\\/fuster-associates.com\\\/pl\\\/dostepnosc\\\/#breadcrumb\",\"itemListElement\":[{\"@type\":\"ListItem\",\"position\":1,\"name\":\"Dom\",\"item\":\"https:\\\/\\\/fuster-associates.com\\\/pl\\\/\"},{\"@type\":\"ListItem\",\"position\":2,\"name\":\"Dost\u0119pno\u015b\u0107\"}]},{\"@type\":\"WebSite\",\"@id\":\"https:\\\/\\\/fuster-associates.com\\\/pl\\\/#website\",\"url\":\"https:\\\/\\\/fuster-associates.com\\\/pl\\\/\",\"name\":\"Fuster & Associates\",\"description\":\"Property Solicitors\",\"publisher\":{\"@id\":\"https:\\\/\\\/fuster-associates.com\\\/pl\\\/#organization\"},\"potentialAction\":[{\"@type\":\"SearchAction\",\"target\":{\"@type\":\"EntryPoint\",\"urlTemplate\":\"https:\\\/\\\/fuster-associates.com\\\/pl\\\/?s={search_term_string}\"},\"query-input\":{\"@type\":\"PropertyValueSpecification\",\"valueRequired\":true,\"valueName\":\"search_term_string\"}}],\"inLanguage\":\"pl-PL\"},{\"@type\":\"Organization\",\"@id\":\"https:\\\/\\\/fuster-associates.com\\\/pl\\\/#organization\",\"name\":\"FUSTER & ASSOCIATES\",\"url\":\"https:\\\/\\\/fuster-associates.com\\\/pl\\\/\",\"logo\":{\"@type\":\"ImageObject\",\"inLanguage\":\"pl-PL\",\"@id\":\"https:\\\/\\\/fuster-associates.com\\\/pl\\\/#\\\/schema\\\/logo\\\/image\\\/\",\"url\":\"https:\\\/\\\/fuster-associates.com\\\/wp-content\\\/uploads\\\/2018\\\/08\\\/logo-fuster-1.jpeg\",\"contentUrl\":\"https:\\\/\\\/fuster-associates.com\\\/wp-content\\\/uploads\\\/2018\\\/08\\\/logo-fuster-1.jpeg\",\"width\":180,\"height\":113,\"caption\":\"FUSTER & ASSOCIATES\"},\"image\":{\"@id\":\"https:\\\/\\\/fuster-associates.com\\\/pl\\\/#\\\/schema\\\/logo\\\/image\\\/\"},\"sameAs\":[\"https:\\\/\\\/www.facebook.com\\\/fusterspain\\\/\",\"https:\\\/\\\/x.com\\\/FusterSpain\",\"https:\\\/\\\/www.youtube.com\\\/channel\\\/UC2-kNuL1SoqlFizI47hmIOQ\",\"https:\\\/\\\/www.linkedin.com\\\/company\\\/fuster-&-associates\\\/\"]}]}<\/script>\n<!-- \/ Yoast SEO plugin. -->","yoast_head_json":{"title":"Polityka dost\u0119pno\u015bci stron internetowych \u2013 Fuster & Associates","description":"Firma Fuster & Associates przestrzega przepis\u00f3w UE i Hiszpanii, aby zapewni\u0107 dost\u0119pno\u015b\u0107 naszej strony internetowej wszystkim u\u017cytkownikom, w tym osobom niepe\u0142nosprawnym.","robots":{"index":"index","follow":"follow","max-snippet":"max-snippet:-1","max-image-preview":"max-image-preview:large","max-video-preview":"max-video-preview:-1"},"canonical":"https:\/\/fuster-associates.com\/pl\/dostepnosc\/","og_locale":"pl_PL","og_type":"article","og_title":"Polityka dost\u0119pno\u015bci stron internetowych \u2013 Fuster & Associates","og_description":"Firma Fuster & Associates przestrzega przepis\u00f3w UE i Hiszpanii, aby zapewni\u0107 dost\u0119pno\u015b\u0107 naszej strony internetowej wszystkim u\u017cytkownikom, w tym osobom niepe\u0142nosprawnym.","og_url":"https:\/\/fuster-associates.com\/pl\/dostepnosc\/","og_site_name":"Fuster &amp; Associates","article_publisher":"https:\/\/www.facebook.com\/fusterspain\/","article_modified_time":"2025-09-03T12:48:25+00:00","og_image":[{"url":"https:\/\/sede.carm.es\/web\/CARM\/images\/external.png","type":"","width":"","height":""}],"twitter_card":"summary_large_image","twitter_site":"@FusterSpain","twitter_misc":{"Szacowany czas czytania":"3 minuty"},"schema":{"@context":"https:\/\/schema.org","@graph":[{"@type":"WebPage","@id":"https:\/\/fuster-associates.com\/pl\/dostepnosc\/","url":"https:\/\/fuster-associates.com\/pl\/dostepnosc\/","name":"Polityka dost\u0119pno\u015bci stron internetowych \u2013 Fuster & Associates","isPartOf":{"@id":"https:\/\/fuster-associates.com\/pl\/#website"},"primaryImageOfPage":{"@id":"https:\/\/fuster-associates.com\/pl\/dostepnosc\/#primaryimage"},"image":{"@id":"https:\/\/fuster-associates.com\/pl\/dostepnosc\/#primaryimage"},"thumbnailUrl":"https:\/\/sede.carm.es\/web\/CARM\/images\/external.png","datePublished":"2025-02-20T10:37:34+00:00","dateModified":"2025-09-03T12:48:25+00:00","description":"Firma Fuster & Associates przestrzega przepis\u00f3w UE i Hiszpanii, aby zapewni\u0107 dost\u0119pno\u015b\u0107 naszej strony internetowej wszystkim u\u017cytkownikom, w tym osobom niepe\u0142nosprawnym.","breadcrumb":{"@id":"https:\/\/fuster-associates.com\/pl\/dostepnosc\/#breadcrumb"},"inLanguage":"pl-PL","potentialAction":[{"@type":"ReadAction","target":["https:\/\/fuster-associates.com\/pl\/dostepnosc\/"]}]},{"@type":"ImageObject","inLanguage":"pl-PL","@id":"https:\/\/fuster-associates.com\/pl\/dostepnosc\/#primaryimage","url":"https:\/\/sede.carm.es\/web\/CARM\/images\/external.png","contentUrl":"https:\/\/sede.carm.es\/web\/CARM\/images\/external.png"},{"@type":"BreadcrumbList","@id":"https:\/\/fuster-associates.com\/pl\/dostepnosc\/#breadcrumb","itemListElement":[{"@type":"ListItem","position":1,"name":"Dom","item":"https:\/\/fuster-associates.com\/pl\/"},{"@type":"ListItem","position":2,"name":"Dost\u0119pno\u015b\u0107"}]},{"@type":"WebSite","@id":"https:\/\/fuster-associates.com\/pl\/#website","url":"https:\/\/fuster-associates.com\/pl\/","name":"Fuster & Associates","description":"Property Solicitors","publisher":{"@id":"https:\/\/fuster-associates.com\/pl\/#organization"},"potentialAction":[{"@type":"SearchAction","target":{"@type":"EntryPoint","urlTemplate":"https:\/\/fuster-associates.com\/pl\/?s={search_term_string}"},"query-input":{"@type":"PropertyValueSpecification","valueRequired":true,"valueName":"search_term_string"}}],"inLanguage":"pl-PL"},{"@type":"Organization","@id":"https:\/\/fuster-associates.com\/pl\/#organization","name":"FUSTER & ASSOCIATES","url":"https:\/\/fuster-associates.com\/pl\/","logo":{"@type":"ImageObject","inLanguage":"pl-PL","@id":"https:\/\/fuster-associates.com\/pl\/#\/schema\/logo\/image\/","url":"https:\/\/fuster-associates.com\/wp-content\/uploads\/2018\/08\/logo-fuster-1.jpeg","contentUrl":"https:\/\/fuster-associates.com\/wp-content\/uploads\/2018\/08\/logo-fuster-1.jpeg","width":180,"height":113,"caption":"FUSTER & ASSOCIATES"},"image":{"@id":"https:\/\/fuster-associates.com\/pl\/#\/schema\/logo\/image\/"},"sameAs":["https:\/\/www.facebook.com\/fusterspain\/","https:\/\/x.com\/FusterSpain","https:\/\/www.youtube.com\/channel\/UC2-kNuL1SoqlFizI47hmIOQ","https:\/\/www.linkedin.com\/company\/fuster-&-associates\/"]}]}},"_links":{"self":[{"href":"https:\/\/fuster-associates.com\/pl\/wp-json\/wp\/v2\/pages\/28463","targetHints":{"allow":["GET"]}}],"collection":[{"href":"https:\/\/fuster-associates.com\/pl\/wp-json\/wp\/v2\/pages"}],"about":[{"href":"https:\/\/fuster-associates.com\/pl\/wp-json\/wp\/v2\/types\/page"}],"author":[{"embeddable":true,"href":"https:\/\/fuster-associates.com\/pl\/wp-json\/wp\/v2\/users\/2"}],"replies":[{"embeddable":true,"href":"https:\/\/fuster-associates.com\/pl\/wp-json\/wp\/v2\/comments?post=28463"}],"version-history":[{"count":1,"href":"https:\/\/fuster-associates.com\/pl\/wp-json\/wp\/v2\/pages\/28463\/revisions"}],"predecessor-version":[{"id":33712,"href":"https:\/\/fuster-associates.com\/pl\/wp-json\/wp\/v2\/pages\/28463\/revisions\/33712"}],"wp:attachment":[{"href":"https:\/\/fuster-associates.com\/pl\/wp-json\/wp\/v2\/media?parent=28463"}],"curies":[{"name":"wp","href":"https:\/\/api.w.org\/{rel}","templated":true}]}}