{"id":28433,"date":"2025-02-19T11:00:04","date_gmt":"2025-02-19T10:00:04","guid":{"rendered":"https:\/\/fuster2.kustom.es\/legal-notice\/"},"modified":"2025-09-03T14:50:48","modified_gmt":"2025-09-03T12:50:48","slug":"nota-prawna","status":"publish","type":"page","link":"https:\/\/fuster-associates.com\/pl\/nota-prawna\/","title":{"rendered":"Nota Prawna"},"content":{"rendered":"\t\t<div data-elementor-type=\"wp-page\" data-elementor-id=\"28433\" class=\"elementor elementor-28433 elementor-22492\" data-elementor-post-type=\"page\">\n\t\t\t\t<div class=\"elementor-element elementor-element-b90a1b5 e-flex e-con-boxed e-con e-parent\" data-id=\"b90a1b5\" data-element_type=\"container\" data-e-type=\"container\" data-settings=\"{&quot;background_background&quot;:&quot;classic&quot;}\">\n\t\t\t\t\t<div class=\"e-con-inner\">\n\t\t\t\t<div class=\"elementor-element elementor-element-3e256b9 elementor-invisible elementor-widget elementor-widget-heading\" data-id=\"3e256b9\" data-element_type=\"widget\" data-e-type=\"widget\" data-settings=\"{&quot;_animation&quot;:&quot;fadeInDown&quot;}\" data-widget_type=\"heading.default\">\n\t\t\t\t\t<h1 class=\"elementor-heading-title elementor-size-default\">Nota Prawna<\/h1>\t\t\t\t<\/div>\n\t\t\t\t<div class=\"elementor-element elementor-element-6b259bd elementor-invisible elementor-widget elementor-widget-breadcrumbs\" data-id=\"6b259bd\" data-element_type=\"widget\" data-e-type=\"widget\" data-settings=\"{&quot;_animation&quot;:&quot;fadeInUp&quot;}\" data-widget_type=\"breadcrumbs.default\">\n\t\t\t\t\t<p id=\"breadcrumbs\"><span><span><a href=\"https:\/\/fuster-associates.com\/pl\/\">Dom<\/a><\/span><\/span><\/p>\t\t\t\t<\/div>\n\t\t\t\t\t<\/div>\n\t\t\t\t<\/div>\n\t\t<div class=\"elementor-element elementor-element-11b7eb3 e-flex e-con-boxed e-con e-parent\" data-id=\"11b7eb3\" data-element_type=\"container\" data-e-type=\"container\" data-settings=\"{&quot;background_background&quot;:&quot;classic&quot;}\">\n\t\t\t\t\t<div class=\"e-con-inner\">\n\t\t\t\t<div class=\"elementor-element elementor-element-ad189f9 elementor-invisible elementor-widget elementor-widget-text-editor\" data-id=\"ad189f9\" data-element_type=\"widget\" data-e-type=\"widget\" data-settings=\"{&quot;_animation&quot;:&quot;fadeInUp&quot;}\" data-widget_type=\"text-editor.default\">\n\t\t\t\t\t\t\t\t\t<h4>1. FORMULARZ KONTAKTOWY WEB<\/h4><p>Twoje dane b\u0119d\u0105 wykorzystywane przez FUSTER CONSULTING, S.L. w celu zarz\u0105dzania Twoimi w\u0105tpliwo\u015bciami lub pytaniami. Wysy\u0142aj\u0105c do nas odpowiedni formularz, przyjmuje si\u0119, \u017ce wyra\u017casz zgod\u0119 na przetwarzanie Twoich danych. Pa\u0144stwa dane osobowe nie b\u0119d\u0105 przekazywane osobom trzecim, chyba \u017ce chodzi o dane przewidziane w obowi\u0105zuj\u0105cych przepisach. U\u017cytkownicy, kt\u00f3rych dane s\u0105 wykorzystywane, mog\u0105 swobodnie korzysta\u0107 z prawa dost\u0119pu do informacji i ich uzyskania, sprostowania, usuni\u0119cia, a tak\u017ce prawa do przenoszenia, usuni\u0119cia danych lub, w razie potrzeby, sprzeciwi\u0107 si\u0119 wykorzystywaniu tych danych, zgodnie z og\u00f3lnymi przepisami o ochronie danych osobowych, zgodnie z przepisami prawa. Z praw tych mo\u017cna skorzysta\u0107, wysy\u0142aj\u0105c pisemn\u0105, nale\u017cycie podpisan\u0105 korespondencj\u0119 wraz z kserokopi\u0105 dowodu osobistego na adres FUSTER CONSULTING, S.L. Avenida de La Libertad, 301 \u2013 1\u00aa planta P.6 CP 30710 Los Alc\u00e1zares (Murcia) lub poczt\u0105 elektroniczn\u0105 na adres info@fuster-associates.com. Dane u\u017cytkownik\u00f3w, kt\u00f3rzy nie skorzystaj\u0105 z prawa do odwo\u0142ania lub sprzeciwu wobec tego, zostan\u0105 zapisane. W ten sam spos\u00f3b. Je\u015bli u\u017cytkownik uwa\u017ca, \u017ce jego prawo do ochrony danych zosta\u0142o w jakikolwiek spos\u00f3b naruszone, mo\u017ce z\u0142o\u017cy\u0107 skarg\u0119 do Hiszpa\u0144skiej Agencji Ochrony Danych &#8222;Agencia Espa\u00f1ola de Protecci\u00f3n de Datos&#8221; (www.agpd.es).<\/p><h4>2. FORMULARZ NEWSLETTERA<\/h4><p>Twoje dane b\u0119d\u0105 przetwarzane przez FUSTER CONSULTING, S.L. w celu zarz\u0105dzania Twoj\u0105 aplikacj\u0105 subskrypcyjn\u0105 i aby m\u00f3c cz\u0119sto wysy\u0142a\u0107 Ci newslettery, informuj\u0105ce Ci\u0119 o produktach lub us\u0142ugach, kt\u00f3re nasza firma ma do zaoferowania. Przetwarzanie Pa\u0144stwa danych odbywa si\u0119 na podstawie Pa\u0144stwa zgody poprzez wys\u0142anie tego formularza. Pa\u0144stwa dane nie b\u0119d\u0105 przekazywane osobom trzecim, z wyj\u0105tkiem przypadk\u00f3w okre\u015blonych w obowi\u0105zuj\u0105cych przepisach. U\u017cytkownicy, kt\u00f3rych dane s\u0105 wykorzystywane, mog\u0105 swobodnie korzysta\u0107 z prawa dost\u0119pu do informacji i ich uzyskania, sprostowania, usuni\u0119cia, a tak\u017ce prawa do przenoszenia, usuni\u0119cia danych lub, w razie potrzeby, sprzeciwi\u0107 si\u0119 wykorzystywaniu tych danych, zgodnie z og\u00f3lnymi przepisami o ochronie danych osobowych, zgodnie z przepisami prawa. Mo\u017cesz zrezygnowa\u0107 z otrzymywania informacji handlowych za pomoc\u0105 prostej, bezp\u0142atnej procedury \u2013 wiadomo\u015bci e-mail na adres info@fuster-associates.com. Przetwarzane dane u\u017cytkownik\u00f3w b\u0119d\u0105 przechowywane tak d\u0142ugo, jak d\u0142ugo u\u017cytkownicy nie skorzystaj\u0105 z prawa do odst\u0105pienia od umowy lub sprzeciwu. W ten sam spos\u00f3b, je\u015bli u\u017cytkownicy uznaj\u0105, \u017ce ich prawo do ochrony danych zosta\u0142o naruszone, mog\u0105 z\u0142o\u017cy\u0107 skarg\u0119 do hiszpa\u0144skiej agencji ochrony danych &#8222;Agencia Espa\u00f1ola de Protecci\u00f3n de Datos&#8221; (www.agpd.es).<\/p><h4>PRAWNE<\/h4><h5>1. ASPEKTY OG\u00d3LNE<\/h5><p>Nale\u017cy uwa\u017cnie zapozna\u0107 si\u0119 z poni\u017cszym ostrze\u017ceniem prawnym dotycz\u0105cym strony internetowej firmy FUSTER CONSULTING, S.L.<\/p><hr \/><h5>1.1. Dane identyfikacyjne dostawcy us\u0142ug internetowych.<\/h5><p>Zgodnie z artyku\u0142em 10 ustawy 34\/2002 o us\u0142ugach internetowych i handlu elektronicznym informujemy, \u017ce firma FUSTER CONSULTING, S.L., o numerze identyfikacji podatkowej B73214108, zarz\u0105dza zawarto\u015bci\u0105 strony internetowej https:\/\/fuster-associates.com, z siedzib\u0105 pod adresem &#8222;Avenida de La Libertad, 301 \u2013 1\u00aa planta P.6 CP 30710 Los Alc\u00e1zares (Murcia)&#8221;. FUSTER CONSULTING, S.L. jest wpisana do rejestru handlowego Murcji &#8222;Registro Mercantil de Murcia&#8221;, w tomie z 1937 r., strona 156, oraz na arkuszu MU 42.209, pierwszy wpis. Je\u015bli chcesz si\u0119 z nami skontaktowa\u0107, mo\u017cesz uda\u0107 si\u0119 na powy\u017cszy adres lub zadzwoni\u0107 do nas pod numer (+34 968575650), e-mail: info@fuster-associates.com.<\/p><hr \/><h5>1.2. Przyj\u0119cie i skutki warunk\u00f3w og\u00f3lnych i szczeg\u00f3\u0142owych<\/h5><p>Zar\u00f3wno przegl\u0105danie, jak i korzystanie i\/lub zamawianie kt\u00f3regokolwiek z produkt\u00f3w oferowanych na tej stronie internetowej czyni Ci\u0119 u\u017cytkownikiem i oznacza akceptacj\u0119 wszystkich og\u00f3lnych warunk\u00f3w oraz, w stosownych przypadkach, szczeg\u00f3lnych warunk\u00f3w obowi\u0105zuj\u0105cych podczas korzystania ze strony internetowej przez u\u017cytkownika. FUSTER CONSULTING, S.L. zastrzega sobie prawo do jednostronnego zwi\u0119kszania i modyfikowania zawarto\u015bci strony internetowej, prezentacji i konfiguracji, bez uprzedzenia, a tak\u017ce do czasowego zawieszenia prezentacji, konfiguracji i specyfikacji technicznych oraz us\u0142ug strony internetowej w ten sam spos\u00f3b.<\/p><hr \/><h5>2. GENERAL CONDITIONS OF USE OF THE WEBSITE<\/h5><h5>2.1. Obligations of use<\/h5><p>In general terms, the user is compelled to comply with the present terms of conditions of use and always work in compliance with the law, good practice and in good faith, and with the conscientiousness required by the nature of the service he is availing of, abstaining from using this website in any other way that could impede, damage or deteriorate the normal functioning of same, the assets or rights of the owner, FUSTER CONSULTING, S.L., the other users or in general, any third party. In particular, without implying any restrictions on the obligation as taken on board by the user, in general terms and in conforming to contents of the previous paragraph, when using this web, the user has to comply with the following: \u2022 Should he be assigned one, the user should safeguard the \u2018user name\u2019 and \u2018password\u2019 given to him by FUSTER CONSULTING, S.L., as identifying elements which facilitate his access to the different services offered by the website, and he is committed to not handing over the use of same nor allow access to same by third parties, taking responsibility for the liquidated damage which could arise from an improper use of same. \u2022 No information or material that could be defamatory, damaging, obscene, threatening, xenophobic, encourage violence or discrimination because of race, sex, ideology, religion or which could, in any way go against the moral, public order, fundamental rights, public freedom, honour, privacy or reputation, of third parties and in general, which infringes the current Spanish law and that of the user\u2019s country of origin is to be stored or diffused on the website. . \u2022 No computer programs, data, virus, code or any other files which could cause damages or changes to the website, in any of its services or any of the equipment, systems or networks of FUSTER CONSULTING, S.L., of any user or in general to third parties, which could impede the normal functioning of same are to be installed in the website \u2022 The details, information, programs, electronic documents, or in general the files of FUSTER CONSULTING, S.L. , of the users or third parties must not be destroyed, altered, disabled, damaged, or used for the user\u2019s own use. FUSTER CONSULTING, S.L. will be able to, without previous warning, modify these general Conditions as well as the Particular Conditions, changes which, will be published on the website so the users are informed of same.<\/p><hr \/><h5>2.2. Exclusion of liability<\/h5><p>FUSTER CONSULTING, S.L. will not be responsible for: \u2022 In general terms, regarding the inappropriate use of the web: users must use the web appropriately, in accordance with the previous terms and conditions and it is not the owner\u2019s responsibility if the website is used inappropriately. \u2022 With respect to possible technical deficiencies: FUSTER CONSULTING, S.L. will not be responsible, in any case, for alterations in the service due to problems in the electrical network, in the data connection network, the server or any other services lent. \u2022 Access to the system by third parties: FUSTER CONSULTING, S.L. will take the necessary cautionary measures to protect the data and information accessed, but it will not be responsible for third party actions who by, infringing established security measures, access said data \u2022 FUSTER CONSULTING, S.L. is constantly investing in technological means that try to minimise the risk of virus and similar software, as well as non-authorised content in its information systems. Despite this, the user is aware that he must adopt his own measures to minimise damage caused by non-authorised software, virus, non-authorized, virus, Trojans and any other type of software classed as malware, absolving FUSTER CONSULTING, S.L. from all responsibility of the containment of malware in treatment authorised in this web.<\/p><hr \/><h5>2.3. Use of hyperlinks<\/h5><p>Internet users who wish to include links from their own webs on the webpage, must fulfil the conditions set out below, and claiming of not being aware of these conditions does not make the user exempt from the relevant legal responsibilities, as set out by law. The link will only be linked to the home page or main page of the webpage but in no way will it be able to be copy it (inline links, copying of texts, graphics, etc.). It is absolutely forbidden, as set out by the current applicable legislation, to set up frames of any type which envelop the webpage or allow for the content to be seen, via internet addresses that are different from the webpage and in any case, when they can be seen, if they are seen with content that has nothing to do with the web page and therefore: (I) leads to or could lead to errors, confusion or deception of the users as to what the real origin of the service or contents is; (II) is considered to be an act of comparison or disloyal imitation; (III) is used to benefit from the reputation and the brand and prestige of FUSTER CONSULTING, S.L.; or (IV), in any way, is prohibited by the current legislation. There will be no false, inexact or incorrect statements of any type about FUSTER CONSULTING, S.L., its address, employees, customers or about the quality of the services it offers. On the page where the link figures, in no case is it permitted to state that FUSTER CONSULTING, S.L. has given its consent to insert the link or in any other way has sponsored, collaborated, verified or supervised the services provided by the submitter. It is forbidden to use any word marks, graphics or a mixture or any other distinctive signs of FUSTER CONSULTING, S.L. in the submitter\u2019s page except in cases permitted by law or expressly authorised by FUSTER CONSULTING, S.L. and in these cases, a direct link to the webpage in the way described in this clause The page that sets up the link should accurately comply with the law and it cannot make available or link to the submitter\u2019s own content or that of third parties which may be: (I) unlawful, harmful or go against the moral and good practices (pornographic, violent, racist etc.); (II) incite or could incite the user to believe that FUSTER CONSULTING, S.L. subscribes to, backs, is joined to or in any way promotes the ideas, demonstrations or expressions, lawful or unlawful of the submitter; (III) are inappropriate or not related to the activity being carried out, as regards the place, contents and subject matter of the submitter\u2019s webpage. In the same way, the user will abstain from including any hyperlinks (from here on, \u2018link\u2019) in the webpage which leads to a webpage that contains illicit information or content, which goes against the moral and good practices generally accepted or against public order.<\/p><hr \/><h5>2.4. Intellectual and industrial property<\/h5><p>Struktura, projekt i spos\u00f3b, w jaki elementy tej strony s\u0105 prezentowane (wykresy, obrazy, fotografie, pr\u00f3bki i materia\u0142y, kt\u00f3re pojawiaj\u0105 si\u0119 na tych samych technologiach przemys\u0142owych, pliki, logotypy, kombinacje kolor\u00f3w i wszelkie inne elementy podlegaj\u0105ce ochronie) s\u0105 chronione prawami w\u0142asno\u015bci intelektualnej i przemys\u0142owej nale\u017c\u0105cymi do w\u0142a\u015bciciela lub os\u00f3b, kt\u00f3re uzyska\u0142y odpowiednie prawa u\u017cytkowania. Powielanie, przekszta\u0142canie, rozpowszechnianie, publiczne udost\u0119pnianie, podawanie do publicznej wiadomo\u015bci i og\u00f3lnie wszelkiego rodzaju wykorzystywanie, zar\u00f3wno cz\u0119\u015bciowe, jak i ca\u0142kowite, element\u00f3w, o kt\u00f3rych mowa powy\u017cej, jest zabronione. Publikacja na innych stronach internetowych lub innych \u015brodkach komunikacji cyfrowej lub pisemnej wymaga wyra\u017anej zgody w\u0142a\u015bciciela strony internetowej i we wszystkich przypadkach nale\u017cy bezpo\u015brednio odwo\u0142a\u0107 si\u0119 do w\u0142a\u015bciciela tych praw w\u0142asno\u015bci intelektualnej, kt\u00f3rym jest FUSTER CONSULTING, S.L. U\u017cywanie oznacze\u0144 odr\u00f3\u017cniaj\u0105cych (marek, nazw handlowych), chyba \u017ce jest to wyra\u017anie dozwolone, jest zabronione. O ile firma FUSTER CONSULTING, S.L. nie wyrazi na to wyra\u017anej zgody, linki do &#8222;ostatnich stron&#8221;, &#8222;ramki&#8221; i wszelkie inne podobne manipulacje s\u0105 dozwolone. Linki powinny zawsze znajdowa\u0107 si\u0119 na stronie g\u0142\u00f3wnej lub g\u0142\u00f3wnej serwisu.<\/p><hr \/><h5>2.5. W\u0142a\u015bciwa jurysdykcja i ustawodawstwo<\/h5><p>Warunki okre\u015blone na tej stronie internetowej i wszystko, co mo\u017cna w niej znale\u017a\u0107, podlegaj\u0105 ustawodawstwu hiszpa\u0144skiemu. Wszelkie kontrowersje, kt\u00f3re mog\u0105 wynikn\u0105\u0107 w zwi\u0105zku z korzystaniem z tej strony internetowej, b\u0119d\u0105 podlega\u0107 jurysdykcji s\u0105d\u00f3w w Murcji.<\/p>\t\t\t\t\t\t\t\t<\/div>\n\t\t\t\t\t<\/div>\n\t\t\t\t<\/div>\n\t\t\t\t<\/div>\n\t\t","protected":false},"excerpt":{"rendered":"<p>1. FORMULARZ KONTAKTOWY WEB Twoje dane b\u0119d\u0105 wykorzystywane przez FUSTER CONSULTING, S.L. w celu zarz\u0105dzania Twoimi w\u0105tpliwo\u015bciami lub pytaniami. Wysy\u0142aj\u0105c do nas odpowiedni formularz, przyjmuje si\u0119, \u017ce wyra\u017casz zgod\u0119 na przetwarzanie Twoich danych. Pa\u0144stwa dane osobowe nie b\u0119d\u0105 przekazywane osobom trzecim, chyba \u017ce chodzi o dane przewidziane w obowi\u0105zuj\u0105cych przepisach. U\u017cytkownicy, kt\u00f3rych dane s\u0105 wykorzystywane, [&hellip;]<\/p>\n","protected":false},"author":2,"featured_media":0,"parent":0,"menu_order":0,"comment_status":"closed","ping_status":"closed","template":"","meta":{"content-type":"","_sitemap_exclude":false,"_sitemap_priority":"","_sitemap_frequency":"","footnotes":""},"class_list":["post-28433","page","type-page","status-publish","hentry"],"yoast_head":"<!-- This site is optimized with the Yoast SEO plugin v27.2 - https:\/\/yoast.com\/product\/yoast-seo-wordpress\/ -->\n<title>Warunki prawne i informacje dotycz\u0105ce strony internetowej - Fuster &amp; Associates<\/title>\n<meta name=\"description\" content=\"Zapoznaj si\u0119 z warunkami prawnymi naszej strony internetowej, w tym danymi kontaktowymi, informacjami o plikach cookie, prawami u\u017cytkownik\u00f3w i zgodno\u015bci\u0105 z przepisami dotycz\u0105cymi ochrony danych.\" \/>\n<meta name=\"robots\" content=\"index, follow, max-snippet:-1, max-image-preview:large, max-video-preview:-1\" \/>\n<link rel=\"canonical\" href=\"https:\/\/fuster-associates.com\/pl\/nota-prawna\/\" \/>\n<meta property=\"og:locale\" content=\"pl_PL\" \/>\n<meta property=\"og:type\" content=\"article\" \/>\n<meta property=\"og:title\" content=\"Warunki prawne i informacje dotycz\u0105ce strony internetowej - Fuster &amp; Associates\" \/>\n<meta property=\"og:description\" content=\"Zapoznaj si\u0119 z warunkami prawnymi naszej strony internetowej, w tym danymi kontaktowymi, informacjami o plikach cookie, prawami u\u017cytkownik\u00f3w i zgodno\u015bci\u0105 z przepisami dotycz\u0105cymi ochrony danych.\" \/>\n<meta property=\"og:url\" content=\"https:\/\/fuster-associates.com\/pl\/nota-prawna\/\" \/>\n<meta property=\"og:site_name\" content=\"Fuster &amp; Associates\" \/>\n<meta property=\"article:publisher\" content=\"https:\/\/www.facebook.com\/fusterspain\/\" \/>\n<meta property=\"article:modified_time\" content=\"2025-09-03T12:50:48+00:00\" \/>\n<meta property=\"og:image\" content=\"https:\/\/fuster-associates.com\/wp-content\/uploads\/2020\/02\/slide-fuster-standard.jpg\" \/>\n\t<meta property=\"og:image:width\" content=\"1920\" \/>\n\t<meta property=\"og:image:height\" content=\"1280\" \/>\n\t<meta property=\"og:image:type\" content=\"image\/jpeg\" \/>\n<meta name=\"twitter:card\" content=\"summary_large_image\" \/>\n<meta name=\"twitter:site\" content=\"@FusterSpain\" \/>\n<meta name=\"twitter:label1\" content=\"Szacowany czas czytania\" \/>\n\t<meta name=\"twitter:data1\" content=\"9 minut\" \/>\n<script type=\"application\/ld+json\" class=\"yoast-schema-graph\">{\"@context\":\"https:\/\/schema.org\",\"@graph\":[{\"@type\":\"WebPage\",\"@id\":\"https:\/\/fuster-associates.com\/pl\/nota-prawna\/\",\"url\":\"https:\/\/fuster-associates.com\/pl\/nota-prawna\/\",\"name\":\"Warunki prawne i informacje dotycz\u0105ce strony internetowej - Fuster & Associates\",\"isPartOf\":{\"@id\":\"https:\/\/fuster-associates.com\/pl\/#website\"},\"datePublished\":\"2025-02-19T10:00:04+00:00\",\"dateModified\":\"2025-09-03T12:50:48+00:00\",\"description\":\"Zapoznaj si\u0119 z warunkami prawnymi naszej strony internetowej, w tym danymi kontaktowymi, informacjami o plikach cookie, prawami u\u017cytkownik\u00f3w i zgodno\u015bci\u0105 z przepisami dotycz\u0105cymi ochrony danych.\",\"breadcrumb\":{\"@id\":\"https:\/\/fuster-associates.com\/pl\/nota-prawna\/#breadcrumb\"},\"inLanguage\":\"pl-PL\",\"potentialAction\":[{\"@type\":\"ReadAction\",\"target\":[\"https:\/\/fuster-associates.com\/pl\/nota-prawna\/\"]}]},{\"@type\":\"BreadcrumbList\",\"@id\":\"https:\/\/fuster-associates.com\/pl\/nota-prawna\/#breadcrumb\",\"itemListElement\":[{\"@type\":\"ListItem\",\"position\":1,\"name\":\"Dom\",\"item\":\"https:\/\/fuster-associates.com\/pl\/\"},{\"@type\":\"ListItem\",\"position\":2,\"name\":\"Nota Prawna\"}]},{\"@type\":\"WebSite\",\"@id\":\"https:\/\/fuster-associates.com\/pl\/#website\",\"url\":\"https:\/\/fuster-associates.com\/pl\/\",\"name\":\"Fuster & Associates\",\"description\":\"Property Solicitors\",\"publisher\":{\"@id\":\"https:\/\/fuster-associates.com\/pl\/#organization\"},\"potentialAction\":[{\"@type\":\"SearchAction\",\"target\":{\"@type\":\"EntryPoint\",\"urlTemplate\":\"https:\/\/fuster-associates.com\/pl\/?s={search_term_string}\"},\"query-input\":{\"@type\":\"PropertyValueSpecification\",\"valueRequired\":true,\"valueName\":\"search_term_string\"}}],\"inLanguage\":\"pl-PL\"},{\"@type\":\"Organization\",\"@id\":\"https:\/\/fuster-associates.com\/pl\/#organization\",\"name\":\"FUSTER & ASSOCIATES\",\"url\":\"https:\/\/fuster-associates.com\/pl\/\",\"logo\":{\"@type\":\"ImageObject\",\"inLanguage\":\"pl-PL\",\"@id\":\"https:\/\/fuster-associates.com\/pl\/#\/schema\/logo\/image\/\",\"url\":\"https:\/\/fuster-associates.com\/wp-content\/uploads\/2018\/08\/logo-fuster-1.jpeg\",\"contentUrl\":\"https:\/\/fuster-associates.com\/wp-content\/uploads\/2018\/08\/logo-fuster-1.jpeg\",\"width\":180,\"height\":113,\"caption\":\"FUSTER & ASSOCIATES\"},\"image\":{\"@id\":\"https:\/\/fuster-associates.com\/pl\/#\/schema\/logo\/image\/\"},\"sameAs\":[\"https:\/\/www.facebook.com\/fusterspain\/\",\"https:\/\/x.com\/FusterSpain\",\"https:\/\/www.youtube.com\/channel\/UC2-kNuL1SoqlFizI47hmIOQ\",\"https:\/\/www.linkedin.com\/company\/fuster-&-associates\/\"]}]}<\/script>\n<!-- \/ Yoast SEO plugin. -->","yoast_head_json":{"title":"Warunki prawne i informacje dotycz\u0105ce strony internetowej - Fuster & Associates","description":"Zapoznaj si\u0119 z warunkami prawnymi naszej strony internetowej, w tym danymi kontaktowymi, informacjami o plikach cookie, prawami u\u017cytkownik\u00f3w i zgodno\u015bci\u0105 z przepisami dotycz\u0105cymi ochrony danych.","robots":{"index":"index","follow":"follow","max-snippet":"max-snippet:-1","max-image-preview":"max-image-preview:large","max-video-preview":"max-video-preview:-1"},"canonical":"https:\/\/fuster-associates.com\/pl\/nota-prawna\/","og_locale":"pl_PL","og_type":"article","og_title":"Warunki prawne i informacje dotycz\u0105ce strony internetowej - Fuster & Associates","og_description":"Zapoznaj si\u0119 z warunkami prawnymi naszej strony internetowej, w tym danymi kontaktowymi, informacjami o plikach cookie, prawami u\u017cytkownik\u00f3w i zgodno\u015bci\u0105 z przepisami dotycz\u0105cymi ochrony danych.","og_url":"https:\/\/fuster-associates.com\/pl\/nota-prawna\/","og_site_name":"Fuster &amp; Associates","article_publisher":"https:\/\/www.facebook.com\/fusterspain\/","article_modified_time":"2025-09-03T12:50:48+00:00","og_image":[{"width":1920,"height":1280,"url":"https:\/\/fuster-associates.com\/wp-content\/uploads\/2020\/02\/slide-fuster-standard.jpg","type":"image\/jpeg"}],"twitter_card":"summary_large_image","twitter_site":"@FusterSpain","twitter_misc":{"Szacowany czas czytania":"9 minut"},"schema":{"@context":"https:\/\/schema.org","@graph":[{"@type":"WebPage","@id":"https:\/\/fuster-associates.com\/pl\/nota-prawna\/","url":"https:\/\/fuster-associates.com\/pl\/nota-prawna\/","name":"Warunki prawne i informacje dotycz\u0105ce strony internetowej - Fuster & Associates","isPartOf":{"@id":"https:\/\/fuster-associates.com\/pl\/#website"},"datePublished":"2025-02-19T10:00:04+00:00","dateModified":"2025-09-03T12:50:48+00:00","description":"Zapoznaj si\u0119 z warunkami prawnymi naszej strony internetowej, w tym danymi kontaktowymi, informacjami o plikach cookie, prawami u\u017cytkownik\u00f3w i zgodno\u015bci\u0105 z przepisami dotycz\u0105cymi ochrony danych.","breadcrumb":{"@id":"https:\/\/fuster-associates.com\/pl\/nota-prawna\/#breadcrumb"},"inLanguage":"pl-PL","potentialAction":[{"@type":"ReadAction","target":["https:\/\/fuster-associates.com\/pl\/nota-prawna\/"]}]},{"@type":"BreadcrumbList","@id":"https:\/\/fuster-associates.com\/pl\/nota-prawna\/#breadcrumb","itemListElement":[{"@type":"ListItem","position":1,"name":"Dom","item":"https:\/\/fuster-associates.com\/pl\/"},{"@type":"ListItem","position":2,"name":"Nota Prawna"}]},{"@type":"WebSite","@id":"https:\/\/fuster-associates.com\/pl\/#website","url":"https:\/\/fuster-associates.com\/pl\/","name":"Fuster & Associates","description":"Property Solicitors","publisher":{"@id":"https:\/\/fuster-associates.com\/pl\/#organization"},"potentialAction":[{"@type":"SearchAction","target":{"@type":"EntryPoint","urlTemplate":"https:\/\/fuster-associates.com\/pl\/?s={search_term_string}"},"query-input":{"@type":"PropertyValueSpecification","valueRequired":true,"valueName":"search_term_string"}}],"inLanguage":"pl-PL"},{"@type":"Organization","@id":"https:\/\/fuster-associates.com\/pl\/#organization","name":"FUSTER & ASSOCIATES","url":"https:\/\/fuster-associates.com\/pl\/","logo":{"@type":"ImageObject","inLanguage":"pl-PL","@id":"https:\/\/fuster-associates.com\/pl\/#\/schema\/logo\/image\/","url":"https:\/\/fuster-associates.com\/wp-content\/uploads\/2018\/08\/logo-fuster-1.jpeg","contentUrl":"https:\/\/fuster-associates.com\/wp-content\/uploads\/2018\/08\/logo-fuster-1.jpeg","width":180,"height":113,"caption":"FUSTER & ASSOCIATES"},"image":{"@id":"https:\/\/fuster-associates.com\/pl\/#\/schema\/logo\/image\/"},"sameAs":["https:\/\/www.facebook.com\/fusterspain\/","https:\/\/x.com\/FusterSpain","https:\/\/www.youtube.com\/channel\/UC2-kNuL1SoqlFizI47hmIOQ","https:\/\/www.linkedin.com\/company\/fuster-&-associates\/"]}]}},"_links":{"self":[{"href":"https:\/\/fuster-associates.com\/pl\/wp-json\/wp\/v2\/pages\/28433","targetHints":{"allow":["GET"]}}],"collection":[{"href":"https:\/\/fuster-associates.com\/pl\/wp-json\/wp\/v2\/pages"}],"about":[{"href":"https:\/\/fuster-associates.com\/pl\/wp-json\/wp\/v2\/types\/page"}],"author":[{"embeddable":true,"href":"https:\/\/fuster-associates.com\/pl\/wp-json\/wp\/v2\/users\/2"}],"replies":[{"embeddable":true,"href":"https:\/\/fuster-associates.com\/pl\/wp-json\/wp\/v2\/comments?post=28433"}],"version-history":[{"count":1,"href":"https:\/\/fuster-associates.com\/pl\/wp-json\/wp\/v2\/pages\/28433\/revisions"}],"predecessor-version":[{"id":33715,"href":"https:\/\/fuster-associates.com\/pl\/wp-json\/wp\/v2\/pages\/28433\/revisions\/33715"}],"wp:attachment":[{"href":"https:\/\/fuster-associates.com\/pl\/wp-json\/wp\/v2\/media?parent=28433"}],"curies":[{"name":"wp","href":"https:\/\/api.w.org\/{rel}","templated":true}]}}