{"id":28375,"date":"2025-02-18T07:12:29","date_gmt":"2025-02-18T06:12:29","guid":{"rendered":"https:\/\/fuster2.kustom.es\/uslugi\/property-law-services\/"},"modified":"2025-09-03T11:13:56","modified_gmt":"2025-09-03T09:13:56","slug":"uslugi-prawa-nieruchomosci","status":"publish","type":"page","link":"https:\/\/fuster-associates.com\/pl\/uslugi\/uslugi-prawa-nieruchomosci\/","title":{"rendered":"Us\u0142ugi Prawa Nieruchomo\u015bci"},"content":{"rendered":"\t\t<div data-elementor-type=\"wp-page\" data-elementor-id=\"28375\" class=\"elementor elementor-28375 elementor-22149\" data-elementor-post-type=\"page\">\n\t\t\t\t<div class=\"elementor-element elementor-element-1769ce7 e-flex e-con-boxed e-con e-parent\" data-id=\"1769ce7\" data-element_type=\"container\" data-e-type=\"container\" data-settings=\"{&quot;background_background&quot;:&quot;classic&quot;}\">\n\t\t\t\t\t<div class=\"e-con-inner\">\n\t\t\t\t<div class=\"elementor-element elementor-element-5eb8476 elementor-invisible elementor-widget elementor-widget-heading\" data-id=\"5eb8476\" data-element_type=\"widget\" data-e-type=\"widget\" data-settings=\"{&quot;_animation&quot;:&quot;fadeInDown&quot;}\" data-widget_type=\"heading.default\">\n\t\t\t\t\t<h1 class=\"elementor-heading-title elementor-size-default\">Us\u0142ugi Prawa Nieruchomo\u015bci<\/h1>\t\t\t\t<\/div>\n\t\t\t\t<div class=\"elementor-element elementor-element-0696529 elementor-invisible elementor-widget elementor-widget-breadcrumbs\" data-id=\"0696529\" data-element_type=\"widget\" data-e-type=\"widget\" data-settings=\"{&quot;_animation&quot;:&quot;fadeInUp&quot;}\" data-widget_type=\"breadcrumbs.default\">\n\t\t\t\t\t<p id=\"breadcrumbs\"><span><span><a href=\"https:\/\/fuster-associates.com\/pl\/\">Dom<\/a><\/span><\/span><\/p>\t\t\t\t<\/div>\n\t\t\t\t\t<\/div>\n\t\t\t\t<\/div>\n\t\t<div class=\"elementor-element elementor-element-5bf9c5d e-flex e-con-boxed e-con e-parent\" data-id=\"5bf9c5d\" data-element_type=\"container\" data-e-type=\"container\">\n\t\t\t\t\t<div class=\"e-con-inner\">\n\t\t\t\t<div class=\"elementor-element elementor-element-33c9718 elementor-invisible elementor-widget elementor-widget-heading\" data-id=\"33c9718\" data-element_type=\"widget\" data-e-type=\"widget\" data-settings=\"{&quot;_animation&quot;:&quot;fadeIn&quot;,&quot;_animation_laptop&quot;:&quot;fadeIn&quot;}\" data-widget_type=\"heading.default\">\n\t\t\t\t\t<h2 class=\"elementor-heading-title elementor-size-default\">Us\u0142ugi Prawa Nieruchomo\u015bci w Hiszpanii<\/h2>\t\t\t\t<\/div>\n\t\t\t\t<div class=\"elementor-element elementor-element-43c6732 elementor-invisible elementor-widget elementor-widget-text-editor\" data-id=\"43c6732\" data-element_type=\"widget\" data-e-type=\"widget\" data-settings=\"{&quot;_animation&quot;:&quot;fadeIn&quot;,&quot;_animation_laptop&quot;:&quot;fadeIn&quot;}\" data-widget_type=\"text-editor.default\">\n\t\t\t\t\t\t\t\t\t<p data-start=\"217\" data-end=\"538\"><strong data-start=\"217\" data-end=\"346\">W Fuster &amp; Associates specjalizujemy si\u0119 w us\u0142ugach z zakresu prawa nieruchomo\u015bci dostosowanych do potrzeb zagranicznych nabywc\u00f3w, inwestor\u00f3w i rezydent\u00f3w w Hiszpanii.<\/strong> Nasz do\u015bwiadczony zesp\u00f3\u0142 prawny pomaga klientom w ka\u017cdym aspekcie transakcji na rynku nieruchomo\u015bci, w tym w zakupie, sprzeda\u017cy, dziedziczeniu, sporz\u0105dzaniu um\u00f3w, sprawdzaniu tytu\u0142u prawnego i due diligence.<\/p><p data-start=\"540\" data-end=\"886\">Dbamy o to, aby ka\u017cda transakcja by\u0142a w pe\u0142ni zgodna z hiszpa\u0144skim prawem, oferuj\u0105c kompleksowe wsparcie w zakresie podatk\u00f3w, zast\u0119pstwa procesowego i rejestracji nieruchomo\u015bci. Niezale\u017cnie od tego, czy kupujesz dom wakacyjny, inwestujesz w nieruchomo\u015bci, czy rozwi\u0105zujesz problemy zwi\u0105zane z w\u0142asno\u015bci\u0105, naszym celem jest ochrona Twoich interes\u00f3w i zapewnienie Ci ca\u0142kowitego spokoju ducha podczas ca\u0142ego procesu. <\/p>\t\t\t\t\t\t\t\t<\/div>\n\t\t\t\t\t<\/div>\n\t\t\t\t<\/div>\n\t\t<div class=\"elementor-element elementor-element-0b0d3d7 e-flex e-con-boxed e-con e-parent\" data-id=\"0b0d3d7\" data-element_type=\"container\" data-e-type=\"container\" data-settings=\"{&quot;background_background&quot;:&quot;classic&quot;}\">\n\t\t\t\t\t<div class=\"e-con-inner\">\n\t\t<div class=\"elementor-element elementor-element-8f2659a e-con-full e-flex e-con e-child\" data-id=\"8f2659a\" data-element_type=\"container\" data-e-type=\"container\">\n\t\t\t\t<div class=\"elementor-element elementor-element-3fcee54 elementor-widget elementor-widget-heading\" data-id=\"3fcee54\" data-element_type=\"widget\" data-e-type=\"widget\" data-widget_type=\"heading.default\">\n\t\t\t\t\t<h3 class=\"elementor-heading-title elementor-size-default\">Kupno &amp; Sprzeda\u017c Nieruchomo\u015bci<\/h3>\t\t\t\t<\/div>\n\t\t\t\t<div class=\"elementor-element elementor-element-43f5772 elementor-icon-list--layout-traditional elementor-list-item-link-full_width elementor-widget elementor-widget-icon-list\" data-id=\"43f5772\" data-element_type=\"widget\" data-e-type=\"widget\" data-widget_type=\"icon-list.default\">\n\t\t\t\t\t\t\t<ul class=\"elementor-icon-list-items\">\n\t\t\t\t\t\t\t<li class=\"elementor-icon-list-item\">\n\t\t\t\t\t\t\t\t\t\t\t<a href=\"https:\/\/fuster-associates.com\/services\/property-law-services\/buying-selling-property\/purchase-conveyancing\/\">\n\n\t\t\t\t\t\t\t\t\t\t\t\t<span class=\"elementor-icon-list-icon\">\n\t\t\t\t\t\t\t<svg aria-hidden=\"true\" class=\"e-font-icon-svg e-fas-caret-right\" viewBox=\"0 0 192 512\" xmlns=\"http:\/\/www.w3.org\/2000\/svg\"><path d=\"M0 384.662V127.338c0-17.818 21.543-26.741 34.142-14.142l128.662 128.662c7.81 7.81 7.81 20.474 0 28.284L34.142 398.804C21.543 411.404 0 402.48 0 384.662z\"><\/path><\/svg>\t\t\t\t\t\t<\/span>\n\t\t\t\t\t\t\t\t\t\t<span class=\"elementor-icon-list-text\">Obs\u0142uga Prawna Zakupu<\/span>\n\t\t\t\t\t\t\t\t\t\t\t<\/a>\n\t\t\t\t\t\t\t\t\t<\/li>\n\t\t\t\t\t\t\t\t<li class=\"elementor-icon-list-item\">\n\t\t\t\t\t\t\t\t\t\t\t<a href=\"https:\/\/fuster-associates.com\/pl\/uslugi\/uslugi-prawa-nieruchomosci\/kupno-sprzedaz-nieruchomosci\/obsluga-prawna-sprzedazy\/\">\n\n\t\t\t\t\t\t\t\t\t\t\t\t<span class=\"elementor-icon-list-icon\">\n\t\t\t\t\t\t\t<svg aria-hidden=\"true\" class=\"e-font-icon-svg e-fas-caret-right\" viewBox=\"0 0 192 512\" xmlns=\"http:\/\/www.w3.org\/2000\/svg\"><path d=\"M0 384.662V127.338c0-17.818 21.543-26.741 34.142-14.142l128.662 128.662c7.81 7.81 7.81 20.474 0 28.284L34.142 398.804C21.543 411.404 0 402.48 0 384.662z\"><\/path><\/svg>\t\t\t\t\t\t<\/span>\n\t\t\t\t\t\t\t\t\t\t<span class=\"elementor-icon-list-text\">Obs\u0142uga Prawna Sprzeda\u017cy<\/span>\n\t\t\t\t\t\t\t\t\t\t\t<\/a>\n\t\t\t\t\t\t\t\t\t<\/li>\n\t\t\t\t\t\t\t\t<li class=\"elementor-icon-list-item\">\n\t\t\t\t\t\t\t\t\t\t\t<a href=\"https:\/\/fuster-associates.com\/pl\/uslugi\/uslugi-prawa-nieruchomosci\/kupno-sprzedaz-nieruchomosci\/zakupy-nieruchomosci-na-rynku-pierwotnym\/\">\n\n\t\t\t\t\t\t\t\t\t\t\t\t<span class=\"elementor-icon-list-icon\">\n\t\t\t\t\t\t\t<svg aria-hidden=\"true\" class=\"e-font-icon-svg e-fas-caret-right\" viewBox=\"0 0 192 512\" xmlns=\"http:\/\/www.w3.org\/2000\/svg\"><path d=\"M0 384.662V127.338c0-17.818 21.543-26.741 34.142-14.142l128.662 128.662c7.81 7.81 7.81 20.474 0 28.284L34.142 398.804C21.543 411.404 0 402.48 0 384.662z\"><\/path><\/svg>\t\t\t\t\t\t<\/span>\n\t\t\t\t\t\t\t\t\t\t<span class=\"elementor-icon-list-text\">Zakupy Nieruchomo\u015bci Na Rynku Pierwotnym<\/span>\n\t\t\t\t\t\t\t\t\t\t\t<\/a>\n\t\t\t\t\t\t\t\t\t<\/li>\n\t\t\t\t\t\t<\/ul>\n\t\t\t\t\t\t<\/div>\n\t\t\t\t<\/div>\n\t\t\t\t\t<\/div>\n\t\t\t\t<\/div>\n\t\t\t\t<\/div>\n\t\t","protected":false},"excerpt":{"rendered":"<p>Us\u0142ugi Prawa Nieruchomo\u015bci w Hiszpanii W Fuster &amp; Associates specjalizujemy si\u0119 w us\u0142ugach z zakresu prawa nieruchomo\u015bci dostosowanych do potrzeb zagranicznych nabywc\u00f3w, inwestor\u00f3w i rezydent\u00f3w w Hiszpanii. Nasz do\u015bwiadczony zesp\u00f3\u0142 prawny pomaga klientom w ka\u017cdym aspekcie transakcji na rynku nieruchomo\u015bci, w tym w zakupie, sprzeda\u017cy, dziedziczeniu, sporz\u0105dzaniu um\u00f3w, sprawdzaniu tytu\u0142u prawnego i due diligence. Dbamy [&hellip;]<\/p>\n","protected":false},"author":1,"featured_media":0,"parent":28753,"menu_order":0,"comment_status":"closed","ping_status":"open","template":"","meta":{"content-type":"","_sitemap_exclude":false,"_sitemap_priority":"","_sitemap_frequency":"","footnotes":""},"class_list":["post-28375","page","type-page","status-publish","hentry"],"yoast_head":"<!-- This site is optimized with the Yoast SEO plugin v27.4 - https:\/\/yoast.com\/product\/yoast-seo-wordpress\/ -->\n<title>Nieruchomo\u015bci Us\u0142ugi prawne dotycz\u0105ce nieruchomo\u015bci w Hiszpanii - Fuster &amp; Associates<\/title>\n<meta name=\"description\" content=\"Profesjonalne us\u0142ugi prawne zwi\u0105zane z kupnem, sprzeda\u017c\u0105 lub dziedziczeniem nieruchomo\u015bci w Hiszpanii. Zaufaj Fuster &amp; Associates, aby zapewni\u0107 bezpiecze\u0144stwo transakcji dotycz\u0105cych nieruchomo\u015bci.\" \/>\n<meta name=\"robots\" content=\"index, follow, max-snippet:-1, max-image-preview:large, max-video-preview:-1\" \/>\n<link rel=\"canonical\" href=\"https:\/\/fuster-associates.com\/pl\/uslugi\/uslugi-prawa-nieruchomosci\/\" \/>\n<meta property=\"og:locale\" content=\"pl_PL\" \/>\n<meta property=\"og:type\" content=\"article\" \/>\n<meta property=\"og:title\" content=\"Nieruchomo\u015bci Us\u0142ugi prawne dotycz\u0105ce nieruchomo\u015bci w Hiszpanii - Fuster &amp; Associates\" \/>\n<meta property=\"og:description\" content=\"Profesjonalne us\u0142ugi prawne zwi\u0105zane z kupnem, sprzeda\u017c\u0105 lub dziedziczeniem nieruchomo\u015bci w Hiszpanii. Zaufaj Fuster &amp; Associates, aby zapewni\u0107 bezpiecze\u0144stwo transakcji dotycz\u0105cych nieruchomo\u015bci.\" \/>\n<meta property=\"og:url\" content=\"https:\/\/fuster-associates.com\/pl\/uslugi\/uslugi-prawa-nieruchomosci\/\" \/>\n<meta property=\"og:site_name\" content=\"Fuster &amp; Associates\" \/>\n<meta property=\"article:publisher\" content=\"https:\/\/www.facebook.com\/fusterspain\/\" \/>\n<meta property=\"article:modified_time\" content=\"2025-09-03T09:13:56+00:00\" \/>\n<meta property=\"og:image\" content=\"https:\/\/fuster-associates.com\/wp-content\/uploads\/2020\/02\/slide-fuster-standard.jpg\" \/>\n\t<meta property=\"og:image:width\" content=\"1920\" \/>\n\t<meta property=\"og:image:height\" content=\"1280\" \/>\n\t<meta property=\"og:image:type\" content=\"image\/jpeg\" \/>\n<meta name=\"twitter:card\" content=\"summary_large_image\" \/>\n<meta name=\"twitter:site\" content=\"@FusterSpain\" \/>\n<meta name=\"twitter:label1\" content=\"Szacowany czas czytania\" \/>\n\t<meta name=\"twitter:data1\" content=\"1 minuta\" \/>\n<script type=\"application\/ld+json\" class=\"yoast-schema-graph\">{\"@context\":\"https:\\\/\\\/schema.org\",\"@graph\":[{\"@type\":\"WebPage\",\"@id\":\"https:\\\/\\\/fuster-associates.com\\\/pl\\\/uslugi\\\/uslugi-prawa-nieruchomosci\\\/\",\"url\":\"https:\\\/\\\/fuster-associates.com\\\/pl\\\/uslugi\\\/uslugi-prawa-nieruchomosci\\\/\",\"name\":\"Nieruchomo\u015bci Us\u0142ugi prawne dotycz\u0105ce nieruchomo\u015bci w Hiszpanii - Fuster & Associates\",\"isPartOf\":{\"@id\":\"https:\\\/\\\/fuster-associates.com\\\/pl\\\/#website\"},\"datePublished\":\"2025-02-18T06:12:29+00:00\",\"dateModified\":\"2025-09-03T09:13:56+00:00\",\"description\":\"Profesjonalne us\u0142ugi prawne zwi\u0105zane z kupnem, sprzeda\u017c\u0105 lub dziedziczeniem nieruchomo\u015bci w Hiszpanii. Zaufaj Fuster & Associates, aby zapewni\u0107 bezpiecze\u0144stwo transakcji dotycz\u0105cych nieruchomo\u015bci.\",\"breadcrumb\":{\"@id\":\"https:\\\/\\\/fuster-associates.com\\\/pl\\\/uslugi\\\/uslugi-prawa-nieruchomosci\\\/#breadcrumb\"},\"inLanguage\":\"pl-PL\",\"potentialAction\":[{\"@type\":\"ReadAction\",\"target\":[\"https:\\\/\\\/fuster-associates.com\\\/pl\\\/uslugi\\\/uslugi-prawa-nieruchomosci\\\/\"]}]},{\"@type\":\"BreadcrumbList\",\"@id\":\"https:\\\/\\\/fuster-associates.com\\\/pl\\\/uslugi\\\/uslugi-prawa-nieruchomosci\\\/#breadcrumb\",\"itemListElement\":[{\"@type\":\"ListItem\",\"position\":1,\"name\":\"Dom\",\"item\":\"https:\\\/\\\/fuster-associates.com\\\/pl\\\/\"},{\"@type\":\"ListItem\",\"position\":2,\"name\":\"Us\u0142ugi\",\"item\":\"https:\\\/\\\/fuster-associates.com\\\/pl\\\/uslugi\\\/\"},{\"@type\":\"ListItem\",\"position\":3,\"name\":\"Us\u0142ugi Prawa Nieruchomo\u015bci\"}]},{\"@type\":\"WebSite\",\"@id\":\"https:\\\/\\\/fuster-associates.com\\\/pl\\\/#website\",\"url\":\"https:\\\/\\\/fuster-associates.com\\\/pl\\\/\",\"name\":\"Fuster & Associates\",\"description\":\"Property Solicitors\",\"publisher\":{\"@id\":\"https:\\\/\\\/fuster-associates.com\\\/pl\\\/#organization\"},\"potentialAction\":[{\"@type\":\"SearchAction\",\"target\":{\"@type\":\"EntryPoint\",\"urlTemplate\":\"https:\\\/\\\/fuster-associates.com\\\/pl\\\/?s={search_term_string}\"},\"query-input\":{\"@type\":\"PropertyValueSpecification\",\"valueRequired\":true,\"valueName\":\"search_term_string\"}}],\"inLanguage\":\"pl-PL\"},{\"@type\":\"Organization\",\"@id\":\"https:\\\/\\\/fuster-associates.com\\\/pl\\\/#organization\",\"name\":\"FUSTER & ASSOCIATES\",\"url\":\"https:\\\/\\\/fuster-associates.com\\\/pl\\\/\",\"logo\":{\"@type\":\"ImageObject\",\"inLanguage\":\"pl-PL\",\"@id\":\"https:\\\/\\\/fuster-associates.com\\\/pl\\\/#\\\/schema\\\/logo\\\/image\\\/\",\"url\":\"https:\\\/\\\/fuster-associates.com\\\/wp-content\\\/uploads\\\/2018\\\/08\\\/logo-fuster-1.jpeg\",\"contentUrl\":\"https:\\\/\\\/fuster-associates.com\\\/wp-content\\\/uploads\\\/2018\\\/08\\\/logo-fuster-1.jpeg\",\"width\":180,\"height\":113,\"caption\":\"FUSTER & ASSOCIATES\"},\"image\":{\"@id\":\"https:\\\/\\\/fuster-associates.com\\\/pl\\\/#\\\/schema\\\/logo\\\/image\\\/\"},\"sameAs\":[\"https:\\\/\\\/www.facebook.com\\\/fusterspain\\\/\",\"https:\\\/\\\/x.com\\\/FusterSpain\",\"https:\\\/\\\/www.youtube.com\\\/channel\\\/UC2-kNuL1SoqlFizI47hmIOQ\",\"https:\\\/\\\/www.linkedin.com\\\/company\\\/fuster-&-associates\\\/\"]}]}<\/script>\n<!-- \/ Yoast SEO plugin. -->","yoast_head_json":{"title":"Nieruchomo\u015bci Us\u0142ugi prawne dotycz\u0105ce nieruchomo\u015bci w Hiszpanii - Fuster & Associates","description":"Profesjonalne us\u0142ugi prawne zwi\u0105zane z kupnem, sprzeda\u017c\u0105 lub dziedziczeniem nieruchomo\u015bci w Hiszpanii. Zaufaj Fuster & Associates, aby zapewni\u0107 bezpiecze\u0144stwo transakcji dotycz\u0105cych nieruchomo\u015bci.","robots":{"index":"index","follow":"follow","max-snippet":"max-snippet:-1","max-image-preview":"max-image-preview:large","max-video-preview":"max-video-preview:-1"},"canonical":"https:\/\/fuster-associates.com\/pl\/uslugi\/uslugi-prawa-nieruchomosci\/","og_locale":"pl_PL","og_type":"article","og_title":"Nieruchomo\u015bci Us\u0142ugi prawne dotycz\u0105ce nieruchomo\u015bci w Hiszpanii - Fuster & Associates","og_description":"Profesjonalne us\u0142ugi prawne zwi\u0105zane z kupnem, sprzeda\u017c\u0105 lub dziedziczeniem nieruchomo\u015bci w Hiszpanii. Zaufaj Fuster & Associates, aby zapewni\u0107 bezpiecze\u0144stwo transakcji dotycz\u0105cych nieruchomo\u015bci.","og_url":"https:\/\/fuster-associates.com\/pl\/uslugi\/uslugi-prawa-nieruchomosci\/","og_site_name":"Fuster &amp; Associates","article_publisher":"https:\/\/www.facebook.com\/fusterspain\/","article_modified_time":"2025-09-03T09:13:56+00:00","og_image":[{"width":1920,"height":1280,"url":"https:\/\/fuster-associates.com\/wp-content\/uploads\/2020\/02\/slide-fuster-standard.jpg","type":"image\/jpeg"}],"twitter_card":"summary_large_image","twitter_site":"@FusterSpain","twitter_misc":{"Szacowany czas czytania":"1 minuta"},"schema":{"@context":"https:\/\/schema.org","@graph":[{"@type":"WebPage","@id":"https:\/\/fuster-associates.com\/pl\/uslugi\/uslugi-prawa-nieruchomosci\/","url":"https:\/\/fuster-associates.com\/pl\/uslugi\/uslugi-prawa-nieruchomosci\/","name":"Nieruchomo\u015bci Us\u0142ugi prawne dotycz\u0105ce nieruchomo\u015bci w Hiszpanii - Fuster & Associates","isPartOf":{"@id":"https:\/\/fuster-associates.com\/pl\/#website"},"datePublished":"2025-02-18T06:12:29+00:00","dateModified":"2025-09-03T09:13:56+00:00","description":"Profesjonalne us\u0142ugi prawne zwi\u0105zane z kupnem, sprzeda\u017c\u0105 lub dziedziczeniem nieruchomo\u015bci w Hiszpanii. Zaufaj Fuster & Associates, aby zapewni\u0107 bezpiecze\u0144stwo transakcji dotycz\u0105cych nieruchomo\u015bci.","breadcrumb":{"@id":"https:\/\/fuster-associates.com\/pl\/uslugi\/uslugi-prawa-nieruchomosci\/#breadcrumb"},"inLanguage":"pl-PL","potentialAction":[{"@type":"ReadAction","target":["https:\/\/fuster-associates.com\/pl\/uslugi\/uslugi-prawa-nieruchomosci\/"]}]},{"@type":"BreadcrumbList","@id":"https:\/\/fuster-associates.com\/pl\/uslugi\/uslugi-prawa-nieruchomosci\/#breadcrumb","itemListElement":[{"@type":"ListItem","position":1,"name":"Dom","item":"https:\/\/fuster-associates.com\/pl\/"},{"@type":"ListItem","position":2,"name":"Us\u0142ugi","item":"https:\/\/fuster-associates.com\/pl\/uslugi\/"},{"@type":"ListItem","position":3,"name":"Us\u0142ugi Prawa Nieruchomo\u015bci"}]},{"@type":"WebSite","@id":"https:\/\/fuster-associates.com\/pl\/#website","url":"https:\/\/fuster-associates.com\/pl\/","name":"Fuster & Associates","description":"Property Solicitors","publisher":{"@id":"https:\/\/fuster-associates.com\/pl\/#organization"},"potentialAction":[{"@type":"SearchAction","target":{"@type":"EntryPoint","urlTemplate":"https:\/\/fuster-associates.com\/pl\/?s={search_term_string}"},"query-input":{"@type":"PropertyValueSpecification","valueRequired":true,"valueName":"search_term_string"}}],"inLanguage":"pl-PL"},{"@type":"Organization","@id":"https:\/\/fuster-associates.com\/pl\/#organization","name":"FUSTER & ASSOCIATES","url":"https:\/\/fuster-associates.com\/pl\/","logo":{"@type":"ImageObject","inLanguage":"pl-PL","@id":"https:\/\/fuster-associates.com\/pl\/#\/schema\/logo\/image\/","url":"https:\/\/fuster-associates.com\/wp-content\/uploads\/2018\/08\/logo-fuster-1.jpeg","contentUrl":"https:\/\/fuster-associates.com\/wp-content\/uploads\/2018\/08\/logo-fuster-1.jpeg","width":180,"height":113,"caption":"FUSTER & ASSOCIATES"},"image":{"@id":"https:\/\/fuster-associates.com\/pl\/#\/schema\/logo\/image\/"},"sameAs":["https:\/\/www.facebook.com\/fusterspain\/","https:\/\/x.com\/FusterSpain","https:\/\/www.youtube.com\/channel\/UC2-kNuL1SoqlFizI47hmIOQ","https:\/\/www.linkedin.com\/company\/fuster-&-associates\/"]}]}},"_links":{"self":[{"href":"https:\/\/fuster-associates.com\/pl\/wp-json\/wp\/v2\/pages\/28375","targetHints":{"allow":["GET"]}}],"collection":[{"href":"https:\/\/fuster-associates.com\/pl\/wp-json\/wp\/v2\/pages"}],"about":[{"href":"https:\/\/fuster-associates.com\/pl\/wp-json\/wp\/v2\/types\/page"}],"author":[{"embeddable":true,"href":"https:\/\/fuster-associates.com\/pl\/wp-json\/wp\/v2\/users\/1"}],"replies":[{"embeddable":true,"href":"https:\/\/fuster-associates.com\/pl\/wp-json\/wp\/v2\/comments?post=28375"}],"version-history":[{"count":2,"href":"https:\/\/fuster-associates.com\/pl\/wp-json\/wp\/v2\/pages\/28375\/revisions"}],"predecessor-version":[{"id":33635,"href":"https:\/\/fuster-associates.com\/pl\/wp-json\/wp\/v2\/pages\/28375\/revisions\/33635"}],"up":[{"embeddable":true,"href":"https:\/\/fuster-associates.com\/pl\/wp-json\/wp\/v2\/pages\/28753"}],"wp:attachment":[{"href":"https:\/\/fuster-associates.com\/pl\/wp-json\/wp\/v2\/media?parent=28375"}],"curies":[{"name":"wp","href":"https:\/\/api.w.org\/{rel}","templated":true}]}}