{"id":28829,"date":"2025-02-14T12:44:33","date_gmt":"2025-02-14T11:44:33","guid":{"rendered":"https:\/\/fuster2.kustom.es\/closing-days\/"},"modified":"2026-01-15T08:42:58","modified_gmt":"2026-01-15T07:42:58","slug":"sluitingsdagen","status":"publish","type":"page","link":"https:\/\/fuster-associates.com\/nl\/sluitingsdagen\/","title":{"rendered":"Sluitingsdagen"},"content":{"rendered":"\t\t<div data-elementor-type=\"wp-page\" data-elementor-id=\"28829\" class=\"elementor elementor-28829 elementor-22137\" data-elementor-post-type=\"page\">\n\t\t\t\t<div class=\"elementor-element elementor-element-03c0a92 e-flex e-con-boxed e-con e-parent\" data-id=\"03c0a92\" data-element_type=\"container\" data-e-type=\"container\" data-settings=\"{&quot;background_background&quot;:&quot;classic&quot;}\">\n\t\t\t\t\t<div class=\"e-con-inner\">\n\t\t\t\t<div class=\"elementor-element elementor-element-a504552 elementor-invisible elementor-widget elementor-widget-heading\" data-id=\"a504552\" data-element_type=\"widget\" data-e-type=\"widget\" data-settings=\"{&quot;_animation&quot;:&quot;fadeInDown&quot;}\" data-widget_type=\"heading.default\">\n\t\t\t\t\t<h1 class=\"elementor-heading-title elementor-size-default\">Sluitingsdagen<\/h1>\t\t\t\t<\/div>\n\t\t\t\t<div class=\"elementor-element elementor-element-3cc2c73 elementor-invisible elementor-widget elementor-widget-breadcrumbs\" data-id=\"3cc2c73\" data-element_type=\"widget\" data-e-type=\"widget\" data-settings=\"{&quot;_animation&quot;:&quot;fadeInUp&quot;}\" data-widget_type=\"breadcrumbs.default\">\n\t\t\t\t\t<p id=\"breadcrumbs\"><span><span><a href=\"https:\/\/fuster-associates.com\/nl\/\">Thuis<\/a><\/span><\/span><\/p>\t\t\t\t<\/div>\n\t\t\t\t\t<\/div>\n\t\t\t\t<\/div>\n\t\t<div class=\"elementor-element elementor-element-527a8bb e-flex e-con-boxed e-con e-parent\" data-id=\"527a8bb\" data-element_type=\"container\" data-e-type=\"container\" data-settings=\"{&quot;background_motion_fx_devices&quot;:[&quot;widescreen&quot;,&quot;desktop&quot;,&quot;laptop&quot;,&quot;tablet_extra&quot;,&quot;tablet&quot;,&quot;mobile_extra&quot;,&quot;mobile&quot;]}\">\n\t\t\t\t\t<div class=\"e-con-inner\">\n\t\t\t\t<div class=\"elementor-element elementor-element-6e666b8 elementor-invisible elementor-widget elementor-widget-heading\" data-id=\"6e666b8\" data-element_type=\"widget\" data-e-type=\"widget\" data-settings=\"{&quot;_animation&quot;:&quot;fadeIn&quot;}\" data-widget_type=\"heading.default\">\n\t\t\t\t\t<h3 class=\"elementor-heading-title elementor-size-default\">Sluitingsdagen per kantoor\n<\/h3>\t\t\t\t<\/div>\n\t\t<div class=\"elementor-element elementor-element-b100051 e-con-full e-grid e-con e-child\" data-id=\"b100051\" data-element_type=\"container\" data-e-type=\"container\">\n\t\t<div class=\"elementor-element elementor-element-344fa1d e-con-full e-flex elementor-invisible e-con e-child\" data-id=\"344fa1d\" data-element_type=\"container\" data-e-type=\"container\" data-settings=\"{&quot;background_background&quot;:&quot;classic&quot;,&quot;animation&quot;:&quot;fadeInUp&quot;}\">\n\t\t\t\t<div class=\"elementor-element elementor-element-8ec4901 elementor-widget elementor-widget-heading\" data-id=\"8ec4901\" data-element_type=\"widget\" data-e-type=\"widget\" data-widget_type=\"heading.default\">\n\t\t\t\t\t<h4 class=\"elementor-heading-title elementor-size-default\">San Juan de los Terreros, Pulp\u00ed<\/h4>\t\t\t\t<\/div>\n\t\t\t\t<div class=\"elementor-element elementor-element-9ca36a2 elementor-widget elementor-widget-text-editor\" data-id=\"9ca36a2\" data-element_type=\"widget\" data-e-type=\"widget\" data-widget_type=\"text-editor.default\">\n\t\t\t\t\t\t\t\t\t<ul><li>1 januari (Nieuwjaarsdag)<\/li><li>6 januari (Driekoningen)<\/li><li>28 februari (Dag van Andalusi\u00eb), wordt deze verplaatst naar vrijdag?<\/li><li>27 maart (lokale feestdag in San Juan de los Terreros-Pulp\u00ed)<\/li><li>2 april (Witte Donderdag)<\/li><li>3 april (Goede Vrijdag)<\/li><li>1 mei (Dag van de Arbeid)<\/li><li>24 juni (Sint-Jan de Doper)<\/li><li>15 augustus (Tenhemelopneming van Maria)<\/li><li>17 tot en met 31 augustus (zomervakantie)<\/li><li>29 september (lokale feestdag in San Juan de los Terreros-Pulp\u00ed)<\/li><li>12 oktober (Spaanse Nationale Feestdag)<\/li><li>2 november (maandag na Allerheiligen)<\/li><li>7 december (maandag na de Dag van de Spaanse Grondwet)<\/li><li>8 december (Onbevlekte Ontvangenis)<\/li><\/ul><div class=\"flex flex-col text-sm pb-25\"><article class=\"text-token-text-primary w-full focus:outline-none [--shadow-height:45px] has-data-writing-block:pointer-events-none has-data-writing-block:-mt-(--shadow-height) has-data-writing-block:pt-(--shadow-height) [&amp;:has([data-writing-block])&gt;*]:pointer-events-auto scroll-mt-[calc(var(--header-height)+min(200px,max(70px,20svh)))]\" dir=\"auto\" tabindex=\"-1\" data-turn-id=\"request-WEB:9a145acb-fa29-4dac-9f89-a1d1b9add17a-3\" data-testid=\"conversation-turn-8\" data-scroll-anchor=\"true\" data-turn=\"assistant\"><div class=\"text-base my-auto mx-auto pb-10 [--thread-content-margin:--spacing(4)] @w-sm\/main:[--thread-content-margin:--spacing(6)] @w-lg\/main:[--thread-content-margin:--spacing(16)] px-(--thread-content-margin)\"><div class=\"[--thread-content-max-width:40rem] @w-lg\/main:[--thread-content-max-width:48rem] mx-auto max-w-(--thread-content-max-width) flex-1 group\/turn-messages focus-visible:outline-hidden relative flex w-full min-w-0 flex-col agent-turn\" tabindex=\"-1\"><div class=\"flex max-w-full flex-col grow\"><div class=\"min-h-8 text-message relative flex w-full flex-col items-end gap-2 text-start break-words whitespace-normal [.text-message+&amp;]:mt-1\" dir=\"auto\" data-message-author-role=\"assistant\" data-message-id=\"30f49fa0-1a6e-4bbb-a76d-6e4656677600\" data-message-model-slug=\"gpt-5-2\"><div class=\"flex w-full flex-col gap-1 empty:hidden first:pt-[1px]\"><div class=\"markdown prose dark:prose-invert w-full break-words light markdown-new-styling\"><p data-start=\"663\" data-end=\"744\" data-is-last-node=\"\" data-is-only-node=\"\"><strong>Kerstvakantie<\/strong>: van 24 december tot en met 7 januari 2027, beide dagen inbegrepen.<\/p><\/div><\/div><\/div><\/div><\/div><\/div><\/article><\/div>\t\t\t\t\t\t\t\t<\/div>\n\t\t\t\t<\/div>\n\t\t<div class=\"elementor-element elementor-element-ae98645 e-con-full e-flex elementor-invisible e-con e-child\" data-id=\"ae98645\" data-element_type=\"container\" data-e-type=\"container\" data-settings=\"{&quot;background_background&quot;:&quot;classic&quot;,&quot;animation&quot;:&quot;fadeInUp&quot;}\">\n\t\t\t\t<div class=\"elementor-element elementor-element-be252d8 elementor-widget elementor-widget-heading\" data-id=\"be252d8\" data-element_type=\"widget\" data-e-type=\"widget\" data-widget_type=\"heading.default\">\n\t\t\t\t\t<h4 class=\"elementor-heading-title elementor-size-default\">Los Alc\u00e1zares, Murcia<\/h4>\t\t\t\t<\/div>\n\t\t\t\t<div class=\"elementor-element elementor-element-8289a49 elementor-widget elementor-widget-text-editor\" data-id=\"8289a49\" data-element_type=\"widget\" data-e-type=\"widget\" data-widget_type=\"text-editor.default\">\n\t\t\t\t\t\t\t\t\t<ul><li>1 januari (Nieuwjaarsdag)<\/li><li>6 januari (Driekoningen)<\/li><li>19 maart (Sint-Jozefdag)<\/li><li>2 april (Witte Donderdag)<\/li><li>3 april (Goede Vrijdag)<\/li><li>6 april (lokale feestdag in Los Alc\u00e1zares)<\/li><li>1 mei (Dag van de Arbeid)<\/li><li>9 juni (Dag van de Regio Murcia)<\/li><li>15 augustus (Tenhemelopneming van Maria)<\/li><li>17 tot en met 31 augustus (zomervakantie)<\/li><li>12 oktober (Spaanse Nationale Feestdag)<\/li><li>13 oktober (lokale feestdag in Los Alc\u00e1zares)<\/li><li>7 december (maandag na de Dag van de Spaanse Grondwet)<\/li><li>8 december (Onbevlekte Ontvangenis)<\/li><\/ul><p><strong>Kerstvakantie:<\/strong> van 24 december tot en met 7 januari 2027.<\/p>\t\t\t\t\t\t\t\t<\/div>\n\t\t\t\t<\/div>\n\t\t<div class=\"elementor-element elementor-element-10b4ae3 e-con-full e-flex elementor-invisible e-con e-child\" data-id=\"10b4ae3\" data-element_type=\"container\" data-e-type=\"container\" data-settings=\"{&quot;background_background&quot;:&quot;classic&quot;,&quot;animation&quot;:&quot;fadeInUp&quot;}\">\n\t\t\t\t<div class=\"elementor-element elementor-element-1fc6724 elementor-widget elementor-widget-heading\" data-id=\"1fc6724\" data-element_type=\"widget\" data-e-type=\"widget\" data-widget_type=\"heading.default\">\n\t\t\t\t\t<h4 class=\"elementor-heading-title elementor-size-default\">Murcia, Murcia<\/h4>\t\t\t\t<\/div>\n\t\t\t\t<div class=\"elementor-element elementor-element-7aa8a0e elementor-widget elementor-widget-text-editor\" data-id=\"7aa8a0e\" data-element_type=\"widget\" data-e-type=\"widget\" data-widget_type=\"text-editor.default\">\n\t\t\t\t\t\t\t\t\t<ul><li>1 januari (Nieuwjaarsdag)<\/li><li>6 januari (Driekoningen)<\/li><li>19 maart (Sint-Jozefdag)<\/li><li>2 april (Witte Donderdag)<\/li><li>3 april (Goede Vrijdag)<\/li><li>7 april (lokale feestdag in Murcia)<\/li><li>1 mei (Dag van de Arbeid)<\/li><li>9 juni (Dag van de Regio Murcia)<\/li><li>15 augustus (Tenhemelopneming van Maria)<\/li><li>17 tot en met 31 augustus (zomervakantie)<\/li><li>15 september (lokale feestdag in Murcia)<\/li><li>12 oktober (Spaanse Nationale Feestdag)<\/li><li>7 december (maandag na de Dag van de Spaanse Grondwet)<\/li><li>8 december (Onbevlekte Ontvangenis)<\/li><\/ul><p><strong>Kerstvakantie:<\/strong> van 24 december tot en met 7 januari 2027.<\/p>\t\t\t\t\t\t\t\t<\/div>\n\t\t\t\t<\/div>\n\t\t<div class=\"elementor-element elementor-element-7c91ae4 e-con-full e-flex elementor-invisible e-con e-child\" data-id=\"7c91ae4\" data-element_type=\"container\" data-e-type=\"container\" data-settings=\"{&quot;background_background&quot;:&quot;classic&quot;,&quot;animation&quot;:&quot;fadeInUp&quot;}\">\n\t\t\t\t<div class=\"elementor-element elementor-element-aa67b53 elementor-widget elementor-widget-heading\" data-id=\"aa67b53\" data-element_type=\"widget\" data-e-type=\"widget\" data-widget_type=\"heading.default\">\n\t\t\t\t\t<h4 class=\"elementor-heading-title elementor-size-default\">La Zenia, Alicante<\/h4>\t\t\t\t<\/div>\n\t\t\t\t<div class=\"elementor-element elementor-element-9160f2b elementor-widget elementor-widget-text-editor\" data-id=\"9160f2b\" data-element_type=\"widget\" data-e-type=\"widget\" data-widget_type=\"text-editor.default\">\n\t\t\t\t\t\t\t\t\t<ul><li>1 januari (Nieuwjaarsdag)<\/li><li>6 januari (Driekoningen)<\/li><li>19 maart (Sint-Jozefdag)<\/li><li>3 april (Goede Vrijdag)<\/li><li>6 april (Paasmaandag)<\/li><li>1 mei (Dag van de Arbeid)<\/li><li>24 juni (Sint-Jan)<\/li><li>17 juli (lokale feestdag in Orihuela \u2013 La Zenia)<\/li><li>15 augustus (Tenhemelopneming van Maria)<\/li><li>17 tot en met 31 augustus (zomervakantie)<\/li><li>8 september (lokale feestdag in Orihuela \u2013 La Zenia)<\/li><li>9 oktober (Dag van de Valenciaanse Gemeenschap)<\/li><li>12 oktober (Spaanse Nationale Feestdag)<\/li><li>7 december (maandag na de Dag van de Spaanse Grondwet)<\/li><li>8 december (Onbevlekte Ontvangenis)<\/li><\/ul><p><strong>Kerstvakantie:<\/strong> van 24 december tot en met 7 januari 2027.<\/p>\t\t\t\t\t\t\t\t<\/div>\n\t\t\t\t<\/div>\n\t\t<div class=\"elementor-element elementor-element-f8ed16a e-con-full e-flex elementor-invisible e-con e-child\" data-id=\"f8ed16a\" data-element_type=\"container\" data-e-type=\"container\" data-settings=\"{&quot;background_background&quot;:&quot;classic&quot;,&quot;animation&quot;:&quot;fadeInUp&quot;}\">\n\t\t\t\t<div class=\"elementor-element elementor-element-604fd35 elementor-widget elementor-widget-heading\" data-id=\"604fd35\" data-element_type=\"widget\" data-e-type=\"widget\" data-widget_type=\"heading.default\">\n\t\t\t\t\t<h4 class=\"elementor-heading-title elementor-size-default\">Finestrat, Alicante<\/h4>\t\t\t\t<\/div>\n\t\t\t\t<div class=\"elementor-element elementor-element-9d21ecb elementor-widget elementor-widget-text-editor\" data-id=\"9d21ecb\" data-element_type=\"widget\" data-e-type=\"widget\" data-widget_type=\"text-editor.default\">\n\t\t\t\t\t\t\t\t\t<ul><li>1 januari (Nieuwjaarsdag)<\/li><li>6 januari (Driekoningen)<\/li><li>19 maart (Sint-Jozefdag)<\/li><li>3 april (Goede Vrijdag)<\/li><li>6 april (Paasmaandag)<\/li><li>1 mei (Dag van de Arbeid)<\/li><li>24 juni (Sint-Jan)<\/li><li>15 augustus (Tenhemelopneming van Maria)<\/li><li>17 tot en met 31 augustus (zomervakantie)<\/li><li>21 en 24 augustus (lokale feestdagen in Finestrat)<\/li><li>9 oktober (Dag van de Valenciaanse Gemeenschap)<\/li><li>12 oktober (Spaanse Nationale Feestdag)<\/li><li>7 december (maandag na de Dag van de Spaanse Grondwet)<\/li><li>8 december (Onbevlekte Ontvangenis)<\/li><\/ul><p><strong>Kerstvakantie:<\/strong> van 24 december tot en met 7 januari 2027.<\/p>\t\t\t\t\t\t\t\t<\/div>\n\t\t\t\t<\/div>\n\t\t<div class=\"elementor-element elementor-element-042a644 e-con-full e-flex elementor-invisible e-con e-child\" data-id=\"042a644\" data-element_type=\"container\" data-e-type=\"container\" data-settings=\"{&quot;background_background&quot;:&quot;classic&quot;,&quot;animation&quot;:&quot;fadeInUp&quot;}\">\n\t\t\t\t<div class=\"elementor-element elementor-element-0b0527e elementor-widget elementor-widget-heading\" data-id=\"0b0527e\" data-element_type=\"widget\" data-e-type=\"widget\" data-widget_type=\"heading.default\">\n\t\t\t\t\t<h4 class=\"elementor-heading-title elementor-size-default\">Teulada, Alicante<\/h4>\t\t\t\t<\/div>\n\t\t\t\t<div class=\"elementor-element elementor-element-6bdec2c elementor-widget elementor-widget-text-editor\" data-id=\"6bdec2c\" data-element_type=\"widget\" data-e-type=\"widget\" data-widget_type=\"text-editor.default\">\n\t\t\t\t\t\t\t\t\t<ul>\n<li>1 januari (Nieuwjaarsdag)<\/li>\n<li>6 januari (Driekoningen)<\/li>\n<li>19 maart (Sint-Jozefdag)<\/li>\n<li>3 april (Goede Vrijdag)<\/li>\n<li>6 april (Paasmaandag)<\/li>\n<li>13 april (lokale feestdag in Teulada)<\/li>\n<li>1 mei (Dag van de Arbeid)<\/li>\n<li>24 juni (Sint-Jan)<\/li>\n<li>15 juli (lokale feestdag in Teulada)<\/li>\n<li>15 augustus (Tenhemelopneming van Maria)<\/li>\n<li>17 tot en met 31 augustus (zomervakantie)<\/li>\n<li>9 oktober (Dag van de Valenciaanse Gemeenschap)<\/li>\n<li>12 oktober (Spaanse Nationale Feestdag)<\/li>\n<li>7 december (maandag na de Dag van de Spaanse Grondwet)<\/li>\n<li>8 december (Onbevlekte Ontvangenis)<\/li>\n<\/ul>\n<p><strong>Kerstvakantie:<\/strong> van 24 december tot en met 7 januari 2027.<\/p>\t\t\t\t\t\t\t\t<\/div>\n\t\t\t\t<\/div>\n\t\t\t\t<\/div>\n\t\t\t\t\t<\/div>\n\t\t\t\t<\/div>\n\t\t\t\t<\/div>\n\t\t","protected":false},"excerpt":{"rendered":"<p>Sluitingsdagen per kantoor San Juan de los Terreros, Pulp\u00ed 1 januari (Nieuwjaarsdag) 6 januari (Driekoningen) 28 februari (Dag van Andalusi\u00eb), wordt deze verplaatst naar vrijdag? 27 maart (lokale feestdag in San Juan de los Terreros-Pulp\u00ed) 2 april (Witte Donderdag) 3 april (Goede Vrijdag) 1 mei (Dag van de Arbeid) 24 juni (Sint-Jan de Doper) 15 [&hellip;]<\/p>\n","protected":false},"author":1,"featured_media":0,"parent":0,"menu_order":0,"comment_status":"closed","ping_status":"closed","template":"","meta":{"content-type":"","_sitemap_exclude":false,"_sitemap_priority":"","_sitemap_frequency":"","footnotes":""},"class_list":["post-28829","page","type-page","status-publish","hentry"],"yoast_head":"<!-- This site is optimized with the Yoast SEO plugin v27.4 - https:\/\/yoast.com\/product\/yoast-seo-wordpress\/ -->\n<title>Informatie over feestdagen en lokale feestdagen - Fuster &amp; Associates<\/title>\n<meta name=\"description\" content=\"Blijf op de hoogte van onze sluitingsdagen voor alle vestigingen van Fuster &amp; Associates in Spanje.\" \/>\n<meta name=\"robots\" content=\"index, follow, max-snippet:-1, max-image-preview:large, max-video-preview:-1\" \/>\n<link rel=\"canonical\" href=\"https:\/\/fuster-associates.com\/nl\/sluitingsdagen\/\" \/>\n<meta property=\"og:locale\" content=\"nl_NL\" \/>\n<meta property=\"og:type\" content=\"article\" \/>\n<meta property=\"og:title\" content=\"Informatie over feestdagen en lokale feestdagen - Fuster &amp; Associates\" \/>\n<meta property=\"og:description\" content=\"Blijf op de hoogte van onze sluitingsdagen voor alle vestigingen van Fuster &amp; Associates in Spanje.\" \/>\n<meta property=\"og:url\" content=\"https:\/\/fuster-associates.com\/nl\/sluitingsdagen\/\" \/>\n<meta property=\"og:site_name\" content=\"Fuster &amp; Associates\" \/>\n<meta property=\"article:publisher\" content=\"https:\/\/www.facebook.com\/fusterspain\/\" \/>\n<meta property=\"article:modified_time\" content=\"2026-01-15T07:42:58+00:00\" \/>\n<meta property=\"og:image\" content=\"https:\/\/fuster-associates.com\/wp-content\/uploads\/2020\/02\/slide-fuster-standard.jpg\" \/>\n\t<meta property=\"og:image:width\" content=\"1920\" \/>\n\t<meta property=\"og:image:height\" content=\"1280\" \/>\n\t<meta property=\"og:image:type\" content=\"image\/jpeg\" \/>\n<meta name=\"twitter:card\" content=\"summary_large_image\" \/>\n<meta name=\"twitter:site\" content=\"@FusterSpain\" \/>\n<meta name=\"twitter:label1\" content=\"Geschatte leestijd\" \/>\n\t<meta name=\"twitter:data1\" content=\"3 minuten\" \/>\n<script type=\"application\/ld+json\" class=\"yoast-schema-graph\">{\"@context\":\"https:\\\/\\\/schema.org\",\"@graph\":[{\"@type\":\"WebPage\",\"@id\":\"https:\\\/\\\/fuster-associates.com\\\/nl\\\/sluitingsdagen\\\/\",\"url\":\"https:\\\/\\\/fuster-associates.com\\\/nl\\\/sluitingsdagen\\\/\",\"name\":\"Informatie over feestdagen en lokale feestdagen - Fuster & Associates\",\"isPartOf\":{\"@id\":\"https:\\\/\\\/fuster-associates.com\\\/nl\\\/#website\"},\"datePublished\":\"2025-02-14T11:44:33+00:00\",\"dateModified\":\"2026-01-15T07:42:58+00:00\",\"description\":\"Blijf op de hoogte van onze sluitingsdagen voor alle vestigingen van Fuster & Associates in Spanje.\",\"breadcrumb\":{\"@id\":\"https:\\\/\\\/fuster-associates.com\\\/nl\\\/sluitingsdagen\\\/#breadcrumb\"},\"inLanguage\":\"nl-NL\",\"potentialAction\":[{\"@type\":\"ReadAction\",\"target\":[\"https:\\\/\\\/fuster-associates.com\\\/nl\\\/sluitingsdagen\\\/\"]}]},{\"@type\":\"BreadcrumbList\",\"@id\":\"https:\\\/\\\/fuster-associates.com\\\/nl\\\/sluitingsdagen\\\/#breadcrumb\",\"itemListElement\":[{\"@type\":\"ListItem\",\"position\":1,\"name\":\"Thuis\",\"item\":\"https:\\\/\\\/fuster-associates.com\\\/nl\\\/\"},{\"@type\":\"ListItem\",\"position\":2,\"name\":\"Sluitingsdagen\"}]},{\"@type\":\"WebSite\",\"@id\":\"https:\\\/\\\/fuster-associates.com\\\/nl\\\/#website\",\"url\":\"https:\\\/\\\/fuster-associates.com\\\/nl\\\/\",\"name\":\"Fuster & Associates\",\"description\":\"Property Solicitors\",\"publisher\":{\"@id\":\"https:\\\/\\\/fuster-associates.com\\\/nl\\\/#organization\"},\"potentialAction\":[{\"@type\":\"SearchAction\",\"target\":{\"@type\":\"EntryPoint\",\"urlTemplate\":\"https:\\\/\\\/fuster-associates.com\\\/nl\\\/?s={search_term_string}\"},\"query-input\":{\"@type\":\"PropertyValueSpecification\",\"valueRequired\":true,\"valueName\":\"search_term_string\"}}],\"inLanguage\":\"nl-NL\"},{\"@type\":\"Organization\",\"@id\":\"https:\\\/\\\/fuster-associates.com\\\/nl\\\/#organization\",\"name\":\"FUSTER & ASSOCIATES\",\"url\":\"https:\\\/\\\/fuster-associates.com\\\/nl\\\/\",\"logo\":{\"@type\":\"ImageObject\",\"inLanguage\":\"nl-NL\",\"@id\":\"https:\\\/\\\/fuster-associates.com\\\/nl\\\/#\\\/schema\\\/logo\\\/image\\\/\",\"url\":\"https:\\\/\\\/fuster-associates.com\\\/wp-content\\\/uploads\\\/2018\\\/08\\\/logo-fuster-1.jpeg\",\"contentUrl\":\"https:\\\/\\\/fuster-associates.com\\\/wp-content\\\/uploads\\\/2018\\\/08\\\/logo-fuster-1.jpeg\",\"width\":180,\"height\":113,\"caption\":\"FUSTER & ASSOCIATES\"},\"image\":{\"@id\":\"https:\\\/\\\/fuster-associates.com\\\/nl\\\/#\\\/schema\\\/logo\\\/image\\\/\"},\"sameAs\":[\"https:\\\/\\\/www.facebook.com\\\/fusterspain\\\/\",\"https:\\\/\\\/x.com\\\/FusterSpain\",\"https:\\\/\\\/www.youtube.com\\\/channel\\\/UC2-kNuL1SoqlFizI47hmIOQ\",\"https:\\\/\\\/www.linkedin.com\\\/company\\\/fuster-&-associates\\\/\"]}]}<\/script>\n<!-- \/ Yoast SEO plugin. -->","yoast_head_json":{"title":"Informatie over feestdagen en lokale feestdagen - Fuster & Associates","description":"Blijf op de hoogte van onze sluitingsdagen voor alle vestigingen van Fuster & Associates in Spanje.","robots":{"index":"index","follow":"follow","max-snippet":"max-snippet:-1","max-image-preview":"max-image-preview:large","max-video-preview":"max-video-preview:-1"},"canonical":"https:\/\/fuster-associates.com\/nl\/sluitingsdagen\/","og_locale":"nl_NL","og_type":"article","og_title":"Informatie over feestdagen en lokale feestdagen - Fuster & Associates","og_description":"Blijf op de hoogte van onze sluitingsdagen voor alle vestigingen van Fuster & Associates in Spanje.","og_url":"https:\/\/fuster-associates.com\/nl\/sluitingsdagen\/","og_site_name":"Fuster &amp; Associates","article_publisher":"https:\/\/www.facebook.com\/fusterspain\/","article_modified_time":"2026-01-15T07:42:58+00:00","og_image":[{"width":1920,"height":1280,"url":"https:\/\/fuster-associates.com\/wp-content\/uploads\/2020\/02\/slide-fuster-standard.jpg","type":"image\/jpeg"}],"twitter_card":"summary_large_image","twitter_site":"@FusterSpain","twitter_misc":{"Geschatte leestijd":"3 minuten"},"schema":{"@context":"https:\/\/schema.org","@graph":[{"@type":"WebPage","@id":"https:\/\/fuster-associates.com\/nl\/sluitingsdagen\/","url":"https:\/\/fuster-associates.com\/nl\/sluitingsdagen\/","name":"Informatie over feestdagen en lokale feestdagen - Fuster & Associates","isPartOf":{"@id":"https:\/\/fuster-associates.com\/nl\/#website"},"datePublished":"2025-02-14T11:44:33+00:00","dateModified":"2026-01-15T07:42:58+00:00","description":"Blijf op de hoogte van onze sluitingsdagen voor alle vestigingen van Fuster & Associates in Spanje.","breadcrumb":{"@id":"https:\/\/fuster-associates.com\/nl\/sluitingsdagen\/#breadcrumb"},"inLanguage":"nl-NL","potentialAction":[{"@type":"ReadAction","target":["https:\/\/fuster-associates.com\/nl\/sluitingsdagen\/"]}]},{"@type":"BreadcrumbList","@id":"https:\/\/fuster-associates.com\/nl\/sluitingsdagen\/#breadcrumb","itemListElement":[{"@type":"ListItem","position":1,"name":"Thuis","item":"https:\/\/fuster-associates.com\/nl\/"},{"@type":"ListItem","position":2,"name":"Sluitingsdagen"}]},{"@type":"WebSite","@id":"https:\/\/fuster-associates.com\/nl\/#website","url":"https:\/\/fuster-associates.com\/nl\/","name":"Fuster & Associates","description":"Property Solicitors","publisher":{"@id":"https:\/\/fuster-associates.com\/nl\/#organization"},"potentialAction":[{"@type":"SearchAction","target":{"@type":"EntryPoint","urlTemplate":"https:\/\/fuster-associates.com\/nl\/?s={search_term_string}"},"query-input":{"@type":"PropertyValueSpecification","valueRequired":true,"valueName":"search_term_string"}}],"inLanguage":"nl-NL"},{"@type":"Organization","@id":"https:\/\/fuster-associates.com\/nl\/#organization","name":"FUSTER & ASSOCIATES","url":"https:\/\/fuster-associates.com\/nl\/","logo":{"@type":"ImageObject","inLanguage":"nl-NL","@id":"https:\/\/fuster-associates.com\/nl\/#\/schema\/logo\/image\/","url":"https:\/\/fuster-associates.com\/wp-content\/uploads\/2018\/08\/logo-fuster-1.jpeg","contentUrl":"https:\/\/fuster-associates.com\/wp-content\/uploads\/2018\/08\/logo-fuster-1.jpeg","width":180,"height":113,"caption":"FUSTER & ASSOCIATES"},"image":{"@id":"https:\/\/fuster-associates.com\/nl\/#\/schema\/logo\/image\/"},"sameAs":["https:\/\/www.facebook.com\/fusterspain\/","https:\/\/x.com\/FusterSpain","https:\/\/www.youtube.com\/channel\/UC2-kNuL1SoqlFizI47hmIOQ","https:\/\/www.linkedin.com\/company\/fuster-&-associates\/"]}]}},"_links":{"self":[{"href":"https:\/\/fuster-associates.com\/nl\/wp-json\/wp\/v2\/pages\/28829","targetHints":{"allow":["GET"]}}],"collection":[{"href":"https:\/\/fuster-associates.com\/nl\/wp-json\/wp\/v2\/pages"}],"about":[{"href":"https:\/\/fuster-associates.com\/nl\/wp-json\/wp\/v2\/types\/page"}],"author":[{"embeddable":true,"href":"https:\/\/fuster-associates.com\/nl\/wp-json\/wp\/v2\/users\/1"}],"replies":[{"embeddable":true,"href":"https:\/\/fuster-associates.com\/nl\/wp-json\/wp\/v2\/comments?post=28829"}],"version-history":[{"count":10,"href":"https:\/\/fuster-associates.com\/nl\/wp-json\/wp\/v2\/pages\/28829\/revisions"}],"predecessor-version":[{"id":36178,"href":"https:\/\/fuster-associates.com\/nl\/wp-json\/wp\/v2\/pages\/28829\/revisions\/36178"}],"wp:attachment":[{"href":"https:\/\/fuster-associates.com\/nl\/wp-json\/wp\/v2\/media?parent=28829"}],"curies":[{"name":"wp","href":"https:\/\/api.w.org\/{rel}","templated":true}]}}