{"id":33900,"date":"2025-09-09T09:49:15","date_gmt":"2025-09-09T07:49:15","guid":{"rendered":"https:\/\/fuster-associates.com\/services\/services-fiscaux\/enquete-fiscale\/"},"modified":"2025-09-09T09:49:21","modified_gmt":"2025-09-09T07:49:21","slug":"enquete-fiscale","status":"publish","type":"page","link":"https:\/\/fuster-associates.com\/fr\/services\/services-fiscaux\/enquete-fiscale\/","title":{"rendered":"Enqu\u00eate Fiscale"},"content":{"rendered":"\t\t<div data-elementor-type=\"wp-page\" data-elementor-id=\"33900\" class=\"elementor elementor-33900 elementor-24056\" data-elementor-post-type=\"page\">\n\t\t\t\t<div class=\"elementor-element elementor-element-56cd93d4 e-flex e-con-boxed e-con e-parent\" data-id=\"56cd93d4\" data-element_type=\"container\" data-e-type=\"container\" data-settings=\"{&quot;background_background&quot;:&quot;classic&quot;}\">\n\t\t\t\t\t<div class=\"e-con-inner\">\n\t\t\t\t<div class=\"elementor-element elementor-element-351739da elementor-invisible elementor-widget elementor-widget-heading\" data-id=\"351739da\" data-element_type=\"widget\" data-e-type=\"widget\" data-settings=\"{&quot;_animation&quot;:&quot;fadeInDown&quot;}\" data-widget_type=\"heading.default\">\n\t\t\t\t\t<h1 class=\"elementor-heading-title elementor-size-default\">Enqu\u00eate Fiscale<\/h1>\t\t\t\t<\/div>\n\t\t\t\t<div class=\"elementor-element elementor-element-d5574e8 elementor-invisible elementor-widget elementor-widget-breadcrumbs\" data-id=\"d5574e8\" data-element_type=\"widget\" data-e-type=\"widget\" data-settings=\"{&quot;_animation&quot;:&quot;fadeInUp&quot;}\" data-widget_type=\"breadcrumbs.default\">\n\t\t\t\t\t<p id=\"breadcrumbs\"><span><span><a href=\"https:\/\/fuster-associates.com\/fr\/\">Accueil<\/a><\/span><\/span><\/p>\t\t\t\t<\/div>\n\t\t\t\t\t<\/div>\n\t\t\t\t<\/div>\n\t\t<div class=\"elementor-element elementor-element-496759f e-flex e-con-boxed e-con e-parent\" data-id=\"496759f\" data-element_type=\"container\" data-e-type=\"container\">\n\t\t\t\t\t<div class=\"e-con-inner\">\n\t\t\t\t<div class=\"elementor-element elementor-element-f2bd5bf elementor-invisible elementor-widget elementor-widget-heading\" data-id=\"f2bd5bf\" data-element_type=\"widget\" data-e-type=\"widget\" data-settings=\"{&quot;_animation&quot;:&quot;fadeIn&quot;,&quot;_animation_laptop&quot;:&quot;fadeIn&quot;}\" data-widget_type=\"heading.default\">\n\t\t\t\t\t<h2 class=\"elementor-heading-title elementor-size-default\">Assistance fiscale experte en Espagne<\/h2>\t\t\t\t<\/div>\n\t\t\t\t<div class=\"elementor-element elementor-element-561829d elementor-invisible elementor-widget elementor-widget-text-editor\" data-id=\"561829d\" data-element_type=\"widget\" data-e-type=\"widget\" data-settings=\"{&quot;_animation&quot;:&quot;fadeIn&quot;,&quot;_animation_laptop&quot;:&quot;fadeIn&quot;}\" data-widget_type=\"text-editor.default\">\n\t\t\t\t\t\t\t\t\t<p>Assurez-vous une confiance totale lors <strong data-start=\"187\" data-end=\"276\">de votre processus fiscal en Espagne gr\u00e2ce \u00e0<\/strong> une assistance juridique experte. Chez <strong data-start=\"280\" data-end=\"303\">Fuster &amp; Associates<\/strong>, nous offrons un soutien proactif pour vous aider \u00e0 <strong data-start=\"344\" data-end=\"399\">g\u00e9rer les examens et les v\u00e9rifications fiscaux avec clart\u00e9 et facilit\u00e9<\/strong>. <\/p><p>Notre \u00e9quipe juridique exp\u00e9riment\u00e9e fournit <strong data-start=\"437\" data-end=\"482\">des conseils et une repr\u00e9sentation complets<\/strong>, en veillant \u00e0 ce que chaque \u00e9tape soit trait\u00e9e avec professionnalisme.<\/p><p>Avec notre aide, vous pouvez <strong data-start=\"554\" data-end=\"622\">avoir l\u2019esprit tranquille en sachant que vos questions fiscales sont entre des mains expertes<\/strong>. <strong data-start=\"624\" data-end=\"655\" data-is-only-node=\"\">R\u00e9servez votre consultation gratuite<\/strong> d\u00e8s aujourd\u2019hui et prenez le contr\u00f4le de votre situation fiscale avec des professionnels de confiance \u00e0 vos c\u00f4t\u00e9s.<\/p>\t\t\t\t\t\t\t\t<\/div>\n\t\t\t\t\t<\/div>\n\t\t\t\t<\/div>\n\t\t<div class=\"elementor-element elementor-element-76fd9563 e-flex e-con-boxed e-con e-parent\" data-id=\"76fd9563\" data-element_type=\"container\" data-e-type=\"container\">\n\t\t\t\t\t<div class=\"e-con-inner\">\n\t\t\t\t<div class=\"elementor-element elementor-element-461ca52 elementor-icon-list--layout-traditional elementor-list-item-link-full_width elementor-widget elementor-widget-icon-list\" data-id=\"461ca52\" data-element_type=\"widget\" data-e-type=\"widget\" data-widget_type=\"icon-list.default\">\n\t\t\t\t\t\t\t<ul class=\"elementor-icon-list-items\">\n\t\t\t\t\t\t\t<li class=\"elementor-icon-list-item\">\n\t\t\t\t\t\t\t\t\t\t\t<a href=\"https:\/\/fuster-associates.com\/services\/tax-services\/tax-investigation\/tax-investigation\/\">\n\n\t\t\t\t\t\t\t\t\t\t\t\t<span class=\"elementor-icon-list-icon\">\n\t\t\t\t\t\t\t<svg aria-hidden=\"true\" class=\"e-font-icon-svg e-fas-caret-right\" viewBox=\"0 0 192 512\" xmlns=\"http:\/\/www.w3.org\/2000\/svg\"><path d=\"M0 384.662V127.338c0-17.818 21.543-26.741 34.142-14.142l128.662 128.662c7.81 7.81 7.81 20.474 0 28.284L34.142 398.804C21.543 411.404 0 402.48 0 384.662z\"><\/path><\/svg>\t\t\t\t\t\t<\/span>\n\t\t\t\t\t\t\t\t\t\t<span class=\"elementor-icon-list-text\">Enqu\u00eate Fiscale<\/span>\n\t\t\t\t\t\t\t\t\t\t\t<\/a>\n\t\t\t\t\t\t\t\t\t<\/li>\n\t\t\t\t\t\t<\/ul>\n\t\t\t\t\t\t<\/div>\n\t\t\t\t\t<\/div>\n\t\t\t\t<\/div>\n\t\t\t\t<\/div>\n\t\t","protected":false},"excerpt":{"rendered":"<p>Assistance fiscale experte en Espagne Assurez-vous une confiance totale lors de votre processus fiscal en Espagne gr\u00e2ce \u00e0 une assistance juridique experte. Chez Fuster &amp; Associates, nous offrons un soutien proactif pour vous aider \u00e0 g\u00e9rer les examens et les v\u00e9rifications fiscaux avec clart\u00e9 et facilit\u00e9. Notre \u00e9quipe juridique exp\u00e9riment\u00e9e fournit des conseils et une [&hellip;]<\/p>\n","protected":false},"author":7,"featured_media":0,"parent":28643,"menu_order":0,"comment_status":"closed","ping_status":"closed","template":"","meta":{"content-type":"","_sitemap_exclude":false,"_sitemap_priority":"","_sitemap_frequency":"","footnotes":""},"class_list":["post-33900","page","type-page","status-publish","hentry"],"yoast_head":"<!-- This site is optimized with the Yoast SEO plugin v27.4 - https:\/\/yoast.com\/product\/yoast-seo-wordpress\/ -->\n<title>Assistance sp\u00e9cialis\u00e9e en mati\u00e8re fiscale - Fuster &amp; Associates<\/title>\n<meta name=\"description\" content=\"Nous simplifions les enqu\u00eates fiscales complexes pour les propri\u00e9taires \u00e9trangers en Espagne. R\u00e9servez d\u00e8s maintenant une consultation gratuite.\" \/>\n<meta name=\"robots\" content=\"index, follow, max-snippet:-1, max-image-preview:large, max-video-preview:-1\" \/>\n<link rel=\"canonical\" href=\"https:\/\/fuster-associates.com\/fr\/services\/services-fiscaux\/enquete-fiscale\/\" \/>\n<meta property=\"og:locale\" content=\"fr_FR\" \/>\n<meta property=\"og:type\" content=\"article\" \/>\n<meta property=\"og:title\" content=\"Assistance sp\u00e9cialis\u00e9e en mati\u00e8re fiscale - Fuster &amp; Associates\" \/>\n<meta property=\"og:description\" content=\"Nous simplifions les enqu\u00eates fiscales complexes pour les propri\u00e9taires \u00e9trangers en Espagne. R\u00e9servez d\u00e8s maintenant une consultation gratuite.\" \/>\n<meta property=\"og:url\" content=\"https:\/\/fuster-associates.com\/fr\/services\/services-fiscaux\/enquete-fiscale\/\" \/>\n<meta property=\"og:site_name\" content=\"Fuster &amp; Associates\" \/>\n<meta property=\"article:publisher\" content=\"https:\/\/www.facebook.com\/fusterspain\/\" \/>\n<meta property=\"article:modified_time\" content=\"2025-09-09T07:49:21+00:00\" \/>\n<meta property=\"og:image\" content=\"https:\/\/fuster-associates.com\/wp-content\/uploads\/2020\/02\/slide-fuster-standard.jpg\" \/>\n\t<meta property=\"og:image:width\" content=\"1920\" \/>\n\t<meta property=\"og:image:height\" content=\"1280\" \/>\n\t<meta property=\"og:image:type\" content=\"image\/jpeg\" \/>\n<meta name=\"twitter:card\" content=\"summary_large_image\" \/>\n<meta name=\"twitter:site\" content=\"@FusterSpain\" \/>\n<meta name=\"twitter:label1\" content=\"Dur\u00e9e de lecture estim\u00e9e\" \/>\n\t<meta name=\"twitter:data1\" content=\"1 minute\" \/>\n<script type=\"application\/ld+json\" class=\"yoast-schema-graph\">{\"@context\":\"https:\\\/\\\/schema.org\",\"@graph\":[{\"@type\":\"WebPage\",\"@id\":\"https:\\\/\\\/fuster-associates.com\\\/fr\\\/services\\\/services-fiscaux\\\/enquete-fiscale\\\/\",\"url\":\"https:\\\/\\\/fuster-associates.com\\\/fr\\\/services\\\/services-fiscaux\\\/enquete-fiscale\\\/\",\"name\":\"Assistance sp\u00e9cialis\u00e9e en mati\u00e8re fiscale - Fuster & Associates\",\"isPartOf\":{\"@id\":\"https:\\\/\\\/fuster-associates.com\\\/fr\\\/#website\"},\"datePublished\":\"2025-09-09T07:49:15+00:00\",\"dateModified\":\"2025-09-09T07:49:21+00:00\",\"description\":\"Nous simplifions les enqu\u00eates fiscales complexes pour les propri\u00e9taires \u00e9trangers en Espagne. R\u00e9servez d\u00e8s maintenant une consultation gratuite.\",\"breadcrumb\":{\"@id\":\"https:\\\/\\\/fuster-associates.com\\\/fr\\\/services\\\/services-fiscaux\\\/enquete-fiscale\\\/#breadcrumb\"},\"inLanguage\":\"fr-FR\",\"potentialAction\":[{\"@type\":\"ReadAction\",\"target\":[\"https:\\\/\\\/fuster-associates.com\\\/fr\\\/services\\\/services-fiscaux\\\/enquete-fiscale\\\/\"]}]},{\"@type\":\"BreadcrumbList\",\"@id\":\"https:\\\/\\\/fuster-associates.com\\\/fr\\\/services\\\/services-fiscaux\\\/enquete-fiscale\\\/#breadcrumb\",\"itemListElement\":[{\"@type\":\"ListItem\",\"position\":1,\"name\":\"Accueil\",\"item\":\"https:\\\/\\\/fuster-associates.com\\\/fr\\\/\"},{\"@type\":\"ListItem\",\"position\":2,\"name\":\"Services\",\"item\":\"https:\\\/\\\/fuster-associates.com\\\/fr\\\/services\\\/\"},{\"@type\":\"ListItem\",\"position\":3,\"name\":\"Services Fiscaux\",\"item\":\"https:\\\/\\\/fuster-associates.com\\\/fr\\\/services\\\/tax-services\\\/\"},{\"@type\":\"ListItem\",\"position\":4,\"name\":\"Enqu\u00eate Fiscale\"}]},{\"@type\":\"WebSite\",\"@id\":\"https:\\\/\\\/fuster-associates.com\\\/fr\\\/#website\",\"url\":\"https:\\\/\\\/fuster-associates.com\\\/fr\\\/\",\"name\":\"Fuster & Associates\",\"description\":\"Property Solicitors\",\"publisher\":{\"@id\":\"https:\\\/\\\/fuster-associates.com\\\/fr\\\/#organization\"},\"potentialAction\":[{\"@type\":\"SearchAction\",\"target\":{\"@type\":\"EntryPoint\",\"urlTemplate\":\"https:\\\/\\\/fuster-associates.com\\\/fr\\\/?s={search_term_string}\"},\"query-input\":{\"@type\":\"PropertyValueSpecification\",\"valueRequired\":true,\"valueName\":\"search_term_string\"}}],\"inLanguage\":\"fr-FR\"},{\"@type\":\"Organization\",\"@id\":\"https:\\\/\\\/fuster-associates.com\\\/fr\\\/#organization\",\"name\":\"FUSTER & ASSOCIATES\",\"url\":\"https:\\\/\\\/fuster-associates.com\\\/fr\\\/\",\"logo\":{\"@type\":\"ImageObject\",\"inLanguage\":\"fr-FR\",\"@id\":\"https:\\\/\\\/fuster-associates.com\\\/fr\\\/#\\\/schema\\\/logo\\\/image\\\/\",\"url\":\"https:\\\/\\\/fuster-associates.com\\\/wp-content\\\/uploads\\\/2018\\\/08\\\/logo-fuster-1.jpeg\",\"contentUrl\":\"https:\\\/\\\/fuster-associates.com\\\/wp-content\\\/uploads\\\/2018\\\/08\\\/logo-fuster-1.jpeg\",\"width\":180,\"height\":113,\"caption\":\"FUSTER & ASSOCIATES\"},\"image\":{\"@id\":\"https:\\\/\\\/fuster-associates.com\\\/fr\\\/#\\\/schema\\\/logo\\\/image\\\/\"},\"sameAs\":[\"https:\\\/\\\/www.facebook.com\\\/fusterspain\\\/\",\"https:\\\/\\\/x.com\\\/FusterSpain\",\"https:\\\/\\\/www.youtube.com\\\/channel\\\/UC2-kNuL1SoqlFizI47hmIOQ\",\"https:\\\/\\\/www.linkedin.com\\\/company\\\/fuster-&-associates\\\/\"]}]}<\/script>\n<!-- \/ Yoast SEO plugin. -->","yoast_head_json":{"title":"Assistance sp\u00e9cialis\u00e9e en mati\u00e8re fiscale - Fuster & Associates","description":"Nous simplifions les enqu\u00eates fiscales complexes pour les propri\u00e9taires \u00e9trangers en Espagne. R\u00e9servez d\u00e8s maintenant une consultation gratuite.","robots":{"index":"index","follow":"follow","max-snippet":"max-snippet:-1","max-image-preview":"max-image-preview:large","max-video-preview":"max-video-preview:-1"},"canonical":"https:\/\/fuster-associates.com\/fr\/services\/services-fiscaux\/enquete-fiscale\/","og_locale":"fr_FR","og_type":"article","og_title":"Assistance sp\u00e9cialis\u00e9e en mati\u00e8re fiscale - Fuster & Associates","og_description":"Nous simplifions les enqu\u00eates fiscales complexes pour les propri\u00e9taires \u00e9trangers en Espagne. R\u00e9servez d\u00e8s maintenant une consultation gratuite.","og_url":"https:\/\/fuster-associates.com\/fr\/services\/services-fiscaux\/enquete-fiscale\/","og_site_name":"Fuster &amp; Associates","article_publisher":"https:\/\/www.facebook.com\/fusterspain\/","article_modified_time":"2025-09-09T07:49:21+00:00","og_image":[{"width":1920,"height":1280,"url":"https:\/\/fuster-associates.com\/wp-content\/uploads\/2020\/02\/slide-fuster-standard.jpg","type":"image\/jpeg"}],"twitter_card":"summary_large_image","twitter_site":"@FusterSpain","twitter_misc":{"Dur\u00e9e de lecture estim\u00e9e":"1 minute"},"schema":{"@context":"https:\/\/schema.org","@graph":[{"@type":"WebPage","@id":"https:\/\/fuster-associates.com\/fr\/services\/services-fiscaux\/enquete-fiscale\/","url":"https:\/\/fuster-associates.com\/fr\/services\/services-fiscaux\/enquete-fiscale\/","name":"Assistance sp\u00e9cialis\u00e9e en mati\u00e8re fiscale - Fuster & Associates","isPartOf":{"@id":"https:\/\/fuster-associates.com\/fr\/#website"},"datePublished":"2025-09-09T07:49:15+00:00","dateModified":"2025-09-09T07:49:21+00:00","description":"Nous simplifions les enqu\u00eates fiscales complexes pour les propri\u00e9taires \u00e9trangers en Espagne. R\u00e9servez d\u00e8s maintenant une consultation gratuite.","breadcrumb":{"@id":"https:\/\/fuster-associates.com\/fr\/services\/services-fiscaux\/enquete-fiscale\/#breadcrumb"},"inLanguage":"fr-FR","potentialAction":[{"@type":"ReadAction","target":["https:\/\/fuster-associates.com\/fr\/services\/services-fiscaux\/enquete-fiscale\/"]}]},{"@type":"BreadcrumbList","@id":"https:\/\/fuster-associates.com\/fr\/services\/services-fiscaux\/enquete-fiscale\/#breadcrumb","itemListElement":[{"@type":"ListItem","position":1,"name":"Accueil","item":"https:\/\/fuster-associates.com\/fr\/"},{"@type":"ListItem","position":2,"name":"Services","item":"https:\/\/fuster-associates.com\/fr\/services\/"},{"@type":"ListItem","position":3,"name":"Services Fiscaux","item":"https:\/\/fuster-associates.com\/fr\/services\/tax-services\/"},{"@type":"ListItem","position":4,"name":"Enqu\u00eate Fiscale"}]},{"@type":"WebSite","@id":"https:\/\/fuster-associates.com\/fr\/#website","url":"https:\/\/fuster-associates.com\/fr\/","name":"Fuster & Associates","description":"Property Solicitors","publisher":{"@id":"https:\/\/fuster-associates.com\/fr\/#organization"},"potentialAction":[{"@type":"SearchAction","target":{"@type":"EntryPoint","urlTemplate":"https:\/\/fuster-associates.com\/fr\/?s={search_term_string}"},"query-input":{"@type":"PropertyValueSpecification","valueRequired":true,"valueName":"search_term_string"}}],"inLanguage":"fr-FR"},{"@type":"Organization","@id":"https:\/\/fuster-associates.com\/fr\/#organization","name":"FUSTER & ASSOCIATES","url":"https:\/\/fuster-associates.com\/fr\/","logo":{"@type":"ImageObject","inLanguage":"fr-FR","@id":"https:\/\/fuster-associates.com\/fr\/#\/schema\/logo\/image\/","url":"https:\/\/fuster-associates.com\/wp-content\/uploads\/2018\/08\/logo-fuster-1.jpeg","contentUrl":"https:\/\/fuster-associates.com\/wp-content\/uploads\/2018\/08\/logo-fuster-1.jpeg","width":180,"height":113,"caption":"FUSTER & ASSOCIATES"},"image":{"@id":"https:\/\/fuster-associates.com\/fr\/#\/schema\/logo\/image\/"},"sameAs":["https:\/\/www.facebook.com\/fusterspain\/","https:\/\/x.com\/FusterSpain","https:\/\/www.youtube.com\/channel\/UC2-kNuL1SoqlFizI47hmIOQ","https:\/\/www.linkedin.com\/company\/fuster-&-associates\/"]}]}},"_links":{"self":[{"href":"https:\/\/fuster-associates.com\/fr\/wp-json\/wp\/v2\/pages\/33900","targetHints":{"allow":["GET"]}}],"collection":[{"href":"https:\/\/fuster-associates.com\/fr\/wp-json\/wp\/v2\/pages"}],"about":[{"href":"https:\/\/fuster-associates.com\/fr\/wp-json\/wp\/v2\/types\/page"}],"author":[{"embeddable":true,"href":"https:\/\/fuster-associates.com\/fr\/wp-json\/wp\/v2\/users\/7"}],"replies":[{"embeddable":true,"href":"https:\/\/fuster-associates.com\/fr\/wp-json\/wp\/v2\/comments?post=33900"}],"version-history":[{"count":3,"href":"https:\/\/fuster-associates.com\/fr\/wp-json\/wp\/v2\/pages\/33900\/revisions"}],"predecessor-version":[{"id":33903,"href":"https:\/\/fuster-associates.com\/fr\/wp-json\/wp\/v2\/pages\/33900\/revisions\/33903"}],"up":[{"embeddable":true,"href":"https:\/\/fuster-associates.com\/fr\/wp-json\/wp\/v2\/pages\/28643"}],"wp:attachment":[{"href":"https:\/\/fuster-associates.com\/fr\/wp-json\/wp\/v2\/media?parent=33900"}],"curies":[{"name":"wp","href":"https:\/\/api.w.org\/{rel}","templated":true}]}}