{"id":33831,"date":"2025-09-09T08:59:24","date_gmt":"2025-09-09T06:59:24","guid":{"rendered":"https:\/\/fuster-associates.com\/services\/services-fiscaux\/services-fiscaux-immobiliers\/"},"modified":"2025-09-09T08:59:46","modified_gmt":"2025-09-09T06:59:46","slug":"services-fiscaux-immobiliers","status":"publish","type":"page","link":"https:\/\/fuster-associates.com\/fr\/services\/services-fiscaux\/services-fiscaux-immobiliers\/","title":{"rendered":"Services Fiscaux Immobiliers"},"content":{"rendered":"\t\t<div data-elementor-type=\"wp-page\" data-elementor-id=\"33831\" class=\"elementor elementor-33831 elementor-24046\" data-elementor-post-type=\"page\">\n\t\t\t\t<div class=\"elementor-element elementor-element-e3a38ab e-flex e-con-boxed e-con e-parent\" data-id=\"e3a38ab\" data-element_type=\"container\" data-e-type=\"container\" data-settings=\"{&quot;background_background&quot;:&quot;classic&quot;}\">\n\t\t\t\t\t<div class=\"e-con-inner\">\n\t\t\t\t<div class=\"elementor-element elementor-element-3e334101 elementor-invisible elementor-widget elementor-widget-heading\" data-id=\"3e334101\" data-element_type=\"widget\" data-e-type=\"widget\" data-settings=\"{&quot;_animation&quot;:&quot;fadeInDown&quot;}\" data-widget_type=\"heading.default\">\n\t\t\t\t\t<h1 class=\"elementor-heading-title elementor-size-default\">Services Fiscaux Immobiliers<\/h1>\t\t\t\t<\/div>\n\t\t\t\t<div class=\"elementor-element elementor-element-57c792b elementor-invisible elementor-widget elementor-widget-breadcrumbs\" data-id=\"57c792b\" data-element_type=\"widget\" data-e-type=\"widget\" data-settings=\"{&quot;_animation&quot;:&quot;fadeInUp&quot;}\" data-widget_type=\"breadcrumbs.default\">\n\t\t\t\t\t<p id=\"breadcrumbs\"><span><span><a href=\"https:\/\/fuster-associates.com\/fr\/\">Accueil<\/a><\/span><\/span><\/p>\t\t\t\t<\/div>\n\t\t\t\t\t<\/div>\n\t\t\t\t<\/div>\n\t\t<div class=\"elementor-element elementor-element-fa95aca e-flex e-con-boxed e-con e-parent\" data-id=\"fa95aca\" data-element_type=\"container\" data-e-type=\"container\">\n\t\t\t\t\t<div class=\"e-con-inner\">\n\t\t\t\t<div class=\"elementor-element elementor-element-831c963 elementor-invisible elementor-widget elementor-widget-heading\" data-id=\"831c963\" data-element_type=\"widget\" data-e-type=\"widget\" data-settings=\"{&quot;_animation&quot;:&quot;fadeIn&quot;,&quot;_animation_laptop&quot;:&quot;fadeIn&quot;}\" data-widget_type=\"heading.default\">\n\t\t\t\t\t<h2 class=\"elementor-heading-title elementor-size-default\">Assistance juridique pour vos imp\u00f4ts fonciers en Espagne<\/h2>\t\t\t\t<\/div>\n\t\t\t\t<div class=\"elementor-element elementor-element-717fc31 elementor-invisible elementor-widget elementor-widget-text-editor\" data-id=\"717fc31\" data-element_type=\"widget\" data-e-type=\"widget\" data-settings=\"{&quot;_animation&quot;:&quot;fadeIn&quot;,&quot;_animation_laptop&quot;:&quot;fadeIn&quot;}\" data-widget_type=\"text-editor.default\">\n\t\t\t\t\t\t\t\t\t<p data-start=\"119\" data-end=\"367\">Comprendre les imp\u00f4ts fonciers en Espagne ouvre la porte \u00e0 des d\u00e9cisions immobili\u00e8res plus intelligentes. Chez Fuster &amp; Associates, nous fournissons des <strong data-start=\"241\" data-end=\"266\">conseils juridiques d\u2019experts<\/strong> sur des taxes cl\u00e9s telles que l\u2019IBI (imp\u00f4t foncier local), l\u2019imp\u00f4t sur les successions et les donations et les droits de mutation immobili\u00e8re. <\/p><p data-start=\"369\" data-end=\"633\">Que vous achetiez, h\u00e9ritiez ou receviez une propri\u00e9t\u00e9, notre \u00e9quipe garantit <strong data-start=\"446\" data-end=\"486\">une conformit\u00e9 totale avec la l\u00e9gislation fiscale espagnole<\/strong>, vous aidant \u00e0 <strong data-start=\"500\" data-end=\"545\">maximiser l\u2019efficacit\u00e9 et \u00e0 \u00e9viter les co\u00fbts suppl\u00e9mentaires<\/strong>. Comptez sur nous pour rendre votre processus d\u2019imposition fonci\u00e8re <strong data-start=\"598\" data-end=\"632\">clair, fluide et sans stress<\/strong>. <\/p>\t\t\t\t\t\t\t\t<\/div>\n\t\t\t\t\t<\/div>\n\t\t\t\t<\/div>\n\t\t<div class=\"elementor-element elementor-element-3d58d2b e-flex e-con-boxed e-con e-parent\" data-id=\"3d58d2b\" data-element_type=\"container\" data-e-type=\"container\">\n\t\t\t\t\t<div class=\"e-con-inner\">\n\t\t\t\t<div class=\"elementor-element elementor-element-6284e0a elementor-icon-list--layout-traditional elementor-list-item-link-full_width elementor-widget elementor-widget-icon-list\" data-id=\"6284e0a\" data-element_type=\"widget\" data-e-type=\"widget\" data-widget_type=\"icon-list.default\">\n\t\t\t\t\t\t\t<ul class=\"elementor-icon-list-items\">\n\t\t\t\t\t\t\t<li class=\"elementor-icon-list-item\">\n\t\t\t\t\t\t\t\t\t\t\t<a href=\"https:\/\/fuster-associates.com\/services\/tax-services\/property-tax-services\/property-transfer-tax\/\">\n\n\t\t\t\t\t\t\t\t\t\t\t\t<span class=\"elementor-icon-list-icon\">\n\t\t\t\t\t\t\t<svg aria-hidden=\"true\" class=\"e-font-icon-svg e-fas-caret-right\" viewBox=\"0 0 192 512\" xmlns=\"http:\/\/www.w3.org\/2000\/svg\"><path d=\"M0 384.662V127.338c0-17.818 21.543-26.741 34.142-14.142l128.662 128.662c7.81 7.81 7.81 20.474 0 28.284L34.142 398.804C21.543 411.404 0 402.48 0 384.662z\"><\/path><\/svg>\t\t\t\t\t\t<\/span>\n\t\t\t\t\t\t\t\t\t\t<span class=\"elementor-icon-list-text\">Taxe Sur Les Transferts De Propri\u00e9t\u00e9<\/span>\n\t\t\t\t\t\t\t\t\t\t\t<\/a>\n\t\t\t\t\t\t\t\t\t<\/li>\n\t\t\t\t\t\t\t\t<li class=\"elementor-icon-list-item\">\n\t\t\t\t\t\t\t\t\t\t\t<a href=\"https:\/\/fuster-associates.com\/services\/tax-services\/property-tax-services\/inheritance-and-gifts-tax\/\">\n\n\t\t\t\t\t\t\t\t\t\t\t\t<span class=\"elementor-icon-list-icon\">\n\t\t\t\t\t\t\t<svg aria-hidden=\"true\" class=\"e-font-icon-svg e-fas-caret-right\" viewBox=\"0 0 192 512\" xmlns=\"http:\/\/www.w3.org\/2000\/svg\"><path d=\"M0 384.662V127.338c0-17.818 21.543-26.741 34.142-14.142l128.662 128.662c7.81 7.81 7.81 20.474 0 28.284L34.142 398.804C21.543 411.404 0 402.48 0 384.662z\"><\/path><\/svg>\t\t\t\t\t\t<\/span>\n\t\t\t\t\t\t\t\t\t\t<span class=\"elementor-icon-list-text\">Imp\u00f4t Sur Les Successions et les Donations<\/span>\n\t\t\t\t\t\t\t\t\t\t\t<\/a>\n\t\t\t\t\t\t\t\t\t<\/li>\n\t\t\t\t\t\t\t\t<li class=\"elementor-icon-list-item\">\n\t\t\t\t\t\t\t\t\t\t\t<a href=\"https:\/\/fuster-associates.com\/services\/tax-services\/property-tax-services\/ibi\/\">\n\n\t\t\t\t\t\t\t\t\t\t\t\t<span class=\"elementor-icon-list-icon\">\n\t\t\t\t\t\t\t<svg aria-hidden=\"true\" class=\"e-font-icon-svg e-fas-caret-right\" viewBox=\"0 0 192 512\" xmlns=\"http:\/\/www.w3.org\/2000\/svg\"><path d=\"M0 384.662V127.338c0-17.818 21.543-26.741 34.142-14.142l128.662 128.662c7.81 7.81 7.81 20.474 0 28.284L34.142 398.804C21.543 411.404 0 402.48 0 384.662z\"><\/path><\/svg>\t\t\t\t\t\t<\/span>\n\t\t\t\t\t\t\t\t\t\t<span class=\"elementor-icon-list-text\">IBI<\/span>\n\t\t\t\t\t\t\t\t\t\t\t<\/a>\n\t\t\t\t\t\t\t\t\t<\/li>\n\t\t\t\t\t\t<\/ul>\n\t\t\t\t\t\t<\/div>\n\t\t\t\t\t<\/div>\n\t\t\t\t<\/div>\n\t\t\t\t<\/div>\n\t\t","protected":false},"excerpt":{"rendered":"<p>Assistance juridique pour vos imp\u00f4ts fonciers en Espagne Comprendre les imp\u00f4ts fonciers en Espagne ouvre la porte \u00e0 des d\u00e9cisions immobili\u00e8res plus intelligentes. Chez Fuster &amp; Associates, nous fournissons des conseils juridiques d\u2019experts sur des taxes cl\u00e9s telles que l\u2019IBI (imp\u00f4t foncier local), l\u2019imp\u00f4t sur les successions et les donations et les droits de mutation [&hellip;]<\/p>\n","protected":false},"author":7,"featured_media":0,"parent":28643,"menu_order":0,"comment_status":"closed","ping_status":"closed","template":"","meta":{"content-type":"","_sitemap_exclude":false,"_sitemap_priority":"","_sitemap_frequency":"","footnotes":""},"class_list":["post-33831","page","type-page","status-publish","hentry"],"yoast_head":"<!-- This site is optimized with the Yoast SEO plugin v27.4 - https:\/\/yoast.com\/product\/yoast-seo-wordpress\/ -->\n<title>Services fiscaux immobiliers en Espagne - Fuster &amp; Associates<\/title>\n<meta name=\"description\" content=\"Conseils d&#039;experts sur la fiscalit\u00e9 immobili\u00e8re en Espagne : IBI, droits de succession et droits de mutation. Adapt\u00e9s aux propri\u00e9taires et acheteurs \u00e9trangers.\" \/>\n<meta name=\"robots\" content=\"index, follow, max-snippet:-1, max-image-preview:large, max-video-preview:-1\" \/>\n<link rel=\"canonical\" href=\"https:\/\/fuster-associates.com\/fr\/services\/services-fiscaux\/services-fiscaux-immobiliers\/\" \/>\n<meta property=\"og:locale\" content=\"fr_FR\" \/>\n<meta property=\"og:type\" content=\"article\" \/>\n<meta property=\"og:title\" content=\"Services fiscaux immobiliers en Espagne - Fuster &amp; Associates\" \/>\n<meta property=\"og:description\" content=\"Conseils d&#039;experts sur la fiscalit\u00e9 immobili\u00e8re en Espagne : IBI, droits de succession et droits de mutation. Adapt\u00e9s aux propri\u00e9taires et acheteurs \u00e9trangers.\" \/>\n<meta property=\"og:url\" content=\"https:\/\/fuster-associates.com\/fr\/services\/services-fiscaux\/services-fiscaux-immobiliers\/\" \/>\n<meta property=\"og:site_name\" content=\"Fuster &amp; Associates\" \/>\n<meta property=\"article:publisher\" content=\"https:\/\/www.facebook.com\/fusterspain\/\" \/>\n<meta property=\"article:modified_time\" content=\"2025-09-09T06:59:46+00:00\" \/>\n<meta property=\"og:image\" content=\"https:\/\/fuster-associates.com\/wp-content\/uploads\/2020\/02\/slide-fuster-standard.jpg\" \/>\n\t<meta property=\"og:image:width\" content=\"1920\" \/>\n\t<meta property=\"og:image:height\" content=\"1280\" \/>\n\t<meta property=\"og:image:type\" content=\"image\/jpeg\" \/>\n<meta name=\"twitter:card\" content=\"summary_large_image\" \/>\n<meta name=\"twitter:site\" content=\"@FusterSpain\" \/>\n<meta name=\"twitter:label1\" content=\"Dur\u00e9e de lecture estim\u00e9e\" \/>\n\t<meta name=\"twitter:data1\" content=\"1 minute\" \/>\n<script type=\"application\/ld+json\" class=\"yoast-schema-graph\">{\"@context\":\"https:\\\/\\\/schema.org\",\"@graph\":[{\"@type\":\"WebPage\",\"@id\":\"https:\\\/\\\/fuster-associates.com\\\/fr\\\/services\\\/services-fiscaux\\\/services-fiscaux-immobiliers\\\/\",\"url\":\"https:\\\/\\\/fuster-associates.com\\\/fr\\\/services\\\/services-fiscaux\\\/services-fiscaux-immobiliers\\\/\",\"name\":\"Services fiscaux immobiliers en Espagne - Fuster & Associates\",\"isPartOf\":{\"@id\":\"https:\\\/\\\/fuster-associates.com\\\/fr\\\/#website\"},\"datePublished\":\"2025-09-09T06:59:24+00:00\",\"dateModified\":\"2025-09-09T06:59:46+00:00\",\"description\":\"Conseils d'experts sur la fiscalit\u00e9 immobili\u00e8re en Espagne : IBI, droits de succession et droits de mutation. Adapt\u00e9s aux propri\u00e9taires et acheteurs \u00e9trangers.\",\"breadcrumb\":{\"@id\":\"https:\\\/\\\/fuster-associates.com\\\/fr\\\/services\\\/services-fiscaux\\\/services-fiscaux-immobiliers\\\/#breadcrumb\"},\"inLanguage\":\"fr-FR\",\"potentialAction\":[{\"@type\":\"ReadAction\",\"target\":[\"https:\\\/\\\/fuster-associates.com\\\/fr\\\/services\\\/services-fiscaux\\\/services-fiscaux-immobiliers\\\/\"]}]},{\"@type\":\"BreadcrumbList\",\"@id\":\"https:\\\/\\\/fuster-associates.com\\\/fr\\\/services\\\/services-fiscaux\\\/services-fiscaux-immobiliers\\\/#breadcrumb\",\"itemListElement\":[{\"@type\":\"ListItem\",\"position\":1,\"name\":\"Accueil\",\"item\":\"https:\\\/\\\/fuster-associates.com\\\/fr\\\/\"},{\"@type\":\"ListItem\",\"position\":2,\"name\":\"Services\",\"item\":\"https:\\\/\\\/fuster-associates.com\\\/fr\\\/services\\\/\"},{\"@type\":\"ListItem\",\"position\":3,\"name\":\"Services Fiscaux\",\"item\":\"https:\\\/\\\/fuster-associates.com\\\/fr\\\/services\\\/tax-services\\\/\"},{\"@type\":\"ListItem\",\"position\":4,\"name\":\"Services Fiscaux Immobiliers\"}]},{\"@type\":\"WebSite\",\"@id\":\"https:\\\/\\\/fuster-associates.com\\\/fr\\\/#website\",\"url\":\"https:\\\/\\\/fuster-associates.com\\\/fr\\\/\",\"name\":\"Fuster & Associates\",\"description\":\"Property Solicitors\",\"publisher\":{\"@id\":\"https:\\\/\\\/fuster-associates.com\\\/fr\\\/#organization\"},\"potentialAction\":[{\"@type\":\"SearchAction\",\"target\":{\"@type\":\"EntryPoint\",\"urlTemplate\":\"https:\\\/\\\/fuster-associates.com\\\/fr\\\/?s={search_term_string}\"},\"query-input\":{\"@type\":\"PropertyValueSpecification\",\"valueRequired\":true,\"valueName\":\"search_term_string\"}}],\"inLanguage\":\"fr-FR\"},{\"@type\":\"Organization\",\"@id\":\"https:\\\/\\\/fuster-associates.com\\\/fr\\\/#organization\",\"name\":\"FUSTER & ASSOCIATES\",\"url\":\"https:\\\/\\\/fuster-associates.com\\\/fr\\\/\",\"logo\":{\"@type\":\"ImageObject\",\"inLanguage\":\"fr-FR\",\"@id\":\"https:\\\/\\\/fuster-associates.com\\\/fr\\\/#\\\/schema\\\/logo\\\/image\\\/\",\"url\":\"https:\\\/\\\/fuster-associates.com\\\/wp-content\\\/uploads\\\/2018\\\/08\\\/logo-fuster-1.jpeg\",\"contentUrl\":\"https:\\\/\\\/fuster-associates.com\\\/wp-content\\\/uploads\\\/2018\\\/08\\\/logo-fuster-1.jpeg\",\"width\":180,\"height\":113,\"caption\":\"FUSTER & ASSOCIATES\"},\"image\":{\"@id\":\"https:\\\/\\\/fuster-associates.com\\\/fr\\\/#\\\/schema\\\/logo\\\/image\\\/\"},\"sameAs\":[\"https:\\\/\\\/www.facebook.com\\\/fusterspain\\\/\",\"https:\\\/\\\/x.com\\\/FusterSpain\",\"https:\\\/\\\/www.youtube.com\\\/channel\\\/UC2-kNuL1SoqlFizI47hmIOQ\",\"https:\\\/\\\/www.linkedin.com\\\/company\\\/fuster-&-associates\\\/\"]}]}<\/script>\n<!-- \/ Yoast SEO plugin. -->","yoast_head_json":{"title":"Services fiscaux immobiliers en Espagne - Fuster & Associates","description":"Conseils d'experts sur la fiscalit\u00e9 immobili\u00e8re en Espagne : IBI, droits de succession et droits de mutation. Adapt\u00e9s aux propri\u00e9taires et acheteurs \u00e9trangers.","robots":{"index":"index","follow":"follow","max-snippet":"max-snippet:-1","max-image-preview":"max-image-preview:large","max-video-preview":"max-video-preview:-1"},"canonical":"https:\/\/fuster-associates.com\/fr\/services\/services-fiscaux\/services-fiscaux-immobiliers\/","og_locale":"fr_FR","og_type":"article","og_title":"Services fiscaux immobiliers en Espagne - Fuster & Associates","og_description":"Conseils d'experts sur la fiscalit\u00e9 immobili\u00e8re en Espagne : IBI, droits de succession et droits de mutation. Adapt\u00e9s aux propri\u00e9taires et acheteurs \u00e9trangers.","og_url":"https:\/\/fuster-associates.com\/fr\/services\/services-fiscaux\/services-fiscaux-immobiliers\/","og_site_name":"Fuster &amp; Associates","article_publisher":"https:\/\/www.facebook.com\/fusterspain\/","article_modified_time":"2025-09-09T06:59:46+00:00","og_image":[{"width":1920,"height":1280,"url":"https:\/\/fuster-associates.com\/wp-content\/uploads\/2020\/02\/slide-fuster-standard.jpg","type":"image\/jpeg"}],"twitter_card":"summary_large_image","twitter_site":"@FusterSpain","twitter_misc":{"Dur\u00e9e de lecture estim\u00e9e":"1 minute"},"schema":{"@context":"https:\/\/schema.org","@graph":[{"@type":"WebPage","@id":"https:\/\/fuster-associates.com\/fr\/services\/services-fiscaux\/services-fiscaux-immobiliers\/","url":"https:\/\/fuster-associates.com\/fr\/services\/services-fiscaux\/services-fiscaux-immobiliers\/","name":"Services fiscaux immobiliers en Espagne - Fuster & Associates","isPartOf":{"@id":"https:\/\/fuster-associates.com\/fr\/#website"},"datePublished":"2025-09-09T06:59:24+00:00","dateModified":"2025-09-09T06:59:46+00:00","description":"Conseils d'experts sur la fiscalit\u00e9 immobili\u00e8re en Espagne : IBI, droits de succession et droits de mutation. Adapt\u00e9s aux propri\u00e9taires et acheteurs \u00e9trangers.","breadcrumb":{"@id":"https:\/\/fuster-associates.com\/fr\/services\/services-fiscaux\/services-fiscaux-immobiliers\/#breadcrumb"},"inLanguage":"fr-FR","potentialAction":[{"@type":"ReadAction","target":["https:\/\/fuster-associates.com\/fr\/services\/services-fiscaux\/services-fiscaux-immobiliers\/"]}]},{"@type":"BreadcrumbList","@id":"https:\/\/fuster-associates.com\/fr\/services\/services-fiscaux\/services-fiscaux-immobiliers\/#breadcrumb","itemListElement":[{"@type":"ListItem","position":1,"name":"Accueil","item":"https:\/\/fuster-associates.com\/fr\/"},{"@type":"ListItem","position":2,"name":"Services","item":"https:\/\/fuster-associates.com\/fr\/services\/"},{"@type":"ListItem","position":3,"name":"Services Fiscaux","item":"https:\/\/fuster-associates.com\/fr\/services\/tax-services\/"},{"@type":"ListItem","position":4,"name":"Services Fiscaux Immobiliers"}]},{"@type":"WebSite","@id":"https:\/\/fuster-associates.com\/fr\/#website","url":"https:\/\/fuster-associates.com\/fr\/","name":"Fuster & Associates","description":"Property Solicitors","publisher":{"@id":"https:\/\/fuster-associates.com\/fr\/#organization"},"potentialAction":[{"@type":"SearchAction","target":{"@type":"EntryPoint","urlTemplate":"https:\/\/fuster-associates.com\/fr\/?s={search_term_string}"},"query-input":{"@type":"PropertyValueSpecification","valueRequired":true,"valueName":"search_term_string"}}],"inLanguage":"fr-FR"},{"@type":"Organization","@id":"https:\/\/fuster-associates.com\/fr\/#organization","name":"FUSTER & ASSOCIATES","url":"https:\/\/fuster-associates.com\/fr\/","logo":{"@type":"ImageObject","inLanguage":"fr-FR","@id":"https:\/\/fuster-associates.com\/fr\/#\/schema\/logo\/image\/","url":"https:\/\/fuster-associates.com\/wp-content\/uploads\/2018\/08\/logo-fuster-1.jpeg","contentUrl":"https:\/\/fuster-associates.com\/wp-content\/uploads\/2018\/08\/logo-fuster-1.jpeg","width":180,"height":113,"caption":"FUSTER & ASSOCIATES"},"image":{"@id":"https:\/\/fuster-associates.com\/fr\/#\/schema\/logo\/image\/"},"sameAs":["https:\/\/www.facebook.com\/fusterspain\/","https:\/\/x.com\/FusterSpain","https:\/\/www.youtube.com\/channel\/UC2-kNuL1SoqlFizI47hmIOQ","https:\/\/www.linkedin.com\/company\/fuster-&-associates\/"]}]}},"_links":{"self":[{"href":"https:\/\/fuster-associates.com\/fr\/wp-json\/wp\/v2\/pages\/33831","targetHints":{"allow":["GET"]}}],"collection":[{"href":"https:\/\/fuster-associates.com\/fr\/wp-json\/wp\/v2\/pages"}],"about":[{"href":"https:\/\/fuster-associates.com\/fr\/wp-json\/wp\/v2\/types\/page"}],"author":[{"embeddable":true,"href":"https:\/\/fuster-associates.com\/fr\/wp-json\/wp\/v2\/users\/7"}],"replies":[{"embeddable":true,"href":"https:\/\/fuster-associates.com\/fr\/wp-json\/wp\/v2\/comments?post=33831"}],"version-history":[{"count":5,"href":"https:\/\/fuster-associates.com\/fr\/wp-json\/wp\/v2\/pages\/33831\/revisions"}],"predecessor-version":[{"id":33836,"href":"https:\/\/fuster-associates.com\/fr\/wp-json\/wp\/v2\/pages\/33831\/revisions\/33836"}],"up":[{"embeddable":true,"href":"https:\/\/fuster-associates.com\/fr\/wp-json\/wp\/v2\/pages\/28643"}],"wp:attachment":[{"href":"https:\/\/fuster-associates.com\/fr\/wp-json\/wp\/v2\/media?parent=33831"}],"curies":[{"name":"wp","href":"https:\/\/api.w.org\/{rel}","templated":true}]}}