{"id":32927,"date":"2025-09-11T09:30:22","date_gmt":"2025-09-11T07:30:22","guid":{"rendered":"https:\/\/fuster-associates.com\/?page_id=32927"},"modified":"2025-10-16T09:13:49","modified_gmt":"2025-10-16T07:13:49","slug":"transferts-de-propriete-successions","status":"publish","type":"page","link":"https:\/\/fuster-associates.com\/fr\/services\/testaments-successions\/transferts-de-propriete-successions\/","title":{"rendered":"Transferts De Propri\u00e9t\u00e9 &amp; Successions"},"content":{"rendered":"\t\t<div data-elementor-type=\"wp-page\" data-elementor-id=\"32927\" class=\"elementor elementor-32927 elementor-32922\" data-elementor-post-type=\"page\">\n\t\t\t\t<div class=\"elementor-element elementor-element-e3d1295 e-flex e-con-boxed e-con e-parent\" data-id=\"e3d1295\" data-element_type=\"container\" data-e-type=\"container\" data-settings=\"{&quot;background_background&quot;:&quot;classic&quot;}\">\n\t\t\t\t\t<div class=\"e-con-inner\">\n\t\t\t\t<div class=\"elementor-element elementor-element-2a9580f6 elementor-invisible elementor-widget elementor-widget-heading\" data-id=\"2a9580f6\" data-element_type=\"widget\" data-e-type=\"widget\" data-settings=\"{&quot;_animation&quot;:&quot;fadeInDown&quot;}\" data-widget_type=\"heading.default\">\n\t\t\t\t\t<h1 class=\"elementor-heading-title elementor-size-default\">Transferts De Propri\u00e9t\u00e9 &amp; Successions<\/h1>\t\t\t\t<\/div>\n\t\t\t\t<div class=\"elementor-element elementor-element-66b46217 elementor-invisible elementor-widget elementor-widget-breadcrumbs\" data-id=\"66b46217\" data-element_type=\"widget\" data-e-type=\"widget\" data-settings=\"{&quot;_animation&quot;:&quot;fadeInUp&quot;}\" data-widget_type=\"breadcrumbs.default\">\n\t\t\t\t\t<p id=\"breadcrumbs\"><span><span><a href=\"https:\/\/fuster-associates.com\/fr\/\">Accueil<\/a><\/span><\/span><\/p>\t\t\t\t<\/div>\n\t\t\t\t\t<\/div>\n\t\t\t\t<\/div>\n\t\t<div class=\"elementor-element elementor-element-ecf56bb e-flex e-con-boxed e-con e-parent\" data-id=\"ecf56bb\" data-element_type=\"container\" data-e-type=\"container\">\n\t\t\t\t\t<div class=\"e-con-inner\">\n\t\t\t\t<div class=\"elementor-element elementor-element-3b6e5aa elementor-invisible elementor-widget elementor-widget-heading\" data-id=\"3b6e5aa\" data-element_type=\"widget\" data-e-type=\"widget\" data-settings=\"{&quot;_animation&quot;:&quot;fadeIn&quot;,&quot;_animation_laptop&quot;:&quot;fadeIn&quot;}\" data-widget_type=\"heading.default\">\n\t\t\t\t\t<h2 class=\"elementor-heading-title elementor-size-default\">Transfert de Propri\u00e9t\u00e9 &amp; Successions en Espagne<\/h2>\t\t\t\t<\/div>\n\t\t\t\t<div class=\"elementor-element elementor-element-5770392 elementor-invisible elementor-widget elementor-widget-text-editor\" data-id=\"5770392\" data-element_type=\"widget\" data-e-type=\"widget\" data-settings=\"{&quot;_animation&quot;:&quot;fadeIn&quot;,&quot;_animation_laptop&quot;:&quot;fadeIn&quot;}\" data-widget_type=\"text-editor.default\">\n\t\t\t\t\t\t\t\t\t<p>Chez Fuster &amp; Associates, nous reconnaissons que le transfert de propri\u00e9t\u00e9 et la gestion de l\u2019h\u00e9ritage peuvent \u00eatre complexes, en particulier pour les clients internationaux naviguant dans le droit espagnol. Avec <strong>plus de 25 ans d\u2019exp\u00e9rience dans le domaine des transferts de propri\u00e9t\u00e9, des droits de mutation immobili\u00e8re et des r\u00e9glementations en mati\u00e8re de succession<\/strong>, notre \u00e9quipe multidisciplinaire veille \u00e0 ce que <strong>votre propri\u00e9t\u00e9 soit transf\u00e9r\u00e9e en toute s\u00e9curit\u00e9<\/strong> et que votre h\u00e9ritage soit pr\u00e9serv\u00e9 avec clart\u00e9 et int\u00e9grit\u00e9. Qu\u2019il s\u2019agisse des formalit\u00e9s juridiques de la propri\u00e9t\u00e9 immobili\u00e8re ou de la planification de l\u2019avenir au-del\u00e0 des fronti\u00e8res, nos services sur mesure vous offrent la tranquillit\u00e9 d\u2019esprit \u00e0 chaque \u00e9tape du processus.  <\/p><p>Notre service de transfert de propri\u00e9t\u00e9 et d\u2019h\u00e9ritage rationalise les aspects les plus critiques de la planification successorale et patrimoniale en Espagne, de la gestion fiscale efficace et du transfert de propri\u00e9t\u00e9 sans faille, \u00e0 la planification strat\u00e9gique de l\u2019h\u00e9ritage adapt\u00e9e aux expatri\u00e9s. <strong>Nous vous guidons<\/strong> \u00e0 travers les implications fiscales telles que les droits de mutation immobili\u00e8re et les droits de succession, nous vous aidons \u00e0 coordonner la documentation n\u00e9cessaire et nous <strong>travaillons en \u00e9troite collaboration avec vous <\/strong>pour garantir le respect de la l\u00e9gislation locale et de vos objectifs de planification personnelle. Avec Fuster &amp; Associates, vos actifs et vos souhaits sont plac\u00e9s entre des mains de confiance. <\/p>\t\t\t\t\t\t\t\t<\/div>\n\t\t\t\t<div class=\"elementor-element elementor-element-cd46360 elementor-icon-list--layout-traditional elementor-list-item-link-full_width elementor-widget elementor-widget-icon-list\" data-id=\"cd46360\" data-element_type=\"widget\" data-e-type=\"widget\" data-widget_type=\"icon-list.default\">\n\t\t\t\t\t\t\t<ul class=\"elementor-icon-list-items\">\n\t\t\t\t\t\t\t<li class=\"elementor-icon-list-item\">\n\t\t\t\t\t\t\t\t\t\t\t<a href=\"https:\/\/fuster-associates.com\/services\/wills-inheritance\/property-transfers-inheritance\/wills-and-inheritance\/\">\n\n\t\t\t\t\t\t\t\t\t\t\t\t<span class=\"elementor-icon-list-icon\">\n\t\t\t\t\t\t\t<svg aria-hidden=\"true\" class=\"e-font-icon-svg e-fas-caret-right\" viewBox=\"0 0 192 512\" xmlns=\"http:\/\/www.w3.org\/2000\/svg\"><path d=\"M0 384.662V127.338c0-17.818 21.543-26.741 34.142-14.142l128.662 128.662c7.81 7.81 7.81 20.474 0 28.284L34.142 398.804C21.543 411.404 0 402.48 0 384.662z\"><\/path><\/svg>\t\t\t\t\t\t<\/span>\n\t\t\t\t\t\t\t\t\t\t<span class=\"elementor-icon-list-text\">Testaments et Successions<\/span>\n\t\t\t\t\t\t\t\t\t\t\t<\/a>\n\t\t\t\t\t\t\t\t\t<\/li>\n\t\t\t\t\t\t<\/ul>\n\t\t\t\t\t\t<\/div>\n\t\t\t\t\t<\/div>\n\t\t\t\t<\/div>\n\t\t\t\t<\/div>\n\t\t","protected":false},"excerpt":{"rendered":"<p>Transfert de Propri\u00e9t\u00e9 &amp; Successions en Espagne Chez Fuster &amp; Associates, nous reconnaissons que le transfert de propri\u00e9t\u00e9 et la gestion de l\u2019h\u00e9ritage peuvent \u00eatre complexes, en particulier pour les clients internationaux naviguant dans le droit espagnol. Avec plus de 25 ans d\u2019exp\u00e9rience dans le domaine des transferts de propri\u00e9t\u00e9, des droits de mutation immobili\u00e8re [&hellip;]<\/p>\n","protected":false},"author":8,"featured_media":0,"parent":34135,"menu_order":0,"comment_status":"closed","ping_status":"closed","template":"","meta":{"content-type":"","_sitemap_exclude":false,"_sitemap_priority":"","_sitemap_frequency":"","footnotes":""},"class_list":["post-32927","page","type-page","status-publish","hentry"],"yoast_head":"<!-- This site is optimized with the Yoast SEO plugin v27.3 - https:\/\/yoast.com\/product\/yoast-seo-wordpress\/ -->\n<title>Services de transfert de Propri\u00e9t\u00e9 &amp; d&#039;H\u00e9ritage - Fuster &amp; Associates<\/title>\n<meta name=\"description\" content=\"Assistance juridique pour les transferts de propri\u00e9t\u00e9 et les h\u00e9ritages en Espagne. Nous nous occupons des taxes, des formalit\u00e9s administratives et de l&#039;enregistrement complet.\" \/>\n<meta name=\"robots\" content=\"index, follow, max-snippet:-1, max-image-preview:large, max-video-preview:-1\" \/>\n<link rel=\"canonical\" href=\"https:\/\/fuster-associates.com\/fr\/services\/testaments-successions\/transferts-de-propriete-successions\/\" \/>\n<meta property=\"og:locale\" content=\"fr_FR\" \/>\n<meta property=\"og:type\" content=\"article\" \/>\n<meta property=\"og:title\" content=\"Services de transfert de Propri\u00e9t\u00e9 &amp; d&#039;H\u00e9ritage - Fuster &amp; Associates\" \/>\n<meta property=\"og:description\" content=\"Assistance juridique pour les transferts de propri\u00e9t\u00e9 et les h\u00e9ritages en Espagne. Nous nous occupons des taxes, des formalit\u00e9s administratives et de l&#039;enregistrement complet.\" \/>\n<meta property=\"og:url\" content=\"https:\/\/fuster-associates.com\/fr\/services\/testaments-successions\/transferts-de-propriete-successions\/\" \/>\n<meta property=\"og:site_name\" content=\"Fuster &amp; Associates\" \/>\n<meta property=\"article:publisher\" content=\"https:\/\/www.facebook.com\/fusterspain\/\" \/>\n<meta property=\"article:modified_time\" content=\"2025-10-16T07:13:49+00:00\" \/>\n<meta property=\"og:image\" content=\"https:\/\/fuster-associates.com\/wp-content\/uploads\/2020\/02\/slide-fuster-standard.jpg\" \/>\n\t<meta property=\"og:image:width\" content=\"1920\" \/>\n\t<meta property=\"og:image:height\" content=\"1280\" \/>\n\t<meta property=\"og:image:type\" content=\"image\/jpeg\" \/>\n<meta name=\"twitter:card\" content=\"summary_large_image\" \/>\n<meta name=\"twitter:site\" content=\"@FusterSpain\" \/>\n<meta name=\"twitter:label1\" content=\"Dur\u00e9e de lecture estim\u00e9e\" \/>\n\t<meta name=\"twitter:data1\" content=\"1 minute\" \/>\n<script type=\"application\/ld+json\" class=\"yoast-schema-graph\">{\"@context\":\"https:\\\/\\\/schema.org\",\"@graph\":[{\"@type\":\"WebPage\",\"@id\":\"https:\\\/\\\/fuster-associates.com\\\/fr\\\/services\\\/testaments-successions\\\/transferts-de-propriete-successions\\\/\",\"url\":\"https:\\\/\\\/fuster-associates.com\\\/fr\\\/services\\\/testaments-successions\\\/transferts-de-propriete-successions\\\/\",\"name\":\"Services de transfert de Propri\u00e9t\u00e9 & d'H\u00e9ritage - Fuster & Associates\",\"isPartOf\":{\"@id\":\"https:\\\/\\\/fuster-associates.com\\\/fr\\\/#website\"},\"datePublished\":\"2025-09-11T07:30:22+00:00\",\"dateModified\":\"2025-10-16T07:13:49+00:00\",\"description\":\"Assistance juridique pour les transferts de propri\u00e9t\u00e9 et les h\u00e9ritages en Espagne. Nous nous occupons des taxes, des formalit\u00e9s administratives et de l'enregistrement complet.\",\"breadcrumb\":{\"@id\":\"https:\\\/\\\/fuster-associates.com\\\/fr\\\/services\\\/testaments-successions\\\/transferts-de-propriete-successions\\\/#breadcrumb\"},\"inLanguage\":\"fr-FR\",\"potentialAction\":[{\"@type\":\"ReadAction\",\"target\":[\"https:\\\/\\\/fuster-associates.com\\\/fr\\\/services\\\/testaments-successions\\\/transferts-de-propriete-successions\\\/\"]}]},{\"@type\":\"BreadcrumbList\",\"@id\":\"https:\\\/\\\/fuster-associates.com\\\/fr\\\/services\\\/testaments-successions\\\/transferts-de-propriete-successions\\\/#breadcrumb\",\"itemListElement\":[{\"@type\":\"ListItem\",\"position\":1,\"name\":\"Accueil\",\"item\":\"https:\\\/\\\/fuster-associates.com\\\/fr\\\/\"},{\"@type\":\"ListItem\",\"position\":2,\"name\":\"Services\",\"item\":\"https:\\\/\\\/fuster-associates.com\\\/fr\\\/services\\\/\"},{\"@type\":\"ListItem\",\"position\":3,\"name\":\"Testaments &amp; Successions\",\"item\":\"https:\\\/\\\/fuster-associates.com\\\/fr\\\/services\\\/wills-inheritance\\\/\"},{\"@type\":\"ListItem\",\"position\":4,\"name\":\"Transferts De Propri\u00e9t\u00e9 &amp; Successions\"}]},{\"@type\":\"WebSite\",\"@id\":\"https:\\\/\\\/fuster-associates.com\\\/fr\\\/#website\",\"url\":\"https:\\\/\\\/fuster-associates.com\\\/fr\\\/\",\"name\":\"Fuster & Associates\",\"description\":\"Property Solicitors\",\"publisher\":{\"@id\":\"https:\\\/\\\/fuster-associates.com\\\/fr\\\/#organization\"},\"potentialAction\":[{\"@type\":\"SearchAction\",\"target\":{\"@type\":\"EntryPoint\",\"urlTemplate\":\"https:\\\/\\\/fuster-associates.com\\\/fr\\\/?s={search_term_string}\"},\"query-input\":{\"@type\":\"PropertyValueSpecification\",\"valueRequired\":true,\"valueName\":\"search_term_string\"}}],\"inLanguage\":\"fr-FR\"},{\"@type\":\"Organization\",\"@id\":\"https:\\\/\\\/fuster-associates.com\\\/fr\\\/#organization\",\"name\":\"FUSTER & ASSOCIATES\",\"url\":\"https:\\\/\\\/fuster-associates.com\\\/fr\\\/\",\"logo\":{\"@type\":\"ImageObject\",\"inLanguage\":\"fr-FR\",\"@id\":\"https:\\\/\\\/fuster-associates.com\\\/fr\\\/#\\\/schema\\\/logo\\\/image\\\/\",\"url\":\"https:\\\/\\\/fuster-associates.com\\\/wp-content\\\/uploads\\\/2018\\\/08\\\/logo-fuster-1.jpeg\",\"contentUrl\":\"https:\\\/\\\/fuster-associates.com\\\/wp-content\\\/uploads\\\/2018\\\/08\\\/logo-fuster-1.jpeg\",\"width\":180,\"height\":113,\"caption\":\"FUSTER & ASSOCIATES\"},\"image\":{\"@id\":\"https:\\\/\\\/fuster-associates.com\\\/fr\\\/#\\\/schema\\\/logo\\\/image\\\/\"},\"sameAs\":[\"https:\\\/\\\/www.facebook.com\\\/fusterspain\\\/\",\"https:\\\/\\\/x.com\\\/FusterSpain\",\"https:\\\/\\\/www.youtube.com\\\/channel\\\/UC2-kNuL1SoqlFizI47hmIOQ\",\"https:\\\/\\\/www.linkedin.com\\\/company\\\/fuster-&-associates\\\/\"]}]}<\/script>\n<!-- \/ Yoast SEO plugin. -->","yoast_head_json":{"title":"Services de transfert de Propri\u00e9t\u00e9 & d'H\u00e9ritage - Fuster & Associates","description":"Assistance juridique pour les transferts de propri\u00e9t\u00e9 et les h\u00e9ritages en Espagne. Nous nous occupons des taxes, des formalit\u00e9s administratives et de l'enregistrement complet.","robots":{"index":"index","follow":"follow","max-snippet":"max-snippet:-1","max-image-preview":"max-image-preview:large","max-video-preview":"max-video-preview:-1"},"canonical":"https:\/\/fuster-associates.com\/fr\/services\/testaments-successions\/transferts-de-propriete-successions\/","og_locale":"fr_FR","og_type":"article","og_title":"Services de transfert de Propri\u00e9t\u00e9 & d'H\u00e9ritage - Fuster & Associates","og_description":"Assistance juridique pour les transferts de propri\u00e9t\u00e9 et les h\u00e9ritages en Espagne. Nous nous occupons des taxes, des formalit\u00e9s administratives et de l'enregistrement complet.","og_url":"https:\/\/fuster-associates.com\/fr\/services\/testaments-successions\/transferts-de-propriete-successions\/","og_site_name":"Fuster &amp; Associates","article_publisher":"https:\/\/www.facebook.com\/fusterspain\/","article_modified_time":"2025-10-16T07:13:49+00:00","og_image":[{"width":1920,"height":1280,"url":"https:\/\/fuster-associates.com\/wp-content\/uploads\/2020\/02\/slide-fuster-standard.jpg","type":"image\/jpeg"}],"twitter_card":"summary_large_image","twitter_site":"@FusterSpain","twitter_misc":{"Dur\u00e9e de lecture estim\u00e9e":"1 minute"},"schema":{"@context":"https:\/\/schema.org","@graph":[{"@type":"WebPage","@id":"https:\/\/fuster-associates.com\/fr\/services\/testaments-successions\/transferts-de-propriete-successions\/","url":"https:\/\/fuster-associates.com\/fr\/services\/testaments-successions\/transferts-de-propriete-successions\/","name":"Services de transfert de Propri\u00e9t\u00e9 & d'H\u00e9ritage - Fuster & Associates","isPartOf":{"@id":"https:\/\/fuster-associates.com\/fr\/#website"},"datePublished":"2025-09-11T07:30:22+00:00","dateModified":"2025-10-16T07:13:49+00:00","description":"Assistance juridique pour les transferts de propri\u00e9t\u00e9 et les h\u00e9ritages en Espagne. Nous nous occupons des taxes, des formalit\u00e9s administratives et de l'enregistrement complet.","breadcrumb":{"@id":"https:\/\/fuster-associates.com\/fr\/services\/testaments-successions\/transferts-de-propriete-successions\/#breadcrumb"},"inLanguage":"fr-FR","potentialAction":[{"@type":"ReadAction","target":["https:\/\/fuster-associates.com\/fr\/services\/testaments-successions\/transferts-de-propriete-successions\/"]}]},{"@type":"BreadcrumbList","@id":"https:\/\/fuster-associates.com\/fr\/services\/testaments-successions\/transferts-de-propriete-successions\/#breadcrumb","itemListElement":[{"@type":"ListItem","position":1,"name":"Accueil","item":"https:\/\/fuster-associates.com\/fr\/"},{"@type":"ListItem","position":2,"name":"Services","item":"https:\/\/fuster-associates.com\/fr\/services\/"},{"@type":"ListItem","position":3,"name":"Testaments &amp; Successions","item":"https:\/\/fuster-associates.com\/fr\/services\/wills-inheritance\/"},{"@type":"ListItem","position":4,"name":"Transferts De Propri\u00e9t\u00e9 &amp; Successions"}]},{"@type":"WebSite","@id":"https:\/\/fuster-associates.com\/fr\/#website","url":"https:\/\/fuster-associates.com\/fr\/","name":"Fuster & Associates","description":"Property Solicitors","publisher":{"@id":"https:\/\/fuster-associates.com\/fr\/#organization"},"potentialAction":[{"@type":"SearchAction","target":{"@type":"EntryPoint","urlTemplate":"https:\/\/fuster-associates.com\/fr\/?s={search_term_string}"},"query-input":{"@type":"PropertyValueSpecification","valueRequired":true,"valueName":"search_term_string"}}],"inLanguage":"fr-FR"},{"@type":"Organization","@id":"https:\/\/fuster-associates.com\/fr\/#organization","name":"FUSTER & ASSOCIATES","url":"https:\/\/fuster-associates.com\/fr\/","logo":{"@type":"ImageObject","inLanguage":"fr-FR","@id":"https:\/\/fuster-associates.com\/fr\/#\/schema\/logo\/image\/","url":"https:\/\/fuster-associates.com\/wp-content\/uploads\/2018\/08\/logo-fuster-1.jpeg","contentUrl":"https:\/\/fuster-associates.com\/wp-content\/uploads\/2018\/08\/logo-fuster-1.jpeg","width":180,"height":113,"caption":"FUSTER & ASSOCIATES"},"image":{"@id":"https:\/\/fuster-associates.com\/fr\/#\/schema\/logo\/image\/"},"sameAs":["https:\/\/www.facebook.com\/fusterspain\/","https:\/\/x.com\/FusterSpain","https:\/\/www.youtube.com\/channel\/UC2-kNuL1SoqlFizI47hmIOQ","https:\/\/www.linkedin.com\/company\/fuster-&-associates\/"]}]}},"_links":{"self":[{"href":"https:\/\/fuster-associates.com\/fr\/wp-json\/wp\/v2\/pages\/32927","targetHints":{"allow":["GET"]}}],"collection":[{"href":"https:\/\/fuster-associates.com\/fr\/wp-json\/wp\/v2\/pages"}],"about":[{"href":"https:\/\/fuster-associates.com\/fr\/wp-json\/wp\/v2\/types\/page"}],"author":[{"embeddable":true,"href":"https:\/\/fuster-associates.com\/fr\/wp-json\/wp\/v2\/users\/8"}],"replies":[{"embeddable":true,"href":"https:\/\/fuster-associates.com\/fr\/wp-json\/wp\/v2\/comments?post=32927"}],"version-history":[{"count":7,"href":"https:\/\/fuster-associates.com\/fr\/wp-json\/wp\/v2\/pages\/32927\/revisions"}],"predecessor-version":[{"id":34201,"href":"https:\/\/fuster-associates.com\/fr\/wp-json\/wp\/v2\/pages\/32927\/revisions\/34201"}],"up":[{"embeddable":true,"href":"https:\/\/fuster-associates.com\/fr\/wp-json\/wp\/v2\/pages\/34135"}],"wp:attachment":[{"href":"https:\/\/fuster-associates.com\/fr\/wp-json\/wp\/v2\/media?parent=32927"}],"curies":[{"name":"wp","href":"https:\/\/api.w.org\/{rel}","templated":true}]}}