{"id":30551,"date":"2025-07-17T11:55:26","date_gmt":"2025-07-17T09:55:26","guid":{"rendered":"https:\/\/fuster-associates.com\/services\/services-juridiques-immobiliers\/achat-vente-de-proprietes\/"},"modified":"2025-09-03T11:17:28","modified_gmt":"2025-09-03T09:17:28","slug":"achat-vente-de-proprietes","status":"publish","type":"page","link":"https:\/\/fuster-associates.com\/fr\/services\/services-juridiques-immobiliers\/achat-vente-de-proprietes\/","title":{"rendered":"Achat &amp; Vente De Propri\u00e9t\u00e9s"},"content":{"rendered":"\t\t<div data-elementor-type=\"wp-page\" data-elementor-id=\"30551\" class=\"elementor elementor-30551 elementor-24292\" data-elementor-post-type=\"page\">\n\t\t\t\t<div class=\"elementor-element elementor-element-e3d1295 e-flex e-con-boxed e-con e-parent\" data-id=\"e3d1295\" data-element_type=\"container\" data-e-type=\"container\" data-settings=\"{&quot;background_background&quot;:&quot;classic&quot;}\">\n\t\t\t\t\t<div class=\"e-con-inner\">\n\t\t\t\t<div class=\"elementor-element elementor-element-2a9580f6 elementor-invisible elementor-widget elementor-widget-heading\" data-id=\"2a9580f6\" data-element_type=\"widget\" data-e-type=\"widget\" data-settings=\"{&quot;_animation&quot;:&quot;fadeInDown&quot;}\" data-widget_type=\"heading.default\">\n\t\t\t\t\t<h1 class=\"elementor-heading-title elementor-size-default\">Achat &amp; Vente De Propri\u00e9t\u00e9s<\/h1>\t\t\t\t<\/div>\n\t\t\t\t<div class=\"elementor-element elementor-element-66b46217 elementor-invisible elementor-widget elementor-widget-breadcrumbs\" data-id=\"66b46217\" data-element_type=\"widget\" data-e-type=\"widget\" data-settings=\"{&quot;_animation&quot;:&quot;fadeInUp&quot;}\" data-widget_type=\"breadcrumbs.default\">\n\t\t\t\t\t<p id=\"breadcrumbs\"><span><span><a href=\"https:\/\/fuster-associates.com\/fr\/\">Accueil<\/a><\/span><\/span><\/p>\t\t\t\t<\/div>\n\t\t\t\t\t<\/div>\n\t\t\t\t<\/div>\n\t\t<div class=\"elementor-element elementor-element-ecf56bb e-flex e-con-boxed e-con e-parent\" data-id=\"ecf56bb\" data-element_type=\"container\" data-e-type=\"container\">\n\t\t\t\t\t<div class=\"e-con-inner\">\n\t\t\t\t<div class=\"elementor-element elementor-element-3b6e5aa elementor-invisible elementor-widget elementor-widget-heading\" data-id=\"3b6e5aa\" data-element_type=\"widget\" data-e-type=\"widget\" data-settings=\"{&quot;_animation&quot;:&quot;fadeIn&quot;,&quot;_animation_laptop&quot;:&quot;fadeIn&quot;}\" data-widget_type=\"heading.default\">\n\t\t\t\t\t<h2 class=\"elementor-heading-title elementor-size-default\">Achat &amp; Vente De Propri\u00e9t\u00e9s en Espagne<\/h2>\t\t\t\t<\/div>\n\t\t\t\t<div class=\"elementor-element elementor-element-5770392 elementor-invisible elementor-widget elementor-widget-text-editor\" data-id=\"5770392\" data-element_type=\"widget\" data-e-type=\"widget\" data-settings=\"{&quot;_animation&quot;:&quot;fadeIn&quot;,&quot;_animation_laptop&quot;:&quot;fadeIn&quot;}\" data-widget_type=\"text-editor.default\">\n\t\t\t\t\t\t\t\t\t<p data-start=\"180\" data-end=\"507\"><strong data-start=\"180\" data-end=\"247\">Bienvenue aux services de transfert de propri\u00e9t\u00e9 de Fuster &amp; Associates.<\/strong> Nous fournissons une assistance juridique experte aux particuliers et aux investisseurs impliqu\u00e9s dans l\u2019achat ou la vente de biens immobiliers en Espagne. Nos avocats sp\u00e9cialis\u00e9s dans l\u2019immobilier offrent un soutien personnalis\u00e9 pour l\u2019achat, la vente et les transactions immobili\u00e8res sur plan. <\/p><p data-start=\"509\" data-end=\"758\">Que vous achetiez une maison en revente, que vous vendiez votre propri\u00e9t\u00e9 espagnole ou que vous investissiez dans un nouveau d\u00e9veloppement, nous vous guidons \u00e0 travers chaque \u00e9tape juridique, en assurant la transparence, en prot\u00e9geant vos int\u00e9r\u00eats et en garantissant une conformit\u00e9 totale avec la loi espagnole sur la propri\u00e9t\u00e9.<\/p>\t\t\t\t\t\t\t\t<\/div>\n\t\t\t\t\t<\/div>\n\t\t\t\t<\/div>\n\t\t<div class=\"elementor-element elementor-element-28118edb e-flex e-con-boxed e-con e-parent\" data-id=\"28118edb\" data-element_type=\"container\" data-e-type=\"container\" data-settings=\"{&quot;background_background&quot;:&quot;classic&quot;}\">\n\t\t\t\t\t<div class=\"e-con-inner\">\n\t\t\t\t<div class=\"elementor-element elementor-element-cd46360 elementor-icon-list--layout-traditional elementor-list-item-link-full_width elementor-widget elementor-widget-icon-list\" data-id=\"cd46360\" data-element_type=\"widget\" data-e-type=\"widget\" data-widget_type=\"icon-list.default\">\n\t\t\t\t\t\t\t<ul class=\"elementor-icon-list-items\">\n\t\t\t\t\t\t\t<li class=\"elementor-icon-list-item\">\n\t\t\t\t\t\t\t\t\t\t\t<a href=\"https:\/\/fuster-associates.com\/services\/property-law-services\/buying-selling-property\/purchase-conveyancing\/\">\n\n\t\t\t\t\t\t\t\t\t\t\t\t<span class=\"elementor-icon-list-icon\">\n\t\t\t\t\t\t\t<svg aria-hidden=\"true\" class=\"e-font-icon-svg e-fas-caret-right\" viewBox=\"0 0 192 512\" xmlns=\"http:\/\/www.w3.org\/2000\/svg\"><path d=\"M0 384.662V127.338c0-17.818 21.543-26.741 34.142-14.142l128.662 128.662c7.81 7.81 7.81 20.474 0 28.284L34.142 398.804C21.543 411.404 0 402.48 0 384.662z\"><\/path><\/svg>\t\t\t\t\t\t<\/span>\n\t\t\t\t\t\t\t\t\t\t<span class=\"elementor-icon-list-text\">Formalit\u00e9s D'achat<\/span>\n\t\t\t\t\t\t\t\t\t\t\t<\/a>\n\t\t\t\t\t\t\t\t\t<\/li>\n\t\t\t\t\t\t\t\t<li class=\"elementor-icon-list-item\">\n\t\t\t\t\t\t\t\t\t\t\t<a href=\"https:\/\/fuster-associates.com\/services\/property-law-services\/buying-selling-property\/sales-conveyancing\/\">\n\n\t\t\t\t\t\t\t\t\t\t\t\t<span class=\"elementor-icon-list-icon\">\n\t\t\t\t\t\t\t<svg aria-hidden=\"true\" class=\"e-font-icon-svg e-fas-caret-right\" viewBox=\"0 0 192 512\" xmlns=\"http:\/\/www.w3.org\/2000\/svg\"><path d=\"M0 384.662V127.338c0-17.818 21.543-26.741 34.142-14.142l128.662 128.662c7.81 7.81 7.81 20.474 0 28.284L34.142 398.804C21.543 411.404 0 402.48 0 384.662z\"><\/path><\/svg>\t\t\t\t\t\t<\/span>\n\t\t\t\t\t\t\t\t\t\t<span class=\"elementor-icon-list-text\">Formalit\u00e9s De Vente<\/span>\n\t\t\t\t\t\t\t\t\t\t\t<\/a>\n\t\t\t\t\t\t\t\t\t<\/li>\n\t\t\t\t\t\t\t\t<li class=\"elementor-icon-list-item\">\n\t\t\t\t\t\t\t\t\t\t\t<a href=\"https:\/\/fuster-associates.com\/services\/property-law-services\/buying-selling-property\/off-plan-property-purchases\/\">\n\n\t\t\t\t\t\t\t\t\t\t\t\t<span class=\"elementor-icon-list-icon\">\n\t\t\t\t\t\t\t<svg aria-hidden=\"true\" class=\"e-font-icon-svg e-fas-caret-right\" viewBox=\"0 0 192 512\" xmlns=\"http:\/\/www.w3.org\/2000\/svg\"><path d=\"M0 384.662V127.338c0-17.818 21.543-26.741 34.142-14.142l128.662 128.662c7.81 7.81 7.81 20.474 0 28.284L34.142 398.804C21.543 411.404 0 402.48 0 384.662z\"><\/path><\/svg>\t\t\t\t\t\t<\/span>\n\t\t\t\t\t\t\t\t\t\t<span class=\"elementor-icon-list-text\">Achats De Propri\u00e9t\u00e9s Sur Plan<\/span>\n\t\t\t\t\t\t\t\t\t\t\t<\/a>\n\t\t\t\t\t\t\t\t\t<\/li>\n\t\t\t\t\t\t<\/ul>\n\t\t\t\t\t\t<\/div>\n\t\t\t\t\t<\/div>\n\t\t\t\t<\/div>\n\t\t\t\t<\/div>\n\t\t","protected":false},"excerpt":{"rendered":"<p>Achat &amp; Vente De Propri\u00e9t\u00e9s en Espagne Bienvenue aux services de transfert de propri\u00e9t\u00e9 de Fuster &amp; Associates. Nous fournissons une assistance juridique experte aux particuliers et aux investisseurs impliqu\u00e9s dans l\u2019achat ou la vente de biens immobiliers en Espagne. Nos avocats sp\u00e9cialis\u00e9s dans l\u2019immobilier offrent un soutien personnalis\u00e9 pour l\u2019achat, la vente et les [&hellip;]<\/p>\n","protected":false},"author":7,"featured_media":0,"parent":28373,"menu_order":0,"comment_status":"closed","ping_status":"closed","template":"","meta":{"content-type":"","_sitemap_exclude":false,"_sitemap_priority":"","_sitemap_frequency":"","footnotes":""},"class_list":["post-30551","page","type-page","status-publish","hentry"],"yoast_head":"<!-- This site is optimized with the Yoast SEO plugin v27.3 - https:\/\/yoast.com\/product\/yoast-seo-wordpress\/ -->\n<title>Achat &amp; Vente De Propri\u00e9t\u00e9s en Espagne - Fuster &amp; Associates<\/title>\n<meta name=\"description\" content=\"Services juridiques pour des ventes et achats immobiliers s\u00fbrs et efficaces en Espagne. Assistance compl\u00e8te pour les transactions immobili\u00e8res. \u00c9vitez les amendes et garantissez la conformit\u00e9.\" \/>\n<meta name=\"robots\" content=\"index, follow, max-snippet:-1, max-image-preview:large, max-video-preview:-1\" \/>\n<link rel=\"canonical\" href=\"https:\/\/fuster-associates.com\/fr\/services\/services-juridiques-immobiliers\/achat-vente-de-proprietes\/\" \/>\n<meta property=\"og:locale\" content=\"fr_FR\" \/>\n<meta property=\"og:type\" content=\"article\" \/>\n<meta property=\"og:title\" content=\"Achat &amp; Vente De Propri\u00e9t\u00e9s en Espagne - Fuster &amp; Associates\" \/>\n<meta property=\"og:description\" content=\"Services juridiques pour des ventes et achats immobiliers s\u00fbrs et efficaces en Espagne. Assistance compl\u00e8te pour les transactions immobili\u00e8res. \u00c9vitez les amendes et garantissez la conformit\u00e9.\" \/>\n<meta property=\"og:url\" content=\"https:\/\/fuster-associates.com\/fr\/services\/services-juridiques-immobiliers\/achat-vente-de-proprietes\/\" \/>\n<meta property=\"og:site_name\" content=\"Fuster &amp; Associates\" \/>\n<meta property=\"article:publisher\" content=\"https:\/\/www.facebook.com\/fusterspain\/\" \/>\n<meta property=\"article:modified_time\" content=\"2025-09-03T09:17:28+00:00\" \/>\n<meta property=\"og:image\" content=\"https:\/\/fuster-associates.com\/wp-content\/uploads\/2020\/02\/slide-fuster-standard.jpg\" \/>\n\t<meta property=\"og:image:width\" content=\"1920\" \/>\n\t<meta property=\"og:image:height\" content=\"1280\" \/>\n\t<meta property=\"og:image:type\" content=\"image\/jpeg\" \/>\n<meta name=\"twitter:card\" content=\"summary_large_image\" \/>\n<meta name=\"twitter:site\" content=\"@FusterSpain\" \/>\n<meta name=\"twitter:label1\" content=\"Dur\u00e9e de lecture estim\u00e9e\" \/>\n\t<meta name=\"twitter:data1\" content=\"1 minute\" \/>\n<script type=\"application\/ld+json\" class=\"yoast-schema-graph\">{\"@context\":\"https:\\\/\\\/schema.org\",\"@graph\":[{\"@type\":\"WebPage\",\"@id\":\"https:\\\/\\\/fuster-associates.com\\\/fr\\\/services\\\/services-juridiques-immobiliers\\\/achat-vente-de-proprietes\\\/\",\"url\":\"https:\\\/\\\/fuster-associates.com\\\/fr\\\/services\\\/services-juridiques-immobiliers\\\/achat-vente-de-proprietes\\\/\",\"name\":\"Achat & Vente De Propri\u00e9t\u00e9s en Espagne - Fuster & Associates\",\"isPartOf\":{\"@id\":\"https:\\\/\\\/fuster-associates.com\\\/fr\\\/#website\"},\"datePublished\":\"2025-07-17T09:55:26+00:00\",\"dateModified\":\"2025-09-03T09:17:28+00:00\",\"description\":\"Services juridiques pour des ventes et achats immobiliers s\u00fbrs et efficaces en Espagne. Assistance compl\u00e8te pour les transactions immobili\u00e8res. \u00c9vitez les amendes et garantissez la conformit\u00e9.\",\"breadcrumb\":{\"@id\":\"https:\\\/\\\/fuster-associates.com\\\/fr\\\/services\\\/services-juridiques-immobiliers\\\/achat-vente-de-proprietes\\\/#breadcrumb\"},\"inLanguage\":\"fr-FR\",\"potentialAction\":[{\"@type\":\"ReadAction\",\"target\":[\"https:\\\/\\\/fuster-associates.com\\\/fr\\\/services\\\/services-juridiques-immobiliers\\\/achat-vente-de-proprietes\\\/\"]}]},{\"@type\":\"BreadcrumbList\",\"@id\":\"https:\\\/\\\/fuster-associates.com\\\/fr\\\/services\\\/services-juridiques-immobiliers\\\/achat-vente-de-proprietes\\\/#breadcrumb\",\"itemListElement\":[{\"@type\":\"ListItem\",\"position\":1,\"name\":\"Accueil\",\"item\":\"https:\\\/\\\/fuster-associates.com\\\/fr\\\/\"},{\"@type\":\"ListItem\",\"position\":2,\"name\":\"Services\",\"item\":\"https:\\\/\\\/fuster-associates.com\\\/fr\\\/services\\\/\"},{\"@type\":\"ListItem\",\"position\":3,\"name\":\"Services Juridiques Immobiliers\",\"item\":\"https:\\\/\\\/fuster-associates.com\\\/fr\\\/services\\\/property-law-services\\\/\"},{\"@type\":\"ListItem\",\"position\":4,\"name\":\"Achat &amp; Vente De Propri\u00e9t\u00e9s\"}]},{\"@type\":\"WebSite\",\"@id\":\"https:\\\/\\\/fuster-associates.com\\\/fr\\\/#website\",\"url\":\"https:\\\/\\\/fuster-associates.com\\\/fr\\\/\",\"name\":\"Fuster & Associates\",\"description\":\"Property Solicitors\",\"publisher\":{\"@id\":\"https:\\\/\\\/fuster-associates.com\\\/fr\\\/#organization\"},\"potentialAction\":[{\"@type\":\"SearchAction\",\"target\":{\"@type\":\"EntryPoint\",\"urlTemplate\":\"https:\\\/\\\/fuster-associates.com\\\/fr\\\/?s={search_term_string}\"},\"query-input\":{\"@type\":\"PropertyValueSpecification\",\"valueRequired\":true,\"valueName\":\"search_term_string\"}}],\"inLanguage\":\"fr-FR\"},{\"@type\":\"Organization\",\"@id\":\"https:\\\/\\\/fuster-associates.com\\\/fr\\\/#organization\",\"name\":\"FUSTER & ASSOCIATES\",\"url\":\"https:\\\/\\\/fuster-associates.com\\\/fr\\\/\",\"logo\":{\"@type\":\"ImageObject\",\"inLanguage\":\"fr-FR\",\"@id\":\"https:\\\/\\\/fuster-associates.com\\\/fr\\\/#\\\/schema\\\/logo\\\/image\\\/\",\"url\":\"https:\\\/\\\/fuster-associates.com\\\/wp-content\\\/uploads\\\/2018\\\/08\\\/logo-fuster-1.jpeg\",\"contentUrl\":\"https:\\\/\\\/fuster-associates.com\\\/wp-content\\\/uploads\\\/2018\\\/08\\\/logo-fuster-1.jpeg\",\"width\":180,\"height\":113,\"caption\":\"FUSTER & ASSOCIATES\"},\"image\":{\"@id\":\"https:\\\/\\\/fuster-associates.com\\\/fr\\\/#\\\/schema\\\/logo\\\/image\\\/\"},\"sameAs\":[\"https:\\\/\\\/www.facebook.com\\\/fusterspain\\\/\",\"https:\\\/\\\/x.com\\\/FusterSpain\",\"https:\\\/\\\/www.youtube.com\\\/channel\\\/UC2-kNuL1SoqlFizI47hmIOQ\",\"https:\\\/\\\/www.linkedin.com\\\/company\\\/fuster-&-associates\\\/\"]}]}<\/script>\n<!-- \/ Yoast SEO plugin. -->","yoast_head_json":{"title":"Achat & Vente De Propri\u00e9t\u00e9s en Espagne - Fuster & Associates","description":"Services juridiques pour des ventes et achats immobiliers s\u00fbrs et efficaces en Espagne. Assistance compl\u00e8te pour les transactions immobili\u00e8res. \u00c9vitez les amendes et garantissez la conformit\u00e9.","robots":{"index":"index","follow":"follow","max-snippet":"max-snippet:-1","max-image-preview":"max-image-preview:large","max-video-preview":"max-video-preview:-1"},"canonical":"https:\/\/fuster-associates.com\/fr\/services\/services-juridiques-immobiliers\/achat-vente-de-proprietes\/","og_locale":"fr_FR","og_type":"article","og_title":"Achat & Vente De Propri\u00e9t\u00e9s en Espagne - Fuster & Associates","og_description":"Services juridiques pour des ventes et achats immobiliers s\u00fbrs et efficaces en Espagne. Assistance compl\u00e8te pour les transactions immobili\u00e8res. \u00c9vitez les amendes et garantissez la conformit\u00e9.","og_url":"https:\/\/fuster-associates.com\/fr\/services\/services-juridiques-immobiliers\/achat-vente-de-proprietes\/","og_site_name":"Fuster &amp; Associates","article_publisher":"https:\/\/www.facebook.com\/fusterspain\/","article_modified_time":"2025-09-03T09:17:28+00:00","og_image":[{"width":1920,"height":1280,"url":"https:\/\/fuster-associates.com\/wp-content\/uploads\/2020\/02\/slide-fuster-standard.jpg","type":"image\/jpeg"}],"twitter_card":"summary_large_image","twitter_site":"@FusterSpain","twitter_misc":{"Dur\u00e9e de lecture estim\u00e9e":"1 minute"},"schema":{"@context":"https:\/\/schema.org","@graph":[{"@type":"WebPage","@id":"https:\/\/fuster-associates.com\/fr\/services\/services-juridiques-immobiliers\/achat-vente-de-proprietes\/","url":"https:\/\/fuster-associates.com\/fr\/services\/services-juridiques-immobiliers\/achat-vente-de-proprietes\/","name":"Achat & Vente De Propri\u00e9t\u00e9s en Espagne - Fuster & Associates","isPartOf":{"@id":"https:\/\/fuster-associates.com\/fr\/#website"},"datePublished":"2025-07-17T09:55:26+00:00","dateModified":"2025-09-03T09:17:28+00:00","description":"Services juridiques pour des ventes et achats immobiliers s\u00fbrs et efficaces en Espagne. Assistance compl\u00e8te pour les transactions immobili\u00e8res. \u00c9vitez les amendes et garantissez la conformit\u00e9.","breadcrumb":{"@id":"https:\/\/fuster-associates.com\/fr\/services\/services-juridiques-immobiliers\/achat-vente-de-proprietes\/#breadcrumb"},"inLanguage":"fr-FR","potentialAction":[{"@type":"ReadAction","target":["https:\/\/fuster-associates.com\/fr\/services\/services-juridiques-immobiliers\/achat-vente-de-proprietes\/"]}]},{"@type":"BreadcrumbList","@id":"https:\/\/fuster-associates.com\/fr\/services\/services-juridiques-immobiliers\/achat-vente-de-proprietes\/#breadcrumb","itemListElement":[{"@type":"ListItem","position":1,"name":"Accueil","item":"https:\/\/fuster-associates.com\/fr\/"},{"@type":"ListItem","position":2,"name":"Services","item":"https:\/\/fuster-associates.com\/fr\/services\/"},{"@type":"ListItem","position":3,"name":"Services Juridiques Immobiliers","item":"https:\/\/fuster-associates.com\/fr\/services\/property-law-services\/"},{"@type":"ListItem","position":4,"name":"Achat &amp; Vente De Propri\u00e9t\u00e9s"}]},{"@type":"WebSite","@id":"https:\/\/fuster-associates.com\/fr\/#website","url":"https:\/\/fuster-associates.com\/fr\/","name":"Fuster & Associates","description":"Property Solicitors","publisher":{"@id":"https:\/\/fuster-associates.com\/fr\/#organization"},"potentialAction":[{"@type":"SearchAction","target":{"@type":"EntryPoint","urlTemplate":"https:\/\/fuster-associates.com\/fr\/?s={search_term_string}"},"query-input":{"@type":"PropertyValueSpecification","valueRequired":true,"valueName":"search_term_string"}}],"inLanguage":"fr-FR"},{"@type":"Organization","@id":"https:\/\/fuster-associates.com\/fr\/#organization","name":"FUSTER & ASSOCIATES","url":"https:\/\/fuster-associates.com\/fr\/","logo":{"@type":"ImageObject","inLanguage":"fr-FR","@id":"https:\/\/fuster-associates.com\/fr\/#\/schema\/logo\/image\/","url":"https:\/\/fuster-associates.com\/wp-content\/uploads\/2018\/08\/logo-fuster-1.jpeg","contentUrl":"https:\/\/fuster-associates.com\/wp-content\/uploads\/2018\/08\/logo-fuster-1.jpeg","width":180,"height":113,"caption":"FUSTER & ASSOCIATES"},"image":{"@id":"https:\/\/fuster-associates.com\/fr\/#\/schema\/logo\/image\/"},"sameAs":["https:\/\/www.facebook.com\/fusterspain\/","https:\/\/x.com\/FusterSpain","https:\/\/www.youtube.com\/channel\/UC2-kNuL1SoqlFizI47hmIOQ","https:\/\/www.linkedin.com\/company\/fuster-&-associates\/"]}]}},"_links":{"self":[{"href":"https:\/\/fuster-associates.com\/fr\/wp-json\/wp\/v2\/pages\/30551","targetHints":{"allow":["GET"]}}],"collection":[{"href":"https:\/\/fuster-associates.com\/fr\/wp-json\/wp\/v2\/pages"}],"about":[{"href":"https:\/\/fuster-associates.com\/fr\/wp-json\/wp\/v2\/types\/page"}],"author":[{"embeddable":true,"href":"https:\/\/fuster-associates.com\/fr\/wp-json\/wp\/v2\/users\/7"}],"replies":[{"embeddable":true,"href":"https:\/\/fuster-associates.com\/fr\/wp-json\/wp\/v2\/comments?post=30551"}],"version-history":[{"count":2,"href":"https:\/\/fuster-associates.com\/fr\/wp-json\/wp\/v2\/pages\/30551\/revisions"}],"predecessor-version":[{"id":33644,"href":"https:\/\/fuster-associates.com\/fr\/wp-json\/wp\/v2\/pages\/30551\/revisions\/33644"}],"up":[{"embeddable":true,"href":"https:\/\/fuster-associates.com\/fr\/wp-json\/wp\/v2\/pages\/28373"}],"wp:attachment":[{"href":"https:\/\/fuster-associates.com\/fr\/wp-json\/wp\/v2\/media?parent=30551"}],"curies":[{"name":"wp","href":"https:\/\/api.w.org\/{rel}","templated":true}]}}