{"id":30471,"date":"2025-07-16T12:47:53","date_gmt":"2025-07-16T10:47:53","guid":{"rendered":"https:\/\/fuster-associates.com\/services\/services-fiscaux\/regimes-fiscaux-des-entreprises-speciaux\/"},"modified":"2025-09-09T09:59:31","modified_gmt":"2025-09-09T07:59:31","slug":"regimes-fiscaux-des-entreprises-speciaux","status":"publish","type":"page","link":"https:\/\/fuster-associates.com\/fr\/services\/services-fiscaux\/regimes-fiscaux-des-entreprises-speciaux\/","title":{"rendered":"R\u00e9gimes Fiscaux Des Entreprises &amp; Sp\u00e9ciaux"},"content":{"rendered":"\t\t<div data-elementor-type=\"wp-page\" data-elementor-id=\"30471\" class=\"elementor elementor-30471 elementor-24060\" data-elementor-post-type=\"page\">\n\t\t\t\t<div class=\"elementor-element elementor-element-10416abd e-flex e-con-boxed e-con e-parent\" data-id=\"10416abd\" data-element_type=\"container\" data-e-type=\"container\" data-settings=\"{&quot;background_background&quot;:&quot;classic&quot;}\">\n\t\t\t\t\t<div class=\"e-con-inner\">\n\t\t\t\t<div class=\"elementor-element elementor-element-2bfe5acb elementor-invisible elementor-widget elementor-widget-heading\" data-id=\"2bfe5acb\" data-element_type=\"widget\" data-e-type=\"widget\" data-settings=\"{&quot;_animation&quot;:&quot;fadeInDown&quot;}\" data-widget_type=\"heading.default\">\n\t\t\t\t\t<h1 class=\"elementor-heading-title elementor-size-default\">R\u00e9gimes Fiscaux Des Entreprises &amp; Sp\u00e9ciaux<\/h1>\t\t\t\t<\/div>\n\t\t\t\t<div class=\"elementor-element elementor-element-47b0daba elementor-invisible elementor-widget elementor-widget-breadcrumbs\" data-id=\"47b0daba\" data-element_type=\"widget\" data-e-type=\"widget\" data-settings=\"{&quot;_animation&quot;:&quot;fadeInUp&quot;}\" data-widget_type=\"breadcrumbs.default\">\n\t\t\t\t\t<p id=\"breadcrumbs\"><span><span><a href=\"https:\/\/fuster-associates.com\/fr\/\">Accueil<\/a><\/span><\/span><\/p>\t\t\t\t<\/div>\n\t\t\t\t\t<\/div>\n\t\t\t\t<\/div>\n\t\t<div class=\"elementor-element elementor-element-7f6e6dd e-flex e-con-boxed e-con e-parent\" data-id=\"7f6e6dd\" data-element_type=\"container\" data-e-type=\"container\">\n\t\t\t\t\t<div class=\"e-con-inner\">\n\t\t\t\t<div class=\"elementor-element elementor-element-5700f50 elementor-invisible elementor-widget elementor-widget-heading\" data-id=\"5700f50\" data-element_type=\"widget\" data-e-type=\"widget\" data-settings=\"{&quot;_animation&quot;:&quot;fadeIn&quot;,&quot;_animation_laptop&quot;:&quot;fadeIn&quot;}\" data-widget_type=\"heading.default\">\n\t\t\t\t\t<h2 class=\"elementor-heading-title elementor-size-default\">Services sur mesure pour les professionnels et les entreprises en Espagne<\/h2>\t\t\t\t<\/div>\n\t\t\t\t<div class=\"elementor-element elementor-element-26d1c0d elementor-invisible elementor-widget elementor-widget-text-editor\" data-id=\"26d1c0d\" data-element_type=\"widget\" data-e-type=\"widget\" data-settings=\"{&quot;_animation&quot;:&quot;fadeIn&quot;,&quot;_animation_laptop&quot;:&quot;fadeIn&quot;}\" data-widget_type=\"text-editor.default\">\n\t\t\t\t\t\t\t\t\tB\u00e9n\u00e9ficiez\u00a0<strong data-start=\"1128\" data-end=\"1214\">d\u2019un soutien fiscal expert\u00a0<\/strong>pour votre entreprise ou votre style de vie international en Espagne. Que vous dirigiez une entreprise, que vous travailliez en tant que freelance, que vous viviez en tant que nomade num\u00e9rique ou que vous b\u00e9n\u00e9ficiiez de la loi Beckham, Fuster &amp; Associates fournit des\u00a0<strong data-start=\"1374\" data-end=\"1412\">conseils juridiques et fiscaux sp\u00e9cialis\u00e9s<\/strong>\u00a0pour vous aider \u00e0 optimiser votre situation financi\u00e8re.Nous aidons\u00a0<strong data-start=\"1469\" data-end=\"1535\">les travailleurs \u00e0 distance, les entrepreneurs et les professionnels internationaux<\/strong>\u00a0\u00e0 naviguer dans les r\u00e9gimes fiscaux sp\u00e9ciaux de l\u2019Espagne.<strong data-start=\"1579\" data-end=\"1610\">R\u00e9servez votre consultation gratuite<\/strong>\u00a0et gagnez en tranquillit\u00e9 d\u2019esprit gr\u00e2ce \u00e0 des solutions personnalis\u00e9es qui fonctionnent pour vous.\t\t\t\t\t\t\t\t<\/div>\n\t\t\t\t\t<\/div>\n\t\t\t\t<\/div>\n\t\t<div class=\"elementor-element elementor-element-d1fb40 e-flex e-con-boxed e-con e-parent\" data-id=\"d1fb40\" data-element_type=\"container\" data-e-type=\"container\">\n\t\t\t\t\t<div class=\"e-con-inner\">\n\t\t\t\t<div class=\"elementor-element elementor-element-3740d9d elementor-icon-list--layout-traditional elementor-list-item-link-full_width elementor-widget elementor-widget-icon-list\" data-id=\"3740d9d\" data-element_type=\"widget\" data-e-type=\"widget\" data-widget_type=\"icon-list.default\">\n\t\t\t\t\t\t\t<ul class=\"elementor-icon-list-items\">\n\t\t\t\t\t\t\t<li class=\"elementor-icon-list-item\">\n\t\t\t\t\t\t\t\t\t\t\t<a href=\"https:\/\/fuster-associates.com\/services\/tax-services\/business-special-tax-regimes\/corporate-tax-services\/\">\n\n\t\t\t\t\t\t\t\t\t\t\t\t<span class=\"elementor-icon-list-icon\">\n\t\t\t\t\t\t\t<svg aria-hidden=\"true\" class=\"e-font-icon-svg e-fas-caret-right\" viewBox=\"0 0 192 512\" xmlns=\"http:\/\/www.w3.org\/2000\/svg\"><path d=\"M0 384.662V127.338c0-17.818 21.543-26.741 34.142-14.142l128.662 128.662c7.81 7.81 7.81 20.474 0 28.284L34.142 398.804C21.543 411.404 0 402.48 0 384.662z\"><\/path><\/svg>\t\t\t\t\t\t<\/span>\n\t\t\t\t\t\t\t\t\t\t<span class=\"elementor-icon-list-text\">Services Fiscaux Aux Soci\u00e9t\u00e9s<\/span>\n\t\t\t\t\t\t\t\t\t\t\t<\/a>\n\t\t\t\t\t\t\t\t\t<\/li>\n\t\t\t\t\t\t\t\t<li class=\"elementor-icon-list-item\">\n\t\t\t\t\t\t\t\t\t\t\t<a href=\"https:\/\/fuster-associates.com\/services\/tax-services\/business-special-tax-regimes\/freelance-self-employed-tax-services\/\">\n\n\t\t\t\t\t\t\t\t\t\t\t\t<span class=\"elementor-icon-list-icon\">\n\t\t\t\t\t\t\t<svg aria-hidden=\"true\" class=\"e-font-icon-svg e-fas-caret-right\" viewBox=\"0 0 192 512\" xmlns=\"http:\/\/www.w3.org\/2000\/svg\"><path d=\"M0 384.662V127.338c0-17.818 21.543-26.741 34.142-14.142l128.662 128.662c7.81 7.81 7.81 20.474 0 28.284L34.142 398.804C21.543 411.404 0 402.48 0 384.662z\"><\/path><\/svg>\t\t\t\t\t\t<\/span>\n\t\t\t\t\t\t\t\t\t\t<span class=\"elementor-icon-list-text\">Services Fiscaux Pour Ind\u00e9pendants &amp; Travailleurs Autonomes<\/span>\n\t\t\t\t\t\t\t\t\t\t\t<\/a>\n\t\t\t\t\t\t\t\t\t<\/li>\n\t\t\t\t\t\t\t\t<li class=\"elementor-icon-list-item\">\n\t\t\t\t\t\t\t\t\t\t\t<a href=\"https:\/\/fuster-associates.com\/services\/tax-services\/business-special-tax-regimes\/digital-nomad-taxation\/\">\n\n\t\t\t\t\t\t\t\t\t\t\t\t<span class=\"elementor-icon-list-icon\">\n\t\t\t\t\t\t\t<svg aria-hidden=\"true\" class=\"e-font-icon-svg e-fas-caret-right\" viewBox=\"0 0 192 512\" xmlns=\"http:\/\/www.w3.org\/2000\/svg\"><path d=\"M0 384.662V127.338c0-17.818 21.543-26.741 34.142-14.142l128.662 128.662c7.81 7.81 7.81 20.474 0 28.284L34.142 398.804C21.543 411.404 0 402.48 0 384.662z\"><\/path><\/svg>\t\t\t\t\t\t<\/span>\n\t\t\t\t\t\t\t\t\t\t<span class=\"elementor-icon-list-text\">Fiscalit\u00e9 Des Nomades Num\u00e9riques<\/span>\n\t\t\t\t\t\t\t\t\t\t\t<\/a>\n\t\t\t\t\t\t\t\t\t<\/li>\n\t\t\t\t\t\t\t\t<li class=\"elementor-icon-list-item\">\n\t\t\t\t\t\t\t\t\t\t\t<a href=\"https:\/\/fuster-associates.com\/services\/tax-services\/business-special-tax-regimes\/beckham-law-special-expats-regimes\/\">\n\n\t\t\t\t\t\t\t\t\t\t\t\t<span class=\"elementor-icon-list-icon\">\n\t\t\t\t\t\t\t<svg aria-hidden=\"true\" class=\"e-font-icon-svg e-fas-caret-right\" viewBox=\"0 0 192 512\" xmlns=\"http:\/\/www.w3.org\/2000\/svg\"><path d=\"M0 384.662V127.338c0-17.818 21.543-26.741 34.142-14.142l128.662 128.662c7.81 7.81 7.81 20.474 0 28.284L34.142 398.804C21.543 411.404 0 402.48 0 384.662z\"><\/path><\/svg>\t\t\t\t\t\t<\/span>\n\t\t\t\t\t\t\t\t\t\t<span class=\"elementor-icon-list-text\">Loi Beckham &amp; R\u00e9gimes Sp\u00e9ciaux Pour Expats<\/span>\n\t\t\t\t\t\t\t\t\t\t\t<\/a>\n\t\t\t\t\t\t\t\t\t<\/li>\n\t\t\t\t\t\t\t\t<li class=\"elementor-icon-list-item\">\n\t\t\t\t\t\t\t\t\t\t\t<a href=\"https:\/\/fuster-associates.com\/services\/tax-services\/business-special-tax-regimes\/tax-advise-for-remote-workers-international-professionals\/\">\n\n\t\t\t\t\t\t\t\t\t\t\t\t<span class=\"elementor-icon-list-icon\">\n\t\t\t\t\t\t\t<svg aria-hidden=\"true\" class=\"e-font-icon-svg e-fas-caret-right\" viewBox=\"0 0 192 512\" xmlns=\"http:\/\/www.w3.org\/2000\/svg\"><path d=\"M0 384.662V127.338c0-17.818 21.543-26.741 34.142-14.142l128.662 128.662c7.81 7.81 7.81 20.474 0 28.284L34.142 398.804C21.543 411.404 0 402.48 0 384.662z\"><\/path><\/svg>\t\t\t\t\t\t<\/span>\n\t\t\t\t\t\t\t\t\t\t<span class=\"elementor-icon-list-text\">Conseils Fiscaux Pour Travailleurs \u00c0 Distance &amp; Professionnels Internationaux<\/span>\n\t\t\t\t\t\t\t\t\t\t\t<\/a>\n\t\t\t\t\t\t\t\t\t<\/li>\n\t\t\t\t\t\t<\/ul>\n\t\t\t\t\t\t<\/div>\n\t\t\t\t\t<\/div>\n\t\t\t\t<\/div>\n\t\t\t\t<\/div>\n\t\t","protected":false},"excerpt":{"rendered":"<p>Services sur mesure pour les professionnels et les entreprises en Espagne B\u00e9n\u00e9ficiez\u00a0d\u2019un soutien fiscal expert\u00a0pour votre entreprise ou votre style de vie international en Espagne. Que vous dirigiez une entreprise, que vous travailliez en tant que freelance, que vous viviez en tant que nomade num\u00e9rique ou que vous b\u00e9n\u00e9ficiiez de la loi Beckham, Fuster &amp; [&hellip;]<\/p>\n","protected":false},"author":7,"featured_media":0,"parent":28643,"menu_order":0,"comment_status":"closed","ping_status":"closed","template":"","meta":{"content-type":"","_sitemap_exclude":false,"_sitemap_priority":"","_sitemap_frequency":"","footnotes":""},"class_list":["post-30471","page","type-page","status-publish","hentry"],"yoast_head":"<!-- This site is optimized with the Yoast SEO plugin v27.2 - https:\/\/yoast.com\/product\/yoast-seo-wordpress\/ -->\n<title>Aide fiscale aux entreprises en Espagne - Fuster &amp; Associates<\/title>\n<meta name=\"description\" content=\"B\u00e9n\u00e9ficiez d&#039;une assistance compl\u00e8te en mati\u00e8re de conformit\u00e9 fiscale pour les entreprises, les ind\u00e9pendants et les pays \u00e9trangers en Espagne. R\u00e9servez votre consultation gratuite d\u00e8s maintenant.\" \/>\n<meta name=\"robots\" content=\"index, follow, max-snippet:-1, max-image-preview:large, max-video-preview:-1\" \/>\n<link rel=\"canonical\" href=\"https:\/\/fuster-associates.com\/fr\/services\/services-fiscaux\/regimes-fiscaux-des-entreprises-speciaux\/\" \/>\n<meta property=\"og:locale\" content=\"fr_FR\" \/>\n<meta property=\"og:type\" content=\"article\" \/>\n<meta property=\"og:title\" content=\"Aide fiscale aux entreprises en Espagne - Fuster &amp; Associates\" \/>\n<meta property=\"og:description\" content=\"B\u00e9n\u00e9ficiez d&#039;une assistance compl\u00e8te en mati\u00e8re de conformit\u00e9 fiscale pour les entreprises, les ind\u00e9pendants et les pays \u00e9trangers en Espagne. R\u00e9servez votre consultation gratuite d\u00e8s maintenant.\" \/>\n<meta property=\"og:url\" content=\"https:\/\/fuster-associates.com\/fr\/services\/services-fiscaux\/regimes-fiscaux-des-entreprises-speciaux\/\" \/>\n<meta property=\"og:site_name\" content=\"Fuster &amp; Associates\" \/>\n<meta property=\"article:publisher\" content=\"https:\/\/www.facebook.com\/fusterspain\/\" \/>\n<meta property=\"article:modified_time\" content=\"2025-09-09T07:59:31+00:00\" \/>\n<meta property=\"og:image\" content=\"https:\/\/fuster-associates.com\/wp-content\/uploads\/2020\/02\/slide-fuster-standard.jpg\" \/>\n\t<meta property=\"og:image:width\" content=\"1920\" \/>\n\t<meta property=\"og:image:height\" content=\"1280\" \/>\n\t<meta property=\"og:image:type\" content=\"image\/jpeg\" \/>\n<meta name=\"twitter:card\" content=\"summary_large_image\" \/>\n<meta name=\"twitter:site\" content=\"@FusterSpain\" \/>\n<meta name=\"twitter:label1\" content=\"Dur\u00e9e de lecture estim\u00e9e\" \/>\n\t<meta name=\"twitter:data1\" content=\"1 minute\" \/>\n<script type=\"application\/ld+json\" class=\"yoast-schema-graph\">{\"@context\":\"https:\/\/schema.org\",\"@graph\":[{\"@type\":\"WebPage\",\"@id\":\"https:\/\/fuster-associates.com\/fr\/services\/services-fiscaux\/regimes-fiscaux-des-entreprises-speciaux\/\",\"url\":\"https:\/\/fuster-associates.com\/fr\/services\/services-fiscaux\/regimes-fiscaux-des-entreprises-speciaux\/\",\"name\":\"Aide fiscale aux entreprises en Espagne - Fuster & Associates\",\"isPartOf\":{\"@id\":\"https:\/\/fuster-associates.com\/fr\/#website\"},\"datePublished\":\"2025-07-16T10:47:53+00:00\",\"dateModified\":\"2025-09-09T07:59:31+00:00\",\"description\":\"B\u00e9n\u00e9ficiez d'une assistance compl\u00e8te en mati\u00e8re de conformit\u00e9 fiscale pour les entreprises, les ind\u00e9pendants et les pays \u00e9trangers en Espagne. R\u00e9servez votre consultation gratuite d\u00e8s maintenant.\",\"breadcrumb\":{\"@id\":\"https:\/\/fuster-associates.com\/fr\/services\/services-fiscaux\/regimes-fiscaux-des-entreprises-speciaux\/#breadcrumb\"},\"inLanguage\":\"fr-FR\",\"potentialAction\":[{\"@type\":\"ReadAction\",\"target\":[\"https:\/\/fuster-associates.com\/fr\/services\/services-fiscaux\/regimes-fiscaux-des-entreprises-speciaux\/\"]}]},{\"@type\":\"BreadcrumbList\",\"@id\":\"https:\/\/fuster-associates.com\/fr\/services\/services-fiscaux\/regimes-fiscaux-des-entreprises-speciaux\/#breadcrumb\",\"itemListElement\":[{\"@type\":\"ListItem\",\"position\":1,\"name\":\"Accueil\",\"item\":\"https:\/\/fuster-associates.com\/fr\/\"},{\"@type\":\"ListItem\",\"position\":2,\"name\":\"Services\",\"item\":\"https:\/\/fuster-associates.com\/fr\/services\/\"},{\"@type\":\"ListItem\",\"position\":3,\"name\":\"Services Fiscaux\",\"item\":\"https:\/\/fuster-associates.com\/fr\/services\/tax-services\/\"},{\"@type\":\"ListItem\",\"position\":4,\"name\":\"R\u00e9gimes Fiscaux Des Entreprises &amp; Sp\u00e9ciaux\"}]},{\"@type\":\"WebSite\",\"@id\":\"https:\/\/fuster-associates.com\/fr\/#website\",\"url\":\"https:\/\/fuster-associates.com\/fr\/\",\"name\":\"Fuster & Associates\",\"description\":\"Property Solicitors\",\"publisher\":{\"@id\":\"https:\/\/fuster-associates.com\/fr\/#organization\"},\"potentialAction\":[{\"@type\":\"SearchAction\",\"target\":{\"@type\":\"EntryPoint\",\"urlTemplate\":\"https:\/\/fuster-associates.com\/fr\/?s={search_term_string}\"},\"query-input\":{\"@type\":\"PropertyValueSpecification\",\"valueRequired\":true,\"valueName\":\"search_term_string\"}}],\"inLanguage\":\"fr-FR\"},{\"@type\":\"Organization\",\"@id\":\"https:\/\/fuster-associates.com\/fr\/#organization\",\"name\":\"FUSTER & ASSOCIATES\",\"url\":\"https:\/\/fuster-associates.com\/fr\/\",\"logo\":{\"@type\":\"ImageObject\",\"inLanguage\":\"fr-FR\",\"@id\":\"https:\/\/fuster-associates.com\/fr\/#\/schema\/logo\/image\/\",\"url\":\"https:\/\/fuster-associates.com\/wp-content\/uploads\/2018\/08\/logo-fuster-1.jpeg\",\"contentUrl\":\"https:\/\/fuster-associates.com\/wp-content\/uploads\/2018\/08\/logo-fuster-1.jpeg\",\"width\":180,\"height\":113,\"caption\":\"FUSTER & ASSOCIATES\"},\"image\":{\"@id\":\"https:\/\/fuster-associates.com\/fr\/#\/schema\/logo\/image\/\"},\"sameAs\":[\"https:\/\/www.facebook.com\/fusterspain\/\",\"https:\/\/x.com\/FusterSpain\",\"https:\/\/www.youtube.com\/channel\/UC2-kNuL1SoqlFizI47hmIOQ\",\"https:\/\/www.linkedin.com\/company\/fuster-&-associates\/\"]}]}<\/script>\n<!-- \/ Yoast SEO plugin. -->","yoast_head_json":{"title":"Aide fiscale aux entreprises en Espagne - Fuster & Associates","description":"B\u00e9n\u00e9ficiez d'une assistance compl\u00e8te en mati\u00e8re de conformit\u00e9 fiscale pour les entreprises, les ind\u00e9pendants et les pays \u00e9trangers en Espagne. R\u00e9servez votre consultation gratuite d\u00e8s maintenant.","robots":{"index":"index","follow":"follow","max-snippet":"max-snippet:-1","max-image-preview":"max-image-preview:large","max-video-preview":"max-video-preview:-1"},"canonical":"https:\/\/fuster-associates.com\/fr\/services\/services-fiscaux\/regimes-fiscaux-des-entreprises-speciaux\/","og_locale":"fr_FR","og_type":"article","og_title":"Aide fiscale aux entreprises en Espagne - Fuster & Associates","og_description":"B\u00e9n\u00e9ficiez d'une assistance compl\u00e8te en mati\u00e8re de conformit\u00e9 fiscale pour les entreprises, les ind\u00e9pendants et les pays \u00e9trangers en Espagne. R\u00e9servez votre consultation gratuite d\u00e8s maintenant.","og_url":"https:\/\/fuster-associates.com\/fr\/services\/services-fiscaux\/regimes-fiscaux-des-entreprises-speciaux\/","og_site_name":"Fuster &amp; Associates","article_publisher":"https:\/\/www.facebook.com\/fusterspain\/","article_modified_time":"2025-09-09T07:59:31+00:00","og_image":[{"width":1920,"height":1280,"url":"https:\/\/fuster-associates.com\/wp-content\/uploads\/2020\/02\/slide-fuster-standard.jpg","type":"image\/jpeg"}],"twitter_card":"summary_large_image","twitter_site":"@FusterSpain","twitter_misc":{"Dur\u00e9e de lecture estim\u00e9e":"1 minute"},"schema":{"@context":"https:\/\/schema.org","@graph":[{"@type":"WebPage","@id":"https:\/\/fuster-associates.com\/fr\/services\/services-fiscaux\/regimes-fiscaux-des-entreprises-speciaux\/","url":"https:\/\/fuster-associates.com\/fr\/services\/services-fiscaux\/regimes-fiscaux-des-entreprises-speciaux\/","name":"Aide fiscale aux entreprises en Espagne - Fuster & Associates","isPartOf":{"@id":"https:\/\/fuster-associates.com\/fr\/#website"},"datePublished":"2025-07-16T10:47:53+00:00","dateModified":"2025-09-09T07:59:31+00:00","description":"B\u00e9n\u00e9ficiez d'une assistance compl\u00e8te en mati\u00e8re de conformit\u00e9 fiscale pour les entreprises, les ind\u00e9pendants et les pays \u00e9trangers en Espagne. R\u00e9servez votre consultation gratuite d\u00e8s maintenant.","breadcrumb":{"@id":"https:\/\/fuster-associates.com\/fr\/services\/services-fiscaux\/regimes-fiscaux-des-entreprises-speciaux\/#breadcrumb"},"inLanguage":"fr-FR","potentialAction":[{"@type":"ReadAction","target":["https:\/\/fuster-associates.com\/fr\/services\/services-fiscaux\/regimes-fiscaux-des-entreprises-speciaux\/"]}]},{"@type":"BreadcrumbList","@id":"https:\/\/fuster-associates.com\/fr\/services\/services-fiscaux\/regimes-fiscaux-des-entreprises-speciaux\/#breadcrumb","itemListElement":[{"@type":"ListItem","position":1,"name":"Accueil","item":"https:\/\/fuster-associates.com\/fr\/"},{"@type":"ListItem","position":2,"name":"Services","item":"https:\/\/fuster-associates.com\/fr\/services\/"},{"@type":"ListItem","position":3,"name":"Services Fiscaux","item":"https:\/\/fuster-associates.com\/fr\/services\/tax-services\/"},{"@type":"ListItem","position":4,"name":"R\u00e9gimes Fiscaux Des Entreprises &amp; Sp\u00e9ciaux"}]},{"@type":"WebSite","@id":"https:\/\/fuster-associates.com\/fr\/#website","url":"https:\/\/fuster-associates.com\/fr\/","name":"Fuster & Associates","description":"Property Solicitors","publisher":{"@id":"https:\/\/fuster-associates.com\/fr\/#organization"},"potentialAction":[{"@type":"SearchAction","target":{"@type":"EntryPoint","urlTemplate":"https:\/\/fuster-associates.com\/fr\/?s={search_term_string}"},"query-input":{"@type":"PropertyValueSpecification","valueRequired":true,"valueName":"search_term_string"}}],"inLanguage":"fr-FR"},{"@type":"Organization","@id":"https:\/\/fuster-associates.com\/fr\/#organization","name":"FUSTER & ASSOCIATES","url":"https:\/\/fuster-associates.com\/fr\/","logo":{"@type":"ImageObject","inLanguage":"fr-FR","@id":"https:\/\/fuster-associates.com\/fr\/#\/schema\/logo\/image\/","url":"https:\/\/fuster-associates.com\/wp-content\/uploads\/2018\/08\/logo-fuster-1.jpeg","contentUrl":"https:\/\/fuster-associates.com\/wp-content\/uploads\/2018\/08\/logo-fuster-1.jpeg","width":180,"height":113,"caption":"FUSTER & ASSOCIATES"},"image":{"@id":"https:\/\/fuster-associates.com\/fr\/#\/schema\/logo\/image\/"},"sameAs":["https:\/\/www.facebook.com\/fusterspain\/","https:\/\/x.com\/FusterSpain","https:\/\/www.youtube.com\/channel\/UC2-kNuL1SoqlFizI47hmIOQ","https:\/\/www.linkedin.com\/company\/fuster-&-associates\/"]}]}},"_links":{"self":[{"href":"https:\/\/fuster-associates.com\/fr\/wp-json\/wp\/v2\/pages\/30471","targetHints":{"allow":["GET"]}}],"collection":[{"href":"https:\/\/fuster-associates.com\/fr\/wp-json\/wp\/v2\/pages"}],"about":[{"href":"https:\/\/fuster-associates.com\/fr\/wp-json\/wp\/v2\/types\/page"}],"author":[{"embeddable":true,"href":"https:\/\/fuster-associates.com\/fr\/wp-json\/wp\/v2\/users\/7"}],"replies":[{"embeddable":true,"href":"https:\/\/fuster-associates.com\/fr\/wp-json\/wp\/v2\/comments?post=30471"}],"version-history":[{"count":2,"href":"https:\/\/fuster-associates.com\/fr\/wp-json\/wp\/v2\/pages\/30471\/revisions"}],"predecessor-version":[{"id":33917,"href":"https:\/\/fuster-associates.com\/fr\/wp-json\/wp\/v2\/pages\/30471\/revisions\/33917"}],"up":[{"embeddable":true,"href":"https:\/\/fuster-associates.com\/fr\/wp-json\/wp\/v2\/pages\/28643"}],"wp:attachment":[{"href":"https:\/\/fuster-associates.com\/fr\/wp-json\/wp\/v2\/media?parent=30471"}],"curies":[{"name":"wp","href":"https:\/\/api.w.org\/{rel}","templated":true}]}}