{"id":28831,"date":"2025-02-14T12:44:33","date_gmt":"2025-02-14T11:44:33","guid":{"rendered":"https:\/\/fuster2.kustom.es\/closing-days\/"},"modified":"2026-01-15T08:45:19","modified_gmt":"2026-01-15T07:45:19","slug":"jours-de-fermeture","status":"publish","type":"page","link":"https:\/\/fuster-associates.com\/fr\/jours-de-fermeture\/","title":{"rendered":"Jours de fermeture"},"content":{"rendered":"\t\t<div data-elementor-type=\"wp-page\" data-elementor-id=\"28831\" class=\"elementor elementor-28831 elementor-22137\" data-elementor-post-type=\"page\">\n\t\t\t\t<div class=\"elementor-element elementor-element-03c0a92 e-flex e-con-boxed e-con e-parent\" data-id=\"03c0a92\" data-element_type=\"container\" data-e-type=\"container\" data-settings=\"{&quot;background_background&quot;:&quot;classic&quot;}\">\n\t\t\t\t\t<div class=\"e-con-inner\">\n\t\t\t\t<div class=\"elementor-element elementor-element-a504552 elementor-invisible elementor-widget elementor-widget-heading\" data-id=\"a504552\" data-element_type=\"widget\" data-e-type=\"widget\" data-settings=\"{&quot;_animation&quot;:&quot;fadeInDown&quot;}\" data-widget_type=\"heading.default\">\n\t\t\t\t\t<h1 class=\"elementor-heading-title elementor-size-default\">Jours de fermeture<\/h1>\t\t\t\t<\/div>\n\t\t\t\t<div class=\"elementor-element elementor-element-3cc2c73 elementor-invisible elementor-widget elementor-widget-breadcrumbs\" data-id=\"3cc2c73\" data-element_type=\"widget\" data-e-type=\"widget\" data-settings=\"{&quot;_animation&quot;:&quot;fadeInUp&quot;}\" data-widget_type=\"breadcrumbs.default\">\n\t\t\t\t\t<p id=\"breadcrumbs\"><span><span><a href=\"https:\/\/fuster-associates.com\/fr\/\">Accueil<\/a><\/span><\/span><\/p>\t\t\t\t<\/div>\n\t\t\t\t\t<\/div>\n\t\t\t\t<\/div>\n\t\t<div class=\"elementor-element elementor-element-527a8bb e-flex e-con-boxed e-con e-parent\" data-id=\"527a8bb\" data-element_type=\"container\" data-e-type=\"container\" data-settings=\"{&quot;background_motion_fx_devices&quot;:[&quot;widescreen&quot;,&quot;desktop&quot;,&quot;laptop&quot;,&quot;tablet_extra&quot;,&quot;tablet&quot;,&quot;mobile_extra&quot;,&quot;mobile&quot;]}\">\n\t\t\t\t\t<div class=\"e-con-inner\">\n\t\t\t\t<div class=\"elementor-element elementor-element-6e666b8 elementor-invisible elementor-widget elementor-widget-heading\" data-id=\"6e666b8\" data-element_type=\"widget\" data-e-type=\"widget\" data-settings=\"{&quot;_animation&quot;:&quot;fadeIn&quot;}\" data-widget_type=\"heading.default\">\n\t\t\t\t\t<h3 class=\"elementor-heading-title elementor-size-default\">Jours de fermeture par bureau<\/h3>\t\t\t\t<\/div>\n\t\t<div class=\"elementor-element elementor-element-b100051 e-con-full e-grid e-con e-child\" data-id=\"b100051\" data-element_type=\"container\" data-e-type=\"container\">\n\t\t<div class=\"elementor-element elementor-element-344fa1d e-con-full e-flex elementor-invisible e-con e-child\" data-id=\"344fa1d\" data-element_type=\"container\" data-e-type=\"container\" data-settings=\"{&quot;background_background&quot;:&quot;classic&quot;,&quot;animation&quot;:&quot;fadeInUp&quot;}\">\n\t\t\t\t<div class=\"elementor-element elementor-element-8ec4901 elementor-widget elementor-widget-heading\" data-id=\"8ec4901\" data-element_type=\"widget\" data-e-type=\"widget\" data-widget_type=\"heading.default\">\n\t\t\t\t\t<h4 class=\"elementor-heading-title elementor-size-default\">San Juan de los Terreros, Pulp\u00ed<\/h4>\t\t\t\t<\/div>\n\t\t\t\t<div class=\"elementor-element elementor-element-9ca36a2 elementor-widget elementor-widget-text-editor\" data-id=\"9ca36a2\" data-element_type=\"widget\" data-e-type=\"widget\" data-widget_type=\"text-editor.default\">\n\t\t\t\t\t\t\t\t\t<ul><li>1er janvier (jour de l\u2019An)<\/li><li>6 janvier (\u00c9piphanie du Seigneur)<\/li><li>28 f\u00e9vrier (Journ\u00e9e de l\u2019Andalousie)<\/li><li>27 mars (f\u00eate locale \u00e0 San Juan de los Terreros-Pulp\u00ed)<\/li><li>2 avril (Jeudi saint)<\/li><li>3 avril (Vendredi saint)<\/li><li>1er mai (f\u00eate du Travail)<\/li><li>24 juin (San Juan)<\/li><li>15 ao\u00fbt (Assomption de la Vierge)<\/li><li>17 au 31 ao\u00fbt (vacances d\u2019\u00e9t\u00e9)<\/li><li>29 septembre (f\u00eate locale \u00e0 San Juan de los Terreros-Pulp\u00ed)<\/li><li>12 octobre (Journ\u00e9e hispanique)<\/li><li>2 novembre (lundi apr\u00e8s la Toussaint)<\/li><li>7 d\u00e9cembre (lundi apr\u00e8s la f\u00eate de la Constitution espagnole)<\/li><li>8 d\u00e9cembre (Immacul\u00e9e Conception)<\/li><\/ul><p><strong>Vacances de No\u00ebl :<\/strong> du 24 d\u00e9cembre au 7 janvier 2027 inclus.<\/p>\t\t\t\t\t\t\t\t<\/div>\n\t\t\t\t<\/div>\n\t\t<div class=\"elementor-element elementor-element-ae98645 e-con-full e-flex elementor-invisible e-con e-child\" data-id=\"ae98645\" data-element_type=\"container\" data-e-type=\"container\" data-settings=\"{&quot;background_background&quot;:&quot;classic&quot;,&quot;animation&quot;:&quot;fadeInUp&quot;}\">\n\t\t\t\t<div class=\"elementor-element elementor-element-be252d8 elementor-widget elementor-widget-heading\" data-id=\"be252d8\" data-element_type=\"widget\" data-e-type=\"widget\" data-widget_type=\"heading.default\">\n\t\t\t\t\t<h4 class=\"elementor-heading-title elementor-size-default\">Los Alc\u00e1zares, Murcia<\/h4>\t\t\t\t<\/div>\n\t\t\t\t<div class=\"elementor-element elementor-element-8289a49 elementor-widget elementor-widget-text-editor\" data-id=\"8289a49\" data-element_type=\"widget\" data-e-type=\"widget\" data-widget_type=\"text-editor.default\">\n\t\t\t\t\t\t\t\t\t<ul><li>1er janvier (jour de l\u2019An)<\/li><li>6 janvier (\u00c9piphanie du Seigneur)<\/li><li>19 mars (Saint-Joseph)<\/li><li>2 avril (Jeudi saint)<\/li><li>3 avril (Vendredi saint)<\/li><li>6 avril (jour f\u00e9ri\u00e9 local \u00e0 Los Alc\u00e1zares)<\/li><li>1er mai (f\u00eate du Travail)<\/li><li>9 juin (Journ\u00e9e de la r\u00e9gion de Murcie)<\/li><li>15 ao\u00fbt (Assomption de la Vierge)<\/li><li>17 au 31 ao\u00fbt (vacances d\u2019\u00e9t\u00e9)<\/li><li>12 octobre (Journ\u00e9e hispanique)<\/li><li>13 octobre (f\u00eate locale \u00e0 Los Alc\u00e1zares)<\/li><li>7 d\u00e9cembre (lundi apr\u00e8s la f\u00eate de la Constitution espagnole)<\/li><li>8 d\u00e9cembre (Immacul\u00e9e Conception)<\/li><\/ul><p><strong>Vacances de No\u00ebl :<\/strong> du 24 d\u00e9cembre au 7 janvier 2027 inclus.<\/p>\t\t\t\t\t\t\t\t<\/div>\n\t\t\t\t<\/div>\n\t\t<div class=\"elementor-element elementor-element-5311d31 e-con-full e-flex elementor-invisible e-con e-child\" data-id=\"5311d31\" data-element_type=\"container\" data-e-type=\"container\" data-settings=\"{&quot;background_background&quot;:&quot;classic&quot;,&quot;animation&quot;:&quot;fadeInUp&quot;}\">\n\t\t\t\t<div class=\"elementor-element elementor-element-5ac5e3c elementor-widget elementor-widget-heading\" data-id=\"5ac5e3c\" data-element_type=\"widget\" data-e-type=\"widget\" data-widget_type=\"heading.default\">\n\t\t\t\t\t<h4 class=\"elementor-heading-title elementor-size-default\">Murcia, Murcia<\/h4>\t\t\t\t<\/div>\n\t\t\t\t<div class=\"elementor-element elementor-element-a59d780 elementor-widget elementor-widget-text-editor\" data-id=\"a59d780\" data-element_type=\"widget\" data-e-type=\"widget\" data-widget_type=\"text-editor.default\">\n\t\t\t\t\t\t\t\t\t<ul><li>1er janvier (jour de l\u2019An)<\/li><li>6 janvier (\u00c9piphanie)<\/li><li>19 mars (jour de la Saint-Joseph)<\/li><li>2 avril (Jeudi saint)<\/li><li>3 avril (Vendredi saint)<\/li><li>7 avril (F\u00eate locale \u00e0 Murcie)<\/li><li>1er mai (f\u00eate du Travail)<\/li><li>9 juin (Journ\u00e9e de la r\u00e9gion de Murcie)<\/li><li>15 ao\u00fbt (Assomption de la Vierge)<\/li><li>17 au 31 ao\u00fbt (vacances d\u2019\u00e9t\u00e9)<\/li><li>15 septembre (f\u00eate locale \u00e0 Murcie)<\/li><li>12 octobre (Journ\u00e9e hispanique)<\/li><li>7 d\u00e9cembre (lundi apr\u00e8s la f\u00eate de la Constitution espagnole)<\/li><li>8 d\u00e9cembre (Immacul\u00e9e Conception)<\/li><\/ul><p><strong>Vacances de No\u00ebl :<\/strong> du 24 d\u00e9cembre au 7 janvier 2027 inclus.<\/p>\t\t\t\t\t\t\t\t<\/div>\n\t\t\t\t<\/div>\n\t\t<div class=\"elementor-element elementor-element-7c91ae4 e-con-full e-flex elementor-invisible e-con e-child\" data-id=\"7c91ae4\" data-element_type=\"container\" data-e-type=\"container\" data-settings=\"{&quot;background_background&quot;:&quot;classic&quot;,&quot;animation&quot;:&quot;fadeInUp&quot;}\">\n\t\t\t\t<div class=\"elementor-element elementor-element-aa67b53 elementor-widget elementor-widget-heading\" data-id=\"aa67b53\" data-element_type=\"widget\" data-e-type=\"widget\" data-widget_type=\"heading.default\">\n\t\t\t\t\t<h4 class=\"elementor-heading-title elementor-size-default\">La Zenia, Alicante<\/h4>\t\t\t\t<\/div>\n\t\t\t\t<div class=\"elementor-element elementor-element-9160f2b elementor-widget elementor-widget-text-editor\" data-id=\"9160f2b\" data-element_type=\"widget\" data-e-type=\"widget\" data-widget_type=\"text-editor.default\">\n\t\t\t\t\t\t\t\t\t<ul><li>1er janvier (jour de l\u2019An)<\/li><li>6 janvier (\u00c9piphanie du Seigneur)<\/li><li>19 mars (Saint-Joseph)<\/li><li>3 avril (Vendredi saint)<\/li><li>6 avril (Lundi de P\u00e2ques)<\/li><li>1er mai (f\u00eate du Travail)<\/li><li>24 juin (San Juan)<\/li><li>17 juillet (F\u00eate locale Orihuela \u2013 La Zenia)<\/li><li>15 ao\u00fbt (Assomption de la Vierge)<\/li><li>17 au 31 ao\u00fbt (vacances d\u2019\u00e9t\u00e9)<\/li><li>8 septembre (F\u00eate locale \u00e0 Orihuela \u2013 La Zenia)<\/li><li>9 octobre (Journ\u00e9e de la Communaut\u00e9 valencienne)<\/li><li>12 octobre (Journ\u00e9e hispanique)<\/li><li>7 d\u00e9cembre (lundi apr\u00e8s la f\u00eate de la Constitution espagnole)<\/li><li>8 d\u00e9cembre (Immacul\u00e9e Conception)<\/li><\/ul><p><strong>Vacances de No\u00ebl :<\/strong> du 24 d\u00e9cembre au 7 janvier 2027 inclus.<\/p>\t\t\t\t\t\t\t\t<\/div>\n\t\t\t\t<\/div>\n\t\t<div class=\"elementor-element elementor-element-f8ed16a e-con-full e-flex elementor-invisible e-con e-child\" data-id=\"f8ed16a\" data-element_type=\"container\" data-e-type=\"container\" data-settings=\"{&quot;background_background&quot;:&quot;classic&quot;,&quot;animation&quot;:&quot;fadeInUp&quot;}\">\n\t\t\t\t<div class=\"elementor-element elementor-element-604fd35 elementor-widget elementor-widget-heading\" data-id=\"604fd35\" data-element_type=\"widget\" data-e-type=\"widget\" data-widget_type=\"heading.default\">\n\t\t\t\t\t<h4 class=\"elementor-heading-title elementor-size-default\">Finestrat, Alicante<\/h4>\t\t\t\t<\/div>\n\t\t\t\t<div class=\"elementor-element elementor-element-9d21ecb elementor-widget elementor-widget-text-editor\" data-id=\"9d21ecb\" data-element_type=\"widget\" data-e-type=\"widget\" data-widget_type=\"text-editor.default\">\n\t\t\t\t\t\t\t\t\t<ul><li>1er janvier (jour de l\u2019An)<\/li><li>6 janvier (\u00c9piphanie du Seigneur)<\/li><li>19 mars (Saint-Joseph)<\/li><li>3 avril (Vendredi saint)<\/li><li>6 avril (Lundi de P\u00e2ques)<\/li><li>1er mai (f\u00eate du Travail)<\/li><li>24 juin (San Juan)<\/li><li>15 ao\u00fbt (Assomption de la Vierge)<\/li><li>17 au 31 ao\u00fbt (vacances d\u2019\u00e9t\u00e9)<\/li><li>21 et 24 ao\u00fbt (f\u00eate locale \u00e0 Finestrat)<\/li><li>9 octobre (Journ\u00e9e de la Communaut\u00e9 valencienne)<\/li><li>12 octobre (Journ\u00e9e hispanique)<\/li><li>7 d\u00e9cembre (lundi apr\u00e8s la f\u00eate de la Constitution espagnole)<\/li><li>8 d\u00e9cembre (Immacul\u00e9e Conception)<\/li><\/ul><p><strong>Vacances de No\u00ebl :<\/strong> du 24 d\u00e9cembre au 7 janvier 2027 inclus.<\/p>\t\t\t\t\t\t\t\t<\/div>\n\t\t\t\t<\/div>\n\t\t<div class=\"elementor-element elementor-element-91040bf e-con-full e-flex elementor-invisible e-con e-child\" data-id=\"91040bf\" data-element_type=\"container\" data-e-type=\"container\" data-settings=\"{&quot;background_background&quot;:&quot;classic&quot;,&quot;animation&quot;:&quot;fadeInUp&quot;}\">\n\t\t\t\t<div class=\"elementor-element elementor-element-111eb10 elementor-widget elementor-widget-heading\" data-id=\"111eb10\" data-element_type=\"widget\" data-e-type=\"widget\" data-widget_type=\"heading.default\">\n\t\t\t\t\t<h4 class=\"elementor-heading-title elementor-size-default\">Teulada, Alicante<\/h4>\t\t\t\t<\/div>\n\t\t\t\t<div class=\"elementor-element elementor-element-378e2fc elementor-widget elementor-widget-text-editor\" data-id=\"378e2fc\" data-element_type=\"widget\" data-e-type=\"widget\" data-widget_type=\"text-editor.default\">\n\t\t\t\t\t\t\t\t\t<ul>\n<li>1er janvier (jour de l\u2019An)<\/li>\n<li>6 janvier (\u00c9piphanie du Seigneur)<\/li>\n<li>19 mars (Saint-Joseph)<\/li>\n<li>3 avril (Vendredi saint)<\/li>\n<li>6 avril (Lundi de P\u00e2ques)<\/li>\n<li>13 avril (F\u00eate locale \u00e0 Teulada)<\/li>\n<li>1er mai (f\u00eate du Travail)<\/li>\n<li>24 juin (San Juan)<\/li>\n<li>15 juillet (f\u00eate locale \u00e0 Teulada)<\/li>\n<li>15 ao\u00fbt (Assomption de la Vierge)<\/li>\n<li>17 au 31 ao\u00fbt (vacances d\u2019\u00e9t\u00e9)<\/li>\n<li>9 octobre (Journ\u00e9e de la Communaut\u00e9 valencienne)<\/li>\n<li>7 d\u00e9cembre (lundi apr\u00e8s la f\u00eate de la Constitution espagnole)<\/li>\n<li>8 d\u00e9cembre (Immacul\u00e9e Conception)<\/li>\n<\/ul>\n<p><strong>Vacances de No\u00ebl :<\/strong> du 24 d\u00e9cembre au 7 janvier 2027 inclus.<\/p>\t\t\t\t\t\t\t\t<\/div>\n\t\t\t\t<\/div>\n\t\t\t\t<\/div>\n\t\t\t\t\t<\/div>\n\t\t\t\t<\/div>\n\t\t\t\t<\/div>\n\t\t","protected":false},"excerpt":{"rendered":"<p>Jours de fermeture par bureau San Juan de los Terreros, Pulp\u00ed 1er janvier (jour de l\u2019An) 6 janvier (\u00c9piphanie du Seigneur) 28 f\u00e9vrier (Journ\u00e9e de l\u2019Andalousie) 27 mars (f\u00eate locale \u00e0 San Juan de los Terreros-Pulp\u00ed) 2 avril (Jeudi saint) 3 avril (Vendredi saint) 1er mai (f\u00eate du Travail) 24 juin (San Juan) 15 ao\u00fbt [&hellip;]<\/p>\n","protected":false},"author":1,"featured_media":0,"parent":0,"menu_order":0,"comment_status":"closed","ping_status":"closed","template":"","meta":{"content-type":"","_sitemap_exclude":false,"_sitemap_priority":"","_sitemap_frequency":"","footnotes":""},"class_list":["post-28831","page","type-page","status-publish","hentry"],"yoast_head":"<!-- This site is optimized with the Yoast SEO plugin v27.4 - https:\/\/yoast.com\/product\/yoast-seo-wordpress\/ -->\n<title>Jours de fermeture - Fuster &amp; Associates<\/title>\n<meta name=\"robots\" content=\"index, follow, max-snippet:-1, max-image-preview:large, max-video-preview:-1\" \/>\n<link rel=\"canonical\" href=\"https:\/\/fuster-associates.com\/fr\/jours-de-fermeture\/\" \/>\n<meta property=\"og:locale\" content=\"fr_FR\" \/>\n<meta property=\"og:type\" content=\"article\" \/>\n<meta property=\"og:title\" content=\"Jours de fermeture - Fuster &amp; Associates\" \/>\n<meta property=\"og:description\" content=\"Jours de fermeture par bureau San Juan de los Terreros, Pulp\u00ed 1er janvier (jour de l\u2019An) 6 janvier (\u00c9piphanie du Seigneur) 28 f\u00e9vrier (Journ\u00e9e de l\u2019Andalousie) 27 mars (f\u00eate locale \u00e0 San Juan de los Terreros-Pulp\u00ed) 2 avril (Jeudi saint) 3 avril (Vendredi saint) 1er mai (f\u00eate du Travail) 24 juin (San Juan) 15 ao\u00fbt [&hellip;]\" \/>\n<meta property=\"og:url\" content=\"https:\/\/fuster-associates.com\/fr\/jours-de-fermeture\/\" \/>\n<meta property=\"og:site_name\" content=\"Fuster &amp; Associates\" \/>\n<meta property=\"article:publisher\" content=\"https:\/\/www.facebook.com\/fusterspain\/\" \/>\n<meta property=\"article:modified_time\" content=\"2026-01-15T07:45:19+00:00\" \/>\n<meta property=\"og:image\" content=\"https:\/\/fuster-associates.com\/wp-content\/uploads\/2020\/02\/slide-fuster-standard.jpg\" \/>\n\t<meta property=\"og:image:width\" content=\"1920\" \/>\n\t<meta property=\"og:image:height\" content=\"1280\" \/>\n\t<meta property=\"og:image:type\" content=\"image\/jpeg\" \/>\n<meta name=\"twitter:card\" content=\"summary_large_image\" \/>\n<meta name=\"twitter:site\" content=\"@FusterSpain\" \/>\n<meta name=\"twitter:label1\" content=\"Dur\u00e9e de lecture estim\u00e9e\" \/>\n\t<meta name=\"twitter:data1\" content=\"3 minutes\" \/>\n<script type=\"application\/ld+json\" class=\"yoast-schema-graph\">{\"@context\":\"https:\\\/\\\/schema.org\",\"@graph\":[{\"@type\":\"WebPage\",\"@id\":\"https:\\\/\\\/fuster-associates.com\\\/fr\\\/jours-de-fermeture\\\/\",\"url\":\"https:\\\/\\\/fuster-associates.com\\\/fr\\\/jours-de-fermeture\\\/\",\"name\":\"Jours de fermeture - Fuster &amp; Associates\",\"isPartOf\":{\"@id\":\"https:\\\/\\\/fuster-associates.com\\\/fr\\\/#website\"},\"datePublished\":\"2025-02-14T11:44:33+00:00\",\"dateModified\":\"2026-01-15T07:45:19+00:00\",\"breadcrumb\":{\"@id\":\"https:\\\/\\\/fuster-associates.com\\\/fr\\\/jours-de-fermeture\\\/#breadcrumb\"},\"inLanguage\":\"fr-FR\",\"potentialAction\":[{\"@type\":\"ReadAction\",\"target\":[\"https:\\\/\\\/fuster-associates.com\\\/fr\\\/jours-de-fermeture\\\/\"]}]},{\"@type\":\"BreadcrumbList\",\"@id\":\"https:\\\/\\\/fuster-associates.com\\\/fr\\\/jours-de-fermeture\\\/#breadcrumb\",\"itemListElement\":[{\"@type\":\"ListItem\",\"position\":1,\"name\":\"Accueil\",\"item\":\"https:\\\/\\\/fuster-associates.com\\\/fr\\\/\"},{\"@type\":\"ListItem\",\"position\":2,\"name\":\"Jours de fermeture\"}]},{\"@type\":\"WebSite\",\"@id\":\"https:\\\/\\\/fuster-associates.com\\\/fr\\\/#website\",\"url\":\"https:\\\/\\\/fuster-associates.com\\\/fr\\\/\",\"name\":\"Fuster & Associates\",\"description\":\"Property Solicitors\",\"publisher\":{\"@id\":\"https:\\\/\\\/fuster-associates.com\\\/fr\\\/#organization\"},\"potentialAction\":[{\"@type\":\"SearchAction\",\"target\":{\"@type\":\"EntryPoint\",\"urlTemplate\":\"https:\\\/\\\/fuster-associates.com\\\/fr\\\/?s={search_term_string}\"},\"query-input\":{\"@type\":\"PropertyValueSpecification\",\"valueRequired\":true,\"valueName\":\"search_term_string\"}}],\"inLanguage\":\"fr-FR\"},{\"@type\":\"Organization\",\"@id\":\"https:\\\/\\\/fuster-associates.com\\\/fr\\\/#organization\",\"name\":\"FUSTER & ASSOCIATES\",\"url\":\"https:\\\/\\\/fuster-associates.com\\\/fr\\\/\",\"logo\":{\"@type\":\"ImageObject\",\"inLanguage\":\"fr-FR\",\"@id\":\"https:\\\/\\\/fuster-associates.com\\\/fr\\\/#\\\/schema\\\/logo\\\/image\\\/\",\"url\":\"https:\\\/\\\/fuster-associates.com\\\/wp-content\\\/uploads\\\/2018\\\/08\\\/logo-fuster-1.jpeg\",\"contentUrl\":\"https:\\\/\\\/fuster-associates.com\\\/wp-content\\\/uploads\\\/2018\\\/08\\\/logo-fuster-1.jpeg\",\"width\":180,\"height\":113,\"caption\":\"FUSTER & ASSOCIATES\"},\"image\":{\"@id\":\"https:\\\/\\\/fuster-associates.com\\\/fr\\\/#\\\/schema\\\/logo\\\/image\\\/\"},\"sameAs\":[\"https:\\\/\\\/www.facebook.com\\\/fusterspain\\\/\",\"https:\\\/\\\/x.com\\\/FusterSpain\",\"https:\\\/\\\/www.youtube.com\\\/channel\\\/UC2-kNuL1SoqlFizI47hmIOQ\",\"https:\\\/\\\/www.linkedin.com\\\/company\\\/fuster-&-associates\\\/\"]}]}<\/script>\n<!-- \/ Yoast SEO plugin. -->","yoast_head_json":{"title":"Jours de fermeture - Fuster &amp; Associates","robots":{"index":"index","follow":"follow","max-snippet":"max-snippet:-1","max-image-preview":"max-image-preview:large","max-video-preview":"max-video-preview:-1"},"canonical":"https:\/\/fuster-associates.com\/fr\/jours-de-fermeture\/","og_locale":"fr_FR","og_type":"article","og_title":"Jours de fermeture - Fuster &amp; Associates","og_description":"Jours de fermeture par bureau San Juan de los Terreros, Pulp\u00ed 1er janvier (jour de l\u2019An) 6 janvier (\u00c9piphanie du Seigneur) 28 f\u00e9vrier (Journ\u00e9e de l\u2019Andalousie) 27 mars (f\u00eate locale \u00e0 San Juan de los Terreros-Pulp\u00ed) 2 avril (Jeudi saint) 3 avril (Vendredi saint) 1er mai (f\u00eate du Travail) 24 juin (San Juan) 15 ao\u00fbt [&hellip;]","og_url":"https:\/\/fuster-associates.com\/fr\/jours-de-fermeture\/","og_site_name":"Fuster &amp; Associates","article_publisher":"https:\/\/www.facebook.com\/fusterspain\/","article_modified_time":"2026-01-15T07:45:19+00:00","og_image":[{"width":1920,"height":1280,"url":"https:\/\/fuster-associates.com\/wp-content\/uploads\/2020\/02\/slide-fuster-standard.jpg","type":"image\/jpeg"}],"twitter_card":"summary_large_image","twitter_site":"@FusterSpain","twitter_misc":{"Dur\u00e9e de lecture estim\u00e9e":"3 minutes"},"schema":{"@context":"https:\/\/schema.org","@graph":[{"@type":"WebPage","@id":"https:\/\/fuster-associates.com\/fr\/jours-de-fermeture\/","url":"https:\/\/fuster-associates.com\/fr\/jours-de-fermeture\/","name":"Jours de fermeture - Fuster &amp; Associates","isPartOf":{"@id":"https:\/\/fuster-associates.com\/fr\/#website"},"datePublished":"2025-02-14T11:44:33+00:00","dateModified":"2026-01-15T07:45:19+00:00","breadcrumb":{"@id":"https:\/\/fuster-associates.com\/fr\/jours-de-fermeture\/#breadcrumb"},"inLanguage":"fr-FR","potentialAction":[{"@type":"ReadAction","target":["https:\/\/fuster-associates.com\/fr\/jours-de-fermeture\/"]}]},{"@type":"BreadcrumbList","@id":"https:\/\/fuster-associates.com\/fr\/jours-de-fermeture\/#breadcrumb","itemListElement":[{"@type":"ListItem","position":1,"name":"Accueil","item":"https:\/\/fuster-associates.com\/fr\/"},{"@type":"ListItem","position":2,"name":"Jours de fermeture"}]},{"@type":"WebSite","@id":"https:\/\/fuster-associates.com\/fr\/#website","url":"https:\/\/fuster-associates.com\/fr\/","name":"Fuster & Associates","description":"Property Solicitors","publisher":{"@id":"https:\/\/fuster-associates.com\/fr\/#organization"},"potentialAction":[{"@type":"SearchAction","target":{"@type":"EntryPoint","urlTemplate":"https:\/\/fuster-associates.com\/fr\/?s={search_term_string}"},"query-input":{"@type":"PropertyValueSpecification","valueRequired":true,"valueName":"search_term_string"}}],"inLanguage":"fr-FR"},{"@type":"Organization","@id":"https:\/\/fuster-associates.com\/fr\/#organization","name":"FUSTER & ASSOCIATES","url":"https:\/\/fuster-associates.com\/fr\/","logo":{"@type":"ImageObject","inLanguage":"fr-FR","@id":"https:\/\/fuster-associates.com\/fr\/#\/schema\/logo\/image\/","url":"https:\/\/fuster-associates.com\/wp-content\/uploads\/2018\/08\/logo-fuster-1.jpeg","contentUrl":"https:\/\/fuster-associates.com\/wp-content\/uploads\/2018\/08\/logo-fuster-1.jpeg","width":180,"height":113,"caption":"FUSTER & ASSOCIATES"},"image":{"@id":"https:\/\/fuster-associates.com\/fr\/#\/schema\/logo\/image\/"},"sameAs":["https:\/\/www.facebook.com\/fusterspain\/","https:\/\/x.com\/FusterSpain","https:\/\/www.youtube.com\/channel\/UC2-kNuL1SoqlFizI47hmIOQ","https:\/\/www.linkedin.com\/company\/fuster-&-associates\/"]}]}},"_links":{"self":[{"href":"https:\/\/fuster-associates.com\/fr\/wp-json\/wp\/v2\/pages\/28831","targetHints":{"allow":["GET"]}}],"collection":[{"href":"https:\/\/fuster-associates.com\/fr\/wp-json\/wp\/v2\/pages"}],"about":[{"href":"https:\/\/fuster-associates.com\/fr\/wp-json\/wp\/v2\/types\/page"}],"author":[{"embeddable":true,"href":"https:\/\/fuster-associates.com\/fr\/wp-json\/wp\/v2\/users\/1"}],"replies":[{"embeddable":true,"href":"https:\/\/fuster-associates.com\/fr\/wp-json\/wp\/v2\/comments?post=28831"}],"version-history":[{"count":10,"href":"https:\/\/fuster-associates.com\/fr\/wp-json\/wp\/v2\/pages\/28831\/revisions"}],"predecessor-version":[{"id":36184,"href":"https:\/\/fuster-associates.com\/fr\/wp-json\/wp\/v2\/pages\/28831\/revisions\/36184"}],"wp:attachment":[{"href":"https:\/\/fuster-associates.com\/fr\/wp-json\/wp\/v2\/media?parent=28831"}],"curies":[{"name":"wp","href":"https:\/\/api.w.org\/{rel}","templated":true}]}}