{"id":28511,"date":"2025-02-19T11:00:29","date_gmt":"2025-02-19T10:00:29","guid":{"rendered":"https:\/\/fuster2.kustom.es\/privacy-policy\/"},"modified":"2025-10-09T09:10:09","modified_gmt":"2025-10-09T07:10:09","slug":"politique-de-confidentialite","status":"publish","type":"page","link":"https:\/\/fuster-associates.com\/fr\/politique-de-confidentialite\/","title":{"rendered":"Politique de confidentialit\u00e9"},"content":{"rendered":"\t\t<div data-elementor-type=\"wp-page\" data-elementor-id=\"28511\" class=\"elementor elementor-28511 elementor-22494\" data-elementor-post-type=\"page\">\n\t\t\t\t<div class=\"elementor-element elementor-element-2703dec e-flex e-con-boxed e-con e-parent\" data-id=\"2703dec\" data-element_type=\"container\" data-e-type=\"container\" data-settings=\"{&quot;background_background&quot;:&quot;classic&quot;}\">\n\t\t\t\t\t<div class=\"e-con-inner\">\n\t\t\t\t<div class=\"elementor-element elementor-element-5f8ab14 elementor-invisible elementor-widget elementor-widget-heading\" data-id=\"5f8ab14\" data-element_type=\"widget\" data-e-type=\"widget\" data-settings=\"{&quot;_animation&quot;:&quot;fadeInDown&quot;}\" data-widget_type=\"heading.default\">\n\t\t\t\t\t<h1 class=\"elementor-heading-title elementor-size-default\">Politique de confidentialit\u00e9<\/h1>\t\t\t\t<\/div>\n\t\t\t\t<div class=\"elementor-element elementor-element-34f0089 elementor-invisible elementor-widget elementor-widget-breadcrumbs\" data-id=\"34f0089\" data-element_type=\"widget\" data-e-type=\"widget\" data-settings=\"{&quot;_animation&quot;:&quot;fadeInUp&quot;}\" data-widget_type=\"breadcrumbs.default\">\n\t\t\t\t\t<p id=\"breadcrumbs\"><span><span><a href=\"https:\/\/fuster-associates.com\/fr\/\">Accueil<\/a><\/span><\/span><\/p>\t\t\t\t<\/div>\n\t\t\t\t\t<\/div>\n\t\t\t\t<\/div>\n\t\t<div class=\"elementor-element elementor-element-75b458b e-flex e-con-boxed e-con e-parent\" data-id=\"75b458b\" data-element_type=\"container\" data-e-type=\"container\" data-settings=\"{&quot;background_background&quot;:&quot;classic&quot;}\">\n\t\t\t\t\t<div class=\"e-con-inner\">\n\t\t\t\t<div class=\"elementor-element elementor-element-505e657 elementor-invisible elementor-widget elementor-widget-text-editor\" data-id=\"505e657\" data-element_type=\"widget\" data-e-type=\"widget\" data-settings=\"{&quot;_animation&quot;:&quot;fadeInUp&quot;}\" data-widget_type=\"text-editor.default\">\n\t\t\t\t\t\t\t\t\t<p>FUSTER CONSULTING, S.L., est particuli\u00e8rement consciente de l\u2019importance de la protection des donn\u00e9es \u00e0 caract\u00e8re personnel des utilisateurs des services du site web.<\/p><p>Par le biais de la pr\u00e9sente politique de confidentialit\u00e9 (ci-apr\u00e8s d\u00e9nomm\u00e9e politique de protection des donn\u00e9es), FUSTER CONSULTING, S.L., informe les utilisateurs du web : https:\/\/fuster-associates.com, de la mani\u00e8re dont les donn\u00e9es personnelles collect\u00e9es sur le web sont utilis\u00e9es afin qu\u2019ils puissent d\u00e9cider librement et volontairement s\u2019ils souhaitent fournir les informations demand\u00e9es.<\/p><p>FUSTER CONSULTING, S.L., se r\u00e9serve le droit de modifier cette politique afin de l\u2019adapter \u00e0 la nouvelle l\u00e9gislation, aux crit\u00e8res jurisprudentiels, aux informations relatives au secteur ou d\u2019int\u00e9r\u00eat pour l\u2019entit\u00e9. Toute modification \u00e0 effectuer sera mise \u00e0 disposition, avec le pr\u00e9avis requis, afin que le contenu complet de ces modifications puisse \u00eatre connu.<\/p><h5>\u2022 ORGANISME RESPONSABLE<\/h5><p>Le traitement des donn\u00e9es \u00e0 caract\u00e8re personnel rel\u00e8ve de la responsabilit\u00e9 de ;<\/p><p>FUSTER CONSULTING, S.L.,<\/p><p>domicili\u00e9 \u00e0 Avenida de La Libertad, 301 \u2013 1\u00aa planta P.6 CP 30710 Los Alc\u00e1zares (Murcie). T\u00e9l. : (+34 968575650) et e-mail : info@fuster-associates.com<\/p><h5>\u2022 POURQUOI L\u2019INFORMATION EST RECUEILLIE<\/h5><p>Les informations \u00e0 caract\u00e8re personnel sont recueillies par le biais des diff\u00e9rents formulaires et documents qui appartiennent \u00e0 FUSTER CONSULTING, S.L., et qui sont mis \u00e0 la disposition des utilisateurs, afin de pouvoir g\u00e9rer et traiter les demandes d\u2019informations, les doutes, les plaintes, les f\u00e9licitations ou les suggestions formul\u00e9es en ce qui concerne les publications ou tout autre service ou travail, acte ou \u00e9v\u00e9nement pr\u00eat\u00e9, offert, approuv\u00e9 et\/ou sponsoris\u00e9 par FUSTER CONSULTING, S.L.\u00a0<\/p><h5>\u2022 P\u00c9RIODE DE CONSERVATION<\/h5><p>Les donn\u00e9es personnelles fournies seront conserv\u00e9es pendant la dur\u00e9e l\u00e9galement stipul\u00e9e ou aussi longtemps que l\u2019int\u00e9ress\u00e9 ne demande pas la suppression de ces informations et qu\u2019il est en droit de le faire.<\/p><h5>\u2022L\u00c9GITIMATION<\/h5><p>FUSTER CONSULTING, S.L., est l\u00e9gitim\u00e9e pour traiter les donn\u00e9es personnelles, sur la base du consentement donn\u00e9 par l\u2019int\u00e9ress\u00e9 pour un ou plusieurs des besoins sp\u00e9cifiques tels que d\u00e9finis \u00e0 l\u2019article 6.1 a) du R\u00e8glement g\u00e9n\u00e9ral de protection des donn\u00e9es personnelles. Les donn\u00e9es de contact peuvent \u00eatre trait\u00e9es et utilis\u00e9es conform\u00e9ment \u00e0 l&rsquo;objet du formulaire en question. Exemple : si vous vous inscrivez \u00e0 une newsletter, votre adresse e-mail pourra \u00eatre utilis\u00e9e pour l&rsquo;envoi de cette newsletter, et \u00e0 cette fin, aucun consentement explicite ne sera n\u00e9cessaire, \u00e9tant donn\u00e9 que cela d\u00e9coule de l&rsquo;objet\/la finalit\u00e9 dudit formulaire\/cette fonctionnalit\u00e9.\u00a0<\/p><h5>\u2022 EXACTITUDE DES DONN\u00c9ES<\/h5><p>Afin que les donn\u00e9es transmises \u00e0 nos fichiers, qu\u2019elles soient informatis\u00e9es ou sur papier, refl\u00e8tent toujours la r\u00e9alit\u00e9 des informations soumises, nous nous efforcerons de les tenir \u00e0 jour. Dans cette optique, l\u2019utilisateur doit apporter les modifications n\u00e9cessaires, soit directement s\u2019il en est lui-m\u00eame habilit\u00e9, soit en informant le secteur ou le service en question de FUSTER CONSULTING, S.L.<\/p><h5>\u2022DESTINATAIRES<\/h5><p>Les tiers ne seront pas inform\u00e9s ou ne recevront pas de donn\u00e9es personnelles \u00e0 moins que cela ne soit n\u00e9cessaire pour le d\u00e9veloppement, le contr\u00f4le et le respect des objectifs r\u00e9glement\u00e9s par la loi.<\/p><h5>\u2022 DROITS DES UTILISATEURS<\/h5><p>Le propri\u00e9taire des donn\u00e9es personnelles, dans tous les cas, peut exercer ses droits, tels qu\u2019ils sont d\u00e9finis dans le Registre g\u00e9n\u00e9ral de la protection des donn\u00e9es (RGPD), qui sont :<\/p><p>\u2022 Droit d\u2019acc\u00e9der \u00e0 ses donn\u00e9es personnelles,<br \/>\u2022 Droit de demander leur rectification ou leur suppression,<br \/>\u2022 Droit de demander que leur utilisation soit limit\u00e9e,<br \/>\u2022 Droit de s\u2019opposer \u00e0 leur utilisation,<br \/>\u2022 Droit \u00e0 la portabilit\u00e9 des donn\u00e9es<\/p><p>L\u2019int\u00e9ress\u00e9 peut exercer ces droits par \u00e9crit, en joignant une copie de sa carte d\u2019identit\u00e9\/passeport, et en l\u2019envoyant \u00e0 l\u2019adresse suivante : FUSTER CONSULTING, S.L., Avenida de La Libertad, 301 \u2013 1\u00aa planta P.6 CP 30710 Los Alc\u00e1zares (Murcie), Espagne. Les droits que l\u2019utilisateur souhaite exercer doivent \u00eatre pr\u00e9cis\u00e9s.<\/p><h5>\u2022 MESURES DE S\u00c9CURIT\u00c9<\/h5><p>Enfin, FUSTER CONSULTING, S.L., informe que toutes les mesures techniques et organisationnelles l\u00e9galement requises seront prises afin de garantir la s\u00e9curit\u00e9 et la confidentialit\u00e9 des donn\u00e9es stock\u00e9es et ainsi d\u2019\u00e9viter qu\u2019elles ne soient alt\u00e9r\u00e9es, perdues, utilis\u00e9es sans autorisation ; en tenant compte de l\u2019\u00e9tat de la technique, des co\u00fbts d\u2019application et de son type, de sa port\u00e9e, du contexte et de l\u2019objectif du traitement des donn\u00e9es, ainsi que des risques de probabilit\u00e9 et de la gravit\u00e9 variable associ\u00e9s aux transactions effectu\u00e9es.<\/p><p>Si vous avez des questions concernant cette politique de confidentialit\u00e9, nous vous prions de bien vouloir nous contacter par e-mail \u00e0 l\u2019adresse suivante : info@fuster-associates.com.<\/p>\t\t\t\t\t\t\t\t<\/div>\n\t\t\t\t\t<\/div>\n\t\t\t\t<\/div>\n\t\t\t\t<\/div>\n\t\t","protected":false},"excerpt":{"rendered":"<p>FUSTER CONSULTING, S.L., est particuli\u00e8rement consciente de l\u2019importance de la protection des donn\u00e9es \u00e0 caract\u00e8re personnel des utilisateurs des services du site web. Par le biais de la pr\u00e9sente politique de confidentialit\u00e9 (ci-apr\u00e8s d\u00e9nomm\u00e9e politique de protection des donn\u00e9es), FUSTER CONSULTING, S.L., informe les utilisateurs du web : https:\/\/fuster-associates.com, de la mani\u00e8re dont les donn\u00e9es [&hellip;]<\/p>\n","protected":false},"author":2,"featured_media":0,"parent":0,"menu_order":0,"comment_status":"closed","ping_status":"closed","template":"","meta":{"content-type":"","_sitemap_exclude":false,"_sitemap_priority":"","_sitemap_frequency":"","footnotes":""},"class_list":["post-28511","page","type-page","status-publish","hentry"],"yoast_head":"<!-- This site is optimized with the Yoast SEO plugin v27.4 - https:\/\/yoast.com\/product\/yoast-seo-wordpress\/ -->\n<title>Informations relatives \u00e0 la politique de confidentialit\u00e9 des donn\u00e9es - Fuster &amp; Associates<\/title>\n<meta name=\"description\" content=\"D\u00e9couvrez comment nous s\u00e9curisons, g\u00e9rons et utilisons les donn\u00e9es personnelles conform\u00e9ment aux normes l\u00e9gales. Votre vie priv\u00e9e est notre priorit\u00e9.\" \/>\n<meta name=\"robots\" content=\"index, follow, max-snippet:-1, max-image-preview:large, max-video-preview:-1\" \/>\n<link rel=\"canonical\" href=\"https:\/\/fuster-associates.com\/fr\/politique-de-confidentialite\/\" \/>\n<meta property=\"og:locale\" content=\"fr_FR\" \/>\n<meta property=\"og:type\" content=\"article\" \/>\n<meta property=\"og:title\" content=\"Informations relatives \u00e0 la politique de confidentialit\u00e9 des donn\u00e9es - Fuster &amp; Associates\" \/>\n<meta property=\"og:description\" content=\"D\u00e9couvrez comment nous s\u00e9curisons, g\u00e9rons et utilisons les donn\u00e9es personnelles conform\u00e9ment aux normes l\u00e9gales. Votre vie priv\u00e9e est notre priorit\u00e9.\" \/>\n<meta property=\"og:url\" content=\"https:\/\/fuster-associates.com\/fr\/politique-de-confidentialite\/\" \/>\n<meta property=\"og:site_name\" content=\"Fuster &amp; Associates\" \/>\n<meta property=\"article:publisher\" content=\"https:\/\/www.facebook.com\/fusterspain\/\" \/>\n<meta property=\"article:modified_time\" content=\"2025-10-09T07:10:09+00:00\" \/>\n<meta property=\"og:image\" content=\"https:\/\/fuster-associates.com\/wp-content\/uploads\/2020\/02\/slide-fuster-standard.jpg\" \/>\n\t<meta property=\"og:image:width\" content=\"1920\" \/>\n\t<meta property=\"og:image:height\" content=\"1280\" \/>\n\t<meta property=\"og:image:type\" content=\"image\/jpeg\" \/>\n<meta name=\"twitter:card\" content=\"summary_large_image\" \/>\n<meta name=\"twitter:site\" content=\"@FusterSpain\" \/>\n<meta name=\"twitter:label1\" content=\"Dur\u00e9e de lecture estim\u00e9e\" \/>\n\t<meta name=\"twitter:data1\" content=\"4 minutes\" \/>\n<script type=\"application\/ld+json\" class=\"yoast-schema-graph\">{\"@context\":\"https:\\\/\\\/schema.org\",\"@graph\":[{\"@type\":\"WebPage\",\"@id\":\"https:\\\/\\\/fuster-associates.com\\\/fr\\\/politique-de-confidentialite\\\/\",\"url\":\"https:\\\/\\\/fuster-associates.com\\\/fr\\\/politique-de-confidentialite\\\/\",\"name\":\"Informations relatives \u00e0 la politique de confidentialit\u00e9 des donn\u00e9es - Fuster & Associates\",\"isPartOf\":{\"@id\":\"https:\\\/\\\/fuster-associates.com\\\/fr\\\/#website\"},\"datePublished\":\"2025-02-19T10:00:29+00:00\",\"dateModified\":\"2025-10-09T07:10:09+00:00\",\"description\":\"D\u00e9couvrez comment nous s\u00e9curisons, g\u00e9rons et utilisons les donn\u00e9es personnelles conform\u00e9ment aux normes l\u00e9gales. Votre vie priv\u00e9e est notre priorit\u00e9.\",\"breadcrumb\":{\"@id\":\"https:\\\/\\\/fuster-associates.com\\\/fr\\\/politique-de-confidentialite\\\/#breadcrumb\"},\"inLanguage\":\"fr-FR\",\"potentialAction\":[{\"@type\":\"ReadAction\",\"target\":[\"https:\\\/\\\/fuster-associates.com\\\/fr\\\/politique-de-confidentialite\\\/\"]}]},{\"@type\":\"BreadcrumbList\",\"@id\":\"https:\\\/\\\/fuster-associates.com\\\/fr\\\/politique-de-confidentialite\\\/#breadcrumb\",\"itemListElement\":[{\"@type\":\"ListItem\",\"position\":1,\"name\":\"Accueil\",\"item\":\"https:\\\/\\\/fuster-associates.com\\\/fr\\\/\"},{\"@type\":\"ListItem\",\"position\":2,\"name\":\"Politique de confidentialit\u00e9\"}]},{\"@type\":\"WebSite\",\"@id\":\"https:\\\/\\\/fuster-associates.com\\\/fr\\\/#website\",\"url\":\"https:\\\/\\\/fuster-associates.com\\\/fr\\\/\",\"name\":\"Fuster & Associates\",\"description\":\"Property Solicitors\",\"publisher\":{\"@id\":\"https:\\\/\\\/fuster-associates.com\\\/fr\\\/#organization\"},\"potentialAction\":[{\"@type\":\"SearchAction\",\"target\":{\"@type\":\"EntryPoint\",\"urlTemplate\":\"https:\\\/\\\/fuster-associates.com\\\/fr\\\/?s={search_term_string}\"},\"query-input\":{\"@type\":\"PropertyValueSpecification\",\"valueRequired\":true,\"valueName\":\"search_term_string\"}}],\"inLanguage\":\"fr-FR\"},{\"@type\":\"Organization\",\"@id\":\"https:\\\/\\\/fuster-associates.com\\\/fr\\\/#organization\",\"name\":\"FUSTER & ASSOCIATES\",\"url\":\"https:\\\/\\\/fuster-associates.com\\\/fr\\\/\",\"logo\":{\"@type\":\"ImageObject\",\"inLanguage\":\"fr-FR\",\"@id\":\"https:\\\/\\\/fuster-associates.com\\\/fr\\\/#\\\/schema\\\/logo\\\/image\\\/\",\"url\":\"https:\\\/\\\/fuster-associates.com\\\/wp-content\\\/uploads\\\/2018\\\/08\\\/logo-fuster-1.jpeg\",\"contentUrl\":\"https:\\\/\\\/fuster-associates.com\\\/wp-content\\\/uploads\\\/2018\\\/08\\\/logo-fuster-1.jpeg\",\"width\":180,\"height\":113,\"caption\":\"FUSTER & ASSOCIATES\"},\"image\":{\"@id\":\"https:\\\/\\\/fuster-associates.com\\\/fr\\\/#\\\/schema\\\/logo\\\/image\\\/\"},\"sameAs\":[\"https:\\\/\\\/www.facebook.com\\\/fusterspain\\\/\",\"https:\\\/\\\/x.com\\\/FusterSpain\",\"https:\\\/\\\/www.youtube.com\\\/channel\\\/UC2-kNuL1SoqlFizI47hmIOQ\",\"https:\\\/\\\/www.linkedin.com\\\/company\\\/fuster-&-associates\\\/\"]}]}<\/script>\n<!-- \/ Yoast SEO plugin. -->","yoast_head_json":{"title":"Informations relatives \u00e0 la politique de confidentialit\u00e9 des donn\u00e9es - Fuster & Associates","description":"D\u00e9couvrez comment nous s\u00e9curisons, g\u00e9rons et utilisons les donn\u00e9es personnelles conform\u00e9ment aux normes l\u00e9gales. Votre vie priv\u00e9e est notre priorit\u00e9.","robots":{"index":"index","follow":"follow","max-snippet":"max-snippet:-1","max-image-preview":"max-image-preview:large","max-video-preview":"max-video-preview:-1"},"canonical":"https:\/\/fuster-associates.com\/fr\/politique-de-confidentialite\/","og_locale":"fr_FR","og_type":"article","og_title":"Informations relatives \u00e0 la politique de confidentialit\u00e9 des donn\u00e9es - Fuster & Associates","og_description":"D\u00e9couvrez comment nous s\u00e9curisons, g\u00e9rons et utilisons les donn\u00e9es personnelles conform\u00e9ment aux normes l\u00e9gales. Votre vie priv\u00e9e est notre priorit\u00e9.","og_url":"https:\/\/fuster-associates.com\/fr\/politique-de-confidentialite\/","og_site_name":"Fuster &amp; Associates","article_publisher":"https:\/\/www.facebook.com\/fusterspain\/","article_modified_time":"2025-10-09T07:10:09+00:00","og_image":[{"width":1920,"height":1280,"url":"https:\/\/fuster-associates.com\/wp-content\/uploads\/2020\/02\/slide-fuster-standard.jpg","type":"image\/jpeg"}],"twitter_card":"summary_large_image","twitter_site":"@FusterSpain","twitter_misc":{"Dur\u00e9e de lecture estim\u00e9e":"4 minutes"},"schema":{"@context":"https:\/\/schema.org","@graph":[{"@type":"WebPage","@id":"https:\/\/fuster-associates.com\/fr\/politique-de-confidentialite\/","url":"https:\/\/fuster-associates.com\/fr\/politique-de-confidentialite\/","name":"Informations relatives \u00e0 la politique de confidentialit\u00e9 des donn\u00e9es - Fuster & Associates","isPartOf":{"@id":"https:\/\/fuster-associates.com\/fr\/#website"},"datePublished":"2025-02-19T10:00:29+00:00","dateModified":"2025-10-09T07:10:09+00:00","description":"D\u00e9couvrez comment nous s\u00e9curisons, g\u00e9rons et utilisons les donn\u00e9es personnelles conform\u00e9ment aux normes l\u00e9gales. Votre vie priv\u00e9e est notre priorit\u00e9.","breadcrumb":{"@id":"https:\/\/fuster-associates.com\/fr\/politique-de-confidentialite\/#breadcrumb"},"inLanguage":"fr-FR","potentialAction":[{"@type":"ReadAction","target":["https:\/\/fuster-associates.com\/fr\/politique-de-confidentialite\/"]}]},{"@type":"BreadcrumbList","@id":"https:\/\/fuster-associates.com\/fr\/politique-de-confidentialite\/#breadcrumb","itemListElement":[{"@type":"ListItem","position":1,"name":"Accueil","item":"https:\/\/fuster-associates.com\/fr\/"},{"@type":"ListItem","position":2,"name":"Politique de confidentialit\u00e9"}]},{"@type":"WebSite","@id":"https:\/\/fuster-associates.com\/fr\/#website","url":"https:\/\/fuster-associates.com\/fr\/","name":"Fuster & Associates","description":"Property Solicitors","publisher":{"@id":"https:\/\/fuster-associates.com\/fr\/#organization"},"potentialAction":[{"@type":"SearchAction","target":{"@type":"EntryPoint","urlTemplate":"https:\/\/fuster-associates.com\/fr\/?s={search_term_string}"},"query-input":{"@type":"PropertyValueSpecification","valueRequired":true,"valueName":"search_term_string"}}],"inLanguage":"fr-FR"},{"@type":"Organization","@id":"https:\/\/fuster-associates.com\/fr\/#organization","name":"FUSTER & ASSOCIATES","url":"https:\/\/fuster-associates.com\/fr\/","logo":{"@type":"ImageObject","inLanguage":"fr-FR","@id":"https:\/\/fuster-associates.com\/fr\/#\/schema\/logo\/image\/","url":"https:\/\/fuster-associates.com\/wp-content\/uploads\/2018\/08\/logo-fuster-1.jpeg","contentUrl":"https:\/\/fuster-associates.com\/wp-content\/uploads\/2018\/08\/logo-fuster-1.jpeg","width":180,"height":113,"caption":"FUSTER & ASSOCIATES"},"image":{"@id":"https:\/\/fuster-associates.com\/fr\/#\/schema\/logo\/image\/"},"sameAs":["https:\/\/www.facebook.com\/fusterspain\/","https:\/\/x.com\/FusterSpain","https:\/\/www.youtube.com\/channel\/UC2-kNuL1SoqlFizI47hmIOQ","https:\/\/www.linkedin.com\/company\/fuster-&-associates\/"]}]}},"_links":{"self":[{"href":"https:\/\/fuster-associates.com\/fr\/wp-json\/wp\/v2\/pages\/28511","targetHints":{"allow":["GET"]}}],"collection":[{"href":"https:\/\/fuster-associates.com\/fr\/wp-json\/wp\/v2\/pages"}],"about":[{"href":"https:\/\/fuster-associates.com\/fr\/wp-json\/wp\/v2\/types\/page"}],"author":[{"embeddable":true,"href":"https:\/\/fuster-associates.com\/fr\/wp-json\/wp\/v2\/users\/2"}],"replies":[{"embeddable":true,"href":"https:\/\/fuster-associates.com\/fr\/wp-json\/wp\/v2\/comments?post=28511"}],"version-history":[{"count":4,"href":"https:\/\/fuster-associates.com\/fr\/wp-json\/wp\/v2\/pages\/28511\/revisions"}],"predecessor-version":[{"id":34606,"href":"https:\/\/fuster-associates.com\/fr\/wp-json\/wp\/v2\/pages\/28511\/revisions\/34606"}],"wp:attachment":[{"href":"https:\/\/fuster-associates.com\/fr\/wp-json\/wp\/v2\/media?parent=28511"}],"curies":[{"name":"wp","href":"https:\/\/api.w.org\/{rel}","templated":true}]}}