{"id":28461,"date":"2025-02-20T11:37:34","date_gmt":"2025-02-20T10:37:34","guid":{"rendered":"https:\/\/fuster2.kustom.es\/accessibility\/"},"modified":"2025-07-01T12:17:13","modified_gmt":"2025-07-01T10:17:13","slug":"accessibilite","status":"publish","type":"page","link":"https:\/\/fuster-associates.com\/fr\/accessibilite\/","title":{"rendered":"Accessibilit\u00e9"},"content":{"rendered":"\t\t<div data-elementor-type=\"wp-page\" data-elementor-id=\"28461\" class=\"elementor elementor-28461 elementor-22753\" data-elementor-post-type=\"page\">\n\t\t\t\t<div class=\"elementor-element elementor-element-d26b8da e-flex e-con-boxed e-con e-parent\" data-id=\"d26b8da\" data-element_type=\"container\" data-e-type=\"container\" data-settings=\"{&quot;background_background&quot;:&quot;classic&quot;}\">\n\t\t\t\t\t<div class=\"e-con-inner\">\n\t\t\t\t<div class=\"elementor-element elementor-element-fb8b756 elementor-invisible elementor-widget elementor-widget-heading\" data-id=\"fb8b756\" data-element_type=\"widget\" data-e-type=\"widget\" data-settings=\"{&quot;_animation&quot;:&quot;fadeInDown&quot;}\" data-widget_type=\"heading.default\">\n\t\t\t\t\t<h1 class=\"elementor-heading-title elementor-size-default\">Accessibilit\u00e9<\/h1>\t\t\t\t<\/div>\n\t\t\t\t<div class=\"elementor-element elementor-element-8567995 elementor-invisible elementor-widget elementor-widget-breadcrumbs\" data-id=\"8567995\" data-element_type=\"widget\" data-e-type=\"widget\" data-settings=\"{&quot;_animation&quot;:&quot;fadeInUp&quot;}\" data-widget_type=\"breadcrumbs.default\">\n\t\t\t\t\t<p id=\"breadcrumbs\"><span><span><a href=\"https:\/\/fuster-associates.com\/fr\/\">Accueil<\/a><\/span><\/span><\/p>\t\t\t\t<\/div>\n\t\t\t\t\t<\/div>\n\t\t\t\t<\/div>\n\t\t<div class=\"elementor-element elementor-element-574f6ae e-flex e-con-boxed e-con e-parent\" data-id=\"574f6ae\" data-element_type=\"container\" data-e-type=\"container\" data-settings=\"{&quot;background_background&quot;:&quot;classic&quot;}\">\n\t\t\t\t\t<div class=\"e-con-inner\">\n\t\t\t\t<div class=\"elementor-element elementor-element-95cd50c elementor-invisible elementor-widget elementor-widget-text-editor\" data-id=\"95cd50c\" data-element_type=\"widget\" data-e-type=\"widget\" data-settings=\"{&quot;_animation&quot;:&quot;fadeInUp&quot;}\" data-widget_type=\"text-editor.default\">\n\t\t\t\t\t\t\t\t\t<h3>D\u00e9claration d\u2019accessibilit\u00e9<\/h3><p>Notre soci\u00e9t\u00e9 s\u2019est engag\u00e9e \u00e0 rendre son site web accessible, conform\u00e9ment au\u00a0<a title=\"Este enlace se abrir\u00e1\u00a1 en ventana nueva\" role=\"link\" href=\"https:\/\/www.boe.es\/diario_boe\/txt.php?id=BOE-A-2018-12699\" target=\"_blank\" rel=\"noopener\">d\u00e9cret royal 1112\/2018, du 7 septembre, relatif \u00e0 l\u2019accessibilit\u00e9 des sites web et des applications pour appareils mobiles dans le secteur public<img decoding=\"async\" title=\"Este enlace se abrir\u00e1 en ventana nueva\" src=\"https:\/\/sede.carm.es\/web\/CARM\/images\/external.png\" alt=\"Este enlace se abrir\u00c3\u00a1 en ventana nueva\" \/><\/a>, qui transpose la\u00a0<a title=\"Este enlace se abrir\u00e1 en ventana nueva\" role=\"link\" href=\"https:\/\/www.boe.es\/buscar\/doc.php?id=DOUE-L-2016-82305\" target=\"_blank\" rel=\"noopener\">directive (UE) 2016\/2102<img decoding=\"async\" title=\"Este enlace se abrir\u00e1 en ventana nueva\" src=\"https:\/\/sede.carm.es\/web\/CARM\/images\/external.png\" alt=\"Este enlace se abrir\u00c3\u00a1 en ventana nueva\" \/><\/a>\u00a0du Parlement europ\u00e9en et du Conseil, du 26 octobre 2016. Cette d\u00e9claration d\u2019accessibilit\u00e9 s\u2019applique \u00e0 toutes les pages du domaine \u00ab\u00a0<a role=\"link\" href=\"https:\/\/fuster-associates.com\/\">fuster-associates.com<\/a>\u00a0\u00bb.<\/p><h3>\u00c9tat de conformit\u00e9<\/h3><p>Ce site web est partiellement conforme au RD 1112\/2018 en raison d\u2019exceptions et de non-respect des aspects indiqu\u00e9s ci-dessous.<\/p><h3>Contenu non accessible<\/h3><p>Le contenu suivant n\u2019est pas accessible pour les raisons suivantes : \u00e0. Non-respect du d\u00e9cret royal 1112\/2018, du 7 septembre<\/p><ul><li>Il peut y avoir des erreurs occasionnelles dans l\u2019\u00e9dition d\u2019un site web, tant dans le contenu de HMTL que dans les documents finaux, publi\u00e9s apr\u00e8s le 20 septembre 2018 (date d\u2019entr\u00e9e en vigueur du d\u00e9cret royal 1112\/2018, du 7 septembre).<\/li><\/ul><p>b. Charge disproportionn\u00e9e : sans objet. c. Le contenu n\u2019entre pas dans le champ d\u2019application de la loi applicable.<\/p><ul><li>Les fichiers Office en format PDF ou dans d\u2019autres formats publi\u00e9s avant le 20 septembre 2018 qui ne r\u00e9pondent pas enti\u00e8rement \u00e0 toutes les exigences en mati\u00e8re d\u2019accessibilit\u00e9.<\/li><li>Cartographie en ligne et services de cartographie<\/li><\/ul><h3>Pr\u00e9paration de cette d\u00e9claration d\u2019accessibilit\u00e9<\/h3><p>La pr\u00e9sente d\u00e9claration a \u00e9t\u00e9 pr\u00e9par\u00e9e le 2 f\u00e9vrier 2023. La m\u00e9thode utilis\u00e9e pour pr\u00e9parer la d\u00e9claration a \u00e9t\u00e9 une auto-\u00e9valuation effectu\u00e9e par l\u2019agence elle-m\u00eame. Derni\u00e8re r\u00e9vision de la d\u00e9claration : f\u00e9vrier 2023.<\/p><h3>Proc\u00e9dure de candidature<\/h3><p>Vous pouvez faire des communications sur les exigences d\u2019accessibilit\u00e9 (article 10.2.a) du RD 1112\/2018) telles que :<\/p><ul><li>Signaler toute violation potentielle par ce site Web<\/li><li>Transmettre d\u2019autres difficult\u00e9s d\u2019acc\u00e8s au contenu<\/li><li>Pour faire toute autre question ou suggestion d\u2019am\u00e9lioration concernant l\u2019accessibilit\u00e9 du site web<\/li><\/ul><p>indiquez dans l&rsquo;\u00ab Objet \u00bb qu\u2019il s\u2019agit de \u00ab\u00a0<strong>Accessibilit\u00e9 du Web<\/strong>\u00a0\u00bb, via le formulaire web de contact<a title=\"Formulario web Contacte con la Admininistraci\u00f3n Regional\" role=\"link\" href=\"https:\/\/fuster-associates.com\/contacto\/\" target=\"_blank\" rel=\"noopener\">.<\/a>\u00a0Nous vous remercions d\u2019avance de votre coop\u00e9ration, car elle se traduira par l\u2019am\u00e9lioration du service que nous vous offrons. Les communications seront re\u00e7ues et trait\u00e9es par l\u2019entreprise. La demande d\u2019informations accessibles et les plaintes (article 10.2b)) et les plaintes (article 13), du d\u00e9cret royal 1112\/2018, du 7 septembre, seront trait\u00e9es via le \u00ab\u00a0<a title=\"Comunicaciones y Reclamaciones de Accesibilidad Web\" role=\"link\" href=\"https:\/\/fuster-associates.com\/contacto\/\" target=\"_blank\" rel=\"noopener\">Formulaire de contact<\/a>\u00a0\u00bb.<\/p><h3>Contenu facultatif<\/h3><p>Ce site web applique les exigences de la norme UNE-EN 301549:2019, en tenant compte des exceptions du RD 1112\/2018. Le dernier examen de l\u2019accessibilit\u00e9 a \u00e9t\u00e9 r\u00e9alis\u00e9 en f\u00e9vrier 2023. Le site Web est optimis\u00e9 pour les navigateurs Microsoft Internet Explorer 11 ou sup\u00e9rieur et les derni\u00e8res versions actuelles de FireFox, Safari, Opera et Google Chrome. La r\u00e9solution Web minimale recommand\u00e9e est de 1280\u00d71024. Le site Web est con\u00e7u pour une visualisation r\u00e9active, de sorte qu\u2019il est affich\u00e9 de mani\u00e8re optimale sur les tablettes et les appareils mobiles. Sur ces appareils, il est optimis\u00e9 pour l\u2019affichage dans les derni\u00e8res versions de Chrome pour mobile, Firefox pour mobile, Safari mobile, Opera Mini et le navigateur Android natif.<\/p>\t\t\t\t\t\t\t\t<\/div>\n\t\t\t\t\t<\/div>\n\t\t\t\t<\/div>\n\t\t\t\t<\/div>\n\t\t","protected":false},"excerpt":{"rendered":"<p>D\u00e9claration d\u2019accessibilit\u00e9 Notre soci\u00e9t\u00e9 s\u2019est engag\u00e9e \u00e0 rendre son site web accessible, conform\u00e9ment au\u00a0d\u00e9cret royal 1112\/2018, du 7 septembre, relatif \u00e0 l\u2019accessibilit\u00e9 des sites web et des applications pour appareils mobiles dans le secteur public, qui transpose la\u00a0directive (UE) 2016\/2102\u00a0du Parlement europ\u00e9en et du Conseil, du 26 octobre 2016. Cette d\u00e9claration d\u2019accessibilit\u00e9 s\u2019applique \u00e0 toutes [&hellip;]<\/p>\n","protected":false},"author":2,"featured_media":0,"parent":0,"menu_order":0,"comment_status":"closed","ping_status":"closed","template":"","meta":{"content-type":"","_sitemap_exclude":false,"_sitemap_priority":"","_sitemap_frequency":"","footnotes":""},"class_list":["post-28461","page","type-page","status-publish","hentry"],"yoast_head":"<!-- This site is optimized with the Yoast SEO plugin v27.4 - https:\/\/yoast.com\/product\/yoast-seo-wordpress\/ -->\n<title>Accessibilit\u00e9 - Fuster &amp; Associates<\/title>\n<meta name=\"robots\" content=\"index, follow, max-snippet:-1, max-image-preview:large, max-video-preview:-1\" \/>\n<link rel=\"canonical\" href=\"https:\/\/fuster-associates.com\/fr\/accessibilite\/\" \/>\n<meta property=\"og:locale\" content=\"fr_FR\" \/>\n<meta property=\"og:type\" content=\"article\" \/>\n<meta property=\"og:title\" content=\"Accessibilit\u00e9 - Fuster &amp; Associates\" \/>\n<meta property=\"og:description\" content=\"D\u00e9claration d\u2019accessibilit\u00e9 Notre soci\u00e9t\u00e9 s\u2019est engag\u00e9e \u00e0 rendre son site web accessible, conform\u00e9ment au\u00a0d\u00e9cret royal 1112\/2018, du 7 septembre, relatif \u00e0 l\u2019accessibilit\u00e9 des sites web et des applications pour appareils mobiles dans le secteur public, qui transpose la\u00a0directive (UE) 2016\/2102\u00a0du Parlement europ\u00e9en et du Conseil, du 26 octobre 2016. Cette d\u00e9claration d\u2019accessibilit\u00e9 s\u2019applique \u00e0 toutes [&hellip;]\" \/>\n<meta property=\"og:url\" content=\"https:\/\/fuster-associates.com\/fr\/accessibilite\/\" \/>\n<meta property=\"og:site_name\" content=\"Fuster &amp; Associates\" \/>\n<meta property=\"article:publisher\" content=\"https:\/\/www.facebook.com\/fusterspain\/\" \/>\n<meta property=\"article:modified_time\" content=\"2025-07-01T10:17:13+00:00\" \/>\n<meta property=\"og:image\" content=\"https:\/\/sede.carm.es\/web\/CARM\/images\/external.png\" \/>\n<meta name=\"twitter:card\" content=\"summary_large_image\" \/>\n<meta name=\"twitter:site\" content=\"@FusterSpain\" \/>\n<meta name=\"twitter:label1\" content=\"Dur\u00e9e de lecture estim\u00e9e\" \/>\n\t<meta name=\"twitter:data1\" content=\"3 minutes\" \/>\n<script type=\"application\/ld+json\" class=\"yoast-schema-graph\">{\"@context\":\"https:\\\/\\\/schema.org\",\"@graph\":[{\"@type\":\"WebPage\",\"@id\":\"https:\\\/\\\/fuster-associates.com\\\/fr\\\/accessibilite\\\/\",\"url\":\"https:\\\/\\\/fuster-associates.com\\\/fr\\\/accessibilite\\\/\",\"name\":\"Accessibilit\u00e9 - Fuster &amp; Associates\",\"isPartOf\":{\"@id\":\"https:\\\/\\\/fuster-associates.com\\\/fr\\\/#website\"},\"primaryImageOfPage\":{\"@id\":\"https:\\\/\\\/fuster-associates.com\\\/fr\\\/accessibilite\\\/#primaryimage\"},\"image\":{\"@id\":\"https:\\\/\\\/fuster-associates.com\\\/fr\\\/accessibilite\\\/#primaryimage\"},\"thumbnailUrl\":\"https:\\\/\\\/sede.carm.es\\\/web\\\/CARM\\\/images\\\/external.png\",\"datePublished\":\"2025-02-20T10:37:34+00:00\",\"dateModified\":\"2025-07-01T10:17:13+00:00\",\"breadcrumb\":{\"@id\":\"https:\\\/\\\/fuster-associates.com\\\/fr\\\/accessibilite\\\/#breadcrumb\"},\"inLanguage\":\"fr-FR\",\"potentialAction\":[{\"@type\":\"ReadAction\",\"target\":[\"https:\\\/\\\/fuster-associates.com\\\/fr\\\/accessibilite\\\/\"]}]},{\"@type\":\"ImageObject\",\"inLanguage\":\"fr-FR\",\"@id\":\"https:\\\/\\\/fuster-associates.com\\\/fr\\\/accessibilite\\\/#primaryimage\",\"url\":\"https:\\\/\\\/sede.carm.es\\\/web\\\/CARM\\\/images\\\/external.png\",\"contentUrl\":\"https:\\\/\\\/sede.carm.es\\\/web\\\/CARM\\\/images\\\/external.png\"},{\"@type\":\"BreadcrumbList\",\"@id\":\"https:\\\/\\\/fuster-associates.com\\\/fr\\\/accessibilite\\\/#breadcrumb\",\"itemListElement\":[{\"@type\":\"ListItem\",\"position\":1,\"name\":\"Accueil\",\"item\":\"https:\\\/\\\/fuster-associates.com\\\/fr\\\/\"},{\"@type\":\"ListItem\",\"position\":2,\"name\":\"Accessibilit\u00e9\"}]},{\"@type\":\"WebSite\",\"@id\":\"https:\\\/\\\/fuster-associates.com\\\/fr\\\/#website\",\"url\":\"https:\\\/\\\/fuster-associates.com\\\/fr\\\/\",\"name\":\"Fuster & Associates\",\"description\":\"Property Solicitors\",\"publisher\":{\"@id\":\"https:\\\/\\\/fuster-associates.com\\\/fr\\\/#organization\"},\"potentialAction\":[{\"@type\":\"SearchAction\",\"target\":{\"@type\":\"EntryPoint\",\"urlTemplate\":\"https:\\\/\\\/fuster-associates.com\\\/fr\\\/?s={search_term_string}\"},\"query-input\":{\"@type\":\"PropertyValueSpecification\",\"valueRequired\":true,\"valueName\":\"search_term_string\"}}],\"inLanguage\":\"fr-FR\"},{\"@type\":\"Organization\",\"@id\":\"https:\\\/\\\/fuster-associates.com\\\/fr\\\/#organization\",\"name\":\"FUSTER & ASSOCIATES\",\"url\":\"https:\\\/\\\/fuster-associates.com\\\/fr\\\/\",\"logo\":{\"@type\":\"ImageObject\",\"inLanguage\":\"fr-FR\",\"@id\":\"https:\\\/\\\/fuster-associates.com\\\/fr\\\/#\\\/schema\\\/logo\\\/image\\\/\",\"url\":\"https:\\\/\\\/fuster-associates.com\\\/wp-content\\\/uploads\\\/2018\\\/08\\\/logo-fuster-1.jpeg\",\"contentUrl\":\"https:\\\/\\\/fuster-associates.com\\\/wp-content\\\/uploads\\\/2018\\\/08\\\/logo-fuster-1.jpeg\",\"width\":180,\"height\":113,\"caption\":\"FUSTER & ASSOCIATES\"},\"image\":{\"@id\":\"https:\\\/\\\/fuster-associates.com\\\/fr\\\/#\\\/schema\\\/logo\\\/image\\\/\"},\"sameAs\":[\"https:\\\/\\\/www.facebook.com\\\/fusterspain\\\/\",\"https:\\\/\\\/x.com\\\/FusterSpain\",\"https:\\\/\\\/www.youtube.com\\\/channel\\\/UC2-kNuL1SoqlFizI47hmIOQ\",\"https:\\\/\\\/www.linkedin.com\\\/company\\\/fuster-&-associates\\\/\"]}]}<\/script>\n<!-- \/ Yoast SEO plugin. -->","yoast_head_json":{"title":"Accessibilit\u00e9 - Fuster &amp; Associates","robots":{"index":"index","follow":"follow","max-snippet":"max-snippet:-1","max-image-preview":"max-image-preview:large","max-video-preview":"max-video-preview:-1"},"canonical":"https:\/\/fuster-associates.com\/fr\/accessibilite\/","og_locale":"fr_FR","og_type":"article","og_title":"Accessibilit\u00e9 - Fuster &amp; Associates","og_description":"D\u00e9claration d\u2019accessibilit\u00e9 Notre soci\u00e9t\u00e9 s\u2019est engag\u00e9e \u00e0 rendre son site web accessible, conform\u00e9ment au\u00a0d\u00e9cret royal 1112\/2018, du 7 septembre, relatif \u00e0 l\u2019accessibilit\u00e9 des sites web et des applications pour appareils mobiles dans le secteur public, qui transpose la\u00a0directive (UE) 2016\/2102\u00a0du Parlement europ\u00e9en et du Conseil, du 26 octobre 2016. Cette d\u00e9claration d\u2019accessibilit\u00e9 s\u2019applique \u00e0 toutes [&hellip;]","og_url":"https:\/\/fuster-associates.com\/fr\/accessibilite\/","og_site_name":"Fuster &amp; Associates","article_publisher":"https:\/\/www.facebook.com\/fusterspain\/","article_modified_time":"2025-07-01T10:17:13+00:00","og_image":[{"url":"https:\/\/sede.carm.es\/web\/CARM\/images\/external.png","type":"","width":"","height":""}],"twitter_card":"summary_large_image","twitter_site":"@FusterSpain","twitter_misc":{"Dur\u00e9e de lecture estim\u00e9e":"3 minutes"},"schema":{"@context":"https:\/\/schema.org","@graph":[{"@type":"WebPage","@id":"https:\/\/fuster-associates.com\/fr\/accessibilite\/","url":"https:\/\/fuster-associates.com\/fr\/accessibilite\/","name":"Accessibilit\u00e9 - Fuster &amp; Associates","isPartOf":{"@id":"https:\/\/fuster-associates.com\/fr\/#website"},"primaryImageOfPage":{"@id":"https:\/\/fuster-associates.com\/fr\/accessibilite\/#primaryimage"},"image":{"@id":"https:\/\/fuster-associates.com\/fr\/accessibilite\/#primaryimage"},"thumbnailUrl":"https:\/\/sede.carm.es\/web\/CARM\/images\/external.png","datePublished":"2025-02-20T10:37:34+00:00","dateModified":"2025-07-01T10:17:13+00:00","breadcrumb":{"@id":"https:\/\/fuster-associates.com\/fr\/accessibilite\/#breadcrumb"},"inLanguage":"fr-FR","potentialAction":[{"@type":"ReadAction","target":["https:\/\/fuster-associates.com\/fr\/accessibilite\/"]}]},{"@type":"ImageObject","inLanguage":"fr-FR","@id":"https:\/\/fuster-associates.com\/fr\/accessibilite\/#primaryimage","url":"https:\/\/sede.carm.es\/web\/CARM\/images\/external.png","contentUrl":"https:\/\/sede.carm.es\/web\/CARM\/images\/external.png"},{"@type":"BreadcrumbList","@id":"https:\/\/fuster-associates.com\/fr\/accessibilite\/#breadcrumb","itemListElement":[{"@type":"ListItem","position":1,"name":"Accueil","item":"https:\/\/fuster-associates.com\/fr\/"},{"@type":"ListItem","position":2,"name":"Accessibilit\u00e9"}]},{"@type":"WebSite","@id":"https:\/\/fuster-associates.com\/fr\/#website","url":"https:\/\/fuster-associates.com\/fr\/","name":"Fuster & Associates","description":"Property Solicitors","publisher":{"@id":"https:\/\/fuster-associates.com\/fr\/#organization"},"potentialAction":[{"@type":"SearchAction","target":{"@type":"EntryPoint","urlTemplate":"https:\/\/fuster-associates.com\/fr\/?s={search_term_string}"},"query-input":{"@type":"PropertyValueSpecification","valueRequired":true,"valueName":"search_term_string"}}],"inLanguage":"fr-FR"},{"@type":"Organization","@id":"https:\/\/fuster-associates.com\/fr\/#organization","name":"FUSTER & ASSOCIATES","url":"https:\/\/fuster-associates.com\/fr\/","logo":{"@type":"ImageObject","inLanguage":"fr-FR","@id":"https:\/\/fuster-associates.com\/fr\/#\/schema\/logo\/image\/","url":"https:\/\/fuster-associates.com\/wp-content\/uploads\/2018\/08\/logo-fuster-1.jpeg","contentUrl":"https:\/\/fuster-associates.com\/wp-content\/uploads\/2018\/08\/logo-fuster-1.jpeg","width":180,"height":113,"caption":"FUSTER & ASSOCIATES"},"image":{"@id":"https:\/\/fuster-associates.com\/fr\/#\/schema\/logo\/image\/"},"sameAs":["https:\/\/www.facebook.com\/fusterspain\/","https:\/\/x.com\/FusterSpain","https:\/\/www.youtube.com\/channel\/UC2-kNuL1SoqlFizI47hmIOQ","https:\/\/www.linkedin.com\/company\/fuster-&-associates\/"]}]}},"_links":{"self":[{"href":"https:\/\/fuster-associates.com\/fr\/wp-json\/wp\/v2\/pages\/28461","targetHints":{"allow":["GET"]}}],"collection":[{"href":"https:\/\/fuster-associates.com\/fr\/wp-json\/wp\/v2\/pages"}],"about":[{"href":"https:\/\/fuster-associates.com\/fr\/wp-json\/wp\/v2\/types\/page"}],"author":[{"embeddable":true,"href":"https:\/\/fuster-associates.com\/fr\/wp-json\/wp\/v2\/users\/2"}],"replies":[{"embeddable":true,"href":"https:\/\/fuster-associates.com\/fr\/wp-json\/wp\/v2\/comments?post=28461"}],"version-history":[{"count":0,"href":"https:\/\/fuster-associates.com\/fr\/wp-json\/wp\/v2\/pages\/28461\/revisions"}],"wp:attachment":[{"href":"https:\/\/fuster-associates.com\/fr\/wp-json\/wp\/v2\/media?parent=28461"}],"curies":[{"name":"wp","href":"https:\/\/api.w.org\/{rel}","templated":true}]}}