{"id":34127,"date":"2025-09-10T12:15:41","date_gmt":"2025-09-10T10:15:41","guid":{"rendered":"https:\/\/fuster-associates.com\/palvelut\/wills-inheritance\/"},"modified":"2025-09-11T08:58:12","modified_gmt":"2025-09-11T06:58:12","slug":"testamentit-perinto","status":"publish","type":"page","link":"https:\/\/fuster-associates.com\/fi\/palvelut\/testamentit-perinto\/","title":{"rendered":"Testamentit &amp; Perint\u00f6"},"content":{"rendered":"\t\t<div data-elementor-type=\"wp-page\" data-elementor-id=\"34127\" class=\"elementor elementor-34127 elementor-32896\" data-elementor-post-type=\"page\">\n\t\t\t\t<div class=\"elementor-element elementor-element-1769ce7 e-flex e-con-boxed e-con e-parent\" data-id=\"1769ce7\" data-element_type=\"container\" data-e-type=\"container\" data-settings=\"{&quot;background_background&quot;:&quot;classic&quot;}\">\n\t\t\t\t\t<div class=\"e-con-inner\">\n\t\t\t\t<div class=\"elementor-element elementor-element-5eb8476 elementor-invisible elementor-widget elementor-widget-heading\" data-id=\"5eb8476\" data-element_type=\"widget\" data-e-type=\"widget\" data-settings=\"{&quot;_animation&quot;:&quot;fadeInDown&quot;}\" data-widget_type=\"heading.default\">\n\t\t\t\t\t<h1 class=\"elementor-heading-title elementor-size-default\">Testamentit &amp; Perint\u00f6<\/h1>\t\t\t\t<\/div>\n\t\t\t\t<div class=\"elementor-element elementor-element-0696529 elementor-invisible elementor-widget elementor-widget-breadcrumbs\" data-id=\"0696529\" data-element_type=\"widget\" data-e-type=\"widget\" data-settings=\"{&quot;_animation&quot;:&quot;fadeInUp&quot;}\" data-widget_type=\"breadcrumbs.default\">\n\t\t\t\t\t<p id=\"breadcrumbs\"><span><span><a href=\"https:\/\/fuster-associates.com\/fi\/\">Koti<\/a><\/span><\/span><\/p>\t\t\t\t<\/div>\n\t\t\t\t\t<\/div>\n\t\t\t\t<\/div>\n\t\t<div class=\"elementor-element elementor-element-5bf9c5d e-flex e-con-boxed e-con e-parent\" data-id=\"5bf9c5d\" data-element_type=\"container\" data-e-type=\"container\">\n\t\t\t\t\t<div class=\"e-con-inner\">\n\t\t\t\t<div class=\"elementor-element elementor-element-33c9718 elementor-invisible elementor-widget elementor-widget-heading\" data-id=\"33c9718\" data-element_type=\"widget\" data-e-type=\"widget\" data-settings=\"{&quot;_animation&quot;:&quot;fadeIn&quot;,&quot;_animation_laptop&quot;:&quot;fadeIn&quot;}\" data-widget_type=\"heading.default\">\n\t\t\t\t\t<h2 class=\"elementor-heading-title elementor-size-default\">Testamentit ja perint\u00f6 Espanjassa<\/h2>\t\t\t\t<\/div>\n\t\t\t\t<div class=\"elementor-element elementor-element-43c6732 elementor-invisible elementor-widget elementor-widget-text-editor\" data-id=\"43c6732\" data-element_type=\"widget\" data-e-type=\"widget\" data-settings=\"{&quot;_animation&quot;:&quot;fadeIn&quot;,&quot;_animation_laptop&quot;:&quot;fadeIn&quot;}\" data-widget_type=\"text-editor.default\">\n\t\t\t\t\t\t\t\t\t<p>Me Fuster &amp; Associatesilla ymm\u00e4rr\u00e4mme, ett\u00e4 <strong>perinn\u00f6n turvaamisessa on kyse muustakin kuin dokumentoinnista<\/strong>, vaan perheesi tulevaisuuden turvaamisesta. &#8221;Testamentit ja perint\u00f6&#8221; &#8211;<strong>palvelumme on suunniteltu erityisesti kansainv\u00e4lisille asiakkaille<\/strong>, jotka omistavat omaisuutta Espanjassa. Yli 25 vuoden kokemuksella ja Espanjan V\u00e4limeren rannikolla strategisesti sijaitsevalla monikielisell\u00e4 tiimill\u00e4 varmistamme, ett\u00e4 omaisuuttasi k\u00e4sitell\u00e4\u00e4n t\u00e4ysin sek\u00e4 paikallisten ett\u00e4 EU:n perint\u00f6lakien mukaisesti, mik\u00e4 tarjoaa sinulle mielenrauhan ja oikeusvarmuuden.  <\/p><p>Voimassa olevan espanjalaisen testamentin laatiminen voi <strong>yksinkertaistaa perint\u00f6prosessia<\/strong>, minimoida verotaakkaa ja est\u00e4\u00e4 viiv\u00e4styksi\u00e4 tai riitoja perillisten v\u00e4lill\u00e4. Me Fuster &amp; Associatesilla <strong>opastamme sinua jokaisen olennaisen vaiheen l\u00e4pi <\/strong>kaksikielisen espanjankielisen testamentin laatimisesta, joka on linjassa alueellisen verotehokkuuden ja EU:n s\u00e4\u00e4nn\u00f6sten kanssa, notaarin vahvistamiseen ja testamentin hallintaan. Tavoitteenamme on tehd\u00e4 prosessista l\u00e4pin\u00e4kyv\u00e4, virtaviivainen ja r\u00e4\u00e4t\u00e4l\u00f6ity ainutlaatuisiin olosuhteisiisi, jotta sin\u00e4 ja l\u00e4heisesi voitte navigoida tulevaisuudessa luottavaisin mielin.  <\/p>\t\t\t\t\t\t\t\t<\/div>\n\t\t\t\t<div class=\"elementor-element elementor-element-3fcee54 elementor-widget elementor-widget-heading\" data-id=\"3fcee54\" data-element_type=\"widget\" data-e-type=\"widget\" data-widget_type=\"heading.default\">\n\t\t\t\t\t<h3 class=\"elementor-heading-title elementor-size-default\">Kiinteist\u00f6siirrot &amp; Perint\u00f6<\/h3>\t\t\t\t<\/div>\n\t\t\t\t<div class=\"elementor-element elementor-element-43f5772 elementor-icon-list--layout-traditional elementor-list-item-link-full_width elementor-widget elementor-widget-icon-list\" data-id=\"43f5772\" data-element_type=\"widget\" data-e-type=\"widget\" data-widget_type=\"icon-list.default\">\n\t\t\t\t\t\t\t<ul class=\"elementor-icon-list-items\">\n\t\t\t\t\t\t\t<li class=\"elementor-icon-list-item\">\n\t\t\t\t\t\t\t\t\t\t\t<a href=\"https:\/\/fuster-associates.com\/services\/wills-inheritance\/property-transfers-inheritance\/wills-and-inheritance\/\">\n\n\t\t\t\t\t\t\t\t\t\t\t\t<span class=\"elementor-icon-list-icon\">\n\t\t\t\t\t\t\t<svg aria-hidden=\"true\" class=\"e-font-icon-svg e-fas-caret-right\" viewBox=\"0 0 192 512\" xmlns=\"http:\/\/www.w3.org\/2000\/svg\"><path d=\"M0 384.662V127.338c0-17.818 21.543-26.741 34.142-14.142l128.662 128.662c7.81 7.81 7.81 20.474 0 28.284L34.142 398.804C21.543 411.404 0 402.48 0 384.662z\"><\/path><\/svg>\t\t\t\t\t\t<\/span>\n\t\t\t\t\t\t\t\t\t\t<span class=\"elementor-icon-list-text\">Testamentit ja perint\u00f6<\/span>\n\t\t\t\t\t\t\t\t\t\t\t<\/a>\n\t\t\t\t\t\t\t\t\t<\/li>\n\t\t\t\t\t\t<\/ul>\n\t\t\t\t\t\t<\/div>\n\t\t\t\t\t<\/div>\n\t\t\t\t<\/div>\n\t\t\t\t<\/div>\n\t\t","protected":false},"excerpt":{"rendered":"<p>Testamentit ja perint\u00f6 Espanjassa Me Fuster &amp; Associatesilla ymm\u00e4rr\u00e4mme, ett\u00e4 perinn\u00f6n turvaamisessa on kyse muustakin kuin dokumentoinnista, vaan perheesi tulevaisuuden turvaamisesta. &#8221;Testamentit ja perint\u00f6&#8221; &#8211;palvelumme on suunniteltu erityisesti kansainv\u00e4lisille asiakkaille, jotka omistavat omaisuutta Espanjassa. Yli 25 vuoden kokemuksella ja Espanjan V\u00e4limeren rannikolla strategisesti sijaitsevalla monikielisell\u00e4 tiimill\u00e4 varmistamme, ett\u00e4 omaisuuttasi k\u00e4sitell\u00e4\u00e4n t\u00e4ysin sek\u00e4 paikallisten ett\u00e4 EU:n [&hellip;]<\/p>\n","protected":false},"author":8,"featured_media":0,"parent":28750,"menu_order":0,"comment_status":"closed","ping_status":"closed","template":"","meta":{"content-type":"","_sitemap_exclude":false,"_sitemap_priority":"","_sitemap_frequency":"","footnotes":""},"class_list":["post-34127","page","type-page","status-publish","hentry"],"yoast_head":"<!-- This site is optimized with the Yoast SEO plugin v27.3 - https:\/\/yoast.com\/product\/yoast-seo-wordpress\/ -->\n<title>Testamentit &amp; Perint\u00f6asiat - Fuster &amp; Associates<\/title>\n<meta name=\"description\" content=\"Asiantuntevat juridiset palvelut kiinteist\u00f6jen ostamiseen, myyntiin tai perimiseen Espanjassa. Luota Fuster &amp; Associatesiin turvallisten kiinteist\u00f6kauppojen toteuttamisessa.\" \/>\n<meta name=\"robots\" content=\"index, follow, max-snippet:-1, max-image-preview:large, max-video-preview:-1\" \/>\n<link rel=\"canonical\" href=\"https:\/\/fuster-associates.com\/fi\/palvelut\/testamentit-perinto\/\" \/>\n<meta property=\"og:locale\" content=\"fi_FI\" \/>\n<meta property=\"og:type\" content=\"article\" \/>\n<meta property=\"og:title\" content=\"Testamentit &amp; Perint\u00f6asiat - Fuster &amp; Associates\" \/>\n<meta property=\"og:description\" content=\"Asiantuntevat juridiset palvelut kiinteist\u00f6jen ostamiseen, myyntiin tai perimiseen Espanjassa. Luota Fuster &amp; Associatesiin turvallisten kiinteist\u00f6kauppojen toteuttamisessa.\" \/>\n<meta property=\"og:url\" content=\"https:\/\/fuster-associates.com\/fi\/palvelut\/testamentit-perinto\/\" \/>\n<meta property=\"og:site_name\" content=\"Fuster &amp; Associates\" \/>\n<meta property=\"article:publisher\" content=\"https:\/\/www.facebook.com\/fusterspain\/\" \/>\n<meta property=\"article:modified_time\" content=\"2025-09-11T06:58:12+00:00\" \/>\n<meta property=\"og:image\" content=\"https:\/\/fuster-associates.com\/wp-content\/uploads\/2020\/02\/slide-fuster-standard.jpg\" \/>\n\t<meta property=\"og:image:width\" content=\"1920\" \/>\n\t<meta property=\"og:image:height\" content=\"1280\" \/>\n\t<meta property=\"og:image:type\" content=\"image\/jpeg\" \/>\n<meta name=\"twitter:card\" content=\"summary_large_image\" \/>\n<meta name=\"twitter:site\" content=\"@FusterSpain\" \/>\n<meta name=\"twitter:label1\" content=\"Arvioitu lukuaika\" \/>\n\t<meta name=\"twitter:data1\" content=\"1 minuutti\" \/>\n<script type=\"application\/ld+json\" class=\"yoast-schema-graph\">{\"@context\":\"https:\\\/\\\/schema.org\",\"@graph\":[{\"@type\":\"WebPage\",\"@id\":\"https:\\\/\\\/fuster-associates.com\\\/fi\\\/palvelut\\\/testamentit-perinto\\\/\",\"url\":\"https:\\\/\\\/fuster-associates.com\\\/fi\\\/palvelut\\\/testamentit-perinto\\\/\",\"name\":\"Testamentit & Perint\u00f6asiat - Fuster & Associates\",\"isPartOf\":{\"@id\":\"https:\\\/\\\/fuster-associates.com\\\/fi\\\/#website\"},\"datePublished\":\"2025-09-10T10:15:41+00:00\",\"dateModified\":\"2025-09-11T06:58:12+00:00\",\"description\":\"Asiantuntevat juridiset palvelut kiinteist\u00f6jen ostamiseen, myyntiin tai perimiseen Espanjassa. Luota Fuster & Associatesiin turvallisten kiinteist\u00f6kauppojen toteuttamisessa.\",\"breadcrumb\":{\"@id\":\"https:\\\/\\\/fuster-associates.com\\\/fi\\\/palvelut\\\/testamentit-perinto\\\/#breadcrumb\"},\"inLanguage\":\"fi\",\"potentialAction\":[{\"@type\":\"ReadAction\",\"target\":[\"https:\\\/\\\/fuster-associates.com\\\/fi\\\/palvelut\\\/testamentit-perinto\\\/\"]}]},{\"@type\":\"BreadcrumbList\",\"@id\":\"https:\\\/\\\/fuster-associates.com\\\/fi\\\/palvelut\\\/testamentit-perinto\\\/#breadcrumb\",\"itemListElement\":[{\"@type\":\"ListItem\",\"position\":1,\"name\":\"Koti\",\"item\":\"https:\\\/\\\/fuster-associates.com\\\/fi\\\/\"},{\"@type\":\"ListItem\",\"position\":2,\"name\":\"Palvelut\",\"item\":\"https:\\\/\\\/fuster-associates.com\\\/fi\\\/serviceydelser\\\/\"},{\"@type\":\"ListItem\",\"position\":3,\"name\":\"Testamentit &amp; Perint\u00f6\"}]},{\"@type\":\"WebSite\",\"@id\":\"https:\\\/\\\/fuster-associates.com\\\/fi\\\/#website\",\"url\":\"https:\\\/\\\/fuster-associates.com\\\/fi\\\/\",\"name\":\"Fuster & Associates\",\"description\":\"Property Solicitors\",\"publisher\":{\"@id\":\"https:\\\/\\\/fuster-associates.com\\\/fi\\\/#organization\"},\"potentialAction\":[{\"@type\":\"SearchAction\",\"target\":{\"@type\":\"EntryPoint\",\"urlTemplate\":\"https:\\\/\\\/fuster-associates.com\\\/fi\\\/?s={search_term_string}\"},\"query-input\":{\"@type\":\"PropertyValueSpecification\",\"valueRequired\":true,\"valueName\":\"search_term_string\"}}],\"inLanguage\":\"fi\"},{\"@type\":\"Organization\",\"@id\":\"https:\\\/\\\/fuster-associates.com\\\/fi\\\/#organization\",\"name\":\"FUSTER & ASSOCIATES\",\"url\":\"https:\\\/\\\/fuster-associates.com\\\/fi\\\/\",\"logo\":{\"@type\":\"ImageObject\",\"inLanguage\":\"fi\",\"@id\":\"https:\\\/\\\/fuster-associates.com\\\/fi\\\/#\\\/schema\\\/logo\\\/image\\\/\",\"url\":\"https:\\\/\\\/fuster-associates.com\\\/wp-content\\\/uploads\\\/2018\\\/08\\\/logo-fuster-1.jpeg\",\"contentUrl\":\"https:\\\/\\\/fuster-associates.com\\\/wp-content\\\/uploads\\\/2018\\\/08\\\/logo-fuster-1.jpeg\",\"width\":180,\"height\":113,\"caption\":\"FUSTER & ASSOCIATES\"},\"image\":{\"@id\":\"https:\\\/\\\/fuster-associates.com\\\/fi\\\/#\\\/schema\\\/logo\\\/image\\\/\"},\"sameAs\":[\"https:\\\/\\\/www.facebook.com\\\/fusterspain\\\/\",\"https:\\\/\\\/x.com\\\/FusterSpain\",\"https:\\\/\\\/www.youtube.com\\\/channel\\\/UC2-kNuL1SoqlFizI47hmIOQ\",\"https:\\\/\\\/www.linkedin.com\\\/company\\\/fuster-&-associates\\\/\"]}]}<\/script>\n<!-- \/ Yoast SEO plugin. -->","yoast_head_json":{"title":"Testamentit & Perint\u00f6asiat - Fuster & Associates","description":"Asiantuntevat juridiset palvelut kiinteist\u00f6jen ostamiseen, myyntiin tai perimiseen Espanjassa. Luota Fuster & Associatesiin turvallisten kiinteist\u00f6kauppojen toteuttamisessa.","robots":{"index":"index","follow":"follow","max-snippet":"max-snippet:-1","max-image-preview":"max-image-preview:large","max-video-preview":"max-video-preview:-1"},"canonical":"https:\/\/fuster-associates.com\/fi\/palvelut\/testamentit-perinto\/","og_locale":"fi_FI","og_type":"article","og_title":"Testamentit & Perint\u00f6asiat - Fuster & Associates","og_description":"Asiantuntevat juridiset palvelut kiinteist\u00f6jen ostamiseen, myyntiin tai perimiseen Espanjassa. Luota Fuster & Associatesiin turvallisten kiinteist\u00f6kauppojen toteuttamisessa.","og_url":"https:\/\/fuster-associates.com\/fi\/palvelut\/testamentit-perinto\/","og_site_name":"Fuster &amp; Associates","article_publisher":"https:\/\/www.facebook.com\/fusterspain\/","article_modified_time":"2025-09-11T06:58:12+00:00","og_image":[{"width":1920,"height":1280,"url":"https:\/\/fuster-associates.com\/wp-content\/uploads\/2020\/02\/slide-fuster-standard.jpg","type":"image\/jpeg"}],"twitter_card":"summary_large_image","twitter_site":"@FusterSpain","twitter_misc":{"Arvioitu lukuaika":"1 minuutti"},"schema":{"@context":"https:\/\/schema.org","@graph":[{"@type":"WebPage","@id":"https:\/\/fuster-associates.com\/fi\/palvelut\/testamentit-perinto\/","url":"https:\/\/fuster-associates.com\/fi\/palvelut\/testamentit-perinto\/","name":"Testamentit & Perint\u00f6asiat - Fuster & Associates","isPartOf":{"@id":"https:\/\/fuster-associates.com\/fi\/#website"},"datePublished":"2025-09-10T10:15:41+00:00","dateModified":"2025-09-11T06:58:12+00:00","description":"Asiantuntevat juridiset palvelut kiinteist\u00f6jen ostamiseen, myyntiin tai perimiseen Espanjassa. Luota Fuster & Associatesiin turvallisten kiinteist\u00f6kauppojen toteuttamisessa.","breadcrumb":{"@id":"https:\/\/fuster-associates.com\/fi\/palvelut\/testamentit-perinto\/#breadcrumb"},"inLanguage":"fi","potentialAction":[{"@type":"ReadAction","target":["https:\/\/fuster-associates.com\/fi\/palvelut\/testamentit-perinto\/"]}]},{"@type":"BreadcrumbList","@id":"https:\/\/fuster-associates.com\/fi\/palvelut\/testamentit-perinto\/#breadcrumb","itemListElement":[{"@type":"ListItem","position":1,"name":"Koti","item":"https:\/\/fuster-associates.com\/fi\/"},{"@type":"ListItem","position":2,"name":"Palvelut","item":"https:\/\/fuster-associates.com\/fi\/serviceydelser\/"},{"@type":"ListItem","position":3,"name":"Testamentit &amp; Perint\u00f6"}]},{"@type":"WebSite","@id":"https:\/\/fuster-associates.com\/fi\/#website","url":"https:\/\/fuster-associates.com\/fi\/","name":"Fuster & Associates","description":"Property Solicitors","publisher":{"@id":"https:\/\/fuster-associates.com\/fi\/#organization"},"potentialAction":[{"@type":"SearchAction","target":{"@type":"EntryPoint","urlTemplate":"https:\/\/fuster-associates.com\/fi\/?s={search_term_string}"},"query-input":{"@type":"PropertyValueSpecification","valueRequired":true,"valueName":"search_term_string"}}],"inLanguage":"fi"},{"@type":"Organization","@id":"https:\/\/fuster-associates.com\/fi\/#organization","name":"FUSTER & ASSOCIATES","url":"https:\/\/fuster-associates.com\/fi\/","logo":{"@type":"ImageObject","inLanguage":"fi","@id":"https:\/\/fuster-associates.com\/fi\/#\/schema\/logo\/image\/","url":"https:\/\/fuster-associates.com\/wp-content\/uploads\/2018\/08\/logo-fuster-1.jpeg","contentUrl":"https:\/\/fuster-associates.com\/wp-content\/uploads\/2018\/08\/logo-fuster-1.jpeg","width":180,"height":113,"caption":"FUSTER & ASSOCIATES"},"image":{"@id":"https:\/\/fuster-associates.com\/fi\/#\/schema\/logo\/image\/"},"sameAs":["https:\/\/www.facebook.com\/fusterspain\/","https:\/\/x.com\/FusterSpain","https:\/\/www.youtube.com\/channel\/UC2-kNuL1SoqlFizI47hmIOQ","https:\/\/www.linkedin.com\/company\/fuster-&-associates\/"]}]}},"_links":{"self":[{"href":"https:\/\/fuster-associates.com\/fi\/wp-json\/wp\/v2\/pages\/34127","targetHints":{"allow":["GET"]}}],"collection":[{"href":"https:\/\/fuster-associates.com\/fi\/wp-json\/wp\/v2\/pages"}],"about":[{"href":"https:\/\/fuster-associates.com\/fi\/wp-json\/wp\/v2\/types\/page"}],"author":[{"embeddable":true,"href":"https:\/\/fuster-associates.com\/fi\/wp-json\/wp\/v2\/users\/8"}],"replies":[{"embeddable":true,"href":"https:\/\/fuster-associates.com\/fi\/wp-json\/wp\/v2\/comments?post=34127"}],"version-history":[{"count":5,"href":"https:\/\/fuster-associates.com\/fi\/wp-json\/wp\/v2\/pages\/34127\/revisions"}],"predecessor-version":[{"id":34164,"href":"https:\/\/fuster-associates.com\/fi\/wp-json\/wp\/v2\/pages\/34127\/revisions\/34164"}],"up":[{"embeddable":true,"href":"https:\/\/fuster-associates.com\/fi\/wp-json\/wp\/v2\/pages\/28750"}],"wp:attachment":[{"href":"https:\/\/fuster-associates.com\/fi\/wp-json\/wp\/v2\/media?parent=34127"}],"curies":[{"name":"wp","href":"https:\/\/api.w.org\/{rel}","templated":true}]}}