{"id":33898,"date":"2025-09-09T09:47:43","date_gmt":"2025-09-09T07:47:43","guid":{"rendered":"https:\/\/fuster-associates.com\/palvelut\/veropalvelut\/verotutkinta\/"},"modified":"2025-09-09T09:47:45","modified_gmt":"2025-09-09T07:47:45","slug":"verotutkinta","status":"publish","type":"page","link":"https:\/\/fuster-associates.com\/fi\/palvelut\/veropalvelut\/verotutkinta\/","title":{"rendered":"Verotutkinta"},"content":{"rendered":"\t\t<div data-elementor-type=\"wp-page\" data-elementor-id=\"33898\" class=\"elementor elementor-33898 elementor-24056\" data-elementor-post-type=\"page\">\n\t\t\t\t<div class=\"elementor-element elementor-element-56cd93d4 e-flex e-con-boxed e-con e-parent\" data-id=\"56cd93d4\" data-element_type=\"container\" data-e-type=\"container\" data-settings=\"{&quot;background_background&quot;:&quot;classic&quot;}\">\n\t\t\t\t\t<div class=\"e-con-inner\">\n\t\t\t\t<div class=\"elementor-element elementor-element-351739da elementor-invisible elementor-widget elementor-widget-heading\" data-id=\"351739da\" data-element_type=\"widget\" data-e-type=\"widget\" data-settings=\"{&quot;_animation&quot;:&quot;fadeInDown&quot;}\" data-widget_type=\"heading.default\">\n\t\t\t\t\t<h1 class=\"elementor-heading-title elementor-size-default\">Verotutkinta<\/h1>\t\t\t\t<\/div>\n\t\t\t\t<div class=\"elementor-element elementor-element-d5574e8 elementor-invisible elementor-widget elementor-widget-breadcrumbs\" data-id=\"d5574e8\" data-element_type=\"widget\" data-e-type=\"widget\" data-settings=\"{&quot;_animation&quot;:&quot;fadeInUp&quot;}\" data-widget_type=\"breadcrumbs.default\">\n\t\t\t\t\t<p id=\"breadcrumbs\"><span><span><a href=\"https:\/\/fuster-associates.com\/fi\/\">Koti<\/a><\/span><\/span><\/p>\t\t\t\t<\/div>\n\t\t\t\t\t<\/div>\n\t\t\t\t<\/div>\n\t\t<div class=\"elementor-element elementor-element-496759f e-flex e-con-boxed e-con e-parent\" data-id=\"496759f\" data-element_type=\"container\" data-e-type=\"container\">\n\t\t\t\t\t<div class=\"e-con-inner\">\n\t\t\t\t<div class=\"elementor-element elementor-element-f2bd5bf elementor-invisible elementor-widget elementor-widget-heading\" data-id=\"f2bd5bf\" data-element_type=\"widget\" data-e-type=\"widget\" data-settings=\"{&quot;_animation&quot;:&quot;fadeIn&quot;,&quot;_animation_laptop&quot;:&quot;fadeIn&quot;}\" data-widget_type=\"heading.default\">\n\t\t\t\t\t<h2 class=\"elementor-heading-title elementor-size-default\">Asiantunteva verotuki Espanjassa<\/h2>\t\t\t\t<\/div>\n\t\t\t\t<div class=\"elementor-element elementor-element-561829d elementor-invisible elementor-widget elementor-widget-text-editor\" data-id=\"561829d\" data-element_type=\"widget\" data-e-type=\"widget\" data-settings=\"{&quot;_animation&quot;:&quot;fadeIn&quot;,&quot;_animation_laptop&quot;:&quot;fadeIn&quot;}\" data-widget_type=\"text-editor.default\">\n\t\t\t\t\t\t\t\t\t<p>Varmista t\u00e4ysi luottamus <strong data-start=\"187\" data-end=\"276\">veroprosessisi aikana Espanjassa<\/strong> asiantuntevan oikeudellisen avun avulla. Me <strong data-start=\"280\" data-end=\"303\">Fuster &amp; Associatesilla<\/strong> tarjoamme ennakoivaa tukea, joka auttaa sinua <strong data-start=\"344\" data-end=\"399\">hallitsemaan verotarkastuksia ja -tarkastuksia selke\u00e4sti ja helposti.<\/strong> <\/p><p>Kokenut lakitiimimme tarjoaa <strong data-start=\"437\" data-end=\"482\">kattavaa ohjausta ja edustusta<\/strong> varmistaen, ett\u00e4 jokainen vaihe hoidetaan ammattimaisesti.<\/p><p>Avullamme voit <strong data-start=\"554\" data-end=\"622\">nauttia mielenrauhasta, kun tied\u00e4t, ett\u00e4 veroasiasi ovat asiantuntijoiden k\u00e4siss\u00e4<\/strong>. <strong data-start=\"624\" data-end=\"655\" data-is-only-node=\"\">Varaa ilmainen konsultaatio<\/strong> jo t\u00e4n\u00e4\u00e4n ja hallitse verotilanteesi luotettavien ammattilaisten kanssa.<\/p>\t\t\t\t\t\t\t\t<\/div>\n\t\t\t\t\t<\/div>\n\t\t\t\t<\/div>\n\t\t<div class=\"elementor-element elementor-element-76fd9563 e-flex e-con-boxed e-con e-parent\" data-id=\"76fd9563\" data-element_type=\"container\" data-e-type=\"container\">\n\t\t\t\t\t<div class=\"e-con-inner\">\n\t\t\t\t<div class=\"elementor-element elementor-element-461ca52 elementor-icon-list--layout-traditional elementor-list-item-link-full_width elementor-widget elementor-widget-icon-list\" data-id=\"461ca52\" data-element_type=\"widget\" data-e-type=\"widget\" data-widget_type=\"icon-list.default\">\n\t\t\t\t\t\t\t<ul class=\"elementor-icon-list-items\">\n\t\t\t\t\t\t\t<li class=\"elementor-icon-list-item\">\n\t\t\t\t\t\t\t\t\t\t\t<a href=\"https:\/\/fuster-associates.com\/services\/tax-services\/tax-investigation\/tax-investigation\/\">\n\n\t\t\t\t\t\t\t\t\t\t\t\t<span class=\"elementor-icon-list-icon\">\n\t\t\t\t\t\t\t<svg aria-hidden=\"true\" class=\"e-font-icon-svg e-fas-caret-right\" viewBox=\"0 0 192 512\" xmlns=\"http:\/\/www.w3.org\/2000\/svg\"><path d=\"M0 384.662V127.338c0-17.818 21.543-26.741 34.142-14.142l128.662 128.662c7.81 7.81 7.81 20.474 0 28.284L34.142 398.804C21.543 411.404 0 402.48 0 384.662z\"><\/path><\/svg>\t\t\t\t\t\t<\/span>\n\t\t\t\t\t\t\t\t\t\t<span class=\"elementor-icon-list-text\">Verotutkinta<\/span>\n\t\t\t\t\t\t\t\t\t\t\t<\/a>\n\t\t\t\t\t\t\t\t\t<\/li>\n\t\t\t\t\t\t<\/ul>\n\t\t\t\t\t\t<\/div>\n\t\t\t\t\t<\/div>\n\t\t\t\t<\/div>\n\t\t\t\t<\/div>\n\t\t","protected":false},"excerpt":{"rendered":"<p>Asiantunteva verotuki Espanjassa Varmista t\u00e4ysi luottamus veroprosessisi aikana Espanjassa asiantuntevan oikeudellisen avun avulla. Me Fuster &amp; Associatesilla tarjoamme ennakoivaa tukea, joka auttaa sinua hallitsemaan verotarkastuksia ja -tarkastuksia selke\u00e4sti ja helposti. Kokenut lakitiimimme tarjoaa kattavaa ohjausta ja edustusta varmistaen, ett\u00e4 jokainen vaihe hoidetaan ammattimaisesti. Avullamme voit nauttia mielenrauhasta, kun tied\u00e4t, ett\u00e4 veroasiasi ovat asiantuntijoiden k\u00e4siss\u00e4. Varaa [&hellip;]<\/p>\n","protected":false},"author":7,"featured_media":0,"parent":28642,"menu_order":0,"comment_status":"closed","ping_status":"closed","template":"","meta":{"content-type":"","_sitemap_exclude":false,"_sitemap_priority":"","_sitemap_frequency":"","footnotes":""},"class_list":["post-33898","page","type-page","status-publish","hentry"],"yoast_head":"<!-- This site is optimized with the Yoast SEO plugin v27.4 - https:\/\/yoast.com\/product\/yoast-seo-wordpress\/ -->\n<title>Verokysymysten asiantuntijatuki \u2013 Fuster &amp; Associates<\/title>\n<meta name=\"description\" content=\"Yksinkertaistamme monimutkaisia verotutkimuksia ulkomaalaisille kiinteist\u00f6nomistajille Espanjassa. Varaa ilmainen konsultaatio nyt.\" \/>\n<meta name=\"robots\" content=\"index, follow, max-snippet:-1, max-image-preview:large, max-video-preview:-1\" \/>\n<link rel=\"canonical\" href=\"https:\/\/fuster-associates.com\/fi\/palvelut\/veropalvelut\/verotutkinta\/\" \/>\n<meta property=\"og:locale\" content=\"fi_FI\" \/>\n<meta property=\"og:type\" content=\"article\" \/>\n<meta property=\"og:title\" content=\"Verokysymysten asiantuntijatuki \u2013 Fuster &amp; Associates\" \/>\n<meta property=\"og:description\" content=\"Yksinkertaistamme monimutkaisia verotutkimuksia ulkomaalaisille kiinteist\u00f6nomistajille Espanjassa. Varaa ilmainen konsultaatio nyt.\" \/>\n<meta property=\"og:url\" content=\"https:\/\/fuster-associates.com\/fi\/palvelut\/veropalvelut\/verotutkinta\/\" \/>\n<meta property=\"og:site_name\" content=\"Fuster &amp; Associates\" \/>\n<meta property=\"article:publisher\" content=\"https:\/\/www.facebook.com\/fusterspain\/\" \/>\n<meta property=\"article:modified_time\" content=\"2025-09-09T07:47:45+00:00\" \/>\n<meta property=\"og:image\" content=\"https:\/\/fuster-associates.com\/wp-content\/uploads\/2020\/02\/slide-fuster-standard.jpg\" \/>\n\t<meta property=\"og:image:width\" content=\"1920\" \/>\n\t<meta property=\"og:image:height\" content=\"1280\" \/>\n\t<meta property=\"og:image:type\" content=\"image\/jpeg\" \/>\n<meta name=\"twitter:card\" content=\"summary_large_image\" \/>\n<meta name=\"twitter:site\" content=\"@FusterSpain\" \/>\n<script type=\"application\/ld+json\" class=\"yoast-schema-graph\">{\"@context\":\"https:\\\/\\\/schema.org\",\"@graph\":[{\"@type\":\"WebPage\",\"@id\":\"https:\\\/\\\/fuster-associates.com\\\/fi\\\/palvelut\\\/veropalvelut\\\/verotutkinta\\\/\",\"url\":\"https:\\\/\\\/fuster-associates.com\\\/fi\\\/palvelut\\\/veropalvelut\\\/verotutkinta\\\/\",\"name\":\"Verokysymysten asiantuntijatuki \u2013 Fuster & Associates\",\"isPartOf\":{\"@id\":\"https:\\\/\\\/fuster-associates.com\\\/fi\\\/#website\"},\"datePublished\":\"2025-09-09T07:47:43+00:00\",\"dateModified\":\"2025-09-09T07:47:45+00:00\",\"description\":\"Yksinkertaistamme monimutkaisia verotutkimuksia ulkomaalaisille kiinteist\u00f6nomistajille Espanjassa. Varaa ilmainen konsultaatio nyt.\",\"breadcrumb\":{\"@id\":\"https:\\\/\\\/fuster-associates.com\\\/fi\\\/palvelut\\\/veropalvelut\\\/verotutkinta\\\/#breadcrumb\"},\"inLanguage\":\"fi\",\"potentialAction\":[{\"@type\":\"ReadAction\",\"target\":[\"https:\\\/\\\/fuster-associates.com\\\/fi\\\/palvelut\\\/veropalvelut\\\/verotutkinta\\\/\"]}]},{\"@type\":\"BreadcrumbList\",\"@id\":\"https:\\\/\\\/fuster-associates.com\\\/fi\\\/palvelut\\\/veropalvelut\\\/verotutkinta\\\/#breadcrumb\",\"itemListElement\":[{\"@type\":\"ListItem\",\"position\":1,\"name\":\"Koti\",\"item\":\"https:\\\/\\\/fuster-associates.com\\\/fi\\\/\"},{\"@type\":\"ListItem\",\"position\":2,\"name\":\"Palvelut\",\"item\":\"https:\\\/\\\/fuster-associates.com\\\/fi\\\/serviceydelser\\\/\"},{\"@type\":\"ListItem\",\"position\":3,\"name\":\"Veropalvelut\",\"item\":\"https:\\\/\\\/fuster-associates.com\\\/fi\\\/serviceydelser\\\/skattetjenester\\\/\"},{\"@type\":\"ListItem\",\"position\":4,\"name\":\"Verotutkinta\"}]},{\"@type\":\"WebSite\",\"@id\":\"https:\\\/\\\/fuster-associates.com\\\/fi\\\/#website\",\"url\":\"https:\\\/\\\/fuster-associates.com\\\/fi\\\/\",\"name\":\"Fuster & Associates\",\"description\":\"Property Solicitors\",\"publisher\":{\"@id\":\"https:\\\/\\\/fuster-associates.com\\\/fi\\\/#organization\"},\"potentialAction\":[{\"@type\":\"SearchAction\",\"target\":{\"@type\":\"EntryPoint\",\"urlTemplate\":\"https:\\\/\\\/fuster-associates.com\\\/fi\\\/?s={search_term_string}\"},\"query-input\":{\"@type\":\"PropertyValueSpecification\",\"valueRequired\":true,\"valueName\":\"search_term_string\"}}],\"inLanguage\":\"fi\"},{\"@type\":\"Organization\",\"@id\":\"https:\\\/\\\/fuster-associates.com\\\/fi\\\/#organization\",\"name\":\"FUSTER & ASSOCIATES\",\"url\":\"https:\\\/\\\/fuster-associates.com\\\/fi\\\/\",\"logo\":{\"@type\":\"ImageObject\",\"inLanguage\":\"fi\",\"@id\":\"https:\\\/\\\/fuster-associates.com\\\/fi\\\/#\\\/schema\\\/logo\\\/image\\\/\",\"url\":\"https:\\\/\\\/fuster-associates.com\\\/wp-content\\\/uploads\\\/2018\\\/08\\\/logo-fuster-1.jpeg\",\"contentUrl\":\"https:\\\/\\\/fuster-associates.com\\\/wp-content\\\/uploads\\\/2018\\\/08\\\/logo-fuster-1.jpeg\",\"width\":180,\"height\":113,\"caption\":\"FUSTER & ASSOCIATES\"},\"image\":{\"@id\":\"https:\\\/\\\/fuster-associates.com\\\/fi\\\/#\\\/schema\\\/logo\\\/image\\\/\"},\"sameAs\":[\"https:\\\/\\\/www.facebook.com\\\/fusterspain\\\/\",\"https:\\\/\\\/x.com\\\/FusterSpain\",\"https:\\\/\\\/www.youtube.com\\\/channel\\\/UC2-kNuL1SoqlFizI47hmIOQ\",\"https:\\\/\\\/www.linkedin.com\\\/company\\\/fuster-&-associates\\\/\"]}]}<\/script>\n<!-- \/ Yoast SEO plugin. -->","yoast_head_json":{"title":"Verokysymysten asiantuntijatuki \u2013 Fuster & Associates","description":"Yksinkertaistamme monimutkaisia verotutkimuksia ulkomaalaisille kiinteist\u00f6nomistajille Espanjassa. Varaa ilmainen konsultaatio nyt.","robots":{"index":"index","follow":"follow","max-snippet":"max-snippet:-1","max-image-preview":"max-image-preview:large","max-video-preview":"max-video-preview:-1"},"canonical":"https:\/\/fuster-associates.com\/fi\/palvelut\/veropalvelut\/verotutkinta\/","og_locale":"fi_FI","og_type":"article","og_title":"Verokysymysten asiantuntijatuki \u2013 Fuster & Associates","og_description":"Yksinkertaistamme monimutkaisia verotutkimuksia ulkomaalaisille kiinteist\u00f6nomistajille Espanjassa. Varaa ilmainen konsultaatio nyt.","og_url":"https:\/\/fuster-associates.com\/fi\/palvelut\/veropalvelut\/verotutkinta\/","og_site_name":"Fuster &amp; Associates","article_publisher":"https:\/\/www.facebook.com\/fusterspain\/","article_modified_time":"2025-09-09T07:47:45+00:00","og_image":[{"width":1920,"height":1280,"url":"https:\/\/fuster-associates.com\/wp-content\/uploads\/2020\/02\/slide-fuster-standard.jpg","type":"image\/jpeg"}],"twitter_card":"summary_large_image","twitter_site":"@FusterSpain","schema":{"@context":"https:\/\/schema.org","@graph":[{"@type":"WebPage","@id":"https:\/\/fuster-associates.com\/fi\/palvelut\/veropalvelut\/verotutkinta\/","url":"https:\/\/fuster-associates.com\/fi\/palvelut\/veropalvelut\/verotutkinta\/","name":"Verokysymysten asiantuntijatuki \u2013 Fuster & Associates","isPartOf":{"@id":"https:\/\/fuster-associates.com\/fi\/#website"},"datePublished":"2025-09-09T07:47:43+00:00","dateModified":"2025-09-09T07:47:45+00:00","description":"Yksinkertaistamme monimutkaisia verotutkimuksia ulkomaalaisille kiinteist\u00f6nomistajille Espanjassa. Varaa ilmainen konsultaatio nyt.","breadcrumb":{"@id":"https:\/\/fuster-associates.com\/fi\/palvelut\/veropalvelut\/verotutkinta\/#breadcrumb"},"inLanguage":"fi","potentialAction":[{"@type":"ReadAction","target":["https:\/\/fuster-associates.com\/fi\/palvelut\/veropalvelut\/verotutkinta\/"]}]},{"@type":"BreadcrumbList","@id":"https:\/\/fuster-associates.com\/fi\/palvelut\/veropalvelut\/verotutkinta\/#breadcrumb","itemListElement":[{"@type":"ListItem","position":1,"name":"Koti","item":"https:\/\/fuster-associates.com\/fi\/"},{"@type":"ListItem","position":2,"name":"Palvelut","item":"https:\/\/fuster-associates.com\/fi\/serviceydelser\/"},{"@type":"ListItem","position":3,"name":"Veropalvelut","item":"https:\/\/fuster-associates.com\/fi\/serviceydelser\/skattetjenester\/"},{"@type":"ListItem","position":4,"name":"Verotutkinta"}]},{"@type":"WebSite","@id":"https:\/\/fuster-associates.com\/fi\/#website","url":"https:\/\/fuster-associates.com\/fi\/","name":"Fuster & Associates","description":"Property Solicitors","publisher":{"@id":"https:\/\/fuster-associates.com\/fi\/#organization"},"potentialAction":[{"@type":"SearchAction","target":{"@type":"EntryPoint","urlTemplate":"https:\/\/fuster-associates.com\/fi\/?s={search_term_string}"},"query-input":{"@type":"PropertyValueSpecification","valueRequired":true,"valueName":"search_term_string"}}],"inLanguage":"fi"},{"@type":"Organization","@id":"https:\/\/fuster-associates.com\/fi\/#organization","name":"FUSTER & ASSOCIATES","url":"https:\/\/fuster-associates.com\/fi\/","logo":{"@type":"ImageObject","inLanguage":"fi","@id":"https:\/\/fuster-associates.com\/fi\/#\/schema\/logo\/image\/","url":"https:\/\/fuster-associates.com\/wp-content\/uploads\/2018\/08\/logo-fuster-1.jpeg","contentUrl":"https:\/\/fuster-associates.com\/wp-content\/uploads\/2018\/08\/logo-fuster-1.jpeg","width":180,"height":113,"caption":"FUSTER & ASSOCIATES"},"image":{"@id":"https:\/\/fuster-associates.com\/fi\/#\/schema\/logo\/image\/"},"sameAs":["https:\/\/www.facebook.com\/fusterspain\/","https:\/\/x.com\/FusterSpain","https:\/\/www.youtube.com\/channel\/UC2-kNuL1SoqlFizI47hmIOQ","https:\/\/www.linkedin.com\/company\/fuster-&-associates\/"]}]}},"_links":{"self":[{"href":"https:\/\/fuster-associates.com\/fi\/wp-json\/wp\/v2\/pages\/33898","targetHints":{"allow":["GET"]}}],"collection":[{"href":"https:\/\/fuster-associates.com\/fi\/wp-json\/wp\/v2\/pages"}],"about":[{"href":"https:\/\/fuster-associates.com\/fi\/wp-json\/wp\/v2\/types\/page"}],"author":[{"embeddable":true,"href":"https:\/\/fuster-associates.com\/fi\/wp-json\/wp\/v2\/users\/7"}],"replies":[{"embeddable":true,"href":"https:\/\/fuster-associates.com\/fi\/wp-json\/wp\/v2\/comments?post=33898"}],"version-history":[{"count":1,"href":"https:\/\/fuster-associates.com\/fi\/wp-json\/wp\/v2\/pages\/33898\/revisions"}],"predecessor-version":[{"id":33899,"href":"https:\/\/fuster-associates.com\/fi\/wp-json\/wp\/v2\/pages\/33898\/revisions\/33899"}],"up":[{"embeddable":true,"href":"https:\/\/fuster-associates.com\/fi\/wp-json\/wp\/v2\/pages\/28642"}],"wp:attachment":[{"href":"https:\/\/fuster-associates.com\/fi\/wp-json\/wp\/v2\/media?parent=33898"}],"curies":[{"name":"wp","href":"https:\/\/api.w.org\/{rel}","templated":true}]}}