{"id":33823,"date":"2025-09-09T08:56:44","date_gmt":"2025-09-09T06:56:44","guid":{"rendered":"https:\/\/fuster-associates.com\/palvelut\/veropalvelut\/kiinteistoveropalvelut\/"},"modified":"2025-09-09T08:57:04","modified_gmt":"2025-09-09T06:57:04","slug":"kiinteistoveropalvelut","status":"publish","type":"page","link":"https:\/\/fuster-associates.com\/fi\/palvelut\/veropalvelut\/kiinteistoveropalvelut\/","title":{"rendered":"Kiinteist\u00f6veropalvelut"},"content":{"rendered":"\t\t<div data-elementor-type=\"wp-page\" data-elementor-id=\"33823\" class=\"elementor elementor-33823 elementor-24046\" data-elementor-post-type=\"page\">\n\t\t\t\t<div class=\"elementor-element elementor-element-e3a38ab e-flex e-con-boxed e-con e-parent\" data-id=\"e3a38ab\" data-element_type=\"container\" data-e-type=\"container\" data-settings=\"{&quot;background_background&quot;:&quot;classic&quot;}\">\n\t\t\t\t\t<div class=\"e-con-inner\">\n\t\t\t\t<div class=\"elementor-element elementor-element-3e334101 elementor-invisible elementor-widget elementor-widget-heading\" data-id=\"3e334101\" data-element_type=\"widget\" data-e-type=\"widget\" data-settings=\"{&quot;_animation&quot;:&quot;fadeInDown&quot;}\" data-widget_type=\"heading.default\">\n\t\t\t\t\t<h1 class=\"elementor-heading-title elementor-size-default\">Kiinteist\u00f6veropalvelut<\/h1>\t\t\t\t<\/div>\n\t\t\t\t<div class=\"elementor-element elementor-element-57c792b elementor-invisible elementor-widget elementor-widget-breadcrumbs\" data-id=\"57c792b\" data-element_type=\"widget\" data-e-type=\"widget\" data-settings=\"{&quot;_animation&quot;:&quot;fadeInUp&quot;}\" data-widget_type=\"breadcrumbs.default\">\n\t\t\t\t\t<p id=\"breadcrumbs\"><span><span><a href=\"https:\/\/fuster-associates.com\/fi\/\">Koti<\/a><\/span><\/span><\/p>\t\t\t\t<\/div>\n\t\t\t\t\t<\/div>\n\t\t\t\t<\/div>\n\t\t<div class=\"elementor-element elementor-element-fa95aca e-flex e-con-boxed e-con e-parent\" data-id=\"fa95aca\" data-element_type=\"container\" data-e-type=\"container\">\n\t\t\t\t\t<div class=\"e-con-inner\">\n\t\t\t\t<div class=\"elementor-element elementor-element-831c963 elementor-invisible elementor-widget elementor-widget-heading\" data-id=\"831c963\" data-element_type=\"widget\" data-e-type=\"widget\" data-settings=\"{&quot;_animation&quot;:&quot;fadeIn&quot;,&quot;_animation_laptop&quot;:&quot;fadeIn&quot;}\" data-widget_type=\"heading.default\">\n\t\t\t\t\t<h2 class=\"elementor-heading-title elementor-size-default\">Oikeudellinen tuki kiinteist\u00f6veroihin Espanjassa<\/h2>\t\t\t\t<\/div>\n\t\t\t\t<div class=\"elementor-element elementor-element-717fc31 elementor-invisible elementor-widget elementor-widget-text-editor\" data-id=\"717fc31\" data-element_type=\"widget\" data-e-type=\"widget\" data-settings=\"{&quot;_animation&quot;:&quot;fadeIn&quot;,&quot;_animation_laptop&quot;:&quot;fadeIn&quot;}\" data-widget_type=\"text-editor.default\">\n\t\t\t\t\t\t\t\t\t<p data-start=\"119\" data-end=\"367\">Kiinteist\u00f6verojen ymm\u00e4rt\u00e4minen Espanjassa avaa oven \u00e4lykk\u00e4\u00e4mmille kiinteist\u00f6p\u00e4\u00e4t\u00f6ksille. Fuster &amp; Associates tarjoaa <strong data-start=\"241\" data-end=\"266\">asiantuntevaa oikeudellista neuvontaa<\/strong> keskeisist\u00e4 veroista, kuten IBI:st\u00e4 (paikallinen kiinteist\u00f6vero), perint\u00f6- ja lahjaverosta sek\u00e4 varainsiirtoverosta. <\/p><p data-start=\"369\" data-end=\"633\">Olitpa ostamassa, perim\u00e4ss\u00e4 tai vastaanottamassa kiinteist\u00f6\u00e4, tiimimme varmistaa <strong data-start=\"446\" data-end=\"486\">Espanjan verolains\u00e4\u00e4d\u00e4nn\u00f6n t\u00e4ydellisen noudattamisen<\/strong>, mik\u00e4 auttaa sinua <strong data-start=\"500\" data-end=\"545\">maksimoimaan tehokkuuden ja v\u00e4ltt\u00e4m\u00e4\u00e4n ylim\u00e4\u00e4r\u00e4isi\u00e4 kustannuksia<\/strong>. Luota siihen, ett\u00e4 teemme kiinteist\u00f6verotusprosessistasi <strong data-start=\"598\" data-end=\"632\">selke\u00e4n, sujuvan ja stressitt\u00f6m\u00e4n<\/strong>. <\/p>\t\t\t\t\t\t\t\t<\/div>\n\t\t\t\t\t<\/div>\n\t\t\t\t<\/div>\n\t\t<div class=\"elementor-element elementor-element-3d58d2b e-flex e-con-boxed e-con e-parent\" data-id=\"3d58d2b\" data-element_type=\"container\" data-e-type=\"container\">\n\t\t\t\t\t<div class=\"e-con-inner\">\n\t\t\t\t<div class=\"elementor-element elementor-element-6284e0a elementor-icon-list--layout-traditional elementor-list-item-link-full_width elementor-widget elementor-widget-icon-list\" data-id=\"6284e0a\" data-element_type=\"widget\" data-e-type=\"widget\" data-widget_type=\"icon-list.default\">\n\t\t\t\t\t\t\t<ul class=\"elementor-icon-list-items\">\n\t\t\t\t\t\t\t<li class=\"elementor-icon-list-item\">\n\t\t\t\t\t\t\t\t\t\t\t<a href=\"https:\/\/fuster-associates.com\/services\/tax-services\/property-tax-services\/property-transfer-tax\/\">\n\n\t\t\t\t\t\t\t\t\t\t\t\t<span class=\"elementor-icon-list-icon\">\n\t\t\t\t\t\t\t<svg aria-hidden=\"true\" class=\"e-font-icon-svg e-fas-caret-right\" viewBox=\"0 0 192 512\" xmlns=\"http:\/\/www.w3.org\/2000\/svg\"><path d=\"M0 384.662V127.338c0-17.818 21.543-26.741 34.142-14.142l128.662 128.662c7.81 7.81 7.81 20.474 0 28.284L34.142 398.804C21.543 411.404 0 402.48 0 384.662z\"><\/path><\/svg>\t\t\t\t\t\t<\/span>\n\t\t\t\t\t\t\t\t\t\t<span class=\"elementor-icon-list-text\">Varainsiirtovero<\/span>\n\t\t\t\t\t\t\t\t\t\t\t<\/a>\n\t\t\t\t\t\t\t\t\t<\/li>\n\t\t\t\t\t\t\t\t<li class=\"elementor-icon-list-item\">\n\t\t\t\t\t\t\t\t\t\t\t<a href=\"https:\/\/fuster-associates.com\/services\/tax-services\/property-tax-services\/inheritance-and-gifts-tax\/\">\n\n\t\t\t\t\t\t\t\t\t\t\t\t<span class=\"elementor-icon-list-icon\">\n\t\t\t\t\t\t\t<svg aria-hidden=\"true\" class=\"e-font-icon-svg e-fas-caret-right\" viewBox=\"0 0 192 512\" xmlns=\"http:\/\/www.w3.org\/2000\/svg\"><path d=\"M0 384.662V127.338c0-17.818 21.543-26.741 34.142-14.142l128.662 128.662c7.81 7.81 7.81 20.474 0 28.284L34.142 398.804C21.543 411.404 0 402.48 0 384.662z\"><\/path><\/svg>\t\t\t\t\t\t<\/span>\n\t\t\t\t\t\t\t\t\t\t<span class=\"elementor-icon-list-text\">Perint\u00f6- Ja Lahjavero<\/span>\n\t\t\t\t\t\t\t\t\t\t\t<\/a>\n\t\t\t\t\t\t\t\t\t<\/li>\n\t\t\t\t\t\t\t\t<li class=\"elementor-icon-list-item\">\n\t\t\t\t\t\t\t\t\t\t\t<a href=\"https:\/\/fuster-associates.com\/services\/tax-services\/property-tax-services\/ibi\/\">\n\n\t\t\t\t\t\t\t\t\t\t\t\t<span class=\"elementor-icon-list-icon\">\n\t\t\t\t\t\t\t<svg aria-hidden=\"true\" class=\"e-font-icon-svg e-fas-caret-right\" viewBox=\"0 0 192 512\" xmlns=\"http:\/\/www.w3.org\/2000\/svg\"><path d=\"M0 384.662V127.338c0-17.818 21.543-26.741 34.142-14.142l128.662 128.662c7.81 7.81 7.81 20.474 0 28.284L34.142 398.804C21.543 411.404 0 402.48 0 384.662z\"><\/path><\/svg>\t\t\t\t\t\t<\/span>\n\t\t\t\t\t\t\t\t\t\t<span class=\"elementor-icon-list-text\">IBI<\/span>\n\t\t\t\t\t\t\t\t\t\t\t<\/a>\n\t\t\t\t\t\t\t\t\t<\/li>\n\t\t\t\t\t\t<\/ul>\n\t\t\t\t\t\t<\/div>\n\t\t\t\t\t<\/div>\n\t\t\t\t<\/div>\n\t\t\t\t<\/div>\n\t\t","protected":false},"excerpt":{"rendered":"<p>Oikeudellinen tuki kiinteist\u00f6veroihin Espanjassa Kiinteist\u00f6verojen ymm\u00e4rt\u00e4minen Espanjassa avaa oven \u00e4lykk\u00e4\u00e4mmille kiinteist\u00f6p\u00e4\u00e4t\u00f6ksille. Fuster &amp; Associates tarjoaa asiantuntevaa oikeudellista neuvontaa keskeisist\u00e4 veroista, kuten IBI:st\u00e4 (paikallinen kiinteist\u00f6vero), perint\u00f6- ja lahjaverosta sek\u00e4 varainsiirtoverosta. Olitpa ostamassa, perim\u00e4ss\u00e4 tai vastaanottamassa kiinteist\u00f6\u00e4, tiimimme varmistaa Espanjan verolains\u00e4\u00e4d\u00e4nn\u00f6n t\u00e4ydellisen noudattamisen, mik\u00e4 auttaa sinua maksimoimaan tehokkuuden ja v\u00e4ltt\u00e4m\u00e4\u00e4n ylim\u00e4\u00e4r\u00e4isi\u00e4 kustannuksia. Luota siihen, ett\u00e4 teemme kiinteist\u00f6verotusprosessistasi [&hellip;]<\/p>\n","protected":false},"author":7,"featured_media":0,"parent":28642,"menu_order":0,"comment_status":"closed","ping_status":"closed","template":"","meta":{"content-type":"","_sitemap_exclude":false,"_sitemap_priority":"","_sitemap_frequency":"","footnotes":""},"class_list":["post-33823","page","type-page","status-publish","hentry"],"yoast_head":"<!-- This site is optimized with the Yoast SEO plugin v27.4 - https:\/\/yoast.com\/product\/yoast-seo-wordpress\/ -->\n<title>Espanjan kiinteist\u00f6veropalvelut \u2013 Fuster &amp; Associates<\/title>\n<meta name=\"description\" content=\"Asiantuntevaa neuvontaa Espanjan kiinteist\u00f6veroista: IBI, perint\u00f6vero ja siirtovero. R\u00e4\u00e4t\u00e4l\u00f6ity ulkomaisille kiinteist\u00f6nomistajille ja ostajille.\" \/>\n<meta name=\"robots\" content=\"index, follow, max-snippet:-1, max-image-preview:large, max-video-preview:-1\" \/>\n<link rel=\"canonical\" href=\"https:\/\/fuster-associates.com\/fi\/palvelut\/veropalvelut\/kiinteistoveropalvelut\/\" \/>\n<meta property=\"og:locale\" content=\"fi_FI\" \/>\n<meta property=\"og:type\" content=\"article\" \/>\n<meta property=\"og:title\" content=\"Espanjan kiinteist\u00f6veropalvelut \u2013 Fuster &amp; Associates\" \/>\n<meta property=\"og:description\" content=\"Asiantuntevaa neuvontaa Espanjan kiinteist\u00f6veroista: IBI, perint\u00f6vero ja siirtovero. R\u00e4\u00e4t\u00e4l\u00f6ity ulkomaisille kiinteist\u00f6nomistajille ja ostajille.\" \/>\n<meta property=\"og:url\" content=\"https:\/\/fuster-associates.com\/fi\/palvelut\/veropalvelut\/kiinteistoveropalvelut\/\" \/>\n<meta property=\"og:site_name\" content=\"Fuster &amp; Associates\" \/>\n<meta property=\"article:publisher\" content=\"https:\/\/www.facebook.com\/fusterspain\/\" \/>\n<meta property=\"article:modified_time\" content=\"2025-09-09T06:57:04+00:00\" \/>\n<meta property=\"og:image\" content=\"https:\/\/fuster-associates.com\/wp-content\/uploads\/2020\/02\/slide-fuster-standard.jpg\" \/>\n\t<meta property=\"og:image:width\" content=\"1920\" \/>\n\t<meta property=\"og:image:height\" content=\"1280\" \/>\n\t<meta property=\"og:image:type\" content=\"image\/jpeg\" \/>\n<meta name=\"twitter:card\" content=\"summary_large_image\" \/>\n<meta name=\"twitter:site\" content=\"@FusterSpain\" \/>\n<script type=\"application\/ld+json\" class=\"yoast-schema-graph\">{\"@context\":\"https:\\\/\\\/schema.org\",\"@graph\":[{\"@type\":\"WebPage\",\"@id\":\"https:\\\/\\\/fuster-associates.com\\\/fi\\\/palvelut\\\/veropalvelut\\\/kiinteistoveropalvelut\\\/\",\"url\":\"https:\\\/\\\/fuster-associates.com\\\/fi\\\/palvelut\\\/veropalvelut\\\/kiinteistoveropalvelut\\\/\",\"name\":\"Espanjan kiinteist\u00f6veropalvelut \u2013 Fuster & Associates\",\"isPartOf\":{\"@id\":\"https:\\\/\\\/fuster-associates.com\\\/fi\\\/#website\"},\"datePublished\":\"2025-09-09T06:56:44+00:00\",\"dateModified\":\"2025-09-09T06:57:04+00:00\",\"description\":\"Asiantuntevaa neuvontaa Espanjan kiinteist\u00f6veroista: IBI, perint\u00f6vero ja siirtovero. R\u00e4\u00e4t\u00e4l\u00f6ity ulkomaisille kiinteist\u00f6nomistajille ja ostajille.\",\"breadcrumb\":{\"@id\":\"https:\\\/\\\/fuster-associates.com\\\/fi\\\/palvelut\\\/veropalvelut\\\/kiinteistoveropalvelut\\\/#breadcrumb\"},\"inLanguage\":\"fi\",\"potentialAction\":[{\"@type\":\"ReadAction\",\"target\":[\"https:\\\/\\\/fuster-associates.com\\\/fi\\\/palvelut\\\/veropalvelut\\\/kiinteistoveropalvelut\\\/\"]}]},{\"@type\":\"BreadcrumbList\",\"@id\":\"https:\\\/\\\/fuster-associates.com\\\/fi\\\/palvelut\\\/veropalvelut\\\/kiinteistoveropalvelut\\\/#breadcrumb\",\"itemListElement\":[{\"@type\":\"ListItem\",\"position\":1,\"name\":\"Koti\",\"item\":\"https:\\\/\\\/fuster-associates.com\\\/fi\\\/\"},{\"@type\":\"ListItem\",\"position\":2,\"name\":\"Palvelut\",\"item\":\"https:\\\/\\\/fuster-associates.com\\\/fi\\\/serviceydelser\\\/\"},{\"@type\":\"ListItem\",\"position\":3,\"name\":\"Veropalvelut\",\"item\":\"https:\\\/\\\/fuster-associates.com\\\/fi\\\/serviceydelser\\\/skattetjenester\\\/\"},{\"@type\":\"ListItem\",\"position\":4,\"name\":\"Kiinteist\u00f6veropalvelut\"}]},{\"@type\":\"WebSite\",\"@id\":\"https:\\\/\\\/fuster-associates.com\\\/fi\\\/#website\",\"url\":\"https:\\\/\\\/fuster-associates.com\\\/fi\\\/\",\"name\":\"Fuster & Associates\",\"description\":\"Property Solicitors\",\"publisher\":{\"@id\":\"https:\\\/\\\/fuster-associates.com\\\/fi\\\/#organization\"},\"potentialAction\":[{\"@type\":\"SearchAction\",\"target\":{\"@type\":\"EntryPoint\",\"urlTemplate\":\"https:\\\/\\\/fuster-associates.com\\\/fi\\\/?s={search_term_string}\"},\"query-input\":{\"@type\":\"PropertyValueSpecification\",\"valueRequired\":true,\"valueName\":\"search_term_string\"}}],\"inLanguage\":\"fi\"},{\"@type\":\"Organization\",\"@id\":\"https:\\\/\\\/fuster-associates.com\\\/fi\\\/#organization\",\"name\":\"FUSTER & ASSOCIATES\",\"url\":\"https:\\\/\\\/fuster-associates.com\\\/fi\\\/\",\"logo\":{\"@type\":\"ImageObject\",\"inLanguage\":\"fi\",\"@id\":\"https:\\\/\\\/fuster-associates.com\\\/fi\\\/#\\\/schema\\\/logo\\\/image\\\/\",\"url\":\"https:\\\/\\\/fuster-associates.com\\\/wp-content\\\/uploads\\\/2018\\\/08\\\/logo-fuster-1.jpeg\",\"contentUrl\":\"https:\\\/\\\/fuster-associates.com\\\/wp-content\\\/uploads\\\/2018\\\/08\\\/logo-fuster-1.jpeg\",\"width\":180,\"height\":113,\"caption\":\"FUSTER & ASSOCIATES\"},\"image\":{\"@id\":\"https:\\\/\\\/fuster-associates.com\\\/fi\\\/#\\\/schema\\\/logo\\\/image\\\/\"},\"sameAs\":[\"https:\\\/\\\/www.facebook.com\\\/fusterspain\\\/\",\"https:\\\/\\\/x.com\\\/FusterSpain\",\"https:\\\/\\\/www.youtube.com\\\/channel\\\/UC2-kNuL1SoqlFizI47hmIOQ\",\"https:\\\/\\\/www.linkedin.com\\\/company\\\/fuster-&-associates\\\/\"]}]}<\/script>\n<!-- \/ Yoast SEO plugin. -->","yoast_head_json":{"title":"Espanjan kiinteist\u00f6veropalvelut \u2013 Fuster & Associates","description":"Asiantuntevaa neuvontaa Espanjan kiinteist\u00f6veroista: IBI, perint\u00f6vero ja siirtovero. R\u00e4\u00e4t\u00e4l\u00f6ity ulkomaisille kiinteist\u00f6nomistajille ja ostajille.","robots":{"index":"index","follow":"follow","max-snippet":"max-snippet:-1","max-image-preview":"max-image-preview:large","max-video-preview":"max-video-preview:-1"},"canonical":"https:\/\/fuster-associates.com\/fi\/palvelut\/veropalvelut\/kiinteistoveropalvelut\/","og_locale":"fi_FI","og_type":"article","og_title":"Espanjan kiinteist\u00f6veropalvelut \u2013 Fuster & Associates","og_description":"Asiantuntevaa neuvontaa Espanjan kiinteist\u00f6veroista: IBI, perint\u00f6vero ja siirtovero. R\u00e4\u00e4t\u00e4l\u00f6ity ulkomaisille kiinteist\u00f6nomistajille ja ostajille.","og_url":"https:\/\/fuster-associates.com\/fi\/palvelut\/veropalvelut\/kiinteistoveropalvelut\/","og_site_name":"Fuster &amp; Associates","article_publisher":"https:\/\/www.facebook.com\/fusterspain\/","article_modified_time":"2025-09-09T06:57:04+00:00","og_image":[{"width":1920,"height":1280,"url":"https:\/\/fuster-associates.com\/wp-content\/uploads\/2020\/02\/slide-fuster-standard.jpg","type":"image\/jpeg"}],"twitter_card":"summary_large_image","twitter_site":"@FusterSpain","schema":{"@context":"https:\/\/schema.org","@graph":[{"@type":"WebPage","@id":"https:\/\/fuster-associates.com\/fi\/palvelut\/veropalvelut\/kiinteistoveropalvelut\/","url":"https:\/\/fuster-associates.com\/fi\/palvelut\/veropalvelut\/kiinteistoveropalvelut\/","name":"Espanjan kiinteist\u00f6veropalvelut \u2013 Fuster & Associates","isPartOf":{"@id":"https:\/\/fuster-associates.com\/fi\/#website"},"datePublished":"2025-09-09T06:56:44+00:00","dateModified":"2025-09-09T06:57:04+00:00","description":"Asiantuntevaa neuvontaa Espanjan kiinteist\u00f6veroista: IBI, perint\u00f6vero ja siirtovero. R\u00e4\u00e4t\u00e4l\u00f6ity ulkomaisille kiinteist\u00f6nomistajille ja ostajille.","breadcrumb":{"@id":"https:\/\/fuster-associates.com\/fi\/palvelut\/veropalvelut\/kiinteistoveropalvelut\/#breadcrumb"},"inLanguage":"fi","potentialAction":[{"@type":"ReadAction","target":["https:\/\/fuster-associates.com\/fi\/palvelut\/veropalvelut\/kiinteistoveropalvelut\/"]}]},{"@type":"BreadcrumbList","@id":"https:\/\/fuster-associates.com\/fi\/palvelut\/veropalvelut\/kiinteistoveropalvelut\/#breadcrumb","itemListElement":[{"@type":"ListItem","position":1,"name":"Koti","item":"https:\/\/fuster-associates.com\/fi\/"},{"@type":"ListItem","position":2,"name":"Palvelut","item":"https:\/\/fuster-associates.com\/fi\/serviceydelser\/"},{"@type":"ListItem","position":3,"name":"Veropalvelut","item":"https:\/\/fuster-associates.com\/fi\/serviceydelser\/skattetjenester\/"},{"@type":"ListItem","position":4,"name":"Kiinteist\u00f6veropalvelut"}]},{"@type":"WebSite","@id":"https:\/\/fuster-associates.com\/fi\/#website","url":"https:\/\/fuster-associates.com\/fi\/","name":"Fuster & Associates","description":"Property Solicitors","publisher":{"@id":"https:\/\/fuster-associates.com\/fi\/#organization"},"potentialAction":[{"@type":"SearchAction","target":{"@type":"EntryPoint","urlTemplate":"https:\/\/fuster-associates.com\/fi\/?s={search_term_string}"},"query-input":{"@type":"PropertyValueSpecification","valueRequired":true,"valueName":"search_term_string"}}],"inLanguage":"fi"},{"@type":"Organization","@id":"https:\/\/fuster-associates.com\/fi\/#organization","name":"FUSTER & ASSOCIATES","url":"https:\/\/fuster-associates.com\/fi\/","logo":{"@type":"ImageObject","inLanguage":"fi","@id":"https:\/\/fuster-associates.com\/fi\/#\/schema\/logo\/image\/","url":"https:\/\/fuster-associates.com\/wp-content\/uploads\/2018\/08\/logo-fuster-1.jpeg","contentUrl":"https:\/\/fuster-associates.com\/wp-content\/uploads\/2018\/08\/logo-fuster-1.jpeg","width":180,"height":113,"caption":"FUSTER & ASSOCIATES"},"image":{"@id":"https:\/\/fuster-associates.com\/fi\/#\/schema\/logo\/image\/"},"sameAs":["https:\/\/www.facebook.com\/fusterspain\/","https:\/\/x.com\/FusterSpain","https:\/\/www.youtube.com\/channel\/UC2-kNuL1SoqlFizI47hmIOQ","https:\/\/www.linkedin.com\/company\/fuster-&-associates\/"]}]}},"_links":{"self":[{"href":"https:\/\/fuster-associates.com\/fi\/wp-json\/wp\/v2\/pages\/33823","targetHints":{"allow":["GET"]}}],"collection":[{"href":"https:\/\/fuster-associates.com\/fi\/wp-json\/wp\/v2\/pages"}],"about":[{"href":"https:\/\/fuster-associates.com\/fi\/wp-json\/wp\/v2\/types\/page"}],"author":[{"embeddable":true,"href":"https:\/\/fuster-associates.com\/fi\/wp-json\/wp\/v2\/users\/7"}],"replies":[{"embeddable":true,"href":"https:\/\/fuster-associates.com\/fi\/wp-json\/wp\/v2\/comments?post=33823"}],"version-history":[{"count":7,"href":"https:\/\/fuster-associates.com\/fi\/wp-json\/wp\/v2\/pages\/33823\/revisions"}],"predecessor-version":[{"id":33830,"href":"https:\/\/fuster-associates.com\/fi\/wp-json\/wp\/v2\/pages\/33823\/revisions\/33830"}],"up":[{"embeddable":true,"href":"https:\/\/fuster-associates.com\/fi\/wp-json\/wp\/v2\/pages\/28642"}],"wp:attachment":[{"href":"https:\/\/fuster-associates.com\/fi\/wp-json\/wp\/v2\/media?parent=33823"}],"curies":[{"name":"wp","href":"https:\/\/api.w.org\/{rel}","templated":true}]}}