{"id":33684,"date":"2025-09-03T11:30:15","date_gmt":"2025-09-03T09:30:15","guid":{"rendered":"https:\/\/fuster-associates.com\/palvelut\/veropalvelut\/verosuunnittelu-ja-optimointi-espanjassa\/"},"modified":"2025-09-03T11:30:31","modified_gmt":"2025-09-03T09:30:31","slug":"verosuunnittelu-ja-optimointi-espanjassa","status":"publish","type":"page","link":"https:\/\/fuster-associates.com\/fi\/palvelut\/veropalvelut\/verosuunnittelu-ja-optimointi-espanjassa\/","title":{"rendered":"Verosuunnittelu Ja Optimointi Espanjassa"},"content":{"rendered":"\t\t<div data-elementor-type=\"wp-page\" data-elementor-id=\"33684\" class=\"elementor elementor-33684 elementor-24039\" data-elementor-post-type=\"page\">\n\t\t\t\t<div class=\"elementor-element elementor-element-50354ecf e-flex e-con-boxed e-con e-parent\" data-id=\"50354ecf\" data-element_type=\"container\" data-e-type=\"container\" data-settings=\"{&quot;background_background&quot;:&quot;classic&quot;}\">\n\t\t\t\t\t<div class=\"e-con-inner\">\n\t\t\t\t<div class=\"elementor-element elementor-element-4da02524 elementor-invisible elementor-widget elementor-widget-heading\" data-id=\"4da02524\" data-element_type=\"widget\" data-e-type=\"widget\" data-settings=\"{&quot;_animation&quot;:&quot;fadeInDown&quot;}\" data-widget_type=\"heading.default\">\n\t\t\t\t\t<h1 class=\"elementor-heading-title elementor-size-default\">Verosuunnittelu Ja Optimointi Espanjassa<\/h1>\t\t\t\t<\/div>\n\t\t\t\t<div class=\"elementor-element elementor-element-662e9daa elementor-invisible elementor-widget elementor-widget-breadcrumbs\" data-id=\"662e9daa\" data-element_type=\"widget\" data-e-type=\"widget\" data-settings=\"{&quot;_animation&quot;:&quot;fadeInUp&quot;}\" data-widget_type=\"breadcrumbs.default\">\n\t\t\t\t\t<p id=\"breadcrumbs\"><span><span><a href=\"https:\/\/fuster-associates.com\/fi\/\">Koti<\/a><\/span><\/span><\/p>\t\t\t\t<\/div>\n\t\t\t\t\t<\/div>\n\t\t\t\t<\/div>\n\t\t<div class=\"elementor-element elementor-element-6c96792 e-flex e-con-boxed e-con e-parent\" data-id=\"6c96792\" data-element_type=\"container\" data-e-type=\"container\">\n\t\t\t\t\t<div class=\"e-con-inner\">\n\t\t\t\t<div class=\"elementor-element elementor-element-7f83184 elementor-invisible elementor-widget elementor-widget-heading\" data-id=\"7f83184\" data-element_type=\"widget\" data-e-type=\"widget\" data-settings=\"{&quot;_animation&quot;:&quot;fadeIn&quot;,&quot;_animation_laptop&quot;:&quot;fadeIn&quot;}\" data-widget_type=\"heading.default\">\n\t\t\t\t\t<h2 class=\"elementor-heading-title elementor-size-default\">Suunnittele verosi Espanjassa<\/h2>\t\t\t\t<\/div>\n\t\t\t\t<div class=\"elementor-element elementor-element-86dbfad elementor-invisible elementor-widget elementor-widget-text-editor\" data-id=\"86dbfad\" data-element_type=\"widget\" data-e-type=\"widget\" data-settings=\"{&quot;_animation&quot;:&quot;fadeIn&quot;,&quot;_animation_laptop&quot;:&quot;fadeIn&quot;}\" data-widget_type=\"text-editor.default\">\n\t\t\t\t\t\t\t\t\t<p><strong data-start=\"240\" data-end=\"258\">Verojen suunnittelu Espanjassa<\/strong> voi olla monimutkaista, varsinkin kansainv\u00e4listen tulojen, omaisuuden tai omaisuuden kanssa. Me <strong data-start=\"337\" data-end=\"360\">Fuster &amp; Associatesilla<\/strong> olemme erikoistuneet kattavaan verosuunnitteluun ja -optimointiin, joka on r\u00e4\u00e4t\u00e4l\u00f6ity asukkaille ja kansainv\u00e4lisille asiakkaille. <\/p><p>Palveluihimme kuuluvat henkil\u00f6- ja varallisuusveroilmoitukset, globaali tulosimulaatio, kryptoverotus, tarkastukset ja laillistamisprosessit. Autamme sinua v\u00e4hent\u00e4m\u00e4\u00e4n vastuita, varmistamaan vaatimustenmukaisuuden ja optimoimaan taloudelliset tuloksesi selke\u00e4sti ja luottavaisin mielin. <\/p>\t\t\t\t\t\t\t\t<\/div>\n\t\t\t\t\t<\/div>\n\t\t\t\t<\/div>\n\t\t<div class=\"elementor-element elementor-element-d448e05 e-flex e-con-boxed e-con e-parent\" data-id=\"d448e05\" data-element_type=\"container\" data-e-type=\"container\">\n\t\t\t\t\t<div class=\"e-con-inner\">\n\t\t<div class=\"elementor-element elementor-element-0cd7a9d e-con-full e-flex e-con e-child\" data-id=\"0cd7a9d\" data-element_type=\"container\" data-e-type=\"container\" data-settings=\"{&quot;background_background&quot;:&quot;classic&quot;}\">\n\t\t<div class=\"elementor-element elementor-element-5d1295f e-con-full e-flex e-con e-child\" data-id=\"5d1295f\" data-element_type=\"container\" data-e-type=\"container\">\n\t\t\t\t<div class=\"elementor-element elementor-element-9aa5c19 elementor-icon-list--layout-traditional elementor-list-item-link-full_width elementor-widget elementor-widget-icon-list\" data-id=\"9aa5c19\" data-element_type=\"widget\" data-e-type=\"widget\" data-widget_type=\"icon-list.default\">\n\t\t\t\t\t\t\t<ul class=\"elementor-icon-list-items\">\n\t\t\t\t\t\t\t<li class=\"elementor-icon-list-item\">\n\t\t\t\t\t\t\t\t\t\t\t<a href=\"https:\/\/fuster-associates.com\/services\/tax-services\/tax-planning-and-optimization-in-spain\/personal-income-tax-return\/\">\n\n\t\t\t\t\t\t\t\t\t\t\t\t<span class=\"elementor-icon-list-icon\">\n\t\t\t\t\t\t\t<svg aria-hidden=\"true\" class=\"e-font-icon-svg e-fas-caret-right\" viewBox=\"0 0 192 512\" xmlns=\"http:\/\/www.w3.org\/2000\/svg\"><path d=\"M0 384.662V127.338c0-17.818 21.543-26.741 34.142-14.142l128.662 128.662c7.81 7.81 7.81 20.474 0 28.284L34.142 398.804C21.543 411.404 0 402.48 0 384.662z\"><\/path><\/svg>\t\t\t\t\t\t<\/span>\n\t\t\t\t\t\t\t\t\t\t<span class=\"elementor-icon-list-text\">Henkil\u00f6kohtainen Tuloveroilmoitus<\/span>\n\t\t\t\t\t\t\t\t\t\t\t<\/a>\n\t\t\t\t\t\t\t\t\t<\/li>\n\t\t\t\t\t\t\t\t<li class=\"elementor-icon-list-item\">\n\t\t\t\t\t\t\t\t\t\t\t<a href=\"https:\/\/fuster-associates.com\/services\/tax-services\/tax-planning-and-optimization-in-spain\/wealth-tax-return\/\">\n\n\t\t\t\t\t\t\t\t\t\t\t\t<span class=\"elementor-icon-list-icon\">\n\t\t\t\t\t\t\t<svg aria-hidden=\"true\" class=\"e-font-icon-svg e-fas-caret-right\" viewBox=\"0 0 192 512\" xmlns=\"http:\/\/www.w3.org\/2000\/svg\"><path d=\"M0 384.662V127.338c0-17.818 21.543-26.741 34.142-14.142l128.662 128.662c7.81 7.81 7.81 20.474 0 28.284L34.142 398.804C21.543 411.404 0 402.48 0 384.662z\"><\/path><\/svg>\t\t\t\t\t\t<\/span>\n\t\t\t\t\t\t\t\t\t\t<span class=\"elementor-icon-list-text\">Varallisuusveroilmoitus<\/span>\n\t\t\t\t\t\t\t\t\t\t\t<\/a>\n\t\t\t\t\t\t\t\t\t<\/li>\n\t\t\t\t\t\t\t\t<li class=\"elementor-icon-list-item\">\n\t\t\t\t\t\t\t\t\t\t\t<a href=\"https:\/\/fuster-associates.com\/services\/tax-services\/tax-planning-and-optimization-in-spain\/pension-tax-planning\/\">\n\n\t\t\t\t\t\t\t\t\t\t\t\t<span class=\"elementor-icon-list-icon\">\n\t\t\t\t\t\t\t<svg aria-hidden=\"true\" class=\"e-font-icon-svg e-fas-caret-right\" viewBox=\"0 0 192 512\" xmlns=\"http:\/\/www.w3.org\/2000\/svg\"><path d=\"M0 384.662V127.338c0-17.818 21.543-26.741 34.142-14.142l128.662 128.662c7.81 7.81 7.81 20.474 0 28.284L34.142 398.804C21.543 411.404 0 402.48 0 384.662z\"><\/path><\/svg>\t\t\t\t\t\t<\/span>\n\t\t\t\t\t\t\t\t\t\t<span class=\"elementor-icon-list-text\">El\u00e4ke Verosuunnittelu<\/span>\n\t\t\t\t\t\t\t\t\t\t\t<\/a>\n\t\t\t\t\t\t\t\t\t<\/li>\n\t\t\t\t\t\t\t\t<li class=\"elementor-icon-list-item\">\n\t\t\t\t\t\t\t\t\t\t\t<a href=\"https:\/\/fuster-associates.com\/services\/tax-services\/tax-planning-and-optimization-in-spain\/goods-and-assets-abroad\/\">\n\n\t\t\t\t\t\t\t\t\t\t\t\t<span class=\"elementor-icon-list-icon\">\n\t\t\t\t\t\t\t<svg aria-hidden=\"true\" class=\"e-font-icon-svg e-fas-caret-right\" viewBox=\"0 0 192 512\" xmlns=\"http:\/\/www.w3.org\/2000\/svg\"><path d=\"M0 384.662V127.338c0-17.818 21.543-26.741 34.142-14.142l128.662 128.662c7.81 7.81 7.81 20.474 0 28.284L34.142 398.804C21.543 411.404 0 402.48 0 384.662z\"><\/path><\/svg>\t\t\t\t\t\t<\/span>\n\t\t\t\t\t\t\t\t\t\t<span class=\"elementor-icon-list-text\">Ulkomailla Olevat Tavarat Ja Varat<\/span>\n\t\t\t\t\t\t\t\t\t\t\t<\/a>\n\t\t\t\t\t\t\t\t\t<\/li>\n\t\t\t\t\t\t\t\t<li class=\"elementor-icon-list-item\">\n\t\t\t\t\t\t\t\t\t\t\t<a href=\"https:\/\/fuster-associates.com\/services\/tax-services\/tax-planning-and-optimization-in-spain\/cryptocurrencies\/\">\n\n\t\t\t\t\t\t\t\t\t\t\t\t<span class=\"elementor-icon-list-icon\">\n\t\t\t\t\t\t\t<svg aria-hidden=\"true\" class=\"e-font-icon-svg e-fas-caret-right\" viewBox=\"0 0 192 512\" xmlns=\"http:\/\/www.w3.org\/2000\/svg\"><path d=\"M0 384.662V127.338c0-17.818 21.543-26.741 34.142-14.142l128.662 128.662c7.81 7.81 7.81 20.474 0 28.284L34.142 398.804C21.543 411.404 0 402.48 0 384.662z\"><\/path><\/svg>\t\t\t\t\t\t<\/span>\n\t\t\t\t\t\t\t\t\t\t<span class=\"elementor-icon-list-text\">Kryptovaluutat<\/span>\n\t\t\t\t\t\t\t\t\t\t\t<\/a>\n\t\t\t\t\t\t\t\t\t<\/li>\n\t\t\t\t\t\t\t\t<li class=\"elementor-icon-list-item\">\n\t\t\t\t\t\t\t\t\t\t\t<a href=\"https:\/\/fuster-associates.com\/services\/tax-services\/tax-planning-and-optimization-in-spain\/tax-authorities-registration\/\">\n\n\t\t\t\t\t\t\t\t\t\t\t\t<span class=\"elementor-icon-list-icon\">\n\t\t\t\t\t\t\t<svg aria-hidden=\"true\" class=\"e-font-icon-svg e-fas-caret-right\" viewBox=\"0 0 192 512\" xmlns=\"http:\/\/www.w3.org\/2000\/svg\"><path d=\"M0 384.662V127.338c0-17.818 21.543-26.741 34.142-14.142l128.662 128.662c7.81 7.81 7.81 20.474 0 28.284L34.142 398.804C21.543 411.404 0 402.48 0 384.662z\"><\/path><\/svg>\t\t\t\t\t\t<\/span>\n\t\t\t\t\t\t\t\t\t\t<span class=\"elementor-icon-list-text\">Veroviranomaisten Rekister\u00f6inti<\/span>\n\t\t\t\t\t\t\t\t\t\t\t<\/a>\n\t\t\t\t\t\t\t\t\t<\/li>\n\t\t\t\t\t\t\t\t<li class=\"elementor-icon-list-item\">\n\t\t\t\t\t\t\t\t\t\t\t<a href=\"https:\/\/fuster-associates.com\/services\/tax-services\/tax-planning-and-optimization-in-spain\/global-tax-simulation\/\">\n\n\t\t\t\t\t\t\t\t\t\t\t\t<span class=\"elementor-icon-list-icon\">\n\t\t\t\t\t\t\t<svg aria-hidden=\"true\" class=\"e-font-icon-svg e-fas-caret-right\" viewBox=\"0 0 192 512\" xmlns=\"http:\/\/www.w3.org\/2000\/svg\"><path d=\"M0 384.662V127.338c0-17.818 21.543-26.741 34.142-14.142l128.662 128.662c7.81 7.81 7.81 20.474 0 28.284L34.142 398.804C21.543 411.404 0 402.48 0 384.662z\"><\/path><\/svg>\t\t\t\t\t\t<\/span>\n\t\t\t\t\t\t\t\t\t\t<span class=\"elementor-icon-list-text\">Globaali Verosimulaatio<\/span>\n\t\t\t\t\t\t\t\t\t\t\t<\/a>\n\t\t\t\t\t\t\t\t\t<\/li>\n\t\t\t\t\t\t<\/ul>\n\t\t\t\t\t\t<\/div>\n\t\t\t\t<\/div>\n\t\t<div class=\"elementor-element elementor-element-ce05521 e-con-full e-flex e-con e-child\" data-id=\"ce05521\" data-element_type=\"container\" data-e-type=\"container\">\n\t\t\t\t<div class=\"elementor-element elementor-element-2afb9af elementor-icon-list--layout-traditional elementor-list-item-link-full_width elementor-widget elementor-widget-icon-list\" data-id=\"2afb9af\" data-element_type=\"widget\" data-e-type=\"widget\" data-widget_type=\"icon-list.default\">\n\t\t\t\t\t\t\t<ul class=\"elementor-icon-list-items\">\n\t\t\t\t\t\t\t<li class=\"elementor-icon-list-item\">\n\t\t\t\t\t\t\t\t\t\t\t<a href=\"https:\/\/fuster-associates.com\/services\/tax-services\/tax-planning-and-optimization-in-spain\/global-tax-optimization\/\">\n\n\t\t\t\t\t\t\t\t\t\t\t\t<span class=\"elementor-icon-list-icon\">\n\t\t\t\t\t\t\t<svg aria-hidden=\"true\" class=\"e-font-icon-svg e-fas-caret-right\" viewBox=\"0 0 192 512\" xmlns=\"http:\/\/www.w3.org\/2000\/svg\"><path d=\"M0 384.662V127.338c0-17.818 21.543-26.741 34.142-14.142l128.662 128.662c7.81 7.81 7.81 20.474 0 28.284L34.142 398.804C21.543 411.404 0 402.48 0 384.662z\"><\/path><\/svg>\t\t\t\t\t\t<\/span>\n\t\t\t\t\t\t\t\t\t\t<span class=\"elementor-icon-list-text\">Globaali Verotuksen Optimointi<\/span>\n\t\t\t\t\t\t\t\t\t\t\t<\/a>\n\t\t\t\t\t\t\t\t\t<\/li>\n\t\t\t\t\t\t\t\t<li class=\"elementor-icon-list-item\">\n\t\t\t\t\t\t\t\t\t\t\t<a href=\"https:\/\/fuster-associates.com\/services\/tax-services\/tax-planning-and-optimization-in-spain\/tax-regularization\/\">\n\n\t\t\t\t\t\t\t\t\t\t\t\t<span class=\"elementor-icon-list-icon\">\n\t\t\t\t\t\t\t<svg aria-hidden=\"true\" class=\"e-font-icon-svg e-fas-caret-right\" viewBox=\"0 0 192 512\" xmlns=\"http:\/\/www.w3.org\/2000\/svg\"><path d=\"M0 384.662V127.338c0-17.818 21.543-26.741 34.142-14.142l128.662 128.662c7.81 7.81 7.81 20.474 0 28.284L34.142 398.804C21.543 411.404 0 402.48 0 384.662z\"><\/path><\/svg>\t\t\t\t\t\t<\/span>\n\t\t\t\t\t\t\t\t\t\t<span class=\"elementor-icon-list-text\">Verotuksen S\u00e4\u00e4nn\u00f6llist\u00e4minen<\/span>\n\t\t\t\t\t\t\t\t\t\t\t<\/a>\n\t\t\t\t\t\t\t\t\t<\/li>\n\t\t\t\t\t\t\t\t<li class=\"elementor-icon-list-item\">\n\t\t\t\t\t\t\t\t\t\t\t<a href=\"https:\/\/fuster-associates.com\/services\/tax-services\/tax-planning-and-optimization-in-spain\/tax-audit\/\">\n\n\t\t\t\t\t\t\t\t\t\t\t\t<span class=\"elementor-icon-list-icon\">\n\t\t\t\t\t\t\t<svg aria-hidden=\"true\" class=\"e-font-icon-svg e-fas-caret-right\" viewBox=\"0 0 192 512\" xmlns=\"http:\/\/www.w3.org\/2000\/svg\"><path d=\"M0 384.662V127.338c0-17.818 21.543-26.741 34.142-14.142l128.662 128.662c7.81 7.81 7.81 20.474 0 28.284L34.142 398.804C21.543 411.404 0 402.48 0 384.662z\"><\/path><\/svg>\t\t\t\t\t\t<\/span>\n\t\t\t\t\t\t\t\t\t\t<span class=\"elementor-icon-list-text\">Verotarkastus<\/span>\n\t\t\t\t\t\t\t\t\t\t\t<\/a>\n\t\t\t\t\t\t\t\t\t<\/li>\n\t\t\t\t\t\t<\/ul>\n\t\t\t\t\t\t<\/div>\n\t\t\t\t<\/div>\n\t\t\t\t<\/div>\n\t\t\t\t\t<\/div>\n\t\t\t\t<\/div>\n\t\t\t\t<\/div>\n\t\t","protected":false},"excerpt":{"rendered":"<p>Suunnittele verosi Espanjassa Verojen suunnittelu Espanjassa voi olla monimutkaista, varsinkin kansainv\u00e4listen tulojen, omaisuuden tai omaisuuden kanssa. Me Fuster &amp; Associatesilla olemme erikoistuneet kattavaan verosuunnitteluun ja -optimointiin, joka on r\u00e4\u00e4t\u00e4l\u00f6ity asukkaille ja kansainv\u00e4lisille asiakkaille. Palveluihimme kuuluvat henkil\u00f6- ja varallisuusveroilmoitukset, globaali tulosimulaatio, kryptoverotus, tarkastukset ja laillistamisprosessit. Autamme sinua v\u00e4hent\u00e4m\u00e4\u00e4n vastuita, varmistamaan vaatimustenmukaisuuden ja optimoimaan taloudelliset tuloksesi selke\u00e4sti [&hellip;]<\/p>\n","protected":false},"author":7,"featured_media":0,"parent":28642,"menu_order":0,"comment_status":"closed","ping_status":"closed","template":"","meta":{"content-type":"","_sitemap_exclude":false,"_sitemap_priority":"","_sitemap_frequency":"","footnotes":""},"class_list":["post-33684","page","type-page","status-publish","hentry"],"yoast_head":"<!-- This site is optimized with the Yoast SEO plugin v27.4 - https:\/\/yoast.com\/product\/yoast-seo-wordpress\/ -->\n<title>Verotuksen optimointi Espanjassa \u2013 Fuster &amp; Associates<\/title>\n<meta name=\"description\" content=\"Suunnittele espanjalaiset verosi asiantuntijoiden avulla. Autamme sinua pysym\u00e4\u00e4n s\u00e4\u00e4nn\u00f6sten mukaisena ja tehokkaana s\u00e4\u00e4nn\u00f6nmukaistamisesta tilintarkastuksiin.\" \/>\n<meta name=\"robots\" content=\"index, follow, max-snippet:-1, max-image-preview:large, max-video-preview:-1\" \/>\n<link rel=\"canonical\" href=\"https:\/\/fuster-associates.com\/fi\/palvelut\/veropalvelut\/verosuunnittelu-ja-optimointi-espanjassa\/\" \/>\n<meta property=\"og:locale\" content=\"fi_FI\" \/>\n<meta property=\"og:type\" content=\"article\" \/>\n<meta property=\"og:title\" content=\"Verotuksen optimointi Espanjassa \u2013 Fuster &amp; Associates\" \/>\n<meta property=\"og:description\" content=\"Suunnittele espanjalaiset verosi asiantuntijoiden avulla. Autamme sinua pysym\u00e4\u00e4n s\u00e4\u00e4nn\u00f6sten mukaisena ja tehokkaana s\u00e4\u00e4nn\u00f6nmukaistamisesta tilintarkastuksiin.\" \/>\n<meta property=\"og:url\" content=\"https:\/\/fuster-associates.com\/fi\/palvelut\/veropalvelut\/verosuunnittelu-ja-optimointi-espanjassa\/\" \/>\n<meta property=\"og:site_name\" content=\"Fuster &amp; Associates\" \/>\n<meta property=\"article:publisher\" content=\"https:\/\/www.facebook.com\/fusterspain\/\" \/>\n<meta property=\"article:modified_time\" content=\"2025-09-03T09:30:31+00:00\" \/>\n<meta property=\"og:image\" content=\"https:\/\/fuster-associates.com\/wp-content\/uploads\/2020\/02\/slide-fuster-standard.jpg\" \/>\n\t<meta property=\"og:image:width\" content=\"1920\" \/>\n\t<meta property=\"og:image:height\" content=\"1280\" \/>\n\t<meta property=\"og:image:type\" content=\"image\/jpeg\" \/>\n<meta name=\"twitter:card\" content=\"summary_large_image\" \/>\n<meta name=\"twitter:site\" content=\"@FusterSpain\" \/>\n<script type=\"application\/ld+json\" class=\"yoast-schema-graph\">{\"@context\":\"https:\\\/\\\/schema.org\",\"@graph\":[{\"@type\":\"WebPage\",\"@id\":\"https:\\\/\\\/fuster-associates.com\\\/fi\\\/palvelut\\\/veropalvelut\\\/verosuunnittelu-ja-optimointi-espanjassa\\\/\",\"url\":\"https:\\\/\\\/fuster-associates.com\\\/fi\\\/palvelut\\\/veropalvelut\\\/verosuunnittelu-ja-optimointi-espanjassa\\\/\",\"name\":\"Verotuksen optimointi Espanjassa \u2013 Fuster & Associates\",\"isPartOf\":{\"@id\":\"https:\\\/\\\/fuster-associates.com\\\/fi\\\/#website\"},\"datePublished\":\"2025-09-03T09:30:15+00:00\",\"dateModified\":\"2025-09-03T09:30:31+00:00\",\"description\":\"Suunnittele espanjalaiset verosi asiantuntijoiden avulla. Autamme sinua pysym\u00e4\u00e4n s\u00e4\u00e4nn\u00f6sten mukaisena ja tehokkaana s\u00e4\u00e4nn\u00f6nmukaistamisesta tilintarkastuksiin.\",\"breadcrumb\":{\"@id\":\"https:\\\/\\\/fuster-associates.com\\\/fi\\\/palvelut\\\/veropalvelut\\\/verosuunnittelu-ja-optimointi-espanjassa\\\/#breadcrumb\"},\"inLanguage\":\"fi\",\"potentialAction\":[{\"@type\":\"ReadAction\",\"target\":[\"https:\\\/\\\/fuster-associates.com\\\/fi\\\/palvelut\\\/veropalvelut\\\/verosuunnittelu-ja-optimointi-espanjassa\\\/\"]}]},{\"@type\":\"BreadcrumbList\",\"@id\":\"https:\\\/\\\/fuster-associates.com\\\/fi\\\/palvelut\\\/veropalvelut\\\/verosuunnittelu-ja-optimointi-espanjassa\\\/#breadcrumb\",\"itemListElement\":[{\"@type\":\"ListItem\",\"position\":1,\"name\":\"Koti\",\"item\":\"https:\\\/\\\/fuster-associates.com\\\/fi\\\/\"},{\"@type\":\"ListItem\",\"position\":2,\"name\":\"Palvelut\",\"item\":\"https:\\\/\\\/fuster-associates.com\\\/fi\\\/serviceydelser\\\/\"},{\"@type\":\"ListItem\",\"position\":3,\"name\":\"Veropalvelut\",\"item\":\"https:\\\/\\\/fuster-associates.com\\\/fi\\\/serviceydelser\\\/skattetjenester\\\/\"},{\"@type\":\"ListItem\",\"position\":4,\"name\":\"Verosuunnittelu Ja Optimointi Espanjassa\"}]},{\"@type\":\"WebSite\",\"@id\":\"https:\\\/\\\/fuster-associates.com\\\/fi\\\/#website\",\"url\":\"https:\\\/\\\/fuster-associates.com\\\/fi\\\/\",\"name\":\"Fuster & Associates\",\"description\":\"Property Solicitors\",\"publisher\":{\"@id\":\"https:\\\/\\\/fuster-associates.com\\\/fi\\\/#organization\"},\"potentialAction\":[{\"@type\":\"SearchAction\",\"target\":{\"@type\":\"EntryPoint\",\"urlTemplate\":\"https:\\\/\\\/fuster-associates.com\\\/fi\\\/?s={search_term_string}\"},\"query-input\":{\"@type\":\"PropertyValueSpecification\",\"valueRequired\":true,\"valueName\":\"search_term_string\"}}],\"inLanguage\":\"fi\"},{\"@type\":\"Organization\",\"@id\":\"https:\\\/\\\/fuster-associates.com\\\/fi\\\/#organization\",\"name\":\"FUSTER & ASSOCIATES\",\"url\":\"https:\\\/\\\/fuster-associates.com\\\/fi\\\/\",\"logo\":{\"@type\":\"ImageObject\",\"inLanguage\":\"fi\",\"@id\":\"https:\\\/\\\/fuster-associates.com\\\/fi\\\/#\\\/schema\\\/logo\\\/image\\\/\",\"url\":\"https:\\\/\\\/fuster-associates.com\\\/wp-content\\\/uploads\\\/2018\\\/08\\\/logo-fuster-1.jpeg\",\"contentUrl\":\"https:\\\/\\\/fuster-associates.com\\\/wp-content\\\/uploads\\\/2018\\\/08\\\/logo-fuster-1.jpeg\",\"width\":180,\"height\":113,\"caption\":\"FUSTER & ASSOCIATES\"},\"image\":{\"@id\":\"https:\\\/\\\/fuster-associates.com\\\/fi\\\/#\\\/schema\\\/logo\\\/image\\\/\"},\"sameAs\":[\"https:\\\/\\\/www.facebook.com\\\/fusterspain\\\/\",\"https:\\\/\\\/x.com\\\/FusterSpain\",\"https:\\\/\\\/www.youtube.com\\\/channel\\\/UC2-kNuL1SoqlFizI47hmIOQ\",\"https:\\\/\\\/www.linkedin.com\\\/company\\\/fuster-&-associates\\\/\"]}]}<\/script>\n<!-- \/ Yoast SEO plugin. -->","yoast_head_json":{"title":"Verotuksen optimointi Espanjassa \u2013 Fuster & Associates","description":"Suunnittele espanjalaiset verosi asiantuntijoiden avulla. Autamme sinua pysym\u00e4\u00e4n s\u00e4\u00e4nn\u00f6sten mukaisena ja tehokkaana s\u00e4\u00e4nn\u00f6nmukaistamisesta tilintarkastuksiin.","robots":{"index":"index","follow":"follow","max-snippet":"max-snippet:-1","max-image-preview":"max-image-preview:large","max-video-preview":"max-video-preview:-1"},"canonical":"https:\/\/fuster-associates.com\/fi\/palvelut\/veropalvelut\/verosuunnittelu-ja-optimointi-espanjassa\/","og_locale":"fi_FI","og_type":"article","og_title":"Verotuksen optimointi Espanjassa \u2013 Fuster & Associates","og_description":"Suunnittele espanjalaiset verosi asiantuntijoiden avulla. Autamme sinua pysym\u00e4\u00e4n s\u00e4\u00e4nn\u00f6sten mukaisena ja tehokkaana s\u00e4\u00e4nn\u00f6nmukaistamisesta tilintarkastuksiin.","og_url":"https:\/\/fuster-associates.com\/fi\/palvelut\/veropalvelut\/verosuunnittelu-ja-optimointi-espanjassa\/","og_site_name":"Fuster &amp; Associates","article_publisher":"https:\/\/www.facebook.com\/fusterspain\/","article_modified_time":"2025-09-03T09:30:31+00:00","og_image":[{"width":1920,"height":1280,"url":"https:\/\/fuster-associates.com\/wp-content\/uploads\/2020\/02\/slide-fuster-standard.jpg","type":"image\/jpeg"}],"twitter_card":"summary_large_image","twitter_site":"@FusterSpain","schema":{"@context":"https:\/\/schema.org","@graph":[{"@type":"WebPage","@id":"https:\/\/fuster-associates.com\/fi\/palvelut\/veropalvelut\/verosuunnittelu-ja-optimointi-espanjassa\/","url":"https:\/\/fuster-associates.com\/fi\/palvelut\/veropalvelut\/verosuunnittelu-ja-optimointi-espanjassa\/","name":"Verotuksen optimointi Espanjassa \u2013 Fuster & Associates","isPartOf":{"@id":"https:\/\/fuster-associates.com\/fi\/#website"},"datePublished":"2025-09-03T09:30:15+00:00","dateModified":"2025-09-03T09:30:31+00:00","description":"Suunnittele espanjalaiset verosi asiantuntijoiden avulla. Autamme sinua pysym\u00e4\u00e4n s\u00e4\u00e4nn\u00f6sten mukaisena ja tehokkaana s\u00e4\u00e4nn\u00f6nmukaistamisesta tilintarkastuksiin.","breadcrumb":{"@id":"https:\/\/fuster-associates.com\/fi\/palvelut\/veropalvelut\/verosuunnittelu-ja-optimointi-espanjassa\/#breadcrumb"},"inLanguage":"fi","potentialAction":[{"@type":"ReadAction","target":["https:\/\/fuster-associates.com\/fi\/palvelut\/veropalvelut\/verosuunnittelu-ja-optimointi-espanjassa\/"]}]},{"@type":"BreadcrumbList","@id":"https:\/\/fuster-associates.com\/fi\/palvelut\/veropalvelut\/verosuunnittelu-ja-optimointi-espanjassa\/#breadcrumb","itemListElement":[{"@type":"ListItem","position":1,"name":"Koti","item":"https:\/\/fuster-associates.com\/fi\/"},{"@type":"ListItem","position":2,"name":"Palvelut","item":"https:\/\/fuster-associates.com\/fi\/serviceydelser\/"},{"@type":"ListItem","position":3,"name":"Veropalvelut","item":"https:\/\/fuster-associates.com\/fi\/serviceydelser\/skattetjenester\/"},{"@type":"ListItem","position":4,"name":"Verosuunnittelu Ja Optimointi Espanjassa"}]},{"@type":"WebSite","@id":"https:\/\/fuster-associates.com\/fi\/#website","url":"https:\/\/fuster-associates.com\/fi\/","name":"Fuster & Associates","description":"Property Solicitors","publisher":{"@id":"https:\/\/fuster-associates.com\/fi\/#organization"},"potentialAction":[{"@type":"SearchAction","target":{"@type":"EntryPoint","urlTemplate":"https:\/\/fuster-associates.com\/fi\/?s={search_term_string}"},"query-input":{"@type":"PropertyValueSpecification","valueRequired":true,"valueName":"search_term_string"}}],"inLanguage":"fi"},{"@type":"Organization","@id":"https:\/\/fuster-associates.com\/fi\/#organization","name":"FUSTER & ASSOCIATES","url":"https:\/\/fuster-associates.com\/fi\/","logo":{"@type":"ImageObject","inLanguage":"fi","@id":"https:\/\/fuster-associates.com\/fi\/#\/schema\/logo\/image\/","url":"https:\/\/fuster-associates.com\/wp-content\/uploads\/2018\/08\/logo-fuster-1.jpeg","contentUrl":"https:\/\/fuster-associates.com\/wp-content\/uploads\/2018\/08\/logo-fuster-1.jpeg","width":180,"height":113,"caption":"FUSTER & ASSOCIATES"},"image":{"@id":"https:\/\/fuster-associates.com\/fi\/#\/schema\/logo\/image\/"},"sameAs":["https:\/\/www.facebook.com\/fusterspain\/","https:\/\/x.com\/FusterSpain","https:\/\/www.youtube.com\/channel\/UC2-kNuL1SoqlFizI47hmIOQ","https:\/\/www.linkedin.com\/company\/fuster-&-associates\/"]}]}},"_links":{"self":[{"href":"https:\/\/fuster-associates.com\/fi\/wp-json\/wp\/v2\/pages\/33684","targetHints":{"allow":["GET"]}}],"collection":[{"href":"https:\/\/fuster-associates.com\/fi\/wp-json\/wp\/v2\/pages"}],"about":[{"href":"https:\/\/fuster-associates.com\/fi\/wp-json\/wp\/v2\/types\/page"}],"author":[{"embeddable":true,"href":"https:\/\/fuster-associates.com\/fi\/wp-json\/wp\/v2\/users\/7"}],"replies":[{"embeddable":true,"href":"https:\/\/fuster-associates.com\/fi\/wp-json\/wp\/v2\/comments?post=33684"}],"version-history":[{"count":3,"href":"https:\/\/fuster-associates.com\/fi\/wp-json\/wp\/v2\/pages\/33684\/revisions"}],"predecessor-version":[{"id":33688,"href":"https:\/\/fuster-associates.com\/fi\/wp-json\/wp\/v2\/pages\/33684\/revisions\/33688"}],"up":[{"embeddable":true,"href":"https:\/\/fuster-associates.com\/fi\/wp-json\/wp\/v2\/pages\/28642"}],"wp:attachment":[{"href":"https:\/\/fuster-associates.com\/fi\/wp-json\/wp\/v2\/media?parent=33684"}],"curies":[{"name":"wp","href":"https:\/\/api.w.org\/{rel}","templated":true}]}}