{"id":32926,"date":"2025-09-11T09:29:19","date_gmt":"2025-09-11T07:29:19","guid":{"rendered":"https:\/\/fuster-associates.com\/?page_id=32926"},"modified":"2025-10-16T09:13:25","modified_gmt":"2025-10-16T07:13:25","slug":"omaisuuden-siirrot-perinto","status":"publish","type":"page","link":"https:\/\/fuster-associates.com\/fi\/palvelut\/testamentit-perinto\/omaisuuden-siirrot-perinto\/","title":{"rendered":"Omaisuuden Siirrot &amp; Perint\u00f6"},"content":{"rendered":"\t\t<div data-elementor-type=\"wp-page\" data-elementor-id=\"32926\" class=\"elementor elementor-32926 elementor-32922\" data-elementor-post-type=\"page\">\n\t\t\t\t<div class=\"elementor-element elementor-element-e3d1295 e-flex e-con-boxed e-con e-parent\" data-id=\"e3d1295\" data-element_type=\"container\" data-e-type=\"container\" data-settings=\"{&quot;background_background&quot;:&quot;classic&quot;}\">\n\t\t\t\t\t<div class=\"e-con-inner\">\n\t\t\t\t<div class=\"elementor-element elementor-element-2a9580f6 elementor-invisible elementor-widget elementor-widget-heading\" data-id=\"2a9580f6\" data-element_type=\"widget\" data-e-type=\"widget\" data-settings=\"{&quot;_animation&quot;:&quot;fadeInDown&quot;}\" data-widget_type=\"heading.default\">\n\t\t\t\t\t<h1 class=\"elementor-heading-title elementor-size-default\">Omaisuuden Siirrot &amp; Perint\u00f6<\/h1>\t\t\t\t<\/div>\n\t\t\t\t<div class=\"elementor-element elementor-element-66b46217 elementor-invisible elementor-widget elementor-widget-breadcrumbs\" data-id=\"66b46217\" data-element_type=\"widget\" data-e-type=\"widget\" data-settings=\"{&quot;_animation&quot;:&quot;fadeInUp&quot;}\" data-widget_type=\"breadcrumbs.default\">\n\t\t\t\t\t<p id=\"breadcrumbs\"><span><span><a href=\"https:\/\/fuster-associates.com\/fi\/\">Koti<\/a><\/span><\/span><\/p>\t\t\t\t<\/div>\n\t\t\t\t\t<\/div>\n\t\t\t\t<\/div>\n\t\t<div class=\"elementor-element elementor-element-ecf56bb e-flex e-con-boxed e-con e-parent\" data-id=\"ecf56bb\" data-element_type=\"container\" data-e-type=\"container\">\n\t\t\t\t\t<div class=\"e-con-inner\">\n\t\t\t\t<div class=\"elementor-element elementor-element-3b6e5aa elementor-invisible elementor-widget elementor-widget-heading\" data-id=\"3b6e5aa\" data-element_type=\"widget\" data-e-type=\"widget\" data-settings=\"{&quot;_animation&quot;:&quot;fadeIn&quot;,&quot;_animation_laptop&quot;:&quot;fadeIn&quot;}\" data-widget_type=\"heading.default\">\n\t\t\t\t\t<h2 class=\"elementor-heading-title elementor-size-default\">Omaisuuden Siirrot &amp; Perint\u00f6 Espanjassa<\/h2>\t\t\t\t<\/div>\n\t\t\t\t<div class=\"elementor-element elementor-element-5770392 elementor-invisible elementor-widget elementor-widget-text-editor\" data-id=\"5770392\" data-element_type=\"widget\" data-e-type=\"widget\" data-settings=\"{&quot;_animation&quot;:&quot;fadeIn&quot;,&quot;_animation_laptop&quot;:&quot;fadeIn&quot;}\" data-widget_type=\"text-editor.default\">\n\t\t\t\t\t\t\t\t\t<p>Me Fuster &amp; Associatesilla ymm\u00e4rr\u00e4mme, ett\u00e4 omaisuuden siirt\u00e4minen ja perinn\u00f6n hallinta voivat olla monimutkaisia erityisesti kansainv\u00e4lisille asiakkaille, jotka navigoivat Espanjan lains\u00e4\u00e4d\u00e4nn\u00f6ss\u00e4. <strong>Yli 25 vuoden kokemuksella luovutuksesta, omaisuuden luovutusveroista ja perint\u00f6s\u00e4\u00e4nn\u00f6ksist\u00e4<\/strong> monialainen tiimimme varmistaa, ett\u00e4 <strong>omaisuutesi siirret\u00e4\u00e4n turvallisesti<\/strong> ja perint\u00f6si s\u00e4ilyy selke\u00e4sti ja rehellisesti. Olitpa sitten hoitamassa kiinteist\u00f6n omistamiseen liittyvi\u00e4 oikeudellisia muodollisuuksia tai suunnittelemassa tulevaisuutta yli rajojen, r\u00e4\u00e4t\u00e4l\u00f6idyt palvelumme antavat sinulle mielenrauhan joka vaiheessa.  <\/p><p>Kiinteist\u00f6nsiirto- ja perint\u00f6palvelumme virtaviivaistaa Espanjan kiinteist\u00f6- ja omaisuussuunnittelun kriittisimm\u00e4t osa-alueet tehokkaasta verok\u00e4sittelyst\u00e4 ja saumattomasta omaisuuden siirrosta ulkomaille r\u00e4\u00e4t\u00e4l\u00f6ityyn strategiseen perint\u00f6suunnitteluun. <strong>Opastamme sinua<\/strong> verovaikutuksissa, kuten varainsiirtoverossa ja perint\u00f6verossa, autamme koordinoimaan tarvittavia asiakirjoja ja <strong>teemme tiivist\u00e4 yhteisty\u00f6t\u00e4 kanssasi<\/strong> varmistaaksemme sek\u00e4 paikallisen lains\u00e4\u00e4d\u00e4nn\u00f6n ett\u00e4 henkil\u00f6kohtaisten suunnittelutavoitteidesi noudattamisen. Fuster &amp; Associatesin avulla omaisuutesi ja toiveesi ovat luotettavissa k\u00e4siss\u00e4. <\/p>\t\t\t\t\t\t\t\t<\/div>\n\t\t\t\t<div class=\"elementor-element elementor-element-cd46360 elementor-icon-list--layout-traditional elementor-list-item-link-full_width elementor-widget elementor-widget-icon-list\" data-id=\"cd46360\" data-element_type=\"widget\" data-e-type=\"widget\" data-widget_type=\"icon-list.default\">\n\t\t\t\t\t\t\t<ul class=\"elementor-icon-list-items\">\n\t\t\t\t\t\t\t<li class=\"elementor-icon-list-item\">\n\t\t\t\t\t\t\t\t\t\t\t<a href=\"https:\/\/fuster-associates.com\/services\/wills-inheritance\/property-transfers-inheritance\/wills-and-inheritance\/\">\n\n\t\t\t\t\t\t\t\t\t\t\t\t<span class=\"elementor-icon-list-icon\">\n\t\t\t\t\t\t\t<svg aria-hidden=\"true\" class=\"e-font-icon-svg e-fas-caret-right\" viewBox=\"0 0 192 512\" xmlns=\"http:\/\/www.w3.org\/2000\/svg\"><path d=\"M0 384.662V127.338c0-17.818 21.543-26.741 34.142-14.142l128.662 128.662c7.81 7.81 7.81 20.474 0 28.284L34.142 398.804C21.543 411.404 0 402.48 0 384.662z\"><\/path><\/svg>\t\t\t\t\t\t<\/span>\n\t\t\t\t\t\t\t\t\t\t<span class=\"elementor-icon-list-text\">Testamentit ja Perint\u00f6<\/span>\n\t\t\t\t\t\t\t\t\t\t\t<\/a>\n\t\t\t\t\t\t\t\t\t<\/li>\n\t\t\t\t\t\t<\/ul>\n\t\t\t\t\t\t<\/div>\n\t\t\t\t\t<\/div>\n\t\t\t\t<\/div>\n\t\t\t\t<\/div>\n\t\t","protected":false},"excerpt":{"rendered":"<p>Omaisuuden Siirrot &amp; Perint\u00f6 Espanjassa Me Fuster &amp; Associatesilla ymm\u00e4rr\u00e4mme, ett\u00e4 omaisuuden siirt\u00e4minen ja perinn\u00f6n hallinta voivat olla monimutkaisia erityisesti kansainv\u00e4lisille asiakkaille, jotka navigoivat Espanjan lains\u00e4\u00e4d\u00e4nn\u00f6ss\u00e4. Yli 25 vuoden kokemuksella luovutuksesta, omaisuuden luovutusveroista ja perint\u00f6s\u00e4\u00e4nn\u00f6ksist\u00e4 monialainen tiimimme varmistaa, ett\u00e4 omaisuutesi siirret\u00e4\u00e4n turvallisesti ja perint\u00f6si s\u00e4ilyy selke\u00e4sti ja rehellisesti. Olitpa sitten hoitamassa kiinteist\u00f6n omistamiseen liittyvi\u00e4 oikeudellisia [&hellip;]<\/p>\n","protected":false},"author":8,"featured_media":0,"parent":34127,"menu_order":0,"comment_status":"closed","ping_status":"closed","template":"","meta":{"content-type":"","_sitemap_exclude":false,"_sitemap_priority":"","_sitemap_frequency":"","footnotes":""},"class_list":["post-32926","page","type-page","status-publish","hentry"],"yoast_head":"<!-- This site is optimized with the Yoast SEO plugin v27.3 - https:\/\/yoast.com\/product\/yoast-seo-wordpress\/ -->\n<title>Kiinteist\u00f6jen Siirrot &amp; Perint\u00f6asiat - Fuster &amp; Associates<\/title>\n<meta name=\"description\" content=\"Oikeudellinen apu kiinteist\u00f6jen siirroissa ja perint\u00f6asioissa Espanjassa. Hoidamme verot, paperity\u00f6t ja rekister\u00f6innin kokonaisuudessaan.\" \/>\n<meta name=\"robots\" content=\"index, follow, max-snippet:-1, max-image-preview:large, max-video-preview:-1\" \/>\n<link rel=\"canonical\" href=\"https:\/\/fuster-associates.com\/fi\/palvelut\/testamentit-perinto\/omaisuuden-siirrot-perinto\/\" \/>\n<meta property=\"og:locale\" content=\"fi_FI\" \/>\n<meta property=\"og:type\" content=\"article\" \/>\n<meta property=\"og:title\" content=\"Kiinteist\u00f6jen Siirrot &amp; Perint\u00f6asiat - Fuster &amp; Associates\" \/>\n<meta property=\"og:description\" content=\"Oikeudellinen apu kiinteist\u00f6jen siirroissa ja perint\u00f6asioissa Espanjassa. Hoidamme verot, paperity\u00f6t ja rekister\u00f6innin kokonaisuudessaan.\" \/>\n<meta property=\"og:url\" content=\"https:\/\/fuster-associates.com\/fi\/palvelut\/testamentit-perinto\/omaisuuden-siirrot-perinto\/\" \/>\n<meta property=\"og:site_name\" content=\"Fuster &amp; Associates\" \/>\n<meta property=\"article:publisher\" content=\"https:\/\/www.facebook.com\/fusterspain\/\" \/>\n<meta property=\"article:modified_time\" content=\"2025-10-16T07:13:25+00:00\" \/>\n<meta property=\"og:image\" content=\"https:\/\/fuster-associates.com\/wp-content\/uploads\/2020\/02\/slide-fuster-standard.jpg\" \/>\n\t<meta property=\"og:image:width\" content=\"1920\" \/>\n\t<meta property=\"og:image:height\" content=\"1280\" \/>\n\t<meta property=\"og:image:type\" content=\"image\/jpeg\" \/>\n<meta name=\"twitter:card\" content=\"summary_large_image\" \/>\n<meta name=\"twitter:site\" content=\"@FusterSpain\" \/>\n<meta name=\"twitter:label1\" content=\"Arvioitu lukuaika\" \/>\n\t<meta name=\"twitter:data1\" content=\"1 minuutti\" \/>\n<script type=\"application\/ld+json\" class=\"yoast-schema-graph\">{\"@context\":\"https:\\\/\\\/schema.org\",\"@graph\":[{\"@type\":\"WebPage\",\"@id\":\"https:\\\/\\\/fuster-associates.com\\\/fi\\\/palvelut\\\/testamentit-perinto\\\/omaisuuden-siirrot-perinto\\\/\",\"url\":\"https:\\\/\\\/fuster-associates.com\\\/fi\\\/palvelut\\\/testamentit-perinto\\\/omaisuuden-siirrot-perinto\\\/\",\"name\":\"Kiinteist\u00f6jen Siirrot & Perint\u00f6asiat - Fuster & Associates\",\"isPartOf\":{\"@id\":\"https:\\\/\\\/fuster-associates.com\\\/fi\\\/#website\"},\"datePublished\":\"2025-09-11T07:29:19+00:00\",\"dateModified\":\"2025-10-16T07:13:25+00:00\",\"description\":\"Oikeudellinen apu kiinteist\u00f6jen siirroissa ja perint\u00f6asioissa Espanjassa. Hoidamme verot, paperity\u00f6t ja rekister\u00f6innin kokonaisuudessaan.\",\"breadcrumb\":{\"@id\":\"https:\\\/\\\/fuster-associates.com\\\/fi\\\/palvelut\\\/testamentit-perinto\\\/omaisuuden-siirrot-perinto\\\/#breadcrumb\"},\"inLanguage\":\"fi\",\"potentialAction\":[{\"@type\":\"ReadAction\",\"target\":[\"https:\\\/\\\/fuster-associates.com\\\/fi\\\/palvelut\\\/testamentit-perinto\\\/omaisuuden-siirrot-perinto\\\/\"]}]},{\"@type\":\"BreadcrumbList\",\"@id\":\"https:\\\/\\\/fuster-associates.com\\\/fi\\\/palvelut\\\/testamentit-perinto\\\/omaisuuden-siirrot-perinto\\\/#breadcrumb\",\"itemListElement\":[{\"@type\":\"ListItem\",\"position\":1,\"name\":\"Koti\",\"item\":\"https:\\\/\\\/fuster-associates.com\\\/fi\\\/\"},{\"@type\":\"ListItem\",\"position\":2,\"name\":\"Palvelut\",\"item\":\"https:\\\/\\\/fuster-associates.com\\\/fi\\\/serviceydelser\\\/\"},{\"@type\":\"ListItem\",\"position\":3,\"name\":\"Testamentit &amp; Perint\u00f6\",\"item\":\"https:\\\/\\\/fuster-associates.com\\\/fi\\\/serviceydelser\\\/testamenter-arv\\\/\"},{\"@type\":\"ListItem\",\"position\":4,\"name\":\"Omaisuuden Siirrot &amp; Perint\u00f6\"}]},{\"@type\":\"WebSite\",\"@id\":\"https:\\\/\\\/fuster-associates.com\\\/fi\\\/#website\",\"url\":\"https:\\\/\\\/fuster-associates.com\\\/fi\\\/\",\"name\":\"Fuster & Associates\",\"description\":\"Property Solicitors\",\"publisher\":{\"@id\":\"https:\\\/\\\/fuster-associates.com\\\/fi\\\/#organization\"},\"potentialAction\":[{\"@type\":\"SearchAction\",\"target\":{\"@type\":\"EntryPoint\",\"urlTemplate\":\"https:\\\/\\\/fuster-associates.com\\\/fi\\\/?s={search_term_string}\"},\"query-input\":{\"@type\":\"PropertyValueSpecification\",\"valueRequired\":true,\"valueName\":\"search_term_string\"}}],\"inLanguage\":\"fi\"},{\"@type\":\"Organization\",\"@id\":\"https:\\\/\\\/fuster-associates.com\\\/fi\\\/#organization\",\"name\":\"FUSTER & ASSOCIATES\",\"url\":\"https:\\\/\\\/fuster-associates.com\\\/fi\\\/\",\"logo\":{\"@type\":\"ImageObject\",\"inLanguage\":\"fi\",\"@id\":\"https:\\\/\\\/fuster-associates.com\\\/fi\\\/#\\\/schema\\\/logo\\\/image\\\/\",\"url\":\"https:\\\/\\\/fuster-associates.com\\\/wp-content\\\/uploads\\\/2018\\\/08\\\/logo-fuster-1.jpeg\",\"contentUrl\":\"https:\\\/\\\/fuster-associates.com\\\/wp-content\\\/uploads\\\/2018\\\/08\\\/logo-fuster-1.jpeg\",\"width\":180,\"height\":113,\"caption\":\"FUSTER & ASSOCIATES\"},\"image\":{\"@id\":\"https:\\\/\\\/fuster-associates.com\\\/fi\\\/#\\\/schema\\\/logo\\\/image\\\/\"},\"sameAs\":[\"https:\\\/\\\/www.facebook.com\\\/fusterspain\\\/\",\"https:\\\/\\\/x.com\\\/FusterSpain\",\"https:\\\/\\\/www.youtube.com\\\/channel\\\/UC2-kNuL1SoqlFizI47hmIOQ\",\"https:\\\/\\\/www.linkedin.com\\\/company\\\/fuster-&-associates\\\/\"]}]}<\/script>\n<!-- \/ Yoast SEO plugin. -->","yoast_head_json":{"title":"Kiinteist\u00f6jen Siirrot & Perint\u00f6asiat - Fuster & Associates","description":"Oikeudellinen apu kiinteist\u00f6jen siirroissa ja perint\u00f6asioissa Espanjassa. Hoidamme verot, paperity\u00f6t ja rekister\u00f6innin kokonaisuudessaan.","robots":{"index":"index","follow":"follow","max-snippet":"max-snippet:-1","max-image-preview":"max-image-preview:large","max-video-preview":"max-video-preview:-1"},"canonical":"https:\/\/fuster-associates.com\/fi\/palvelut\/testamentit-perinto\/omaisuuden-siirrot-perinto\/","og_locale":"fi_FI","og_type":"article","og_title":"Kiinteist\u00f6jen Siirrot & Perint\u00f6asiat - Fuster & Associates","og_description":"Oikeudellinen apu kiinteist\u00f6jen siirroissa ja perint\u00f6asioissa Espanjassa. Hoidamme verot, paperity\u00f6t ja rekister\u00f6innin kokonaisuudessaan.","og_url":"https:\/\/fuster-associates.com\/fi\/palvelut\/testamentit-perinto\/omaisuuden-siirrot-perinto\/","og_site_name":"Fuster &amp; Associates","article_publisher":"https:\/\/www.facebook.com\/fusterspain\/","article_modified_time":"2025-10-16T07:13:25+00:00","og_image":[{"width":1920,"height":1280,"url":"https:\/\/fuster-associates.com\/wp-content\/uploads\/2020\/02\/slide-fuster-standard.jpg","type":"image\/jpeg"}],"twitter_card":"summary_large_image","twitter_site":"@FusterSpain","twitter_misc":{"Arvioitu lukuaika":"1 minuutti"},"schema":{"@context":"https:\/\/schema.org","@graph":[{"@type":"WebPage","@id":"https:\/\/fuster-associates.com\/fi\/palvelut\/testamentit-perinto\/omaisuuden-siirrot-perinto\/","url":"https:\/\/fuster-associates.com\/fi\/palvelut\/testamentit-perinto\/omaisuuden-siirrot-perinto\/","name":"Kiinteist\u00f6jen Siirrot & Perint\u00f6asiat - Fuster & Associates","isPartOf":{"@id":"https:\/\/fuster-associates.com\/fi\/#website"},"datePublished":"2025-09-11T07:29:19+00:00","dateModified":"2025-10-16T07:13:25+00:00","description":"Oikeudellinen apu kiinteist\u00f6jen siirroissa ja perint\u00f6asioissa Espanjassa. Hoidamme verot, paperity\u00f6t ja rekister\u00f6innin kokonaisuudessaan.","breadcrumb":{"@id":"https:\/\/fuster-associates.com\/fi\/palvelut\/testamentit-perinto\/omaisuuden-siirrot-perinto\/#breadcrumb"},"inLanguage":"fi","potentialAction":[{"@type":"ReadAction","target":["https:\/\/fuster-associates.com\/fi\/palvelut\/testamentit-perinto\/omaisuuden-siirrot-perinto\/"]}]},{"@type":"BreadcrumbList","@id":"https:\/\/fuster-associates.com\/fi\/palvelut\/testamentit-perinto\/omaisuuden-siirrot-perinto\/#breadcrumb","itemListElement":[{"@type":"ListItem","position":1,"name":"Koti","item":"https:\/\/fuster-associates.com\/fi\/"},{"@type":"ListItem","position":2,"name":"Palvelut","item":"https:\/\/fuster-associates.com\/fi\/serviceydelser\/"},{"@type":"ListItem","position":3,"name":"Testamentit &amp; Perint\u00f6","item":"https:\/\/fuster-associates.com\/fi\/serviceydelser\/testamenter-arv\/"},{"@type":"ListItem","position":4,"name":"Omaisuuden Siirrot &amp; Perint\u00f6"}]},{"@type":"WebSite","@id":"https:\/\/fuster-associates.com\/fi\/#website","url":"https:\/\/fuster-associates.com\/fi\/","name":"Fuster & Associates","description":"Property Solicitors","publisher":{"@id":"https:\/\/fuster-associates.com\/fi\/#organization"},"potentialAction":[{"@type":"SearchAction","target":{"@type":"EntryPoint","urlTemplate":"https:\/\/fuster-associates.com\/fi\/?s={search_term_string}"},"query-input":{"@type":"PropertyValueSpecification","valueRequired":true,"valueName":"search_term_string"}}],"inLanguage":"fi"},{"@type":"Organization","@id":"https:\/\/fuster-associates.com\/fi\/#organization","name":"FUSTER & ASSOCIATES","url":"https:\/\/fuster-associates.com\/fi\/","logo":{"@type":"ImageObject","inLanguage":"fi","@id":"https:\/\/fuster-associates.com\/fi\/#\/schema\/logo\/image\/","url":"https:\/\/fuster-associates.com\/wp-content\/uploads\/2018\/08\/logo-fuster-1.jpeg","contentUrl":"https:\/\/fuster-associates.com\/wp-content\/uploads\/2018\/08\/logo-fuster-1.jpeg","width":180,"height":113,"caption":"FUSTER & ASSOCIATES"},"image":{"@id":"https:\/\/fuster-associates.com\/fi\/#\/schema\/logo\/image\/"},"sameAs":["https:\/\/www.facebook.com\/fusterspain\/","https:\/\/x.com\/FusterSpain","https:\/\/www.youtube.com\/channel\/UC2-kNuL1SoqlFizI47hmIOQ","https:\/\/www.linkedin.com\/company\/fuster-&-associates\/"]}]}},"_links":{"self":[{"href":"https:\/\/fuster-associates.com\/fi\/wp-json\/wp\/v2\/pages\/32926","targetHints":{"allow":["GET"]}}],"collection":[{"href":"https:\/\/fuster-associates.com\/fi\/wp-json\/wp\/v2\/pages"}],"about":[{"href":"https:\/\/fuster-associates.com\/fi\/wp-json\/wp\/v2\/types\/page"}],"author":[{"embeddable":true,"href":"https:\/\/fuster-associates.com\/fi\/wp-json\/wp\/v2\/users\/8"}],"replies":[{"embeddable":true,"href":"https:\/\/fuster-associates.com\/fi\/wp-json\/wp\/v2\/comments?post=32926"}],"version-history":[{"count":3,"href":"https:\/\/fuster-associates.com\/fi\/wp-json\/wp\/v2\/pages\/32926\/revisions"}],"predecessor-version":[{"id":35190,"href":"https:\/\/fuster-associates.com\/fi\/wp-json\/wp\/v2\/pages\/32926\/revisions\/35190"}],"up":[{"embeddable":true,"href":"https:\/\/fuster-associates.com\/fi\/wp-json\/wp\/v2\/pages\/34127"}],"wp:attachment":[{"href":"https:\/\/fuster-associates.com\/fi\/wp-json\/wp\/v2\/media?parent=32926"}],"curies":[{"name":"wp","href":"https:\/\/api.w.org\/{rel}","templated":true}]}}