{"id":30547,"date":"2025-07-17T11:49:40","date_gmt":"2025-07-17T09:49:40","guid":{"rendered":"https:\/\/fuster-associates.com\/palvelut\/kiinteistooikeudelliset-palvelut\/kiinteiston-ostaminen-myyminen\/"},"modified":"2025-09-03T11:16:38","modified_gmt":"2025-09-03T09:16:38","slug":"kiinteiston-ostaminen-myyminen","status":"publish","type":"page","link":"https:\/\/fuster-associates.com\/fi\/palvelut\/kiinteistooikeudelliset-palvelut\/kiinteiston-ostaminen-myyminen\/","title":{"rendered":"Kiinteist\u00f6n Ostaminen &amp; Myyminen"},"content":{"rendered":"\t\t<div data-elementor-type=\"wp-page\" data-elementor-id=\"30547\" class=\"elementor elementor-30547 elementor-24292\" data-elementor-post-type=\"page\">\n\t\t\t\t<div class=\"elementor-element elementor-element-e3d1295 e-flex e-con-boxed e-con e-parent\" data-id=\"e3d1295\" data-element_type=\"container\" data-e-type=\"container\" data-settings=\"{&quot;background_background&quot;:&quot;classic&quot;}\">\n\t\t\t\t\t<div class=\"e-con-inner\">\n\t\t\t\t<div class=\"elementor-element elementor-element-2a9580f6 elementor-invisible elementor-widget elementor-widget-heading\" data-id=\"2a9580f6\" data-element_type=\"widget\" data-e-type=\"widget\" data-settings=\"{&quot;_animation&quot;:&quot;fadeInDown&quot;}\" data-widget_type=\"heading.default\">\n\t\t\t\t\t<h1 class=\"elementor-heading-title elementor-size-default\">Kiinteist\u00f6n Ostaminen &amp; Myyminen<\/h1>\t\t\t\t<\/div>\n\t\t\t\t<div class=\"elementor-element elementor-element-66b46217 elementor-invisible elementor-widget elementor-widget-breadcrumbs\" data-id=\"66b46217\" data-element_type=\"widget\" data-e-type=\"widget\" data-settings=\"{&quot;_animation&quot;:&quot;fadeInUp&quot;}\" data-widget_type=\"breadcrumbs.default\">\n\t\t\t\t\t<p id=\"breadcrumbs\"><span><span><a href=\"https:\/\/fuster-associates.com\/fi\/\">Koti<\/a><\/span><\/span><\/p>\t\t\t\t<\/div>\n\t\t\t\t\t<\/div>\n\t\t\t\t<\/div>\n\t\t<div class=\"elementor-element elementor-element-ecf56bb e-flex e-con-boxed e-con e-parent\" data-id=\"ecf56bb\" data-element_type=\"container\" data-e-type=\"container\">\n\t\t\t\t\t<div class=\"e-con-inner\">\n\t\t\t\t<div class=\"elementor-element elementor-element-3b6e5aa elementor-invisible elementor-widget elementor-widget-heading\" data-id=\"3b6e5aa\" data-element_type=\"widget\" data-e-type=\"widget\" data-settings=\"{&quot;_animation&quot;:&quot;fadeIn&quot;,&quot;_animation_laptop&quot;:&quot;fadeIn&quot;}\" data-widget_type=\"heading.default\">\n\t\t\t\t\t<h2 class=\"elementor-heading-title elementor-size-default\">Kiinteist\u00f6n Ostaminen &amp; Myyminen Espanjassa<\/h2>\t\t\t\t<\/div>\n\t\t\t\t<div class=\"elementor-element elementor-element-5770392 elementor-invisible elementor-widget elementor-widget-text-editor\" data-id=\"5770392\" data-element_type=\"widget\" data-e-type=\"widget\" data-settings=\"{&quot;_animation&quot;:&quot;fadeIn&quot;,&quot;_animation_laptop&quot;:&quot;fadeIn&quot;}\" data-widget_type=\"text-editor.default\">\n\t\t\t\t\t\t\t\t\t<p data-start=\"180\" data-end=\"507\"><strong data-start=\"180\" data-end=\"247\">Tervetuloa Fuster &amp; Associatesin kiinteist\u00f6nv\u00e4lityspalveluihin.<\/strong> Tarjoamme asiantuntevaa oikeudellista apua yksityishenkil\u00f6ille ja sijoittajille, jotka ostavat tai myyv\u00e4t kiinteist\u00f6j\u00e4 Espanjassa. Erikoistuneet kiinteist\u00f6alan lakimiehemme tarjoavat henkil\u00f6kohtaista tukea osto- ja myyntikuljetuksiin sek\u00e4 suunnitelman ulkopuolisiin kiinteist\u00f6kauppoihin. <\/p><p data-start=\"509\" data-end=\"758\">Olitpa sitten hankkimassa j\u00e4lleenmyyntiasuntoa, myym\u00e4ss\u00e4 espanjalaista kiinteist\u00f6\u00e4si tai investoimassa uuteen rakennuskohteeseen, me opastamme sinua kaikissa oikeudellisissa vaiheissa, varmistamme avoimuuden, suojelemme etujasi ja varmistamme, ett\u00e4 Espanjan kiinteist\u00f6lains\u00e4\u00e4d\u00e4nt\u00f6\u00e4 noudatetaan t\u00e4ysim\u00e4\u00e4r\u00e4isesti.<\/p>\t\t\t\t\t\t\t\t<\/div>\n\t\t\t\t\t<\/div>\n\t\t\t\t<\/div>\n\t\t<div class=\"elementor-element elementor-element-28118edb e-flex e-con-boxed e-con e-parent\" data-id=\"28118edb\" data-element_type=\"container\" data-e-type=\"container\" data-settings=\"{&quot;background_background&quot;:&quot;classic&quot;}\">\n\t\t\t\t\t<div class=\"e-con-inner\">\n\t\t\t\t<div class=\"elementor-element elementor-element-cd46360 elementor-icon-list--layout-traditional elementor-list-item-link-full_width elementor-widget elementor-widget-icon-list\" data-id=\"cd46360\" data-element_type=\"widget\" data-e-type=\"widget\" data-widget_type=\"icon-list.default\">\n\t\t\t\t\t\t\t<ul class=\"elementor-icon-list-items\">\n\t\t\t\t\t\t\t<li class=\"elementor-icon-list-item\">\n\t\t\t\t\t\t\t\t\t\t\t<a href=\"https:\/\/fuster-associates.com\/services\/property-law-services\/buying-selling-property\/purchase-conveyancing\/\">\n\n\t\t\t\t\t\t\t\t\t\t\t\t<span class=\"elementor-icon-list-icon\">\n\t\t\t\t\t\t\t<svg aria-hidden=\"true\" class=\"e-font-icon-svg e-fas-caret-right\" viewBox=\"0 0 192 512\" xmlns=\"http:\/\/www.w3.org\/2000\/svg\"><path d=\"M0 384.662V127.338c0-17.818 21.543-26.741 34.142-14.142l128.662 128.662c7.81 7.81 7.81 20.474 0 28.284L34.142 398.804C21.543 411.404 0 402.48 0 384.662z\"><\/path><\/svg>\t\t\t\t\t\t<\/span>\n\t\t\t\t\t\t\t\t\t\t<span class=\"elementor-icon-list-text\">Ostoksen Kiinteist\u00f6nv\u00e4litys<\/span>\n\t\t\t\t\t\t\t\t\t\t\t<\/a>\n\t\t\t\t\t\t\t\t\t<\/li>\n\t\t\t\t\t\t\t\t<li class=\"elementor-icon-list-item\">\n\t\t\t\t\t\t\t\t\t\t\t<a href=\"https:\/\/fuster-associates.com\/services\/property-law-services\/buying-selling-property\/sales-conveyancing\/\">\n\n\t\t\t\t\t\t\t\t\t\t\t\t<span class=\"elementor-icon-list-icon\">\n\t\t\t\t\t\t\t<svg aria-hidden=\"true\" class=\"e-font-icon-svg e-fas-caret-right\" viewBox=\"0 0 192 512\" xmlns=\"http:\/\/www.w3.org\/2000\/svg\"><path d=\"M0 384.662V127.338c0-17.818 21.543-26.741 34.142-14.142l128.662 128.662c7.81 7.81 7.81 20.474 0 28.284L34.142 398.804C21.543 411.404 0 402.48 0 384.662z\"><\/path><\/svg>\t\t\t\t\t\t<\/span>\n\t\t\t\t\t\t\t\t\t\t<span class=\"elementor-icon-list-text\">Myynnin Kiinteist\u00f6nv\u00e4litys<\/span>\n\t\t\t\t\t\t\t\t\t\t\t<\/a>\n\t\t\t\t\t\t\t\t\t<\/li>\n\t\t\t\t\t\t\t\t<li class=\"elementor-icon-list-item\">\n\t\t\t\t\t\t\t\t\t\t\t<a href=\"https:\/\/fuster-associates.com\/services\/property-law-services\/buying-selling-property\/off-plan-property-purchases\/\">\n\n\t\t\t\t\t\t\t\t\t\t\t\t<span class=\"elementor-icon-list-icon\">\n\t\t\t\t\t\t\t<svg aria-hidden=\"true\" class=\"e-font-icon-svg e-fas-caret-right\" viewBox=\"0 0 192 512\" xmlns=\"http:\/\/www.w3.org\/2000\/svg\"><path d=\"M0 384.662V127.338c0-17.818 21.543-26.741 34.142-14.142l128.662 128.662c7.81 7.81 7.81 20.474 0 28.284L34.142 398.804C21.543 411.404 0 402.48 0 384.662z\"><\/path><\/svg>\t\t\t\t\t\t<\/span>\n\t\t\t\t\t\t\t\t\t\t<span class=\"elementor-icon-list-text\">Suunnitelmista Ostetut Kiinteist\u00f6t<\/span>\n\t\t\t\t\t\t\t\t\t\t\t<\/a>\n\t\t\t\t\t\t\t\t\t<\/li>\n\t\t\t\t\t\t<\/ul>\n\t\t\t\t\t\t<\/div>\n\t\t\t\t\t<\/div>\n\t\t\t\t<\/div>\n\t\t\t\t<\/div>\n\t\t","protected":false},"excerpt":{"rendered":"<p>Kiinteist\u00f6n Ostaminen &amp; Myyminen Espanjassa Tervetuloa Fuster &amp; Associatesin kiinteist\u00f6nv\u00e4lityspalveluihin. Tarjoamme asiantuntevaa oikeudellista apua yksityishenkil\u00f6ille ja sijoittajille, jotka ostavat tai myyv\u00e4t kiinteist\u00f6j\u00e4 Espanjassa. Erikoistuneet kiinteist\u00f6alan lakimiehemme tarjoavat henkil\u00f6kohtaista tukea osto- ja myyntikuljetuksiin sek\u00e4 suunnitelman ulkopuolisiin kiinteist\u00f6kauppoihin. Olitpa sitten hankkimassa j\u00e4lleenmyyntiasuntoa, myym\u00e4ss\u00e4 espanjalaista kiinteist\u00f6\u00e4si tai investoimassa uuteen rakennuskohteeseen, me opastamme sinua kaikissa oikeudellisissa vaiheissa, varmistamme avoimuuden, [&hellip;]<\/p>\n","protected":false},"author":7,"featured_media":0,"parent":28372,"menu_order":0,"comment_status":"closed","ping_status":"closed","template":"","meta":{"content-type":"","_sitemap_exclude":false,"_sitemap_priority":"","_sitemap_frequency":"","footnotes":""},"class_list":["post-30547","page","type-page","status-publish","hentry"],"yoast_head":"<!-- This site is optimized with the Yoast SEO plugin v27.3 - https:\/\/yoast.com\/product\/yoast-seo-wordpress\/ -->\n<title>Kiinteist\u00f6n Ostaminen &amp; Myyminen Espanjassa - Fuster &amp; Associates<\/title>\n<meta name=\"description\" content=\"Oikeudelliset palvelut turvalliseen ja tehokkaaseen kiinteist\u00f6jen myyntiin ja ostoon Espanjassa. T\u00e4ydellinen tuki kiinteist\u00f6nkauppojen hoidossa. V\u00e4lt\u00e4 sakot ja varmista s\u00e4\u00e4nn\u00f6sten noudattaminen.\" \/>\n<meta name=\"robots\" content=\"index, follow, max-snippet:-1, max-image-preview:large, max-video-preview:-1\" \/>\n<link rel=\"canonical\" href=\"https:\/\/fuster-associates.com\/fi\/palvelut\/kiinteistooikeudelliset-palvelut\/kiinteiston-ostaminen-myyminen\/\" \/>\n<meta property=\"og:locale\" content=\"fi_FI\" \/>\n<meta property=\"og:type\" content=\"article\" \/>\n<meta property=\"og:title\" content=\"Kiinteist\u00f6n Ostaminen &amp; Myyminen Espanjassa - Fuster &amp; Associates\" \/>\n<meta property=\"og:description\" content=\"Oikeudelliset palvelut turvalliseen ja tehokkaaseen kiinteist\u00f6jen myyntiin ja ostoon Espanjassa. T\u00e4ydellinen tuki kiinteist\u00f6nkauppojen hoidossa. V\u00e4lt\u00e4 sakot ja varmista s\u00e4\u00e4nn\u00f6sten noudattaminen.\" \/>\n<meta property=\"og:url\" content=\"https:\/\/fuster-associates.com\/fi\/palvelut\/kiinteistooikeudelliset-palvelut\/kiinteiston-ostaminen-myyminen\/\" \/>\n<meta property=\"og:site_name\" content=\"Fuster &amp; Associates\" \/>\n<meta property=\"article:publisher\" content=\"https:\/\/www.facebook.com\/fusterspain\/\" \/>\n<meta property=\"article:modified_time\" content=\"2025-09-03T09:16:38+00:00\" \/>\n<meta property=\"og:image\" content=\"https:\/\/fuster-associates.com\/wp-content\/uploads\/2020\/02\/slide-fuster-standard.jpg\" \/>\n\t<meta property=\"og:image:width\" content=\"1920\" \/>\n\t<meta property=\"og:image:height\" content=\"1280\" \/>\n\t<meta property=\"og:image:type\" content=\"image\/jpeg\" \/>\n<meta name=\"twitter:card\" content=\"summary_large_image\" \/>\n<meta name=\"twitter:site\" content=\"@FusterSpain\" \/>\n<meta name=\"twitter:label1\" content=\"Arvioitu lukuaika\" \/>\n\t<meta name=\"twitter:data1\" content=\"1 minuutti\" \/>\n<script type=\"application\/ld+json\" class=\"yoast-schema-graph\">{\"@context\":\"https:\\\/\\\/schema.org\",\"@graph\":[{\"@type\":\"WebPage\",\"@id\":\"https:\\\/\\\/fuster-associates.com\\\/fi\\\/palvelut\\\/kiinteistooikeudelliset-palvelut\\\/kiinteiston-ostaminen-myyminen\\\/\",\"url\":\"https:\\\/\\\/fuster-associates.com\\\/fi\\\/palvelut\\\/kiinteistooikeudelliset-palvelut\\\/kiinteiston-ostaminen-myyminen\\\/\",\"name\":\"Kiinteist\u00f6n Ostaminen & Myyminen Espanjassa - Fuster & Associates\",\"isPartOf\":{\"@id\":\"https:\\\/\\\/fuster-associates.com\\\/fi\\\/#website\"},\"datePublished\":\"2025-07-17T09:49:40+00:00\",\"dateModified\":\"2025-09-03T09:16:38+00:00\",\"description\":\"Oikeudelliset palvelut turvalliseen ja tehokkaaseen kiinteist\u00f6jen myyntiin ja ostoon Espanjassa. T\u00e4ydellinen tuki kiinteist\u00f6nkauppojen hoidossa. V\u00e4lt\u00e4 sakot ja varmista s\u00e4\u00e4nn\u00f6sten noudattaminen.\",\"breadcrumb\":{\"@id\":\"https:\\\/\\\/fuster-associates.com\\\/fi\\\/palvelut\\\/kiinteistooikeudelliset-palvelut\\\/kiinteiston-ostaminen-myyminen\\\/#breadcrumb\"},\"inLanguage\":\"fi\",\"potentialAction\":[{\"@type\":\"ReadAction\",\"target\":[\"https:\\\/\\\/fuster-associates.com\\\/fi\\\/palvelut\\\/kiinteistooikeudelliset-palvelut\\\/kiinteiston-ostaminen-myyminen\\\/\"]}]},{\"@type\":\"BreadcrumbList\",\"@id\":\"https:\\\/\\\/fuster-associates.com\\\/fi\\\/palvelut\\\/kiinteistooikeudelliset-palvelut\\\/kiinteiston-ostaminen-myyminen\\\/#breadcrumb\",\"itemListElement\":[{\"@type\":\"ListItem\",\"position\":1,\"name\":\"Koti\",\"item\":\"https:\\\/\\\/fuster-associates.com\\\/fi\\\/\"},{\"@type\":\"ListItem\",\"position\":2,\"name\":\"Palvelut\",\"item\":\"https:\\\/\\\/fuster-associates.com\\\/fi\\\/serviceydelser\\\/\"},{\"@type\":\"ListItem\",\"position\":3,\"name\":\"Kiinteist\u00f6oikeudelliset Palvelut\",\"item\":\"https:\\\/\\\/fuster-associates.com\\\/fi\\\/serviceydelser\\\/tjenesteydelser-inden-for-ejendomsret\\\/\"},{\"@type\":\"ListItem\",\"position\":4,\"name\":\"Kiinteist\u00f6n Ostaminen &amp; Myyminen\"}]},{\"@type\":\"WebSite\",\"@id\":\"https:\\\/\\\/fuster-associates.com\\\/fi\\\/#website\",\"url\":\"https:\\\/\\\/fuster-associates.com\\\/fi\\\/\",\"name\":\"Fuster & Associates\",\"description\":\"Property Solicitors\",\"publisher\":{\"@id\":\"https:\\\/\\\/fuster-associates.com\\\/fi\\\/#organization\"},\"potentialAction\":[{\"@type\":\"SearchAction\",\"target\":{\"@type\":\"EntryPoint\",\"urlTemplate\":\"https:\\\/\\\/fuster-associates.com\\\/fi\\\/?s={search_term_string}\"},\"query-input\":{\"@type\":\"PropertyValueSpecification\",\"valueRequired\":true,\"valueName\":\"search_term_string\"}}],\"inLanguage\":\"fi\"},{\"@type\":\"Organization\",\"@id\":\"https:\\\/\\\/fuster-associates.com\\\/fi\\\/#organization\",\"name\":\"FUSTER & ASSOCIATES\",\"url\":\"https:\\\/\\\/fuster-associates.com\\\/fi\\\/\",\"logo\":{\"@type\":\"ImageObject\",\"inLanguage\":\"fi\",\"@id\":\"https:\\\/\\\/fuster-associates.com\\\/fi\\\/#\\\/schema\\\/logo\\\/image\\\/\",\"url\":\"https:\\\/\\\/fuster-associates.com\\\/wp-content\\\/uploads\\\/2018\\\/08\\\/logo-fuster-1.jpeg\",\"contentUrl\":\"https:\\\/\\\/fuster-associates.com\\\/wp-content\\\/uploads\\\/2018\\\/08\\\/logo-fuster-1.jpeg\",\"width\":180,\"height\":113,\"caption\":\"FUSTER & ASSOCIATES\"},\"image\":{\"@id\":\"https:\\\/\\\/fuster-associates.com\\\/fi\\\/#\\\/schema\\\/logo\\\/image\\\/\"},\"sameAs\":[\"https:\\\/\\\/www.facebook.com\\\/fusterspain\\\/\",\"https:\\\/\\\/x.com\\\/FusterSpain\",\"https:\\\/\\\/www.youtube.com\\\/channel\\\/UC2-kNuL1SoqlFizI47hmIOQ\",\"https:\\\/\\\/www.linkedin.com\\\/company\\\/fuster-&-associates\\\/\"]}]}<\/script>\n<!-- \/ Yoast SEO plugin. -->","yoast_head_json":{"title":"Kiinteist\u00f6n Ostaminen & Myyminen Espanjassa - Fuster & Associates","description":"Oikeudelliset palvelut turvalliseen ja tehokkaaseen kiinteist\u00f6jen myyntiin ja ostoon Espanjassa. T\u00e4ydellinen tuki kiinteist\u00f6nkauppojen hoidossa. V\u00e4lt\u00e4 sakot ja varmista s\u00e4\u00e4nn\u00f6sten noudattaminen.","robots":{"index":"index","follow":"follow","max-snippet":"max-snippet:-1","max-image-preview":"max-image-preview:large","max-video-preview":"max-video-preview:-1"},"canonical":"https:\/\/fuster-associates.com\/fi\/palvelut\/kiinteistooikeudelliset-palvelut\/kiinteiston-ostaminen-myyminen\/","og_locale":"fi_FI","og_type":"article","og_title":"Kiinteist\u00f6n Ostaminen & Myyminen Espanjassa - Fuster & Associates","og_description":"Oikeudelliset palvelut turvalliseen ja tehokkaaseen kiinteist\u00f6jen myyntiin ja ostoon Espanjassa. T\u00e4ydellinen tuki kiinteist\u00f6nkauppojen hoidossa. V\u00e4lt\u00e4 sakot ja varmista s\u00e4\u00e4nn\u00f6sten noudattaminen.","og_url":"https:\/\/fuster-associates.com\/fi\/palvelut\/kiinteistooikeudelliset-palvelut\/kiinteiston-ostaminen-myyminen\/","og_site_name":"Fuster &amp; Associates","article_publisher":"https:\/\/www.facebook.com\/fusterspain\/","article_modified_time":"2025-09-03T09:16:38+00:00","og_image":[{"width":1920,"height":1280,"url":"https:\/\/fuster-associates.com\/wp-content\/uploads\/2020\/02\/slide-fuster-standard.jpg","type":"image\/jpeg"}],"twitter_card":"summary_large_image","twitter_site":"@FusterSpain","twitter_misc":{"Arvioitu lukuaika":"1 minuutti"},"schema":{"@context":"https:\/\/schema.org","@graph":[{"@type":"WebPage","@id":"https:\/\/fuster-associates.com\/fi\/palvelut\/kiinteistooikeudelliset-palvelut\/kiinteiston-ostaminen-myyminen\/","url":"https:\/\/fuster-associates.com\/fi\/palvelut\/kiinteistooikeudelliset-palvelut\/kiinteiston-ostaminen-myyminen\/","name":"Kiinteist\u00f6n Ostaminen & Myyminen Espanjassa - Fuster & Associates","isPartOf":{"@id":"https:\/\/fuster-associates.com\/fi\/#website"},"datePublished":"2025-07-17T09:49:40+00:00","dateModified":"2025-09-03T09:16:38+00:00","description":"Oikeudelliset palvelut turvalliseen ja tehokkaaseen kiinteist\u00f6jen myyntiin ja ostoon Espanjassa. T\u00e4ydellinen tuki kiinteist\u00f6nkauppojen hoidossa. V\u00e4lt\u00e4 sakot ja varmista s\u00e4\u00e4nn\u00f6sten noudattaminen.","breadcrumb":{"@id":"https:\/\/fuster-associates.com\/fi\/palvelut\/kiinteistooikeudelliset-palvelut\/kiinteiston-ostaminen-myyminen\/#breadcrumb"},"inLanguage":"fi","potentialAction":[{"@type":"ReadAction","target":["https:\/\/fuster-associates.com\/fi\/palvelut\/kiinteistooikeudelliset-palvelut\/kiinteiston-ostaminen-myyminen\/"]}]},{"@type":"BreadcrumbList","@id":"https:\/\/fuster-associates.com\/fi\/palvelut\/kiinteistooikeudelliset-palvelut\/kiinteiston-ostaminen-myyminen\/#breadcrumb","itemListElement":[{"@type":"ListItem","position":1,"name":"Koti","item":"https:\/\/fuster-associates.com\/fi\/"},{"@type":"ListItem","position":2,"name":"Palvelut","item":"https:\/\/fuster-associates.com\/fi\/serviceydelser\/"},{"@type":"ListItem","position":3,"name":"Kiinteist\u00f6oikeudelliset Palvelut","item":"https:\/\/fuster-associates.com\/fi\/serviceydelser\/tjenesteydelser-inden-for-ejendomsret\/"},{"@type":"ListItem","position":4,"name":"Kiinteist\u00f6n Ostaminen &amp; Myyminen"}]},{"@type":"WebSite","@id":"https:\/\/fuster-associates.com\/fi\/#website","url":"https:\/\/fuster-associates.com\/fi\/","name":"Fuster & Associates","description":"Property Solicitors","publisher":{"@id":"https:\/\/fuster-associates.com\/fi\/#organization"},"potentialAction":[{"@type":"SearchAction","target":{"@type":"EntryPoint","urlTemplate":"https:\/\/fuster-associates.com\/fi\/?s={search_term_string}"},"query-input":{"@type":"PropertyValueSpecification","valueRequired":true,"valueName":"search_term_string"}}],"inLanguage":"fi"},{"@type":"Organization","@id":"https:\/\/fuster-associates.com\/fi\/#organization","name":"FUSTER & ASSOCIATES","url":"https:\/\/fuster-associates.com\/fi\/","logo":{"@type":"ImageObject","inLanguage":"fi","@id":"https:\/\/fuster-associates.com\/fi\/#\/schema\/logo\/image\/","url":"https:\/\/fuster-associates.com\/wp-content\/uploads\/2018\/08\/logo-fuster-1.jpeg","contentUrl":"https:\/\/fuster-associates.com\/wp-content\/uploads\/2018\/08\/logo-fuster-1.jpeg","width":180,"height":113,"caption":"FUSTER & ASSOCIATES"},"image":{"@id":"https:\/\/fuster-associates.com\/fi\/#\/schema\/logo\/image\/"},"sameAs":["https:\/\/www.facebook.com\/fusterspain\/","https:\/\/x.com\/FusterSpain","https:\/\/www.youtube.com\/channel\/UC2-kNuL1SoqlFizI47hmIOQ","https:\/\/www.linkedin.com\/company\/fuster-&-associates\/"]}]}},"_links":{"self":[{"href":"https:\/\/fuster-associates.com\/fi\/wp-json\/wp\/v2\/pages\/30547","targetHints":{"allow":["GET"]}}],"collection":[{"href":"https:\/\/fuster-associates.com\/fi\/wp-json\/wp\/v2\/pages"}],"about":[{"href":"https:\/\/fuster-associates.com\/fi\/wp-json\/wp\/v2\/types\/page"}],"author":[{"embeddable":true,"href":"https:\/\/fuster-associates.com\/fi\/wp-json\/wp\/v2\/users\/7"}],"replies":[{"embeddable":true,"href":"https:\/\/fuster-associates.com\/fi\/wp-json\/wp\/v2\/comments?post=30547"}],"version-history":[{"count":2,"href":"https:\/\/fuster-associates.com\/fi\/wp-json\/wp\/v2\/pages\/30547\/revisions"}],"predecessor-version":[{"id":33642,"href":"https:\/\/fuster-associates.com\/fi\/wp-json\/wp\/v2\/pages\/30547\/revisions\/33642"}],"up":[{"embeddable":true,"href":"https:\/\/fuster-associates.com\/fi\/wp-json\/wp\/v2\/pages\/28372"}],"wp:attachment":[{"href":"https:\/\/fuster-associates.com\/fi\/wp-json\/wp\/v2\/media?parent=30547"}],"curies":[{"name":"wp","href":"https:\/\/api.w.org\/{rel}","templated":true}]}}