{"id":30485,"date":"2025-07-16T13:31:04","date_gmt":"2025-07-16T11:31:04","guid":{"rendered":"https:\/\/fuster-associates.com\/palvelut\/veropalvelut\/asumaton-veropalvelut\/"},"modified":"2025-09-09T13:08:54","modified_gmt":"2025-09-09T11:08:54","slug":"asumaton-veropalvelut","status":"publish","type":"page","link":"https:\/\/fuster-associates.com\/fi\/palvelut\/veropalvelut\/asumaton-veropalvelut\/","title":{"rendered":"Asumaton Veropalvelut"},"content":{"rendered":"\t\t<div data-elementor-type=\"wp-page\" data-elementor-id=\"30485\" class=\"elementor elementor-30485 elementor-24050\" data-elementor-post-type=\"page\">\n\t\t\t\t<div class=\"elementor-element elementor-element-5c73015f e-flex e-con-boxed e-con e-parent\" data-id=\"5c73015f\" data-element_type=\"container\" data-e-type=\"container\" data-settings=\"{&quot;background_background&quot;:&quot;classic&quot;}\">\n\t\t\t\t\t<div class=\"e-con-inner\">\n\t\t\t\t<div class=\"elementor-element elementor-element-58ff9019 elementor-invisible elementor-widget elementor-widget-heading\" data-id=\"58ff9019\" data-element_type=\"widget\" data-e-type=\"widget\" data-settings=\"{&quot;_animation&quot;:&quot;fadeInDown&quot;}\" data-widget_type=\"heading.default\">\n\t\t\t\t\t<h1 class=\"elementor-heading-title elementor-size-default\">Asumaton Veropalvelut<\/h1>\t\t\t\t<\/div>\n\t\t\t\t<div class=\"elementor-element elementor-element-27581622 elementor-invisible elementor-widget elementor-widget-breadcrumbs\" data-id=\"27581622\" data-element_type=\"widget\" data-e-type=\"widget\" data-settings=\"{&quot;_animation&quot;:&quot;fadeInUp&quot;}\" data-widget_type=\"breadcrumbs.default\">\n\t\t\t\t\t<p id=\"breadcrumbs\"><span><span><a href=\"https:\/\/fuster-associates.com\/fi\/\">Koti<\/a><\/span><\/span><\/p>\t\t\t\t<\/div>\n\t\t\t\t\t<\/div>\n\t\t\t\t<\/div>\n\t\t<div class=\"elementor-element elementor-element-3ef0269 e-flex e-con-boxed e-con e-parent\" data-id=\"3ef0269\" data-element_type=\"container\" data-e-type=\"container\">\n\t\t\t\t\t<div class=\"e-con-inner\">\n\t\t\t\t<div class=\"elementor-element elementor-element-96b0a21 elementor-invisible elementor-widget elementor-widget-heading\" data-id=\"96b0a21\" data-element_type=\"widget\" data-e-type=\"widget\" data-settings=\"{&quot;_animation&quot;:&quot;fadeIn&quot;,&quot;_animation_laptop&quot;:&quot;fadeIn&quot;}\" data-widget_type=\"heading.default\">\n\t\t\t\t\t<h2 class=\"elementor-heading-title elementor-size-default\">Tee Espanjan veroista helppoa: Asiantuntija-apua ulkomailla asuville<\/h2>\t\t\t\t<\/div>\n\t\t\t\t<div class=\"elementor-element elementor-element-d61b63f elementor-invisible elementor-widget elementor-widget-text-editor\" data-id=\"d61b63f\" data-element_type=\"widget\" data-e-type=\"widget\" data-settings=\"{&quot;_animation&quot;:&quot;fadeIn&quot;,&quot;_animation_laptop&quot;:&quot;fadeIn&quot;}\" data-widget_type=\"text-editor.default\">\n\t\t\t\t\t\t\t\t\t<strong data-start=\"1072\" data-end=\"1148\">Hanki asiantuntijatukea kaikkiin Espanjan ulkomailla asuvien verovelvoitteisiisi.<\/strong>\u00a0Ilmoitatpa\u00a0<strong data-start=\"1174\" data-end=\"1191\">sitten vuokratuloja<\/strong>, teet\u00a0<strong data-start=\"1202\" data-end=\"1229\">ulkomailla asuvan veroilmoituksen<\/strong>\u00a0tai perit\u00a0<strong data-start=\"1249\" data-end=\"1271\">takaisin 3 %:n l\u00e4hdeveron<\/strong>, luotettava lakitiimimme varmistaa vaatimustenmukaisuuden ja mielenrauhan.<strong data-start=\"1337\" data-end=\"1360\">Me Fuster &amp; Associatesilla<\/strong>\u00a0olemme erikoistuneet auttamaan kansainv\u00e4lisi\u00e4 asiakkaita\u00a0<strong data-start=\"1409\" data-end=\"1438\">navigoimaan Espanjan verolains\u00e4\u00e4d\u00e4nn\u00f6ss\u00e4<\/strong>, maksimoimaan tuotot ja minimoimaan vaivan.\u00a0<strong data-start=\"1482\" data-end=\"1513\">Varaa ilmainen konsultaatio<\/strong>\u00a0ja yksinkertaista kiinteist\u00f6veron hallintaa Espanjassa jo t\u00e4n\u00e4\u00e4n.\t\t\t\t\t\t\t\t<\/div>\n\t\t\t\t<div class=\"elementor-element elementor-element-f9b2e21 elementor-icon-list--layout-traditional elementor-list-item-link-full_width elementor-invisible elementor-widget elementor-widget-icon-list\" data-id=\"f9b2e21\" data-element_type=\"widget\" data-e-type=\"widget\" data-settings=\"{&quot;_animation&quot;:&quot;fadeIn&quot;}\" data-widget_type=\"icon-list.default\">\n\t\t\t\t\t\t\t<ul class=\"elementor-icon-list-items\">\n\t\t\t\t\t\t\t<li class=\"elementor-icon-list-item\">\n\t\t\t\t\t\t\t\t\t\t\t<a href=\"https:\/\/fuster-associates.com\/services\/tax-services\/non-resident-tax-services\/non-resident-tax-return\/\">\n\n\t\t\t\t\t\t\t\t\t\t\t\t<span class=\"elementor-icon-list-icon\">\n\t\t\t\t\t\t\t<svg aria-hidden=\"true\" class=\"e-font-icon-svg e-fas-caret-right\" viewBox=\"0 0 192 512\" xmlns=\"http:\/\/www.w3.org\/2000\/svg\"><path d=\"M0 384.662V127.338c0-17.818 21.543-26.741 34.142-14.142l128.662 128.662c7.81 7.81 7.81 20.474 0 28.284L34.142 398.804C21.543 411.404 0 402.48 0 384.662z\"><\/path><\/svg>\t\t\t\t\t\t<\/span>\n\t\t\t\t\t\t\t\t\t\t<span class=\"elementor-icon-list-text\">Asumattomien Verotuksellinen Ilmoitus<\/span>\n\t\t\t\t\t\t\t\t\t\t\t<\/a>\n\t\t\t\t\t\t\t\t\t<\/li>\n\t\t\t\t\t\t\t\t<li class=\"elementor-icon-list-item\">\n\t\t\t\t\t\t\t\t\t\t\t<a href=\"https:\/\/fuster-associates.com\/services\/tax-services\/non-resident-tax-services\/rental-income-declaration\/\">\n\n\t\t\t\t\t\t\t\t\t\t\t\t<span class=\"elementor-icon-list-icon\">\n\t\t\t\t\t\t\t<svg aria-hidden=\"true\" class=\"e-font-icon-svg e-fas-caret-right\" viewBox=\"0 0 192 512\" xmlns=\"http:\/\/www.w3.org\/2000\/svg\"><path d=\"M0 384.662V127.338c0-17.818 21.543-26.741 34.142-14.142l128.662 128.662c7.81 7.81 7.81 20.474 0 28.284L34.142 398.804C21.543 411.404 0 402.48 0 384.662z\"><\/path><\/svg>\t\t\t\t\t\t<\/span>\n\t\t\t\t\t\t\t\t\t\t<span class=\"elementor-icon-list-text\">Vuokratulojen Ilmoitus<\/span>\n\t\t\t\t\t\t\t\t\t\t\t<\/a>\n\t\t\t\t\t\t\t\t\t<\/li>\n\t\t\t\t\t\t\t\t<li class=\"elementor-icon-list-item\">\n\t\t\t\t\t\t\t\t\t\t\t<a href=\"https:\/\/fuster-associates.com\/blog\/second-homes-account-for-13-of-spanish-property-purchases\/\">\n\n\t\t\t\t\t\t\t\t\t\t\t\t<span class=\"elementor-icon-list-icon\">\n\t\t\t\t\t\t\t<svg aria-hidden=\"true\" class=\"e-font-icon-svg e-fas-caret-right\" viewBox=\"0 0 192 512\" xmlns=\"http:\/\/www.w3.org\/2000\/svg\"><path d=\"M0 384.662V127.338c0-17.818 21.543-26.741 34.142-14.142l128.662 128.662c7.81 7.81 7.81 20.474 0 28.284L34.142 398.804C21.543 411.404 0 402.48 0 384.662z\"><\/path><\/svg>\t\t\t\t\t\t<\/span>\n\t\t\t\t\t\t\t\t\t\t<span class=\"elementor-icon-list-text\">3% Ennakonpid\u00e4tyksen Takaisinvaatimus<\/span>\n\t\t\t\t\t\t\t\t\t\t\t<\/a>\n\t\t\t\t\t\t\t\t\t<\/li>\n\t\t\t\t\t\t<\/ul>\n\t\t\t\t\t\t<\/div>\n\t\t\t\t\t<\/div>\n\t\t\t\t<\/div>\n\t\t\t\t<\/div>\n\t\t","protected":false},"excerpt":{"rendered":"<p>Tee Espanjan veroista helppoa: Asiantuntija-apua ulkomailla asuville Hanki asiantuntijatukea kaikkiin Espanjan ulkomailla asuvien verovelvoitteisiisi.\u00a0Ilmoitatpa\u00a0sitten vuokratuloja, teet\u00a0ulkomailla asuvan veroilmoituksen\u00a0tai perit\u00a0takaisin 3 %:n l\u00e4hdeveron, luotettava lakitiimimme varmistaa vaatimustenmukaisuuden ja mielenrauhan.Me Fuster &amp; Associatesilla\u00a0olemme erikoistuneet auttamaan kansainv\u00e4lisi\u00e4 asiakkaita\u00a0navigoimaan Espanjan verolains\u00e4\u00e4d\u00e4nn\u00f6ss\u00e4, maksimoimaan tuotot ja minimoimaan vaivan.\u00a0Varaa ilmainen konsultaatio\u00a0ja yksinkertaista kiinteist\u00f6veron hallintaa Espanjassa jo t\u00e4n\u00e4\u00e4n. Asumattomien Verotuksellinen Ilmoitus Vuokratulojen Ilmoitus [&hellip;]<\/p>\n","protected":false},"author":7,"featured_media":0,"parent":28642,"menu_order":0,"comment_status":"closed","ping_status":"closed","template":"","meta":{"content-type":"","_sitemap_exclude":false,"_sitemap_priority":"","_sitemap_frequency":"","footnotes":""},"class_list":["post-30485","page","type-page","status-publish","hentry"],"yoast_head":"<!-- This site is optimized with the Yoast SEO plugin v27.3 - https:\/\/yoast.com\/product\/yoast-seo-wordpress\/ -->\n<title>Ulkomailla asuvien veroapu Espanjassa - Fuster &amp; Associates<\/title>\n<meta name=\"description\" content=\"Yksinkertaista Espanjan veroilmoitusta ulkomailla asuvana henkil\u00f6n\u00e4 asiantuntevalla oikeudellisella tuella ja selkeill\u00e4 ohjeilla. Varaa maksuton konsultaatio nyt.\" \/>\n<meta name=\"robots\" content=\"index, follow, max-snippet:-1, max-image-preview:large, max-video-preview:-1\" \/>\n<link rel=\"canonical\" href=\"https:\/\/fuster-associates.com\/fi\/palvelut\/veropalvelut\/asumaton-veropalvelut\/\" \/>\n<meta property=\"og:locale\" content=\"fi_FI\" \/>\n<meta property=\"og:type\" content=\"article\" \/>\n<meta property=\"og:title\" content=\"Ulkomailla asuvien veroapu Espanjassa - Fuster &amp; Associates\" \/>\n<meta property=\"og:description\" content=\"Yksinkertaista Espanjan veroilmoitusta ulkomailla asuvana henkil\u00f6n\u00e4 asiantuntevalla oikeudellisella tuella ja selkeill\u00e4 ohjeilla. Varaa maksuton konsultaatio nyt.\" \/>\n<meta property=\"og:url\" content=\"https:\/\/fuster-associates.com\/fi\/palvelut\/veropalvelut\/asumaton-veropalvelut\/\" \/>\n<meta property=\"og:site_name\" content=\"Fuster &amp; Associates\" \/>\n<meta property=\"article:publisher\" content=\"https:\/\/www.facebook.com\/fusterspain\/\" \/>\n<meta property=\"article:modified_time\" content=\"2025-09-09T11:08:54+00:00\" \/>\n<meta property=\"og:image\" content=\"https:\/\/fuster-associates.com\/wp-content\/uploads\/2020\/02\/slide-fuster-standard.jpg\" \/>\n\t<meta property=\"og:image:width\" content=\"1920\" \/>\n\t<meta property=\"og:image:height\" content=\"1280\" \/>\n\t<meta property=\"og:image:type\" content=\"image\/jpeg\" \/>\n<meta name=\"twitter:card\" content=\"summary_large_image\" \/>\n<meta name=\"twitter:site\" content=\"@FusterSpain\" \/>\n<script type=\"application\/ld+json\" class=\"yoast-schema-graph\">{\"@context\":\"https:\\\/\\\/schema.org\",\"@graph\":[{\"@type\":\"WebPage\",\"@id\":\"https:\\\/\\\/fuster-associates.com\\\/fi\\\/palvelut\\\/veropalvelut\\\/asumaton-veropalvelut\\\/\",\"url\":\"https:\\\/\\\/fuster-associates.com\\\/fi\\\/palvelut\\\/veropalvelut\\\/asumaton-veropalvelut\\\/\",\"name\":\"Ulkomailla asuvien veroapu Espanjassa - Fuster & Associates\",\"isPartOf\":{\"@id\":\"https:\\\/\\\/fuster-associates.com\\\/fi\\\/#website\"},\"datePublished\":\"2025-07-16T11:31:04+00:00\",\"dateModified\":\"2025-09-09T11:08:54+00:00\",\"description\":\"Yksinkertaista Espanjan veroilmoitusta ulkomailla asuvana henkil\u00f6n\u00e4 asiantuntevalla oikeudellisella tuella ja selkeill\u00e4 ohjeilla. Varaa maksuton konsultaatio nyt.\",\"breadcrumb\":{\"@id\":\"https:\\\/\\\/fuster-associates.com\\\/fi\\\/palvelut\\\/veropalvelut\\\/asumaton-veropalvelut\\\/#breadcrumb\"},\"inLanguage\":\"fi\",\"potentialAction\":[{\"@type\":\"ReadAction\",\"target\":[\"https:\\\/\\\/fuster-associates.com\\\/fi\\\/palvelut\\\/veropalvelut\\\/asumaton-veropalvelut\\\/\"]}]},{\"@type\":\"BreadcrumbList\",\"@id\":\"https:\\\/\\\/fuster-associates.com\\\/fi\\\/palvelut\\\/veropalvelut\\\/asumaton-veropalvelut\\\/#breadcrumb\",\"itemListElement\":[{\"@type\":\"ListItem\",\"position\":1,\"name\":\"Koti\",\"item\":\"https:\\\/\\\/fuster-associates.com\\\/fi\\\/\"},{\"@type\":\"ListItem\",\"position\":2,\"name\":\"Palvelut\",\"item\":\"https:\\\/\\\/fuster-associates.com\\\/fi\\\/serviceydelser\\\/\"},{\"@type\":\"ListItem\",\"position\":3,\"name\":\"Veropalvelut\",\"item\":\"https:\\\/\\\/fuster-associates.com\\\/fi\\\/serviceydelser\\\/skattetjenester\\\/\"},{\"@type\":\"ListItem\",\"position\":4,\"name\":\"Asumaton Veropalvelut\"}]},{\"@type\":\"WebSite\",\"@id\":\"https:\\\/\\\/fuster-associates.com\\\/fi\\\/#website\",\"url\":\"https:\\\/\\\/fuster-associates.com\\\/fi\\\/\",\"name\":\"Fuster & Associates\",\"description\":\"Property Solicitors\",\"publisher\":{\"@id\":\"https:\\\/\\\/fuster-associates.com\\\/fi\\\/#organization\"},\"potentialAction\":[{\"@type\":\"SearchAction\",\"target\":{\"@type\":\"EntryPoint\",\"urlTemplate\":\"https:\\\/\\\/fuster-associates.com\\\/fi\\\/?s={search_term_string}\"},\"query-input\":{\"@type\":\"PropertyValueSpecification\",\"valueRequired\":true,\"valueName\":\"search_term_string\"}}],\"inLanguage\":\"fi\"},{\"@type\":\"Organization\",\"@id\":\"https:\\\/\\\/fuster-associates.com\\\/fi\\\/#organization\",\"name\":\"FUSTER & ASSOCIATES\",\"url\":\"https:\\\/\\\/fuster-associates.com\\\/fi\\\/\",\"logo\":{\"@type\":\"ImageObject\",\"inLanguage\":\"fi\",\"@id\":\"https:\\\/\\\/fuster-associates.com\\\/fi\\\/#\\\/schema\\\/logo\\\/image\\\/\",\"url\":\"https:\\\/\\\/fuster-associates.com\\\/wp-content\\\/uploads\\\/2018\\\/08\\\/logo-fuster-1.jpeg\",\"contentUrl\":\"https:\\\/\\\/fuster-associates.com\\\/wp-content\\\/uploads\\\/2018\\\/08\\\/logo-fuster-1.jpeg\",\"width\":180,\"height\":113,\"caption\":\"FUSTER & ASSOCIATES\"},\"image\":{\"@id\":\"https:\\\/\\\/fuster-associates.com\\\/fi\\\/#\\\/schema\\\/logo\\\/image\\\/\"},\"sameAs\":[\"https:\\\/\\\/www.facebook.com\\\/fusterspain\\\/\",\"https:\\\/\\\/x.com\\\/FusterSpain\",\"https:\\\/\\\/www.youtube.com\\\/channel\\\/UC2-kNuL1SoqlFizI47hmIOQ\",\"https:\\\/\\\/www.linkedin.com\\\/company\\\/fuster-&-associates\\\/\"]}]}<\/script>\n<!-- \/ Yoast SEO plugin. -->","yoast_head_json":{"title":"Ulkomailla asuvien veroapu Espanjassa - Fuster & Associates","description":"Yksinkertaista Espanjan veroilmoitusta ulkomailla asuvana henkil\u00f6n\u00e4 asiantuntevalla oikeudellisella tuella ja selkeill\u00e4 ohjeilla. Varaa maksuton konsultaatio nyt.","robots":{"index":"index","follow":"follow","max-snippet":"max-snippet:-1","max-image-preview":"max-image-preview:large","max-video-preview":"max-video-preview:-1"},"canonical":"https:\/\/fuster-associates.com\/fi\/palvelut\/veropalvelut\/asumaton-veropalvelut\/","og_locale":"fi_FI","og_type":"article","og_title":"Ulkomailla asuvien veroapu Espanjassa - Fuster & Associates","og_description":"Yksinkertaista Espanjan veroilmoitusta ulkomailla asuvana henkil\u00f6n\u00e4 asiantuntevalla oikeudellisella tuella ja selkeill\u00e4 ohjeilla. Varaa maksuton konsultaatio nyt.","og_url":"https:\/\/fuster-associates.com\/fi\/palvelut\/veropalvelut\/asumaton-veropalvelut\/","og_site_name":"Fuster &amp; Associates","article_publisher":"https:\/\/www.facebook.com\/fusterspain\/","article_modified_time":"2025-09-09T11:08:54+00:00","og_image":[{"width":1920,"height":1280,"url":"https:\/\/fuster-associates.com\/wp-content\/uploads\/2020\/02\/slide-fuster-standard.jpg","type":"image\/jpeg"}],"twitter_card":"summary_large_image","twitter_site":"@FusterSpain","schema":{"@context":"https:\/\/schema.org","@graph":[{"@type":"WebPage","@id":"https:\/\/fuster-associates.com\/fi\/palvelut\/veropalvelut\/asumaton-veropalvelut\/","url":"https:\/\/fuster-associates.com\/fi\/palvelut\/veropalvelut\/asumaton-veropalvelut\/","name":"Ulkomailla asuvien veroapu Espanjassa - Fuster & Associates","isPartOf":{"@id":"https:\/\/fuster-associates.com\/fi\/#website"},"datePublished":"2025-07-16T11:31:04+00:00","dateModified":"2025-09-09T11:08:54+00:00","description":"Yksinkertaista Espanjan veroilmoitusta ulkomailla asuvana henkil\u00f6n\u00e4 asiantuntevalla oikeudellisella tuella ja selkeill\u00e4 ohjeilla. Varaa maksuton konsultaatio nyt.","breadcrumb":{"@id":"https:\/\/fuster-associates.com\/fi\/palvelut\/veropalvelut\/asumaton-veropalvelut\/#breadcrumb"},"inLanguage":"fi","potentialAction":[{"@type":"ReadAction","target":["https:\/\/fuster-associates.com\/fi\/palvelut\/veropalvelut\/asumaton-veropalvelut\/"]}]},{"@type":"BreadcrumbList","@id":"https:\/\/fuster-associates.com\/fi\/palvelut\/veropalvelut\/asumaton-veropalvelut\/#breadcrumb","itemListElement":[{"@type":"ListItem","position":1,"name":"Koti","item":"https:\/\/fuster-associates.com\/fi\/"},{"@type":"ListItem","position":2,"name":"Palvelut","item":"https:\/\/fuster-associates.com\/fi\/serviceydelser\/"},{"@type":"ListItem","position":3,"name":"Veropalvelut","item":"https:\/\/fuster-associates.com\/fi\/serviceydelser\/skattetjenester\/"},{"@type":"ListItem","position":4,"name":"Asumaton Veropalvelut"}]},{"@type":"WebSite","@id":"https:\/\/fuster-associates.com\/fi\/#website","url":"https:\/\/fuster-associates.com\/fi\/","name":"Fuster & Associates","description":"Property Solicitors","publisher":{"@id":"https:\/\/fuster-associates.com\/fi\/#organization"},"potentialAction":[{"@type":"SearchAction","target":{"@type":"EntryPoint","urlTemplate":"https:\/\/fuster-associates.com\/fi\/?s={search_term_string}"},"query-input":{"@type":"PropertyValueSpecification","valueRequired":true,"valueName":"search_term_string"}}],"inLanguage":"fi"},{"@type":"Organization","@id":"https:\/\/fuster-associates.com\/fi\/#organization","name":"FUSTER & ASSOCIATES","url":"https:\/\/fuster-associates.com\/fi\/","logo":{"@type":"ImageObject","inLanguage":"fi","@id":"https:\/\/fuster-associates.com\/fi\/#\/schema\/logo\/image\/","url":"https:\/\/fuster-associates.com\/wp-content\/uploads\/2018\/08\/logo-fuster-1.jpeg","contentUrl":"https:\/\/fuster-associates.com\/wp-content\/uploads\/2018\/08\/logo-fuster-1.jpeg","width":180,"height":113,"caption":"FUSTER & ASSOCIATES"},"image":{"@id":"https:\/\/fuster-associates.com\/fi\/#\/schema\/logo\/image\/"},"sameAs":["https:\/\/www.facebook.com\/fusterspain\/","https:\/\/x.com\/FusterSpain","https:\/\/www.youtube.com\/channel\/UC2-kNuL1SoqlFizI47hmIOQ","https:\/\/www.linkedin.com\/company\/fuster-&-associates\/"]}]}},"_links":{"self":[{"href":"https:\/\/fuster-associates.com\/fi\/wp-json\/wp\/v2\/pages\/30485","targetHints":{"allow":["GET"]}}],"collection":[{"href":"https:\/\/fuster-associates.com\/fi\/wp-json\/wp\/v2\/pages"}],"about":[{"href":"https:\/\/fuster-associates.com\/fi\/wp-json\/wp\/v2\/types\/page"}],"author":[{"embeddable":true,"href":"https:\/\/fuster-associates.com\/fi\/wp-json\/wp\/v2\/users\/7"}],"replies":[{"embeddable":true,"href":"https:\/\/fuster-associates.com\/fi\/wp-json\/wp\/v2\/comments?post=30485"}],"version-history":[{"count":7,"href":"https:\/\/fuster-associates.com\/fi\/wp-json\/wp\/v2\/pages\/30485\/revisions"}],"predecessor-version":[{"id":33982,"href":"https:\/\/fuster-associates.com\/fi\/wp-json\/wp\/v2\/pages\/30485\/revisions\/33982"}],"up":[{"embeddable":true,"href":"https:\/\/fuster-associates.com\/fi\/wp-json\/wp\/v2\/pages\/28642"}],"wp:attachment":[{"href":"https:\/\/fuster-associates.com\/fi\/wp-json\/wp\/v2\/media?parent=30485"}],"curies":[{"name":"wp","href":"https:\/\/api.w.org\/{rel}","templated":true}]}}