{"id":28830,"date":"2025-02-14T12:44:33","date_gmt":"2025-02-14T11:44:33","guid":{"rendered":"https:\/\/fuster2.kustom.es\/closing-days\/"},"modified":"2026-01-15T08:44:08","modified_gmt":"2026-01-15T07:44:08","slug":"sulkemispaivat","status":"publish","type":"page","link":"https:\/\/fuster-associates.com\/fi\/sulkemispaivat\/","title":{"rendered":"Sulkemisp\u00e4iv\u00e4t"},"content":{"rendered":"\t\t<div data-elementor-type=\"wp-page\" data-elementor-id=\"28830\" class=\"elementor elementor-28830 elementor-22137\" data-elementor-post-type=\"page\">\n\t\t\t\t<div class=\"elementor-element elementor-element-03c0a92 e-flex e-con-boxed e-con e-parent\" data-id=\"03c0a92\" data-element_type=\"container\" data-e-type=\"container\" data-settings=\"{&quot;background_background&quot;:&quot;classic&quot;}\">\n\t\t\t\t\t<div class=\"e-con-inner\">\n\t\t\t\t<div class=\"elementor-element elementor-element-a504552 elementor-invisible elementor-widget elementor-widget-heading\" data-id=\"a504552\" data-element_type=\"widget\" data-e-type=\"widget\" data-settings=\"{&quot;_animation&quot;:&quot;fadeInDown&quot;}\" data-widget_type=\"heading.default\">\n\t\t\t\t\t<h1 class=\"elementor-heading-title elementor-size-default\">Sulkemisp\u00e4iv\u00e4t<\/h1>\t\t\t\t<\/div>\n\t\t\t\t<div class=\"elementor-element elementor-element-3cc2c73 elementor-invisible elementor-widget elementor-widget-breadcrumbs\" data-id=\"3cc2c73\" data-element_type=\"widget\" data-e-type=\"widget\" data-settings=\"{&quot;_animation&quot;:&quot;fadeInUp&quot;}\" data-widget_type=\"breadcrumbs.default\">\n\t\t\t\t\t<p id=\"breadcrumbs\"><span><span><a href=\"https:\/\/fuster-associates.com\/fi\/\">Koti<\/a><\/span><\/span><\/p>\t\t\t\t<\/div>\n\t\t\t\t\t<\/div>\n\t\t\t\t<\/div>\n\t\t<div class=\"elementor-element elementor-element-527a8bb e-flex e-con-boxed e-con e-parent\" data-id=\"527a8bb\" data-element_type=\"container\" data-e-type=\"container\" data-settings=\"{&quot;background_motion_fx_devices&quot;:[&quot;widescreen&quot;,&quot;desktop&quot;,&quot;laptop&quot;,&quot;tablet_extra&quot;,&quot;tablet&quot;,&quot;mobile_extra&quot;,&quot;mobile&quot;]}\">\n\t\t\t\t\t<div class=\"e-con-inner\">\n\t\t\t\t<div class=\"elementor-element elementor-element-6e666b8 elementor-invisible elementor-widget elementor-widget-heading\" data-id=\"6e666b8\" data-element_type=\"widget\" data-e-type=\"widget\" data-settings=\"{&quot;_animation&quot;:&quot;fadeIn&quot;}\" data-widget_type=\"heading.default\">\n\t\t\t\t\t<h3 class=\"elementor-heading-title elementor-size-default\">Sulkemisp\u00e4iv\u00e4t toimipisteitt\u00e4in<\/h3>\t\t\t\t<\/div>\n\t\t<div class=\"elementor-element elementor-element-b100051 e-con-full e-grid e-con e-child\" data-id=\"b100051\" data-element_type=\"container\" data-e-type=\"container\">\n\t\t<div class=\"elementor-element elementor-element-344fa1d e-con-full e-flex elementor-invisible e-con e-child\" data-id=\"344fa1d\" data-element_type=\"container\" data-e-type=\"container\" data-settings=\"{&quot;background_background&quot;:&quot;classic&quot;,&quot;animation&quot;:&quot;fadeInUp&quot;}\">\n\t\t\t\t<div class=\"elementor-element elementor-element-8ec4901 elementor-widget elementor-widget-heading\" data-id=\"8ec4901\" data-element_type=\"widget\" data-e-type=\"widget\" data-widget_type=\"heading.default\">\n\t\t\t\t\t<h4 class=\"elementor-heading-title elementor-size-default\">San Juan de los Terreros, Pulp\u00ed<\/h4>\t\t\t\t<\/div>\n\t\t\t\t<div class=\"elementor-element elementor-element-9ca36a2 elementor-widget elementor-widget-text-editor\" data-id=\"9ca36a2\" data-element_type=\"widget\" data-e-type=\"widget\" data-widget_type=\"text-editor.default\">\n\t\t\t\t\t\t\t\t\t<ul><li>1. tammikuuta (uudenvuodenp\u00e4iv\u00e4)<\/li><li>6. tammikuuta (Herran lypp\u00e4inen)<\/li><li>28. helmikuuta (Andaluc\u00edan p\u00e4iv\u00e4)<\/li><li>27. maaliskuuta (Paikallinen juhlap\u00e4iv\u00e4 San Juan de los Terreros-Pulp\u00edssa)<\/li><li>2. huhtikuuta (Kiirastorstai)<\/li><li>3. huhtikuuta (pitk\u00e4perjantai)<\/li><li>1. toukokuuta (ty\u00f6v\u00e4enp\u00e4iv\u00e4)<\/li><li>24. kes\u00e4kuuta (San Juan)<\/li><li>15. elokuuta (Neitsyt Marian taivaaseenastuminen)<\/li><li>17.\u201331. elokuuta (kes\u00e4loma)<\/li><li>29. syyskuuta (Paikallinen juhlap\u00e4iv\u00e4 San Juan de los Terreros-Pulp\u00edssa)<\/li><li>12. lokakuuta (latinalaisamerikkalainen p\u00e4iv\u00e4)<\/li><li>2. marraskuuta (Pyh\u00e4inp\u00e4iv\u00e4n j\u00e4lkeinen maanantai)<\/li><li>7. joulukuuta (maanantai Espanjan perustuslain p\u00e4iv\u00e4n j\u00e4lkeen)<\/li><li>8. joulukuuta (Neitsyt Marian siki\u00e4minen)<\/li><\/ul><p><strong>Joululomat:<\/strong> 24. joulukuuta &#8211; 7. tammikuuta 2027, molemmat mukaan lukien.<\/p>\t\t\t\t\t\t\t\t<\/div>\n\t\t\t\t<\/div>\n\t\t<div class=\"elementor-element elementor-element-ae98645 e-con-full e-flex elementor-invisible e-con e-child\" data-id=\"ae98645\" data-element_type=\"container\" data-e-type=\"container\" data-settings=\"{&quot;background_background&quot;:&quot;classic&quot;,&quot;animation&quot;:&quot;fadeInUp&quot;}\">\n\t\t\t\t<div class=\"elementor-element elementor-element-be252d8 elementor-widget elementor-widget-heading\" data-id=\"be252d8\" data-element_type=\"widget\" data-e-type=\"widget\" data-widget_type=\"heading.default\">\n\t\t\t\t\t<h4 class=\"elementor-heading-title elementor-size-default\">Los Alc\u00e1zares, Murcia<\/h4>\t\t\t\t<\/div>\n\t\t\t\t<div class=\"elementor-element elementor-element-8289a49 elementor-widget elementor-widget-text-editor\" data-id=\"8289a49\" data-element_type=\"widget\" data-e-type=\"widget\" data-widget_type=\"text-editor.default\">\n\t\t\t\t\t\t\t\t\t<ul><li>1. tammikuuta (uudenvuodenp\u00e4iv\u00e4)<\/li><li>6. tammikuuta (Herran lypp\u00e4inen)<\/li><li>19. maaliskuuta (Pyh\u00e4n Joosefin p\u00e4iv\u00e4)<\/li><li>2. huhtikuuta (Kiirastorstai)<\/li><li>3. huhtikuuta (pitk\u00e4perjantai)<\/li><li>6. huhtikuuta (Paikallinen juhlap\u00e4iv\u00e4 Los Alc\u00e1zaresissa)<\/li><li>1. toukokuuta (ty\u00f6v\u00e4enp\u00e4iv\u00e4)<\/li><li>9. kes\u00e4kuuta (Murcian alueen p\u00e4iv\u00e4)<\/li><li>15. elokuuta (Neitsyt Marian taivaaseenastuminen)<\/li><li>17.\u201331. elokuuta (kes\u00e4loma)<\/li><li>12. lokakuuta (latinalaisamerikkalainen p\u00e4iv\u00e4)<\/li><li>13. lokakuuta (Paikallinen juhlap\u00e4iv\u00e4 Los Alc\u00e1zaresissa)<\/li><li>7. joulukuuta (maanantai Espanjan perustuslain p\u00e4iv\u00e4n j\u00e4lkeen)<\/li><li>8. joulukuuta (Neitsyt Marian siki\u00e4minen)<\/li><\/ul><p><strong>Joululomat:<\/strong> 24. joulukuuta &#8211; 7. tammikuuta 2027, molemmat mukaan lukien.<\/p>\t\t\t\t\t\t\t\t<\/div>\n\t\t\t\t<\/div>\n\t\t<div class=\"elementor-element elementor-element-5311d31 e-con-full e-flex elementor-invisible e-con e-child\" data-id=\"5311d31\" data-element_type=\"container\" data-e-type=\"container\" data-settings=\"{&quot;background_background&quot;:&quot;classic&quot;,&quot;animation&quot;:&quot;fadeInUp&quot;}\">\n\t\t\t\t<div class=\"elementor-element elementor-element-5ac5e3c elementor-widget elementor-widget-heading\" data-id=\"5ac5e3c\" data-element_type=\"widget\" data-e-type=\"widget\" data-widget_type=\"heading.default\">\n\t\t\t\t\t<h4 class=\"elementor-heading-title elementor-size-default\">Murcia, Murcia<\/h4>\t\t\t\t<\/div>\n\t\t\t\t<div class=\"elementor-element elementor-element-a59d780 elementor-widget elementor-widget-text-editor\" data-id=\"a59d780\" data-element_type=\"widget\" data-e-type=\"widget\" data-widget_type=\"text-editor.default\">\n\t\t\t\t\t\t\t\t\t<ul><li>1. tammikuuta (uudenvuodenp\u00e4iv\u00e4)<\/li><li>6. tammikuuta (loppiainen)<\/li><li>19. maaliskuuta (Pyh\u00e4n Joosefin p\u00e4iv\u00e4)<\/li><li>2. huhtikuuta (Kiirastorstai)<\/li><li>3. huhtikuuta (pitk\u00e4perjantai)<\/li><li>7. huhtikuuta (Paikallinen juhlap\u00e4iv\u00e4 Murciassa)<\/li><li>1. toukokuuta (ty\u00f6v\u00e4enp\u00e4iv\u00e4)<\/li><li>9. kes\u00e4kuuta (Murcian alueen p\u00e4iv\u00e4)<\/li><li>15. elokuuta (Neitsyt Marian taivaaseenastuminen)<\/li><li>17.\u201331. elokuuta (kes\u00e4loma)<\/li><li>15. syyskuuta (paikallinen juhlap\u00e4iv\u00e4 Murciassa)<\/li><li>12. lokakuuta (latinalaisamerikkalainen p\u00e4iv\u00e4)<\/li><li>7. joulukuuta (maanantai Espanjan perustuslain p\u00e4iv\u00e4n j\u00e4lkeen)<\/li><li>8. joulukuuta (Neitsyt Marian siki\u00e4minen)<\/li><\/ul><p><strong>Joululomat:<\/strong> 24. joulukuuta &#8211; 7. tammikuuta 2027, molemmat mukaan lukien.<\/p>\t\t\t\t\t\t\t\t<\/div>\n\t\t\t\t<\/div>\n\t\t<div class=\"elementor-element elementor-element-7c91ae4 e-con-full e-flex elementor-invisible e-con e-child\" data-id=\"7c91ae4\" data-element_type=\"container\" data-e-type=\"container\" data-settings=\"{&quot;background_background&quot;:&quot;classic&quot;,&quot;animation&quot;:&quot;fadeInUp&quot;}\">\n\t\t\t\t<div class=\"elementor-element elementor-element-aa67b53 elementor-widget elementor-widget-heading\" data-id=\"aa67b53\" data-element_type=\"widget\" data-e-type=\"widget\" data-widget_type=\"heading.default\">\n\t\t\t\t\t<h4 class=\"elementor-heading-title elementor-size-default\">La Zenia, Alicante<\/h4>\t\t\t\t<\/div>\n\t\t\t\t<div class=\"elementor-element elementor-element-9160f2b elementor-widget elementor-widget-text-editor\" data-id=\"9160f2b\" data-element_type=\"widget\" data-e-type=\"widget\" data-widget_type=\"text-editor.default\">\n\t\t\t\t\t\t\t\t\t<ul><li>1. tammikuuta (uudenvuodenp\u00e4iv\u00e4)<\/li><li>6. tammikuuta (Herran lypp\u00e4inen)<\/li><li>19. maaliskuuta (Pyh\u00e4n Joosefin p\u00e4iv\u00e4)<\/li><li>3. huhtikuuta (pitk\u00e4perjantai)<\/li><li>6. huhtikuuta (p\u00e4\u00e4si\u00e4ismaanantai)<\/li><li>1. toukokuuta (ty\u00f6v\u00e4enp\u00e4iv\u00e4)<\/li><li>24. kes\u00e4kuuta (San Juan)<\/li><li>17. hein\u00e4kuuta (Paikallinen juhla Orihuela \u2013 La Zenia)<\/li><li>15. elokuuta (Neitsyt Marian taivaaseenastuminen)<\/li><li>17.\u201331. elokuuta (kes\u00e4loma)<\/li><li>8. syyskuuta (Paikallinen juhlap\u00e4iv\u00e4 Orihuelassa \u2013 La Zenia)<\/li><li>9. lokakuuta (Valencian yhteis\u00f6n p\u00e4iv\u00e4)<\/li><li>12. lokakuuta (latinalaisamerikkalainen p\u00e4iv\u00e4)<\/li><li>7. joulukuuta (maanantai Espanjan perustuslain p\u00e4iv\u00e4n j\u00e4lkeen)<\/li><li>8. joulukuuta (Neitsyt Marian siki\u00e4minen)<\/li><\/ul><p><strong>Joululomat:<\/strong> 24. joulukuuta &#8211; 7. tammikuuta 2027, molemmat mukaan lukien.<\/p>\t\t\t\t\t\t\t\t<\/div>\n\t\t\t\t<\/div>\n\t\t<div class=\"elementor-element elementor-element-f8ed16a e-con-full e-flex elementor-invisible e-con e-child\" data-id=\"f8ed16a\" data-element_type=\"container\" data-e-type=\"container\" data-settings=\"{&quot;background_background&quot;:&quot;classic&quot;,&quot;animation&quot;:&quot;fadeInUp&quot;}\">\n\t\t\t\t<div class=\"elementor-element elementor-element-604fd35 elementor-widget elementor-widget-heading\" data-id=\"604fd35\" data-element_type=\"widget\" data-e-type=\"widget\" data-widget_type=\"heading.default\">\n\t\t\t\t\t<h4 class=\"elementor-heading-title elementor-size-default\">Finestrat, Alicante<\/h4>\t\t\t\t<\/div>\n\t\t\t\t<div class=\"elementor-element elementor-element-9d21ecb elementor-widget elementor-widget-text-editor\" data-id=\"9d21ecb\" data-element_type=\"widget\" data-e-type=\"widget\" data-widget_type=\"text-editor.default\">\n\t\t\t\t\t\t\t\t\t<ul><li>1. tammikuuta (uudenvuodenp\u00e4iv\u00e4)<\/li><li>6. tammikuuta (Herran lypp\u00e4inen)<\/li><li>19. maaliskuuta (Pyh\u00e4n Joosefin p\u00e4iv\u00e4)<\/li><li>3. huhtikuuta (pitk\u00e4perjantai)<\/li><li>6. huhtikuuta (p\u00e4\u00e4si\u00e4ismaanantai)<\/li><li>1. toukokuuta (ty\u00f6v\u00e4enp\u00e4iv\u00e4)<\/li><li>24. kes\u00e4kuuta (San Juan)<\/li><li>15. elokuuta (Neitsyt Marian taivaaseenastuminen)<\/li><li>17.\u201331. elokuuta (kes\u00e4loma)<\/li><li>21. ja 24. elokuuta (paikallinen juhlap\u00e4iv\u00e4 Finestratissa)<\/li><li>9. lokakuuta (Valencian yhteis\u00f6n p\u00e4iv\u00e4)<\/li><li>12. lokakuuta (latinalaisamerikkalainen p\u00e4iv\u00e4)<\/li><li>7. joulukuuta (maanantai Espanjan perustuslain p\u00e4iv\u00e4n j\u00e4lkeen)<\/li><li>8. joulukuuta (Neitsyt Marian siki\u00e4minen)<\/li><\/ul><p><strong>Joululomat:<\/strong> 24. joulukuuta &#8211; 7. tammikuuta 2027, molemmat mukaan lukien.<\/p>\t\t\t\t\t\t\t\t<\/div>\n\t\t\t\t<\/div>\n\t\t<div class=\"elementor-element elementor-element-adb11ea e-con-full e-flex elementor-invisible e-con e-child\" data-id=\"adb11ea\" data-element_type=\"container\" data-e-type=\"container\" data-settings=\"{&quot;background_background&quot;:&quot;classic&quot;,&quot;animation&quot;:&quot;fadeInUp&quot;}\">\n\t\t\t\t<div class=\"elementor-element elementor-element-d633903 elementor-widget elementor-widget-heading\" data-id=\"d633903\" data-element_type=\"widget\" data-e-type=\"widget\" data-widget_type=\"heading.default\">\n\t\t\t\t\t<h4 class=\"elementor-heading-title elementor-size-default\">Teulada, Alicante<\/h4>\t\t\t\t<\/div>\n\t\t\t\t<div class=\"elementor-element elementor-element-22d9698 elementor-widget elementor-widget-text-editor\" data-id=\"22d9698\" data-element_type=\"widget\" data-e-type=\"widget\" data-widget_type=\"text-editor.default\">\n\t\t\t\t\t\t\t\t\t<ul>\n<li>1. tammikuuta (uudenvuodenp\u00e4iv\u00e4)<\/li>\n<li>6. tammikuuta (Herran lypp\u00e4inen)<\/li>\n<li>19. maaliskuuta (Pyh\u00e4n Joosefin p\u00e4iv\u00e4)<\/li>\n<li>3. huhtikuuta (pitk\u00e4perjantai)<\/li>\n<li>6. huhtikuuta (p\u00e4\u00e4si\u00e4ismaanantai)<\/li>\n<li>13. huhtikuuta (paikallinen juhlap\u00e4iv\u00e4 Teuladassa)<\/li>\n<li>1. toukokuuta (ty\u00f6v\u00e4enp\u00e4iv\u00e4)<\/li>\n<li>24. kes\u00e4kuuta (San Juan)<\/li>\n<li>15. hein\u00e4kuuta (Paikallinen juhlap\u00e4iv\u00e4 Teuladassa)<\/li>\n<li>15. elokuuta (Neitsyt Marian taivaaseenastuminen)<\/li>\n<li>17.\u201331. elokuuta (kes\u00e4loma)<\/li>\n<li>9. lokakuuta (Valencian yhteis\u00f6n p\u00e4iv\u00e4)<\/li>\n<li>7. joulukuuta (maanantai Espanjan perustuslain p\u00e4iv\u00e4n j\u00e4lkeen)<\/li>\n<li>8. joulukuuta (Neitsyt Marian siki\u00e4minen)<\/li>\n<\/ul>\n<p><strong>Joululomat:<\/strong> 24. joulukuuta &#8211; 7. tammikuuta 2027, molemmat mukaan lukien.<\/p>\t\t\t\t\t\t\t\t<\/div>\n\t\t\t\t<\/div>\n\t\t\t\t<\/div>\n\t\t\t\t\t<\/div>\n\t\t\t\t<\/div>\n\t\t\t\t<\/div>\n\t\t","protected":false},"excerpt":{"rendered":"<p>Sulkemisp\u00e4iv\u00e4t toimipisteitt\u00e4in San Juan de los Terreros, Pulp\u00ed 1. tammikuuta (uudenvuodenp\u00e4iv\u00e4) 6. tammikuuta (Herran lypp\u00e4inen) 28. helmikuuta (Andaluc\u00edan p\u00e4iv\u00e4) 27. maaliskuuta (Paikallinen juhlap\u00e4iv\u00e4 San Juan de los Terreros-Pulp\u00edssa) 2. huhtikuuta (Kiirastorstai) 3. huhtikuuta (pitk\u00e4perjantai) 1. toukokuuta (ty\u00f6v\u00e4enp\u00e4iv\u00e4) 24. kes\u00e4kuuta (San Juan) 15. elokuuta (Neitsyt Marian taivaaseenastuminen) 17.\u201331. elokuuta (kes\u00e4loma) 29. syyskuuta (Paikallinen juhlap\u00e4iv\u00e4 San Juan [&hellip;]<\/p>\n","protected":false},"author":1,"featured_media":0,"parent":0,"menu_order":0,"comment_status":"closed","ping_status":"closed","template":"","meta":{"content-type":"","_sitemap_exclude":false,"_sitemap_priority":"","_sitemap_frequency":"","footnotes":""},"class_list":["post-28830","page","type-page","status-publish","hentry"],"yoast_head":"<!-- This site is optimized with the Yoast SEO plugin v27.4 - https:\/\/yoast.com\/product\/yoast-seo-wordpress\/ -->\n<title>Julkiset ja paikalliset vapaap\u00e4iv\u00e4t - Fuster &amp; Associates<\/title>\n<meta name=\"description\" content=\"Pysy ajan tasalla Fuster &amp; Associatesin toimistojen sulkemisaikatauluista Espanjassa.\" \/>\n<meta name=\"robots\" content=\"index, follow, max-snippet:-1, max-image-preview:large, max-video-preview:-1\" \/>\n<link rel=\"canonical\" href=\"https:\/\/fuster-associates.com\/fi\/sulkemispaivat\/\" \/>\n<meta property=\"og:locale\" content=\"fi_FI\" \/>\n<meta property=\"og:type\" content=\"article\" \/>\n<meta property=\"og:title\" content=\"Julkiset ja paikalliset vapaap\u00e4iv\u00e4t - Fuster &amp; Associates\" \/>\n<meta property=\"og:description\" content=\"Pysy ajan tasalla Fuster &amp; Associatesin toimistojen sulkemisaikatauluista Espanjassa.\" \/>\n<meta property=\"og:url\" content=\"https:\/\/fuster-associates.com\/fi\/sulkemispaivat\/\" \/>\n<meta property=\"og:site_name\" content=\"Fuster &amp; Associates\" \/>\n<meta property=\"article:publisher\" content=\"https:\/\/www.facebook.com\/fusterspain\/\" \/>\n<meta property=\"article:modified_time\" content=\"2026-01-15T07:44:08+00:00\" \/>\n<meta property=\"og:image\" content=\"https:\/\/fuster-associates.com\/wp-content\/uploads\/2020\/02\/slide-fuster-standard.jpg\" \/>\n\t<meta property=\"og:image:width\" content=\"1920\" \/>\n\t<meta property=\"og:image:height\" content=\"1280\" \/>\n\t<meta property=\"og:image:type\" content=\"image\/jpeg\" \/>\n<meta name=\"twitter:card\" content=\"summary_large_image\" \/>\n<meta name=\"twitter:site\" content=\"@FusterSpain\" \/>\n<meta name=\"twitter:label1\" content=\"Arvioitu lukuaika\" \/>\n\t<meta name=\"twitter:data1\" content=\"3 minuuttia\" \/>\n<script type=\"application\/ld+json\" class=\"yoast-schema-graph\">{\"@context\":\"https:\\\/\\\/schema.org\",\"@graph\":[{\"@type\":\"WebPage\",\"@id\":\"https:\\\/\\\/fuster-associates.com\\\/fi\\\/sulkemispaivat\\\/\",\"url\":\"https:\\\/\\\/fuster-associates.com\\\/fi\\\/sulkemispaivat\\\/\",\"name\":\"Julkiset ja paikalliset vapaap\u00e4iv\u00e4t - Fuster & Associates\",\"isPartOf\":{\"@id\":\"https:\\\/\\\/fuster-associates.com\\\/fi\\\/#website\"},\"datePublished\":\"2025-02-14T11:44:33+00:00\",\"dateModified\":\"2026-01-15T07:44:08+00:00\",\"description\":\"Pysy ajan tasalla Fuster & Associatesin toimistojen sulkemisaikatauluista Espanjassa.\",\"breadcrumb\":{\"@id\":\"https:\\\/\\\/fuster-associates.com\\\/fi\\\/sulkemispaivat\\\/#breadcrumb\"},\"inLanguage\":\"fi\",\"potentialAction\":[{\"@type\":\"ReadAction\",\"target\":[\"https:\\\/\\\/fuster-associates.com\\\/fi\\\/sulkemispaivat\\\/\"]}]},{\"@type\":\"BreadcrumbList\",\"@id\":\"https:\\\/\\\/fuster-associates.com\\\/fi\\\/sulkemispaivat\\\/#breadcrumb\",\"itemListElement\":[{\"@type\":\"ListItem\",\"position\":1,\"name\":\"Koti\",\"item\":\"https:\\\/\\\/fuster-associates.com\\\/fi\\\/\"},{\"@type\":\"ListItem\",\"position\":2,\"name\":\"Sulkemisp\u00e4iv\u00e4t\"}]},{\"@type\":\"WebSite\",\"@id\":\"https:\\\/\\\/fuster-associates.com\\\/fi\\\/#website\",\"url\":\"https:\\\/\\\/fuster-associates.com\\\/fi\\\/\",\"name\":\"Fuster & Associates\",\"description\":\"Property Solicitors\",\"publisher\":{\"@id\":\"https:\\\/\\\/fuster-associates.com\\\/fi\\\/#organization\"},\"potentialAction\":[{\"@type\":\"SearchAction\",\"target\":{\"@type\":\"EntryPoint\",\"urlTemplate\":\"https:\\\/\\\/fuster-associates.com\\\/fi\\\/?s={search_term_string}\"},\"query-input\":{\"@type\":\"PropertyValueSpecification\",\"valueRequired\":true,\"valueName\":\"search_term_string\"}}],\"inLanguage\":\"fi\"},{\"@type\":\"Organization\",\"@id\":\"https:\\\/\\\/fuster-associates.com\\\/fi\\\/#organization\",\"name\":\"FUSTER & ASSOCIATES\",\"url\":\"https:\\\/\\\/fuster-associates.com\\\/fi\\\/\",\"logo\":{\"@type\":\"ImageObject\",\"inLanguage\":\"fi\",\"@id\":\"https:\\\/\\\/fuster-associates.com\\\/fi\\\/#\\\/schema\\\/logo\\\/image\\\/\",\"url\":\"https:\\\/\\\/fuster-associates.com\\\/wp-content\\\/uploads\\\/2018\\\/08\\\/logo-fuster-1.jpeg\",\"contentUrl\":\"https:\\\/\\\/fuster-associates.com\\\/wp-content\\\/uploads\\\/2018\\\/08\\\/logo-fuster-1.jpeg\",\"width\":180,\"height\":113,\"caption\":\"FUSTER & ASSOCIATES\"},\"image\":{\"@id\":\"https:\\\/\\\/fuster-associates.com\\\/fi\\\/#\\\/schema\\\/logo\\\/image\\\/\"},\"sameAs\":[\"https:\\\/\\\/www.facebook.com\\\/fusterspain\\\/\",\"https:\\\/\\\/x.com\\\/FusterSpain\",\"https:\\\/\\\/www.youtube.com\\\/channel\\\/UC2-kNuL1SoqlFizI47hmIOQ\",\"https:\\\/\\\/www.linkedin.com\\\/company\\\/fuster-&-associates\\\/\"]}]}<\/script>\n<!-- \/ Yoast SEO plugin. -->","yoast_head_json":{"title":"Julkiset ja paikalliset vapaap\u00e4iv\u00e4t - Fuster & Associates","description":"Pysy ajan tasalla Fuster & Associatesin toimistojen sulkemisaikatauluista Espanjassa.","robots":{"index":"index","follow":"follow","max-snippet":"max-snippet:-1","max-image-preview":"max-image-preview:large","max-video-preview":"max-video-preview:-1"},"canonical":"https:\/\/fuster-associates.com\/fi\/sulkemispaivat\/","og_locale":"fi_FI","og_type":"article","og_title":"Julkiset ja paikalliset vapaap\u00e4iv\u00e4t - Fuster & Associates","og_description":"Pysy ajan tasalla Fuster & Associatesin toimistojen sulkemisaikatauluista Espanjassa.","og_url":"https:\/\/fuster-associates.com\/fi\/sulkemispaivat\/","og_site_name":"Fuster &amp; Associates","article_publisher":"https:\/\/www.facebook.com\/fusterspain\/","article_modified_time":"2026-01-15T07:44:08+00:00","og_image":[{"width":1920,"height":1280,"url":"https:\/\/fuster-associates.com\/wp-content\/uploads\/2020\/02\/slide-fuster-standard.jpg","type":"image\/jpeg"}],"twitter_card":"summary_large_image","twitter_site":"@FusterSpain","twitter_misc":{"Arvioitu lukuaika":"3 minuuttia"},"schema":{"@context":"https:\/\/schema.org","@graph":[{"@type":"WebPage","@id":"https:\/\/fuster-associates.com\/fi\/sulkemispaivat\/","url":"https:\/\/fuster-associates.com\/fi\/sulkemispaivat\/","name":"Julkiset ja paikalliset vapaap\u00e4iv\u00e4t - Fuster & Associates","isPartOf":{"@id":"https:\/\/fuster-associates.com\/fi\/#website"},"datePublished":"2025-02-14T11:44:33+00:00","dateModified":"2026-01-15T07:44:08+00:00","description":"Pysy ajan tasalla Fuster & Associatesin toimistojen sulkemisaikatauluista Espanjassa.","breadcrumb":{"@id":"https:\/\/fuster-associates.com\/fi\/sulkemispaivat\/#breadcrumb"},"inLanguage":"fi","potentialAction":[{"@type":"ReadAction","target":["https:\/\/fuster-associates.com\/fi\/sulkemispaivat\/"]}]},{"@type":"BreadcrumbList","@id":"https:\/\/fuster-associates.com\/fi\/sulkemispaivat\/#breadcrumb","itemListElement":[{"@type":"ListItem","position":1,"name":"Koti","item":"https:\/\/fuster-associates.com\/fi\/"},{"@type":"ListItem","position":2,"name":"Sulkemisp\u00e4iv\u00e4t"}]},{"@type":"WebSite","@id":"https:\/\/fuster-associates.com\/fi\/#website","url":"https:\/\/fuster-associates.com\/fi\/","name":"Fuster & Associates","description":"Property Solicitors","publisher":{"@id":"https:\/\/fuster-associates.com\/fi\/#organization"},"potentialAction":[{"@type":"SearchAction","target":{"@type":"EntryPoint","urlTemplate":"https:\/\/fuster-associates.com\/fi\/?s={search_term_string}"},"query-input":{"@type":"PropertyValueSpecification","valueRequired":true,"valueName":"search_term_string"}}],"inLanguage":"fi"},{"@type":"Organization","@id":"https:\/\/fuster-associates.com\/fi\/#organization","name":"FUSTER & ASSOCIATES","url":"https:\/\/fuster-associates.com\/fi\/","logo":{"@type":"ImageObject","inLanguage":"fi","@id":"https:\/\/fuster-associates.com\/fi\/#\/schema\/logo\/image\/","url":"https:\/\/fuster-associates.com\/wp-content\/uploads\/2018\/08\/logo-fuster-1.jpeg","contentUrl":"https:\/\/fuster-associates.com\/wp-content\/uploads\/2018\/08\/logo-fuster-1.jpeg","width":180,"height":113,"caption":"FUSTER & ASSOCIATES"},"image":{"@id":"https:\/\/fuster-associates.com\/fi\/#\/schema\/logo\/image\/"},"sameAs":["https:\/\/www.facebook.com\/fusterspain\/","https:\/\/x.com\/FusterSpain","https:\/\/www.youtube.com\/channel\/UC2-kNuL1SoqlFizI47hmIOQ","https:\/\/www.linkedin.com\/company\/fuster-&-associates\/"]}]}},"_links":{"self":[{"href":"https:\/\/fuster-associates.com\/fi\/wp-json\/wp\/v2\/pages\/28830","targetHints":{"allow":["GET"]}}],"collection":[{"href":"https:\/\/fuster-associates.com\/fi\/wp-json\/wp\/v2\/pages"}],"about":[{"href":"https:\/\/fuster-associates.com\/fi\/wp-json\/wp\/v2\/types\/page"}],"author":[{"embeddable":true,"href":"https:\/\/fuster-associates.com\/fi\/wp-json\/wp\/v2\/users\/1"}],"replies":[{"embeddable":true,"href":"https:\/\/fuster-associates.com\/fi\/wp-json\/wp\/v2\/comments?post=28830"}],"version-history":[{"count":10,"href":"https:\/\/fuster-associates.com\/fi\/wp-json\/wp\/v2\/pages\/28830\/revisions"}],"predecessor-version":[{"id":36181,"href":"https:\/\/fuster-associates.com\/fi\/wp-json\/wp\/v2\/pages\/28830\/revisions\/36181"}],"wp:attachment":[{"href":"https:\/\/fuster-associates.com\/fi\/wp-json\/wp\/v2\/media?parent=28830"}],"curies":[{"name":"wp","href":"https:\/\/api.w.org\/{rel}","templated":true}]}}