{"id":28510,"date":"2025-02-19T11:00:29","date_gmt":"2025-02-19T10:00:29","guid":{"rendered":"https:\/\/fuster2.kustom.es\/privacy-policy\/"},"modified":"2025-10-09T09:07:44","modified_gmt":"2025-10-09T07:07:44","slug":"tietosuojakaytanto","status":"publish","type":"page","link":"https:\/\/fuster-associates.com\/fi\/tietosuojakaytanto\/","title":{"rendered":"Tietosuojak\u00e4yt\u00e4nt\u00f6"},"content":{"rendered":"\t\t<div data-elementor-type=\"wp-page\" data-elementor-id=\"28510\" class=\"elementor elementor-28510 elementor-22494\" data-elementor-post-type=\"page\">\n\t\t\t\t<div class=\"elementor-element elementor-element-2703dec e-flex e-con-boxed e-con e-parent\" data-id=\"2703dec\" data-element_type=\"container\" data-e-type=\"container\" data-settings=\"{&quot;background_background&quot;:&quot;classic&quot;}\">\n\t\t\t\t\t<div class=\"e-con-inner\">\n\t\t\t\t<div class=\"elementor-element elementor-element-5f8ab14 elementor-invisible elementor-widget elementor-widget-heading\" data-id=\"5f8ab14\" data-element_type=\"widget\" data-e-type=\"widget\" data-settings=\"{&quot;_animation&quot;:&quot;fadeInDown&quot;}\" data-widget_type=\"heading.default\">\n\t\t\t\t\t<h1 class=\"elementor-heading-title elementor-size-default\">Tietosuojak\u00e4yt\u00e4nt\u00f6<\/h1>\t\t\t\t<\/div>\n\t\t\t\t<div class=\"elementor-element elementor-element-34f0089 elementor-invisible elementor-widget elementor-widget-breadcrumbs\" data-id=\"34f0089\" data-element_type=\"widget\" data-e-type=\"widget\" data-settings=\"{&quot;_animation&quot;:&quot;fadeInUp&quot;}\" data-widget_type=\"breadcrumbs.default\">\n\t\t\t\t\t<p id=\"breadcrumbs\"><span><span><a href=\"https:\/\/fuster-associates.com\/fi\/\">Koti<\/a><\/span><\/span><\/p>\t\t\t\t<\/div>\n\t\t\t\t\t<\/div>\n\t\t\t\t<\/div>\n\t\t<div class=\"elementor-element elementor-element-75b458b e-flex e-con-boxed e-con e-parent\" data-id=\"75b458b\" data-element_type=\"container\" data-e-type=\"container\" data-settings=\"{&quot;background_background&quot;:&quot;classic&quot;}\">\n\t\t\t\t\t<div class=\"e-con-inner\">\n\t\t\t\t<div class=\"elementor-element elementor-element-505e657 elementor-invisible elementor-widget elementor-widget-text-editor\" data-id=\"505e657\" data-element_type=\"widget\" data-e-type=\"widget\" data-settings=\"{&quot;_animation&quot;:&quot;fadeInUp&quot;}\" data-widget_type=\"text-editor.default\">\n\t\t\t\t\t\t\t\t\t<p>FUSTER CONSULTING, S.L. on erityisen tietoinen verkkosivuston palvelujen k\u00e4ytt\u00e4jien henkil\u00f6kohtaisten tietojen suojaamisen t\u00e4rkeydest\u00e4.<\/p><p>T\u00e4m\u00e4n tietosuojak\u00e4yt\u00e4nn\u00f6n (j\u00e4ljemp\u00e4n\u00e4 tietosuojak\u00e4yt\u00e4nt\u00f6) avulla FUSTER CONSULTING, S.L. ilmoittaa verkon k\u00e4ytt\u00e4jille: https:\/\/fuster-associates.com, kuinka verkossa ker\u00e4ttyj\u00e4 henkil\u00f6tietoja k\u00e4ytet\u00e4\u00e4n, jotta he voivat vapaasti ja vapaaehtoisesti p\u00e4\u00e4tt\u00e4\u00e4, haluavatko he antaa pyydetyt tiedot.<\/p><p>FUSTER CONSULTING, S.L. pid\u00e4tt\u00e4\u00e4 oikeuden muuttaa t\u00e4t\u00e4 k\u00e4yt\u00e4nt\u00f6\u00e4 mukauttaakseen sen uuteen lains\u00e4\u00e4d\u00e4nt\u00f6\u00f6n, oikeustieteellisiin kriteereihin, alaan liittyviin tai yhteis\u00f6\u00e4 kiinnostaviin tietoihin. Kaikki teht\u00e4v\u00e4t muutokset asetetaan saataville vaaditulla ilmoituksella, jotta n\u00e4iden muutosten koko sis\u00e4lt\u00f6 voidaan ilmoittaa.<\/p><h5>\u2022 VASTUULLINEN ELIN<\/h5><p>Henkil\u00f6kohtaisten tietojen k\u00e4sittely on vastuulla;<\/p><p>FUSTER CONSULTING, S.L.Osoite<\/p><p>Avenida de La Libertad, 301 \u2013 1\u00aa planta P.6 CP 30710 Los Alc\u00e1zares (Murcia). Puh: (+34 968575650) ja s\u00e4hk\u00f6posti: info@fuster-associates.com<\/p><h5>\u2022 MIKSI TIETOJA KER\u00c4T\u00c4\u00c4N<\/h5><p>Henkil\u00f6kohtaiset tiedot ker\u00e4t\u00e4\u00e4n FUSTER CONSULTING, S.L.:lle kuuluvien eri lomakkeiden ja asiakirjojen kautta ja asetetaan k\u00e4ytt\u00e4jien saataville, jotta voidaan hallita ja k\u00e4sitell\u00e4 tietopyynt\u00f6j\u00e4, ep\u00e4ilyksi\u00e4, valituksia, kiitoksia tai ehdotuksia, jotka koskevat julkaisuja tai muita palveluja tai teoksia, toimia tai tapahtumia, FUSTER CONSULTING, S.L.:n tarjoama, suosittelema ja\/tai sponsoroima,<\/p><h5>\u2022 SUOJELUAIKA<\/h5><p>Annettuja henkil\u00f6tietoja s\u00e4ilytet\u00e4\u00e4n laissa s\u00e4\u00e4detyn ajan tai niin kauan kuin asianomainen osapuoli ei pyyd\u00e4 n\u00e4iden tietojen poistamista ja h\u00e4nell\u00e4 on siihen oikeus.<\/p><h5>\u2022LAILLISTUS<\/h5><p>FUSTER CONSULTING, S.L. on oikeutettu k\u00e4sittelem\u00e4\u00e4n henkil\u00f6tietoja asianomaisen osapuolen antaman suostumuksen perusteella yhteen tai useampaan henkil\u00f6tietojen suojaa koskevien yleisten s\u00e4\u00e4nn\u00f6sten artiklan 6.1 kohdan a alakohdassa m\u00e4\u00e4riteltyyn erityistarpeeseen. Yhteystietoja voidaan k\u00e4sitell\u00e4 ja k\u00e4ytt\u00e4\u00e4 kyseisen lomakkeen tarkoituksen mukaisesti. Esimerkki: Jos tilaat uutiskirjeen, s\u00e4hk\u00f6postiosoitettasi voidaan k\u00e4ytt\u00e4\u00e4 kyseisen uutiskirjeen l\u00e4hett\u00e4miseen, eik\u00e4 t\u00e4h\u00e4n tarkoitukseen tarvita nimenomaista suostumusta, koska se on kyseisen lomakkeen\/toiminnon tarkoitus\/kohde.\u00a0<\/p><h5>\u2022 TIETOJEN OIKEELLISUUS<\/h5><p>Jotta tiedostoihimme toimitetut tiedot, olivatpa ne sitten tietokoneella tai paperilla, vastaisivat aina toimitettujen tietojen todellista tilannetta, pyrimme kaikin tavoin pit\u00e4m\u00e4\u00e4n ne ajan tasalla. T\u00e4t\u00e4 silm\u00e4ll\u00e4 pit\u00e4en k\u00e4ytt\u00e4j\u00e4n on teht\u00e4v\u00e4 tarvittavat muutokset joko suoraan, jos h\u00e4nell\u00e4 on siihen itse valtuus, tai ilmoittamalla asiasta kyseiselle alueelle tai osastolle FUSTER CONSULTING, S.L.<\/p><h5>\u2022VASTAANOTTAJAT<\/h5><p>Kolmansille osapuolille ei ilmoiteta tai luovuteta henkil\u00f6tietoja, ellei se ole tarpeen laissa s\u00e4\u00e4dettyjen tavoitteiden kehitt\u00e4miseksi, valvomiseksi ja noudattamiseksi.<\/p><h5>\u2022 K\u00c4YTT\u00c4JIEN OIKEUDET<\/h5><p>Henkil\u00f6tietojen omistaja voi joka tapauksessa k\u00e4ytt\u00e4\u00e4 oikeuttaan, joka on m\u00e4\u00e4ritelty yleisess\u00e4 tietosuojarekisteriss\u00e4 (espanjankielinen lyhenne RGPD), jotka ovat:<\/p><p>\u2022 Oikeus saada p\u00e4\u00e4sy henkil\u00f6tietoihinsa\u2022<br \/>Oikeus pyyt\u00e4\u00e4 niiden oikaisemista tai poistamista\u2022<br \/>Oikeus pyyt\u00e4\u00e4 niiden k\u00e4yt\u00f6n rajoittamista\u2022<br \/>Oikeus vastustaa niiden k\u00e4ytt\u00f6\u00e4,<br \/>\u2022 Oikeus tietojen<\/p><p>siirrett\u00e4vyyteen Asianomainen osapuoli voi k\u00e4ytt\u00e4\u00e4 n\u00e4it\u00e4 oikeuksia kirjallisesti ja liitt\u00e4\u00e4 mukaan kopion henkil\u00f6llisyystodistuksestaan\/passistaan ja l\u00e4hett\u00e4\u00e4 sen seuraavaan osoitteeseen: FUSTER CONSULTING, S.L., Avenida de La Libertad, 301 \u2013 1\u00aa planta P.6 CP 30710 Los Alc\u00e1zares (Murcia), Espanja. On m\u00e4\u00e4ritelt\u00e4v\u00e4, mit\u00e4 n\u00e4ist\u00e4 oikeuksista k\u00e4ytt\u00e4j\u00e4 haluaa k\u00e4ytt\u00e4\u00e4.<\/p><h5>\u2022 TURVATOIMET<\/h5><p>Lopuksi FUSTER CONSULTING, S.L. ilmoittaa, ett\u00e4 kaikki lain edellytt\u00e4m\u00e4t tekniset ja organisatoriset toimenpiteet toteutetaan tallennettujen tietojen turvallisuuden ja luottamuksellisuuden takaamiseksi ja siten niiden muuttamisen, katoamisen ja luvattoman k\u00e4yt\u00f6n est\u00e4miseksi. ottaen huomioon tekniikan kunto, sen soveltamisesta aiheutuvat kustannukset ja sen tyyppi, laajuus, asiayhteys ja tietojen k\u00e4sittelyn tavoite sek\u00e4 todenn\u00e4k\u00f6isyysriskit ja suoritettuihin liiketoimiin liittyv\u00e4 vaihteleva vakavuus.<\/p><p>Jos sinulla on kysytt\u00e4v\u00e4\u00e4 t\u00e4st\u00e4 tietosuojak\u00e4yt\u00e4nn\u00f6st\u00e4, pyyd\u00e4mme sinua ottamaan meihin yhteytt\u00e4 s\u00e4hk\u00f6postitse osoitteeseen: info@fuster-associates.com.<\/p>\t\t\t\t\t\t\t\t<\/div>\n\t\t\t\t\t<\/div>\n\t\t\t\t<\/div>\n\t\t\t\t<\/div>\n\t\t","protected":false},"excerpt":{"rendered":"<p>FUSTER CONSULTING, S.L. on erityisen tietoinen verkkosivuston palvelujen k\u00e4ytt\u00e4jien henkil\u00f6kohtaisten tietojen suojaamisen t\u00e4rkeydest\u00e4. T\u00e4m\u00e4n tietosuojak\u00e4yt\u00e4nn\u00f6n (j\u00e4ljemp\u00e4n\u00e4 tietosuojak\u00e4yt\u00e4nt\u00f6) avulla FUSTER CONSULTING, S.L. ilmoittaa verkon k\u00e4ytt\u00e4jille: https:\/\/fuster-associates.com, kuinka verkossa ker\u00e4ttyj\u00e4 henkil\u00f6tietoja k\u00e4ytet\u00e4\u00e4n, jotta he voivat vapaasti ja vapaaehtoisesti p\u00e4\u00e4tt\u00e4\u00e4, haluavatko he antaa pyydetyt tiedot. FUSTER CONSULTING, S.L. pid\u00e4tt\u00e4\u00e4 oikeuden muuttaa t\u00e4t\u00e4 k\u00e4yt\u00e4nt\u00f6\u00e4 mukauttaakseen sen uuteen lains\u00e4\u00e4d\u00e4nt\u00f6\u00f6n, oikeustieteellisiin [&hellip;]<\/p>\n","protected":false},"author":2,"featured_media":0,"parent":0,"menu_order":0,"comment_status":"closed","ping_status":"closed","template":"","meta":{"content-type":"","_sitemap_exclude":false,"_sitemap_priority":"","_sitemap_frequency":"","footnotes":""},"class_list":["post-28510","page","type-page","status-publish","hentry"],"yoast_head":"<!-- This site is optimized with the Yoast SEO plugin v27.4 - https:\/\/yoast.com\/product\/yoast-seo-wordpress\/ -->\n<title>Tietosuojak\u00e4yt\u00e4nt\u00f6 - Fuster &amp; Associates<\/title>\n<meta name=\"description\" content=\"Lue, miten suojaamme, hallinnoimme ja k\u00e4yt\u00e4mme henkil\u00f6tietoja lakis\u00e4\u00e4teisten vaatimusten mukaisesti. Yksityisyytesi on meille t\u00e4rke\u00e4\u00e4.\" \/>\n<meta name=\"robots\" content=\"index, follow, max-snippet:-1, max-image-preview:large, max-video-preview:-1\" \/>\n<link rel=\"canonical\" href=\"https:\/\/fuster-associates.com\/fi\/tietosuojakaytanto\/\" \/>\n<meta property=\"og:locale\" content=\"fi_FI\" \/>\n<meta property=\"og:type\" content=\"article\" \/>\n<meta property=\"og:title\" content=\"Tietosuojak\u00e4yt\u00e4nt\u00f6 - Fuster &amp; Associates\" \/>\n<meta property=\"og:description\" content=\"Lue, miten suojaamme, hallinnoimme ja k\u00e4yt\u00e4mme henkil\u00f6tietoja lakis\u00e4\u00e4teisten vaatimusten mukaisesti. Yksityisyytesi on meille t\u00e4rke\u00e4\u00e4.\" \/>\n<meta property=\"og:url\" content=\"https:\/\/fuster-associates.com\/fi\/tietosuojakaytanto\/\" \/>\n<meta property=\"og:site_name\" content=\"Fuster &amp; Associates\" \/>\n<meta property=\"article:publisher\" content=\"https:\/\/www.facebook.com\/fusterspain\/\" \/>\n<meta property=\"article:modified_time\" content=\"2025-10-09T07:07:44+00:00\" \/>\n<meta property=\"og:image\" content=\"https:\/\/fuster-associates.com\/wp-content\/uploads\/2020\/02\/slide-fuster-standard.jpg\" \/>\n\t<meta property=\"og:image:width\" content=\"1920\" \/>\n\t<meta property=\"og:image:height\" content=\"1280\" \/>\n\t<meta property=\"og:image:type\" content=\"image\/jpeg\" \/>\n<meta name=\"twitter:card\" content=\"summary_large_image\" \/>\n<meta name=\"twitter:site\" content=\"@FusterSpain\" \/>\n<meta name=\"twitter:label1\" content=\"Arvioitu lukuaika\" \/>\n\t<meta name=\"twitter:data1\" content=\"3 minuuttia\" \/>\n<script type=\"application\/ld+json\" class=\"yoast-schema-graph\">{\"@context\":\"https:\\\/\\\/schema.org\",\"@graph\":[{\"@type\":\"WebPage\",\"@id\":\"https:\\\/\\\/fuster-associates.com\\\/fi\\\/tietosuojakaytanto\\\/\",\"url\":\"https:\\\/\\\/fuster-associates.com\\\/fi\\\/tietosuojakaytanto\\\/\",\"name\":\"Tietosuojak\u00e4yt\u00e4nt\u00f6 - Fuster & Associates\",\"isPartOf\":{\"@id\":\"https:\\\/\\\/fuster-associates.com\\\/fi\\\/#website\"},\"datePublished\":\"2025-02-19T10:00:29+00:00\",\"dateModified\":\"2025-10-09T07:07:44+00:00\",\"description\":\"Lue, miten suojaamme, hallinnoimme ja k\u00e4yt\u00e4mme henkil\u00f6tietoja lakis\u00e4\u00e4teisten vaatimusten mukaisesti. Yksityisyytesi on meille t\u00e4rke\u00e4\u00e4.\",\"breadcrumb\":{\"@id\":\"https:\\\/\\\/fuster-associates.com\\\/fi\\\/tietosuojakaytanto\\\/#breadcrumb\"},\"inLanguage\":\"fi\",\"potentialAction\":[{\"@type\":\"ReadAction\",\"target\":[\"https:\\\/\\\/fuster-associates.com\\\/fi\\\/tietosuojakaytanto\\\/\"]}]},{\"@type\":\"BreadcrumbList\",\"@id\":\"https:\\\/\\\/fuster-associates.com\\\/fi\\\/tietosuojakaytanto\\\/#breadcrumb\",\"itemListElement\":[{\"@type\":\"ListItem\",\"position\":1,\"name\":\"Koti\",\"item\":\"https:\\\/\\\/fuster-associates.com\\\/fi\\\/\"},{\"@type\":\"ListItem\",\"position\":2,\"name\":\"Tietosuojak\u00e4yt\u00e4nt\u00f6\"}]},{\"@type\":\"WebSite\",\"@id\":\"https:\\\/\\\/fuster-associates.com\\\/fi\\\/#website\",\"url\":\"https:\\\/\\\/fuster-associates.com\\\/fi\\\/\",\"name\":\"Fuster & Associates\",\"description\":\"Property Solicitors\",\"publisher\":{\"@id\":\"https:\\\/\\\/fuster-associates.com\\\/fi\\\/#organization\"},\"potentialAction\":[{\"@type\":\"SearchAction\",\"target\":{\"@type\":\"EntryPoint\",\"urlTemplate\":\"https:\\\/\\\/fuster-associates.com\\\/fi\\\/?s={search_term_string}\"},\"query-input\":{\"@type\":\"PropertyValueSpecification\",\"valueRequired\":true,\"valueName\":\"search_term_string\"}}],\"inLanguage\":\"fi\"},{\"@type\":\"Organization\",\"@id\":\"https:\\\/\\\/fuster-associates.com\\\/fi\\\/#organization\",\"name\":\"FUSTER & ASSOCIATES\",\"url\":\"https:\\\/\\\/fuster-associates.com\\\/fi\\\/\",\"logo\":{\"@type\":\"ImageObject\",\"inLanguage\":\"fi\",\"@id\":\"https:\\\/\\\/fuster-associates.com\\\/fi\\\/#\\\/schema\\\/logo\\\/image\\\/\",\"url\":\"https:\\\/\\\/fuster-associates.com\\\/wp-content\\\/uploads\\\/2018\\\/08\\\/logo-fuster-1.jpeg\",\"contentUrl\":\"https:\\\/\\\/fuster-associates.com\\\/wp-content\\\/uploads\\\/2018\\\/08\\\/logo-fuster-1.jpeg\",\"width\":180,\"height\":113,\"caption\":\"FUSTER & ASSOCIATES\"},\"image\":{\"@id\":\"https:\\\/\\\/fuster-associates.com\\\/fi\\\/#\\\/schema\\\/logo\\\/image\\\/\"},\"sameAs\":[\"https:\\\/\\\/www.facebook.com\\\/fusterspain\\\/\",\"https:\\\/\\\/x.com\\\/FusterSpain\",\"https:\\\/\\\/www.youtube.com\\\/channel\\\/UC2-kNuL1SoqlFizI47hmIOQ\",\"https:\\\/\\\/www.linkedin.com\\\/company\\\/fuster-&-associates\\\/\"]}]}<\/script>\n<!-- \/ Yoast SEO plugin. -->","yoast_head_json":{"title":"Tietosuojak\u00e4yt\u00e4nt\u00f6 - Fuster & Associates","description":"Lue, miten suojaamme, hallinnoimme ja k\u00e4yt\u00e4mme henkil\u00f6tietoja lakis\u00e4\u00e4teisten vaatimusten mukaisesti. Yksityisyytesi on meille t\u00e4rke\u00e4\u00e4.","robots":{"index":"index","follow":"follow","max-snippet":"max-snippet:-1","max-image-preview":"max-image-preview:large","max-video-preview":"max-video-preview:-1"},"canonical":"https:\/\/fuster-associates.com\/fi\/tietosuojakaytanto\/","og_locale":"fi_FI","og_type":"article","og_title":"Tietosuojak\u00e4yt\u00e4nt\u00f6 - Fuster & Associates","og_description":"Lue, miten suojaamme, hallinnoimme ja k\u00e4yt\u00e4mme henkil\u00f6tietoja lakis\u00e4\u00e4teisten vaatimusten mukaisesti. Yksityisyytesi on meille t\u00e4rke\u00e4\u00e4.","og_url":"https:\/\/fuster-associates.com\/fi\/tietosuojakaytanto\/","og_site_name":"Fuster &amp; Associates","article_publisher":"https:\/\/www.facebook.com\/fusterspain\/","article_modified_time":"2025-10-09T07:07:44+00:00","og_image":[{"width":1920,"height":1280,"url":"https:\/\/fuster-associates.com\/wp-content\/uploads\/2020\/02\/slide-fuster-standard.jpg","type":"image\/jpeg"}],"twitter_card":"summary_large_image","twitter_site":"@FusterSpain","twitter_misc":{"Arvioitu lukuaika":"3 minuuttia"},"schema":{"@context":"https:\/\/schema.org","@graph":[{"@type":"WebPage","@id":"https:\/\/fuster-associates.com\/fi\/tietosuojakaytanto\/","url":"https:\/\/fuster-associates.com\/fi\/tietosuojakaytanto\/","name":"Tietosuojak\u00e4yt\u00e4nt\u00f6 - Fuster & Associates","isPartOf":{"@id":"https:\/\/fuster-associates.com\/fi\/#website"},"datePublished":"2025-02-19T10:00:29+00:00","dateModified":"2025-10-09T07:07:44+00:00","description":"Lue, miten suojaamme, hallinnoimme ja k\u00e4yt\u00e4mme henkil\u00f6tietoja lakis\u00e4\u00e4teisten vaatimusten mukaisesti. Yksityisyytesi on meille t\u00e4rke\u00e4\u00e4.","breadcrumb":{"@id":"https:\/\/fuster-associates.com\/fi\/tietosuojakaytanto\/#breadcrumb"},"inLanguage":"fi","potentialAction":[{"@type":"ReadAction","target":["https:\/\/fuster-associates.com\/fi\/tietosuojakaytanto\/"]}]},{"@type":"BreadcrumbList","@id":"https:\/\/fuster-associates.com\/fi\/tietosuojakaytanto\/#breadcrumb","itemListElement":[{"@type":"ListItem","position":1,"name":"Koti","item":"https:\/\/fuster-associates.com\/fi\/"},{"@type":"ListItem","position":2,"name":"Tietosuojak\u00e4yt\u00e4nt\u00f6"}]},{"@type":"WebSite","@id":"https:\/\/fuster-associates.com\/fi\/#website","url":"https:\/\/fuster-associates.com\/fi\/","name":"Fuster & Associates","description":"Property Solicitors","publisher":{"@id":"https:\/\/fuster-associates.com\/fi\/#organization"},"potentialAction":[{"@type":"SearchAction","target":{"@type":"EntryPoint","urlTemplate":"https:\/\/fuster-associates.com\/fi\/?s={search_term_string}"},"query-input":{"@type":"PropertyValueSpecification","valueRequired":true,"valueName":"search_term_string"}}],"inLanguage":"fi"},{"@type":"Organization","@id":"https:\/\/fuster-associates.com\/fi\/#organization","name":"FUSTER & ASSOCIATES","url":"https:\/\/fuster-associates.com\/fi\/","logo":{"@type":"ImageObject","inLanguage":"fi","@id":"https:\/\/fuster-associates.com\/fi\/#\/schema\/logo\/image\/","url":"https:\/\/fuster-associates.com\/wp-content\/uploads\/2018\/08\/logo-fuster-1.jpeg","contentUrl":"https:\/\/fuster-associates.com\/wp-content\/uploads\/2018\/08\/logo-fuster-1.jpeg","width":180,"height":113,"caption":"FUSTER & ASSOCIATES"},"image":{"@id":"https:\/\/fuster-associates.com\/fi\/#\/schema\/logo\/image\/"},"sameAs":["https:\/\/www.facebook.com\/fusterspain\/","https:\/\/x.com\/FusterSpain","https:\/\/www.youtube.com\/channel\/UC2-kNuL1SoqlFizI47hmIOQ","https:\/\/www.linkedin.com\/company\/fuster-&-associates\/"]}]}},"_links":{"self":[{"href":"https:\/\/fuster-associates.com\/fi\/wp-json\/wp\/v2\/pages\/28510","targetHints":{"allow":["GET"]}}],"collection":[{"href":"https:\/\/fuster-associates.com\/fi\/wp-json\/wp\/v2\/pages"}],"about":[{"href":"https:\/\/fuster-associates.com\/fi\/wp-json\/wp\/v2\/types\/page"}],"author":[{"embeddable":true,"href":"https:\/\/fuster-associates.com\/fi\/wp-json\/wp\/v2\/users\/2"}],"replies":[{"embeddable":true,"href":"https:\/\/fuster-associates.com\/fi\/wp-json\/wp\/v2\/comments?post=28510"}],"version-history":[{"count":7,"href":"https:\/\/fuster-associates.com\/fi\/wp-json\/wp\/v2\/pages\/28510\/revisions"}],"predecessor-version":[{"id":34472,"href":"https:\/\/fuster-associates.com\/fi\/wp-json\/wp\/v2\/pages\/28510\/revisions\/34472"}],"wp:attachment":[{"href":"https:\/\/fuster-associates.com\/fi\/wp-json\/wp\/v2\/media?parent=28510"}],"curies":[{"name":"wp","href":"https:\/\/api.w.org\/{rel}","templated":true}]}}