{"id":28460,"date":"2025-02-20T11:37:34","date_gmt":"2025-02-20T10:37:34","guid":{"rendered":"https:\/\/fuster2.kustom.es\/accessibility\/"},"modified":"2025-09-04T08:51:27","modified_gmt":"2025-09-04T06:51:27","slug":"saavutettavuus","status":"publish","type":"page","link":"https:\/\/fuster-associates.com\/fi\/saavutettavuus\/","title":{"rendered":"Saavutettavuus"},"content":{"rendered":"\t\t<div data-elementor-type=\"wp-page\" data-elementor-id=\"28460\" class=\"elementor elementor-28460 elementor-22753\" data-elementor-post-type=\"page\">\n\t\t\t\t<div class=\"elementor-element elementor-element-d26b8da e-flex e-con-boxed e-con e-parent\" data-id=\"d26b8da\" data-element_type=\"container\" data-e-type=\"container\" data-settings=\"{&quot;background_background&quot;:&quot;classic&quot;}\">\n\t\t\t\t\t<div class=\"e-con-inner\">\n\t\t\t\t<div class=\"elementor-element elementor-element-fb8b756 elementor-invisible elementor-widget elementor-widget-heading\" data-id=\"fb8b756\" data-element_type=\"widget\" data-e-type=\"widget\" data-settings=\"{&quot;_animation&quot;:&quot;fadeInDown&quot;}\" data-widget_type=\"heading.default\">\n\t\t\t\t\t<h1 class=\"elementor-heading-title elementor-size-default\">Saavutettavuus<\/h1>\t\t\t\t<\/div>\n\t\t\t\t<div class=\"elementor-element elementor-element-8567995 elementor-invisible elementor-widget elementor-widget-breadcrumbs\" data-id=\"8567995\" data-element_type=\"widget\" data-e-type=\"widget\" data-settings=\"{&quot;_animation&quot;:&quot;fadeInUp&quot;}\" data-widget_type=\"breadcrumbs.default\">\n\t\t\t\t\t<p id=\"breadcrumbs\"><span><span><a href=\"https:\/\/fuster-associates.com\/fi\/\">Koti<\/a><\/span><\/span><\/p>\t\t\t\t<\/div>\n\t\t\t\t\t<\/div>\n\t\t\t\t<\/div>\n\t\t<div class=\"elementor-element elementor-element-574f6ae e-flex e-con-boxed e-con e-parent\" data-id=\"574f6ae\" data-element_type=\"container\" data-e-type=\"container\" data-settings=\"{&quot;background_background&quot;:&quot;classic&quot;}\">\n\t\t\t\t\t<div class=\"e-con-inner\">\n\t\t\t\t<div class=\"elementor-element elementor-element-95cd50c elementor-invisible elementor-widget elementor-widget-text-editor\" data-id=\"95cd50c\" data-element_type=\"widget\" data-e-type=\"widget\" data-settings=\"{&quot;_animation&quot;:&quot;fadeInUp&quot;}\" data-widget_type=\"text-editor.default\">\n\t\t\t\t\t\t\t\t\t<main id=\"content\" class=\"site-main post-22753 page type-page status-publish hentry\"><\/main><div class=\"page-content\"><div class=\"elementor elementor-22753\" data-elementor-type=\"wp-page\" data-elementor-id=\"22753\" data-elementor-post-type=\"page\"><div class=\"elementor-element elementor-element-574f6ae e-flex e-con-boxed e-con e-parent e-lazyloaded\" data-id=\"574f6ae\" data-element_type=\"container\" data-settings=\"{&quot;background_background&quot;:&quot;classic&quot;}\"><div class=\"e-con-inner\"><div class=\"elementor-element elementor-element-95cd50c elementor-widget elementor-widget-text-editor animated fadeInUp\" data-id=\"95cd50c\" data-element_type=\"widget\" data-settings=\"{&quot;_animation&quot;:&quot;fadeInUp&quot;}\" data-widget_type=\"text-editor.default\"><div class=\"elementor-widget-container\"><h3>Saavutettavuusseloste<\/h3><p>Yrityksemme on sitoutunut tekem\u00e4\u00e4n verkkosivustostaan saavutettavan\u00a0<a title=\"Este enlace se abrir\u00e1\u00a1 en ventana nueva\" role=\"link\" href=\"https:\/\/www.boe.es\/diario_boe\/txt.php?id=BOE-A-2018-12699\" target=\"_blank\" rel=\"noopener\">verkkosivustojen ja sovellusten saavutettavuudesta julkisella<img decoding=\"async\" title=\"Este enlace se abrir\u00e1 en ventana nueva\" src=\"https:\/\/sede.carm.es\/web\/CARM\/images\/external.png\" alt=\"Este enlace se abrir\u00c3\u00a1 en ventana nueva\" \/>\u00a0sektorilla 7. syyskuuta annetun kuninkaan asetuksen 1112\/2018<\/a>\u00a0mukaisesti, jolla saatetaan osaksi kansallista lains\u00e4\u00e4d\u00e4nt\u00f6\u00e4 Euroopan parlamentin ja neuvoston\u00a0<a title=\"Este enlace se abrir\u00e1 en ventana nueva\" role=\"link\" href=\"https:\/\/www.boe.es\/buscar\/doc.php?id=DOUE-L-2016-82305\" target=\"_blank\" rel=\"noopener\">direktiivi (EU) 2016\/2102<img decoding=\"async\" title=\"Este enlace se abrir\u00e1 en ventana nueva\" src=\"https:\/\/sede.carm.es\/web\/CARM\/images\/external.png\" alt=\"Este enlace se abrir\u00c3\u00a1 en ventana nueva\" \/><\/a>, annettu 26. lokakuuta 2016. T\u00e4m\u00e4 saavutettavuusseloste koskee kaikkia verkkotunnuksen\u00a0<a role=\"link\" href=\"https:\/\/fuster-associates.com\/\">&#8221;fuster-associates.com&#8221;<\/a>\u00a0sivuja.<\/p><h3>Vaatimustenmukaisuuden tila<\/h3><p>T\u00e4m\u00e4 verkkosivusto on osittain RD 1112\/2018 -standardin mukainen poikkeusten ja alla mainittujen seikkojen noudattamatta j\u00e4tt\u00e4misen vuoksi.<\/p><h3>Ei-saavutettava sis\u00e4lt\u00f6<\/h3><p>Seuraava sis\u00e4lt\u00f6 ei ole k\u00e4ytett\u00e4viss\u00e4 seuraavista syist\u00e4: to. 7. syyskuuta annetun kuninkaan asetuksen 1112\/2018 noudattamatta j\u00e4tt\u00e4minen<\/p><ul><li>Verkkosivuston muokkauksessa voi esiinty\u00e4 satunnaisia virheit\u00e4 sek\u00e4 HMTL:n sis\u00e4ll\u00f6ss\u00e4 ett\u00e4 lopullisissa asiakirjoissa, jotka on julkaistu 20. syyskuuta 2018 j\u00e4lkeen (7. syyskuuta 2018 annetun kuninkaan asetuksen 1112\/2018 voimaantulop\u00e4iv\u00e4).<\/li><\/ul><p>b. Kohtuuton rasitus: ei sovelleta. c. Sis\u00e4lt\u00f6 ei kuulu sovellettavan lain piiriin.<\/p><ul><li>Ennen 20. syyskuuta 2018 julkaistut PDF- tai muussa muodossa olevat Office-tiedostot, jotka eiv\u00e4t t\u00e4ysin t\u00e4yt\u00e4 kaikkia saavutettavuusvaatimuksia.<\/li><li>Online-kartoitus- ja kartoituspalvelut<\/li><\/ul><h3>T\u00e4m\u00e4n saavutettavuusselosteen laatiminen<\/h3><p>T\u00e4m\u00e4 lausunto on laadittu 2. helmikuuta 2023. Ilmoituksen laatimismenetelm\u00e4n\u00e4 on toiminut viraston itsens\u00e4 tekem\u00e4 itsearviointi. Lausunnon viimeisin tarkistus: helmikuu 2023.<\/p><h3>Hakumenettely<\/h3><p>Voit viesti\u00e4 saavutettavuusvaatimuksista (RD 1112\/2018 artikla 10.2.a), esimerkiksi:<\/p><ul><li>Ilmoita t\u00e4m\u00e4n verkkosivuston mahdollisista rikkomuksista<\/li><li>V\u00e4lit\u00e4 muut sis\u00e4ll\u00f6n k\u00e4yt\u00f6n vaikeudet<\/li><li>Muiden verkkosivuston saavutettavuuteen liittyvien kyselyjen tai parannusehdotusten tekeminen<\/li><\/ul><p>Ilmoita kohdassa &#8221;Aihe&#8221;, ett\u00e4 kyseess\u00e4 on &#8221;<strong>Verkkosaavutettavuus<\/strong>&#8221; Yhteystiedot-verkkolomakkeella<a title=\"Formulario web Contacte con la Admininistraci\u00f3n Regional\" role=\"link\" href=\"https:\/\/fuster-associates.com\/contacto\/\" target=\"_blank\" rel=\"noopener\">.<\/a>\u00a0Kiit\u00e4mme sinua jo etuk\u00e4teen yhteisty\u00f6st\u00e4si, sill\u00e4 se parantaa tarjoamaamme palvelua. Yhti\u00f6 vastaanottaa ja k\u00e4sittelee viestinn\u00e4n. 7. syyskuuta annetun kuninkaan asetuksen 1112\/2018 tietopyynt\u00f6 ja valitukset (10 artiklan 2 kohdan b alakohta) ja valitukset (13 artikla) k\u00e4sitell\u00e4\u00e4n\u00a0<a title=\"Comunicaciones y Reclamaciones de Accesibilidad Web\" role=\"link\" href=\"https:\/\/fuster-associates.com\/contacto\/\" target=\"_blank\" rel=\"noopener\">yhteydenottolomakkeen<\/a>\u00a0kautta.<\/p><h3>Valinnainen sis\u00e4lt\u00f6<\/h3><p>T\u00e4m\u00e4 verkkosivusto noudattaa UNE-EN 301549:2019 -standardin vaatimuksia ottaen huomioon RD 1112\/2018:n poikkeukset. Edellinen saavutettavuusarviointi tehtiin helmikuussa 2023. Sivusto on optimoitu Microsoft Internet Explorer 11 tai uudemmille selaimille ja uusimmille FireFoxin, Safarin, Operan ja Google Chromen uusimmille versioille. Pienin suositeltu verkkoresoluutio on 1280\u00d71024. Sivusto on suunniteltu responsiiviseen katseluun, joten sit\u00e4 voidaan katsella optimaalisesti tabletilla ja mobiililaitteilla. N\u00e4iss\u00e4 laitteissa se on optimoitu katseluun uusimmissa versioissa Chrome mobiililaitteille, Firefox mobiililaitteille, Safari-mobiililaitteille, Opera Mini ja alkuper\u00e4inen Android-selain.<\/p><\/div><\/div><\/div><\/div><\/div><\/div>\t\t\t\t\t\t\t\t<\/div>\n\t\t\t\t\t<\/div>\n\t\t\t\t<\/div>\n\t\t\t\t<\/div>\n\t\t","protected":false},"excerpt":{"rendered":"<p>&nbsp; Saavutettavuusseloste Yrityksemme on sitoutunut tekem\u00e4\u00e4n verkkosivustostaan saavutettavan\u00a0verkkosivustojen ja sovellusten saavutettavuudesta julkisella\u00a0sektorilla 7. syyskuuta annetun kuninkaan asetuksen 1112\/2018\u00a0mukaisesti, jolla saatetaan osaksi kansallista lains\u00e4\u00e4d\u00e4nt\u00f6\u00e4 Euroopan parlamentin ja neuvoston\u00a0direktiivi (EU) 2016\/2102, annettu 26. lokakuuta 2016. T\u00e4m\u00e4 saavutettavuusseloste koskee kaikkia verkkotunnuksen\u00a0&#8221;fuster-associates.com&#8221;\u00a0sivuja. Vaatimustenmukaisuuden tila T\u00e4m\u00e4 verkkosivusto on osittain RD 1112\/2018 -standardin mukainen poikkeusten ja alla mainittujen seikkojen noudattamatta j\u00e4tt\u00e4misen [&hellip;]<\/p>\n","protected":false},"author":2,"featured_media":0,"parent":0,"menu_order":0,"comment_status":"closed","ping_status":"closed","template":"","meta":{"content-type":"","_sitemap_exclude":false,"_sitemap_priority":"","_sitemap_frequency":"","footnotes":""},"class_list":["post-28460","page","type-page","status-publish","hentry"],"yoast_head":"<!-- This site is optimized with the Yoast SEO plugin v27.4 - https:\/\/yoast.com\/product\/yoast-seo-wordpress\/ -->\n<title>Verkkosivuston esteett\u00f6myyspolitiikka - Fuster &amp; Associates<\/title>\n<meta name=\"description\" content=\"Fuster &amp; Associates noudattaa EU:n ja Espanjan lakeja varmistaakseen, ett\u00e4 verkkosivustomme on esteet\u00f6n kaikille k\u00e4ytt\u00e4jille, my\u00f6s vammaisille.\" \/>\n<meta name=\"robots\" content=\"index, follow, max-snippet:-1, max-image-preview:large, max-video-preview:-1\" \/>\n<link rel=\"canonical\" href=\"https:\/\/fuster-associates.com\/fi\/saavutettavuus\/\" \/>\n<meta property=\"og:locale\" content=\"fi_FI\" \/>\n<meta property=\"og:type\" content=\"article\" \/>\n<meta property=\"og:title\" content=\"Verkkosivuston esteett\u00f6myyspolitiikka - Fuster &amp; Associates\" \/>\n<meta property=\"og:description\" content=\"Fuster &amp; Associates noudattaa EU:n ja Espanjan lakeja varmistaakseen, ett\u00e4 verkkosivustomme on esteet\u00f6n kaikille k\u00e4ytt\u00e4jille, my\u00f6s vammaisille.\" \/>\n<meta property=\"og:url\" content=\"https:\/\/fuster-associates.com\/fi\/saavutettavuus\/\" \/>\n<meta property=\"og:site_name\" content=\"Fuster &amp; Associates\" \/>\n<meta property=\"article:publisher\" content=\"https:\/\/www.facebook.com\/fusterspain\/\" \/>\n<meta property=\"article:modified_time\" content=\"2025-09-04T06:51:27+00:00\" \/>\n<meta property=\"og:image\" content=\"https:\/\/sede.carm.es\/web\/CARM\/images\/external.png\" \/>\n<meta name=\"twitter:card\" content=\"summary_large_image\" \/>\n<meta name=\"twitter:site\" content=\"@FusterSpain\" \/>\n<meta name=\"twitter:label1\" content=\"Arvioitu lukuaika\" \/>\n\t<meta name=\"twitter:data1\" content=\"2 minuuttia\" \/>\n<script type=\"application\/ld+json\" class=\"yoast-schema-graph\">{\"@context\":\"https:\\\/\\\/schema.org\",\"@graph\":[{\"@type\":\"WebPage\",\"@id\":\"https:\\\/\\\/fuster-associates.com\\\/fi\\\/saavutettavuus\\\/\",\"url\":\"https:\\\/\\\/fuster-associates.com\\\/fi\\\/saavutettavuus\\\/\",\"name\":\"Verkkosivuston esteett\u00f6myyspolitiikka - Fuster & Associates\",\"isPartOf\":{\"@id\":\"https:\\\/\\\/fuster-associates.com\\\/fi\\\/#website\"},\"primaryImageOfPage\":{\"@id\":\"https:\\\/\\\/fuster-associates.com\\\/fi\\\/saavutettavuus\\\/#primaryimage\"},\"image\":{\"@id\":\"https:\\\/\\\/fuster-associates.com\\\/fi\\\/saavutettavuus\\\/#primaryimage\"},\"thumbnailUrl\":\"https:\\\/\\\/sede.carm.es\\\/web\\\/CARM\\\/images\\\/external.png\",\"datePublished\":\"2025-02-20T10:37:34+00:00\",\"dateModified\":\"2025-09-04T06:51:27+00:00\",\"description\":\"Fuster & Associates noudattaa EU:n ja Espanjan lakeja varmistaakseen, ett\u00e4 verkkosivustomme on esteet\u00f6n kaikille k\u00e4ytt\u00e4jille, my\u00f6s vammaisille.\",\"breadcrumb\":{\"@id\":\"https:\\\/\\\/fuster-associates.com\\\/fi\\\/saavutettavuus\\\/#breadcrumb\"},\"inLanguage\":\"fi\",\"potentialAction\":[{\"@type\":\"ReadAction\",\"target\":[\"https:\\\/\\\/fuster-associates.com\\\/fi\\\/saavutettavuus\\\/\"]}]},{\"@type\":\"ImageObject\",\"inLanguage\":\"fi\",\"@id\":\"https:\\\/\\\/fuster-associates.com\\\/fi\\\/saavutettavuus\\\/#primaryimage\",\"url\":\"https:\\\/\\\/sede.carm.es\\\/web\\\/CARM\\\/images\\\/external.png\",\"contentUrl\":\"https:\\\/\\\/sede.carm.es\\\/web\\\/CARM\\\/images\\\/external.png\"},{\"@type\":\"BreadcrumbList\",\"@id\":\"https:\\\/\\\/fuster-associates.com\\\/fi\\\/saavutettavuus\\\/#breadcrumb\",\"itemListElement\":[{\"@type\":\"ListItem\",\"position\":1,\"name\":\"Koti\",\"item\":\"https:\\\/\\\/fuster-associates.com\\\/fi\\\/\"},{\"@type\":\"ListItem\",\"position\":2,\"name\":\"Saavutettavuus\"}]},{\"@type\":\"WebSite\",\"@id\":\"https:\\\/\\\/fuster-associates.com\\\/fi\\\/#website\",\"url\":\"https:\\\/\\\/fuster-associates.com\\\/fi\\\/\",\"name\":\"Fuster & Associates\",\"description\":\"Property Solicitors\",\"publisher\":{\"@id\":\"https:\\\/\\\/fuster-associates.com\\\/fi\\\/#organization\"},\"potentialAction\":[{\"@type\":\"SearchAction\",\"target\":{\"@type\":\"EntryPoint\",\"urlTemplate\":\"https:\\\/\\\/fuster-associates.com\\\/fi\\\/?s={search_term_string}\"},\"query-input\":{\"@type\":\"PropertyValueSpecification\",\"valueRequired\":true,\"valueName\":\"search_term_string\"}}],\"inLanguage\":\"fi\"},{\"@type\":\"Organization\",\"@id\":\"https:\\\/\\\/fuster-associates.com\\\/fi\\\/#organization\",\"name\":\"FUSTER & ASSOCIATES\",\"url\":\"https:\\\/\\\/fuster-associates.com\\\/fi\\\/\",\"logo\":{\"@type\":\"ImageObject\",\"inLanguage\":\"fi\",\"@id\":\"https:\\\/\\\/fuster-associates.com\\\/fi\\\/#\\\/schema\\\/logo\\\/image\\\/\",\"url\":\"https:\\\/\\\/fuster-associates.com\\\/wp-content\\\/uploads\\\/2018\\\/08\\\/logo-fuster-1.jpeg\",\"contentUrl\":\"https:\\\/\\\/fuster-associates.com\\\/wp-content\\\/uploads\\\/2018\\\/08\\\/logo-fuster-1.jpeg\",\"width\":180,\"height\":113,\"caption\":\"FUSTER & ASSOCIATES\"},\"image\":{\"@id\":\"https:\\\/\\\/fuster-associates.com\\\/fi\\\/#\\\/schema\\\/logo\\\/image\\\/\"},\"sameAs\":[\"https:\\\/\\\/www.facebook.com\\\/fusterspain\\\/\",\"https:\\\/\\\/x.com\\\/FusterSpain\",\"https:\\\/\\\/www.youtube.com\\\/channel\\\/UC2-kNuL1SoqlFizI47hmIOQ\",\"https:\\\/\\\/www.linkedin.com\\\/company\\\/fuster-&-associates\\\/\"]}]}<\/script>\n<!-- \/ Yoast SEO plugin. -->","yoast_head_json":{"title":"Verkkosivuston esteett\u00f6myyspolitiikka - Fuster & Associates","description":"Fuster & Associates noudattaa EU:n ja Espanjan lakeja varmistaakseen, ett\u00e4 verkkosivustomme on esteet\u00f6n kaikille k\u00e4ytt\u00e4jille, my\u00f6s vammaisille.","robots":{"index":"index","follow":"follow","max-snippet":"max-snippet:-1","max-image-preview":"max-image-preview:large","max-video-preview":"max-video-preview:-1"},"canonical":"https:\/\/fuster-associates.com\/fi\/saavutettavuus\/","og_locale":"fi_FI","og_type":"article","og_title":"Verkkosivuston esteett\u00f6myyspolitiikka - Fuster & Associates","og_description":"Fuster & Associates noudattaa EU:n ja Espanjan lakeja varmistaakseen, ett\u00e4 verkkosivustomme on esteet\u00f6n kaikille k\u00e4ytt\u00e4jille, my\u00f6s vammaisille.","og_url":"https:\/\/fuster-associates.com\/fi\/saavutettavuus\/","og_site_name":"Fuster &amp; Associates","article_publisher":"https:\/\/www.facebook.com\/fusterspain\/","article_modified_time":"2025-09-04T06:51:27+00:00","og_image":[{"url":"https:\/\/sede.carm.es\/web\/CARM\/images\/external.png","type":"","width":"","height":""}],"twitter_card":"summary_large_image","twitter_site":"@FusterSpain","twitter_misc":{"Arvioitu lukuaika":"2 minuuttia"},"schema":{"@context":"https:\/\/schema.org","@graph":[{"@type":"WebPage","@id":"https:\/\/fuster-associates.com\/fi\/saavutettavuus\/","url":"https:\/\/fuster-associates.com\/fi\/saavutettavuus\/","name":"Verkkosivuston esteett\u00f6myyspolitiikka - Fuster & Associates","isPartOf":{"@id":"https:\/\/fuster-associates.com\/fi\/#website"},"primaryImageOfPage":{"@id":"https:\/\/fuster-associates.com\/fi\/saavutettavuus\/#primaryimage"},"image":{"@id":"https:\/\/fuster-associates.com\/fi\/saavutettavuus\/#primaryimage"},"thumbnailUrl":"https:\/\/sede.carm.es\/web\/CARM\/images\/external.png","datePublished":"2025-02-20T10:37:34+00:00","dateModified":"2025-09-04T06:51:27+00:00","description":"Fuster & Associates noudattaa EU:n ja Espanjan lakeja varmistaakseen, ett\u00e4 verkkosivustomme on esteet\u00f6n kaikille k\u00e4ytt\u00e4jille, my\u00f6s vammaisille.","breadcrumb":{"@id":"https:\/\/fuster-associates.com\/fi\/saavutettavuus\/#breadcrumb"},"inLanguage":"fi","potentialAction":[{"@type":"ReadAction","target":["https:\/\/fuster-associates.com\/fi\/saavutettavuus\/"]}]},{"@type":"ImageObject","inLanguage":"fi","@id":"https:\/\/fuster-associates.com\/fi\/saavutettavuus\/#primaryimage","url":"https:\/\/sede.carm.es\/web\/CARM\/images\/external.png","contentUrl":"https:\/\/sede.carm.es\/web\/CARM\/images\/external.png"},{"@type":"BreadcrumbList","@id":"https:\/\/fuster-associates.com\/fi\/saavutettavuus\/#breadcrumb","itemListElement":[{"@type":"ListItem","position":1,"name":"Koti","item":"https:\/\/fuster-associates.com\/fi\/"},{"@type":"ListItem","position":2,"name":"Saavutettavuus"}]},{"@type":"WebSite","@id":"https:\/\/fuster-associates.com\/fi\/#website","url":"https:\/\/fuster-associates.com\/fi\/","name":"Fuster & Associates","description":"Property Solicitors","publisher":{"@id":"https:\/\/fuster-associates.com\/fi\/#organization"},"potentialAction":[{"@type":"SearchAction","target":{"@type":"EntryPoint","urlTemplate":"https:\/\/fuster-associates.com\/fi\/?s={search_term_string}"},"query-input":{"@type":"PropertyValueSpecification","valueRequired":true,"valueName":"search_term_string"}}],"inLanguage":"fi"},{"@type":"Organization","@id":"https:\/\/fuster-associates.com\/fi\/#organization","name":"FUSTER & ASSOCIATES","url":"https:\/\/fuster-associates.com\/fi\/","logo":{"@type":"ImageObject","inLanguage":"fi","@id":"https:\/\/fuster-associates.com\/fi\/#\/schema\/logo\/image\/","url":"https:\/\/fuster-associates.com\/wp-content\/uploads\/2018\/08\/logo-fuster-1.jpeg","contentUrl":"https:\/\/fuster-associates.com\/wp-content\/uploads\/2018\/08\/logo-fuster-1.jpeg","width":180,"height":113,"caption":"FUSTER & ASSOCIATES"},"image":{"@id":"https:\/\/fuster-associates.com\/fi\/#\/schema\/logo\/image\/"},"sameAs":["https:\/\/www.facebook.com\/fusterspain\/","https:\/\/x.com\/FusterSpain","https:\/\/www.youtube.com\/channel\/UC2-kNuL1SoqlFizI47hmIOQ","https:\/\/www.linkedin.com\/company\/fuster-&-associates\/"]}]}},"_links":{"self":[{"href":"https:\/\/fuster-associates.com\/fi\/wp-json\/wp\/v2\/pages\/28460","targetHints":{"allow":["GET"]}}],"collection":[{"href":"https:\/\/fuster-associates.com\/fi\/wp-json\/wp\/v2\/pages"}],"about":[{"href":"https:\/\/fuster-associates.com\/fi\/wp-json\/wp\/v2\/types\/page"}],"author":[{"embeddable":true,"href":"https:\/\/fuster-associates.com\/fi\/wp-json\/wp\/v2\/users\/2"}],"replies":[{"embeddable":true,"href":"https:\/\/fuster-associates.com\/fi\/wp-json\/wp\/v2\/comments?post=28460"}],"version-history":[{"count":1,"href":"https:\/\/fuster-associates.com\/fi\/wp-json\/wp\/v2\/pages\/28460\/revisions"}],"predecessor-version":[{"id":33745,"href":"https:\/\/fuster-associates.com\/fi\/wp-json\/wp\/v2\/pages\/28460\/revisions\/33745"}],"wp:attachment":[{"href":"https:\/\/fuster-associates.com\/fi\/wp-json\/wp\/v2\/media?parent=28460"}],"curies":[{"name":"wp","href":"https:\/\/api.w.org\/{rel}","templated":true}]}}