{"id":28372,"date":"2025-02-18T07:12:29","date_gmt":"2025-02-18T06:12:29","guid":{"rendered":"https:\/\/fuster2.kustom.es\/palvelut\/property-law-services\/"},"modified":"2025-09-03T11:05:24","modified_gmt":"2025-09-03T09:05:24","slug":"kiinteistooikeudelliset-palvelut","status":"publish","type":"page","link":"https:\/\/fuster-associates.com\/fi\/palvelut\/kiinteistooikeudelliset-palvelut\/","title":{"rendered":"Kiinteist\u00f6oikeudelliset Palvelut"},"content":{"rendered":"\t\t<div data-elementor-type=\"wp-page\" data-elementor-id=\"28372\" class=\"elementor elementor-28372 elementor-22149\" data-elementor-post-type=\"page\">\n\t\t\t\t<div class=\"elementor-element elementor-element-1769ce7 e-flex e-con-boxed e-con e-parent\" data-id=\"1769ce7\" data-element_type=\"container\" data-e-type=\"container\" data-settings=\"{&quot;background_background&quot;:&quot;classic&quot;}\">\n\t\t\t\t\t<div class=\"e-con-inner\">\n\t\t\t\t<div class=\"elementor-element elementor-element-5eb8476 elementor-invisible elementor-widget elementor-widget-heading\" data-id=\"5eb8476\" data-element_type=\"widget\" data-e-type=\"widget\" data-settings=\"{&quot;_animation&quot;:&quot;fadeInDown&quot;}\" data-widget_type=\"heading.default\">\n\t\t\t\t\t<h1 class=\"elementor-heading-title elementor-size-default\">Kiinteist\u00f6oikeudelliset Palvelut<\/h1>\t\t\t\t<\/div>\n\t\t\t\t<div class=\"elementor-element elementor-element-0696529 elementor-invisible elementor-widget elementor-widget-breadcrumbs\" data-id=\"0696529\" data-element_type=\"widget\" data-e-type=\"widget\" data-settings=\"{&quot;_animation&quot;:&quot;fadeInUp&quot;}\" data-widget_type=\"breadcrumbs.default\">\n\t\t\t\t\t<p id=\"breadcrumbs\"><span><span><a href=\"https:\/\/fuster-associates.com\/fi\/\">Koti<\/a><\/span><\/span><\/p>\t\t\t\t<\/div>\n\t\t\t\t\t<\/div>\n\t\t\t\t<\/div>\n\t\t<div class=\"elementor-element elementor-element-5bf9c5d e-flex e-con-boxed e-con e-parent\" data-id=\"5bf9c5d\" data-element_type=\"container\" data-e-type=\"container\">\n\t\t\t\t\t<div class=\"e-con-inner\">\n\t\t\t\t<div class=\"elementor-element elementor-element-33c9718 elementor-invisible elementor-widget elementor-widget-heading\" data-id=\"33c9718\" data-element_type=\"widget\" data-e-type=\"widget\" data-settings=\"{&quot;_animation&quot;:&quot;fadeIn&quot;,&quot;_animation_laptop&quot;:&quot;fadeIn&quot;}\" data-widget_type=\"heading.default\">\n\t\t\t\t\t<h2 class=\"elementor-heading-title elementor-size-default\">Kiinteist\u00f6oikeudelliset Palvelut Espanjassa<\/h2>\t\t\t\t<\/div>\n\t\t\t\t<div class=\"elementor-element elementor-element-43c6732 elementor-invisible elementor-widget elementor-widget-text-editor\" data-id=\"43c6732\" data-element_type=\"widget\" data-e-type=\"widget\" data-settings=\"{&quot;_animation&quot;:&quot;fadeIn&quot;,&quot;_animation_laptop&quot;:&quot;fadeIn&quot;}\" data-widget_type=\"text-editor.default\">\n\t\t\t\t\t\t\t\t\t<p data-start=\"217\" data-end=\"538\"><strong data-start=\"217\" data-end=\"346\">Fuster &amp; Associates on erikoistunut kiinteist\u00f6oikeudellisiin palveluihin, jotka on r\u00e4\u00e4t\u00e4l\u00f6ity ulkomaisille ostajille, sijoittajille ja Espanjassa asuville.<\/strong> Kokenut lakitiimimme auttaa asiakkaita kaikissa kiinteist\u00f6kauppojen osa-alueissa, mukaan lukien kiinteist\u00f6jen ostot, myynnit, perint\u00f6, sopimusten laatiminen, omistusoikeuden tarkastukset ja due diligence.<\/p><p data-start=\"540\" data-end=\"886\">Varmistamme, ett\u00e4 jokainen tapahtuma on t\u00e4ysin Espanjan lain mukainen, ja tarjoamme kattavaa tukea verojen, oikeudellisen edustuksen ja kiinteist\u00f6jen rekister\u00f6innin suhteen. Olitpa sitten ostamassa loma-asuntoa, sijoittamassa kiinteist\u00f6ihin tai ratkaisemassa omistuskysymyksi\u00e4, tavoitteenamme on suojella etujasi ja antaa sinulle t\u00e4ydellinen mielenrauha koko prosessin ajan. <\/p>\t\t\t\t\t\t\t\t<\/div>\n\t\t\t\t\t<\/div>\n\t\t\t\t<\/div>\n\t\t<div class=\"elementor-element elementor-element-0b0d3d7 e-flex e-con-boxed e-con e-parent\" data-id=\"0b0d3d7\" data-element_type=\"container\" data-e-type=\"container\" data-settings=\"{&quot;background_background&quot;:&quot;classic&quot;}\">\n\t\t\t\t\t<div class=\"e-con-inner\">\n\t\t<div class=\"elementor-element elementor-element-8f2659a e-con-full e-flex e-con e-child\" data-id=\"8f2659a\" data-element_type=\"container\" data-e-type=\"container\">\n\t\t\t\t<div class=\"elementor-element elementor-element-3fcee54 elementor-widget elementor-widget-heading\" data-id=\"3fcee54\" data-element_type=\"widget\" data-e-type=\"widget\" data-widget_type=\"heading.default\">\n\t\t\t\t\t<h3 class=\"elementor-heading-title elementor-size-default\">Kiinteist\u00f6n Ostaminen &amp; Myyminen<\/h3>\t\t\t\t<\/div>\n\t\t\t\t<div class=\"elementor-element elementor-element-43f5772 elementor-icon-list--layout-traditional elementor-list-item-link-full_width elementor-widget elementor-widget-icon-list\" data-id=\"43f5772\" data-element_type=\"widget\" data-e-type=\"widget\" data-widget_type=\"icon-list.default\">\n\t\t\t\t\t\t\t<ul class=\"elementor-icon-list-items\">\n\t\t\t\t\t\t\t<li class=\"elementor-icon-list-item\">\n\t\t\t\t\t\t\t\t\t\t\t<a href=\"https:\/\/fuster-associates.com\/services\/property-law-services\/buying-selling-property\/purchase-conveyancing\/\">\n\n\t\t\t\t\t\t\t\t\t\t\t\t<span class=\"elementor-icon-list-icon\">\n\t\t\t\t\t\t\t<svg aria-hidden=\"true\" class=\"e-font-icon-svg e-fas-caret-right\" viewBox=\"0 0 192 512\" xmlns=\"http:\/\/www.w3.org\/2000\/svg\"><path d=\"M0 384.662V127.338c0-17.818 21.543-26.741 34.142-14.142l128.662 128.662c7.81 7.81 7.81 20.474 0 28.284L34.142 398.804C21.543 411.404 0 402.48 0 384.662z\"><\/path><\/svg>\t\t\t\t\t\t<\/span>\n\t\t\t\t\t\t\t\t\t\t<span class=\"elementor-icon-list-text\">Ostoksen Kiinteist\u00f6nv\u00e4litys<\/span>\n\t\t\t\t\t\t\t\t\t\t\t<\/a>\n\t\t\t\t\t\t\t\t\t<\/li>\n\t\t\t\t\t\t\t\t<li class=\"elementor-icon-list-item\">\n\t\t\t\t\t\t\t\t\t\t\t<a href=\"https:\/\/fuster-associates.com\/fi\/palvelut\/kiinteistooikeudelliset-palvelut\/kiinteiston-ostaminen-myyminen\/myynnin-valittaminen\/\">\n\n\t\t\t\t\t\t\t\t\t\t\t\t<span class=\"elementor-icon-list-icon\">\n\t\t\t\t\t\t\t<svg aria-hidden=\"true\" class=\"e-font-icon-svg e-fas-caret-right\" viewBox=\"0 0 192 512\" xmlns=\"http:\/\/www.w3.org\/2000\/svg\"><path d=\"M0 384.662V127.338c0-17.818 21.543-26.741 34.142-14.142l128.662 128.662c7.81 7.81 7.81 20.474 0 28.284L34.142 398.804C21.543 411.404 0 402.48 0 384.662z\"><\/path><\/svg>\t\t\t\t\t\t<\/span>\n\t\t\t\t\t\t\t\t\t\t<span class=\"elementor-icon-list-text\">Myynnin Kiinteist\u00f6nv\u00e4litys<\/span>\n\t\t\t\t\t\t\t\t\t\t\t<\/a>\n\t\t\t\t\t\t\t\t\t<\/li>\n\t\t\t\t\t\t\t\t<li class=\"elementor-icon-list-item\">\n\t\t\t\t\t\t\t\t\t\t\t<a href=\"https:\/\/fuster-associates.com\/fi\/palvelut\/kiinteistooikeudelliset-palvelut\/kiinteiston-ostaminen-myyminen\/suunnitelmista-ostetut-kiinteistot\/\">\n\n\t\t\t\t\t\t\t\t\t\t\t\t<span class=\"elementor-icon-list-icon\">\n\t\t\t\t\t\t\t<svg aria-hidden=\"true\" class=\"e-font-icon-svg e-fas-caret-right\" viewBox=\"0 0 192 512\" xmlns=\"http:\/\/www.w3.org\/2000\/svg\"><path d=\"M0 384.662V127.338c0-17.818 21.543-26.741 34.142-14.142l128.662 128.662c7.81 7.81 7.81 20.474 0 28.284L34.142 398.804C21.543 411.404 0 402.48 0 384.662z\"><\/path><\/svg>\t\t\t\t\t\t<\/span>\n\t\t\t\t\t\t\t\t\t\t<span class=\"elementor-icon-list-text\">Suunnitelmista Ostetut Kiinteist\u00f6t<\/span>\n\t\t\t\t\t\t\t\t\t\t\t<\/a>\n\t\t\t\t\t\t\t\t\t<\/li>\n\t\t\t\t\t\t<\/ul>\n\t\t\t\t\t\t<\/div>\n\t\t\t\t<\/div>\n\t\t\t\t\t<\/div>\n\t\t\t\t<\/div>\n\t\t\t\t<\/div>\n\t\t","protected":false},"excerpt":{"rendered":"<p>Kiinteist\u00f6oikeudelliset Palvelut Espanjassa Fuster &amp; Associates on erikoistunut kiinteist\u00f6oikeudellisiin palveluihin, jotka on r\u00e4\u00e4t\u00e4l\u00f6ity ulkomaisille ostajille, sijoittajille ja Espanjassa asuville. Kokenut lakitiimimme auttaa asiakkaita kaikissa kiinteist\u00f6kauppojen osa-alueissa, mukaan lukien kiinteist\u00f6jen ostot, myynnit, perint\u00f6, sopimusten laatiminen, omistusoikeuden tarkastukset ja due diligence. Varmistamme, ett\u00e4 jokainen tapahtuma on t\u00e4ysin Espanjan lain mukainen, ja tarjoamme kattavaa tukea verojen, oikeudellisen edustuksen [&hellip;]<\/p>\n","protected":false},"author":1,"featured_media":0,"parent":28750,"menu_order":0,"comment_status":"closed","ping_status":"open","template":"","meta":{"content-type":"","_sitemap_exclude":false,"_sitemap_priority":"","_sitemap_frequency":"","footnotes":""},"class_list":["post-28372","page","type-page","status-publish","hentry"],"yoast_head":"<!-- This site is optimized with the Yoast SEO plugin v27.3 - https:\/\/yoast.com\/product\/yoast-seo-wordpress\/ -->\n<title>Kiinteist\u00f6t Kiinteist\u00f6jen juridiset palvelut Espanjassa - Fuster &amp; Associates<\/title>\n<meta name=\"description\" content=\"Asiantuntevat juridiset palvelut kiinteist\u00f6jen ostamiseen, myyntiin tai perimiseen Espanjassa. Luota Fuster &amp; Associatesiin turvallisten kiinteist\u00f6kauppojen toteuttamisessa.\" \/>\n<meta name=\"robots\" content=\"index, follow, max-snippet:-1, max-image-preview:large, max-video-preview:-1\" \/>\n<link rel=\"canonical\" href=\"https:\/\/fuster-associates.com\/fi\/palvelut\/kiinteistooikeudelliset-palvelut\/\" \/>\n<meta property=\"og:locale\" content=\"fi_FI\" \/>\n<meta property=\"og:type\" content=\"article\" \/>\n<meta property=\"og:title\" content=\"Kiinteist\u00f6t Kiinteist\u00f6jen juridiset palvelut Espanjassa - Fuster &amp; Associates\" \/>\n<meta property=\"og:description\" content=\"Asiantuntevat juridiset palvelut kiinteist\u00f6jen ostamiseen, myyntiin tai perimiseen Espanjassa. Luota Fuster &amp; Associatesiin turvallisten kiinteist\u00f6kauppojen toteuttamisessa.\" \/>\n<meta property=\"og:url\" content=\"https:\/\/fuster-associates.com\/fi\/palvelut\/kiinteistooikeudelliset-palvelut\/\" \/>\n<meta property=\"og:site_name\" content=\"Fuster &amp; Associates\" \/>\n<meta property=\"article:publisher\" content=\"https:\/\/www.facebook.com\/fusterspain\/\" \/>\n<meta property=\"article:modified_time\" content=\"2025-09-03T09:05:24+00:00\" \/>\n<meta property=\"og:image\" content=\"https:\/\/fuster-associates.com\/wp-content\/uploads\/2020\/02\/slide-fuster-standard.jpg\" \/>\n\t<meta property=\"og:image:width\" content=\"1920\" \/>\n\t<meta property=\"og:image:height\" content=\"1280\" \/>\n\t<meta property=\"og:image:type\" content=\"image\/jpeg\" \/>\n<meta name=\"twitter:card\" content=\"summary_large_image\" \/>\n<meta name=\"twitter:site\" content=\"@FusterSpain\" \/>\n<meta name=\"twitter:label1\" content=\"Arvioitu lukuaika\" \/>\n\t<meta name=\"twitter:data1\" content=\"1 minuutti\" \/>\n<script type=\"application\/ld+json\" class=\"yoast-schema-graph\">{\"@context\":\"https:\\\/\\\/schema.org\",\"@graph\":[{\"@type\":\"WebPage\",\"@id\":\"https:\\\/\\\/fuster-associates.com\\\/fi\\\/palvelut\\\/kiinteistooikeudelliset-palvelut\\\/\",\"url\":\"https:\\\/\\\/fuster-associates.com\\\/fi\\\/palvelut\\\/kiinteistooikeudelliset-palvelut\\\/\",\"name\":\"Kiinteist\u00f6t Kiinteist\u00f6jen juridiset palvelut Espanjassa - Fuster & Associates\",\"isPartOf\":{\"@id\":\"https:\\\/\\\/fuster-associates.com\\\/fi\\\/#website\"},\"datePublished\":\"2025-02-18T06:12:29+00:00\",\"dateModified\":\"2025-09-03T09:05:24+00:00\",\"description\":\"Asiantuntevat juridiset palvelut kiinteist\u00f6jen ostamiseen, myyntiin tai perimiseen Espanjassa. Luota Fuster & Associatesiin turvallisten kiinteist\u00f6kauppojen toteuttamisessa.\",\"breadcrumb\":{\"@id\":\"https:\\\/\\\/fuster-associates.com\\\/fi\\\/palvelut\\\/kiinteistooikeudelliset-palvelut\\\/#breadcrumb\"},\"inLanguage\":\"fi\",\"potentialAction\":[{\"@type\":\"ReadAction\",\"target\":[\"https:\\\/\\\/fuster-associates.com\\\/fi\\\/palvelut\\\/kiinteistooikeudelliset-palvelut\\\/\"]}]},{\"@type\":\"BreadcrumbList\",\"@id\":\"https:\\\/\\\/fuster-associates.com\\\/fi\\\/palvelut\\\/kiinteistooikeudelliset-palvelut\\\/#breadcrumb\",\"itemListElement\":[{\"@type\":\"ListItem\",\"position\":1,\"name\":\"Koti\",\"item\":\"https:\\\/\\\/fuster-associates.com\\\/fi\\\/\"},{\"@type\":\"ListItem\",\"position\":2,\"name\":\"Palvelut\",\"item\":\"https:\\\/\\\/fuster-associates.com\\\/fi\\\/serviceydelser\\\/\"},{\"@type\":\"ListItem\",\"position\":3,\"name\":\"Kiinteist\u00f6oikeudelliset Palvelut\"}]},{\"@type\":\"WebSite\",\"@id\":\"https:\\\/\\\/fuster-associates.com\\\/fi\\\/#website\",\"url\":\"https:\\\/\\\/fuster-associates.com\\\/fi\\\/\",\"name\":\"Fuster & Associates\",\"description\":\"Property Solicitors\",\"publisher\":{\"@id\":\"https:\\\/\\\/fuster-associates.com\\\/fi\\\/#organization\"},\"potentialAction\":[{\"@type\":\"SearchAction\",\"target\":{\"@type\":\"EntryPoint\",\"urlTemplate\":\"https:\\\/\\\/fuster-associates.com\\\/fi\\\/?s={search_term_string}\"},\"query-input\":{\"@type\":\"PropertyValueSpecification\",\"valueRequired\":true,\"valueName\":\"search_term_string\"}}],\"inLanguage\":\"fi\"},{\"@type\":\"Organization\",\"@id\":\"https:\\\/\\\/fuster-associates.com\\\/fi\\\/#organization\",\"name\":\"FUSTER & ASSOCIATES\",\"url\":\"https:\\\/\\\/fuster-associates.com\\\/fi\\\/\",\"logo\":{\"@type\":\"ImageObject\",\"inLanguage\":\"fi\",\"@id\":\"https:\\\/\\\/fuster-associates.com\\\/fi\\\/#\\\/schema\\\/logo\\\/image\\\/\",\"url\":\"https:\\\/\\\/fuster-associates.com\\\/wp-content\\\/uploads\\\/2018\\\/08\\\/logo-fuster-1.jpeg\",\"contentUrl\":\"https:\\\/\\\/fuster-associates.com\\\/wp-content\\\/uploads\\\/2018\\\/08\\\/logo-fuster-1.jpeg\",\"width\":180,\"height\":113,\"caption\":\"FUSTER & ASSOCIATES\"},\"image\":{\"@id\":\"https:\\\/\\\/fuster-associates.com\\\/fi\\\/#\\\/schema\\\/logo\\\/image\\\/\"},\"sameAs\":[\"https:\\\/\\\/www.facebook.com\\\/fusterspain\\\/\",\"https:\\\/\\\/x.com\\\/FusterSpain\",\"https:\\\/\\\/www.youtube.com\\\/channel\\\/UC2-kNuL1SoqlFizI47hmIOQ\",\"https:\\\/\\\/www.linkedin.com\\\/company\\\/fuster-&-associates\\\/\"]}]}<\/script>\n<!-- \/ Yoast SEO plugin. -->","yoast_head_json":{"title":"Kiinteist\u00f6t Kiinteist\u00f6jen juridiset palvelut Espanjassa - Fuster & Associates","description":"Asiantuntevat juridiset palvelut kiinteist\u00f6jen ostamiseen, myyntiin tai perimiseen Espanjassa. Luota Fuster & Associatesiin turvallisten kiinteist\u00f6kauppojen toteuttamisessa.","robots":{"index":"index","follow":"follow","max-snippet":"max-snippet:-1","max-image-preview":"max-image-preview:large","max-video-preview":"max-video-preview:-1"},"canonical":"https:\/\/fuster-associates.com\/fi\/palvelut\/kiinteistooikeudelliset-palvelut\/","og_locale":"fi_FI","og_type":"article","og_title":"Kiinteist\u00f6t Kiinteist\u00f6jen juridiset palvelut Espanjassa - Fuster & Associates","og_description":"Asiantuntevat juridiset palvelut kiinteist\u00f6jen ostamiseen, myyntiin tai perimiseen Espanjassa. Luota Fuster & Associatesiin turvallisten kiinteist\u00f6kauppojen toteuttamisessa.","og_url":"https:\/\/fuster-associates.com\/fi\/palvelut\/kiinteistooikeudelliset-palvelut\/","og_site_name":"Fuster &amp; Associates","article_publisher":"https:\/\/www.facebook.com\/fusterspain\/","article_modified_time":"2025-09-03T09:05:24+00:00","og_image":[{"width":1920,"height":1280,"url":"https:\/\/fuster-associates.com\/wp-content\/uploads\/2020\/02\/slide-fuster-standard.jpg","type":"image\/jpeg"}],"twitter_card":"summary_large_image","twitter_site":"@FusterSpain","twitter_misc":{"Arvioitu lukuaika":"1 minuutti"},"schema":{"@context":"https:\/\/schema.org","@graph":[{"@type":"WebPage","@id":"https:\/\/fuster-associates.com\/fi\/palvelut\/kiinteistooikeudelliset-palvelut\/","url":"https:\/\/fuster-associates.com\/fi\/palvelut\/kiinteistooikeudelliset-palvelut\/","name":"Kiinteist\u00f6t Kiinteist\u00f6jen juridiset palvelut Espanjassa - Fuster & Associates","isPartOf":{"@id":"https:\/\/fuster-associates.com\/fi\/#website"},"datePublished":"2025-02-18T06:12:29+00:00","dateModified":"2025-09-03T09:05:24+00:00","description":"Asiantuntevat juridiset palvelut kiinteist\u00f6jen ostamiseen, myyntiin tai perimiseen Espanjassa. Luota Fuster & Associatesiin turvallisten kiinteist\u00f6kauppojen toteuttamisessa.","breadcrumb":{"@id":"https:\/\/fuster-associates.com\/fi\/palvelut\/kiinteistooikeudelliset-palvelut\/#breadcrumb"},"inLanguage":"fi","potentialAction":[{"@type":"ReadAction","target":["https:\/\/fuster-associates.com\/fi\/palvelut\/kiinteistooikeudelliset-palvelut\/"]}]},{"@type":"BreadcrumbList","@id":"https:\/\/fuster-associates.com\/fi\/palvelut\/kiinteistooikeudelliset-palvelut\/#breadcrumb","itemListElement":[{"@type":"ListItem","position":1,"name":"Koti","item":"https:\/\/fuster-associates.com\/fi\/"},{"@type":"ListItem","position":2,"name":"Palvelut","item":"https:\/\/fuster-associates.com\/fi\/serviceydelser\/"},{"@type":"ListItem","position":3,"name":"Kiinteist\u00f6oikeudelliset Palvelut"}]},{"@type":"WebSite","@id":"https:\/\/fuster-associates.com\/fi\/#website","url":"https:\/\/fuster-associates.com\/fi\/","name":"Fuster & Associates","description":"Property Solicitors","publisher":{"@id":"https:\/\/fuster-associates.com\/fi\/#organization"},"potentialAction":[{"@type":"SearchAction","target":{"@type":"EntryPoint","urlTemplate":"https:\/\/fuster-associates.com\/fi\/?s={search_term_string}"},"query-input":{"@type":"PropertyValueSpecification","valueRequired":true,"valueName":"search_term_string"}}],"inLanguage":"fi"},{"@type":"Organization","@id":"https:\/\/fuster-associates.com\/fi\/#organization","name":"FUSTER & ASSOCIATES","url":"https:\/\/fuster-associates.com\/fi\/","logo":{"@type":"ImageObject","inLanguage":"fi","@id":"https:\/\/fuster-associates.com\/fi\/#\/schema\/logo\/image\/","url":"https:\/\/fuster-associates.com\/wp-content\/uploads\/2018\/08\/logo-fuster-1.jpeg","contentUrl":"https:\/\/fuster-associates.com\/wp-content\/uploads\/2018\/08\/logo-fuster-1.jpeg","width":180,"height":113,"caption":"FUSTER & ASSOCIATES"},"image":{"@id":"https:\/\/fuster-associates.com\/fi\/#\/schema\/logo\/image\/"},"sameAs":["https:\/\/www.facebook.com\/fusterspain\/","https:\/\/x.com\/FusterSpain","https:\/\/www.youtube.com\/channel\/UC2-kNuL1SoqlFizI47hmIOQ","https:\/\/www.linkedin.com\/company\/fuster-&-associates\/"]}]}},"_links":{"self":[{"href":"https:\/\/fuster-associates.com\/fi\/wp-json\/wp\/v2\/pages\/28372","targetHints":{"allow":["GET"]}}],"collection":[{"href":"https:\/\/fuster-associates.com\/fi\/wp-json\/wp\/v2\/pages"}],"about":[{"href":"https:\/\/fuster-associates.com\/fi\/wp-json\/wp\/v2\/types\/page"}],"author":[{"embeddable":true,"href":"https:\/\/fuster-associates.com\/fi\/wp-json\/wp\/v2\/users\/1"}],"replies":[{"embeddable":true,"href":"https:\/\/fuster-associates.com\/fi\/wp-json\/wp\/v2\/comments?post=28372"}],"version-history":[{"count":4,"href":"https:\/\/fuster-associates.com\/fi\/wp-json\/wp\/v2\/pages\/28372\/revisions"}],"predecessor-version":[{"id":33629,"href":"https:\/\/fuster-associates.com\/fi\/wp-json\/wp\/v2\/pages\/28372\/revisions\/33629"}],"up":[{"embeddable":true,"href":"https:\/\/fuster-associates.com\/fi\/wp-json\/wp\/v2\/pages\/28750"}],"wp:attachment":[{"href":"https:\/\/fuster-associates.com\/fi\/wp-json\/wp\/v2\/media?parent=28372"}],"curies":[{"name":"wp","href":"https:\/\/api.w.org\/{rel}","templated":true}]}}