{"id":34609,"date":"2025-10-09T09:36:56","date_gmt":"2025-10-09T07:36:56","guid":{"rendered":"https:\/\/fuster-associates.com\/politica-de-privacidad\/"},"modified":"2025-10-09T09:36:59","modified_gmt":"2025-10-09T07:36:59","slug":"politica-de-privacidad","status":"publish","type":"page","link":"https:\/\/fuster-associates.com\/es\/politica-de-privacidad\/","title":{"rendered":"Pol\u00edtica de Privacidad"},"content":{"rendered":"\t\t<div data-elementor-type=\"wp-page\" data-elementor-id=\"34609\" class=\"elementor elementor-34609 elementor-22494\" data-elementor-post-type=\"page\">\n\t\t\t\t<div class=\"elementor-element elementor-element-2703dec e-flex e-con-boxed e-con e-parent\" data-id=\"2703dec\" data-element_type=\"container\" data-e-type=\"container\" data-settings=\"{&quot;background_background&quot;:&quot;classic&quot;}\">\n\t\t\t\t\t<div class=\"e-con-inner\">\n\t\t\t\t<div class=\"elementor-element elementor-element-5f8ab14 elementor-invisible elementor-widget elementor-widget-heading\" data-id=\"5f8ab14\" data-element_type=\"widget\" data-e-type=\"widget\" data-settings=\"{&quot;_animation&quot;:&quot;fadeInDown&quot;}\" data-widget_type=\"heading.default\">\n\t\t\t\t\t<h1 class=\"elementor-heading-title elementor-size-default\">Pol\u00edtica de Privacidad<\/h1>\t\t\t\t<\/div>\n\t\t\t\t<div class=\"elementor-element elementor-element-34f0089 elementor-invisible elementor-widget elementor-widget-breadcrumbs\" data-id=\"34f0089\" data-element_type=\"widget\" data-e-type=\"widget\" data-settings=\"{&quot;_animation&quot;:&quot;fadeInUp&quot;}\" data-widget_type=\"breadcrumbs.default\">\n\t\t\t\t\t<p id=\"breadcrumbs\"><span><span><a href=\"https:\/\/fuster-associates.com\/es\/\">Inicio<\/a><\/span><\/span><\/p>\t\t\t\t<\/div>\n\t\t\t\t\t<\/div>\n\t\t\t\t<\/div>\n\t\t<div class=\"elementor-element elementor-element-75b458b e-flex e-con-boxed e-con e-parent\" data-id=\"75b458b\" data-element_type=\"container\" data-e-type=\"container\" data-settings=\"{&quot;background_background&quot;:&quot;classic&quot;}\">\n\t\t\t\t\t<div class=\"e-con-inner\">\n\t\t\t\t<div class=\"elementor-element elementor-element-505e657 elementor-invisible elementor-widget elementor-widget-text-editor\" data-id=\"505e657\" data-element_type=\"widget\" data-e-type=\"widget\" data-settings=\"{&quot;_animation&quot;:&quot;fadeInUp&quot;}\" data-widget_type=\"text-editor.default\">\n\t\t\t\t\t\t\t\t\t<p>FUSTER CONSULTING, S.L., es especialmente consciente de la importancia de la protecci\u00f3n de los datos de car\u00e1cter personal de los usuarios de los servicios del sitio web.<\/p><p>Mediante la presente Pol\u00edtica de Privacidad (en adelante, Pol\u00edtica de Protecci\u00f3n de Datos), FUSTER CONSULTING, S.L., informa a los usuarios de la web: https:\/\/fuster-associates.com, sobre c\u00f3mo se utilizan los datos personales recogidos en la web, para que puedan decidir libre y voluntariamente si desean facilitar la informaci\u00f3n solicitada.<\/p><p>FUSTER CONSULTING, S.L., se reserva el derecho a modificar la presente pol\u00edtica con el fin de adaptarla a novedades legislativas, criterios jurisprudenciales, informaci\u00f3n relacionada con el sector o de inter\u00e9s para la entidad. Cualquier modificaci\u00f3n que se lleve a cabo se pondr\u00e1 a disposici\u00f3n, con la debida antelaci\u00f3n, para que se pueda conocer el contenido completo de dichas modificaciones. <\/p><h5>\u2022 ORGANISMO RESPONSABLE<\/h5><p>El tratamiento de los datos de car\u00e1cter personal es responsabilidad de:<\/p><p>FUSTER CONSULTING, S.L.<\/p><p>Con domicilio en Avenida de La Libertad, 301 \u2013 1\u00aa planta P.6 CP 30710 Los Alc\u00e1zares (Murcia). Tel.: (+34 968575650) y correo electr\u00f3nico: info@fuster-associates.com  <\/p><h5>\u2022 POR QU\u00c9 SE RECOPILA LA INFORMACI\u00d3N<\/h5><p>La informaci\u00f3n de car\u00e1cter personal se recoge a trav\u00e9s de los diferentes formularios y documentos que pertenecen a FUSTER CONSULTING, S.L., y se pone a disposici\u00f3n de los usuarios, con el fin de poder gestionar y atender las solicitudes de informaci\u00f3n, dudas, quejas, felicitaciones o sugerencias formuladas en relaci\u00f3n con las publicaciones o cualquier otro servicio o trabajo, acto o evento prestado, ofrecido, respaldado y\/o patrocinado por FUSTER CONSULTING, S.L.<\/p><h5>\u2022 PER\u00cdODO DE CONSERVACI\u00d3N<\/h5><p>Los datos personales facilitados se conservar\u00e1n durante el tiempo estipulado legalmente o mientras el interesado no solicite su supresi\u00f3n, derecho que le asiste.<\/p><h5>\u2022 LEGITIMACI\u00d3N<\/h5><p>FUSTER CONSULTING, S.L., est\u00e1 legitimada para tratar datos personales, bas\u00e1ndose en el consentimiento otorgado por el interesado para una o varias de las necesidades espec\u00edficas establecidas en el art\u00edculo 6.1 a) del Reglamento General de Protecci\u00f3n de Datos. Los datos de contacto podr\u00e1n ser tratados y utilizados de acuerdo con la finalidad del formulario en cuesti\u00f3n. Ejemplo: si se suscribe a un bolet\u00edn informativo, su direcci\u00f3n de correo electr\u00f3nico podr\u00e1 ser utilizada para enviarle dicho bolet\u00edn, y para ello no se requiere consentimiento expreso, ya que se desprende claramente de la finalidad\/objeto de dicho formulario\/funcionalidad.   <\/p><h5>\u2022 EXACTITUD DE LOS DATOS<\/h5><p>Para que los datos incorporados a nuestros ficheros, ya sean informatizados o en papel, reflejen en todo momento la situaci\u00f3n real de la informaci\u00f3n aportada, se har\u00e1 todo lo posible por mantenerlos actualizados. En este sentido, el Usuario deber\u00e1 realizar los cambios necesarios, bien directamente si est\u00e1 facultado para ello, bien informando del mismo al \u00e1rea o departamento correspondiente de FUSTER CONSULTING, S.L. <\/p><h5>\u2022 DESTINATARIOS<\/h5><p>No se comunicar\u00e1n ni facilitar\u00e1n datos personales a terceros, salvo que sea necesario para el desarrollo, control y cumplimiento de los objetivos regulados por la ley.<\/p><h5>\u2022 DERECHOS DE LOS USUARIOS<\/h5><p>El titular de los datos personales, en cualquier caso, podr\u00e1 ejercer los derechos que le confiere el Reglamento General de Protecci\u00f3n de Datos (RGPD), que son:<\/p><p>\u2022 Derecho a acceder a sus datos personales.<br>\u2022 Derecho a solicitar su rectificaci\u00f3n o supresi\u00f3n.<br>\u2022 Derecho a solicitar la limitaci\u00f3n de su uso.<br>\u2022 Derecho a oponerse a su uso.<br>\u2022 Derecho a la portabilidad de los datos.<\/p><p>El interesado podr\u00e1 ejercer estos derechos por escrito, adjuntando una copia de su DNI\/pasaporte, y envi\u00e1ndolo a la siguiente direcci\u00f3n: FUSTER CONSULTING, S.L., Avenida de La Libertad, 301 \u2013 1\u00aa planta P.6 CP 30710 Los Alc\u00e1zares (Murcia), Espa\u00f1a. Se deber\u00e1 especificar cu\u00e1l de estos derechos desea ejercer el usuario.  <\/p><h5>\u2022 MEDIDAS DE SEGURIDAD<\/h5><p>Por \u00faltimo, FUSTER CONSULTING, S.L., informa de que se adoptar\u00e1n todas las medidas t\u00e9cnicas y organizativas legalmente exigibles para garantizar la seguridad y confidencialidad de los datos almacenados y evitar as\u00ed su alteraci\u00f3n, p\u00e9rdida o uso no autorizado, teniendo en cuenta el estado de la t\u00e9cnica, los costes de su aplicaci\u00f3n y el tipo, alcance, contexto y finalidad del tratamiento de los datos, as\u00ed como los riesgos probables y la gravedad variable asociada a las operaciones realizadas.<\/p><p>Si tiene alguna pregunta relacionada con esta pol\u00edtica de privacidad, le rogamos que se ponga en contacto con nosotros por correo electr\u00f3nico en: info@fuster-associates.com.<\/p>\t\t\t\t\t\t\t\t<\/div>\n\t\t\t\t\t<\/div>\n\t\t\t\t<\/div>\n\t\t\t\t<\/div>\n\t\t","protected":false},"excerpt":{"rendered":"<p>FUSTER CONSULTING, S.L., es especialmente consciente de la importancia de la protecci\u00f3n de los datos de car\u00e1cter personal de los usuarios de los servicios del sitio web. Mediante la presente Pol\u00edtica de Privacidad (en adelante, Pol\u00edtica de Protecci\u00f3n de Datos), FUSTER CONSULTING, S.L., informa a los usuarios de la web: https:\/\/fuster-associates.com, sobre c\u00f3mo se utilizan [&hellip;]<\/p>\n","protected":false},"author":2,"featured_media":0,"parent":0,"menu_order":0,"comment_status":"closed","ping_status":"closed","template":"","meta":{"content-type":"","_sitemap_exclude":false,"_sitemap_priority":"","_sitemap_frequency":"","footnotes":""},"class_list":["post-34609","page","type-page","status-publish","hentry"],"yoast_head":"<!-- This site is optimized with the Yoast SEO plugin v27.3 - https:\/\/yoast.com\/product\/yoast-seo-wordpress\/ -->\n<title>Informaci\u00f3n sobre la pol\u00edtica de privacidad de datos - Fuster &amp; Associates<\/title>\n<meta name=\"description\" content=\"Lea c\u00f3mo protegemos, gestionamos y utilizamos los datos personales de acuerdo con las normas legales. Su privacidad es nuestra prioridad.\" \/>\n<meta name=\"robots\" content=\"index, follow, max-snippet:-1, max-image-preview:large, max-video-preview:-1\" \/>\n<link rel=\"canonical\" href=\"https:\/\/fuster-associates.com\/es\/politica-de-privacidad\/\" \/>\n<meta property=\"og:locale\" content=\"es_ES\" \/>\n<meta property=\"og:type\" content=\"article\" \/>\n<meta property=\"og:title\" content=\"Informaci\u00f3n sobre la pol\u00edtica de privacidad de datos - Fuster &amp; Associates\" \/>\n<meta property=\"og:description\" content=\"Lea c\u00f3mo protegemos, gestionamos y utilizamos los datos personales de acuerdo con las normas legales. Su privacidad es nuestra prioridad.\" \/>\n<meta property=\"og:url\" content=\"https:\/\/fuster-associates.com\/es\/politica-de-privacidad\/\" \/>\n<meta property=\"og:site_name\" content=\"Fuster &amp; Associates\" \/>\n<meta property=\"article:publisher\" content=\"https:\/\/www.facebook.com\/fusterspain\/\" \/>\n<meta property=\"article:modified_time\" content=\"2025-10-09T07:36:59+00:00\" \/>\n<meta property=\"og:image\" content=\"https:\/\/fuster-associates.com\/wp-content\/uploads\/2020\/02\/slide-fuster-standard.jpg\" \/>\n\t<meta property=\"og:image:width\" content=\"1920\" \/>\n\t<meta property=\"og:image:height\" content=\"1280\" \/>\n\t<meta property=\"og:image:type\" content=\"image\/jpeg\" \/>\n<meta name=\"twitter:card\" content=\"summary_large_image\" \/>\n<meta name=\"twitter:site\" content=\"@FusterSpain\" \/>\n<meta name=\"twitter:label1\" content=\"Tiempo de lectura\" \/>\n\t<meta name=\"twitter:data1\" content=\"4 minutos\" \/>\n<script type=\"application\/ld+json\" class=\"yoast-schema-graph\">{\"@context\":\"https:\\\/\\\/schema.org\",\"@graph\":[{\"@type\":\"WebPage\",\"@id\":\"https:\\\/\\\/fuster-associates.com\\\/es\\\/politica-de-privacidad\\\/\",\"url\":\"https:\\\/\\\/fuster-associates.com\\\/es\\\/politica-de-privacidad\\\/\",\"name\":\"Informaci\u00f3n sobre la pol\u00edtica de privacidad de datos - Fuster & Associates\",\"isPartOf\":{\"@id\":\"https:\\\/\\\/fuster-associates.com\\\/es\\\/#website\"},\"datePublished\":\"2025-10-09T07:36:56+00:00\",\"dateModified\":\"2025-10-09T07:36:59+00:00\",\"description\":\"Lea c\u00f3mo protegemos, gestionamos y utilizamos los datos personales de acuerdo con las normas legales. Su privacidad es nuestra prioridad.\",\"breadcrumb\":{\"@id\":\"https:\\\/\\\/fuster-associates.com\\\/es\\\/politica-de-privacidad\\\/#breadcrumb\"},\"inLanguage\":\"es\",\"potentialAction\":[{\"@type\":\"ReadAction\",\"target\":[\"https:\\\/\\\/fuster-associates.com\\\/es\\\/politica-de-privacidad\\\/\"]}]},{\"@type\":\"BreadcrumbList\",\"@id\":\"https:\\\/\\\/fuster-associates.com\\\/es\\\/politica-de-privacidad\\\/#breadcrumb\",\"itemListElement\":[{\"@type\":\"ListItem\",\"position\":1,\"name\":\"Inicio\",\"item\":\"https:\\\/\\\/fuster-associates.com\\\/es\\\/\"},{\"@type\":\"ListItem\",\"position\":2,\"name\":\"Pol\u00edtica de Privacidad\"}]},{\"@type\":\"WebSite\",\"@id\":\"https:\\\/\\\/fuster-associates.com\\\/es\\\/#website\",\"url\":\"https:\\\/\\\/fuster-associates.com\\\/es\\\/\",\"name\":\"Fuster & Associates\",\"description\":\"Property Solicitors\",\"publisher\":{\"@id\":\"https:\\\/\\\/fuster-associates.com\\\/es\\\/#organization\"},\"potentialAction\":[{\"@type\":\"SearchAction\",\"target\":{\"@type\":\"EntryPoint\",\"urlTemplate\":\"https:\\\/\\\/fuster-associates.com\\\/es\\\/?s={search_term_string}\"},\"query-input\":{\"@type\":\"PropertyValueSpecification\",\"valueRequired\":true,\"valueName\":\"search_term_string\"}}],\"inLanguage\":\"es\"},{\"@type\":\"Organization\",\"@id\":\"https:\\\/\\\/fuster-associates.com\\\/es\\\/#organization\",\"name\":\"FUSTER & ASSOCIATES\",\"url\":\"https:\\\/\\\/fuster-associates.com\\\/es\\\/\",\"logo\":{\"@type\":\"ImageObject\",\"inLanguage\":\"es\",\"@id\":\"https:\\\/\\\/fuster-associates.com\\\/es\\\/#\\\/schema\\\/logo\\\/image\\\/\",\"url\":\"https:\\\/\\\/fuster-associates.com\\\/wp-content\\\/uploads\\\/2018\\\/08\\\/logo-fuster-1.jpeg\",\"contentUrl\":\"https:\\\/\\\/fuster-associates.com\\\/wp-content\\\/uploads\\\/2018\\\/08\\\/logo-fuster-1.jpeg\",\"width\":180,\"height\":113,\"caption\":\"FUSTER & ASSOCIATES\"},\"image\":{\"@id\":\"https:\\\/\\\/fuster-associates.com\\\/es\\\/#\\\/schema\\\/logo\\\/image\\\/\"},\"sameAs\":[\"https:\\\/\\\/www.facebook.com\\\/fusterspain\\\/\",\"https:\\\/\\\/x.com\\\/FusterSpain\",\"https:\\\/\\\/www.youtube.com\\\/channel\\\/UC2-kNuL1SoqlFizI47hmIOQ\",\"https:\\\/\\\/www.linkedin.com\\\/company\\\/fuster-&-associates\\\/\"]}]}<\/script>\n<!-- \/ Yoast SEO plugin. -->","yoast_head_json":{"title":"Informaci\u00f3n sobre la pol\u00edtica de privacidad de datos - Fuster & Associates","description":"Lea c\u00f3mo protegemos, gestionamos y utilizamos los datos personales de acuerdo con las normas legales. Su privacidad es nuestra prioridad.","robots":{"index":"index","follow":"follow","max-snippet":"max-snippet:-1","max-image-preview":"max-image-preview:large","max-video-preview":"max-video-preview:-1"},"canonical":"https:\/\/fuster-associates.com\/es\/politica-de-privacidad\/","og_locale":"es_ES","og_type":"article","og_title":"Informaci\u00f3n sobre la pol\u00edtica de privacidad de datos - Fuster & Associates","og_description":"Lea c\u00f3mo protegemos, gestionamos y utilizamos los datos personales de acuerdo con las normas legales. Su privacidad es nuestra prioridad.","og_url":"https:\/\/fuster-associates.com\/es\/politica-de-privacidad\/","og_site_name":"Fuster &amp; Associates","article_publisher":"https:\/\/www.facebook.com\/fusterspain\/","article_modified_time":"2025-10-09T07:36:59+00:00","og_image":[{"width":1920,"height":1280,"url":"https:\/\/fuster-associates.com\/wp-content\/uploads\/2020\/02\/slide-fuster-standard.jpg","type":"image\/jpeg"}],"twitter_card":"summary_large_image","twitter_site":"@FusterSpain","twitter_misc":{"Tiempo de lectura":"4 minutos"},"schema":{"@context":"https:\/\/schema.org","@graph":[{"@type":"WebPage","@id":"https:\/\/fuster-associates.com\/es\/politica-de-privacidad\/","url":"https:\/\/fuster-associates.com\/es\/politica-de-privacidad\/","name":"Informaci\u00f3n sobre la pol\u00edtica de privacidad de datos - Fuster & Associates","isPartOf":{"@id":"https:\/\/fuster-associates.com\/es\/#website"},"datePublished":"2025-10-09T07:36:56+00:00","dateModified":"2025-10-09T07:36:59+00:00","description":"Lea c\u00f3mo protegemos, gestionamos y utilizamos los datos personales de acuerdo con las normas legales. Su privacidad es nuestra prioridad.","breadcrumb":{"@id":"https:\/\/fuster-associates.com\/es\/politica-de-privacidad\/#breadcrumb"},"inLanguage":"es","potentialAction":[{"@type":"ReadAction","target":["https:\/\/fuster-associates.com\/es\/politica-de-privacidad\/"]}]},{"@type":"BreadcrumbList","@id":"https:\/\/fuster-associates.com\/es\/politica-de-privacidad\/#breadcrumb","itemListElement":[{"@type":"ListItem","position":1,"name":"Inicio","item":"https:\/\/fuster-associates.com\/es\/"},{"@type":"ListItem","position":2,"name":"Pol\u00edtica de Privacidad"}]},{"@type":"WebSite","@id":"https:\/\/fuster-associates.com\/es\/#website","url":"https:\/\/fuster-associates.com\/es\/","name":"Fuster & Associates","description":"Property Solicitors","publisher":{"@id":"https:\/\/fuster-associates.com\/es\/#organization"},"potentialAction":[{"@type":"SearchAction","target":{"@type":"EntryPoint","urlTemplate":"https:\/\/fuster-associates.com\/es\/?s={search_term_string}"},"query-input":{"@type":"PropertyValueSpecification","valueRequired":true,"valueName":"search_term_string"}}],"inLanguage":"es"},{"@type":"Organization","@id":"https:\/\/fuster-associates.com\/es\/#organization","name":"FUSTER & ASSOCIATES","url":"https:\/\/fuster-associates.com\/es\/","logo":{"@type":"ImageObject","inLanguage":"es","@id":"https:\/\/fuster-associates.com\/es\/#\/schema\/logo\/image\/","url":"https:\/\/fuster-associates.com\/wp-content\/uploads\/2018\/08\/logo-fuster-1.jpeg","contentUrl":"https:\/\/fuster-associates.com\/wp-content\/uploads\/2018\/08\/logo-fuster-1.jpeg","width":180,"height":113,"caption":"FUSTER & ASSOCIATES"},"image":{"@id":"https:\/\/fuster-associates.com\/es\/#\/schema\/logo\/image\/"},"sameAs":["https:\/\/www.facebook.com\/fusterspain\/","https:\/\/x.com\/FusterSpain","https:\/\/www.youtube.com\/channel\/UC2-kNuL1SoqlFizI47hmIOQ","https:\/\/www.linkedin.com\/company\/fuster-&-associates\/"]}]}},"_links":{"self":[{"href":"https:\/\/fuster-associates.com\/es\/wp-json\/wp\/v2\/pages\/34609","targetHints":{"allow":["GET"]}}],"collection":[{"href":"https:\/\/fuster-associates.com\/es\/wp-json\/wp\/v2\/pages"}],"about":[{"href":"https:\/\/fuster-associates.com\/es\/wp-json\/wp\/v2\/types\/page"}],"author":[{"embeddable":true,"href":"https:\/\/fuster-associates.com\/es\/wp-json\/wp\/v2\/users\/2"}],"replies":[{"embeddable":true,"href":"https:\/\/fuster-associates.com\/es\/wp-json\/wp\/v2\/comments?post=34609"}],"version-history":[{"count":3,"href":"https:\/\/fuster-associates.com\/es\/wp-json\/wp\/v2\/pages\/34609\/revisions"}],"predecessor-version":[{"id":34612,"href":"https:\/\/fuster-associates.com\/es\/wp-json\/wp\/v2\/pages\/34609\/revisions\/34612"}],"wp:attachment":[{"href":"https:\/\/fuster-associates.com\/es\/wp-json\/wp\/v2\/media?parent=34609"}],"curies":[{"name":"wp","href":"https:\/\/api.w.org\/{rel}","templated":true}]}}