{"id":32925,"date":"2025-10-08T08:46:33","date_gmt":"2025-10-08T06:46:33","guid":{"rendered":"https:\/\/fuster-associates.com\/?page_id=32925"},"modified":"2025-10-16T09:15:09","modified_gmt":"2025-10-16T07:15:09","slug":"transferencia-de-propiedad-herencia","status":"publish","type":"page","link":"https:\/\/fuster-associates.com\/es\/servicios\/testamentos-herencias\/transferencia-de-propiedad-herencia\/","title":{"rendered":"Property Transfers &amp; Inheritance"},"content":{"rendered":"\t\t<div data-elementor-type=\"wp-page\" data-elementor-id=\"32925\" class=\"elementor elementor-32925 elementor-32922\" data-elementor-post-type=\"page\">\n\t\t\t\t<div class=\"elementor-element elementor-element-e3d1295 e-flex e-con-boxed e-con e-parent\" data-id=\"e3d1295\" data-element_type=\"container\" data-e-type=\"container\" data-settings=\"{&quot;background_background&quot;:&quot;classic&quot;}\">\n\t\t\t\t\t<div class=\"e-con-inner\">\n\t\t\t\t<div class=\"elementor-element elementor-element-2a9580f6 elementor-invisible elementor-widget elementor-widget-heading\" data-id=\"2a9580f6\" data-element_type=\"widget\" data-e-type=\"widget\" data-settings=\"{&quot;_animation&quot;:&quot;fadeInDown&quot;}\" data-widget_type=\"heading.default\">\n\t\t\t\t\t<h1 class=\"elementor-heading-title elementor-size-default\">Property Transfers &amp; Inheritance<\/h1>\t\t\t\t<\/div>\n\t\t\t\t<div class=\"elementor-element elementor-element-66b46217 elementor-invisible elementor-widget elementor-widget-breadcrumbs\" data-id=\"66b46217\" data-element_type=\"widget\" data-e-type=\"widget\" data-settings=\"{&quot;_animation&quot;:&quot;fadeInUp&quot;}\" data-widget_type=\"breadcrumbs.default\">\n\t\t\t\t\t<p id=\"breadcrumbs\"><span><span><a href=\"https:\/\/fuster-associates.com\/es\/\">Inicio<\/a><\/span><\/span><\/p>\t\t\t\t<\/div>\n\t\t\t\t\t<\/div>\n\t\t\t\t<\/div>\n\t\t<div class=\"elementor-element elementor-element-ecf56bb e-flex e-con-boxed e-con e-parent\" data-id=\"ecf56bb\" data-element_type=\"container\" data-e-type=\"container\">\n\t\t\t\t\t<div class=\"e-con-inner\">\n\t\t\t\t<div class=\"elementor-element elementor-element-3b6e5aa elementor-invisible elementor-widget elementor-widget-heading\" data-id=\"3b6e5aa\" data-element_type=\"widget\" data-e-type=\"widget\" data-settings=\"{&quot;_animation&quot;:&quot;fadeIn&quot;,&quot;_animation_laptop&quot;:&quot;fadeIn&quot;}\" data-widget_type=\"heading.default\">\n\t\t\t\t\t<h2 class=\"elementor-heading-title elementor-size-default\">Transferencia de Propiedad &amp; Herencia<\/h2>\t\t\t\t<\/div>\n\t\t\t\t<div class=\"elementor-element elementor-element-5770392 elementor-invisible elementor-widget elementor-widget-text-editor\" data-id=\"5770392\" data-element_type=\"widget\" data-e-type=\"widget\" data-settings=\"{&quot;_animation&quot;:&quot;fadeIn&quot;,&quot;_animation_laptop&quot;:&quot;fadeIn&quot;}\" data-widget_type=\"text-editor.default\">\n\t\t\t\t\t\t\t\t\t<p>En Fuster &amp;\u202fAssociates, somos conscientes de que la transferencia de propiedades y la gesti\u00f3n de herencias pueden ser complejas, especialmente para los clientes internacionales que se enfrentan a la legislaci\u00f3n espa\u00f1ola. <g id=\"gid_0\">Con m\u00e1s de 25 a\u00f1os de experiencia en transmisiones de propiedad, impuestos sobre transmisiones patrimoniales y normativa sucesoria<\/g>, nuestro equipo multidisciplinar se asegura de que <g id=\"gid_1\">su propiedad se transfiera de forma segura<\/g> y de que su legado se preserve con claridad e integridad. Tanto si se ocupa de los tr\u00e1mites legales de la propiedad como si planifica su futuro m\u00e1s all\u00e1 de las fronteras, nuestros servicios personalizados le proporcionar\u00e1n tranquilidad en cada paso del camino.  <\/p><p>Nuestro servicio de transferencia de propiedades y sucesiones agiliza los aspectos m\u00e1s cr\u00edticos de la planificaci\u00f3n patrimonial y de activos en Espa\u00f1a, desde la gesti\u00f3n eficiente de los impuestos y la tramitaci\u00f3n fluida de la transferencia de propiedades, hasta la planificaci\u00f3n estrat\u00e9gica de sucesiones adaptada a los expatriados. <strong>Le guiamos<\/strong> a trav\u00e9s de las implicaciones fiscales, como el impuesto sobre transmisiones patrimoniales y el impuesto de sucesiones, le ayudamos a coordinar la documentaci\u00f3n necesaria y <strong>trabajamos estrechamente con usted<\/strong> para garantizar el cumplimiento tanto de la legislaci\u00f3n local como de sus objetivos de planificaci\u00f3n personal. Con Fuster &amp; Associates, sus activos y sus deseos est\u00e1n en buenas manos. <\/p>\t\t\t\t\t\t\t\t<\/div>\n\t\t\t\t<div class=\"elementor-element elementor-element-cd46360 elementor-icon-list--layout-traditional elementor-list-item-link-full_width elementor-widget elementor-widget-icon-list\" data-id=\"cd46360\" data-element_type=\"widget\" data-e-type=\"widget\" data-widget_type=\"icon-list.default\">\n\t\t\t\t\t\t\t<ul class=\"elementor-icon-list-items\">\n\t\t\t\t\t\t\t<li class=\"elementor-icon-list-item\">\n\t\t\t\t\t\t\t\t\t\t\t<a href=\"https:\/\/fuster-associates.com\/services\/wills-inheritance\/property-transfers-inheritance\/wills-and-inheritance\/\">\n\n\t\t\t\t\t\t\t\t\t\t\t\t<span class=\"elementor-icon-list-icon\">\n\t\t\t\t\t\t\t<svg aria-hidden=\"true\" class=\"e-font-icon-svg e-fas-caret-right\" viewBox=\"0 0 192 512\" xmlns=\"http:\/\/www.w3.org\/2000\/svg\"><path d=\"M0 384.662V127.338c0-17.818 21.543-26.741 34.142-14.142l128.662 128.662c7.81 7.81 7.81 20.474 0 28.284L34.142 398.804C21.543 411.404 0 402.48 0 384.662z\"><\/path><\/svg>\t\t\t\t\t\t<\/span>\n\t\t\t\t\t\t\t\t\t\t<span class=\"elementor-icon-list-text\">Testamentos y Herencias<\/span>\n\t\t\t\t\t\t\t\t\t\t\t<\/a>\n\t\t\t\t\t\t\t\t\t<\/li>\n\t\t\t\t\t\t<\/ul>\n\t\t\t\t\t\t<\/div>\n\t\t\t\t\t<\/div>\n\t\t\t\t<\/div>\n\t\t\t\t<\/div>\n\t\t","protected":false},"excerpt":{"rendered":"<p>Transferencia de Propiedad &amp; Herencia En Fuster &amp;\u202fAssociates, somos conscientes de que la transferencia de propiedades y la gesti\u00f3n de herencias pueden ser complejas, especialmente para los clientes internacionales que se enfrentan a la legislaci\u00f3n espa\u00f1ola. Con m\u00e1s de 25 a\u00f1os de experiencia en transmisiones de propiedad, impuestos sobre transmisiones patrimoniales y normativa sucesoria, nuestro [&hellip;]<\/p>\n","protected":false},"author":8,"featured_media":0,"parent":34131,"menu_order":0,"comment_status":"closed","ping_status":"closed","template":"","meta":{"content-type":"","_sitemap_exclude":false,"_sitemap_priority":"","_sitemap_frequency":"","footnotes":""},"class_list":["post-32925","page","type-page","status-publish","hentry"],"yoast_head":"<!-- This site is optimized with the Yoast SEO plugin v27.3 - https:\/\/yoast.com\/product\/yoast-seo-wordpress\/ -->\n<title>Property Transfers &amp; Inheritance Services - Fuster &amp; Associates<\/title>\n<meta name=\"description\" content=\"Legal help with property transfers and inheritance in Spain. We manage taxes, paperwork, and full registration.\" \/>\n<meta name=\"robots\" content=\"index, follow, max-snippet:-1, max-image-preview:large, max-video-preview:-1\" \/>\n<link rel=\"canonical\" href=\"https:\/\/fuster-associates.com\/es\/servicios\/testamentos-herencias\/transferencia-de-propiedad-herencia\/\" \/>\n<meta property=\"og:locale\" content=\"es_ES\" \/>\n<meta property=\"og:type\" content=\"article\" \/>\n<meta property=\"og:title\" content=\"Property Transfers &amp; Inheritance Services - Fuster &amp; Associates\" \/>\n<meta property=\"og:description\" content=\"Legal help with property transfers and inheritance in Spain. We manage taxes, paperwork, and full registration.\" \/>\n<meta property=\"og:url\" content=\"https:\/\/fuster-associates.com\/es\/servicios\/testamentos-herencias\/transferencia-de-propiedad-herencia\/\" \/>\n<meta property=\"og:site_name\" content=\"Fuster &amp; Associates\" \/>\n<meta property=\"article:publisher\" content=\"https:\/\/www.facebook.com\/fusterspain\/\" \/>\n<meta property=\"article:modified_time\" content=\"2025-10-16T07:15:09+00:00\" \/>\n<meta property=\"og:image\" content=\"https:\/\/fuster-associates.com\/wp-content\/uploads\/2020\/02\/slide-fuster-standard.jpg\" \/>\n\t<meta property=\"og:image:width\" content=\"1920\" \/>\n\t<meta property=\"og:image:height\" content=\"1280\" \/>\n\t<meta property=\"og:image:type\" content=\"image\/jpeg\" \/>\n<meta name=\"twitter:card\" content=\"summary_large_image\" \/>\n<meta name=\"twitter:site\" content=\"@FusterSpain\" \/>\n<meta name=\"twitter:label1\" content=\"Tiempo de lectura\" \/>\n\t<meta name=\"twitter:data1\" content=\"1 minuto\" \/>\n<script type=\"application\/ld+json\" class=\"yoast-schema-graph\">{\"@context\":\"https:\\\/\\\/schema.org\",\"@graph\":[{\"@type\":\"WebPage\",\"@id\":\"https:\\\/\\\/fuster-associates.com\\\/es\\\/servicios\\\/testamentos-herencias\\\/transferencia-de-propiedad-herencia\\\/\",\"url\":\"https:\\\/\\\/fuster-associates.com\\\/es\\\/servicios\\\/testamentos-herencias\\\/transferencia-de-propiedad-herencia\\\/\",\"name\":\"Property Transfers & Inheritance Services - Fuster & Associates\",\"isPartOf\":{\"@id\":\"https:\\\/\\\/fuster-associates.com\\\/es\\\/#website\"},\"datePublished\":\"2025-10-08T06:46:33+00:00\",\"dateModified\":\"2025-10-16T07:15:09+00:00\",\"description\":\"Legal help with property transfers and inheritance in Spain. We manage taxes, paperwork, and full registration.\",\"breadcrumb\":{\"@id\":\"https:\\\/\\\/fuster-associates.com\\\/es\\\/servicios\\\/testamentos-herencias\\\/transferencia-de-propiedad-herencia\\\/#breadcrumb\"},\"inLanguage\":\"es\",\"potentialAction\":[{\"@type\":\"ReadAction\",\"target\":[\"https:\\\/\\\/fuster-associates.com\\\/es\\\/servicios\\\/testamentos-herencias\\\/transferencia-de-propiedad-herencia\\\/\"]}]},{\"@type\":\"BreadcrumbList\",\"@id\":\"https:\\\/\\\/fuster-associates.com\\\/es\\\/servicios\\\/testamentos-herencias\\\/transferencia-de-propiedad-herencia\\\/#breadcrumb\",\"itemListElement\":[{\"@type\":\"ListItem\",\"position\":1,\"name\":\"Inicio\",\"item\":\"https:\\\/\\\/fuster-associates.com\\\/es\\\/\"},{\"@type\":\"ListItem\",\"position\":2,\"name\":\"Servicios\",\"item\":\"https:\\\/\\\/fuster-associates.com\\\/es\\\/serviceydelser\\\/\"},{\"@type\":\"ListItem\",\"position\":3,\"name\":\"Testamentos &amp; Herencias\",\"item\":\"https:\\\/\\\/fuster-associates.com\\\/es\\\/serviceydelser\\\/testamenter-arv\\\/\"},{\"@type\":\"ListItem\",\"position\":4,\"name\":\"Property Transfers &amp; Inheritance\"}]},{\"@type\":\"WebSite\",\"@id\":\"https:\\\/\\\/fuster-associates.com\\\/es\\\/#website\",\"url\":\"https:\\\/\\\/fuster-associates.com\\\/es\\\/\",\"name\":\"Fuster & Associates\",\"description\":\"Property Solicitors\",\"publisher\":{\"@id\":\"https:\\\/\\\/fuster-associates.com\\\/es\\\/#organization\"},\"potentialAction\":[{\"@type\":\"SearchAction\",\"target\":{\"@type\":\"EntryPoint\",\"urlTemplate\":\"https:\\\/\\\/fuster-associates.com\\\/es\\\/?s={search_term_string}\"},\"query-input\":{\"@type\":\"PropertyValueSpecification\",\"valueRequired\":true,\"valueName\":\"search_term_string\"}}],\"inLanguage\":\"es\"},{\"@type\":\"Organization\",\"@id\":\"https:\\\/\\\/fuster-associates.com\\\/es\\\/#organization\",\"name\":\"FUSTER & ASSOCIATES\",\"url\":\"https:\\\/\\\/fuster-associates.com\\\/es\\\/\",\"logo\":{\"@type\":\"ImageObject\",\"inLanguage\":\"es\",\"@id\":\"https:\\\/\\\/fuster-associates.com\\\/es\\\/#\\\/schema\\\/logo\\\/image\\\/\",\"url\":\"https:\\\/\\\/fuster-associates.com\\\/wp-content\\\/uploads\\\/2018\\\/08\\\/logo-fuster-1.jpeg\",\"contentUrl\":\"https:\\\/\\\/fuster-associates.com\\\/wp-content\\\/uploads\\\/2018\\\/08\\\/logo-fuster-1.jpeg\",\"width\":180,\"height\":113,\"caption\":\"FUSTER & ASSOCIATES\"},\"image\":{\"@id\":\"https:\\\/\\\/fuster-associates.com\\\/es\\\/#\\\/schema\\\/logo\\\/image\\\/\"},\"sameAs\":[\"https:\\\/\\\/www.facebook.com\\\/fusterspain\\\/\",\"https:\\\/\\\/x.com\\\/FusterSpain\",\"https:\\\/\\\/www.youtube.com\\\/channel\\\/UC2-kNuL1SoqlFizI47hmIOQ\",\"https:\\\/\\\/www.linkedin.com\\\/company\\\/fuster-&-associates\\\/\"]}]}<\/script>\n<!-- \/ Yoast SEO plugin. -->","yoast_head_json":{"title":"Property Transfers & Inheritance Services - Fuster & Associates","description":"Legal help with property transfers and inheritance in Spain. We manage taxes, paperwork, and full registration.","robots":{"index":"index","follow":"follow","max-snippet":"max-snippet:-1","max-image-preview":"max-image-preview:large","max-video-preview":"max-video-preview:-1"},"canonical":"https:\/\/fuster-associates.com\/es\/servicios\/testamentos-herencias\/transferencia-de-propiedad-herencia\/","og_locale":"es_ES","og_type":"article","og_title":"Property Transfers & Inheritance Services - Fuster & Associates","og_description":"Legal help with property transfers and inheritance in Spain. We manage taxes, paperwork, and full registration.","og_url":"https:\/\/fuster-associates.com\/es\/servicios\/testamentos-herencias\/transferencia-de-propiedad-herencia\/","og_site_name":"Fuster &amp; Associates","article_publisher":"https:\/\/www.facebook.com\/fusterspain\/","article_modified_time":"2025-10-16T07:15:09+00:00","og_image":[{"width":1920,"height":1280,"url":"https:\/\/fuster-associates.com\/wp-content\/uploads\/2020\/02\/slide-fuster-standard.jpg","type":"image\/jpeg"}],"twitter_card":"summary_large_image","twitter_site":"@FusterSpain","twitter_misc":{"Tiempo de lectura":"1 minuto"},"schema":{"@context":"https:\/\/schema.org","@graph":[{"@type":"WebPage","@id":"https:\/\/fuster-associates.com\/es\/servicios\/testamentos-herencias\/transferencia-de-propiedad-herencia\/","url":"https:\/\/fuster-associates.com\/es\/servicios\/testamentos-herencias\/transferencia-de-propiedad-herencia\/","name":"Property Transfers & Inheritance Services - Fuster & Associates","isPartOf":{"@id":"https:\/\/fuster-associates.com\/es\/#website"},"datePublished":"2025-10-08T06:46:33+00:00","dateModified":"2025-10-16T07:15:09+00:00","description":"Legal help with property transfers and inheritance in Spain. We manage taxes, paperwork, and full registration.","breadcrumb":{"@id":"https:\/\/fuster-associates.com\/es\/servicios\/testamentos-herencias\/transferencia-de-propiedad-herencia\/#breadcrumb"},"inLanguage":"es","potentialAction":[{"@type":"ReadAction","target":["https:\/\/fuster-associates.com\/es\/servicios\/testamentos-herencias\/transferencia-de-propiedad-herencia\/"]}]},{"@type":"BreadcrumbList","@id":"https:\/\/fuster-associates.com\/es\/servicios\/testamentos-herencias\/transferencia-de-propiedad-herencia\/#breadcrumb","itemListElement":[{"@type":"ListItem","position":1,"name":"Inicio","item":"https:\/\/fuster-associates.com\/es\/"},{"@type":"ListItem","position":2,"name":"Servicios","item":"https:\/\/fuster-associates.com\/es\/serviceydelser\/"},{"@type":"ListItem","position":3,"name":"Testamentos &amp; Herencias","item":"https:\/\/fuster-associates.com\/es\/serviceydelser\/testamenter-arv\/"},{"@type":"ListItem","position":4,"name":"Property Transfers &amp; Inheritance"}]},{"@type":"WebSite","@id":"https:\/\/fuster-associates.com\/es\/#website","url":"https:\/\/fuster-associates.com\/es\/","name":"Fuster & Associates","description":"Property Solicitors","publisher":{"@id":"https:\/\/fuster-associates.com\/es\/#organization"},"potentialAction":[{"@type":"SearchAction","target":{"@type":"EntryPoint","urlTemplate":"https:\/\/fuster-associates.com\/es\/?s={search_term_string}"},"query-input":{"@type":"PropertyValueSpecification","valueRequired":true,"valueName":"search_term_string"}}],"inLanguage":"es"},{"@type":"Organization","@id":"https:\/\/fuster-associates.com\/es\/#organization","name":"FUSTER & ASSOCIATES","url":"https:\/\/fuster-associates.com\/es\/","logo":{"@type":"ImageObject","inLanguage":"es","@id":"https:\/\/fuster-associates.com\/es\/#\/schema\/logo\/image\/","url":"https:\/\/fuster-associates.com\/wp-content\/uploads\/2018\/08\/logo-fuster-1.jpeg","contentUrl":"https:\/\/fuster-associates.com\/wp-content\/uploads\/2018\/08\/logo-fuster-1.jpeg","width":180,"height":113,"caption":"FUSTER & ASSOCIATES"},"image":{"@id":"https:\/\/fuster-associates.com\/es\/#\/schema\/logo\/image\/"},"sameAs":["https:\/\/www.facebook.com\/fusterspain\/","https:\/\/x.com\/FusterSpain","https:\/\/www.youtube.com\/channel\/UC2-kNuL1SoqlFizI47hmIOQ","https:\/\/www.linkedin.com\/company\/fuster-&-associates\/"]}]}},"_links":{"self":[{"href":"https:\/\/fuster-associates.com\/es\/wp-json\/wp\/v2\/pages\/32925","targetHints":{"allow":["GET"]}}],"collection":[{"href":"https:\/\/fuster-associates.com\/es\/wp-json\/wp\/v2\/pages"}],"about":[{"href":"https:\/\/fuster-associates.com\/es\/wp-json\/wp\/v2\/types\/page"}],"author":[{"embeddable":true,"href":"https:\/\/fuster-associates.com\/es\/wp-json\/wp\/v2\/users\/8"}],"replies":[{"embeddable":true,"href":"https:\/\/fuster-associates.com\/es\/wp-json\/wp\/v2\/comments?post=32925"}],"version-history":[{"count":8,"href":"https:\/\/fuster-associates.com\/es\/wp-json\/wp\/v2\/pages\/32925\/revisions"}],"predecessor-version":[{"id":35125,"href":"https:\/\/fuster-associates.com\/es\/wp-json\/wp\/v2\/pages\/32925\/revisions\/35125"}],"up":[{"embeddable":true,"href":"https:\/\/fuster-associates.com\/es\/wp-json\/wp\/v2\/pages\/34131"}],"wp:attachment":[{"href":"https:\/\/fuster-associates.com\/es\/wp-json\/wp\/v2\/media?parent=32925"}],"curies":[{"name":"wp","href":"https:\/\/api.w.org\/{rel}","templated":true}]}}