{"id":33866,"date":"2025-09-09T09:11:15","date_gmt":"2025-09-09T07:11:15","guid":{"rendered":"https:\/\/fuster-associates.com\/dienstleistungen\/steuerdienstleistungen\/steuerdienstleistungen-fuer-nichtansaessige\/"},"modified":"2025-09-09T13:51:21","modified_gmt":"2025-09-09T11:51:21","slug":"steuerdienstleistungen-fuer-nichtansaessige","status":"publish","type":"page","link":"https:\/\/fuster-associates.com\/de\/dienstleistungen\/steuerdienstleistungen\/steuerdienstleistungen-fuer-nichtansaessige\/","title":{"rendered":"Steuerdienstleistungen F\u00fcr Nichtans\u00e4ssige"},"content":{"rendered":"\t\t<div data-elementor-type=\"wp-page\" data-elementor-id=\"33866\" class=\"elementor elementor-33866 elementor-24050\" data-elementor-post-type=\"page\">\n\t\t\t\t<div class=\"elementor-element elementor-element-5c73015f e-flex e-con-boxed e-con e-parent\" data-id=\"5c73015f\" data-element_type=\"container\" data-e-type=\"container\" data-settings=\"{&quot;background_background&quot;:&quot;classic&quot;}\">\n\t\t\t\t\t<div class=\"e-con-inner\">\n\t\t\t\t<div class=\"elementor-element elementor-element-58ff9019 elementor-invisible elementor-widget elementor-widget-heading\" data-id=\"58ff9019\" data-element_type=\"widget\" data-e-type=\"widget\" data-settings=\"{&quot;_animation&quot;:&quot;fadeInDown&quot;}\" data-widget_type=\"heading.default\">\n\t\t\t\t\t<h1 class=\"elementor-heading-title elementor-size-default\">Steuerdienstleistungen F\u00fcr Nichtans\u00e4ssige<\/h1>\t\t\t\t<\/div>\n\t\t\t\t<div class=\"elementor-element elementor-element-27581622 elementor-invisible elementor-widget elementor-widget-breadcrumbs\" data-id=\"27581622\" data-element_type=\"widget\" data-e-type=\"widget\" data-settings=\"{&quot;_animation&quot;:&quot;fadeInUp&quot;}\" data-widget_type=\"breadcrumbs.default\">\n\t\t\t\t\t<p id=\"breadcrumbs\"><span><span><a href=\"https:\/\/fuster-associates.com\/de\/\">Home<\/a><\/span><\/span><\/p>\t\t\t\t<\/div>\n\t\t\t\t\t<\/div>\n\t\t\t\t<\/div>\n\t\t<div class=\"elementor-element elementor-element-3ef0269 e-flex e-con-boxed e-con e-parent\" data-id=\"3ef0269\" data-element_type=\"container\" data-e-type=\"container\">\n\t\t\t\t\t<div class=\"e-con-inner\">\n\t\t\t\t<div class=\"elementor-element elementor-element-96b0a21 elementor-invisible elementor-widget elementor-widget-heading\" data-id=\"96b0a21\" data-element_type=\"widget\" data-e-type=\"widget\" data-settings=\"{&quot;_animation&quot;:&quot;fadeIn&quot;,&quot;_animation_laptop&quot;:&quot;fadeIn&quot;}\" data-widget_type=\"heading.default\">\n\t\t\t\t\t<h2 class=\"elementor-heading-title elementor-size-default\">Machen Sie spanische Steuern einfach: Expertenhilfe f\u00fcr Nicht-Residenten<\/h2>\t\t\t\t<\/div>\n\t\t\t\t<div class=\"elementor-element elementor-element-d61b63f elementor-invisible elementor-widget elementor-widget-text-editor\" data-id=\"d61b63f\" data-element_type=\"widget\" data-e-type=\"widget\" data-settings=\"{&quot;_animation&quot;:&quot;fadeIn&quot;,&quot;_animation_laptop&quot;:&quot;fadeIn&quot;}\" data-widget_type=\"text-editor.default\">\n\t\t\t\t\t\t\t\t\t<p><strong data-start=\"1072\" data-end=\"1148\">Schalten Sie fachkundige Unterst\u00fctzung f\u00fcr alle Ihre steuerlichen Verpflichtungen f\u00fcr spanische Nichtans\u00e4ssige frei<\/strong>. Ganz gleich, ob Sie <strong data-start=\"1174\" data-end=\"1191\">Mieteinnahmen <\/strong>deklarieren, eine <strong data-start=\"1202\" data-end=\"1229\">Steuererkl\u00e4rung f\u00fcr Gebietsfremde<\/strong> einreichen oder die <strong data-start=\"1249\" data-end=\"1271\">Quellensteuer von 3 %<\/strong> zur\u00fcckfordern, unser vertrauensw\u00fcrdiges Rechtsteam sorgt f\u00fcr Compliance und Sicherheit.<\/p><p>Bei <strong data-start=\"1337\" data-end=\"1360\">Fuster &amp; Associates<\/strong> sind wir darauf spezialisiert, internationalen Mandanten bei der <strong data-start=\"1409\" data-end=\"1438\">Navigation durch die spanischen Steuergesetze<\/strong> zu helfen, die Rendite zu maximieren und den \u00c4rger zu minimieren. <strong data-start=\"1482\" data-end=\"1513\">Buchen Sie noch heute Ihre kostenlose Beratung<\/strong> und vereinfachen Sie Ihre Grundsteuerverwaltung in Spanien.<\/p>\t\t\t\t\t\t\t\t<\/div>\n\t\t\t\t<div class=\"elementor-element elementor-element-f9b2e21 elementor-icon-list--layout-traditional elementor-list-item-link-full_width elementor-invisible elementor-widget elementor-widget-icon-list\" data-id=\"f9b2e21\" data-element_type=\"widget\" data-e-type=\"widget\" data-settings=\"{&quot;_animation&quot;:&quot;fadeIn&quot;}\" data-widget_type=\"icon-list.default\">\n\t\t\t\t\t\t\t<ul class=\"elementor-icon-list-items\">\n\t\t\t\t\t\t\t<li class=\"elementor-icon-list-item\">\n\t\t\t\t\t\t\t\t\t\t\t<a href=\"https:\/\/fuster-associates.com\/services\/tax-services\/non-resident-tax-services\/non-resident-tax-return\/\">\n\n\t\t\t\t\t\t\t\t\t\t\t\t<span class=\"elementor-icon-list-icon\">\n\t\t\t\t\t\t\t<svg aria-hidden=\"true\" class=\"e-font-icon-svg e-fas-caret-right\" viewBox=\"0 0 192 512\" xmlns=\"http:\/\/www.w3.org\/2000\/svg\"><path d=\"M0 384.662V127.338c0-17.818 21.543-26.741 34.142-14.142l128.662 128.662c7.81 7.81 7.81 20.474 0 28.284L34.142 398.804C21.543 411.404 0 402.48 0 384.662z\"><\/path><\/svg>\t\t\t\t\t\t<\/span>\n\t\t\t\t\t\t\t\t\t\t<span class=\"elementor-icon-list-text\">Steuererkl\u00e4rung F\u00fcr Nichtans\u00e4ssige<\/span>\n\t\t\t\t\t\t\t\t\t\t\t<\/a>\n\t\t\t\t\t\t\t\t\t<\/li>\n\t\t\t\t\t\t\t\t<li class=\"elementor-icon-list-item\">\n\t\t\t\t\t\t\t\t\t\t\t<a href=\"https:\/\/fuster-associates.com\/services\/tax-services\/non-resident-tax-services\/rental-income-declaration\/\">\n\n\t\t\t\t\t\t\t\t\t\t\t\t<span class=\"elementor-icon-list-icon\">\n\t\t\t\t\t\t\t<svg aria-hidden=\"true\" class=\"e-font-icon-svg e-fas-caret-right\" viewBox=\"0 0 192 512\" xmlns=\"http:\/\/www.w3.org\/2000\/svg\"><path d=\"M0 384.662V127.338c0-17.818 21.543-26.741 34.142-14.142l128.662 128.662c7.81 7.81 7.81 20.474 0 28.284L34.142 398.804C21.543 411.404 0 402.48 0 384.662z\"><\/path><\/svg>\t\t\t\t\t\t<\/span>\n\t\t\t\t\t\t\t\t\t\t<span class=\"elementor-icon-list-text\">Mieteinkommenserkl\u00e4rung<\/span>\n\t\t\t\t\t\t\t\t\t\t\t<\/a>\n\t\t\t\t\t\t\t\t\t<\/li>\n\t\t\t\t\t\t\t\t<li class=\"elementor-icon-list-item\">\n\t\t\t\t\t\t\t\t\t\t\t<a href=\"https:\/\/fuster-associates.com\/blog\/second-homes-account-for-13-of-spanish-property-purchases\/\">\n\n\t\t\t\t\t\t\t\t\t\t\t\t<span class=\"elementor-icon-list-icon\">\n\t\t\t\t\t\t\t<svg aria-hidden=\"true\" class=\"e-font-icon-svg e-fas-caret-right\" viewBox=\"0 0 192 512\" xmlns=\"http:\/\/www.w3.org\/2000\/svg\"><path d=\"M0 384.662V127.338c0-17.818 21.543-26.741 34.142-14.142l128.662 128.662c7.81 7.81 7.81 20.474 0 28.284L34.142 398.804C21.543 411.404 0 402.48 0 384.662z\"><\/path><\/svg>\t\t\t\t\t\t<\/span>\n\t\t\t\t\t\t\t\t\t\t<span class=\"elementor-icon-list-text\">Erstattung Der 3% Quellensteuer<\/span>\n\t\t\t\t\t\t\t\t\t\t\t<\/a>\n\t\t\t\t\t\t\t\t\t<\/li>\n\t\t\t\t\t\t<\/ul>\n\t\t\t\t\t\t<\/div>\n\t\t\t\t\t<\/div>\n\t\t\t\t<\/div>\n\t\t\t\t<\/div>\n\t\t","protected":false},"excerpt":{"rendered":"<p>Machen Sie spanische Steuern einfach: Expertenhilfe f\u00fcr Nicht-Residenten Schalten Sie fachkundige Unterst\u00fctzung f\u00fcr alle Ihre steuerlichen Verpflichtungen f\u00fcr spanische Nichtans\u00e4ssige frei. Ganz gleich, ob Sie Mieteinnahmen deklarieren, eine Steuererkl\u00e4rung f\u00fcr Gebietsfremde einreichen oder die Quellensteuer von 3 % zur\u00fcckfordern, unser vertrauensw\u00fcrdiges Rechtsteam sorgt f\u00fcr Compliance und Sicherheit. Bei Fuster &amp; Associates sind wir darauf spezialisiert, [&hellip;]<\/p>\n","protected":false},"author":7,"featured_media":0,"parent":28644,"menu_order":0,"comment_status":"closed","ping_status":"closed","template":"","meta":{"content-type":"","_sitemap_exclude":false,"_sitemap_priority":"","_sitemap_frequency":"","footnotes":""},"class_list":["post-33866","page","type-page","status-publish","hentry"],"yoast_head":"<!-- This site is optimized with the Yoast SEO plugin v27.4 - https:\/\/yoast.com\/product\/yoast-seo-wordpress\/ -->\n<title>Steuerhilfe f\u00fcr Nichtans\u00e4ssige in Spanien \u2013 Fuster &amp; Associates<\/title>\n<meta name=\"description\" content=\"Vereinfachen Sie Ihre spanische Steuererkl\u00e4rung als Nichtans\u00e4ssiger mit fachkundiger rechtlicher Unterst\u00fctzung und klaren Anleitungen. Buchen Sie jetzt Ihre kostenlose Beratung.\" \/>\n<meta name=\"robots\" content=\"index, follow, max-snippet:-1, max-image-preview:large, max-video-preview:-1\" \/>\n<link rel=\"canonical\" href=\"https:\/\/fuster-associates.com\/de\/dienstleistungen\/steuerdienstleistungen\/steuerdienstleistungen-fuer-nichtansaessige\/\" \/>\n<meta property=\"og:locale\" content=\"de_DE\" \/>\n<meta property=\"og:type\" content=\"article\" \/>\n<meta property=\"og:title\" content=\"Steuerhilfe f\u00fcr Nichtans\u00e4ssige in Spanien \u2013 Fuster &amp; Associates\" \/>\n<meta property=\"og:description\" content=\"Vereinfachen Sie Ihre spanische Steuererkl\u00e4rung als Nichtans\u00e4ssiger mit fachkundiger rechtlicher Unterst\u00fctzung und klaren Anleitungen. Buchen Sie jetzt Ihre kostenlose Beratung.\" \/>\n<meta property=\"og:url\" content=\"https:\/\/fuster-associates.com\/de\/dienstleistungen\/steuerdienstleistungen\/steuerdienstleistungen-fuer-nichtansaessige\/\" \/>\n<meta property=\"og:site_name\" content=\"Fuster &amp; Associates\" \/>\n<meta property=\"article:publisher\" content=\"https:\/\/www.facebook.com\/fusterspain\/\" \/>\n<meta property=\"article:modified_time\" content=\"2025-09-09T11:51:21+00:00\" \/>\n<meta property=\"og:image\" content=\"https:\/\/fuster-associates.com\/wp-content\/uploads\/2020\/02\/slide-fuster-standard.jpg\" \/>\n\t<meta property=\"og:image:width\" content=\"1920\" \/>\n\t<meta property=\"og:image:height\" content=\"1280\" \/>\n\t<meta property=\"og:image:type\" content=\"image\/jpeg\" \/>\n<meta name=\"twitter:card\" content=\"summary_large_image\" \/>\n<meta name=\"twitter:site\" content=\"@FusterSpain\" \/>\n<script type=\"application\/ld+json\" class=\"yoast-schema-graph\">{\"@context\":\"https:\\\/\\\/schema.org\",\"@graph\":[{\"@type\":\"WebPage\",\"@id\":\"https:\\\/\\\/fuster-associates.com\\\/de\\\/dienstleistungen\\\/steuerdienstleistungen\\\/steuerdienstleistungen-fuer-nichtansaessige\\\/\",\"url\":\"https:\\\/\\\/fuster-associates.com\\\/de\\\/dienstleistungen\\\/steuerdienstleistungen\\\/steuerdienstleistungen-fuer-nichtansaessige\\\/\",\"name\":\"Steuerhilfe f\u00fcr Nichtans\u00e4ssige in Spanien \u2013 Fuster & Associates\",\"isPartOf\":{\"@id\":\"https:\\\/\\\/fuster-associates.com\\\/de\\\/#website\"},\"datePublished\":\"2025-09-09T07:11:15+00:00\",\"dateModified\":\"2025-09-09T11:51:21+00:00\",\"description\":\"Vereinfachen Sie Ihre spanische Steuererkl\u00e4rung als Nichtans\u00e4ssiger mit fachkundiger rechtlicher Unterst\u00fctzung und klaren Anleitungen. Buchen Sie jetzt Ihre kostenlose Beratung.\",\"breadcrumb\":{\"@id\":\"https:\\\/\\\/fuster-associates.com\\\/de\\\/dienstleistungen\\\/steuerdienstleistungen\\\/steuerdienstleistungen-fuer-nichtansaessige\\\/#breadcrumb\"},\"inLanguage\":\"de\",\"potentialAction\":[{\"@type\":\"ReadAction\",\"target\":[\"https:\\\/\\\/fuster-associates.com\\\/de\\\/dienstleistungen\\\/steuerdienstleistungen\\\/steuerdienstleistungen-fuer-nichtansaessige\\\/\"]}]},{\"@type\":\"BreadcrumbList\",\"@id\":\"https:\\\/\\\/fuster-associates.com\\\/de\\\/dienstleistungen\\\/steuerdienstleistungen\\\/steuerdienstleistungen-fuer-nichtansaessige\\\/#breadcrumb\",\"itemListElement\":[{\"@type\":\"ListItem\",\"position\":1,\"name\":\"Home\",\"item\":\"https:\\\/\\\/fuster-associates.com\\\/de\\\/\"},{\"@type\":\"ListItem\",\"position\":2,\"name\":\"Dienstleistungen\",\"item\":\"https:\\\/\\\/fuster-associates.com\\\/de\\\/services\\\/\"},{\"@type\":\"ListItem\",\"position\":3,\"name\":\"Steuerdienstleistungen\",\"item\":\"https:\\\/\\\/fuster-associates.com\\\/de\\\/services\\\/tax-services\\\/\"},{\"@type\":\"ListItem\",\"position\":4,\"name\":\"Steuerdienstleistungen F\u00fcr Nichtans\u00e4ssige\"}]},{\"@type\":\"WebSite\",\"@id\":\"https:\\\/\\\/fuster-associates.com\\\/de\\\/#website\",\"url\":\"https:\\\/\\\/fuster-associates.com\\\/de\\\/\",\"name\":\"Fuster & Associates\",\"description\":\"Property Solicitors\",\"publisher\":{\"@id\":\"https:\\\/\\\/fuster-associates.com\\\/de\\\/#organization\"},\"potentialAction\":[{\"@type\":\"SearchAction\",\"target\":{\"@type\":\"EntryPoint\",\"urlTemplate\":\"https:\\\/\\\/fuster-associates.com\\\/de\\\/?s={search_term_string}\"},\"query-input\":{\"@type\":\"PropertyValueSpecification\",\"valueRequired\":true,\"valueName\":\"search_term_string\"}}],\"inLanguage\":\"de\"},{\"@type\":\"Organization\",\"@id\":\"https:\\\/\\\/fuster-associates.com\\\/de\\\/#organization\",\"name\":\"FUSTER & ASSOCIATES\",\"url\":\"https:\\\/\\\/fuster-associates.com\\\/de\\\/\",\"logo\":{\"@type\":\"ImageObject\",\"inLanguage\":\"de\",\"@id\":\"https:\\\/\\\/fuster-associates.com\\\/de\\\/#\\\/schema\\\/logo\\\/image\\\/\",\"url\":\"https:\\\/\\\/fuster-associates.com\\\/wp-content\\\/uploads\\\/2018\\\/08\\\/logo-fuster-1.jpeg\",\"contentUrl\":\"https:\\\/\\\/fuster-associates.com\\\/wp-content\\\/uploads\\\/2018\\\/08\\\/logo-fuster-1.jpeg\",\"width\":180,\"height\":113,\"caption\":\"FUSTER & ASSOCIATES\"},\"image\":{\"@id\":\"https:\\\/\\\/fuster-associates.com\\\/de\\\/#\\\/schema\\\/logo\\\/image\\\/\"},\"sameAs\":[\"https:\\\/\\\/www.facebook.com\\\/fusterspain\\\/\",\"https:\\\/\\\/x.com\\\/FusterSpain\",\"https:\\\/\\\/www.youtube.com\\\/channel\\\/UC2-kNuL1SoqlFizI47hmIOQ\",\"https:\\\/\\\/www.linkedin.com\\\/company\\\/fuster-&-associates\\\/\"]}]}<\/script>\n<!-- \/ Yoast SEO plugin. -->","yoast_head_json":{"title":"Steuerhilfe f\u00fcr Nichtans\u00e4ssige in Spanien \u2013 Fuster & Associates","description":"Vereinfachen Sie Ihre spanische Steuererkl\u00e4rung als Nichtans\u00e4ssiger mit fachkundiger rechtlicher Unterst\u00fctzung und klaren Anleitungen. Buchen Sie jetzt Ihre kostenlose Beratung.","robots":{"index":"index","follow":"follow","max-snippet":"max-snippet:-1","max-image-preview":"max-image-preview:large","max-video-preview":"max-video-preview:-1"},"canonical":"https:\/\/fuster-associates.com\/de\/dienstleistungen\/steuerdienstleistungen\/steuerdienstleistungen-fuer-nichtansaessige\/","og_locale":"de_DE","og_type":"article","og_title":"Steuerhilfe f\u00fcr Nichtans\u00e4ssige in Spanien \u2013 Fuster & Associates","og_description":"Vereinfachen Sie Ihre spanische Steuererkl\u00e4rung als Nichtans\u00e4ssiger mit fachkundiger rechtlicher Unterst\u00fctzung und klaren Anleitungen. Buchen Sie jetzt Ihre kostenlose Beratung.","og_url":"https:\/\/fuster-associates.com\/de\/dienstleistungen\/steuerdienstleistungen\/steuerdienstleistungen-fuer-nichtansaessige\/","og_site_name":"Fuster &amp; Associates","article_publisher":"https:\/\/www.facebook.com\/fusterspain\/","article_modified_time":"2025-09-09T11:51:21+00:00","og_image":[{"width":1920,"height":1280,"url":"https:\/\/fuster-associates.com\/wp-content\/uploads\/2020\/02\/slide-fuster-standard.jpg","type":"image\/jpeg"}],"twitter_card":"summary_large_image","twitter_site":"@FusterSpain","schema":{"@context":"https:\/\/schema.org","@graph":[{"@type":"WebPage","@id":"https:\/\/fuster-associates.com\/de\/dienstleistungen\/steuerdienstleistungen\/steuerdienstleistungen-fuer-nichtansaessige\/","url":"https:\/\/fuster-associates.com\/de\/dienstleistungen\/steuerdienstleistungen\/steuerdienstleistungen-fuer-nichtansaessige\/","name":"Steuerhilfe f\u00fcr Nichtans\u00e4ssige in Spanien \u2013 Fuster & Associates","isPartOf":{"@id":"https:\/\/fuster-associates.com\/de\/#website"},"datePublished":"2025-09-09T07:11:15+00:00","dateModified":"2025-09-09T11:51:21+00:00","description":"Vereinfachen Sie Ihre spanische Steuererkl\u00e4rung als Nichtans\u00e4ssiger mit fachkundiger rechtlicher Unterst\u00fctzung und klaren Anleitungen. Buchen Sie jetzt Ihre kostenlose Beratung.","breadcrumb":{"@id":"https:\/\/fuster-associates.com\/de\/dienstleistungen\/steuerdienstleistungen\/steuerdienstleistungen-fuer-nichtansaessige\/#breadcrumb"},"inLanguage":"de","potentialAction":[{"@type":"ReadAction","target":["https:\/\/fuster-associates.com\/de\/dienstleistungen\/steuerdienstleistungen\/steuerdienstleistungen-fuer-nichtansaessige\/"]}]},{"@type":"BreadcrumbList","@id":"https:\/\/fuster-associates.com\/de\/dienstleistungen\/steuerdienstleistungen\/steuerdienstleistungen-fuer-nichtansaessige\/#breadcrumb","itemListElement":[{"@type":"ListItem","position":1,"name":"Home","item":"https:\/\/fuster-associates.com\/de\/"},{"@type":"ListItem","position":2,"name":"Dienstleistungen","item":"https:\/\/fuster-associates.com\/de\/services\/"},{"@type":"ListItem","position":3,"name":"Steuerdienstleistungen","item":"https:\/\/fuster-associates.com\/de\/services\/tax-services\/"},{"@type":"ListItem","position":4,"name":"Steuerdienstleistungen F\u00fcr Nichtans\u00e4ssige"}]},{"@type":"WebSite","@id":"https:\/\/fuster-associates.com\/de\/#website","url":"https:\/\/fuster-associates.com\/de\/","name":"Fuster & Associates","description":"Property Solicitors","publisher":{"@id":"https:\/\/fuster-associates.com\/de\/#organization"},"potentialAction":[{"@type":"SearchAction","target":{"@type":"EntryPoint","urlTemplate":"https:\/\/fuster-associates.com\/de\/?s={search_term_string}"},"query-input":{"@type":"PropertyValueSpecification","valueRequired":true,"valueName":"search_term_string"}}],"inLanguage":"de"},{"@type":"Organization","@id":"https:\/\/fuster-associates.com\/de\/#organization","name":"FUSTER & ASSOCIATES","url":"https:\/\/fuster-associates.com\/de\/","logo":{"@type":"ImageObject","inLanguage":"de","@id":"https:\/\/fuster-associates.com\/de\/#\/schema\/logo\/image\/","url":"https:\/\/fuster-associates.com\/wp-content\/uploads\/2018\/08\/logo-fuster-1.jpeg","contentUrl":"https:\/\/fuster-associates.com\/wp-content\/uploads\/2018\/08\/logo-fuster-1.jpeg","width":180,"height":113,"caption":"FUSTER & ASSOCIATES"},"image":{"@id":"https:\/\/fuster-associates.com\/de\/#\/schema\/logo\/image\/"},"sameAs":["https:\/\/www.facebook.com\/fusterspain\/","https:\/\/x.com\/FusterSpain","https:\/\/www.youtube.com\/channel\/UC2-kNuL1SoqlFizI47hmIOQ","https:\/\/www.linkedin.com\/company\/fuster-&-associates\/"]}]}},"_links":{"self":[{"href":"https:\/\/fuster-associates.com\/de\/wp-json\/wp\/v2\/pages\/33866","targetHints":{"allow":["GET"]}}],"collection":[{"href":"https:\/\/fuster-associates.com\/de\/wp-json\/wp\/v2\/pages"}],"about":[{"href":"https:\/\/fuster-associates.com\/de\/wp-json\/wp\/v2\/types\/page"}],"author":[{"embeddable":true,"href":"https:\/\/fuster-associates.com\/de\/wp-json\/wp\/v2\/users\/7"}],"replies":[{"embeddable":true,"href":"https:\/\/fuster-associates.com\/de\/wp-json\/wp\/v2\/comments?post=33866"}],"version-history":[{"count":3,"href":"https:\/\/fuster-associates.com\/de\/wp-json\/wp\/v2\/pages\/33866\/revisions"}],"predecessor-version":[{"id":33991,"href":"https:\/\/fuster-associates.com\/de\/wp-json\/wp\/v2\/pages\/33866\/revisions\/33991"}],"up":[{"embeddable":true,"href":"https:\/\/fuster-associates.com\/de\/wp-json\/wp\/v2\/pages\/28644"}],"wp:attachment":[{"href":"https:\/\/fuster-associates.com\/de\/wp-json\/wp\/v2\/media?parent=33866"}],"curies":[{"name":"wp","href":"https:\/\/api.w.org\/{rel}","templated":true}]}}