{"id":33837,"date":"2025-09-09T09:01:24","date_gmt":"2025-09-09T07:01:24","guid":{"rendered":"https:\/\/fuster-associates.com\/dienstleistungen\/steuerdienstleistungen\/grundsteuerdienstleistungen\/"},"modified":"2025-09-09T09:01:45","modified_gmt":"2025-09-09T07:01:45","slug":"grundsteuerdienstleistungen","status":"publish","type":"page","link":"https:\/\/fuster-associates.com\/de\/dienstleistungen\/steuerdienstleistungen\/grundsteuerdienstleistungen\/","title":{"rendered":"Grundsteuerdienstleistungen"},"content":{"rendered":"\t\t<div data-elementor-type=\"wp-page\" data-elementor-id=\"33837\" class=\"elementor elementor-33837 elementor-24046\" data-elementor-post-type=\"page\">\n\t\t\t\t<div class=\"elementor-element elementor-element-e3a38ab e-flex e-con-boxed e-con e-parent\" data-id=\"e3a38ab\" data-element_type=\"container\" data-e-type=\"container\" data-settings=\"{&quot;background_background&quot;:&quot;classic&quot;}\">\n\t\t\t\t\t<div class=\"e-con-inner\">\n\t\t\t\t<div class=\"elementor-element elementor-element-3e334101 elementor-invisible elementor-widget elementor-widget-heading\" data-id=\"3e334101\" data-element_type=\"widget\" data-e-type=\"widget\" data-settings=\"{&quot;_animation&quot;:&quot;fadeInDown&quot;}\" data-widget_type=\"heading.default\">\n\t\t\t\t\t<h1 class=\"elementor-heading-title elementor-size-default\">Grundsteuerdienstleistungen<\/h1>\t\t\t\t<\/div>\n\t\t\t\t<div class=\"elementor-element elementor-element-57c792b elementor-invisible elementor-widget elementor-widget-breadcrumbs\" data-id=\"57c792b\" data-element_type=\"widget\" data-e-type=\"widget\" data-settings=\"{&quot;_animation&quot;:&quot;fadeInUp&quot;}\" data-widget_type=\"breadcrumbs.default\">\n\t\t\t\t\t<p id=\"breadcrumbs\"><span><span><a href=\"https:\/\/fuster-associates.com\/de\/\">Home<\/a><\/span><\/span><\/p>\t\t\t\t<\/div>\n\t\t\t\t\t<\/div>\n\t\t\t\t<\/div>\n\t\t<div class=\"elementor-element elementor-element-fa95aca e-flex e-con-boxed e-con e-parent\" data-id=\"fa95aca\" data-element_type=\"container\" data-e-type=\"container\">\n\t\t\t\t\t<div class=\"e-con-inner\">\n\t\t\t\t<div class=\"elementor-element elementor-element-831c963 elementor-invisible elementor-widget elementor-widget-heading\" data-id=\"831c963\" data-element_type=\"widget\" data-e-type=\"widget\" data-settings=\"{&quot;_animation&quot;:&quot;fadeIn&quot;,&quot;_animation_laptop&quot;:&quot;fadeIn&quot;}\" data-widget_type=\"heading.default\">\n\t\t\t\t\t<h2 class=\"elementor-heading-title elementor-size-default\">Rechtliche Unterst\u00fctzung bei Ihrer Grundsteuer in Spanien<\/h2>\t\t\t\t<\/div>\n\t\t\t\t<div class=\"elementor-element elementor-element-717fc31 elementor-invisible elementor-widget elementor-widget-text-editor\" data-id=\"717fc31\" data-element_type=\"widget\" data-e-type=\"widget\" data-settings=\"{&quot;_animation&quot;:&quot;fadeIn&quot;,&quot;_animation_laptop&quot;:&quot;fadeIn&quot;}\" data-widget_type=\"text-editor.default\">\n\t\t\t\t\t\t\t\t\t<p data-start=\"119\" data-end=\"367\">Das Verst\u00e4ndnis der Grundsteuern in Spanien \u00f6ffnet die T\u00fcr zu intelligenteren Immobilienentscheidungen. Bei Fuster &amp; Associates bieten wir <strong data-start=\"241\" data-end=\"266\">fachkundige Rechtsberatung<\/strong> zu wichtigen Steuern wie IBI (Local Property Tax), Erbschafts- und Schenkungssteuer und Grunderwerbssteuer. <\/p><p data-start=\"369\" data-end=\"633\">Unabh\u00e4ngig davon, ob Sie eine Immobilie kaufen, erben oder erhalten, unser Team sorgt f\u00fcr <strong data-start=\"446\" data-end=\"486\">die vollst\u00e4ndige Einhaltung des spanischen Steuerrechts<\/strong> und hilft Ihnen, <strong data-start=\"500\" data-end=\"545\">die Effizienz zu maximieren und zus\u00e4tzliche Kosten zu vermeiden<\/strong>. Verlassen Sie sich darauf, dass wir Ihren Immobiliensteuerprozess <strong data-start=\"598\" data-end=\"632\">klar, reibungslos und stressfrei<\/strong> gestalten. <\/p>\t\t\t\t\t\t\t\t<\/div>\n\t\t\t\t\t<\/div>\n\t\t\t\t<\/div>\n\t\t<div class=\"elementor-element elementor-element-3d58d2b e-flex e-con-boxed e-con e-parent\" data-id=\"3d58d2b\" data-element_type=\"container\" data-e-type=\"container\">\n\t\t\t\t\t<div class=\"e-con-inner\">\n\t\t\t\t<div class=\"elementor-element elementor-element-6284e0a elementor-icon-list--layout-traditional elementor-list-item-link-full_width elementor-widget elementor-widget-icon-list\" data-id=\"6284e0a\" data-element_type=\"widget\" data-e-type=\"widget\" data-widget_type=\"icon-list.default\">\n\t\t\t\t\t\t\t<ul class=\"elementor-icon-list-items\">\n\t\t\t\t\t\t\t<li class=\"elementor-icon-list-item\">\n\t\t\t\t\t\t\t\t\t\t\t<a href=\"https:\/\/fuster-associates.com\/services\/tax-services\/property-tax-services\/property-transfer-tax\/\">\n\n\t\t\t\t\t\t\t\t\t\t\t\t<span class=\"elementor-icon-list-icon\">\n\t\t\t\t\t\t\t<svg aria-hidden=\"true\" class=\"e-font-icon-svg e-fas-caret-right\" viewBox=\"0 0 192 512\" xmlns=\"http:\/\/www.w3.org\/2000\/svg\"><path d=\"M0 384.662V127.338c0-17.818 21.543-26.741 34.142-14.142l128.662 128.662c7.81 7.81 7.81 20.474 0 28.284L34.142 398.804C21.543 411.404 0 402.48 0 384.662z\"><\/path><\/svg>\t\t\t\t\t\t<\/span>\n\t\t\t\t\t\t\t\t\t\t<span class=\"elementor-icon-list-text\">Grunderwerbsteuer<\/span>\n\t\t\t\t\t\t\t\t\t\t\t<\/a>\n\t\t\t\t\t\t\t\t\t<\/li>\n\t\t\t\t\t\t\t\t<li class=\"elementor-icon-list-item\">\n\t\t\t\t\t\t\t\t\t\t\t<a href=\"https:\/\/fuster-associates.com\/services\/tax-services\/property-tax-services\/inheritance-and-gifts-tax\/\">\n\n\t\t\t\t\t\t\t\t\t\t\t\t<span class=\"elementor-icon-list-icon\">\n\t\t\t\t\t\t\t<svg aria-hidden=\"true\" class=\"e-font-icon-svg e-fas-caret-right\" viewBox=\"0 0 192 512\" xmlns=\"http:\/\/www.w3.org\/2000\/svg\"><path d=\"M0 384.662V127.338c0-17.818 21.543-26.741 34.142-14.142l128.662 128.662c7.81 7.81 7.81 20.474 0 28.284L34.142 398.804C21.543 411.404 0 402.48 0 384.662z\"><\/path><\/svg>\t\t\t\t\t\t<\/span>\n\t\t\t\t\t\t\t\t\t\t<span class=\"elementor-icon-list-text\">Erbschafts- Und Schenkungssteuer<\/span>\n\t\t\t\t\t\t\t\t\t\t\t<\/a>\n\t\t\t\t\t\t\t\t\t<\/li>\n\t\t\t\t\t\t\t\t<li class=\"elementor-icon-list-item\">\n\t\t\t\t\t\t\t\t\t\t\t<a href=\"https:\/\/fuster-associates.com\/services\/tax-services\/property-tax-services\/ibi\/\">\n\n\t\t\t\t\t\t\t\t\t\t\t\t<span class=\"elementor-icon-list-icon\">\n\t\t\t\t\t\t\t<svg aria-hidden=\"true\" class=\"e-font-icon-svg e-fas-caret-right\" viewBox=\"0 0 192 512\" xmlns=\"http:\/\/www.w3.org\/2000\/svg\"><path d=\"M0 384.662V127.338c0-17.818 21.543-26.741 34.142-14.142l128.662 128.662c7.81 7.81 7.81 20.474 0 28.284L34.142 398.804C21.543 411.404 0 402.48 0 384.662z\"><\/path><\/svg>\t\t\t\t\t\t<\/span>\n\t\t\t\t\t\t\t\t\t\t<span class=\"elementor-icon-list-text\">IBI<\/span>\n\t\t\t\t\t\t\t\t\t\t\t<\/a>\n\t\t\t\t\t\t\t\t\t<\/li>\n\t\t\t\t\t\t<\/ul>\n\t\t\t\t\t\t<\/div>\n\t\t\t\t\t<\/div>\n\t\t\t\t<\/div>\n\t\t\t\t<\/div>\n\t\t","protected":false},"excerpt":{"rendered":"<p>Rechtliche Unterst\u00fctzung bei Ihrer Grundsteuer in Spanien Das Verst\u00e4ndnis der Grundsteuern in Spanien \u00f6ffnet die T\u00fcr zu intelligenteren Immobilienentscheidungen. Bei Fuster &amp; Associates bieten wir fachkundige Rechtsberatung zu wichtigen Steuern wie IBI (Local Property Tax), Erbschafts- und Schenkungssteuer und Grunderwerbssteuer. Unabh\u00e4ngig davon, ob Sie eine Immobilie kaufen, erben oder erhalten, unser Team sorgt f\u00fcr die [&hellip;]<\/p>\n","protected":false},"author":7,"featured_media":0,"parent":28644,"menu_order":0,"comment_status":"closed","ping_status":"closed","template":"","meta":{"content-type":"","_sitemap_exclude":false,"_sitemap_priority":"","_sitemap_frequency":"","footnotes":""},"class_list":["post-33837","page","type-page","status-publish","hentry"],"yoast_head":"<!-- This site is optimized with the Yoast SEO plugin v27.4 - https:\/\/yoast.com\/product\/yoast-seo-wordpress\/ -->\n<title>Immobiliensteuerdienstleistungen in Spanien \u2013 Fuster &amp; Associates<\/title>\n<meta name=\"description\" content=\"Kompetente Beratung zu Immobiliensteuern in Spanien: IBI, Erbschafts- und \u00dcbertragungssteuern. Ma\u00dfgeschneidert f\u00fcr ausl\u00e4ndische Hausbesitzer und K\u00e4ufer.\" \/>\n<meta name=\"robots\" content=\"index, follow, max-snippet:-1, max-image-preview:large, max-video-preview:-1\" \/>\n<link rel=\"canonical\" href=\"https:\/\/fuster-associates.com\/de\/dienstleistungen\/steuerdienstleistungen\/grundsteuerdienstleistungen\/\" \/>\n<meta property=\"og:locale\" content=\"de_DE\" \/>\n<meta property=\"og:type\" content=\"article\" \/>\n<meta property=\"og:title\" content=\"Immobiliensteuerdienstleistungen in Spanien \u2013 Fuster &amp; Associates\" \/>\n<meta property=\"og:description\" content=\"Kompetente Beratung zu Immobiliensteuern in Spanien: IBI, Erbschafts- und \u00dcbertragungssteuern. Ma\u00dfgeschneidert f\u00fcr ausl\u00e4ndische Hausbesitzer und K\u00e4ufer.\" \/>\n<meta property=\"og:url\" content=\"https:\/\/fuster-associates.com\/de\/dienstleistungen\/steuerdienstleistungen\/grundsteuerdienstleistungen\/\" \/>\n<meta property=\"og:site_name\" content=\"Fuster &amp; Associates\" \/>\n<meta property=\"article:publisher\" content=\"https:\/\/www.facebook.com\/fusterspain\/\" \/>\n<meta property=\"article:modified_time\" content=\"2025-09-09T07:01:45+00:00\" \/>\n<meta property=\"og:image\" content=\"https:\/\/fuster-associates.com\/wp-content\/uploads\/2020\/02\/slide-fuster-standard.jpg\" \/>\n\t<meta property=\"og:image:width\" content=\"1920\" \/>\n\t<meta property=\"og:image:height\" content=\"1280\" \/>\n\t<meta property=\"og:image:type\" content=\"image\/jpeg\" \/>\n<meta name=\"twitter:card\" content=\"summary_large_image\" \/>\n<meta name=\"twitter:site\" content=\"@FusterSpain\" \/>\n<script type=\"application\/ld+json\" class=\"yoast-schema-graph\">{\"@context\":\"https:\\\/\\\/schema.org\",\"@graph\":[{\"@type\":\"WebPage\",\"@id\":\"https:\\\/\\\/fuster-associates.com\\\/de\\\/dienstleistungen\\\/steuerdienstleistungen\\\/grundsteuerdienstleistungen\\\/\",\"url\":\"https:\\\/\\\/fuster-associates.com\\\/de\\\/dienstleistungen\\\/steuerdienstleistungen\\\/grundsteuerdienstleistungen\\\/\",\"name\":\"Immobiliensteuerdienstleistungen in Spanien \u2013 Fuster & Associates\",\"isPartOf\":{\"@id\":\"https:\\\/\\\/fuster-associates.com\\\/de\\\/#website\"},\"datePublished\":\"2025-09-09T07:01:24+00:00\",\"dateModified\":\"2025-09-09T07:01:45+00:00\",\"description\":\"Kompetente Beratung zu Immobiliensteuern in Spanien: IBI, Erbschafts- und \u00dcbertragungssteuern. Ma\u00dfgeschneidert f\u00fcr ausl\u00e4ndische Hausbesitzer und K\u00e4ufer.\",\"breadcrumb\":{\"@id\":\"https:\\\/\\\/fuster-associates.com\\\/de\\\/dienstleistungen\\\/steuerdienstleistungen\\\/grundsteuerdienstleistungen\\\/#breadcrumb\"},\"inLanguage\":\"de\",\"potentialAction\":[{\"@type\":\"ReadAction\",\"target\":[\"https:\\\/\\\/fuster-associates.com\\\/de\\\/dienstleistungen\\\/steuerdienstleistungen\\\/grundsteuerdienstleistungen\\\/\"]}]},{\"@type\":\"BreadcrumbList\",\"@id\":\"https:\\\/\\\/fuster-associates.com\\\/de\\\/dienstleistungen\\\/steuerdienstleistungen\\\/grundsteuerdienstleistungen\\\/#breadcrumb\",\"itemListElement\":[{\"@type\":\"ListItem\",\"position\":1,\"name\":\"Home\",\"item\":\"https:\\\/\\\/fuster-associates.com\\\/de\\\/\"},{\"@type\":\"ListItem\",\"position\":2,\"name\":\"Dienstleistungen\",\"item\":\"https:\\\/\\\/fuster-associates.com\\\/de\\\/services\\\/\"},{\"@type\":\"ListItem\",\"position\":3,\"name\":\"Steuerdienstleistungen\",\"item\":\"https:\\\/\\\/fuster-associates.com\\\/de\\\/services\\\/tax-services\\\/\"},{\"@type\":\"ListItem\",\"position\":4,\"name\":\"Grundsteuerdienstleistungen\"}]},{\"@type\":\"WebSite\",\"@id\":\"https:\\\/\\\/fuster-associates.com\\\/de\\\/#website\",\"url\":\"https:\\\/\\\/fuster-associates.com\\\/de\\\/\",\"name\":\"Fuster & Associates\",\"description\":\"Property Solicitors\",\"publisher\":{\"@id\":\"https:\\\/\\\/fuster-associates.com\\\/de\\\/#organization\"},\"potentialAction\":[{\"@type\":\"SearchAction\",\"target\":{\"@type\":\"EntryPoint\",\"urlTemplate\":\"https:\\\/\\\/fuster-associates.com\\\/de\\\/?s={search_term_string}\"},\"query-input\":{\"@type\":\"PropertyValueSpecification\",\"valueRequired\":true,\"valueName\":\"search_term_string\"}}],\"inLanguage\":\"de\"},{\"@type\":\"Organization\",\"@id\":\"https:\\\/\\\/fuster-associates.com\\\/de\\\/#organization\",\"name\":\"FUSTER & ASSOCIATES\",\"url\":\"https:\\\/\\\/fuster-associates.com\\\/de\\\/\",\"logo\":{\"@type\":\"ImageObject\",\"inLanguage\":\"de\",\"@id\":\"https:\\\/\\\/fuster-associates.com\\\/de\\\/#\\\/schema\\\/logo\\\/image\\\/\",\"url\":\"https:\\\/\\\/fuster-associates.com\\\/wp-content\\\/uploads\\\/2018\\\/08\\\/logo-fuster-1.jpeg\",\"contentUrl\":\"https:\\\/\\\/fuster-associates.com\\\/wp-content\\\/uploads\\\/2018\\\/08\\\/logo-fuster-1.jpeg\",\"width\":180,\"height\":113,\"caption\":\"FUSTER & ASSOCIATES\"},\"image\":{\"@id\":\"https:\\\/\\\/fuster-associates.com\\\/de\\\/#\\\/schema\\\/logo\\\/image\\\/\"},\"sameAs\":[\"https:\\\/\\\/www.facebook.com\\\/fusterspain\\\/\",\"https:\\\/\\\/x.com\\\/FusterSpain\",\"https:\\\/\\\/www.youtube.com\\\/channel\\\/UC2-kNuL1SoqlFizI47hmIOQ\",\"https:\\\/\\\/www.linkedin.com\\\/company\\\/fuster-&-associates\\\/\"]}]}<\/script>\n<!-- \/ Yoast SEO plugin. -->","yoast_head_json":{"title":"Immobiliensteuerdienstleistungen in Spanien \u2013 Fuster & Associates","description":"Kompetente Beratung zu Immobiliensteuern in Spanien: IBI, Erbschafts- und \u00dcbertragungssteuern. Ma\u00dfgeschneidert f\u00fcr ausl\u00e4ndische Hausbesitzer und K\u00e4ufer.","robots":{"index":"index","follow":"follow","max-snippet":"max-snippet:-1","max-image-preview":"max-image-preview:large","max-video-preview":"max-video-preview:-1"},"canonical":"https:\/\/fuster-associates.com\/de\/dienstleistungen\/steuerdienstleistungen\/grundsteuerdienstleistungen\/","og_locale":"de_DE","og_type":"article","og_title":"Immobiliensteuerdienstleistungen in Spanien \u2013 Fuster & Associates","og_description":"Kompetente Beratung zu Immobiliensteuern in Spanien: IBI, Erbschafts- und \u00dcbertragungssteuern. Ma\u00dfgeschneidert f\u00fcr ausl\u00e4ndische Hausbesitzer und K\u00e4ufer.","og_url":"https:\/\/fuster-associates.com\/de\/dienstleistungen\/steuerdienstleistungen\/grundsteuerdienstleistungen\/","og_site_name":"Fuster &amp; Associates","article_publisher":"https:\/\/www.facebook.com\/fusterspain\/","article_modified_time":"2025-09-09T07:01:45+00:00","og_image":[{"width":1920,"height":1280,"url":"https:\/\/fuster-associates.com\/wp-content\/uploads\/2020\/02\/slide-fuster-standard.jpg","type":"image\/jpeg"}],"twitter_card":"summary_large_image","twitter_site":"@FusterSpain","schema":{"@context":"https:\/\/schema.org","@graph":[{"@type":"WebPage","@id":"https:\/\/fuster-associates.com\/de\/dienstleistungen\/steuerdienstleistungen\/grundsteuerdienstleistungen\/","url":"https:\/\/fuster-associates.com\/de\/dienstleistungen\/steuerdienstleistungen\/grundsteuerdienstleistungen\/","name":"Immobiliensteuerdienstleistungen in Spanien \u2013 Fuster & Associates","isPartOf":{"@id":"https:\/\/fuster-associates.com\/de\/#website"},"datePublished":"2025-09-09T07:01:24+00:00","dateModified":"2025-09-09T07:01:45+00:00","description":"Kompetente Beratung zu Immobiliensteuern in Spanien: IBI, Erbschafts- und \u00dcbertragungssteuern. Ma\u00dfgeschneidert f\u00fcr ausl\u00e4ndische Hausbesitzer und K\u00e4ufer.","breadcrumb":{"@id":"https:\/\/fuster-associates.com\/de\/dienstleistungen\/steuerdienstleistungen\/grundsteuerdienstleistungen\/#breadcrumb"},"inLanguage":"de","potentialAction":[{"@type":"ReadAction","target":["https:\/\/fuster-associates.com\/de\/dienstleistungen\/steuerdienstleistungen\/grundsteuerdienstleistungen\/"]}]},{"@type":"BreadcrumbList","@id":"https:\/\/fuster-associates.com\/de\/dienstleistungen\/steuerdienstleistungen\/grundsteuerdienstleistungen\/#breadcrumb","itemListElement":[{"@type":"ListItem","position":1,"name":"Home","item":"https:\/\/fuster-associates.com\/de\/"},{"@type":"ListItem","position":2,"name":"Dienstleistungen","item":"https:\/\/fuster-associates.com\/de\/services\/"},{"@type":"ListItem","position":3,"name":"Steuerdienstleistungen","item":"https:\/\/fuster-associates.com\/de\/services\/tax-services\/"},{"@type":"ListItem","position":4,"name":"Grundsteuerdienstleistungen"}]},{"@type":"WebSite","@id":"https:\/\/fuster-associates.com\/de\/#website","url":"https:\/\/fuster-associates.com\/de\/","name":"Fuster & Associates","description":"Property Solicitors","publisher":{"@id":"https:\/\/fuster-associates.com\/de\/#organization"},"potentialAction":[{"@type":"SearchAction","target":{"@type":"EntryPoint","urlTemplate":"https:\/\/fuster-associates.com\/de\/?s={search_term_string}"},"query-input":{"@type":"PropertyValueSpecification","valueRequired":true,"valueName":"search_term_string"}}],"inLanguage":"de"},{"@type":"Organization","@id":"https:\/\/fuster-associates.com\/de\/#organization","name":"FUSTER & ASSOCIATES","url":"https:\/\/fuster-associates.com\/de\/","logo":{"@type":"ImageObject","inLanguage":"de","@id":"https:\/\/fuster-associates.com\/de\/#\/schema\/logo\/image\/","url":"https:\/\/fuster-associates.com\/wp-content\/uploads\/2018\/08\/logo-fuster-1.jpeg","contentUrl":"https:\/\/fuster-associates.com\/wp-content\/uploads\/2018\/08\/logo-fuster-1.jpeg","width":180,"height":113,"caption":"FUSTER & ASSOCIATES"},"image":{"@id":"https:\/\/fuster-associates.com\/de\/#\/schema\/logo\/image\/"},"sameAs":["https:\/\/www.facebook.com\/fusterspain\/","https:\/\/x.com\/FusterSpain","https:\/\/www.youtube.com\/channel\/UC2-kNuL1SoqlFizI47hmIOQ","https:\/\/www.linkedin.com\/company\/fuster-&-associates\/"]}]}},"_links":{"self":[{"href":"https:\/\/fuster-associates.com\/de\/wp-json\/wp\/v2\/pages\/33837","targetHints":{"allow":["GET"]}}],"collection":[{"href":"https:\/\/fuster-associates.com\/de\/wp-json\/wp\/v2\/pages"}],"about":[{"href":"https:\/\/fuster-associates.com\/de\/wp-json\/wp\/v2\/types\/page"}],"author":[{"embeddable":true,"href":"https:\/\/fuster-associates.com\/de\/wp-json\/wp\/v2\/users\/7"}],"replies":[{"embeddable":true,"href":"https:\/\/fuster-associates.com\/de\/wp-json\/wp\/v2\/comments?post=33837"}],"version-history":[{"count":7,"href":"https:\/\/fuster-associates.com\/de\/wp-json\/wp\/v2\/pages\/33837\/revisions"}],"predecessor-version":[{"id":33844,"href":"https:\/\/fuster-associates.com\/de\/wp-json\/wp\/v2\/pages\/33837\/revisions\/33844"}],"up":[{"embeddable":true,"href":"https:\/\/fuster-associates.com\/de\/wp-json\/wp\/v2\/pages\/28644"}],"wp:attachment":[{"href":"https:\/\/fuster-associates.com\/de\/wp-json\/wp\/v2\/media?parent=33837"}],"curies":[{"name":"wp","href":"https:\/\/api.w.org\/{rel}","templated":true}]}}