{"id":32924,"date":"2025-09-11T09:31:12","date_gmt":"2025-09-11T07:31:12","guid":{"rendered":"https:\/\/fuster-associates.com\/?page_id=32924"},"modified":"2025-10-16T09:14:10","modified_gmt":"2025-10-16T07:14:10","slug":"eigentumsuebertragungen-erbschaften","status":"publish","type":"page","link":"https:\/\/fuster-associates.com\/de\/dienstleistungen\/testamente-erbschaften\/eigentumsuebertragungen-erbschaften\/","title":{"rendered":"Eigentums\u00fcbertragungen &amp; Erbschaften"},"content":{"rendered":"\t\t<div data-elementor-type=\"wp-page\" data-elementor-id=\"32924\" class=\"elementor elementor-32924 elementor-32922\" data-elementor-post-type=\"page\">\n\t\t\t\t<div class=\"elementor-element elementor-element-e3d1295 e-flex e-con-boxed e-con e-parent\" data-id=\"e3d1295\" data-element_type=\"container\" data-e-type=\"container\" data-settings=\"{&quot;background_background&quot;:&quot;classic&quot;}\">\n\t\t\t\t\t<div class=\"e-con-inner\">\n\t\t\t\t<div class=\"elementor-element elementor-element-2a9580f6 elementor-invisible elementor-widget elementor-widget-heading\" data-id=\"2a9580f6\" data-element_type=\"widget\" data-e-type=\"widget\" data-settings=\"{&quot;_animation&quot;:&quot;fadeInDown&quot;}\" data-widget_type=\"heading.default\">\n\t\t\t\t\t<h1 class=\"elementor-heading-title elementor-size-default\">Eigentums\u00fcbertragungen &amp; Erbschaften<\/h1>\t\t\t\t<\/div>\n\t\t\t\t<div class=\"elementor-element elementor-element-66b46217 elementor-invisible elementor-widget elementor-widget-breadcrumbs\" data-id=\"66b46217\" data-element_type=\"widget\" data-e-type=\"widget\" data-settings=\"{&quot;_animation&quot;:&quot;fadeInUp&quot;}\" data-widget_type=\"breadcrumbs.default\">\n\t\t\t\t\t<p id=\"breadcrumbs\"><span><span><a href=\"https:\/\/fuster-associates.com\/de\/\">Home<\/a><\/span><\/span><\/p>\t\t\t\t<\/div>\n\t\t\t\t\t<\/div>\n\t\t\t\t<\/div>\n\t\t<div class=\"elementor-element elementor-element-ecf56bb e-flex e-con-boxed e-con e-parent\" data-id=\"ecf56bb\" data-element_type=\"container\" data-e-type=\"container\">\n\t\t\t\t\t<div class=\"e-con-inner\">\n\t\t\t\t<div class=\"elementor-element elementor-element-3b6e5aa elementor-invisible elementor-widget elementor-widget-heading\" data-id=\"3b6e5aa\" data-element_type=\"widget\" data-e-type=\"widget\" data-settings=\"{&quot;_animation&quot;:&quot;fadeIn&quot;,&quot;_animation_laptop&quot;:&quot;fadeIn&quot;}\" data-widget_type=\"heading.default\">\n\t\t\t\t\t<h2 class=\"elementor-heading-title elementor-size-default\">Eigentums\u00fcbertragungen &amp; Erbschaften in Spanien<\/h2>\t\t\t\t<\/div>\n\t\t\t\t<div class=\"elementor-element elementor-element-5770392 elementor-invisible elementor-widget elementor-widget-text-editor\" data-id=\"5770392\" data-element_type=\"widget\" data-e-type=\"widget\" data-settings=\"{&quot;_animation&quot;:&quot;fadeIn&quot;,&quot;_animation_laptop&quot;:&quot;fadeIn&quot;}\" data-widget_type=\"text-editor.default\">\n\t\t\t\t\t\t\t\t\t<p>Bei Fuster &amp; Associates sind wir uns bewusst, dass die \u00dcbertragung von Eigentum und die Verwaltung von Erbschaften komplex sein k\u00f6nnen, insbesondere f\u00fcr internationale Mandanten, die sich im spanischen Recht zurechtfinden. Mit <g id=\"gid_0\">\u00fcber 25 Jahren Erfahrung in den Bereichen \u00dcbertragung, Grunderwerbssteuern und Erbschaftsregelungen<\/g> sorgt unser multidisziplin\u00e4res Team daf\u00fcr, dass <g id=\"gid_1\">Ihre Immobilie sicher \u00fcbertragen wird <\/g>und Ihr Verm\u00e4chtnis mit Klarheit und Integrit\u00e4t bewahrt wird. Ganz gleich, ob Sie die rechtlichen Formalit\u00e4ten des Immobilienbesitzes erledigen oder grenz\u00fcberschreitend f\u00fcr die Zukunft planen, unsere ma\u00dfgeschneiderten Dienstleistungen geben Ihnen bei jedem Schritt Sicherheit.  <\/p><p>Unser Property Transfers &amp; Inheritance Service optimiert die wichtigsten Aspekte der Nachlass- und Verm\u00f6gensplanung in Spanien, von einer effizienten Steuerabwicklung und einer nahtlosen Eigentums\u00fcbertragung bis hin zu einer strategischen Erbschaftsplanung, die auf Expatriates zugeschnitten ist. <strong>Wir f\u00fchren Sie<\/strong> durch steuerliche Aspekte wie die Grunderwerbsteuer und die Erbschaftssteuer, helfen bei der Koordination der notwendigen Unterlagen und <strong>arbeiten eng mit Ihnen zusammen<\/strong>, um die Einhaltung sowohl der lokalen Gesetze als auch Ihrer pers\u00f6nlichen Planungsziele sicherzustellen. Bei Fuster &amp; Associates sind Ihre Verm\u00f6genswerte und W\u00fcnsche in vertrauensvolle H\u00e4nde. <\/p>\t\t\t\t\t\t\t\t<\/div>\n\t\t\t\t<div class=\"elementor-element elementor-element-cd46360 elementor-icon-list--layout-traditional elementor-list-item-link-full_width elementor-widget elementor-widget-icon-list\" data-id=\"cd46360\" data-element_type=\"widget\" data-e-type=\"widget\" data-widget_type=\"icon-list.default\">\n\t\t\t\t\t\t\t<ul class=\"elementor-icon-list-items\">\n\t\t\t\t\t\t\t<li class=\"elementor-icon-list-item\">\n\t\t\t\t\t\t\t\t\t\t\t<a href=\"https:\/\/fuster-associates.com\/services\/wills-inheritance\/property-transfers-inheritance\/wills-and-inheritance\/\">\n\n\t\t\t\t\t\t\t\t\t\t\t\t<span class=\"elementor-icon-list-icon\">\n\t\t\t\t\t\t\t<svg aria-hidden=\"true\" class=\"e-font-icon-svg e-fas-caret-right\" viewBox=\"0 0 192 512\" xmlns=\"http:\/\/www.w3.org\/2000\/svg\"><path d=\"M0 384.662V127.338c0-17.818 21.543-26.741 34.142-14.142l128.662 128.662c7.81 7.81 7.81 20.474 0 28.284L34.142 398.804C21.543 411.404 0 402.48 0 384.662z\"><\/path><\/svg>\t\t\t\t\t\t<\/span>\n\t\t\t\t\t\t\t\t\t\t<span class=\"elementor-icon-list-text\">Testamente und Erbschaften<\/span>\n\t\t\t\t\t\t\t\t\t\t\t<\/a>\n\t\t\t\t\t\t\t\t\t<\/li>\n\t\t\t\t\t\t<\/ul>\n\t\t\t\t\t\t<\/div>\n\t\t\t\t\t<\/div>\n\t\t\t\t<\/div>\n\t\t\t\t<\/div>\n\t\t","protected":false},"excerpt":{"rendered":"<p>Eigentums\u00fcbertragungen &amp; Erbschaften in Spanien Bei Fuster &amp; Associates sind wir uns bewusst, dass die \u00dcbertragung von Eigentum und die Verwaltung von Erbschaften komplex sein k\u00f6nnen, insbesondere f\u00fcr internationale Mandanten, die sich im spanischen Recht zurechtfinden. Mit \u00fcber 25 Jahren Erfahrung in den Bereichen \u00dcbertragung, Grunderwerbssteuern und Erbschaftsregelungen sorgt unser multidisziplin\u00e4res Team daf\u00fcr, dass Ihre [&hellip;]<\/p>\n","protected":false},"author":8,"featured_media":0,"parent":34139,"menu_order":0,"comment_status":"closed","ping_status":"closed","template":"","meta":{"content-type":"","_sitemap_exclude":false,"_sitemap_priority":"","_sitemap_frequency":"","footnotes":""},"class_list":["post-32924","page","type-page","status-publish","hentry"],"yoast_head":"<!-- This site is optimized with the Yoast SEO plugin v27.3 - https:\/\/yoast.com\/product\/yoast-seo-wordpress\/ -->\n<title>Immobilien\u00fcbertragungen &amp; Erbschaftsdienstleistungen \u2013 Fuster &amp; Associates<\/title>\n<meta name=\"description\" content=\"Rechtliche Unterst\u00fctzung bei Immobilien\u00fcbertragungen und Erbschaften in Spanien. Wir k\u00fcmmern uns um Steuern, Formalit\u00e4ten und die vollst\u00e4ndige Registrierung.\" \/>\n<meta name=\"robots\" content=\"index, follow, max-snippet:-1, max-image-preview:large, max-video-preview:-1\" \/>\n<link rel=\"canonical\" href=\"https:\/\/fuster-associates.com\/de\/dienstleistungen\/testamente-erbschaften\/eigentumsuebertragungen-erbschaften\/\" \/>\n<meta property=\"og:locale\" content=\"de_DE\" \/>\n<meta property=\"og:type\" content=\"article\" \/>\n<meta property=\"og:title\" content=\"Immobilien\u00fcbertragungen &amp; Erbschaftsdienstleistungen \u2013 Fuster &amp; Associates\" \/>\n<meta property=\"og:description\" content=\"Rechtliche Unterst\u00fctzung bei Immobilien\u00fcbertragungen und Erbschaften in Spanien. Wir k\u00fcmmern uns um Steuern, Formalit\u00e4ten und die vollst\u00e4ndige Registrierung.\" \/>\n<meta property=\"og:url\" content=\"https:\/\/fuster-associates.com\/de\/dienstleistungen\/testamente-erbschaften\/eigentumsuebertragungen-erbschaften\/\" \/>\n<meta property=\"og:site_name\" content=\"Fuster &amp; Associates\" \/>\n<meta property=\"article:publisher\" content=\"https:\/\/www.facebook.com\/fusterspain\/\" \/>\n<meta property=\"article:modified_time\" content=\"2025-10-16T07:14:10+00:00\" \/>\n<meta property=\"og:image\" content=\"https:\/\/fuster-associates.com\/wp-content\/uploads\/2020\/02\/slide-fuster-standard.jpg\" \/>\n\t<meta property=\"og:image:width\" content=\"1920\" \/>\n\t<meta property=\"og:image:height\" content=\"1280\" \/>\n\t<meta property=\"og:image:type\" content=\"image\/jpeg\" \/>\n<meta name=\"twitter:card\" content=\"summary_large_image\" \/>\n<meta name=\"twitter:site\" content=\"@FusterSpain\" \/>\n<meta name=\"twitter:label1\" content=\"Gesch\u00e4tzte Lesezeit\" \/>\n\t<meta name=\"twitter:data1\" content=\"1\u00a0Minute\" \/>\n<script type=\"application\/ld+json\" class=\"yoast-schema-graph\">{\"@context\":\"https:\\\/\\\/schema.org\",\"@graph\":[{\"@type\":\"WebPage\",\"@id\":\"https:\\\/\\\/fuster-associates.com\\\/de\\\/dienstleistungen\\\/testamente-erbschaften\\\/eigentumsuebertragungen-erbschaften\\\/\",\"url\":\"https:\\\/\\\/fuster-associates.com\\\/de\\\/dienstleistungen\\\/testamente-erbschaften\\\/eigentumsuebertragungen-erbschaften\\\/\",\"name\":\"Immobilien\u00fcbertragungen & Erbschaftsdienstleistungen \u2013 Fuster & Associates\",\"isPartOf\":{\"@id\":\"https:\\\/\\\/fuster-associates.com\\\/de\\\/#website\"},\"datePublished\":\"2025-09-11T07:31:12+00:00\",\"dateModified\":\"2025-10-16T07:14:10+00:00\",\"description\":\"Rechtliche Unterst\u00fctzung bei Immobilien\u00fcbertragungen und Erbschaften in Spanien. Wir k\u00fcmmern uns um Steuern, Formalit\u00e4ten und die vollst\u00e4ndige Registrierung.\",\"breadcrumb\":{\"@id\":\"https:\\\/\\\/fuster-associates.com\\\/de\\\/dienstleistungen\\\/testamente-erbschaften\\\/eigentumsuebertragungen-erbschaften\\\/#breadcrumb\"},\"inLanguage\":\"de\",\"potentialAction\":[{\"@type\":\"ReadAction\",\"target\":[\"https:\\\/\\\/fuster-associates.com\\\/de\\\/dienstleistungen\\\/testamente-erbschaften\\\/eigentumsuebertragungen-erbschaften\\\/\"]}]},{\"@type\":\"BreadcrumbList\",\"@id\":\"https:\\\/\\\/fuster-associates.com\\\/de\\\/dienstleistungen\\\/testamente-erbschaften\\\/eigentumsuebertragungen-erbschaften\\\/#breadcrumb\",\"itemListElement\":[{\"@type\":\"ListItem\",\"position\":1,\"name\":\"Home\",\"item\":\"https:\\\/\\\/fuster-associates.com\\\/de\\\/\"},{\"@type\":\"ListItem\",\"position\":2,\"name\":\"Dienstleistungen\",\"item\":\"https:\\\/\\\/fuster-associates.com\\\/de\\\/services\\\/\"},{\"@type\":\"ListItem\",\"position\":3,\"name\":\"Testamente &amp; Erbschaften\",\"item\":\"https:\\\/\\\/fuster-associates.com\\\/de\\\/dienstleistungen\\\/testamente-erbschaften\\\/\"},{\"@type\":\"ListItem\",\"position\":4,\"name\":\"Eigentums\u00fcbertragungen &amp; Erbschaften\"}]},{\"@type\":\"WebSite\",\"@id\":\"https:\\\/\\\/fuster-associates.com\\\/de\\\/#website\",\"url\":\"https:\\\/\\\/fuster-associates.com\\\/de\\\/\",\"name\":\"Fuster & Associates\",\"description\":\"Property Solicitors\",\"publisher\":{\"@id\":\"https:\\\/\\\/fuster-associates.com\\\/de\\\/#organization\"},\"potentialAction\":[{\"@type\":\"SearchAction\",\"target\":{\"@type\":\"EntryPoint\",\"urlTemplate\":\"https:\\\/\\\/fuster-associates.com\\\/de\\\/?s={search_term_string}\"},\"query-input\":{\"@type\":\"PropertyValueSpecification\",\"valueRequired\":true,\"valueName\":\"search_term_string\"}}],\"inLanguage\":\"de\"},{\"@type\":\"Organization\",\"@id\":\"https:\\\/\\\/fuster-associates.com\\\/de\\\/#organization\",\"name\":\"FUSTER & ASSOCIATES\",\"url\":\"https:\\\/\\\/fuster-associates.com\\\/de\\\/\",\"logo\":{\"@type\":\"ImageObject\",\"inLanguage\":\"de\",\"@id\":\"https:\\\/\\\/fuster-associates.com\\\/de\\\/#\\\/schema\\\/logo\\\/image\\\/\",\"url\":\"https:\\\/\\\/fuster-associates.com\\\/wp-content\\\/uploads\\\/2018\\\/08\\\/logo-fuster-1.jpeg\",\"contentUrl\":\"https:\\\/\\\/fuster-associates.com\\\/wp-content\\\/uploads\\\/2018\\\/08\\\/logo-fuster-1.jpeg\",\"width\":180,\"height\":113,\"caption\":\"FUSTER & ASSOCIATES\"},\"image\":{\"@id\":\"https:\\\/\\\/fuster-associates.com\\\/de\\\/#\\\/schema\\\/logo\\\/image\\\/\"},\"sameAs\":[\"https:\\\/\\\/www.facebook.com\\\/fusterspain\\\/\",\"https:\\\/\\\/x.com\\\/FusterSpain\",\"https:\\\/\\\/www.youtube.com\\\/channel\\\/UC2-kNuL1SoqlFizI47hmIOQ\",\"https:\\\/\\\/www.linkedin.com\\\/company\\\/fuster-&-associates\\\/\"]}]}<\/script>\n<!-- \/ Yoast SEO plugin. -->","yoast_head_json":{"title":"Immobilien\u00fcbertragungen & Erbschaftsdienstleistungen \u2013 Fuster & Associates","description":"Rechtliche Unterst\u00fctzung bei Immobilien\u00fcbertragungen und Erbschaften in Spanien. Wir k\u00fcmmern uns um Steuern, Formalit\u00e4ten und die vollst\u00e4ndige Registrierung.","robots":{"index":"index","follow":"follow","max-snippet":"max-snippet:-1","max-image-preview":"max-image-preview:large","max-video-preview":"max-video-preview:-1"},"canonical":"https:\/\/fuster-associates.com\/de\/dienstleistungen\/testamente-erbschaften\/eigentumsuebertragungen-erbschaften\/","og_locale":"de_DE","og_type":"article","og_title":"Immobilien\u00fcbertragungen & Erbschaftsdienstleistungen \u2013 Fuster & Associates","og_description":"Rechtliche Unterst\u00fctzung bei Immobilien\u00fcbertragungen und Erbschaften in Spanien. Wir k\u00fcmmern uns um Steuern, Formalit\u00e4ten und die vollst\u00e4ndige Registrierung.","og_url":"https:\/\/fuster-associates.com\/de\/dienstleistungen\/testamente-erbschaften\/eigentumsuebertragungen-erbschaften\/","og_site_name":"Fuster &amp; Associates","article_publisher":"https:\/\/www.facebook.com\/fusterspain\/","article_modified_time":"2025-10-16T07:14:10+00:00","og_image":[{"width":1920,"height":1280,"url":"https:\/\/fuster-associates.com\/wp-content\/uploads\/2020\/02\/slide-fuster-standard.jpg","type":"image\/jpeg"}],"twitter_card":"summary_large_image","twitter_site":"@FusterSpain","twitter_misc":{"Gesch\u00e4tzte Lesezeit":"1\u00a0Minute"},"schema":{"@context":"https:\/\/schema.org","@graph":[{"@type":"WebPage","@id":"https:\/\/fuster-associates.com\/de\/dienstleistungen\/testamente-erbschaften\/eigentumsuebertragungen-erbschaften\/","url":"https:\/\/fuster-associates.com\/de\/dienstleistungen\/testamente-erbschaften\/eigentumsuebertragungen-erbschaften\/","name":"Immobilien\u00fcbertragungen & Erbschaftsdienstleistungen \u2013 Fuster & Associates","isPartOf":{"@id":"https:\/\/fuster-associates.com\/de\/#website"},"datePublished":"2025-09-11T07:31:12+00:00","dateModified":"2025-10-16T07:14:10+00:00","description":"Rechtliche Unterst\u00fctzung bei Immobilien\u00fcbertragungen und Erbschaften in Spanien. Wir k\u00fcmmern uns um Steuern, Formalit\u00e4ten und die vollst\u00e4ndige Registrierung.","breadcrumb":{"@id":"https:\/\/fuster-associates.com\/de\/dienstleistungen\/testamente-erbschaften\/eigentumsuebertragungen-erbschaften\/#breadcrumb"},"inLanguage":"de","potentialAction":[{"@type":"ReadAction","target":["https:\/\/fuster-associates.com\/de\/dienstleistungen\/testamente-erbschaften\/eigentumsuebertragungen-erbschaften\/"]}]},{"@type":"BreadcrumbList","@id":"https:\/\/fuster-associates.com\/de\/dienstleistungen\/testamente-erbschaften\/eigentumsuebertragungen-erbschaften\/#breadcrumb","itemListElement":[{"@type":"ListItem","position":1,"name":"Home","item":"https:\/\/fuster-associates.com\/de\/"},{"@type":"ListItem","position":2,"name":"Dienstleistungen","item":"https:\/\/fuster-associates.com\/de\/services\/"},{"@type":"ListItem","position":3,"name":"Testamente &amp; Erbschaften","item":"https:\/\/fuster-associates.com\/de\/dienstleistungen\/testamente-erbschaften\/"},{"@type":"ListItem","position":4,"name":"Eigentums\u00fcbertragungen &amp; Erbschaften"}]},{"@type":"WebSite","@id":"https:\/\/fuster-associates.com\/de\/#website","url":"https:\/\/fuster-associates.com\/de\/","name":"Fuster & Associates","description":"Property Solicitors","publisher":{"@id":"https:\/\/fuster-associates.com\/de\/#organization"},"potentialAction":[{"@type":"SearchAction","target":{"@type":"EntryPoint","urlTemplate":"https:\/\/fuster-associates.com\/de\/?s={search_term_string}"},"query-input":{"@type":"PropertyValueSpecification","valueRequired":true,"valueName":"search_term_string"}}],"inLanguage":"de"},{"@type":"Organization","@id":"https:\/\/fuster-associates.com\/de\/#organization","name":"FUSTER & ASSOCIATES","url":"https:\/\/fuster-associates.com\/de\/","logo":{"@type":"ImageObject","inLanguage":"de","@id":"https:\/\/fuster-associates.com\/de\/#\/schema\/logo\/image\/","url":"https:\/\/fuster-associates.com\/wp-content\/uploads\/2018\/08\/logo-fuster-1.jpeg","contentUrl":"https:\/\/fuster-associates.com\/wp-content\/uploads\/2018\/08\/logo-fuster-1.jpeg","width":180,"height":113,"caption":"FUSTER & ASSOCIATES"},"image":{"@id":"https:\/\/fuster-associates.com\/de\/#\/schema\/logo\/image\/"},"sameAs":["https:\/\/www.facebook.com\/fusterspain\/","https:\/\/x.com\/FusterSpain","https:\/\/www.youtube.com\/channel\/UC2-kNuL1SoqlFizI47hmIOQ","https:\/\/www.linkedin.com\/company\/fuster-&-associates\/"]}]}},"_links":{"self":[{"href":"https:\/\/fuster-associates.com\/de\/wp-json\/wp\/v2\/pages\/32924","targetHints":{"allow":["GET"]}}],"collection":[{"href":"https:\/\/fuster-associates.com\/de\/wp-json\/wp\/v2\/pages"}],"about":[{"href":"https:\/\/fuster-associates.com\/de\/wp-json\/wp\/v2\/types\/page"}],"author":[{"embeddable":true,"href":"https:\/\/fuster-associates.com\/de\/wp-json\/wp\/v2\/users\/8"}],"replies":[{"embeddable":true,"href":"https:\/\/fuster-associates.com\/de\/wp-json\/wp\/v2\/comments?post=32924"}],"version-history":[{"count":5,"href":"https:\/\/fuster-associates.com\/de\/wp-json\/wp\/v2\/pages\/32924\/revisions"}],"predecessor-version":[{"id":35122,"href":"https:\/\/fuster-associates.com\/de\/wp-json\/wp\/v2\/pages\/32924\/revisions\/35122"}],"up":[{"embeddable":true,"href":"https:\/\/fuster-associates.com\/de\/wp-json\/wp\/v2\/pages\/34139"}],"wp:attachment":[{"href":"https:\/\/fuster-associates.com\/de\/wp-json\/wp\/v2\/media?parent=32924"}],"curies":[{"name":"wp","href":"https:\/\/api.w.org\/{rel}","templated":true}]}}