{"id":30473,"date":"2025-07-16T13:00:24","date_gmt":"2025-07-16T11:00:24","guid":{"rendered":"https:\/\/fuster-associates.com\/dienstleistungen\/steuerdienstleistungen\/unternehmens-sondersteuerregelungen\/"},"modified":"2025-07-16T13:00:27","modified_gmt":"2025-07-16T11:00:27","slug":"unternehmens-sondersteuerregelungen","status":"publish","type":"page","link":"https:\/\/fuster-associates.com\/de\/dienstleistungen\/steuerdienstleistungen\/unternehmens-sondersteuerregelungen\/","title":{"rendered":"Unternehmens- &amp; Sondersteuerregelungen"},"content":{"rendered":"\t\t<div data-elementor-type=\"wp-page\" data-elementor-id=\"30473\" class=\"elementor elementor-30473 elementor-24060\" data-elementor-post-type=\"page\">\n\t\t\t\t<div class=\"elementor-element elementor-element-10416abd e-flex e-con-boxed e-con e-parent\" data-id=\"10416abd\" data-element_type=\"container\" data-e-type=\"container\" data-settings=\"{&quot;background_background&quot;:&quot;classic&quot;}\">\n\t\t\t\t\t<div class=\"e-con-inner\">\n\t\t\t\t<div class=\"elementor-element elementor-element-2bfe5acb elementor-invisible elementor-widget elementor-widget-heading\" data-id=\"2bfe5acb\" data-element_type=\"widget\" data-e-type=\"widget\" data-settings=\"{&quot;_animation&quot;:&quot;fadeInDown&quot;}\" data-widget_type=\"heading.default\">\n\t\t\t\t\t<h1 class=\"elementor-heading-title elementor-size-default\">Unternehmens- &amp; Sondersteuerregelungen<\/h1>\t\t\t\t<\/div>\n\t\t\t\t<div class=\"elementor-element elementor-element-47b0daba elementor-invisible elementor-widget elementor-widget-breadcrumbs\" data-id=\"47b0daba\" data-element_type=\"widget\" data-e-type=\"widget\" data-settings=\"{&quot;_animation&quot;:&quot;fadeInUp&quot;}\" data-widget_type=\"breadcrumbs.default\">\n\t\t\t\t\t<p id=\"breadcrumbs\"><span><span><a href=\"https:\/\/fuster-associates.com\/de\/\">Home<\/a><\/span><\/span><\/p>\t\t\t\t<\/div>\n\t\t\t\t\t<\/div>\n\t\t\t\t<\/div>\n\t\t<div class=\"elementor-element elementor-element-7f6e6dd e-flex e-con-boxed e-con e-parent\" data-id=\"7f6e6dd\" data-element_type=\"container\" data-e-type=\"container\">\n\t\t\t\t\t<div class=\"e-con-inner\">\n\t\t\t\t<div class=\"elementor-element elementor-element-5700f50 elementor-invisible elementor-widget elementor-widget-heading\" data-id=\"5700f50\" data-element_type=\"widget\" data-e-type=\"widget\" data-settings=\"{&quot;_animation&quot;:&quot;fadeIn&quot;,&quot;_animation_laptop&quot;:&quot;fadeIn&quot;}\" data-widget_type=\"heading.default\">\n\t\t\t\t\t<h2 class=\"elementor-heading-title elementor-size-default\">Ma\u00dfgeschneiderte Dienstleistungen f\u00fcr Fachleute und Unternehmen in Spanien<\/h2>\t\t\t\t<\/div>\n\t\t\t\t<div class=\"elementor-element elementor-element-26d1c0d elementor-invisible elementor-widget elementor-widget-text-editor\" data-id=\"26d1c0d\" data-element_type=\"widget\" data-e-type=\"widget\" data-settings=\"{&quot;_animation&quot;:&quot;fadeIn&quot;,&quot;_animation_laptop&quot;:&quot;fadeIn&quot;}\" data-widget_type=\"text-editor.default\">\n\t\t\t\t\t\t\t\t\t<p>Profitieren Sie von\u00a0<strong data-start=\"1128\" data-end=\"1214\">fachkundiger steuerlicher Unterst\u00fctzung\u00a0<\/strong>f\u00fcr Ihr Unternehmen oder Ihren internationalen Lebensstil in Spanien. Ganz gleich, ob Sie ein Unternehmen f\u00fchren, als Freiberufler arbeiten, als digitaler Nomade leben oder vom Beckham Law profitieren, Fuster &amp; Associates bietet\u00a0<strong data-start=\"1374\" data-end=\"1412\">spezialisierte rechtliche und steuerliche Beratung<\/strong>, um Ihnen bei der Optimierung Ihrer finanziellen Situation zu helfen.<\/p>\n<p>Wir unterst\u00fctzen\u00a0<strong data-start=\"1469\" data-end=\"1535\">Remote-Mitarbeiter, Unternehmer und internationale Fachkr\u00e4fte<\/strong>\u00a0bei der Navigation durch die besonderen Steuerregelungen Spaniens.<\/p>\n<p><strong data-start=\"1579\" data-end=\"1610\">Buchen Sie Ihre kostenlose Beratung<\/strong>\u00a0und gewinnen Sie Sicherheit mit ma\u00dfgeschneiderten L\u00f6sungen, die f\u00fcr Sie funktionieren.<\/p>\n\t\t\t\t\t\t\t\t<\/div>\n\t\t\t\t\t<\/div>\n\t\t\t\t<\/div>\n\t\t<div class=\"elementor-element elementor-element-d1fb40 e-flex e-con-boxed e-con e-parent\" data-id=\"d1fb40\" data-element_type=\"container\" data-e-type=\"container\">\n\t\t\t\t\t<div class=\"e-con-inner\">\n\t\t\t\t<div class=\"elementor-element elementor-element-3740d9d elementor-icon-list--layout-traditional elementor-list-item-link-full_width elementor-widget elementor-widget-icon-list\" data-id=\"3740d9d\" data-element_type=\"widget\" data-e-type=\"widget\" data-widget_type=\"icon-list.default\">\n\t\t\t\t\t\t\t<ul class=\"elementor-icon-list-items\">\n\t\t\t\t\t\t\t<li class=\"elementor-icon-list-item\">\n\t\t\t\t\t\t\t\t\t\t\t<a href=\"https:\/\/fuster-associates.com\/services\/tax-services\/business-special-tax-regimes\/corporate-tax-services\/\">\n\n\t\t\t\t\t\t\t\t\t\t\t\t<span class=\"elementor-icon-list-icon\">\n\t\t\t\t\t\t\t<svg aria-hidden=\"true\" class=\"e-font-icon-svg e-fas-caret-right\" viewBox=\"0 0 192 512\" xmlns=\"http:\/\/www.w3.org\/2000\/svg\"><path d=\"M0 384.662V127.338c0-17.818 21.543-26.741 34.142-14.142l128.662 128.662c7.81 7.81 7.81 20.474 0 28.284L34.142 398.804C21.543 411.404 0 402.48 0 384.662z\"><\/path><\/svg>\t\t\t\t\t\t<\/span>\n\t\t\t\t\t\t\t\t\t\t<span class=\"elementor-icon-list-text\">K\u00f6rperschaftsteuerdienste<\/span>\n\t\t\t\t\t\t\t\t\t\t\t<\/a>\n\t\t\t\t\t\t\t\t\t<\/li>\n\t\t\t\t\t\t\t\t<li class=\"elementor-icon-list-item\">\n\t\t\t\t\t\t\t\t\t\t\t<a href=\"https:\/\/fuster-associates.com\/services\/tax-services\/business-special-tax-regimes\/freelance-self-employed-tax-services\/\">\n\n\t\t\t\t\t\t\t\t\t\t\t\t<span class=\"elementor-icon-list-icon\">\n\t\t\t\t\t\t\t<svg aria-hidden=\"true\" class=\"e-font-icon-svg e-fas-caret-right\" viewBox=\"0 0 192 512\" xmlns=\"http:\/\/www.w3.org\/2000\/svg\"><path d=\"M0 384.662V127.338c0-17.818 21.543-26.741 34.142-14.142l128.662 128.662c7.81 7.81 7.81 20.474 0 28.284L34.142 398.804C21.543 411.404 0 402.48 0 384.662z\"><\/path><\/svg>\t\t\t\t\t\t<\/span>\n\t\t\t\t\t\t\t\t\t\t<span class=\"elementor-icon-list-text\">Steuerdienstleistungen F\u00fcr Freiberufler &amp; Selbstst\u00e4ndige<\/span>\n\t\t\t\t\t\t\t\t\t\t\t<\/a>\n\t\t\t\t\t\t\t\t\t<\/li>\n\t\t\t\t\t\t\t\t<li class=\"elementor-icon-list-item\">\n\t\t\t\t\t\t\t\t\t\t\t<a href=\"https:\/\/fuster-associates.com\/services\/tax-services\/business-special-tax-regimes\/digital-nomad-taxation\/\">\n\n\t\t\t\t\t\t\t\t\t\t\t\t<span class=\"elementor-icon-list-icon\">\n\t\t\t\t\t\t\t<svg aria-hidden=\"true\" class=\"e-font-icon-svg e-fas-caret-right\" viewBox=\"0 0 192 512\" xmlns=\"http:\/\/www.w3.org\/2000\/svg\"><path d=\"M0 384.662V127.338c0-17.818 21.543-26.741 34.142-14.142l128.662 128.662c7.81 7.81 7.81 20.474 0 28.284L34.142 398.804C21.543 411.404 0 402.48 0 384.662z\"><\/path><\/svg>\t\t\t\t\t\t<\/span>\n\t\t\t\t\t\t\t\t\t\t<span class=\"elementor-icon-list-text\">Besteuerung Digitaler Nomaden<\/span>\n\t\t\t\t\t\t\t\t\t\t\t<\/a>\n\t\t\t\t\t\t\t\t\t<\/li>\n\t\t\t\t\t\t\t\t<li class=\"elementor-icon-list-item\">\n\t\t\t\t\t\t\t\t\t\t\t<a href=\"https:\/\/fuster-associates.com\/services\/tax-services\/business-special-tax-regimes\/beckham-law-special-expats-regimes\/\">\n\n\t\t\t\t\t\t\t\t\t\t\t\t<span class=\"elementor-icon-list-icon\">\n\t\t\t\t\t\t\t<svg aria-hidden=\"true\" class=\"e-font-icon-svg e-fas-caret-right\" viewBox=\"0 0 192 512\" xmlns=\"http:\/\/www.w3.org\/2000\/svg\"><path d=\"M0 384.662V127.338c0-17.818 21.543-26.741 34.142-14.142l128.662 128.662c7.81 7.81 7.81 20.474 0 28.284L34.142 398.804C21.543 411.404 0 402.48 0 384.662z\"><\/path><\/svg>\t\t\t\t\t\t<\/span>\n\t\t\t\t\t\t\t\t\t\t<span class=\"elementor-icon-list-text\">Beckham-Gesetz &amp; Sonderregelungen F\u00fcr Expats<\/span>\n\t\t\t\t\t\t\t\t\t\t\t<\/a>\n\t\t\t\t\t\t\t\t\t<\/li>\n\t\t\t\t\t\t\t\t<li class=\"elementor-icon-list-item\">\n\t\t\t\t\t\t\t\t\t\t\t<a href=\"https:\/\/fuster-associates.com\/services\/tax-services\/business-special-tax-regimes\/tax-advise-for-remote-workers-international-professionals\/\">\n\n\t\t\t\t\t\t\t\t\t\t\t\t<span class=\"elementor-icon-list-icon\">\n\t\t\t\t\t\t\t<svg aria-hidden=\"true\" class=\"e-font-icon-svg e-fas-caret-right\" viewBox=\"0 0 192 512\" xmlns=\"http:\/\/www.w3.org\/2000\/svg\"><path d=\"M0 384.662V127.338c0-17.818 21.543-26.741 34.142-14.142l128.662 128.662c7.81 7.81 7.81 20.474 0 28.284L34.142 398.804C21.543 411.404 0 402.48 0 384.662z\"><\/path><\/svg>\t\t\t\t\t\t<\/span>\n\t\t\t\t\t\t\t\t\t\t<span class=\"elementor-icon-list-text\">Steuerberatung F\u00fcr Remote-Arbeiter &amp; Internationale Fachkr\u00e4fte<\/span>\n\t\t\t\t\t\t\t\t\t\t\t<\/a>\n\t\t\t\t\t\t\t\t\t<\/li>\n\t\t\t\t\t\t<\/ul>\n\t\t\t\t\t\t<\/div>\n\t\t\t\t\t<\/div>\n\t\t\t\t<\/div>\n\t\t\t\t<\/div>\n\t\t","protected":false},"excerpt":{"rendered":"<p>Ma\u00dfgeschneiderte Dienstleistungen f\u00fcr Fachleute und Unternehmen in Spanien Profitieren Sie von\u00a0fachkundiger steuerlicher Unterst\u00fctzung\u00a0f\u00fcr Ihr Unternehmen oder Ihren internationalen Lebensstil in Spanien. Ganz gleich, ob Sie ein Unternehmen f\u00fchren, als Freiberufler arbeiten, als digitaler Nomade leben oder vom Beckham Law profitieren, Fuster &amp; Associates bietet\u00a0spezialisierte rechtliche und steuerliche Beratung, um Ihnen bei der Optimierung Ihrer finanziellen [&hellip;]<\/p>\n","protected":false},"author":7,"featured_media":0,"parent":28644,"menu_order":0,"comment_status":"closed","ping_status":"closed","template":"","meta":{"content-type":"","_sitemap_exclude":false,"_sitemap_priority":"","_sitemap_frequency":"","footnotes":""},"class_list":["post-30473","page","type-page","status-publish","hentry"],"yoast_head":"<!-- This site is optimized with the Yoast SEO plugin v27.3 - https:\/\/yoast.com\/product\/yoast-seo-wordpress\/ -->\n<title>Hilfe bei der Unternehmensbesteuerung in Spanien - Fuster &amp; Associates<\/title>\n<meta name=\"description\" content=\"Erhalten Sie umfassende Unterst\u00fctzung bei der Einhaltung von Steuervorschriften f\u00fcr Unternehmen, Freiberufler und internationale Unternehmen in Spanien. Buchen Sie jetzt Ihre kostenlose Beratung.\" \/>\n<meta name=\"robots\" content=\"index, follow, max-snippet:-1, max-image-preview:large, max-video-preview:-1\" \/>\n<link rel=\"canonical\" href=\"https:\/\/fuster-associates.com\/de\/dienstleistungen\/steuerdienstleistungen\/unternehmens-sondersteuerregelungen\/\" \/>\n<meta property=\"og:locale\" content=\"de_DE\" \/>\n<meta property=\"og:type\" content=\"article\" \/>\n<meta property=\"og:title\" content=\"Hilfe bei der Unternehmensbesteuerung in Spanien - Fuster &amp; Associates\" \/>\n<meta property=\"og:description\" content=\"Erhalten Sie umfassende Unterst\u00fctzung bei der Einhaltung von Steuervorschriften f\u00fcr Unternehmen, Freiberufler und internationale Unternehmen in Spanien. Buchen Sie jetzt Ihre kostenlose Beratung.\" \/>\n<meta property=\"og:url\" content=\"https:\/\/fuster-associates.com\/de\/dienstleistungen\/steuerdienstleistungen\/unternehmens-sondersteuerregelungen\/\" \/>\n<meta property=\"og:site_name\" content=\"Fuster &amp; Associates\" \/>\n<meta property=\"article:publisher\" content=\"https:\/\/www.facebook.com\/fusterspain\/\" \/>\n<meta property=\"article:modified_time\" content=\"2025-07-16T11:00:27+00:00\" \/>\n<meta property=\"og:image\" content=\"https:\/\/fuster-associates.com\/wp-content\/uploads\/2020\/02\/slide-fuster-standard.jpg\" \/>\n\t<meta property=\"og:image:width\" content=\"1920\" \/>\n\t<meta property=\"og:image:height\" content=\"1280\" \/>\n\t<meta property=\"og:image:type\" content=\"image\/jpeg\" \/>\n<meta name=\"twitter:card\" content=\"summary_large_image\" \/>\n<meta name=\"twitter:site\" content=\"@FusterSpain\" \/>\n<meta name=\"twitter:label1\" content=\"Gesch\u00e4tzte Lesezeit\" \/>\n\t<meta name=\"twitter:data1\" content=\"1\u00a0Minute\" \/>\n<script type=\"application\/ld+json\" class=\"yoast-schema-graph\">{\"@context\":\"https:\\\/\\\/schema.org\",\"@graph\":[{\"@type\":\"WebPage\",\"@id\":\"https:\\\/\\\/fuster-associates.com\\\/de\\\/dienstleistungen\\\/steuerdienstleistungen\\\/unternehmens-sondersteuerregelungen\\\/\",\"url\":\"https:\\\/\\\/fuster-associates.com\\\/de\\\/dienstleistungen\\\/steuerdienstleistungen\\\/unternehmens-sondersteuerregelungen\\\/\",\"name\":\"Hilfe bei der Unternehmensbesteuerung in Spanien - Fuster & Associates\",\"isPartOf\":{\"@id\":\"https:\\\/\\\/fuster-associates.com\\\/de\\\/#website\"},\"datePublished\":\"2025-07-16T11:00:24+00:00\",\"dateModified\":\"2025-07-16T11:00:27+00:00\",\"description\":\"Erhalten Sie umfassende Unterst\u00fctzung bei der Einhaltung von Steuervorschriften f\u00fcr Unternehmen, Freiberufler und internationale Unternehmen in Spanien. Buchen Sie jetzt Ihre kostenlose Beratung.\",\"breadcrumb\":{\"@id\":\"https:\\\/\\\/fuster-associates.com\\\/de\\\/dienstleistungen\\\/steuerdienstleistungen\\\/unternehmens-sondersteuerregelungen\\\/#breadcrumb\"},\"inLanguage\":\"de\",\"potentialAction\":[{\"@type\":\"ReadAction\",\"target\":[\"https:\\\/\\\/fuster-associates.com\\\/de\\\/dienstleistungen\\\/steuerdienstleistungen\\\/unternehmens-sondersteuerregelungen\\\/\"]}]},{\"@type\":\"BreadcrumbList\",\"@id\":\"https:\\\/\\\/fuster-associates.com\\\/de\\\/dienstleistungen\\\/steuerdienstleistungen\\\/unternehmens-sondersteuerregelungen\\\/#breadcrumb\",\"itemListElement\":[{\"@type\":\"ListItem\",\"position\":1,\"name\":\"Home\",\"item\":\"https:\\\/\\\/fuster-associates.com\\\/de\\\/\"},{\"@type\":\"ListItem\",\"position\":2,\"name\":\"Dienstleistungen\",\"item\":\"https:\\\/\\\/fuster-associates.com\\\/de\\\/services\\\/\"},{\"@type\":\"ListItem\",\"position\":3,\"name\":\"Steuerdienstleistungen\",\"item\":\"https:\\\/\\\/fuster-associates.com\\\/de\\\/services\\\/tax-services\\\/\"},{\"@type\":\"ListItem\",\"position\":4,\"name\":\"Unternehmens- &amp; Sondersteuerregelungen\"}]},{\"@type\":\"WebSite\",\"@id\":\"https:\\\/\\\/fuster-associates.com\\\/de\\\/#website\",\"url\":\"https:\\\/\\\/fuster-associates.com\\\/de\\\/\",\"name\":\"Fuster & Associates\",\"description\":\"Property Solicitors\",\"publisher\":{\"@id\":\"https:\\\/\\\/fuster-associates.com\\\/de\\\/#organization\"},\"potentialAction\":[{\"@type\":\"SearchAction\",\"target\":{\"@type\":\"EntryPoint\",\"urlTemplate\":\"https:\\\/\\\/fuster-associates.com\\\/de\\\/?s={search_term_string}\"},\"query-input\":{\"@type\":\"PropertyValueSpecification\",\"valueRequired\":true,\"valueName\":\"search_term_string\"}}],\"inLanguage\":\"de\"},{\"@type\":\"Organization\",\"@id\":\"https:\\\/\\\/fuster-associates.com\\\/de\\\/#organization\",\"name\":\"FUSTER & ASSOCIATES\",\"url\":\"https:\\\/\\\/fuster-associates.com\\\/de\\\/\",\"logo\":{\"@type\":\"ImageObject\",\"inLanguage\":\"de\",\"@id\":\"https:\\\/\\\/fuster-associates.com\\\/de\\\/#\\\/schema\\\/logo\\\/image\\\/\",\"url\":\"https:\\\/\\\/fuster-associates.com\\\/wp-content\\\/uploads\\\/2018\\\/08\\\/logo-fuster-1.jpeg\",\"contentUrl\":\"https:\\\/\\\/fuster-associates.com\\\/wp-content\\\/uploads\\\/2018\\\/08\\\/logo-fuster-1.jpeg\",\"width\":180,\"height\":113,\"caption\":\"FUSTER & ASSOCIATES\"},\"image\":{\"@id\":\"https:\\\/\\\/fuster-associates.com\\\/de\\\/#\\\/schema\\\/logo\\\/image\\\/\"},\"sameAs\":[\"https:\\\/\\\/www.facebook.com\\\/fusterspain\\\/\",\"https:\\\/\\\/x.com\\\/FusterSpain\",\"https:\\\/\\\/www.youtube.com\\\/channel\\\/UC2-kNuL1SoqlFizI47hmIOQ\",\"https:\\\/\\\/www.linkedin.com\\\/company\\\/fuster-&-associates\\\/\"]}]}<\/script>\n<!-- \/ Yoast SEO plugin. -->","yoast_head_json":{"title":"Hilfe bei der Unternehmensbesteuerung in Spanien - Fuster & Associates","description":"Erhalten Sie umfassende Unterst\u00fctzung bei der Einhaltung von Steuervorschriften f\u00fcr Unternehmen, Freiberufler und internationale Unternehmen in Spanien. Buchen Sie jetzt Ihre kostenlose Beratung.","robots":{"index":"index","follow":"follow","max-snippet":"max-snippet:-1","max-image-preview":"max-image-preview:large","max-video-preview":"max-video-preview:-1"},"canonical":"https:\/\/fuster-associates.com\/de\/dienstleistungen\/steuerdienstleistungen\/unternehmens-sondersteuerregelungen\/","og_locale":"de_DE","og_type":"article","og_title":"Hilfe bei der Unternehmensbesteuerung in Spanien - Fuster & Associates","og_description":"Erhalten Sie umfassende Unterst\u00fctzung bei der Einhaltung von Steuervorschriften f\u00fcr Unternehmen, Freiberufler und internationale Unternehmen in Spanien. Buchen Sie jetzt Ihre kostenlose Beratung.","og_url":"https:\/\/fuster-associates.com\/de\/dienstleistungen\/steuerdienstleistungen\/unternehmens-sondersteuerregelungen\/","og_site_name":"Fuster &amp; Associates","article_publisher":"https:\/\/www.facebook.com\/fusterspain\/","article_modified_time":"2025-07-16T11:00:27+00:00","og_image":[{"width":1920,"height":1280,"url":"https:\/\/fuster-associates.com\/wp-content\/uploads\/2020\/02\/slide-fuster-standard.jpg","type":"image\/jpeg"}],"twitter_card":"summary_large_image","twitter_site":"@FusterSpain","twitter_misc":{"Gesch\u00e4tzte Lesezeit":"1\u00a0Minute"},"schema":{"@context":"https:\/\/schema.org","@graph":[{"@type":"WebPage","@id":"https:\/\/fuster-associates.com\/de\/dienstleistungen\/steuerdienstleistungen\/unternehmens-sondersteuerregelungen\/","url":"https:\/\/fuster-associates.com\/de\/dienstleistungen\/steuerdienstleistungen\/unternehmens-sondersteuerregelungen\/","name":"Hilfe bei der Unternehmensbesteuerung in Spanien - Fuster & Associates","isPartOf":{"@id":"https:\/\/fuster-associates.com\/de\/#website"},"datePublished":"2025-07-16T11:00:24+00:00","dateModified":"2025-07-16T11:00:27+00:00","description":"Erhalten Sie umfassende Unterst\u00fctzung bei der Einhaltung von Steuervorschriften f\u00fcr Unternehmen, Freiberufler und internationale Unternehmen in Spanien. Buchen Sie jetzt Ihre kostenlose Beratung.","breadcrumb":{"@id":"https:\/\/fuster-associates.com\/de\/dienstleistungen\/steuerdienstleistungen\/unternehmens-sondersteuerregelungen\/#breadcrumb"},"inLanguage":"de","potentialAction":[{"@type":"ReadAction","target":["https:\/\/fuster-associates.com\/de\/dienstleistungen\/steuerdienstleistungen\/unternehmens-sondersteuerregelungen\/"]}]},{"@type":"BreadcrumbList","@id":"https:\/\/fuster-associates.com\/de\/dienstleistungen\/steuerdienstleistungen\/unternehmens-sondersteuerregelungen\/#breadcrumb","itemListElement":[{"@type":"ListItem","position":1,"name":"Home","item":"https:\/\/fuster-associates.com\/de\/"},{"@type":"ListItem","position":2,"name":"Dienstleistungen","item":"https:\/\/fuster-associates.com\/de\/services\/"},{"@type":"ListItem","position":3,"name":"Steuerdienstleistungen","item":"https:\/\/fuster-associates.com\/de\/services\/tax-services\/"},{"@type":"ListItem","position":4,"name":"Unternehmens- &amp; Sondersteuerregelungen"}]},{"@type":"WebSite","@id":"https:\/\/fuster-associates.com\/de\/#website","url":"https:\/\/fuster-associates.com\/de\/","name":"Fuster & Associates","description":"Property Solicitors","publisher":{"@id":"https:\/\/fuster-associates.com\/de\/#organization"},"potentialAction":[{"@type":"SearchAction","target":{"@type":"EntryPoint","urlTemplate":"https:\/\/fuster-associates.com\/de\/?s={search_term_string}"},"query-input":{"@type":"PropertyValueSpecification","valueRequired":true,"valueName":"search_term_string"}}],"inLanguage":"de"},{"@type":"Organization","@id":"https:\/\/fuster-associates.com\/de\/#organization","name":"FUSTER & ASSOCIATES","url":"https:\/\/fuster-associates.com\/de\/","logo":{"@type":"ImageObject","inLanguage":"de","@id":"https:\/\/fuster-associates.com\/de\/#\/schema\/logo\/image\/","url":"https:\/\/fuster-associates.com\/wp-content\/uploads\/2018\/08\/logo-fuster-1.jpeg","contentUrl":"https:\/\/fuster-associates.com\/wp-content\/uploads\/2018\/08\/logo-fuster-1.jpeg","width":180,"height":113,"caption":"FUSTER & ASSOCIATES"},"image":{"@id":"https:\/\/fuster-associates.com\/de\/#\/schema\/logo\/image\/"},"sameAs":["https:\/\/www.facebook.com\/fusterspain\/","https:\/\/x.com\/FusterSpain","https:\/\/www.youtube.com\/channel\/UC2-kNuL1SoqlFizI47hmIOQ","https:\/\/www.linkedin.com\/company\/fuster-&-associates\/"]}]}},"_links":{"self":[{"href":"https:\/\/fuster-associates.com\/de\/wp-json\/wp\/v2\/pages\/30473","targetHints":{"allow":["GET"]}}],"collection":[{"href":"https:\/\/fuster-associates.com\/de\/wp-json\/wp\/v2\/pages"}],"about":[{"href":"https:\/\/fuster-associates.com\/de\/wp-json\/wp\/v2\/types\/page"}],"author":[{"embeddable":true,"href":"https:\/\/fuster-associates.com\/de\/wp-json\/wp\/v2\/users\/7"}],"replies":[{"embeddable":true,"href":"https:\/\/fuster-associates.com\/de\/wp-json\/wp\/v2\/comments?post=30473"}],"version-history":[{"count":0,"href":"https:\/\/fuster-associates.com\/de\/wp-json\/wp\/v2\/pages\/30473\/revisions"}],"up":[{"embeddable":true,"href":"https:\/\/fuster-associates.com\/de\/wp-json\/wp\/v2\/pages\/28644"}],"wp:attachment":[{"href":"https:\/\/fuster-associates.com\/de\/wp-json\/wp\/v2\/media?parent=30473"}],"curies":[{"name":"wp","href":"https:\/\/api.w.org\/{rel}","templated":true}]}}