{"id":28832,"date":"2025-02-14T12:44:33","date_gmt":"2025-02-14T11:44:33","guid":{"rendered":"https:\/\/fuster2.kustom.es\/closing-days\/"},"modified":"2026-04-28T09:20:51","modified_gmt":"2026-04-28T07:20:51","slug":"ruhetage","status":"publish","type":"page","link":"https:\/\/fuster-associates.com\/de\/ruhetage\/","title":{"rendered":"Ruhetage"},"content":{"rendered":"\t\t<div data-elementor-type=\"wp-page\" data-elementor-id=\"28832\" class=\"elementor elementor-28832 elementor-22137\" data-elementor-post-type=\"page\">\n\t\t\t\t<div class=\"elementor-element elementor-element-03c0a92 e-flex e-con-boxed e-con e-parent\" data-id=\"03c0a92\" data-element_type=\"container\" data-e-type=\"container\" data-settings=\"{&quot;background_background&quot;:&quot;classic&quot;}\">\n\t\t\t\t\t<div class=\"e-con-inner\">\n\t\t\t\t<div class=\"elementor-element elementor-element-a504552 elementor-invisible elementor-widget elementor-widget-heading\" data-id=\"a504552\" data-element_type=\"widget\" data-e-type=\"widget\" data-settings=\"{&quot;_animation&quot;:&quot;fadeInDown&quot;}\" data-widget_type=\"heading.default\">\n\t\t\t\t\t<h1 class=\"elementor-heading-title elementor-size-default\">Ruhetage<\/h1>\t\t\t\t<\/div>\n\t\t\t\t<div class=\"elementor-element elementor-element-3cc2c73 elementor-invisible elementor-widget elementor-widget-breadcrumbs\" data-id=\"3cc2c73\" data-element_type=\"widget\" data-e-type=\"widget\" data-settings=\"{&quot;_animation&quot;:&quot;fadeInUp&quot;}\" data-widget_type=\"breadcrumbs.default\">\n\t\t\t\t\t<p id=\"breadcrumbs\"><span><span><a href=\"https:\/\/fuster-associates.com\/de\/\">Home<\/a><\/span><\/span><\/p>\t\t\t\t<\/div>\n\t\t\t\t\t<\/div>\n\t\t\t\t<\/div>\n\t\t<div class=\"elementor-element elementor-element-527a8bb e-flex e-con-boxed e-con e-parent\" data-id=\"527a8bb\" data-element_type=\"container\" data-e-type=\"container\" data-settings=\"{&quot;background_motion_fx_devices&quot;:[&quot;widescreen&quot;,&quot;desktop&quot;,&quot;laptop&quot;,&quot;tablet_extra&quot;,&quot;tablet&quot;,&quot;mobile_extra&quot;,&quot;mobile&quot;]}\">\n\t\t\t\t\t<div class=\"e-con-inner\">\n\t\t\t\t<div class=\"elementor-element elementor-element-6e666b8 elementor-invisible elementor-widget elementor-widget-heading\" data-id=\"6e666b8\" data-element_type=\"widget\" data-e-type=\"widget\" data-settings=\"{&quot;_animation&quot;:&quot;fadeIn&quot;}\" data-widget_type=\"heading.default\">\n\t\t\t\t\t<h3 class=\"elementor-heading-title elementor-size-default\">Ruhetage nach B\u00fcro\n<\/h3>\t\t\t\t<\/div>\n\t\t<div class=\"elementor-element elementor-element-b100051 e-con-full e-grid e-con e-child\" data-id=\"b100051\" data-element_type=\"container\" data-e-type=\"container\">\n\t\t<div class=\"elementor-element elementor-element-344fa1d e-con-full e-flex elementor-invisible e-con e-child\" data-id=\"344fa1d\" data-element_type=\"container\" data-e-type=\"container\" data-settings=\"{&quot;background_background&quot;:&quot;classic&quot;,&quot;animation&quot;:&quot;fadeInUp&quot;}\">\n\t\t\t\t<div class=\"elementor-element elementor-element-8ec4901 elementor-widget elementor-widget-heading\" data-id=\"8ec4901\" data-element_type=\"widget\" data-e-type=\"widget\" data-widget_type=\"heading.default\">\n\t\t\t\t\t<h4 class=\"elementor-heading-title elementor-size-default\">Val\u00e8ncia<\/h4>\t\t\t\t<\/div>\n\t\t\t\t<div class=\"elementor-element elementor-element-9ca36a2 elementor-widget elementor-widget-text-editor\" data-id=\"9ca36a2\" data-element_type=\"widget\" data-e-type=\"widget\" data-widget_type=\"text-editor.default\">\n\t\t\t\t\t\t\t\t\t<ul><li>1. Januar (Neujahr)<\/li><li>6. Januar (Dreik\u00f6nigstag)<\/li><li>22. Januar (Lokaler Feiertag in Valencia)<\/li><li>19. M\u00e4rz (St. Josephstag)<\/li><li>3. April (Karfreitag)<\/li><li>6. April (Ostermontag)<\/li><li>13. April (Lokaler Feiertag in Valencia)<\/li><li>1. Mai (Tag der Arbeit)<\/li><li>24. Juni (San Juan)<\/li><li>15. August (Mari\u00e4 Himmelfahrt)<\/li><li>17. bis 31. August (Sommerferien)<\/li><li>9. Oktober (Tag der Autonomen Gemeinschaft Valencia)<\/li><li>12. Oktober (Tag der Hispanischen Kultur)<\/li><li>8. Dezember (Mari\u00e4 Empf\u00e4ngnis)<\/li><\/ul><p><strong>Weihnachtsferien:<\/strong> vom 24. Dezember bis 7. Januar 2027, beide inklusive.<\/p>\t\t\t\t\t\t\t\t<\/div>\n\t\t\t\t<\/div>\n\t\t<div class=\"elementor-element elementor-element-f998c42 e-con-full e-flex elementor-invisible e-con e-child\" data-id=\"f998c42\" data-element_type=\"container\" data-e-type=\"container\" data-settings=\"{&quot;background_background&quot;:&quot;classic&quot;,&quot;animation&quot;:&quot;fadeInUp&quot;}\">\n\t\t\t\t<div class=\"elementor-element elementor-element-1806fe8 elementor-widget elementor-widget-heading\" data-id=\"1806fe8\" data-element_type=\"widget\" data-e-type=\"widget\" data-widget_type=\"heading.default\">\n\t\t\t\t\t<h4 class=\"elementor-heading-title elementor-size-default\">San Juan de los Terreros, Pulp\u00ed<\/h4>\t\t\t\t<\/div>\n\t\t\t\t<div class=\"elementor-element elementor-element-f46582b elementor-widget elementor-widget-text-editor\" data-id=\"f46582b\" data-element_type=\"widget\" data-e-type=\"widget\" data-widget_type=\"text-editor.default\">\n\t\t\t\t\t\t\t\t\t<ul><li>1. Januar (Neujahrstag)<\/li><li>6. Januar (Epiphanie des Herrn)<\/li><li>28. Februar (Tag Andalusiens)<\/li><li>27. M\u00e4rz (Feiertag in San Juan de los Terreros-Pulp\u00ed)<\/li><li>2. April (Gr\u00fcndonnerstag)<\/li><li>3. April (Karfreitag)<\/li><li>1. Mai (Tag der Arbeit)<\/li><li>24. Juni (San Juan)<\/li><li>15. August (Himmelfahrt der Jungfrau)<\/li><li>17. bis 31. August (Sommerferien)<\/li><li>29. September (Ortsfeiertag in San Juan de los Terreros-Pulp\u00ed)<\/li><li>12. Oktober (Hispanischer Tag)<\/li><li>2. November (Montag nach Allerheiligen)<\/li><li>7. Dezember (Montag nach dem Tag der spanischen Verfassung)<\/li><li>8. Dezember (Unbefleckte Empf\u00e4ngnis)<\/li><\/ul><p><strong>Weihnachtsferien:<\/strong> vom 24. Dezember bis 7. Januar 2027, beide inklusive.<\/p>\t\t\t\t\t\t\t\t<\/div>\n\t\t\t\t<\/div>\n\t\t<div class=\"elementor-element elementor-element-ae98645 e-con-full e-flex elementor-invisible e-con e-child\" data-id=\"ae98645\" data-element_type=\"container\" data-e-type=\"container\" data-settings=\"{&quot;background_background&quot;:&quot;classic&quot;,&quot;animation&quot;:&quot;fadeInUp&quot;}\">\n\t\t\t\t<div class=\"elementor-element elementor-element-be252d8 elementor-widget elementor-widget-heading\" data-id=\"be252d8\" data-element_type=\"widget\" data-e-type=\"widget\" data-widget_type=\"heading.default\">\n\t\t\t\t\t<h4 class=\"elementor-heading-title elementor-size-default\">Los Alc\u00e1zares, Murcia<\/h4>\t\t\t\t<\/div>\n\t\t\t\t<div class=\"elementor-element elementor-element-8289a49 elementor-widget elementor-widget-text-editor\" data-id=\"8289a49\" data-element_type=\"widget\" data-e-type=\"widget\" data-widget_type=\"text-editor.default\">\n\t\t\t\t\t\t\t\t\t<ul><li>1. Januar (Neujahrstag)<\/li><li>6. Januar (Epiphanie des Herrn)<\/li><li>19. M\u00e4rz (St. Joseph&#8217;s Day)<\/li><li>2. April (Gr\u00fcndonnerstag)<\/li><li>3. April (Karfreitag)<\/li><li>6. April (Feiertag in Los Alc\u00e1zares)<\/li><li>1. Mai (Tag der Arbeit)<\/li><li>9. Juni (Tag der Region Murcia)<\/li><li>15. August (Himmelfahrt der Jungfrau)<\/li><li>17. bis 31. August (Sommerferien)<\/li><li>12. Oktober (Hispanischer Tag)<\/li><li>13. Oktober (Feiertag in Los Alc\u00e1zares)<\/li><li>7. Dezember (Montag nach dem Tag der spanischen Verfassung)<\/li><li>8. Dezember (Unbefleckte Empf\u00e4ngnis)<\/li><\/ul><p><strong>Weihnachtsferien:<\/strong> vom 24. Dezember bis 7. Januar 2027, beide inklusive.<\/p>\t\t\t\t\t\t\t\t<\/div>\n\t\t\t\t<\/div>\n\t\t<div class=\"elementor-element elementor-element-5311d31 e-con-full e-flex elementor-invisible e-con e-child\" data-id=\"5311d31\" data-element_type=\"container\" data-e-type=\"container\" data-settings=\"{&quot;background_background&quot;:&quot;classic&quot;,&quot;animation&quot;:&quot;fadeInUp&quot;}\">\n\t\t\t\t<div class=\"elementor-element elementor-element-5ac5e3c elementor-widget elementor-widget-heading\" data-id=\"5ac5e3c\" data-element_type=\"widget\" data-e-type=\"widget\" data-widget_type=\"heading.default\">\n\t\t\t\t\t<h4 class=\"elementor-heading-title elementor-size-default\">Murcia, Murcia<\/h4>\t\t\t\t<\/div>\n\t\t\t\t<div class=\"elementor-element elementor-element-a59d780 elementor-widget elementor-widget-text-editor\" data-id=\"a59d780\" data-element_type=\"widget\" data-e-type=\"widget\" data-widget_type=\"text-editor.default\">\n\t\t\t\t\t\t\t\t\t<ul><li>1. Januar (Neujahrstag)<\/li><li>6. Januar (Epiphanie)<\/li><li>19. M\u00e4rz (St. Joseph&#8217;s Day)<\/li><li>2. April (Gr\u00fcndonnerstag)<\/li><li>3. April (Karfreitag)<\/li><li>7. April (Feiertag in Murcia)<\/li><li>1. Mai (Tag der Arbeit)<\/li><li>9. Juni (Tag der Region Murcia)<\/li><li>15. August (Himmelfahrt der Jungfrau)<\/li><li>17. bis 31. August (Sommerferien)<\/li><li>15. September (lokaler Feiertag in Murcia)<\/li><li>12. Oktober (Hispanischer Tag)<\/li><li>7. Dezember (Montag nach dem Tag der spanischen Verfassung)<\/li><li>8. Dezember (Unbefleckte Empf\u00e4ngnis)<\/li><\/ul><p><strong>Weihnachtsferien:<\/strong> vom 24. Dezember bis 7. Januar 2027, beide inklusive.<\/p>\t\t\t\t\t\t\t\t<\/div>\n\t\t\t\t<\/div>\n\t\t<div class=\"elementor-element elementor-element-7c91ae4 e-con-full e-flex elementor-invisible e-con e-child\" data-id=\"7c91ae4\" data-element_type=\"container\" data-e-type=\"container\" data-settings=\"{&quot;background_background&quot;:&quot;classic&quot;,&quot;animation&quot;:&quot;fadeInUp&quot;}\">\n\t\t\t\t<div class=\"elementor-element elementor-element-aa67b53 elementor-widget elementor-widget-heading\" data-id=\"aa67b53\" data-element_type=\"widget\" data-e-type=\"widget\" data-widget_type=\"heading.default\">\n\t\t\t\t\t<h4 class=\"elementor-heading-title elementor-size-default\">La Zenia, Alicante<\/h4>\t\t\t\t<\/div>\n\t\t\t\t<div class=\"elementor-element elementor-element-9160f2b elementor-widget elementor-widget-text-editor\" data-id=\"9160f2b\" data-element_type=\"widget\" data-e-type=\"widget\" data-widget_type=\"text-editor.default\">\n\t\t\t\t\t\t\t\t\t<ul><li>1. Januar (Neujahrstag)<\/li><li>6. Januar (Epiphanie des Herrn)<\/li><li>19. M\u00e4rz (St. Joseph&#8217;s Day)<\/li><li>3. April (Karfreitag)<\/li><li>6. April (Ostermontag)<\/li><li>1. Mai (Tag der Arbeit)<\/li><li>24. Juni (San Juan)<\/li><li>17. Juli (Ortsfeiertag Orihuela \u2013 La Zenia)<\/li><li>15. August (Himmelfahrt der Jungfrau)<\/li><li>17. bis 31. August (Sommerferien)<\/li><li>8. September (Lokalfeiertag in Orihuela \u2013 La Zenia)<\/li><li>9. Oktober (Tag der Valencianischen Gemeinde)<\/li><li>12. Oktober (Hispanischer Tag)<\/li><li>7. Dezember (Montag nach dem Tag der spanischen Verfassung)<\/li><li>8. Dezember (Unbefleckte Empf\u00e4ngnis)<\/li><\/ul><p><strong>Weihnachtsferien:<\/strong> vom 24. Dezember bis 7. Januar 2027, beide inklusive.<\/p>\t\t\t\t\t\t\t\t<\/div>\n\t\t\t\t<\/div>\n\t\t<div class=\"elementor-element elementor-element-f8ed16a e-con-full e-flex elementor-invisible e-con e-child\" data-id=\"f8ed16a\" data-element_type=\"container\" data-e-type=\"container\" data-settings=\"{&quot;background_background&quot;:&quot;classic&quot;,&quot;animation&quot;:&quot;fadeInUp&quot;}\">\n\t\t\t\t<div class=\"elementor-element elementor-element-604fd35 elementor-widget elementor-widget-heading\" data-id=\"604fd35\" data-element_type=\"widget\" data-e-type=\"widget\" data-widget_type=\"heading.default\">\n\t\t\t\t\t<h4 class=\"elementor-heading-title elementor-size-default\">Finestrat, Alicante<\/h4>\t\t\t\t<\/div>\n\t\t\t\t<div class=\"elementor-element elementor-element-9d21ecb elementor-widget elementor-widget-text-editor\" data-id=\"9d21ecb\" data-element_type=\"widget\" data-e-type=\"widget\" data-widget_type=\"text-editor.default\">\n\t\t\t\t\t\t\t\t\t<ul><li>1. Januar (Neujahrstag)<\/li><li>6. Januar (Epiphanie des Herrn)<\/li><li>19. M\u00e4rz (St. Joseph&#8217;s Day)<\/li><li>3. April (Karfreitag)<\/li><li>6. April (Ostermontag)<\/li><li>1. Mai (Tag der Arbeit)<\/li><li>24. Juni (San Juan)<\/li><li>15. August (Himmelfahrt der Jungfrau)<\/li><li>17. bis 31. August (Sommerferien)<\/li><li>21. und 24. August (Ortsfeiertag in Finestrat)<\/li><li>9. Oktober (Tag der Valencianischen Gemeinde)<\/li><li>12. Oktober (Hispanischer Tag)<\/li><li>7. Dezember (Montag nach dem Tag der spanischen Verfassung)<\/li><li>8. Dezember (Unbefleckte Empf\u00e4ngnis)<\/li><\/ul><p><strong>Weihnachtsferien:<\/strong> vom 24. Dezember bis 7. Januar 2027, beide inklusive.<\/p>\t\t\t\t\t\t\t\t<\/div>\n\t\t\t\t<\/div>\n\t\t<div class=\"elementor-element elementor-element-96e1c23 e-con-full e-flex elementor-invisible e-con e-child\" data-id=\"96e1c23\" data-element_type=\"container\" data-e-type=\"container\" data-settings=\"{&quot;background_background&quot;:&quot;classic&quot;,&quot;animation&quot;:&quot;fadeInUp&quot;}\">\n\t\t\t\t<div class=\"elementor-element elementor-element-79b30a6 elementor-widget elementor-widget-heading\" data-id=\"79b30a6\" data-element_type=\"widget\" data-e-type=\"widget\" data-widget_type=\"heading.default\">\n\t\t\t\t\t<h4 class=\"elementor-heading-title elementor-size-default\"><span>Teulada<\/span>, Alicante<\/h4>\t\t\t\t<\/div>\n\t\t\t\t<div class=\"elementor-element elementor-element-a1d9de9 elementor-widget elementor-widget-text-editor\" data-id=\"a1d9de9\" data-element_type=\"widget\" data-e-type=\"widget\" data-widget_type=\"text-editor.default\">\n\t\t\t\t\t\t\t\t\t<ul>\n<li>1. Januar (Neujahrstag)<\/li>\n<li>6. Januar (Epiphanie des Herrn)<\/li>\n<li>19. M\u00e4rz (St. Joseph&#8217;s Day)<\/li>\n<li>3. April (Karfreitag)<\/li>\n<li>6. April (Ostermontag)<\/li>\n<li>13. April (Feiertag in Teulada)<\/li>\n<li>1. Mai (Tag der Arbeit)<\/li>\n<li>24. Juni (San Juan)<\/li>\n<li>15. Juli (Feiertag in Teulada)<\/li>\n<li>15. August (Himmelfahrt der Jungfrau)<\/li>\n<li>17. bis 31. August (Sommerferien)<\/li>\n<li>9. Oktober (Tag der Valencianischen Gemeinschaft)<\/li>\n<li>7. Dezember (Montag nach dem Tag der spanischen Verfassung)<\/li>\n<li>8. Dezember (Unbefleckte Empf\u00e4ngnis)<\/li>\n<\/ul>\n<p><strong>Weihnachtsferien:<\/strong> vom 24. Dezember bis 7. Januar 2027, beide inklusive.<\/p>\t\t\t\t\t\t\t\t<\/div>\n\t\t\t\t<\/div>\n\t\t\t\t<\/div>\n\t\t\t\t\t<\/div>\n\t\t\t\t<\/div>\n\t\t\t\t<\/div>\n\t\t","protected":false},"excerpt":{"rendered":"<p>Ruhetage nach B\u00fcro Val\u00e8ncia 1. Januar (Neujahr) 6. Januar (Dreik\u00f6nigstag) 22. Januar (Lokaler Feiertag in Valencia) 19. M\u00e4rz (St. Josephstag) 3. April (Karfreitag) 6. April (Ostermontag) 13. April (Lokaler Feiertag in Valencia) 1. Mai (Tag der Arbeit) 24. Juni (San Juan) 15. August (Mari\u00e4 Himmelfahrt) 17. bis 31. August (Sommerferien) 9. Oktober (Tag der Autonomen [&hellip;]<\/p>\n","protected":false},"author":1,"featured_media":0,"parent":0,"menu_order":0,"comment_status":"closed","ping_status":"closed","template":"","meta":{"content-type":"","_sitemap_exclude":false,"_sitemap_priority":"","_sitemap_frequency":"","footnotes":""},"class_list":["post-28832","page","type-page","status-publish","hentry"],"yoast_head":"<!-- This site is optimized with the Yoast SEO plugin v27.5 - https:\/\/yoast.com\/product\/yoast-seo-wordpress\/ -->\n<title>Informationen zu \u00f6ffentlichen und lokalen Feiertagen \u2013 Fuster &amp; Associates<\/title>\n<meta name=\"description\" content=\"Bleiben Sie \u00fcber unsere Schlie\u00dfungszeiten in den verschiedenen Niederlassungen von Fuster &amp; Associates in Spanien auf dem Laufenden.\" \/>\n<meta name=\"robots\" content=\"index, follow, max-snippet:-1, max-image-preview:large, max-video-preview:-1\" \/>\n<link rel=\"canonical\" href=\"https:\/\/fuster-associates.com\/de\/ruhetage\/\" \/>\n<meta property=\"og:locale\" content=\"de_DE\" \/>\n<meta property=\"og:type\" content=\"article\" \/>\n<meta property=\"og:title\" content=\"Informationen zu \u00f6ffentlichen und lokalen Feiertagen \u2013 Fuster &amp; Associates\" \/>\n<meta property=\"og:description\" content=\"Bleiben Sie \u00fcber unsere Schlie\u00dfungszeiten in den verschiedenen Niederlassungen von Fuster &amp; Associates in Spanien auf dem Laufenden.\" \/>\n<meta property=\"og:url\" content=\"https:\/\/fuster-associates.com\/de\/ruhetage\/\" \/>\n<meta property=\"og:site_name\" content=\"Fuster &amp; Associates\" \/>\n<meta property=\"article:publisher\" content=\"https:\/\/www.facebook.com\/fusterspain\/\" \/>\n<meta property=\"article:modified_time\" content=\"2026-04-28T07:20:51+00:00\" \/>\n<meta property=\"og:image\" content=\"https:\/\/fuster-associates.com\/wp-content\/uploads\/2020\/02\/slide-fuster-standard.jpg\" \/>\n\t<meta property=\"og:image:width\" content=\"1920\" \/>\n\t<meta property=\"og:image:height\" content=\"1280\" \/>\n\t<meta property=\"og:image:type\" content=\"image\/jpeg\" \/>\n<meta name=\"twitter:card\" content=\"summary_large_image\" \/>\n<meta name=\"twitter:site\" content=\"@FusterSpain\" \/>\n<meta name=\"twitter:label1\" content=\"Gesch\u00e4tzte Lesezeit\" \/>\n\t<meta name=\"twitter:data1\" content=\"4\u00a0Minuten\" \/>\n<script type=\"application\/ld+json\" class=\"yoast-schema-graph\">{\"@context\":\"https:\\\/\\\/schema.org\",\"@graph\":[{\"@type\":\"WebPage\",\"@id\":\"https:\\\/\\\/fuster-associates.com\\\/de\\\/ruhetage\\\/\",\"url\":\"https:\\\/\\\/fuster-associates.com\\\/de\\\/ruhetage\\\/\",\"name\":\"Informationen zu \u00f6ffentlichen und lokalen Feiertagen \u2013 Fuster & Associates\",\"isPartOf\":{\"@id\":\"https:\\\/\\\/fuster-associates.com\\\/de\\\/#website\"},\"datePublished\":\"2025-02-14T11:44:33+00:00\",\"dateModified\":\"2026-04-28T07:20:51+00:00\",\"description\":\"Bleiben Sie \u00fcber unsere Schlie\u00dfungszeiten in den verschiedenen Niederlassungen von Fuster & Associates in Spanien auf dem Laufenden.\",\"breadcrumb\":{\"@id\":\"https:\\\/\\\/fuster-associates.com\\\/de\\\/ruhetage\\\/#breadcrumb\"},\"inLanguage\":\"de\",\"potentialAction\":[{\"@type\":\"ReadAction\",\"target\":[\"https:\\\/\\\/fuster-associates.com\\\/de\\\/ruhetage\\\/\"]}]},{\"@type\":\"BreadcrumbList\",\"@id\":\"https:\\\/\\\/fuster-associates.com\\\/de\\\/ruhetage\\\/#breadcrumb\",\"itemListElement\":[{\"@type\":\"ListItem\",\"position\":1,\"name\":\"Home\",\"item\":\"https:\\\/\\\/fuster-associates.com\\\/de\\\/\"},{\"@type\":\"ListItem\",\"position\":2,\"name\":\"Ruhetage\"}]},{\"@type\":\"WebSite\",\"@id\":\"https:\\\/\\\/fuster-associates.com\\\/de\\\/#website\",\"url\":\"https:\\\/\\\/fuster-associates.com\\\/de\\\/\",\"name\":\"Fuster & Associates\",\"description\":\"Property Solicitors\",\"publisher\":{\"@id\":\"https:\\\/\\\/fuster-associates.com\\\/de\\\/#organization\"},\"potentialAction\":[{\"@type\":\"SearchAction\",\"target\":{\"@type\":\"EntryPoint\",\"urlTemplate\":\"https:\\\/\\\/fuster-associates.com\\\/de\\\/?s={search_term_string}\"},\"query-input\":{\"@type\":\"PropertyValueSpecification\",\"valueRequired\":true,\"valueName\":\"search_term_string\"}}],\"inLanguage\":\"de\"},{\"@type\":\"Organization\",\"@id\":\"https:\\\/\\\/fuster-associates.com\\\/de\\\/#organization\",\"name\":\"FUSTER & ASSOCIATES\",\"url\":\"https:\\\/\\\/fuster-associates.com\\\/de\\\/\",\"logo\":{\"@type\":\"ImageObject\",\"inLanguage\":\"de\",\"@id\":\"https:\\\/\\\/fuster-associates.com\\\/de\\\/#\\\/schema\\\/logo\\\/image\\\/\",\"url\":\"https:\\\/\\\/fuster-associates.com\\\/wp-content\\\/uploads\\\/2018\\\/08\\\/logo-fuster-1.jpeg\",\"contentUrl\":\"https:\\\/\\\/fuster-associates.com\\\/wp-content\\\/uploads\\\/2018\\\/08\\\/logo-fuster-1.jpeg\",\"width\":180,\"height\":113,\"caption\":\"FUSTER & ASSOCIATES\"},\"image\":{\"@id\":\"https:\\\/\\\/fuster-associates.com\\\/de\\\/#\\\/schema\\\/logo\\\/image\\\/\"},\"sameAs\":[\"https:\\\/\\\/www.facebook.com\\\/fusterspain\\\/\",\"https:\\\/\\\/x.com\\\/FusterSpain\",\"https:\\\/\\\/www.youtube.com\\\/channel\\\/UC2-kNuL1SoqlFizI47hmIOQ\",\"https:\\\/\\\/www.linkedin.com\\\/company\\\/fuster-&-associates\\\/\"]}]}<\/script>\n<!-- \/ Yoast SEO plugin. -->","yoast_head_json":{"title":"Informationen zu \u00f6ffentlichen und lokalen Feiertagen \u2013 Fuster & Associates","description":"Bleiben Sie \u00fcber unsere Schlie\u00dfungszeiten in den verschiedenen Niederlassungen von Fuster & Associates in Spanien auf dem Laufenden.","robots":{"index":"index","follow":"follow","max-snippet":"max-snippet:-1","max-image-preview":"max-image-preview:large","max-video-preview":"max-video-preview:-1"},"canonical":"https:\/\/fuster-associates.com\/de\/ruhetage\/","og_locale":"de_DE","og_type":"article","og_title":"Informationen zu \u00f6ffentlichen und lokalen Feiertagen \u2013 Fuster & Associates","og_description":"Bleiben Sie \u00fcber unsere Schlie\u00dfungszeiten in den verschiedenen Niederlassungen von Fuster & Associates in Spanien auf dem Laufenden.","og_url":"https:\/\/fuster-associates.com\/de\/ruhetage\/","og_site_name":"Fuster &amp; Associates","article_publisher":"https:\/\/www.facebook.com\/fusterspain\/","article_modified_time":"2026-04-28T07:20:51+00:00","og_image":[{"width":1920,"height":1280,"url":"https:\/\/fuster-associates.com\/wp-content\/uploads\/2020\/02\/slide-fuster-standard.jpg","type":"image\/jpeg"}],"twitter_card":"summary_large_image","twitter_site":"@FusterSpain","twitter_misc":{"Gesch\u00e4tzte Lesezeit":"4\u00a0Minuten"},"schema":{"@context":"https:\/\/schema.org","@graph":[{"@type":"WebPage","@id":"https:\/\/fuster-associates.com\/de\/ruhetage\/","url":"https:\/\/fuster-associates.com\/de\/ruhetage\/","name":"Informationen zu \u00f6ffentlichen und lokalen Feiertagen \u2013 Fuster & Associates","isPartOf":{"@id":"https:\/\/fuster-associates.com\/de\/#website"},"datePublished":"2025-02-14T11:44:33+00:00","dateModified":"2026-04-28T07:20:51+00:00","description":"Bleiben Sie \u00fcber unsere Schlie\u00dfungszeiten in den verschiedenen Niederlassungen von Fuster & Associates in Spanien auf dem Laufenden.","breadcrumb":{"@id":"https:\/\/fuster-associates.com\/de\/ruhetage\/#breadcrumb"},"inLanguage":"de","potentialAction":[{"@type":"ReadAction","target":["https:\/\/fuster-associates.com\/de\/ruhetage\/"]}]},{"@type":"BreadcrumbList","@id":"https:\/\/fuster-associates.com\/de\/ruhetage\/#breadcrumb","itemListElement":[{"@type":"ListItem","position":1,"name":"Home","item":"https:\/\/fuster-associates.com\/de\/"},{"@type":"ListItem","position":2,"name":"Ruhetage"}]},{"@type":"WebSite","@id":"https:\/\/fuster-associates.com\/de\/#website","url":"https:\/\/fuster-associates.com\/de\/","name":"Fuster & Associates","description":"Property Solicitors","publisher":{"@id":"https:\/\/fuster-associates.com\/de\/#organization"},"potentialAction":[{"@type":"SearchAction","target":{"@type":"EntryPoint","urlTemplate":"https:\/\/fuster-associates.com\/de\/?s={search_term_string}"},"query-input":{"@type":"PropertyValueSpecification","valueRequired":true,"valueName":"search_term_string"}}],"inLanguage":"de"},{"@type":"Organization","@id":"https:\/\/fuster-associates.com\/de\/#organization","name":"FUSTER & ASSOCIATES","url":"https:\/\/fuster-associates.com\/de\/","logo":{"@type":"ImageObject","inLanguage":"de","@id":"https:\/\/fuster-associates.com\/de\/#\/schema\/logo\/image\/","url":"https:\/\/fuster-associates.com\/wp-content\/uploads\/2018\/08\/logo-fuster-1.jpeg","contentUrl":"https:\/\/fuster-associates.com\/wp-content\/uploads\/2018\/08\/logo-fuster-1.jpeg","width":180,"height":113,"caption":"FUSTER & ASSOCIATES"},"image":{"@id":"https:\/\/fuster-associates.com\/de\/#\/schema\/logo\/image\/"},"sameAs":["https:\/\/www.facebook.com\/fusterspain\/","https:\/\/x.com\/FusterSpain","https:\/\/www.youtube.com\/channel\/UC2-kNuL1SoqlFizI47hmIOQ","https:\/\/www.linkedin.com\/company\/fuster-&-associates\/"]}]}},"_links":{"self":[{"href":"https:\/\/fuster-associates.com\/de\/wp-json\/wp\/v2\/pages\/28832","targetHints":{"allow":["GET"]}}],"collection":[{"href":"https:\/\/fuster-associates.com\/de\/wp-json\/wp\/v2\/pages"}],"about":[{"href":"https:\/\/fuster-associates.com\/de\/wp-json\/wp\/v2\/types\/page"}],"author":[{"embeddable":true,"href":"https:\/\/fuster-associates.com\/de\/wp-json\/wp\/v2\/users\/1"}],"replies":[{"embeddable":true,"href":"https:\/\/fuster-associates.com\/de\/wp-json\/wp\/v2\/comments?post=28832"}],"version-history":[{"count":13,"href":"https:\/\/fuster-associates.com\/de\/wp-json\/wp\/v2\/pages\/28832\/revisions"}],"predecessor-version":[{"id":38134,"href":"https:\/\/fuster-associates.com\/de\/wp-json\/wp\/v2\/pages\/28832\/revisions\/38134"}],"wp:attachment":[{"href":"https:\/\/fuster-associates.com\/de\/wp-json\/wp\/v2\/media?parent=28832"}],"curies":[{"name":"wp","href":"https:\/\/api.w.org\/{rel}","templated":true}]}}