{"id":28512,"date":"2025-02-19T11:00:29","date_gmt":"2025-02-19T10:00:29","guid":{"rendered":"https:\/\/fuster2.kustom.es\/privacy-policy\/"},"modified":"2025-10-09T09:12:49","modified_gmt":"2025-10-09T07:12:49","slug":"datenschutzrichtlinie","status":"publish","type":"page","link":"https:\/\/fuster-associates.com\/de\/datenschutzrichtlinie\/","title":{"rendered":"Datenschutzbestimmungen"},"content":{"rendered":"\t\t<div data-elementor-type=\"wp-page\" data-elementor-id=\"28512\" class=\"elementor elementor-28512 elementor-22494\" data-elementor-post-type=\"page\">\n\t\t\t\t<div class=\"elementor-element elementor-element-2703dec e-flex e-con-boxed e-con e-parent\" data-id=\"2703dec\" data-element_type=\"container\" data-e-type=\"container\" data-settings=\"{&quot;background_background&quot;:&quot;classic&quot;}\">\n\t\t\t\t\t<div class=\"e-con-inner\">\n\t\t\t\t<div class=\"elementor-element elementor-element-5f8ab14 elementor-invisible elementor-widget elementor-widget-heading\" data-id=\"5f8ab14\" data-element_type=\"widget\" data-e-type=\"widget\" data-settings=\"{&quot;_animation&quot;:&quot;fadeInDown&quot;}\" data-widget_type=\"heading.default\">\n\t\t\t\t\t<h1 class=\"elementor-heading-title elementor-size-default\">Datenschutzbestimmungen<\/h1>\t\t\t\t<\/div>\n\t\t\t\t<div class=\"elementor-element elementor-element-34f0089 elementor-invisible elementor-widget elementor-widget-breadcrumbs\" data-id=\"34f0089\" data-element_type=\"widget\" data-e-type=\"widget\" data-settings=\"{&quot;_animation&quot;:&quot;fadeInUp&quot;}\" data-widget_type=\"breadcrumbs.default\">\n\t\t\t\t\t<p id=\"breadcrumbs\"><span><span><a href=\"https:\/\/fuster-associates.com\/de\/\">Home<\/a><\/span><\/span><\/p>\t\t\t\t<\/div>\n\t\t\t\t\t<\/div>\n\t\t\t\t<\/div>\n\t\t<div class=\"elementor-element elementor-element-75b458b e-flex e-con-boxed e-con e-parent\" data-id=\"75b458b\" data-element_type=\"container\" data-e-type=\"container\" data-settings=\"{&quot;background_background&quot;:&quot;classic&quot;}\">\n\t\t\t\t\t<div class=\"e-con-inner\">\n\t\t\t\t<div class=\"elementor-element elementor-element-505e657 elementor-invisible elementor-widget elementor-widget-text-editor\" data-id=\"505e657\" data-element_type=\"widget\" data-e-type=\"widget\" data-settings=\"{&quot;_animation&quot;:&quot;fadeInUp&quot;}\" data-widget_type=\"text-editor.default\">\n\t\t\t\t\t\t\t\t\t<p>FUSTER CONSULTING, S.L. ist sich besonders der Bedeutung des Schutzes personenbezogener Daten der Nutzer der Website-Dienste bewusst.<\/p><p>Mit dieser Datenschutzerkl\u00e4rung (im Folgenden als Datenschutzrichtlinie bezeichnet) informiert FUSTER CONSULTING, S.L. die Nutzer des Webs: https:\/\/fuster-associates.com, wie die im Web gesammelten personenbezogenen Daten verwendet werden, damit sie frei und freiwillig entscheiden k\u00f6nnen, ob sie die angeforderten Informationen bereitstellen m\u00f6chten.<\/p><p>FUSTER CONSULTING, S.L. beh\u00e4lt sich das Recht vor, diese Richtlinie zu \u00e4ndern, um sie an neue Gesetze, rechtswissenschaftliche Kriterien, branchenbezogene oder f\u00fcr das Unternehmen interessante Informationen anzupassen. Jede \u00c4nderung, die vorgenommen werden soll, wird mit der erforderlichen Vorank\u00fcndigung zur Verf\u00fcgung gestellt, damit der vollst\u00e4ndige Inhalt dieser \u00c4nderungen bekannt gemacht werden kann.<\/p><h5>\u2022 VERANTWORTLICHE STELLE<\/h5><p>Der Umgang mit personenbezogenen Daten liegt in der Verantwortung von;<\/p><p>FUSTER CONSULTING, S.L.<\/p><p>mit Sitz in Avenida de La Libertad, 301 \u2013 1\u00aa planta P.6 CP 30710 Los Alc\u00e1zares (Murcia). Tel: (+34 968575650) und E-Mail: info@fuster-associates.com<\/p><h5>\u2022 WARUM INFORMATIONEN GESAMMELT WERDEN<\/h5><p>Pers\u00f6nliche Informationen werden \u00fcber die verschiedenen Formulare und Dokumente gesammelt, die FUSTER CONSULTING, S.L. geh\u00f6ren und den Benutzern zur Verf\u00fcgung gestellt werden, um Informationsanfragen, Zweifel, Beschwerden, Lob oder Vorschl\u00e4ge in Bezug auf die Ver\u00f6ffentlichungen oder andere verliehene Dienstleistungen oder Arbeiten, Handlungen oder Veranstaltungen verwalten und bearbeiten zu k\u00f6nnen. angeboten, unterst\u00fctzt und\/oder gesponsert von FUSTER CONSULTING, S.L.,<\/p><h5>\u2022 AUFBEWAHRUNGSZEITRAUM<\/h5><p>Die zur Verf\u00fcgung gestellten personenbezogenen Daten werden so lange aufbewahrt, wie es gesetzlich vorgeschrieben ist oder solange der Betroffene nicht die L\u00f6schung dieser Informationen verlangt und dazu berechtigt ist.<\/p><h5>\u2022 LEGITIMATION<\/h5><p>FUSTER CONSULTING, S.L. ist berechtigt, mit personenbezogenen Daten umzugehen, auf der Grundlage der vom Interessenten erteilten Einwilligung f\u00fcr einen oder mehrere der spezifischen Bed\u00fcrfnisse, die in Artikel 6.1 a) der Allgemeinen Vorschriften zum Schutz personenbezogener Daten festgelegt sind. Die Kontaktdaten k\u00f6nnen entsprechend dem Zweck des jeweiligen Formulars verarbeitet und verwendet werden. Beispiel: Wenn Sie sich f\u00fcr einen Newsletter anmelden, kann Ihre E-Mail-Adresse f\u00fcr den Versand dieses Newsletters verwendet werden, und f\u00fcr diesen Zweck ist keine ausdr\u00fcckliche Zustimmung erforderlich, da sich der Zweck\/Gegenstand dieses Formulars\/dieser Funktion daraus ergibt.\u00a0<\/p><h5>\u2022 GENAUIGKEIT DER DATEN<\/h5><p>Damit die in unsere Dateien \u00fcbermittelten Daten, unabh\u00e4ngig davon, ob sie elektronisch oder auf Papier vorliegen, immer die tats\u00e4chliche Situation der \u00fcbermittelten Informationen widerspiegeln, werden alle Anstrengungen unternommen, um sie auf dem neuesten Stand zu halten. Zu diesem Zweck muss der Nutzer alle notwendigen \u00c4nderungen vornehmen, entweder direkt, wenn er dazu befugt ist, oder indem er den betreffenden Bereich oder die betreffende Abteilung von FUSTER CONSULTING, S.L. informiert.<\/p><h5>\u2022 RECIPIENTS<\/h5><p>Third parties will not be informed of or given personal data unless doing this is necessary for the development, control and compliance with the objectives regulated by law.<\/p><h5>\u2022 USERS\u2019 RIGHTS<\/h5><p>The owner of the personal data, in any case, may exercise his right, as set out in the General Register of Data Protection (Spanish acronym RGPD), which are:<\/p><p>\u2022 Right to access his personal data,<br \/>\u2022 Right to request for it to be rectified or eliminated,<br \/>\u2022 Right to request for its use to be limited,<br \/>\u2022 Right to oppose it being used,<br \/>\u2022 Right to the portability of data<\/p><p>The interested party may exercise these rights in writing, with a copy of his ID\/passport attached, and sending it to the following address: FUSTER CONSULTING, S.L., Avenida de La Libertad, 301 \u2013 1\u00aa planta P.6 CP 30710 Los Alc\u00e1zares (Murcia), Spain. Which of these rights the user wishes to exercise must be specified.<\/p><h5>\u2022 SECURITY MEASURES<\/h5><p>Schlie\u00dflich informiert FUSTER CONSULTING, S.L., dass alle gesetzlich vorgeschriebenen technischen und organisatorischen Ma\u00dfnahmen ergriffen werden, um die Sicherheit und Vertraulichkeit der gespeicherten Daten zu gew\u00e4hrleisten und somit zu verhindern, dass sie unbefugt ver\u00e4ndert, verloren oder verwendet werden; unter Ber\u00fccksichtigung des Zustands der Technik, der Kosten f\u00fcr ihre Anwendung und der Art, des Umfangs, des Kontexts und des Ziels des Umgangs mit den Daten sowie der Wahrscheinlichkeitsrisiken und der unterschiedlichen Schwere der durchgef\u00fchrten Gesch\u00e4fte.<\/p><p>Wenn Sie Fragen zu dieser Datenschutzerkl\u00e4rung haben, bitten wir Sie, uns per E-Mail zu kontaktieren: info@fuster-associates.com.<\/p>\t\t\t\t\t\t\t\t<\/div>\n\t\t\t\t\t<\/div>\n\t\t\t\t<\/div>\n\t\t\t\t<\/div>\n\t\t","protected":false},"excerpt":{"rendered":"<p>FUSTER CONSULTING, S.L. ist sich besonders der Bedeutung des Schutzes personenbezogener Daten der Nutzer der Website-Dienste bewusst. Mit dieser Datenschutzerkl\u00e4rung (im Folgenden als Datenschutzrichtlinie bezeichnet) informiert FUSTER CONSULTING, S.L. die Nutzer des Webs: https:\/\/fuster-associates.com, wie die im Web gesammelten personenbezogenen Daten verwendet werden, damit sie frei und freiwillig entscheiden k\u00f6nnen, ob sie die angeforderten Informationen [&hellip;]<\/p>\n","protected":false},"author":2,"featured_media":0,"parent":0,"menu_order":0,"comment_status":"closed","ping_status":"closed","template":"","meta":{"content-type":"","_sitemap_exclude":false,"_sitemap_priority":"","_sitemap_frequency":"","footnotes":""},"class_list":["post-28512","page","type-page","status-publish","hentry"],"yoast_head":"<!-- This site is optimized with the Yoast SEO plugin v27.2 - https:\/\/yoast.com\/product\/yoast-seo-wordpress\/ -->\n<title>Datenschutzerkl\u00e4rung \u2013 Fuster &amp; Associates<\/title>\n<meta name=\"description\" content=\"Lesen Sie, wie wir personenbezogene Daten gem\u00e4\u00df den gesetzlichen Bestimmungen sch\u00fctzen, verwalten und verwenden.\" \/>\n<meta name=\"robots\" content=\"index, follow, max-snippet:-1, max-image-preview:large, max-video-preview:-1\" \/>\n<link rel=\"canonical\" href=\"https:\/\/fuster-associates.com\/de\/datenschutzrichtlinie\/\" \/>\n<meta property=\"og:locale\" content=\"de_DE\" \/>\n<meta property=\"og:type\" content=\"article\" \/>\n<meta property=\"og:title\" content=\"Datenschutzerkl\u00e4rung \u2013 Fuster &amp; Associates\" \/>\n<meta property=\"og:description\" content=\"Lesen Sie, wie wir personenbezogene Daten gem\u00e4\u00df den gesetzlichen Bestimmungen sch\u00fctzen, verwalten und verwenden.\" \/>\n<meta property=\"og:url\" content=\"https:\/\/fuster-associates.com\/de\/datenschutzrichtlinie\/\" \/>\n<meta property=\"og:site_name\" content=\"Fuster &amp; Associates\" \/>\n<meta property=\"article:publisher\" content=\"https:\/\/www.facebook.com\/fusterspain\/\" \/>\n<meta property=\"article:modified_time\" content=\"2025-10-09T07:12:49+00:00\" \/>\n<meta property=\"og:image\" content=\"https:\/\/fuster-associates.com\/wp-content\/uploads\/2020\/02\/slide-fuster-standard.jpg\" \/>\n\t<meta property=\"og:image:width\" content=\"1920\" \/>\n\t<meta property=\"og:image:height\" content=\"1280\" \/>\n\t<meta property=\"og:image:type\" content=\"image\/jpeg\" \/>\n<meta name=\"twitter:card\" content=\"summary_large_image\" \/>\n<meta name=\"twitter:site\" content=\"@FusterSpain\" \/>\n<meta name=\"twitter:label1\" content=\"Gesch\u00e4tzte Lesezeit\" \/>\n\t<meta name=\"twitter:data1\" content=\"4\u00a0Minuten\" \/>\n<script type=\"application\/ld+json\" class=\"yoast-schema-graph\">{\"@context\":\"https:\/\/schema.org\",\"@graph\":[{\"@type\":\"WebPage\",\"@id\":\"https:\/\/fuster-associates.com\/de\/datenschutzrichtlinie\/\",\"url\":\"https:\/\/fuster-associates.com\/de\/datenschutzrichtlinie\/\",\"name\":\"Datenschutzerkl\u00e4rung \u2013 Fuster & Associates\",\"isPartOf\":{\"@id\":\"https:\/\/fuster-associates.com\/de\/#website\"},\"datePublished\":\"2025-02-19T10:00:29+00:00\",\"dateModified\":\"2025-10-09T07:12:49+00:00\",\"description\":\"Lesen Sie, wie wir personenbezogene Daten gem\u00e4\u00df den gesetzlichen Bestimmungen sch\u00fctzen, verwalten und verwenden.\",\"breadcrumb\":{\"@id\":\"https:\/\/fuster-associates.com\/de\/datenschutzrichtlinie\/#breadcrumb\"},\"inLanguage\":\"de\",\"potentialAction\":[{\"@type\":\"ReadAction\",\"target\":[\"https:\/\/fuster-associates.com\/de\/datenschutzrichtlinie\/\"]}]},{\"@type\":\"BreadcrumbList\",\"@id\":\"https:\/\/fuster-associates.com\/de\/datenschutzrichtlinie\/#breadcrumb\",\"itemListElement\":[{\"@type\":\"ListItem\",\"position\":1,\"name\":\"Home\",\"item\":\"https:\/\/fuster-associates.com\/de\/\"},{\"@type\":\"ListItem\",\"position\":2,\"name\":\"Datenschutzbestimmungen\"}]},{\"@type\":\"WebSite\",\"@id\":\"https:\/\/fuster-associates.com\/de\/#website\",\"url\":\"https:\/\/fuster-associates.com\/de\/\",\"name\":\"Fuster & Associates\",\"description\":\"Property Solicitors\",\"publisher\":{\"@id\":\"https:\/\/fuster-associates.com\/de\/#organization\"},\"potentialAction\":[{\"@type\":\"SearchAction\",\"target\":{\"@type\":\"EntryPoint\",\"urlTemplate\":\"https:\/\/fuster-associates.com\/de\/?s={search_term_string}\"},\"query-input\":{\"@type\":\"PropertyValueSpecification\",\"valueRequired\":true,\"valueName\":\"search_term_string\"}}],\"inLanguage\":\"de\"},{\"@type\":\"Organization\",\"@id\":\"https:\/\/fuster-associates.com\/de\/#organization\",\"name\":\"FUSTER & ASSOCIATES\",\"url\":\"https:\/\/fuster-associates.com\/de\/\",\"logo\":{\"@type\":\"ImageObject\",\"inLanguage\":\"de\",\"@id\":\"https:\/\/fuster-associates.com\/de\/#\/schema\/logo\/image\/\",\"url\":\"https:\/\/fuster-associates.com\/wp-content\/uploads\/2018\/08\/logo-fuster-1.jpeg\",\"contentUrl\":\"https:\/\/fuster-associates.com\/wp-content\/uploads\/2018\/08\/logo-fuster-1.jpeg\",\"width\":180,\"height\":113,\"caption\":\"FUSTER & ASSOCIATES\"},\"image\":{\"@id\":\"https:\/\/fuster-associates.com\/de\/#\/schema\/logo\/image\/\"},\"sameAs\":[\"https:\/\/www.facebook.com\/fusterspain\/\",\"https:\/\/x.com\/FusterSpain\",\"https:\/\/www.youtube.com\/channel\/UC2-kNuL1SoqlFizI47hmIOQ\",\"https:\/\/www.linkedin.com\/company\/fuster-&-associates\/\"]}]}<\/script>\n<!-- \/ Yoast SEO plugin. -->","yoast_head_json":{"title":"Datenschutzerkl\u00e4rung \u2013 Fuster & Associates","description":"Lesen Sie, wie wir personenbezogene Daten gem\u00e4\u00df den gesetzlichen Bestimmungen sch\u00fctzen, verwalten und verwenden.","robots":{"index":"index","follow":"follow","max-snippet":"max-snippet:-1","max-image-preview":"max-image-preview:large","max-video-preview":"max-video-preview:-1"},"canonical":"https:\/\/fuster-associates.com\/de\/datenschutzrichtlinie\/","og_locale":"de_DE","og_type":"article","og_title":"Datenschutzerkl\u00e4rung \u2013 Fuster & Associates","og_description":"Lesen Sie, wie wir personenbezogene Daten gem\u00e4\u00df den gesetzlichen Bestimmungen sch\u00fctzen, verwalten und verwenden.","og_url":"https:\/\/fuster-associates.com\/de\/datenschutzrichtlinie\/","og_site_name":"Fuster &amp; Associates","article_publisher":"https:\/\/www.facebook.com\/fusterspain\/","article_modified_time":"2025-10-09T07:12:49+00:00","og_image":[{"width":1920,"height":1280,"url":"https:\/\/fuster-associates.com\/wp-content\/uploads\/2020\/02\/slide-fuster-standard.jpg","type":"image\/jpeg"}],"twitter_card":"summary_large_image","twitter_site":"@FusterSpain","twitter_misc":{"Gesch\u00e4tzte Lesezeit":"4\u00a0Minuten"},"schema":{"@context":"https:\/\/schema.org","@graph":[{"@type":"WebPage","@id":"https:\/\/fuster-associates.com\/de\/datenschutzrichtlinie\/","url":"https:\/\/fuster-associates.com\/de\/datenschutzrichtlinie\/","name":"Datenschutzerkl\u00e4rung \u2013 Fuster & Associates","isPartOf":{"@id":"https:\/\/fuster-associates.com\/de\/#website"},"datePublished":"2025-02-19T10:00:29+00:00","dateModified":"2025-10-09T07:12:49+00:00","description":"Lesen Sie, wie wir personenbezogene Daten gem\u00e4\u00df den gesetzlichen Bestimmungen sch\u00fctzen, verwalten und verwenden.","breadcrumb":{"@id":"https:\/\/fuster-associates.com\/de\/datenschutzrichtlinie\/#breadcrumb"},"inLanguage":"de","potentialAction":[{"@type":"ReadAction","target":["https:\/\/fuster-associates.com\/de\/datenschutzrichtlinie\/"]}]},{"@type":"BreadcrumbList","@id":"https:\/\/fuster-associates.com\/de\/datenschutzrichtlinie\/#breadcrumb","itemListElement":[{"@type":"ListItem","position":1,"name":"Home","item":"https:\/\/fuster-associates.com\/de\/"},{"@type":"ListItem","position":2,"name":"Datenschutzbestimmungen"}]},{"@type":"WebSite","@id":"https:\/\/fuster-associates.com\/de\/#website","url":"https:\/\/fuster-associates.com\/de\/","name":"Fuster & Associates","description":"Property Solicitors","publisher":{"@id":"https:\/\/fuster-associates.com\/de\/#organization"},"potentialAction":[{"@type":"SearchAction","target":{"@type":"EntryPoint","urlTemplate":"https:\/\/fuster-associates.com\/de\/?s={search_term_string}"},"query-input":{"@type":"PropertyValueSpecification","valueRequired":true,"valueName":"search_term_string"}}],"inLanguage":"de"},{"@type":"Organization","@id":"https:\/\/fuster-associates.com\/de\/#organization","name":"FUSTER & ASSOCIATES","url":"https:\/\/fuster-associates.com\/de\/","logo":{"@type":"ImageObject","inLanguage":"de","@id":"https:\/\/fuster-associates.com\/de\/#\/schema\/logo\/image\/","url":"https:\/\/fuster-associates.com\/wp-content\/uploads\/2018\/08\/logo-fuster-1.jpeg","contentUrl":"https:\/\/fuster-associates.com\/wp-content\/uploads\/2018\/08\/logo-fuster-1.jpeg","width":180,"height":113,"caption":"FUSTER & ASSOCIATES"},"image":{"@id":"https:\/\/fuster-associates.com\/de\/#\/schema\/logo\/image\/"},"sameAs":["https:\/\/www.facebook.com\/fusterspain\/","https:\/\/x.com\/FusterSpain","https:\/\/www.youtube.com\/channel\/UC2-kNuL1SoqlFizI47hmIOQ","https:\/\/www.linkedin.com\/company\/fuster-&-associates\/"]}]}},"_links":{"self":[{"href":"https:\/\/fuster-associates.com\/de\/wp-json\/wp\/v2\/pages\/28512","targetHints":{"allow":["GET"]}}],"collection":[{"href":"https:\/\/fuster-associates.com\/de\/wp-json\/wp\/v2\/pages"}],"about":[{"href":"https:\/\/fuster-associates.com\/de\/wp-json\/wp\/v2\/types\/page"}],"author":[{"embeddable":true,"href":"https:\/\/fuster-associates.com\/de\/wp-json\/wp\/v2\/users\/2"}],"replies":[{"embeddable":true,"href":"https:\/\/fuster-associates.com\/de\/wp-json\/wp\/v2\/comments?post=28512"}],"version-history":[{"count":5,"href":"https:\/\/fuster-associates.com\/de\/wp-json\/wp\/v2\/pages\/28512\/revisions"}],"predecessor-version":[{"id":34607,"href":"https:\/\/fuster-associates.com\/de\/wp-json\/wp\/v2\/pages\/28512\/revisions\/34607"}],"wp:attachment":[{"href":"https:\/\/fuster-associates.com\/de\/wp-json\/wp\/v2\/media?parent=28512"}],"curies":[{"name":"wp","href":"https:\/\/api.w.org\/{rel}","templated":true}]}}