{"id":28462,"date":"2025-02-20T11:37:34","date_gmt":"2025-02-20T10:37:34","guid":{"rendered":"https:\/\/fuster2.kustom.es\/accessibility\/"},"modified":"2025-09-01T10:20:37","modified_gmt":"2025-09-01T08:20:37","slug":"zugaenglichkeit","status":"publish","type":"page","link":"https:\/\/fuster-associates.com\/de\/zugaenglichkeit\/","title":{"rendered":"Zug\u00e4nglichkeit"},"content":{"rendered":"\t\t<div data-elementor-type=\"wp-page\" data-elementor-id=\"28462\" class=\"elementor elementor-28462 elementor-22753\" data-elementor-post-type=\"page\">\n\t\t\t\t<div class=\"elementor-element elementor-element-d26b8da e-flex e-con-boxed e-con e-parent\" data-id=\"d26b8da\" data-element_type=\"container\" data-e-type=\"container\" data-settings=\"{&quot;background_background&quot;:&quot;classic&quot;}\">\n\t\t\t\t\t<div class=\"e-con-inner\">\n\t\t\t\t<div class=\"elementor-element elementor-element-fb8b756 elementor-invisible elementor-widget elementor-widget-heading\" data-id=\"fb8b756\" data-element_type=\"widget\" data-e-type=\"widget\" data-settings=\"{&quot;_animation&quot;:&quot;fadeInDown&quot;}\" data-widget_type=\"heading.default\">\n\t\t\t\t\t<h1 class=\"elementor-heading-title elementor-size-default\">Zug\u00e4nglichkeit<\/h1>\t\t\t\t<\/div>\n\t\t\t\t<div class=\"elementor-element elementor-element-8567995 elementor-invisible elementor-widget elementor-widget-breadcrumbs\" data-id=\"8567995\" data-element_type=\"widget\" data-e-type=\"widget\" data-settings=\"{&quot;_animation&quot;:&quot;fadeInUp&quot;}\" data-widget_type=\"breadcrumbs.default\">\n\t\t\t\t\t<p id=\"breadcrumbs\"><span><span><a href=\"https:\/\/fuster-associates.com\/de\/\">Home<\/a><\/span><\/span><\/p>\t\t\t\t<\/div>\n\t\t\t\t\t<\/div>\n\t\t\t\t<\/div>\n\t\t<div class=\"elementor-element elementor-element-574f6ae e-flex e-con-boxed e-con e-parent\" data-id=\"574f6ae\" data-element_type=\"container\" data-e-type=\"container\" data-settings=\"{&quot;background_background&quot;:&quot;classic&quot;}\">\n\t\t\t\t\t<div class=\"e-con-inner\">\n\t\t\t\t<div class=\"elementor-element elementor-element-95cd50c elementor-invisible elementor-widget elementor-widget-text-editor\" data-id=\"95cd50c\" data-element_type=\"widget\" data-e-type=\"widget\" data-settings=\"{&quot;_animation&quot;:&quot;fadeInUp&quot;}\" data-widget_type=\"text-editor.default\">\n\t\t\t\t\t\t\t\t\t<h3>Erkl\u00e4rung zur Barrierefreiheit<\/h3><p>Unser Unternehmen hat sich verpflichtet, seine Website gem\u00e4\u00df\u00a0<a title=\"Este enlace se abrir\u00e1\u00a1 en ventana nueva\" role=\"link\" href=\"https:\/\/www.boe.es\/diario_boe\/txt.php?id=BOE-A-2018-12699\" target=\"_blank\" rel=\"noopener\">dem K\u00f6niglichen Dekret 1112\/2018 vom 7. September \u00fcber den barrierefreien Zugang zu Websites und Anwendungen f\u00fcr mobile Ger\u00e4te im \u00f6ffentlichen<img decoding=\"async\" title=\"Este enlace se abrir\u00e1 en ventana nueva\" src=\"https:\/\/sede.carm.es\/web\/CARM\/images\/external.png\" alt=\"Este enlace se abrir\u00c3\u00a1 en ventana nueva\" \/>\u00a0Sektor<\/a>, mit dem die\u00a0<a title=\"Este enlace se abrir\u00e1 en ventana nueva\" role=\"link\" href=\"https:\/\/www.boe.es\/buscar\/doc.php?id=DOUE-L-2016-82305\" target=\"_blank\" rel=\"noopener\">Richtlinie (EU) 2016\/2102<img decoding=\"async\" title=\"Este enlace se abrir\u00e1 en ventana nueva\" src=\"https:\/\/sede.carm.es\/web\/CARM\/images\/external.png\" alt=\"Este enlace se abrir\u00c3\u00a1 en ventana nueva\" \/><\/a>\u00a0des Europ\u00e4ischen Parlaments und des Rates vom 26. Oktober 2016 umgesetzt wird, barrierefrei zu machen. Diese Erkl\u00e4rung zur Barrierefreiheit gilt f\u00fcr alle Seiten der Domain &#8222;<a role=\"link\" href=\"https:\/\/fuster-associates.com\/\">fuster-associates.com<\/a>&#8222;.<\/p><h3>Status der Einhaltung<\/h3><p>Diese Website entspricht teilweise der Verordnung RD 1112\/2018 aufgrund von Ausnahmen und Nichteinhaltung der unten aufgef\u00fchrten Aspekte.<\/p><h3>Nicht barrierefreie Inhalte<\/h3><p>Auf die folgenden Inhalte kann aus folgenden Gr\u00fcnden nicht zugegriffen werden: to. Nichteinhaltung des K\u00f6niglichen Dekrets 1112\/2018 vom 7. September<\/p><ul><li>Es kann gelegentlich zu Fehlern bei der Bearbeitung einer Website kommen, sowohl im HMTL-Inhalt als auch in den endg\u00fcltigen Dokumenten, die nach dem 20. September 2018 (Datum des Inkrafttretens des K\u00f6niglichen Dekrets 1112\/2018 vom 7. September) ver\u00f6ffentlicht wurden.<\/li><\/ul><p>b. Unverh\u00e4ltnism\u00e4\u00dfige Belastung: entf\u00e4llt. c. Der Inhalt f\u00e4llt nicht in den Anwendungsbereich des anwendbaren Rechts.<\/p><ul><li>Office-Dateien im PDF-Format oder in anderen Formaten, die vor dem 20. September 2018 ver\u00f6ffentlicht wurden und nicht alle Anforderungen an die Barrierefreiheit vollst\u00e4ndig erf\u00fcllen.<\/li><li>Online-Kartierung und Kartierungsdienste<\/li><\/ul><h3>Erstellung dieser Erkl\u00e4rung zur Barrierefreiheit<\/h3><p>Diese Erkl\u00e4rung wurde am 2. Februar 2023 erstellt. Die Methode zur Erstellung der Erkl\u00e4rung war eine Selbstbewertung, die von der Agentur selbst durchgef\u00fchrt wurde. Letzte \u00dcberarbeitung der Erkl\u00e4rung: Februar 2023.<\/p><h3>Anmeldeverfahren<\/h3><p>Sie k\u00f6nnen Mitteilungen \u00fcber Barrierefreiheitsanforderungen (Artikel 10.2.a) des RD 1112\/2018) machen, wie z. B.:<\/p><ul><li>Melden Sie m\u00f6gliche Verst\u00f6\u00dfe durch diese Website<\/li><li>Vermitteln Sie andere Schwierigkeiten beim Zugriff auf Inhalte<\/li><li>Um weitere Fragen oder Verbesserungsvorschl\u00e4ge bez\u00fcglich der Barrierefreiheit der Website zu machen<\/li><\/ul><p>Geben Sie im &#8222;Betreff&#8220; an, dass es sich um &#8222;<strong>Barrierefreiheit im Internet<\/strong>&#8220; handelt, und zwar \u00fcber das Kontaktformular<a title=\"Formulario web Contacte con la Admininistraci\u00f3n Regional\" role=\"link\" href=\"https:\/\/fuster-associates.com\/contacto\/\" target=\"_blank\" rel=\"noopener\">.<\/a>\u00a0Wir danken Ihnen im Voraus f\u00fcr Ihre Mitarbeit, da dies zu einer Verbesserung des Service, den wir Ihnen bieten, f\u00fchren wird. Mitteilungen werden vom Unternehmen entgegengenommen und verarbeitet. Die Anfrage nach zug\u00e4nglichen Informationen und Beschwerden (Artikel 10.2b)) und Beschwerden (Artikel 13) des K\u00f6niglichen Dekrets 1112\/2018 vom 7. September wird \u00fcber das\u00a0<a title=\"Comunicaciones y Reclamaciones de Accesibilidad Web\" role=\"link\" href=\"https:\/\/fuster-associates.com\/contacto\/\" target=\"_blank\" rel=\"noopener\">&#8222;Kontaktformular&#8220;<\/a>\u00a0bearbeitet.<\/p><h3>Optionaler Inhalt<\/h3><p>Diese Website wendet die Anforderungen der Norm UNE-EN 301549:2019 an, unter Ber\u00fccksichtigung der Ausnahmen von RD 1112\/2018. Die letzte Pr\u00fcfung der Barrierefreiheit wurde im Februar 2023 durchgef\u00fchrt. Die Website ist optimiert f\u00fcr Microsoft Internet Explorer 11 oder h\u00f6her und die neuesten aktuellen Versionen von FireFox, Safari, Opera und Google Chrome. Die empfohlene Mindestaufl\u00f6sung im Web betr\u00e4gt 1280\u00d71024. Die Website ist auf responsives Viewing ausgelegt, so dass sie optimal auf Tablets und mobilen Ger\u00e4ten angezeigt wird. Auf diesen Ger\u00e4ten ist es f\u00fcr die Anzeige in den neuesten Versionen von Chrome f\u00fcr Mobilger\u00e4te, Firefox f\u00fcr Mobilger\u00e4te, Safari Mobile, Opera Mini und nativen Android-Browsern optimiert.<\/p>\t\t\t\t\t\t\t\t<\/div>\n\t\t\t\t\t<\/div>\n\t\t\t\t<\/div>\n\t\t\t\t<\/div>\n\t\t","protected":false},"excerpt":{"rendered":"<p>Erkl\u00e4rung zur Barrierefreiheit Unser Unternehmen hat sich verpflichtet, seine Website gem\u00e4\u00df\u00a0dem K\u00f6niglichen Dekret 1112\/2018 vom 7. September \u00fcber den barrierefreien Zugang zu Websites und Anwendungen f\u00fcr mobile Ger\u00e4te im \u00f6ffentlichen\u00a0Sektor, mit dem die\u00a0Richtlinie (EU) 2016\/2102\u00a0des Europ\u00e4ischen Parlaments und des Rates vom 26. Oktober 2016 umgesetzt wird, barrierefrei zu machen. Diese Erkl\u00e4rung zur Barrierefreiheit gilt f\u00fcr [&hellip;]<\/p>\n","protected":false},"author":2,"featured_media":0,"parent":0,"menu_order":0,"comment_status":"closed","ping_status":"closed","template":"","meta":{"content-type":"","_sitemap_exclude":false,"_sitemap_priority":"","_sitemap_frequency":"","footnotes":""},"class_list":["post-28462","page","type-page","status-publish","hentry"],"yoast_head":"<!-- This site is optimized with the Yoast SEO plugin v27.4 - https:\/\/yoast.com\/product\/yoast-seo-wordpress\/ -->\n<title>Richtlinie zur Barrierefreiheit im Internet \u2013 Fuster &amp; Associates<\/title>\n<meta name=\"description\" content=\"Fuster &amp; Associates h\u00e4lt sich an die EU- und spanischen Gesetze, um unsere Website f\u00fcr alle Nutzer, einschlie\u00dflich Menschen mit Behinderungen, zug\u00e4nglich zu machen.\" \/>\n<meta name=\"robots\" content=\"index, follow, max-snippet:-1, max-image-preview:large, max-video-preview:-1\" \/>\n<link rel=\"canonical\" href=\"https:\/\/fuster-associates.com\/de\/zugaenglichkeit\/\" \/>\n<meta property=\"og:locale\" content=\"de_DE\" \/>\n<meta property=\"og:type\" content=\"article\" \/>\n<meta property=\"og:title\" content=\"Richtlinie zur Barrierefreiheit im Internet \u2013 Fuster &amp; Associates\" \/>\n<meta property=\"og:description\" content=\"Fuster &amp; Associates h\u00e4lt sich an die EU- und spanischen Gesetze, um unsere Website f\u00fcr alle Nutzer, einschlie\u00dflich Menschen mit Behinderungen, zug\u00e4nglich zu machen.\" \/>\n<meta property=\"og:url\" content=\"https:\/\/fuster-associates.com\/de\/zugaenglichkeit\/\" \/>\n<meta property=\"og:site_name\" content=\"Fuster &amp; Associates\" \/>\n<meta property=\"article:publisher\" content=\"https:\/\/www.facebook.com\/fusterspain\/\" \/>\n<meta property=\"article:modified_time\" content=\"2025-09-01T08:20:37+00:00\" \/>\n<meta property=\"og:image\" content=\"https:\/\/sede.carm.es\/web\/CARM\/images\/external.png\" \/>\n<meta name=\"twitter:card\" content=\"summary_large_image\" \/>\n<meta name=\"twitter:site\" content=\"@FusterSpain\" \/>\n<meta name=\"twitter:label1\" content=\"Gesch\u00e4tzte Lesezeit\" \/>\n\t<meta name=\"twitter:data1\" content=\"3\u00a0Minuten\" \/>\n<script type=\"application\/ld+json\" class=\"yoast-schema-graph\">{\"@context\":\"https:\\\/\\\/schema.org\",\"@graph\":[{\"@type\":\"WebPage\",\"@id\":\"https:\\\/\\\/fuster-associates.com\\\/de\\\/zugaenglichkeit\\\/\",\"url\":\"https:\\\/\\\/fuster-associates.com\\\/de\\\/zugaenglichkeit\\\/\",\"name\":\"Richtlinie zur Barrierefreiheit im Internet \u2013 Fuster & Associates\",\"isPartOf\":{\"@id\":\"https:\\\/\\\/fuster-associates.com\\\/de\\\/#website\"},\"primaryImageOfPage\":{\"@id\":\"https:\\\/\\\/fuster-associates.com\\\/de\\\/zugaenglichkeit\\\/#primaryimage\"},\"image\":{\"@id\":\"https:\\\/\\\/fuster-associates.com\\\/de\\\/zugaenglichkeit\\\/#primaryimage\"},\"thumbnailUrl\":\"https:\\\/\\\/sede.carm.es\\\/web\\\/CARM\\\/images\\\/external.png\",\"datePublished\":\"2025-02-20T10:37:34+00:00\",\"dateModified\":\"2025-09-01T08:20:37+00:00\",\"description\":\"Fuster & Associates h\u00e4lt sich an die EU- und spanischen Gesetze, um unsere Website f\u00fcr alle Nutzer, einschlie\u00dflich Menschen mit Behinderungen, zug\u00e4nglich zu machen.\",\"breadcrumb\":{\"@id\":\"https:\\\/\\\/fuster-associates.com\\\/de\\\/zugaenglichkeit\\\/#breadcrumb\"},\"inLanguage\":\"de\",\"potentialAction\":[{\"@type\":\"ReadAction\",\"target\":[\"https:\\\/\\\/fuster-associates.com\\\/de\\\/zugaenglichkeit\\\/\"]}]},{\"@type\":\"ImageObject\",\"inLanguage\":\"de\",\"@id\":\"https:\\\/\\\/fuster-associates.com\\\/de\\\/zugaenglichkeit\\\/#primaryimage\",\"url\":\"https:\\\/\\\/sede.carm.es\\\/web\\\/CARM\\\/images\\\/external.png\",\"contentUrl\":\"https:\\\/\\\/sede.carm.es\\\/web\\\/CARM\\\/images\\\/external.png\"},{\"@type\":\"BreadcrumbList\",\"@id\":\"https:\\\/\\\/fuster-associates.com\\\/de\\\/zugaenglichkeit\\\/#breadcrumb\",\"itemListElement\":[{\"@type\":\"ListItem\",\"position\":1,\"name\":\"Home\",\"item\":\"https:\\\/\\\/fuster-associates.com\\\/de\\\/\"},{\"@type\":\"ListItem\",\"position\":2,\"name\":\"Zug\u00e4nglichkeit\"}]},{\"@type\":\"WebSite\",\"@id\":\"https:\\\/\\\/fuster-associates.com\\\/de\\\/#website\",\"url\":\"https:\\\/\\\/fuster-associates.com\\\/de\\\/\",\"name\":\"Fuster & Associates\",\"description\":\"Property Solicitors\",\"publisher\":{\"@id\":\"https:\\\/\\\/fuster-associates.com\\\/de\\\/#organization\"},\"potentialAction\":[{\"@type\":\"SearchAction\",\"target\":{\"@type\":\"EntryPoint\",\"urlTemplate\":\"https:\\\/\\\/fuster-associates.com\\\/de\\\/?s={search_term_string}\"},\"query-input\":{\"@type\":\"PropertyValueSpecification\",\"valueRequired\":true,\"valueName\":\"search_term_string\"}}],\"inLanguage\":\"de\"},{\"@type\":\"Organization\",\"@id\":\"https:\\\/\\\/fuster-associates.com\\\/de\\\/#organization\",\"name\":\"FUSTER & ASSOCIATES\",\"url\":\"https:\\\/\\\/fuster-associates.com\\\/de\\\/\",\"logo\":{\"@type\":\"ImageObject\",\"inLanguage\":\"de\",\"@id\":\"https:\\\/\\\/fuster-associates.com\\\/de\\\/#\\\/schema\\\/logo\\\/image\\\/\",\"url\":\"https:\\\/\\\/fuster-associates.com\\\/wp-content\\\/uploads\\\/2018\\\/08\\\/logo-fuster-1.jpeg\",\"contentUrl\":\"https:\\\/\\\/fuster-associates.com\\\/wp-content\\\/uploads\\\/2018\\\/08\\\/logo-fuster-1.jpeg\",\"width\":180,\"height\":113,\"caption\":\"FUSTER & ASSOCIATES\"},\"image\":{\"@id\":\"https:\\\/\\\/fuster-associates.com\\\/de\\\/#\\\/schema\\\/logo\\\/image\\\/\"},\"sameAs\":[\"https:\\\/\\\/www.facebook.com\\\/fusterspain\\\/\",\"https:\\\/\\\/x.com\\\/FusterSpain\",\"https:\\\/\\\/www.youtube.com\\\/channel\\\/UC2-kNuL1SoqlFizI47hmIOQ\",\"https:\\\/\\\/www.linkedin.com\\\/company\\\/fuster-&-associates\\\/\"]}]}<\/script>\n<!-- \/ Yoast SEO plugin. -->","yoast_head_json":{"title":"Richtlinie zur Barrierefreiheit im Internet \u2013 Fuster & Associates","description":"Fuster & Associates h\u00e4lt sich an die EU- und spanischen Gesetze, um unsere Website f\u00fcr alle Nutzer, einschlie\u00dflich Menschen mit Behinderungen, zug\u00e4nglich zu machen.","robots":{"index":"index","follow":"follow","max-snippet":"max-snippet:-1","max-image-preview":"max-image-preview:large","max-video-preview":"max-video-preview:-1"},"canonical":"https:\/\/fuster-associates.com\/de\/zugaenglichkeit\/","og_locale":"de_DE","og_type":"article","og_title":"Richtlinie zur Barrierefreiheit im Internet \u2013 Fuster & Associates","og_description":"Fuster & Associates h\u00e4lt sich an die EU- und spanischen Gesetze, um unsere Website f\u00fcr alle Nutzer, einschlie\u00dflich Menschen mit Behinderungen, zug\u00e4nglich zu machen.","og_url":"https:\/\/fuster-associates.com\/de\/zugaenglichkeit\/","og_site_name":"Fuster &amp; Associates","article_publisher":"https:\/\/www.facebook.com\/fusterspain\/","article_modified_time":"2025-09-01T08:20:37+00:00","og_image":[{"url":"https:\/\/sede.carm.es\/web\/CARM\/images\/external.png","type":"","width":"","height":""}],"twitter_card":"summary_large_image","twitter_site":"@FusterSpain","twitter_misc":{"Gesch\u00e4tzte Lesezeit":"3\u00a0Minuten"},"schema":{"@context":"https:\/\/schema.org","@graph":[{"@type":"WebPage","@id":"https:\/\/fuster-associates.com\/de\/zugaenglichkeit\/","url":"https:\/\/fuster-associates.com\/de\/zugaenglichkeit\/","name":"Richtlinie zur Barrierefreiheit im Internet \u2013 Fuster & Associates","isPartOf":{"@id":"https:\/\/fuster-associates.com\/de\/#website"},"primaryImageOfPage":{"@id":"https:\/\/fuster-associates.com\/de\/zugaenglichkeit\/#primaryimage"},"image":{"@id":"https:\/\/fuster-associates.com\/de\/zugaenglichkeit\/#primaryimage"},"thumbnailUrl":"https:\/\/sede.carm.es\/web\/CARM\/images\/external.png","datePublished":"2025-02-20T10:37:34+00:00","dateModified":"2025-09-01T08:20:37+00:00","description":"Fuster & Associates h\u00e4lt sich an die EU- und spanischen Gesetze, um unsere Website f\u00fcr alle Nutzer, einschlie\u00dflich Menschen mit Behinderungen, zug\u00e4nglich zu machen.","breadcrumb":{"@id":"https:\/\/fuster-associates.com\/de\/zugaenglichkeit\/#breadcrumb"},"inLanguage":"de","potentialAction":[{"@type":"ReadAction","target":["https:\/\/fuster-associates.com\/de\/zugaenglichkeit\/"]}]},{"@type":"ImageObject","inLanguage":"de","@id":"https:\/\/fuster-associates.com\/de\/zugaenglichkeit\/#primaryimage","url":"https:\/\/sede.carm.es\/web\/CARM\/images\/external.png","contentUrl":"https:\/\/sede.carm.es\/web\/CARM\/images\/external.png"},{"@type":"BreadcrumbList","@id":"https:\/\/fuster-associates.com\/de\/zugaenglichkeit\/#breadcrumb","itemListElement":[{"@type":"ListItem","position":1,"name":"Home","item":"https:\/\/fuster-associates.com\/de\/"},{"@type":"ListItem","position":2,"name":"Zug\u00e4nglichkeit"}]},{"@type":"WebSite","@id":"https:\/\/fuster-associates.com\/de\/#website","url":"https:\/\/fuster-associates.com\/de\/","name":"Fuster & Associates","description":"Property Solicitors","publisher":{"@id":"https:\/\/fuster-associates.com\/de\/#organization"},"potentialAction":[{"@type":"SearchAction","target":{"@type":"EntryPoint","urlTemplate":"https:\/\/fuster-associates.com\/de\/?s={search_term_string}"},"query-input":{"@type":"PropertyValueSpecification","valueRequired":true,"valueName":"search_term_string"}}],"inLanguage":"de"},{"@type":"Organization","@id":"https:\/\/fuster-associates.com\/de\/#organization","name":"FUSTER & ASSOCIATES","url":"https:\/\/fuster-associates.com\/de\/","logo":{"@type":"ImageObject","inLanguage":"de","@id":"https:\/\/fuster-associates.com\/de\/#\/schema\/logo\/image\/","url":"https:\/\/fuster-associates.com\/wp-content\/uploads\/2018\/08\/logo-fuster-1.jpeg","contentUrl":"https:\/\/fuster-associates.com\/wp-content\/uploads\/2018\/08\/logo-fuster-1.jpeg","width":180,"height":113,"caption":"FUSTER & ASSOCIATES"},"image":{"@id":"https:\/\/fuster-associates.com\/de\/#\/schema\/logo\/image\/"},"sameAs":["https:\/\/www.facebook.com\/fusterspain\/","https:\/\/x.com\/FusterSpain","https:\/\/www.youtube.com\/channel\/UC2-kNuL1SoqlFizI47hmIOQ","https:\/\/www.linkedin.com\/company\/fuster-&-associates\/"]}]}},"_links":{"self":[{"href":"https:\/\/fuster-associates.com\/de\/wp-json\/wp\/v2\/pages\/28462","targetHints":{"allow":["GET"]}}],"collection":[{"href":"https:\/\/fuster-associates.com\/de\/wp-json\/wp\/v2\/pages"}],"about":[{"href":"https:\/\/fuster-associates.com\/de\/wp-json\/wp\/v2\/types\/page"}],"author":[{"embeddable":true,"href":"https:\/\/fuster-associates.com\/de\/wp-json\/wp\/v2\/users\/2"}],"replies":[{"embeddable":true,"href":"https:\/\/fuster-associates.com\/de\/wp-json\/wp\/v2\/comments?post=28462"}],"version-history":[{"count":1,"href":"https:\/\/fuster-associates.com\/de\/wp-json\/wp\/v2\/pages\/28462\/revisions"}],"predecessor-version":[{"id":33453,"href":"https:\/\/fuster-associates.com\/de\/wp-json\/wp\/v2\/pages\/28462\/revisions\/33453"}],"wp:attachment":[{"href":"https:\/\/fuster-associates.com\/de\/wp-json\/wp\/v2\/media?parent=28462"}],"curies":[{"name":"wp","href":"https:\/\/api.w.org\/{rel}","templated":true}]}}