{"id":28432,"date":"2025-02-19T11:00:04","date_gmt":"2025-02-19T10:00:04","guid":{"rendered":"https:\/\/fuster2.kustom.es\/legal-notice\/"},"modified":"2025-09-01T10:14:32","modified_gmt":"2025-09-01T08:14:32","slug":"rechtlicher-hinweis","status":"publish","type":"page","link":"https:\/\/fuster-associates.com\/de\/rechtlicher-hinweis\/","title":{"rendered":"Rechtlicher Hinweis"},"content":{"rendered":"\t\t<div data-elementor-type=\"wp-page\" data-elementor-id=\"28432\" class=\"elementor elementor-28432 elementor-22492\" data-elementor-post-type=\"page\">\n\t\t\t\t<div class=\"elementor-element elementor-element-b90a1b5 e-flex e-con-boxed e-con e-parent\" data-id=\"b90a1b5\" data-element_type=\"container\" data-e-type=\"container\" data-settings=\"{&quot;background_background&quot;:&quot;classic&quot;}\">\n\t\t\t\t\t<div class=\"e-con-inner\">\n\t\t\t\t<div class=\"elementor-element elementor-element-3e256b9 elementor-invisible elementor-widget elementor-widget-heading\" data-id=\"3e256b9\" data-element_type=\"widget\" data-e-type=\"widget\" data-settings=\"{&quot;_animation&quot;:&quot;fadeInDown&quot;}\" data-widget_type=\"heading.default\">\n\t\t\t\t\t<h1 class=\"elementor-heading-title elementor-size-default\">Rechtlicher Hinweis<\/h1>\t\t\t\t<\/div>\n\t\t\t\t<div class=\"elementor-element elementor-element-6b259bd elementor-invisible elementor-widget elementor-widget-breadcrumbs\" data-id=\"6b259bd\" data-element_type=\"widget\" data-e-type=\"widget\" data-settings=\"{&quot;_animation&quot;:&quot;fadeInUp&quot;}\" data-widget_type=\"breadcrumbs.default\">\n\t\t\t\t\t<p id=\"breadcrumbs\"><span><span><a href=\"https:\/\/fuster-associates.com\/de\/\">Home<\/a><\/span><\/span><\/p>\t\t\t\t<\/div>\n\t\t\t\t\t<\/div>\n\t\t\t\t<\/div>\n\t\t<div class=\"elementor-element elementor-element-11b7eb3 e-flex e-con-boxed e-con e-parent\" data-id=\"11b7eb3\" data-element_type=\"container\" data-e-type=\"container\" data-settings=\"{&quot;background_background&quot;:&quot;classic&quot;}\">\n\t\t\t\t\t<div class=\"e-con-inner\">\n\t\t\t\t<div class=\"elementor-element elementor-element-ad189f9 elementor-invisible elementor-widget elementor-widget-text-editor\" data-id=\"ad189f9\" data-element_type=\"widget\" data-e-type=\"widget\" data-settings=\"{&quot;_animation&quot;:&quot;fadeInUp&quot;}\" data-widget_type=\"text-editor.default\">\n\t\t\t\t\t\t\t\t\t<h4>1. KONTAKTFORMULAR WEB<\/h4><p>Ihre Daten werden von FUSTER CONSULTING, S.L. verwendet, um Ihre Zweifel oder Fragen zu bearbeiten. Mit dem Absenden des entsprechenden Formulars wird davon ausgegangen, dass Sie uns Ihre Zustimmung zum Umgang mit Ihren Daten erteilen. Ihre personenbezogenen Daten werden nicht an Dritte weitergegeben, es sei denn, es handelt sich um Angaben, die in der geltenden Gesetzgebung vorgesehen sind. Der Nutzer, dessen Daten verwendet werden, kann sein Recht auf Zugang und Erhalt von Informationen, auf Berichtigung, L\u00f6schung sowie auf \u00dcbertragbarkeit, L\u00f6schung oder gegebenenfalls gegen die Verwendung dieser Daten frei aus\u00fcben, wie es in den Allgemeinen Bestimmungen zum Schutz personenbezogener Art, wie gesetzlich festgelegt, festgelegt ist. Diese Rechte k\u00f6nnen ausge\u00fcbt werden, indem Sie eine schriftliche, ordnungsgem\u00e4\u00df unterzeichnete Mitteilung zusammen mit einer Fotokopie des Personalausweises an FUSTER CONSULTING, S.L. Avenida de La Libertad, 301 \u2013 1\u00aa planta P.6 CP 30710 Los Alc\u00e1zares (Murcia) oder per E-Mail an info@fuster-associates.com senden. Die Daten von Nutzern, die von ihrem Widerrufs- oder Widerspruchsrecht keinen Gebrauch machen, werden gespeichert. Auf die gleiche Weise. Sollte ein Nutzer der Ansicht sein, dass sein Recht auf Datenschutz in irgendeiner Weise verletzt wurde, kann er eine Beschwerde bei der spanischen Datenschutzbeh\u00f6rde &#8222;Agencia Espa\u00f1ola de Protecci\u00f3n de Datos&#8220; (www.agpd.es) einreichen.<\/p><h4>2. NEWSLETTER-FORMULAR<\/h4><p>Ihre Daten werden von FUSTER CONSULTING, S.L. verarbeitet, um Ihren Abonnementantrag zu verwalten und Ihnen regelm\u00e4\u00dfig Newsletter zusenden zu k\u00f6nnen, in denen Sie \u00fcber Produkte oder Dienstleistungen informiert werden, die unser Unternehmen anbietet. Die Verarbeitung Ihrer Angaben erfolgt auf Grundlage Ihrer Einwilligung durch das Absenden dieses Formulars. Ihre Daten werden nicht an Dritte weitergegeben, es sei denn, dies ist in der geltenden Gesetzgebung vorgesehen. Der Nutzer, dessen Daten verwendet werden, kann sein Recht auf Zugang und Erhalt von Informationen, auf Berichtigung, L\u00f6schung sowie auf \u00dcbertragbarkeit, L\u00f6schung oder gegebenenfalls gegen die Verwendung dieser Daten frei aus\u00fcben, wie es in den Allgemeinen Bestimmungen zum Schutz personenbezogener Art, wie gesetzlich festgelegt, festgelegt ist. Sie k\u00f6nnen den Erhalt kommerzieller Informationen durch ein einfaches, kostenloses Verfahren ablehnen \u2013 eine E-Mail an info@fuster-associates.com. Die Daten der Nutzer werden gespeichert, solange der Nutzer nicht von seinem Recht auf L\u00f6schung oder Widerspruch Gebrauch macht. Ebenso k\u00f6nnen Nutzer, wenn sie der Ansicht sind, dass ihr Recht auf Datenschutz verletzt wird, eine Beschwerde bei der spanischen Datenschutzbeh\u00f6rde &#8222;Agencia Espa\u00f1ola de Protecci\u00f3n de Datos&#8220; (www.agpd.es) einreichen.<\/p><h4>RECHTLICHER HINWEIS<\/h4><h5>1. ALLGEMEINES<\/h5><p>Lesen Sie die folgenden rechtlichen Hinweise in Bezug auf die Website von FUSTER CONSULTING, S.L. sorgf\u00e4ltig durch.<\/p><hr \/><h5>1.1. Angaben zur Identifizierung des Internetdienstanbieters.<\/h5><p>In \u00dcbereinstimmung mit Artikel 10 des Gesetzes 34\/2002 \u00fcber Internetdienste und elektronischen Gesch\u00e4ftsverkehr informieren wir Sie dar\u00fcber, dass FUSTER CONSULTING, S.L., mit der Steueridentifikationsnummer B73214108, den Inhalt der Website https:\/\/fuster-associates.com mit Sitz in &#8222;Avenida de La Libertad, 301 \u2013 1\u00aa planta P.6 CP 30710 Los Alc\u00e1zares (Murcia)&#8220; verwaltet. FUSTER CONSULTING, S.L. ist im Handelsregister von Murcia eingetragen &#8222;Registro Mercantil de Murcia&#8220;, in Band 1937, Seite 156, und Blatt MU 42.209, erste Eintragung. Wenn Sie mit uns in Kontakt treten m\u00f6chten, k\u00f6nnen Sie sich an die oben genannte Adresse wenden oder uns unter (+34 968575650), E-Mail: info@fuster-associates.com anrufen.<\/p><hr \/><h5>1.2. Annahme und Wirkung der Allgemeinen und Besonderen Bedingungen<\/h5><p>Sowohl das Browsen und\/oder die Nutzung und\/oder die Bestellung eines der auf dieser Website angebotenen Produkte machen Sie zum Benutzer und bedeuten die Annahme aller allgemeinen Bedingungen und gegebenenfalls der besonderen Bedingungen, die gelten, wenn Sie als Benutzer auf die Webseite zugreifen. FUSTER CONSULTING, S.L. beh\u00e4lt sich das Recht vor, den Inhalt, die Pr\u00e4sentation und die Konfiguration der Webseite ohne vorherige Ank\u00fcndigung einseitig zu erweitern und zu \u00e4ndern sowie die Pr\u00e4sentation, die Konfiguration und die technischen Spezifikationen sowie die Website-Dienste auf die gleiche Weise vor\u00fcbergehend auszusetzen.<\/p><hr \/><h5>2. GENERAL CONDITIONS OF USE OF THE WEBSITE<\/h5><h5>2.1. Obligations of use<\/h5><p>In general terms, the user is compelled to comply with the present terms of conditions of use and always work in compliance with the law, good practice and in good faith, and with the conscientiousness required by the nature of the service he is availing of, abstaining from using this website in any other way that could impede, damage or deteriorate the normal functioning of same, the assets or rights of the owner, FUSTER CONSULTING, S.L., the other users or in general, any third party. In particular, without implying any restrictions on the obligation as taken on board by the user, in general terms and in conforming to contents of the previous paragraph, when using this web, the user has to comply with the following: \u2022 Should he be assigned one, the user should safeguard the \u2018user name\u2019 and \u2018password\u2019 given to him by FUSTER CONSULTING, S.L., as identifying elements which facilitate his access to the different services offered by the website, and he is committed to not handing over the use of same nor allow access to same by third parties, taking responsibility for the liquidated damage which could arise from an improper use of same. \u2022 No information or material that could be defamatory, damaging, obscene, threatening, xenophobic, encourage violence or discrimination because of race, sex, ideology, religion or which could, in any way go against the moral, public order, fundamental rights, public freedom, honour, privacy or reputation, of third parties and in general, which infringes the current Spanish law and that of the user\u2019s country of origin is to be stored or diffused on the website. . \u2022 No computer programs, data, virus, code or any other files which could cause damages or changes to the website, in any of its services or any of the equipment, systems or networks of FUSTER CONSULTING, S.L., of any user or in general to third parties, which could impede the normal functioning of same are to be installed in the website \u2022 The details, information, programs, electronic documents, or in general the files of FUSTER CONSULTING, S.L. , of the users or third parties must not be destroyed, altered, disabled, damaged, or used for the user\u2019s own use. FUSTER CONSULTING, S.L. will be able to, without previous warning, modify these general Conditions as well as the Particular Conditions, changes which, will be published on the website so the users are informed of same.<\/p><hr \/><h5>2.2. Exclusion of liability<\/h5><p>FUSTER CONSULTING, S.L. will not be responsible for: \u2022 In general terms, regarding the inappropriate use of the web: users must use the web appropriately, in accordance with the previous terms and conditions and it is not the owner\u2019s responsibility if the website is used inappropriately. \u2022 With respect to possible technical deficiencies: FUSTER CONSULTING, S.L. will not be responsible, in any case, for alterations in the service due to problems in the electrical network, in the data connection network, the server or any other services lent. \u2022 Access to the system by third parties: FUSTER CONSULTING, S.L. will take the necessary cautionary measures to protect the data and information accessed, but it will not be responsible for third party actions who by, infringing established security measures, access said data \u2022 FUSTER CONSULTING, S.L. is constantly investing in technological means that try to minimise the risk of virus and similar software, as well as non-authorised content in its information systems. Despite this, the user is aware that he must adopt his own measures to minimise damage caused by non-authorised software, virus, non-authorized, virus, Trojans and any other type of software classed as malware, absolving FUSTER CONSULTING, S.L. from all responsibility of the containment of malware in treatment authorised in this web.<\/p><hr \/><h5>2.3. Use of hyperlinks<\/h5><p>Internetnutzer, die Links von ihrer eigenen Website auf der Website einf\u00fcgen m\u00f6chten, m\u00fcssen die unten aufgef\u00fchrten Bedingungen erf\u00fcllen, und die Behauptung, diese Bedingungen nicht zu kennen, befreit den Benutzer nicht von den entsprechenden gesetzlichen Verpflichtungen, wie sie gesetzlich festgelegt sind. Der Link wird nur mit der Startseite oder Hauptseite der Webseite verlinkt, kann aber in keiner Weise kopiert werden (Inline-Links, Kopieren von Texten, Grafiken usw.). Es ist strengstens verboten, wie in den geltenden Rechtsvorschriften festgelegt, Frames jeglicher Art einzurichten, die die Webseite umgeben oder die Anzeige des Inhalts \u00fcber Internetadressen erm\u00f6glichen, die sich von der Webseite unterscheiden, und in jedem Fall, wenn sie sichtbar sind, wenn sie mit Inhalten gesehen werden, die nichts mit der Webseite zu tun haben und daher: (I) zu Fehlern, Verwirrung oder T\u00e4uschung der Benutzer dar\u00fcber f\u00fchren oder f\u00fchren k\u00f6nnten, was die tats\u00e4chliche Herkunft des Dienstes oder der Inhalte ist; (II) als Akt des Vergleichs oder der illoyalen Nachahmung angesehen wird; (III) verwendet werden, um vom Ruf, der Marke und dem Prestige von FUSTER CONSULTING, S.L. zu profitieren; oder (IV) in irgendeiner Weise durch die geltende Gesetzgebung verboten ist. Es werden keine falschen, ungenauen oder unrichtigen Aussagen jeglicher Art \u00fcber FUSTER CONSULTING, S.L., seine Adresse, Mitarbeiter, Kunden oder \u00fcber die Qualit\u00e4t der von ihm angebotenen Dienstleistungen gemacht. Auf der Seite, auf der der Link angegeben ist, ist es in keinem Fall gestattet zu erkl\u00e4ren, dass FUSTER CONSULTING, S.L. seine Zustimmung zum Einf\u00fcgen des Links gegeben oder auf andere Weise die vom Einreicher erbrachten Dienstleistungen gesponsert, mitgearbeitet, \u00fcberpr\u00fcft oder \u00fcberwacht hat. Es ist verboten, auf der Seite des Einreichers Wortmarken, Grafiken oder eine Mischung oder andere Unterscheidungsmerkmale von FUSTER CONSULTING, S.L. zu verwenden, au\u00dfer in F\u00e4llen, die gesetzlich zul\u00e4ssig sind oder ausdr\u00fccklich von FUSTER CONSULTING, S.L. genehmigt wurden, und in diesen F\u00e4llen einen direkten Link zur Webseite in der in dieser Klausel beschriebenen Weise. Die Seite, die den Link einrichtet, sollte genau dem Gesetz entsprechen und darf sie nicht zur Verf\u00fcgung stellen oder verlinken an die eigenen Inhalte des Einreichers oder von Dritten, die: (I) rechtswidrig oder sch\u00e4dlich sein k\u00f6nnen oder gegen die Moral und die guten Sitten versto\u00dfen (pornografisch, gewaltt\u00e4tig, rassistisch usw.); (II) den Benutzer zu der Annahme anregen oder veranlassen k\u00f6nnten, dass FUSTER CONSULTING, S.L. die Ideen, Demonstrationen oder \u00c4u\u00dferungen, die rechtm\u00e4\u00dfig oder rechtswidrig sind, des Einreichers abonniert, unterst\u00fctzt, sich ihnen anschlie\u00dft oder in irgendeiner Weise f\u00f6rdert; (III) in Bezug auf Ort, Inhalt und Gegenstand der Webseite des Einreichers unangemessen sind oder in keinem Zusammenhang mit der ausge\u00fcbten T\u00e4tigkeit stehen. Ebenso unterl\u00e4sst der Nutzer die Aufnahme von Hyperlinks (im Folgenden &#8222;Link&#8220;) auf der Webseite, die zu einer Webseite f\u00fchren, die illegale Informationen oder Inhalte enth\u00e4lt, die gegen die allgemein anerkannten Sitten und Sitten oder gegen die \u00f6ffentliche Ordnung versto\u00dfen.<\/p><hr \/><h5>2.4. Geistiges und gewerbliches Eigentum<\/h5><p>Die Struktur, das Design und die Art und Weise, wie die Elemente dieser Website pr\u00e4sentiert werden (Grafiken, Bilder, Fotografien, Muster und Materialien, die darauf erscheinen, industrielle Technologien, Dateien, Logos, Farbkombinationen und alle anderen schutzw\u00fcrdigen Elemente) sind durch geistige und gewerbliche Eigentumsrechte gesch\u00fctzt, die dem Eigent\u00fcmer oder denjenigen geh\u00f6ren, die die entsprechenden Nutzungsrechte erworben haben. Die Vervielf\u00e4ltigung, Umwandlung, Verbreitung, \u00f6ffentliche Kommunikation, \u00f6ffentliche Zug\u00e4nglichmachung und im Allgemeinen jede Art der Verwertung, ob ganz oder teilweise, der zuvor genannten Elemente ist verboten. Die Ver\u00f6ffentlichung auf anderen Websites oder anderen digitalen oder schriftlichen Kommunikationsmitteln bedarf der ausdr\u00fccklichen Zustimmung des Eigent\u00fcmers der Website und in jedem Fall muss ein direkter Verweis auf den Inhaber dieser Rechte an geistigem Eigentum, d. h. FUSTER CONSULTING, S.L., erfolgen. Die Verwendung von Unterscheidungszeichen (Marken, Handelsnamen) ist, sofern nicht ausdr\u00fccklich genehmigt, verboten. Ohne ausdr\u00fcckliche Genehmigung von FUSTER CONSULTING, S.L. sind Links zu den &#8222;letzten Seiten&#8220;, dem &#8222;Frame&#8220; und anderen \u00e4hnlichen Manipulationen erlaubt. Links sollten sich immer in der Haupt- oder Startseite der Website befinden.<\/p><hr \/><h5>2.5. Anwendbare Gerichtsbarkeit und Gesetzgebung<\/h5><p>Die auf dieser Website dargelegten Allgemeinen Gesch\u00e4ftsbedingungen und alles, was damit zusammenh\u00e4ngt, unterliegt der spanischen Gesetzgebung. F\u00fcr alle Streitigkeiten, die sich aus der Nutzung dieser Website ergeben k\u00f6nnten, sind die Gerichte von Murcia zust\u00e4ndig.<\/p>\t\t\t\t\t\t\t\t<\/div>\n\t\t\t\t\t<\/div>\n\t\t\t\t<\/div>\n\t\t\t\t<\/div>\n\t\t","protected":false},"excerpt":{"rendered":"<p>1. KONTAKTFORMULAR WEB Ihre Daten werden von FUSTER CONSULTING, S.L. verwendet, um Ihre Zweifel oder Fragen zu bearbeiten. Mit dem Absenden des entsprechenden Formulars wird davon ausgegangen, dass Sie uns Ihre Zustimmung zum Umgang mit Ihren Daten erteilen. Ihre personenbezogenen Daten werden nicht an Dritte weitergegeben, es sei denn, es handelt sich um Angaben, die [&hellip;]<\/p>\n","protected":false},"author":2,"featured_media":0,"parent":0,"menu_order":0,"comment_status":"closed","ping_status":"closed","template":"","meta":{"content-type":"","_sitemap_exclude":false,"_sitemap_priority":"","_sitemap_frequency":"","footnotes":""},"class_list":["post-28432","page","type-page","status-publish","hentry"],"yoast_head":"<!-- This site is optimized with the Yoast SEO plugin v27.4 - https:\/\/yoast.com\/product\/yoast-seo-wordpress\/ -->\n<title>Rechtliche Hinweise und Informationen zur Website \u2013 Fuster &amp; Associates<\/title>\n<meta name=\"description\" content=\"Lesen Sie die rechtlichen Hinweise zu unserer Website, darunter Kontaktinformationen, Verwendung von Cookies, Nutzerrechte und Einhaltung der Datenschutzbestimmungen.\" \/>\n<meta name=\"robots\" content=\"index, follow, max-snippet:-1, max-image-preview:large, max-video-preview:-1\" \/>\n<link rel=\"canonical\" href=\"https:\/\/fuster-associates.com\/de\/rechtlicher-hinweis\/\" \/>\n<meta property=\"og:locale\" content=\"de_DE\" \/>\n<meta property=\"og:type\" content=\"article\" \/>\n<meta property=\"og:title\" content=\"Rechtliche Hinweise und Informationen zur Website \u2013 Fuster &amp; Associates\" \/>\n<meta property=\"og:description\" content=\"Lesen Sie die rechtlichen Hinweise zu unserer Website, darunter Kontaktinformationen, Verwendung von Cookies, Nutzerrechte und Einhaltung der Datenschutzbestimmungen.\" \/>\n<meta property=\"og:url\" content=\"https:\/\/fuster-associates.com\/de\/rechtlicher-hinweis\/\" \/>\n<meta property=\"og:site_name\" content=\"Fuster &amp; Associates\" \/>\n<meta property=\"article:publisher\" content=\"https:\/\/www.facebook.com\/fusterspain\/\" \/>\n<meta property=\"article:modified_time\" content=\"2025-09-01T08:14:32+00:00\" \/>\n<meta property=\"og:image\" content=\"https:\/\/fuster-associates.com\/wp-content\/uploads\/2020\/02\/slide-fuster-standard.jpg\" \/>\n\t<meta property=\"og:image:width\" content=\"1920\" \/>\n\t<meta property=\"og:image:height\" content=\"1280\" \/>\n\t<meta property=\"og:image:type\" content=\"image\/jpeg\" \/>\n<meta name=\"twitter:card\" content=\"summary_large_image\" \/>\n<meta name=\"twitter:site\" content=\"@FusterSpain\" \/>\n<meta name=\"twitter:label1\" content=\"Gesch\u00e4tzte Lesezeit\" \/>\n\t<meta name=\"twitter:data1\" content=\"9\u00a0Minuten\" \/>\n<script type=\"application\/ld+json\" class=\"yoast-schema-graph\">{\"@context\":\"https:\\\/\\\/schema.org\",\"@graph\":[{\"@type\":\"WebPage\",\"@id\":\"https:\\\/\\\/fuster-associates.com\\\/de\\\/rechtlicher-hinweis\\\/\",\"url\":\"https:\\\/\\\/fuster-associates.com\\\/de\\\/rechtlicher-hinweis\\\/\",\"name\":\"Rechtliche Hinweise und Informationen zur Website \u2013 Fuster & Associates\",\"isPartOf\":{\"@id\":\"https:\\\/\\\/fuster-associates.com\\\/de\\\/#website\"},\"datePublished\":\"2025-02-19T10:00:04+00:00\",\"dateModified\":\"2025-09-01T08:14:32+00:00\",\"description\":\"Lesen Sie die rechtlichen Hinweise zu unserer Website, darunter Kontaktinformationen, Verwendung von Cookies, Nutzerrechte und Einhaltung der Datenschutzbestimmungen.\",\"breadcrumb\":{\"@id\":\"https:\\\/\\\/fuster-associates.com\\\/de\\\/rechtlicher-hinweis\\\/#breadcrumb\"},\"inLanguage\":\"de\",\"potentialAction\":[{\"@type\":\"ReadAction\",\"target\":[\"https:\\\/\\\/fuster-associates.com\\\/de\\\/rechtlicher-hinweis\\\/\"]}]},{\"@type\":\"BreadcrumbList\",\"@id\":\"https:\\\/\\\/fuster-associates.com\\\/de\\\/rechtlicher-hinweis\\\/#breadcrumb\",\"itemListElement\":[{\"@type\":\"ListItem\",\"position\":1,\"name\":\"Home\",\"item\":\"https:\\\/\\\/fuster-associates.com\\\/de\\\/\"},{\"@type\":\"ListItem\",\"position\":2,\"name\":\"Rechtlicher Hinweis\"}]},{\"@type\":\"WebSite\",\"@id\":\"https:\\\/\\\/fuster-associates.com\\\/de\\\/#website\",\"url\":\"https:\\\/\\\/fuster-associates.com\\\/de\\\/\",\"name\":\"Fuster & Associates\",\"description\":\"Property Solicitors\",\"publisher\":{\"@id\":\"https:\\\/\\\/fuster-associates.com\\\/de\\\/#organization\"},\"potentialAction\":[{\"@type\":\"SearchAction\",\"target\":{\"@type\":\"EntryPoint\",\"urlTemplate\":\"https:\\\/\\\/fuster-associates.com\\\/de\\\/?s={search_term_string}\"},\"query-input\":{\"@type\":\"PropertyValueSpecification\",\"valueRequired\":true,\"valueName\":\"search_term_string\"}}],\"inLanguage\":\"de\"},{\"@type\":\"Organization\",\"@id\":\"https:\\\/\\\/fuster-associates.com\\\/de\\\/#organization\",\"name\":\"FUSTER & ASSOCIATES\",\"url\":\"https:\\\/\\\/fuster-associates.com\\\/de\\\/\",\"logo\":{\"@type\":\"ImageObject\",\"inLanguage\":\"de\",\"@id\":\"https:\\\/\\\/fuster-associates.com\\\/de\\\/#\\\/schema\\\/logo\\\/image\\\/\",\"url\":\"https:\\\/\\\/fuster-associates.com\\\/wp-content\\\/uploads\\\/2018\\\/08\\\/logo-fuster-1.jpeg\",\"contentUrl\":\"https:\\\/\\\/fuster-associates.com\\\/wp-content\\\/uploads\\\/2018\\\/08\\\/logo-fuster-1.jpeg\",\"width\":180,\"height\":113,\"caption\":\"FUSTER & ASSOCIATES\"},\"image\":{\"@id\":\"https:\\\/\\\/fuster-associates.com\\\/de\\\/#\\\/schema\\\/logo\\\/image\\\/\"},\"sameAs\":[\"https:\\\/\\\/www.facebook.com\\\/fusterspain\\\/\",\"https:\\\/\\\/x.com\\\/FusterSpain\",\"https:\\\/\\\/www.youtube.com\\\/channel\\\/UC2-kNuL1SoqlFizI47hmIOQ\",\"https:\\\/\\\/www.linkedin.com\\\/company\\\/fuster-&-associates\\\/\"]}]}<\/script>\n<!-- \/ Yoast SEO plugin. -->","yoast_head_json":{"title":"Rechtliche Hinweise und Informationen zur Website \u2013 Fuster & Associates","description":"Lesen Sie die rechtlichen Hinweise zu unserer Website, darunter Kontaktinformationen, Verwendung von Cookies, Nutzerrechte und Einhaltung der Datenschutzbestimmungen.","robots":{"index":"index","follow":"follow","max-snippet":"max-snippet:-1","max-image-preview":"max-image-preview:large","max-video-preview":"max-video-preview:-1"},"canonical":"https:\/\/fuster-associates.com\/de\/rechtlicher-hinweis\/","og_locale":"de_DE","og_type":"article","og_title":"Rechtliche Hinweise und Informationen zur Website \u2013 Fuster & Associates","og_description":"Lesen Sie die rechtlichen Hinweise zu unserer Website, darunter Kontaktinformationen, Verwendung von Cookies, Nutzerrechte und Einhaltung der Datenschutzbestimmungen.","og_url":"https:\/\/fuster-associates.com\/de\/rechtlicher-hinweis\/","og_site_name":"Fuster &amp; Associates","article_publisher":"https:\/\/www.facebook.com\/fusterspain\/","article_modified_time":"2025-09-01T08:14:32+00:00","og_image":[{"width":1920,"height":1280,"url":"https:\/\/fuster-associates.com\/wp-content\/uploads\/2020\/02\/slide-fuster-standard.jpg","type":"image\/jpeg"}],"twitter_card":"summary_large_image","twitter_site":"@FusterSpain","twitter_misc":{"Gesch\u00e4tzte Lesezeit":"9\u00a0Minuten"},"schema":{"@context":"https:\/\/schema.org","@graph":[{"@type":"WebPage","@id":"https:\/\/fuster-associates.com\/de\/rechtlicher-hinweis\/","url":"https:\/\/fuster-associates.com\/de\/rechtlicher-hinweis\/","name":"Rechtliche Hinweise und Informationen zur Website \u2013 Fuster & Associates","isPartOf":{"@id":"https:\/\/fuster-associates.com\/de\/#website"},"datePublished":"2025-02-19T10:00:04+00:00","dateModified":"2025-09-01T08:14:32+00:00","description":"Lesen Sie die rechtlichen Hinweise zu unserer Website, darunter Kontaktinformationen, Verwendung von Cookies, Nutzerrechte und Einhaltung der Datenschutzbestimmungen.","breadcrumb":{"@id":"https:\/\/fuster-associates.com\/de\/rechtlicher-hinweis\/#breadcrumb"},"inLanguage":"de","potentialAction":[{"@type":"ReadAction","target":["https:\/\/fuster-associates.com\/de\/rechtlicher-hinweis\/"]}]},{"@type":"BreadcrumbList","@id":"https:\/\/fuster-associates.com\/de\/rechtlicher-hinweis\/#breadcrumb","itemListElement":[{"@type":"ListItem","position":1,"name":"Home","item":"https:\/\/fuster-associates.com\/de\/"},{"@type":"ListItem","position":2,"name":"Rechtlicher Hinweis"}]},{"@type":"WebSite","@id":"https:\/\/fuster-associates.com\/de\/#website","url":"https:\/\/fuster-associates.com\/de\/","name":"Fuster & Associates","description":"Property Solicitors","publisher":{"@id":"https:\/\/fuster-associates.com\/de\/#organization"},"potentialAction":[{"@type":"SearchAction","target":{"@type":"EntryPoint","urlTemplate":"https:\/\/fuster-associates.com\/de\/?s={search_term_string}"},"query-input":{"@type":"PropertyValueSpecification","valueRequired":true,"valueName":"search_term_string"}}],"inLanguage":"de"},{"@type":"Organization","@id":"https:\/\/fuster-associates.com\/de\/#organization","name":"FUSTER & ASSOCIATES","url":"https:\/\/fuster-associates.com\/de\/","logo":{"@type":"ImageObject","inLanguage":"de","@id":"https:\/\/fuster-associates.com\/de\/#\/schema\/logo\/image\/","url":"https:\/\/fuster-associates.com\/wp-content\/uploads\/2018\/08\/logo-fuster-1.jpeg","contentUrl":"https:\/\/fuster-associates.com\/wp-content\/uploads\/2018\/08\/logo-fuster-1.jpeg","width":180,"height":113,"caption":"FUSTER & ASSOCIATES"},"image":{"@id":"https:\/\/fuster-associates.com\/de\/#\/schema\/logo\/image\/"},"sameAs":["https:\/\/www.facebook.com\/fusterspain\/","https:\/\/x.com\/FusterSpain","https:\/\/www.youtube.com\/channel\/UC2-kNuL1SoqlFizI47hmIOQ","https:\/\/www.linkedin.com\/company\/fuster-&-associates\/"]}]}},"_links":{"self":[{"href":"https:\/\/fuster-associates.com\/de\/wp-json\/wp\/v2\/pages\/28432","targetHints":{"allow":["GET"]}}],"collection":[{"href":"https:\/\/fuster-associates.com\/de\/wp-json\/wp\/v2\/pages"}],"about":[{"href":"https:\/\/fuster-associates.com\/de\/wp-json\/wp\/v2\/types\/page"}],"author":[{"embeddable":true,"href":"https:\/\/fuster-associates.com\/de\/wp-json\/wp\/v2\/users\/2"}],"replies":[{"embeddable":true,"href":"https:\/\/fuster-associates.com\/de\/wp-json\/wp\/v2\/comments?post=28432"}],"version-history":[{"count":1,"href":"https:\/\/fuster-associates.com\/de\/wp-json\/wp\/v2\/pages\/28432\/revisions"}],"predecessor-version":[{"id":33449,"href":"https:\/\/fuster-associates.com\/de\/wp-json\/wp\/v2\/pages\/28432\/revisions\/33449"}],"wp:attachment":[{"href":"https:\/\/fuster-associates.com\/de\/wp-json\/wp\/v2\/media?parent=28432"}],"curies":[{"name":"wp","href":"https:\/\/api.w.org\/{rel}","templated":true}]}}