{"id":28374,"date":"2025-02-18T07:12:29","date_gmt":"2025-02-18T06:12:29","guid":{"rendered":"https:\/\/fuster2.kustom.es\/dienstleistungen\/property-law-services\/"},"modified":"2025-09-03T11:12:59","modified_gmt":"2025-09-03T09:12:59","slug":"immobilienrechtliche-dienstleistungen","status":"publish","type":"page","link":"https:\/\/fuster-associates.com\/de\/dienstleistungen\/immobilienrechtliche-dienstleistungen\/","title":{"rendered":"Immobilienrechtliche Dienstleistungen"},"content":{"rendered":"\t\t<div data-elementor-type=\"wp-page\" data-elementor-id=\"28374\" class=\"elementor elementor-28374 elementor-22149\" data-elementor-post-type=\"page\">\n\t\t\t\t<div class=\"elementor-element elementor-element-1769ce7 e-flex e-con-boxed e-con e-parent\" data-id=\"1769ce7\" data-element_type=\"container\" data-e-type=\"container\" data-settings=\"{&quot;background_background&quot;:&quot;classic&quot;}\">\n\t\t\t\t\t<div class=\"e-con-inner\">\n\t\t\t\t<div class=\"elementor-element elementor-element-5eb8476 elementor-invisible elementor-widget elementor-widget-heading\" data-id=\"5eb8476\" data-element_type=\"widget\" data-e-type=\"widget\" data-settings=\"{&quot;_animation&quot;:&quot;fadeInDown&quot;}\" data-widget_type=\"heading.default\">\n\t\t\t\t\t<h1 class=\"elementor-heading-title elementor-size-default\">Immobilienrechtliche Dienstleistungen<\/h1>\t\t\t\t<\/div>\n\t\t\t\t<div class=\"elementor-element elementor-element-0696529 elementor-invisible elementor-widget elementor-widget-breadcrumbs\" data-id=\"0696529\" data-element_type=\"widget\" data-e-type=\"widget\" data-settings=\"{&quot;_animation&quot;:&quot;fadeInUp&quot;}\" data-widget_type=\"breadcrumbs.default\">\n\t\t\t\t\t<p id=\"breadcrumbs\"><span><span><a href=\"https:\/\/fuster-associates.com\/de\/\">Home<\/a><\/span><\/span><\/p>\t\t\t\t<\/div>\n\t\t\t\t\t<\/div>\n\t\t\t\t<\/div>\n\t\t<div class=\"elementor-element elementor-element-5bf9c5d e-flex e-con-boxed e-con e-parent\" data-id=\"5bf9c5d\" data-element_type=\"container\" data-e-type=\"container\">\n\t\t\t\t\t<div class=\"e-con-inner\">\n\t\t\t\t<div class=\"elementor-element elementor-element-33c9718 elementor-invisible elementor-widget elementor-widget-heading\" data-id=\"33c9718\" data-element_type=\"widget\" data-e-type=\"widget\" data-settings=\"{&quot;_animation&quot;:&quot;fadeIn&quot;,&quot;_animation_laptop&quot;:&quot;fadeIn&quot;}\" data-widget_type=\"heading.default\">\n\t\t\t\t\t<h2 class=\"elementor-heading-title elementor-size-default\">Dienstleistungen im Immobilienrecht in Spanien<\/h2>\t\t\t\t<\/div>\n\t\t\t\t<div class=\"elementor-element elementor-element-43c6732 elementor-invisible elementor-widget elementor-widget-text-editor\" data-id=\"43c6732\" data-element_type=\"widget\" data-e-type=\"widget\" data-settings=\"{&quot;_animation&quot;:&quot;fadeIn&quot;,&quot;_animation_laptop&quot;:&quot;fadeIn&quot;}\" data-widget_type=\"text-editor.default\">\n\t\t\t\t\t\t\t\t\t<p data-start=\"217\" data-end=\"538\"><strong data-start=\"217\" data-end=\"346\">Bei Fuster &amp; Associates sind wir auf Immobilienrechtsdienstleistungen spezialisiert, die auf ausl\u00e4ndische K\u00e4ufer, Investoren und Einwohner Spaniens zugeschnitten sind.<\/strong> Unser erfahrenes Rechtsteam unterst\u00fctzt Mandanten bei allen Aspekten von Immobilientransaktionen, einschlie\u00dflich Immobilienkauf, -verkauf, -erbschaft, Vertragsgestaltung, Titelpr\u00fcfung und Due Diligence.<\/p><p data-start=\"540\" data-end=\"886\">Wir stellen sicher, dass jede Transaktion vollst\u00e4ndig dem spanischen Recht entspricht, und bieten umfassende Unterst\u00fctzung bei Steuern, Rechtsvertretung und Immobilienregistrierung. Egal, ob Sie ein Ferienhaus kaufen, in Immobilien investieren oder Eigentumsfragen l\u00f6sen, unser Ziel ist es, Ihre Interessen zu sch\u00fctzen und Ihnen w\u00e4hrend des gesamten Prozesses absolute Sicherheit zu geben. <\/p>\t\t\t\t\t\t\t\t<\/div>\n\t\t\t\t\t<\/div>\n\t\t\t\t<\/div>\n\t\t<div class=\"elementor-element elementor-element-0b0d3d7 e-flex e-con-boxed e-con e-parent\" data-id=\"0b0d3d7\" data-element_type=\"container\" data-e-type=\"container\" data-settings=\"{&quot;background_background&quot;:&quot;classic&quot;}\">\n\t\t\t\t\t<div class=\"e-con-inner\">\n\t\t<div class=\"elementor-element elementor-element-8f2659a e-con-full e-flex e-con e-child\" data-id=\"8f2659a\" data-element_type=\"container\" data-e-type=\"container\">\n\t\t\t\t<div class=\"elementor-element elementor-element-3fcee54 elementor-widget elementor-widget-heading\" data-id=\"3fcee54\" data-element_type=\"widget\" data-e-type=\"widget\" data-widget_type=\"heading.default\">\n\t\t\t\t\t<h3 class=\"elementor-heading-title elementor-size-default\">Kaufen &amp; Verkaufen Von Immobilien<\/h3>\t\t\t\t<\/div>\n\t\t\t\t<div class=\"elementor-element elementor-element-43f5772 elementor-icon-list--layout-traditional elementor-list-item-link-full_width elementor-widget elementor-widget-icon-list\" data-id=\"43f5772\" data-element_type=\"widget\" data-e-type=\"widget\" data-widget_type=\"icon-list.default\">\n\t\t\t\t\t\t\t<ul class=\"elementor-icon-list-items\">\n\t\t\t\t\t\t\t<li class=\"elementor-icon-list-item\">\n\t\t\t\t\t\t\t\t\t\t\t<a href=\"https:\/\/fuster-associates.com\/services\/property-law-services\/buying-selling-property\/purchase-conveyancing\/\">\n\n\t\t\t\t\t\t\t\t\t\t\t\t<span class=\"elementor-icon-list-icon\">\n\t\t\t\t\t\t\t<svg aria-hidden=\"true\" class=\"e-font-icon-svg e-fas-caret-right\" viewBox=\"0 0 192 512\" xmlns=\"http:\/\/www.w3.org\/2000\/svg\"><path d=\"M0 384.662V127.338c0-17.818 21.543-26.741 34.142-14.142l128.662 128.662c7.81 7.81 7.81 20.474 0 28.284L34.142 398.804C21.543 411.404 0 402.48 0 384.662z\"><\/path><\/svg>\t\t\t\t\t\t<\/span>\n\t\t\t\t\t\t\t\t\t\t<span class=\"elementor-icon-list-text\">Kaufabwicklung<\/span>\n\t\t\t\t\t\t\t\t\t\t\t<\/a>\n\t\t\t\t\t\t\t\t\t<\/li>\n\t\t\t\t\t\t\t\t<li class=\"elementor-icon-list-item\">\n\t\t\t\t\t\t\t\t\t\t\t<a href=\"https:\/\/fuster-associates.com\/de\/dienstleistungen\/immobilienrechtliche-dienstleistungen\/kaufen-verkaufen-von-immobilien\/verkaufsuebertragungen\/\">\n\n\t\t\t\t\t\t\t\t\t\t\t\t<span class=\"elementor-icon-list-icon\">\n\t\t\t\t\t\t\t<svg aria-hidden=\"true\" class=\"e-font-icon-svg e-fas-caret-right\" viewBox=\"0 0 192 512\" xmlns=\"http:\/\/www.w3.org\/2000\/svg\"><path d=\"M0 384.662V127.338c0-17.818 21.543-26.741 34.142-14.142l128.662 128.662c7.81 7.81 7.81 20.474 0 28.284L34.142 398.804C21.543 411.404 0 402.48 0 384.662z\"><\/path><\/svg>\t\t\t\t\t\t<\/span>\n\t\t\t\t\t\t\t\t\t\t<span class=\"elementor-icon-list-text\">Verkaufsabwicklung<\/span>\n\t\t\t\t\t\t\t\t\t\t\t<\/a>\n\t\t\t\t\t\t\t\t\t<\/li>\n\t\t\t\t\t\t\t\t<li class=\"elementor-icon-list-item\">\n\t\t\t\t\t\t\t\t\t\t\t<a href=\"https:\/\/fuster-associates.com\/de\/dienstleistungen\/immobilienrechtliche-dienstleistungen\/kaufen-verkaufen-von-immobilien\/kauf-von-immobilien-im-bau\/\">\n\n\t\t\t\t\t\t\t\t\t\t\t\t<span class=\"elementor-icon-list-icon\">\n\t\t\t\t\t\t\t<svg aria-hidden=\"true\" class=\"e-font-icon-svg e-fas-caret-right\" viewBox=\"0 0 192 512\" xmlns=\"http:\/\/www.w3.org\/2000\/svg\"><path d=\"M0 384.662V127.338c0-17.818 21.543-26.741 34.142-14.142l128.662 128.662c7.81 7.81 7.81 20.474 0 28.284L34.142 398.804C21.543 411.404 0 402.48 0 384.662z\"><\/path><\/svg>\t\t\t\t\t\t<\/span>\n\t\t\t\t\t\t\t\t\t\t<span class=\"elementor-icon-list-text\">Kauf Von Immobilien Im Bau<\/span>\n\t\t\t\t\t\t\t\t\t\t\t<\/a>\n\t\t\t\t\t\t\t\t\t<\/li>\n\t\t\t\t\t\t<\/ul>\n\t\t\t\t\t\t<\/div>\n\t\t\t\t<\/div>\n\t\t\t\t\t<\/div>\n\t\t\t\t<\/div>\n\t\t\t\t<\/div>\n\t\t","protected":false},"excerpt":{"rendered":"<p>Dienstleistungen im Immobilienrecht in Spanien Bei Fuster &amp; Associates sind wir auf Immobilienrechtsdienstleistungen spezialisiert, die auf ausl\u00e4ndische K\u00e4ufer, Investoren und Einwohner Spaniens zugeschnitten sind. Unser erfahrenes Rechtsteam unterst\u00fctzt Mandanten bei allen Aspekten von Immobilientransaktionen, einschlie\u00dflich Immobilienkauf, -verkauf, -erbschaft, Vertragsgestaltung, Titelpr\u00fcfung und Due Diligence. Wir stellen sicher, dass jede Transaktion vollst\u00e4ndig dem spanischen Recht entspricht, und [&hellip;]<\/p>\n","protected":false},"author":1,"featured_media":0,"parent":28752,"menu_order":0,"comment_status":"closed","ping_status":"open","template":"","meta":{"content-type":"","_sitemap_exclude":false,"_sitemap_priority":"","_sitemap_frequency":"","footnotes":""},"class_list":["post-28374","page","type-page","status-publish","hentry"],"yoast_head":"<!-- This site is optimized with the Yoast SEO plugin v27.4 - https:\/\/yoast.com\/product\/yoast-seo-wordpress\/ -->\n<title>Immobilienrechtliche Dienstleistungen in Spanien - Fuster &amp; Associates<\/title>\n<meta name=\"description\" content=\"Kompetente Rechtsberatung beim Kauf, Verkauf oder der Vererbung von Immobilien in Spanien. Vertrauen Sie Fuster &amp; Associates f\u00fcr sichere Immobilientransaktionen.\" \/>\n<meta name=\"robots\" content=\"index, follow, max-snippet:-1, max-image-preview:large, max-video-preview:-1\" \/>\n<link rel=\"canonical\" href=\"https:\/\/fuster-associates.com\/de\/dienstleistungen\/immobilienrechtliche-dienstleistungen\/\" \/>\n<meta property=\"og:locale\" content=\"de_DE\" \/>\n<meta property=\"og:type\" content=\"article\" \/>\n<meta property=\"og:title\" content=\"Immobilienrechtliche Dienstleistungen in Spanien - Fuster &amp; Associates\" \/>\n<meta property=\"og:description\" content=\"Kompetente Rechtsberatung beim Kauf, Verkauf oder der Vererbung von Immobilien in Spanien. Vertrauen Sie Fuster &amp; Associates f\u00fcr sichere Immobilientransaktionen.\" \/>\n<meta property=\"og:url\" content=\"https:\/\/fuster-associates.com\/de\/dienstleistungen\/immobilienrechtliche-dienstleistungen\/\" \/>\n<meta property=\"og:site_name\" content=\"Fuster &amp; Associates\" \/>\n<meta property=\"article:publisher\" content=\"https:\/\/www.facebook.com\/fusterspain\/\" \/>\n<meta property=\"article:modified_time\" content=\"2025-09-03T09:12:59+00:00\" \/>\n<meta property=\"og:image\" content=\"https:\/\/fuster-associates.com\/wp-content\/uploads\/2020\/02\/slide-fuster-standard.jpg\" \/>\n\t<meta property=\"og:image:width\" content=\"1920\" \/>\n\t<meta property=\"og:image:height\" content=\"1280\" \/>\n\t<meta property=\"og:image:type\" content=\"image\/jpeg\" \/>\n<meta name=\"twitter:card\" content=\"summary_large_image\" \/>\n<meta name=\"twitter:site\" content=\"@FusterSpain\" \/>\n<meta name=\"twitter:label1\" content=\"Gesch\u00e4tzte Lesezeit\" \/>\n\t<meta name=\"twitter:data1\" content=\"1\u00a0Minute\" \/>\n<script type=\"application\/ld+json\" class=\"yoast-schema-graph\">{\"@context\":\"https:\\\/\\\/schema.org\",\"@graph\":[{\"@type\":\"WebPage\",\"@id\":\"https:\\\/\\\/fuster-associates.com\\\/de\\\/dienstleistungen\\\/immobilienrechtliche-dienstleistungen\\\/\",\"url\":\"https:\\\/\\\/fuster-associates.com\\\/de\\\/dienstleistungen\\\/immobilienrechtliche-dienstleistungen\\\/\",\"name\":\"Immobilienrechtliche Dienstleistungen in Spanien - Fuster & Associates\",\"isPartOf\":{\"@id\":\"https:\\\/\\\/fuster-associates.com\\\/de\\\/#website\"},\"datePublished\":\"2025-02-18T06:12:29+00:00\",\"dateModified\":\"2025-09-03T09:12:59+00:00\",\"description\":\"Kompetente Rechtsberatung beim Kauf, Verkauf oder der Vererbung von Immobilien in Spanien. Vertrauen Sie Fuster & Associates f\u00fcr sichere Immobilientransaktionen.\",\"breadcrumb\":{\"@id\":\"https:\\\/\\\/fuster-associates.com\\\/de\\\/dienstleistungen\\\/immobilienrechtliche-dienstleistungen\\\/#breadcrumb\"},\"inLanguage\":\"de\",\"potentialAction\":[{\"@type\":\"ReadAction\",\"target\":[\"https:\\\/\\\/fuster-associates.com\\\/de\\\/dienstleistungen\\\/immobilienrechtliche-dienstleistungen\\\/\"]}]},{\"@type\":\"BreadcrumbList\",\"@id\":\"https:\\\/\\\/fuster-associates.com\\\/de\\\/dienstleistungen\\\/immobilienrechtliche-dienstleistungen\\\/#breadcrumb\",\"itemListElement\":[{\"@type\":\"ListItem\",\"position\":1,\"name\":\"Home\",\"item\":\"https:\\\/\\\/fuster-associates.com\\\/de\\\/\"},{\"@type\":\"ListItem\",\"position\":2,\"name\":\"Dienstleistungen\",\"item\":\"https:\\\/\\\/fuster-associates.com\\\/de\\\/services\\\/\"},{\"@type\":\"ListItem\",\"position\":3,\"name\":\"Immobilienrechtliche Dienstleistungen\"}]},{\"@type\":\"WebSite\",\"@id\":\"https:\\\/\\\/fuster-associates.com\\\/de\\\/#website\",\"url\":\"https:\\\/\\\/fuster-associates.com\\\/de\\\/\",\"name\":\"Fuster & Associates\",\"description\":\"Property Solicitors\",\"publisher\":{\"@id\":\"https:\\\/\\\/fuster-associates.com\\\/de\\\/#organization\"},\"potentialAction\":[{\"@type\":\"SearchAction\",\"target\":{\"@type\":\"EntryPoint\",\"urlTemplate\":\"https:\\\/\\\/fuster-associates.com\\\/de\\\/?s={search_term_string}\"},\"query-input\":{\"@type\":\"PropertyValueSpecification\",\"valueRequired\":true,\"valueName\":\"search_term_string\"}}],\"inLanguage\":\"de\"},{\"@type\":\"Organization\",\"@id\":\"https:\\\/\\\/fuster-associates.com\\\/de\\\/#organization\",\"name\":\"FUSTER & ASSOCIATES\",\"url\":\"https:\\\/\\\/fuster-associates.com\\\/de\\\/\",\"logo\":{\"@type\":\"ImageObject\",\"inLanguage\":\"de\",\"@id\":\"https:\\\/\\\/fuster-associates.com\\\/de\\\/#\\\/schema\\\/logo\\\/image\\\/\",\"url\":\"https:\\\/\\\/fuster-associates.com\\\/wp-content\\\/uploads\\\/2018\\\/08\\\/logo-fuster-1.jpeg\",\"contentUrl\":\"https:\\\/\\\/fuster-associates.com\\\/wp-content\\\/uploads\\\/2018\\\/08\\\/logo-fuster-1.jpeg\",\"width\":180,\"height\":113,\"caption\":\"FUSTER & ASSOCIATES\"},\"image\":{\"@id\":\"https:\\\/\\\/fuster-associates.com\\\/de\\\/#\\\/schema\\\/logo\\\/image\\\/\"},\"sameAs\":[\"https:\\\/\\\/www.facebook.com\\\/fusterspain\\\/\",\"https:\\\/\\\/x.com\\\/FusterSpain\",\"https:\\\/\\\/www.youtube.com\\\/channel\\\/UC2-kNuL1SoqlFizI47hmIOQ\",\"https:\\\/\\\/www.linkedin.com\\\/company\\\/fuster-&-associates\\\/\"]}]}<\/script>\n<!-- \/ Yoast SEO plugin. -->","yoast_head_json":{"title":"Immobilienrechtliche Dienstleistungen in Spanien - Fuster & Associates","description":"Kompetente Rechtsberatung beim Kauf, Verkauf oder der Vererbung von Immobilien in Spanien. Vertrauen Sie Fuster & Associates f\u00fcr sichere Immobilientransaktionen.","robots":{"index":"index","follow":"follow","max-snippet":"max-snippet:-1","max-image-preview":"max-image-preview:large","max-video-preview":"max-video-preview:-1"},"canonical":"https:\/\/fuster-associates.com\/de\/dienstleistungen\/immobilienrechtliche-dienstleistungen\/","og_locale":"de_DE","og_type":"article","og_title":"Immobilienrechtliche Dienstleistungen in Spanien - Fuster & Associates","og_description":"Kompetente Rechtsberatung beim Kauf, Verkauf oder der Vererbung von Immobilien in Spanien. Vertrauen Sie Fuster & Associates f\u00fcr sichere Immobilientransaktionen.","og_url":"https:\/\/fuster-associates.com\/de\/dienstleistungen\/immobilienrechtliche-dienstleistungen\/","og_site_name":"Fuster &amp; Associates","article_publisher":"https:\/\/www.facebook.com\/fusterspain\/","article_modified_time":"2025-09-03T09:12:59+00:00","og_image":[{"width":1920,"height":1280,"url":"https:\/\/fuster-associates.com\/wp-content\/uploads\/2020\/02\/slide-fuster-standard.jpg","type":"image\/jpeg"}],"twitter_card":"summary_large_image","twitter_site":"@FusterSpain","twitter_misc":{"Gesch\u00e4tzte Lesezeit":"1\u00a0Minute"},"schema":{"@context":"https:\/\/schema.org","@graph":[{"@type":"WebPage","@id":"https:\/\/fuster-associates.com\/de\/dienstleistungen\/immobilienrechtliche-dienstleistungen\/","url":"https:\/\/fuster-associates.com\/de\/dienstleistungen\/immobilienrechtliche-dienstleistungen\/","name":"Immobilienrechtliche Dienstleistungen in Spanien - Fuster & Associates","isPartOf":{"@id":"https:\/\/fuster-associates.com\/de\/#website"},"datePublished":"2025-02-18T06:12:29+00:00","dateModified":"2025-09-03T09:12:59+00:00","description":"Kompetente Rechtsberatung beim Kauf, Verkauf oder der Vererbung von Immobilien in Spanien. Vertrauen Sie Fuster & Associates f\u00fcr sichere Immobilientransaktionen.","breadcrumb":{"@id":"https:\/\/fuster-associates.com\/de\/dienstleistungen\/immobilienrechtliche-dienstleistungen\/#breadcrumb"},"inLanguage":"de","potentialAction":[{"@type":"ReadAction","target":["https:\/\/fuster-associates.com\/de\/dienstleistungen\/immobilienrechtliche-dienstleistungen\/"]}]},{"@type":"BreadcrumbList","@id":"https:\/\/fuster-associates.com\/de\/dienstleistungen\/immobilienrechtliche-dienstleistungen\/#breadcrumb","itemListElement":[{"@type":"ListItem","position":1,"name":"Home","item":"https:\/\/fuster-associates.com\/de\/"},{"@type":"ListItem","position":2,"name":"Dienstleistungen","item":"https:\/\/fuster-associates.com\/de\/services\/"},{"@type":"ListItem","position":3,"name":"Immobilienrechtliche Dienstleistungen"}]},{"@type":"WebSite","@id":"https:\/\/fuster-associates.com\/de\/#website","url":"https:\/\/fuster-associates.com\/de\/","name":"Fuster & Associates","description":"Property Solicitors","publisher":{"@id":"https:\/\/fuster-associates.com\/de\/#organization"},"potentialAction":[{"@type":"SearchAction","target":{"@type":"EntryPoint","urlTemplate":"https:\/\/fuster-associates.com\/de\/?s={search_term_string}"},"query-input":{"@type":"PropertyValueSpecification","valueRequired":true,"valueName":"search_term_string"}}],"inLanguage":"de"},{"@type":"Organization","@id":"https:\/\/fuster-associates.com\/de\/#organization","name":"FUSTER & ASSOCIATES","url":"https:\/\/fuster-associates.com\/de\/","logo":{"@type":"ImageObject","inLanguage":"de","@id":"https:\/\/fuster-associates.com\/de\/#\/schema\/logo\/image\/","url":"https:\/\/fuster-associates.com\/wp-content\/uploads\/2018\/08\/logo-fuster-1.jpeg","contentUrl":"https:\/\/fuster-associates.com\/wp-content\/uploads\/2018\/08\/logo-fuster-1.jpeg","width":180,"height":113,"caption":"FUSTER & ASSOCIATES"},"image":{"@id":"https:\/\/fuster-associates.com\/de\/#\/schema\/logo\/image\/"},"sameAs":["https:\/\/www.facebook.com\/fusterspain\/","https:\/\/x.com\/FusterSpain","https:\/\/www.youtube.com\/channel\/UC2-kNuL1SoqlFizI47hmIOQ","https:\/\/www.linkedin.com\/company\/fuster-&-associates\/"]}]}},"_links":{"self":[{"href":"https:\/\/fuster-associates.com\/de\/wp-json\/wp\/v2\/pages\/28374","targetHints":{"allow":["GET"]}}],"collection":[{"href":"https:\/\/fuster-associates.com\/de\/wp-json\/wp\/v2\/pages"}],"about":[{"href":"https:\/\/fuster-associates.com\/de\/wp-json\/wp\/v2\/types\/page"}],"author":[{"embeddable":true,"href":"https:\/\/fuster-associates.com\/de\/wp-json\/wp\/v2\/users\/1"}],"replies":[{"embeddable":true,"href":"https:\/\/fuster-associates.com\/de\/wp-json\/wp\/v2\/comments?post=28374"}],"version-history":[{"count":2,"href":"https:\/\/fuster-associates.com\/de\/wp-json\/wp\/v2\/pages\/28374\/revisions"}],"predecessor-version":[{"id":33633,"href":"https:\/\/fuster-associates.com\/de\/wp-json\/wp\/v2\/pages\/28374\/revisions\/33633"}],"up":[{"embeddable":true,"href":"https:\/\/fuster-associates.com\/de\/wp-json\/wp\/v2\/pages\/28752"}],"wp:attachment":[{"href":"https:\/\/fuster-associates.com\/de\/wp-json\/wp\/v2\/media?parent=28374"}],"curies":[{"name":"wp","href":"https:\/\/api.w.org\/{rel}","templated":true}]}}