{"id":30480,"date":"2025-07-16T13:11:06","date_gmt":"2025-07-16T11:11:06","guid":{"rendered":"https:\/\/fuster-associates.com\/serviceydelser\/skattetjenester\/skatteydelser-til-ikke-residenter\/"},"modified":"2025-09-09T13:08:52","modified_gmt":"2025-09-09T11:08:52","slug":"skatteydelser-til-ikke-residenter","status":"publish","type":"page","link":"https:\/\/fuster-associates.com\/da\/serviceydelser\/skattetjenester\/skatteydelser-til-ikke-residenter\/","title":{"rendered":"Skatteydelser til Ikke-Residenter"},"content":{"rendered":"\t\t<div data-elementor-type=\"wp-page\" data-elementor-id=\"30480\" class=\"elementor elementor-30480 elementor-24050\" data-elementor-post-type=\"page\">\n\t\t\t\t<div class=\"elementor-element elementor-element-5c73015f e-flex e-con-boxed e-con e-parent\" data-id=\"5c73015f\" data-element_type=\"container\" data-e-type=\"container\" data-settings=\"{&quot;background_background&quot;:&quot;classic&quot;}\">\n\t\t\t\t\t<div class=\"e-con-inner\">\n\t\t\t\t<div class=\"elementor-element elementor-element-58ff9019 elementor-invisible elementor-widget elementor-widget-heading\" data-id=\"58ff9019\" data-element_type=\"widget\" data-e-type=\"widget\" data-settings=\"{&quot;_animation&quot;:&quot;fadeInDown&quot;}\" data-widget_type=\"heading.default\">\n\t\t\t\t\t<h1 class=\"elementor-heading-title elementor-size-default\">Skatteydelser til Ikke-Residenter<\/h1>\t\t\t\t<\/div>\n\t\t\t\t<div class=\"elementor-element elementor-element-27581622 elementor-invisible elementor-widget elementor-widget-breadcrumbs\" data-id=\"27581622\" data-element_type=\"widget\" data-e-type=\"widget\" data-settings=\"{&quot;_animation&quot;:&quot;fadeInUp&quot;}\" data-widget_type=\"breadcrumbs.default\">\n\t\t\t\t\t<p id=\"breadcrumbs\"><span><span><a href=\"https:\/\/fuster-associates.com\/da\/\">Hjem<\/a><\/span><\/span><\/p>\t\t\t\t<\/div>\n\t\t\t\t\t<\/div>\n\t\t\t\t<\/div>\n\t\t<div class=\"elementor-element elementor-element-3ef0269 e-flex e-con-boxed e-con e-parent\" data-id=\"3ef0269\" data-element_type=\"container\" data-e-type=\"container\">\n\t\t\t\t\t<div class=\"e-con-inner\">\n\t\t\t\t<div class=\"elementor-element elementor-element-96b0a21 elementor-invisible elementor-widget elementor-widget-heading\" data-id=\"96b0a21\" data-element_type=\"widget\" data-e-type=\"widget\" data-settings=\"{&quot;_animation&quot;:&quot;fadeIn&quot;,&quot;_animation_laptop&quot;:&quot;fadeIn&quot;}\" data-widget_type=\"heading.default\">\n\t\t\t\t\t<h2 class=\"elementor-heading-title elementor-size-default\">G\u00f8r det nemt at betale spansk skat: Eksperthj\u00e6lp til ikke-residenter<\/h2>\t\t\t\t<\/div>\n\t\t\t\t<div class=\"elementor-element elementor-element-d61b63f elementor-invisible elementor-widget elementor-widget-text-editor\" data-id=\"d61b63f\" data-element_type=\"widget\" data-e-type=\"widget\" data-settings=\"{&quot;_animation&quot;:&quot;fadeIn&quot;,&quot;_animation_laptop&quot;:&quot;fadeIn&quot;}\" data-widget_type=\"text-editor.default\">\n\t\t\t\t\t\t\t\t\tF\u00e5 eksperthj\u00e6lp til alle dine skatteforpligtelser som ikke-hjemmeh\u00f8rende i Spanien. Uanset om du skal angive lejeindt\u00e6gter, indgive en selvangivelse for ikke-hjemmeh\u00f8rende eller kr\u00e6ve kildeskatten p\u00e5 3 % tilbage, sikrer vores betroede juridiske team overholdelse og ro i sindet.<br><br>Hos Fuster &amp; Associates har vi specialiseret os i at hj\u00e6lpe internationale kunder med at navigere i den spanske skattelovgivning, maksimere afkastet og minimere besv\u00e6ret. Book en gratis konsultation, og g\u00f8r din ejendomsskat i Spanien enklere i dag.\t\t\t\t\t\t\t\t<\/div>\n\t\t\t\t<div class=\"elementor-element elementor-element-f9b2e21 elementor-icon-list--layout-traditional elementor-list-item-link-full_width elementor-invisible elementor-widget elementor-widget-icon-list\" data-id=\"f9b2e21\" data-element_type=\"widget\" data-e-type=\"widget\" data-settings=\"{&quot;_animation&quot;:&quot;fadeIn&quot;}\" data-widget_type=\"icon-list.default\">\n\t\t\t\t\t\t\t<ul class=\"elementor-icon-list-items\">\n\t\t\t\t\t\t\t<li class=\"elementor-icon-list-item\">\n\t\t\t\t\t\t\t\t\t\t\t<a href=\"https:\/\/fuster-associates.com\/services\/tax-services\/non-resident-tax-services\/non-resident-tax-return\/\">\n\n\t\t\t\t\t\t\t\t\t\t\t\t<span class=\"elementor-icon-list-icon\">\n\t\t\t\t\t\t\t<svg aria-hidden=\"true\" class=\"e-font-icon-svg e-fas-caret-right\" viewBox=\"0 0 192 512\" xmlns=\"http:\/\/www.w3.org\/2000\/svg\"><path d=\"M0 384.662V127.338c0-17.818 21.543-26.741 34.142-14.142l128.662 128.662c7.81 7.81 7.81 20.474 0 28.284L34.142 398.804C21.543 411.404 0 402.48 0 384.662z\"><\/path><\/svg>\t\t\t\t\t\t<\/span>\n\t\t\t\t\t\t\t\t\t\t<span class=\"elementor-icon-list-text\">Selvangivelse for Ikke-Residenter<\/span>\n\t\t\t\t\t\t\t\t\t\t\t<\/a>\n\t\t\t\t\t\t\t\t\t<\/li>\n\t\t\t\t\t\t\t\t<li class=\"elementor-icon-list-item\">\n\t\t\t\t\t\t\t\t\t\t\t<a href=\"https:\/\/fuster-associates.com\/services\/tax-services\/non-resident-tax-services\/rental-income-declaration\/\">\n\n\t\t\t\t\t\t\t\t\t\t\t\t<span class=\"elementor-icon-list-icon\">\n\t\t\t\t\t\t\t<svg aria-hidden=\"true\" class=\"e-font-icon-svg e-fas-caret-right\" viewBox=\"0 0 192 512\" xmlns=\"http:\/\/www.w3.org\/2000\/svg\"><path d=\"M0 384.662V127.338c0-17.818 21.543-26.741 34.142-14.142l128.662 128.662c7.81 7.81 7.81 20.474 0 28.284L34.142 398.804C21.543 411.404 0 402.48 0 384.662z\"><\/path><\/svg>\t\t\t\t\t\t<\/span>\n\t\t\t\t\t\t\t\t\t\t<span class=\"elementor-icon-list-text\">Erkl\u00e6ring Om Lejeindt\u00e6gt<\/span>\n\t\t\t\t\t\t\t\t\t\t\t<\/a>\n\t\t\t\t\t\t\t\t\t<\/li>\n\t\t\t\t\t\t\t\t<li class=\"elementor-icon-list-item\">\n\t\t\t\t\t\t\t\t\t\t\t<a href=\"https:\/\/fuster-associates.com\/blog\/second-homes-account-for-13-of-spanish-property-purchases\/\">\n\n\t\t\t\t\t\t\t\t\t\t\t\t<span class=\"elementor-icon-list-icon\">\n\t\t\t\t\t\t\t<svg aria-hidden=\"true\" class=\"e-font-icon-svg e-fas-caret-right\" viewBox=\"0 0 192 512\" xmlns=\"http:\/\/www.w3.org\/2000\/svg\"><path d=\"M0 384.662V127.338c0-17.818 21.543-26.741 34.142-14.142l128.662 128.662c7.81 7.81 7.81 20.474 0 28.284L34.142 398.804C21.543 411.404 0 402.48 0 384.662z\"><\/path><\/svg>\t\t\t\t\t\t<\/span>\n\t\t\t\t\t\t\t\t\t\t<span class=\"elementor-icon-list-text\">3% Tilbageholdelse af Udbytte<\/span>\n\t\t\t\t\t\t\t\t\t\t\t<\/a>\n\t\t\t\t\t\t\t\t\t<\/li>\n\t\t\t\t\t\t<\/ul>\n\t\t\t\t\t\t<\/div>\n\t\t\t\t\t<\/div>\n\t\t\t\t<\/div>\n\t\t\t\t<\/div>\n\t\t","protected":false},"excerpt":{"rendered":"<p>G\u00f8r det nemt at betale spansk skat: Eksperthj\u00e6lp til ikke-residenter F\u00e5 eksperthj\u00e6lp til alle dine skatteforpligtelser som ikke-hjemmeh\u00f8rende i Spanien. Uanset om du skal angive lejeindt\u00e6gter, indgive en selvangivelse for ikke-hjemmeh\u00f8rende eller kr\u00e6ve kildeskatten p\u00e5 3 % tilbage, sikrer vores betroede juridiske team overholdelse og ro i sindet. Hos Fuster &amp; Associates har vi specialiseret [&hellip;]<\/p>\n","protected":false},"author":7,"featured_media":0,"parent":28640,"menu_order":0,"comment_status":"closed","ping_status":"closed","template":"","meta":{"content-type":"","_sitemap_exclude":false,"_sitemap_priority":"","_sitemap_frequency":"","footnotes":""},"class_list":["post-30480","page","type-page","status-publish","hentry"],"yoast_head":"<!-- This site is optimized with the Yoast SEO plugin v27.4 - https:\/\/yoast.com\/product\/yoast-seo-wordpress\/ -->\n<title>Skattehj\u00e6lp til ikke-residenter i Spanien - Fuster &amp; Associates<\/title>\n<meta name=\"description\" content=\"G\u00f8r din spanske selvangivelse som ikke-resident enklere med juridisk ekspertbistand og klar vejledning. Book din gratis konsultation nu.\" \/>\n<meta name=\"robots\" content=\"index, follow, max-snippet:-1, max-image-preview:large, max-video-preview:-1\" \/>\n<link rel=\"canonical\" href=\"https:\/\/fuster-associates.com\/da\/serviceydelser\/skattetjenester\/skatteydelser-til-ikke-residenter\/\" \/>\n<meta property=\"og:locale\" content=\"da_DK\" \/>\n<meta property=\"og:type\" content=\"article\" \/>\n<meta property=\"og:title\" content=\"Skattehj\u00e6lp til ikke-residenter i Spanien - Fuster &amp; Associates\" \/>\n<meta property=\"og:description\" content=\"G\u00f8r din spanske selvangivelse som ikke-resident enklere med juridisk ekspertbistand og klar vejledning. Book din gratis konsultation nu.\" \/>\n<meta property=\"og:url\" content=\"https:\/\/fuster-associates.com\/da\/serviceydelser\/skattetjenester\/skatteydelser-til-ikke-residenter\/\" \/>\n<meta property=\"og:site_name\" content=\"Fuster &amp; Associates\" \/>\n<meta property=\"article:publisher\" content=\"https:\/\/www.facebook.com\/fusterspain\/\" \/>\n<meta property=\"article:modified_time\" content=\"2025-09-09T11:08:52+00:00\" \/>\n<meta property=\"og:image\" content=\"https:\/\/fuster-associates.com\/wp-content\/uploads\/2020\/02\/slide-fuster-standard.jpg\" \/>\n\t<meta property=\"og:image:width\" content=\"1920\" \/>\n\t<meta property=\"og:image:height\" content=\"1280\" \/>\n\t<meta property=\"og:image:type\" content=\"image\/jpeg\" \/>\n<meta name=\"twitter:card\" content=\"summary_large_image\" \/>\n<meta name=\"twitter:site\" content=\"@FusterSpain\" \/>\n<meta name=\"twitter:label1\" content=\"Estimeret l\u00e6setid\" \/>\n\t<meta name=\"twitter:data1\" content=\"1 minut\" \/>\n<script type=\"application\/ld+json\" class=\"yoast-schema-graph\">{\"@context\":\"https:\\\/\\\/schema.org\",\"@graph\":[{\"@type\":\"WebPage\",\"@id\":\"https:\\\/\\\/fuster-associates.com\\\/da\\\/serviceydelser\\\/skattetjenester\\\/skatteydelser-til-ikke-residenter\\\/\",\"url\":\"https:\\\/\\\/fuster-associates.com\\\/da\\\/serviceydelser\\\/skattetjenester\\\/skatteydelser-til-ikke-residenter\\\/\",\"name\":\"Skattehj\u00e6lp til ikke-residenter i Spanien - Fuster & Associates\",\"isPartOf\":{\"@id\":\"https:\\\/\\\/fuster-associates.com\\\/da\\\/#website\"},\"datePublished\":\"2025-07-16T11:11:06+00:00\",\"dateModified\":\"2025-09-09T11:08:52+00:00\",\"description\":\"G\u00f8r din spanske selvangivelse som ikke-resident enklere med juridisk ekspertbistand og klar vejledning. Book din gratis konsultation nu.\",\"breadcrumb\":{\"@id\":\"https:\\\/\\\/fuster-associates.com\\\/da\\\/serviceydelser\\\/skattetjenester\\\/skatteydelser-til-ikke-residenter\\\/#breadcrumb\"},\"inLanguage\":\"da-DK\",\"potentialAction\":[{\"@type\":\"ReadAction\",\"target\":[\"https:\\\/\\\/fuster-associates.com\\\/da\\\/serviceydelser\\\/skattetjenester\\\/skatteydelser-til-ikke-residenter\\\/\"]}]},{\"@type\":\"BreadcrumbList\",\"@id\":\"https:\\\/\\\/fuster-associates.com\\\/da\\\/serviceydelser\\\/skattetjenester\\\/skatteydelser-til-ikke-residenter\\\/#breadcrumb\",\"itemListElement\":[{\"@type\":\"ListItem\",\"position\":1,\"name\":\"Hjem\",\"item\":\"https:\\\/\\\/fuster-associates.com\\\/da\\\/\"},{\"@type\":\"ListItem\",\"position\":2,\"name\":\"Serviceydelser\",\"item\":\"https:\\\/\\\/fuster-associates.com\\\/da\\\/serviceydelser\\\/\"},{\"@type\":\"ListItem\",\"position\":3,\"name\":\"Skattetjenester\",\"item\":\"https:\\\/\\\/fuster-associates.com\\\/da\\\/serviceydelser\\\/skattetjenester\\\/\"},{\"@type\":\"ListItem\",\"position\":4,\"name\":\"Skatteydelser til Ikke-Residenter\"}]},{\"@type\":\"WebSite\",\"@id\":\"https:\\\/\\\/fuster-associates.com\\\/da\\\/#website\",\"url\":\"https:\\\/\\\/fuster-associates.com\\\/da\\\/\",\"name\":\"Fuster & Associates\",\"description\":\"Property Solicitors\",\"publisher\":{\"@id\":\"https:\\\/\\\/fuster-associates.com\\\/da\\\/#organization\"},\"potentialAction\":[{\"@type\":\"SearchAction\",\"target\":{\"@type\":\"EntryPoint\",\"urlTemplate\":\"https:\\\/\\\/fuster-associates.com\\\/da\\\/?s={search_term_string}\"},\"query-input\":{\"@type\":\"PropertyValueSpecification\",\"valueRequired\":true,\"valueName\":\"search_term_string\"}}],\"inLanguage\":\"da-DK\"},{\"@type\":\"Organization\",\"@id\":\"https:\\\/\\\/fuster-associates.com\\\/da\\\/#organization\",\"name\":\"FUSTER & ASSOCIATES\",\"url\":\"https:\\\/\\\/fuster-associates.com\\\/da\\\/\",\"logo\":{\"@type\":\"ImageObject\",\"inLanguage\":\"da-DK\",\"@id\":\"https:\\\/\\\/fuster-associates.com\\\/da\\\/#\\\/schema\\\/logo\\\/image\\\/\",\"url\":\"https:\\\/\\\/fuster-associates.com\\\/wp-content\\\/uploads\\\/2018\\\/08\\\/logo-fuster-1.jpeg\",\"contentUrl\":\"https:\\\/\\\/fuster-associates.com\\\/wp-content\\\/uploads\\\/2018\\\/08\\\/logo-fuster-1.jpeg\",\"width\":180,\"height\":113,\"caption\":\"FUSTER & ASSOCIATES\"},\"image\":{\"@id\":\"https:\\\/\\\/fuster-associates.com\\\/da\\\/#\\\/schema\\\/logo\\\/image\\\/\"},\"sameAs\":[\"https:\\\/\\\/www.facebook.com\\\/fusterspain\\\/\",\"https:\\\/\\\/x.com\\\/FusterSpain\",\"https:\\\/\\\/www.youtube.com\\\/channel\\\/UC2-kNuL1SoqlFizI47hmIOQ\",\"https:\\\/\\\/www.linkedin.com\\\/company\\\/fuster-&-associates\\\/\"]}]}<\/script>\n<!-- \/ Yoast SEO plugin. -->","yoast_head_json":{"title":"Skattehj\u00e6lp til ikke-residenter i Spanien - Fuster & Associates","description":"G\u00f8r din spanske selvangivelse som ikke-resident enklere med juridisk ekspertbistand og klar vejledning. Book din gratis konsultation nu.","robots":{"index":"index","follow":"follow","max-snippet":"max-snippet:-1","max-image-preview":"max-image-preview:large","max-video-preview":"max-video-preview:-1"},"canonical":"https:\/\/fuster-associates.com\/da\/serviceydelser\/skattetjenester\/skatteydelser-til-ikke-residenter\/","og_locale":"da_DK","og_type":"article","og_title":"Skattehj\u00e6lp til ikke-residenter i Spanien - Fuster & Associates","og_description":"G\u00f8r din spanske selvangivelse som ikke-resident enklere med juridisk ekspertbistand og klar vejledning. Book din gratis konsultation nu.","og_url":"https:\/\/fuster-associates.com\/da\/serviceydelser\/skattetjenester\/skatteydelser-til-ikke-residenter\/","og_site_name":"Fuster &amp; Associates","article_publisher":"https:\/\/www.facebook.com\/fusterspain\/","article_modified_time":"2025-09-09T11:08:52+00:00","og_image":[{"width":1920,"height":1280,"url":"https:\/\/fuster-associates.com\/wp-content\/uploads\/2020\/02\/slide-fuster-standard.jpg","type":"image\/jpeg"}],"twitter_card":"summary_large_image","twitter_site":"@FusterSpain","twitter_misc":{"Estimeret l\u00e6setid":"1 minut"},"schema":{"@context":"https:\/\/schema.org","@graph":[{"@type":"WebPage","@id":"https:\/\/fuster-associates.com\/da\/serviceydelser\/skattetjenester\/skatteydelser-til-ikke-residenter\/","url":"https:\/\/fuster-associates.com\/da\/serviceydelser\/skattetjenester\/skatteydelser-til-ikke-residenter\/","name":"Skattehj\u00e6lp til ikke-residenter i Spanien - Fuster & Associates","isPartOf":{"@id":"https:\/\/fuster-associates.com\/da\/#website"},"datePublished":"2025-07-16T11:11:06+00:00","dateModified":"2025-09-09T11:08:52+00:00","description":"G\u00f8r din spanske selvangivelse som ikke-resident enklere med juridisk ekspertbistand og klar vejledning. Book din gratis konsultation nu.","breadcrumb":{"@id":"https:\/\/fuster-associates.com\/da\/serviceydelser\/skattetjenester\/skatteydelser-til-ikke-residenter\/#breadcrumb"},"inLanguage":"da-DK","potentialAction":[{"@type":"ReadAction","target":["https:\/\/fuster-associates.com\/da\/serviceydelser\/skattetjenester\/skatteydelser-til-ikke-residenter\/"]}]},{"@type":"BreadcrumbList","@id":"https:\/\/fuster-associates.com\/da\/serviceydelser\/skattetjenester\/skatteydelser-til-ikke-residenter\/#breadcrumb","itemListElement":[{"@type":"ListItem","position":1,"name":"Hjem","item":"https:\/\/fuster-associates.com\/da\/"},{"@type":"ListItem","position":2,"name":"Serviceydelser","item":"https:\/\/fuster-associates.com\/da\/serviceydelser\/"},{"@type":"ListItem","position":3,"name":"Skattetjenester","item":"https:\/\/fuster-associates.com\/da\/serviceydelser\/skattetjenester\/"},{"@type":"ListItem","position":4,"name":"Skatteydelser til Ikke-Residenter"}]},{"@type":"WebSite","@id":"https:\/\/fuster-associates.com\/da\/#website","url":"https:\/\/fuster-associates.com\/da\/","name":"Fuster & Associates","description":"Property Solicitors","publisher":{"@id":"https:\/\/fuster-associates.com\/da\/#organization"},"potentialAction":[{"@type":"SearchAction","target":{"@type":"EntryPoint","urlTemplate":"https:\/\/fuster-associates.com\/da\/?s={search_term_string}"},"query-input":{"@type":"PropertyValueSpecification","valueRequired":true,"valueName":"search_term_string"}}],"inLanguage":"da-DK"},{"@type":"Organization","@id":"https:\/\/fuster-associates.com\/da\/#organization","name":"FUSTER & ASSOCIATES","url":"https:\/\/fuster-associates.com\/da\/","logo":{"@type":"ImageObject","inLanguage":"da-DK","@id":"https:\/\/fuster-associates.com\/da\/#\/schema\/logo\/image\/","url":"https:\/\/fuster-associates.com\/wp-content\/uploads\/2018\/08\/logo-fuster-1.jpeg","contentUrl":"https:\/\/fuster-associates.com\/wp-content\/uploads\/2018\/08\/logo-fuster-1.jpeg","width":180,"height":113,"caption":"FUSTER & ASSOCIATES"},"image":{"@id":"https:\/\/fuster-associates.com\/da\/#\/schema\/logo\/image\/"},"sameAs":["https:\/\/www.facebook.com\/fusterspain\/","https:\/\/x.com\/FusterSpain","https:\/\/www.youtube.com\/channel\/UC2-kNuL1SoqlFizI47hmIOQ","https:\/\/www.linkedin.com\/company\/fuster-&-associates\/"]}]}},"_links":{"self":[{"href":"https:\/\/fuster-associates.com\/da\/wp-json\/wp\/v2\/pages\/30480","targetHints":{"allow":["GET"]}}],"collection":[{"href":"https:\/\/fuster-associates.com\/da\/wp-json\/wp\/v2\/pages"}],"about":[{"href":"https:\/\/fuster-associates.com\/da\/wp-json\/wp\/v2\/types\/page"}],"author":[{"embeddable":true,"href":"https:\/\/fuster-associates.com\/da\/wp-json\/wp\/v2\/users\/7"}],"replies":[{"embeddable":true,"href":"https:\/\/fuster-associates.com\/da\/wp-json\/wp\/v2\/comments?post=30480"}],"version-history":[{"count":9,"href":"https:\/\/fuster-associates.com\/da\/wp-json\/wp\/v2\/pages\/30480\/revisions"}],"predecessor-version":[{"id":33981,"href":"https:\/\/fuster-associates.com\/da\/wp-json\/wp\/v2\/pages\/30480\/revisions\/33981"}],"up":[{"embeddable":true,"href":"https:\/\/fuster-associates.com\/da\/wp-json\/wp\/v2\/pages\/28640"}],"wp:attachment":[{"href":"https:\/\/fuster-associates.com\/da\/wp-json\/wp\/v2\/media?parent=30480"}],"curies":[{"name":"wp","href":"https:\/\/api.w.org\/{rel}","templated":true}]}}