{"id":30465,"date":"2025-07-16T12:42:41","date_gmt":"2025-07-16T10:42:41","guid":{"rendered":"https:\/\/fuster-associates.com\/serviceydelser\/skattetjenester\/business-saerlige-skatteordninger\/"},"modified":"2025-09-09T09:58:30","modified_gmt":"2025-09-09T07:58:30","slug":"business-saerlige-skatteordninger","status":"publish","type":"page","link":"https:\/\/fuster-associates.com\/da\/serviceydelser\/skattetjenester\/business-saerlige-skatteordninger\/","title":{"rendered":"Business &amp; S\u00e6rlige Skatteordninger"},"content":{"rendered":"\t\t<div data-elementor-type=\"wp-page\" data-elementor-id=\"30465\" class=\"elementor elementor-30465 elementor-24060\" data-elementor-post-type=\"page\">\n\t\t\t\t<div class=\"elementor-element elementor-element-10416abd e-flex e-con-boxed e-con e-parent\" data-id=\"10416abd\" data-element_type=\"container\" data-e-type=\"container\" data-settings=\"{&quot;background_background&quot;:&quot;classic&quot;}\">\n\t\t\t\t\t<div class=\"e-con-inner\">\n\t\t\t\t<div class=\"elementor-element elementor-element-2bfe5acb elementor-invisible elementor-widget elementor-widget-heading\" data-id=\"2bfe5acb\" data-element_type=\"widget\" data-e-type=\"widget\" data-settings=\"{&quot;_animation&quot;:&quot;fadeInDown&quot;}\" data-widget_type=\"heading.default\">\n\t\t\t\t\t<h1 class=\"elementor-heading-title elementor-size-default\">Business &amp; S\u00e6rlige Skatteordninger<\/h1>\t\t\t\t<\/div>\n\t\t\t\t<div class=\"elementor-element elementor-element-47b0daba elementor-invisible elementor-widget elementor-widget-breadcrumbs\" data-id=\"47b0daba\" data-element_type=\"widget\" data-e-type=\"widget\" data-settings=\"{&quot;_animation&quot;:&quot;fadeInUp&quot;}\" data-widget_type=\"breadcrumbs.default\">\n\t\t\t\t\t<p id=\"breadcrumbs\"><span><span><a href=\"https:\/\/fuster-associates.com\/da\/\">Hjem<\/a><\/span><\/span><\/p>\t\t\t\t<\/div>\n\t\t\t\t\t<\/div>\n\t\t\t\t<\/div>\n\t\t<div class=\"elementor-element elementor-element-7f6e6dd e-flex e-con-boxed e-con e-parent\" data-id=\"7f6e6dd\" data-element_type=\"container\" data-e-type=\"container\">\n\t\t\t\t\t<div class=\"e-con-inner\">\n\t\t\t\t<div class=\"elementor-element elementor-element-5700f50 elementor-invisible elementor-widget elementor-widget-heading\" data-id=\"5700f50\" data-element_type=\"widget\" data-e-type=\"widget\" data-settings=\"{&quot;_animation&quot;:&quot;fadeIn&quot;,&quot;_animation_laptop&quot;:&quot;fadeIn&quot;}\" data-widget_type=\"heading.default\">\n\t\t\t\t\t<h2 class=\"elementor-heading-title elementor-size-default\">Skr\u00e6ddersyede tjenester til professionelle og virksomheder i Spanien<\/h2>\t\t\t\t<\/div>\n\t\t\t\t<div class=\"elementor-element elementor-element-26d1c0d elementor-invisible elementor-widget elementor-widget-text-editor\" data-id=\"26d1c0d\" data-element_type=\"widget\" data-e-type=\"widget\" data-settings=\"{&quot;_animation&quot;:&quot;fadeIn&quot;,&quot;_animation_laptop&quot;:&quot;fadeIn&quot;}\" data-widget_type=\"text-editor.default\">\n\t\t\t\t\t\t\t\t\tF\u00e5\u00a0<strong data-start=\"1128\" data-end=\"1214\">ekspertst\u00f8tte til skatte\u00a0<\/strong>til din virksomhed eller internationale livsstil i Spanien. Uanset om du driver en virksomhed, arbejder som freelancer, lever som digital nomade eller drager fordel af Beckham-loven, tilbyder Fuster &amp; Associates\u00a0<strong data-start=\"1374\" data-end=\"1412\">specialiseret juridisk og skattem\u00e6ssig vejledning<\/strong>\u00a0for at hj\u00e6lpe dig med at optimere din \u00f8konomiske position.<br><br>Vi hj\u00e6lper\u00a0<strong data-start=\"1469\" data-end=\"1535\">fjernarbejdere, iv\u00e6rks\u00e6ttere og internationale fagfolk<\/strong>\u00a0med at navigere i Spaniens s\u00e6rlige skatteordninger.<br><br><strong data-start=\"1579\" data-end=\"1610\">Book din gratis konsultation<\/strong>\u00a0og f\u00e5 ro i sindet med skr\u00e6ddersyede l\u00f8sninger, der fungerer for dig.\t\t\t\t\t\t\t\t<\/div>\n\t\t\t\t\t<\/div>\n\t\t\t\t<\/div>\n\t\t<div class=\"elementor-element elementor-element-d1fb40 e-flex e-con-boxed e-con e-parent\" data-id=\"d1fb40\" data-element_type=\"container\" data-e-type=\"container\">\n\t\t\t\t\t<div class=\"e-con-inner\">\n\t\t\t\t<div class=\"elementor-element elementor-element-3740d9d elementor-icon-list--layout-traditional elementor-list-item-link-full_width elementor-widget elementor-widget-icon-list\" data-id=\"3740d9d\" data-element_type=\"widget\" data-e-type=\"widget\" data-widget_type=\"icon-list.default\">\n\t\t\t\t\t\t\t<ul class=\"elementor-icon-list-items\">\n\t\t\t\t\t\t\t<li class=\"elementor-icon-list-item\">\n\t\t\t\t\t\t\t\t\t\t\t<a href=\"https:\/\/fuster-associates.com\/services\/tax-services\/business-special-tax-regimes\/corporate-tax-services\/\">\n\n\t\t\t\t\t\t\t\t\t\t\t\t<span class=\"elementor-icon-list-icon\">\n\t\t\t\t\t\t\t<svg aria-hidden=\"true\" class=\"e-font-icon-svg e-fas-caret-right\" viewBox=\"0 0 192 512\" xmlns=\"http:\/\/www.w3.org\/2000\/svg\"><path d=\"M0 384.662V127.338c0-17.818 21.543-26.741 34.142-14.142l128.662 128.662c7.81 7.81 7.81 20.474 0 28.284L34.142 398.804C21.543 411.404 0 402.48 0 384.662z\"><\/path><\/svg>\t\t\t\t\t\t<\/span>\n\t\t\t\t\t\t\t\t\t\t<span class=\"elementor-icon-list-text\">Skatteservice til Virksomheder<\/span>\n\t\t\t\t\t\t\t\t\t\t\t<\/a>\n\t\t\t\t\t\t\t\t\t<\/li>\n\t\t\t\t\t\t\t\t<li class=\"elementor-icon-list-item\">\n\t\t\t\t\t\t\t\t\t\t\t<a href=\"https:\/\/fuster-associates.com\/services\/tax-services\/business-special-tax-regimes\/freelance-self-employed-tax-services\/\">\n\n\t\t\t\t\t\t\t\t\t\t\t\t<span class=\"elementor-icon-list-icon\">\n\t\t\t\t\t\t\t<svg aria-hidden=\"true\" class=\"e-font-icon-svg e-fas-caret-right\" viewBox=\"0 0 192 512\" xmlns=\"http:\/\/www.w3.org\/2000\/svg\"><path d=\"M0 384.662V127.338c0-17.818 21.543-26.741 34.142-14.142l128.662 128.662c7.81 7.81 7.81 20.474 0 28.284L34.142 398.804C21.543 411.404 0 402.48 0 384.662z\"><\/path><\/svg>\t\t\t\t\t\t<\/span>\n\t\t\t\t\t\t\t\t\t\t<span class=\"elementor-icon-list-text\">Freelance og Selvst\u00e6ndiges Skatteydelser<\/span>\n\t\t\t\t\t\t\t\t\t\t\t<\/a>\n\t\t\t\t\t\t\t\t\t<\/li>\n\t\t\t\t\t\t\t\t<li class=\"elementor-icon-list-item\">\n\t\t\t\t\t\t\t\t\t\t\t<a href=\"https:\/\/fuster-associates.com\/services\/tax-services\/business-special-tax-regimes\/digital-nomad-taxation\/\">\n\n\t\t\t\t\t\t\t\t\t\t\t\t<span class=\"elementor-icon-list-icon\">\n\t\t\t\t\t\t\t<svg aria-hidden=\"true\" class=\"e-font-icon-svg e-fas-caret-right\" viewBox=\"0 0 192 512\" xmlns=\"http:\/\/www.w3.org\/2000\/svg\"><path d=\"M0 384.662V127.338c0-17.818 21.543-26.741 34.142-14.142l128.662 128.662c7.81 7.81 7.81 20.474 0 28.284L34.142 398.804C21.543 411.404 0 402.48 0 384.662z\"><\/path><\/svg>\t\t\t\t\t\t<\/span>\n\t\t\t\t\t\t\t\t\t\t<span class=\"elementor-icon-list-text\">Beskatning af Digitale Nomader<\/span>\n\t\t\t\t\t\t\t\t\t\t\t<\/a>\n\t\t\t\t\t\t\t\t\t<\/li>\n\t\t\t\t\t\t\t\t<li class=\"elementor-icon-list-item\">\n\t\t\t\t\t\t\t\t\t\t\t<a href=\"https:\/\/fuster-associates.com\/services\/tax-services\/business-special-tax-regimes\/beckham-law-special-expats-regimes\/\">\n\n\t\t\t\t\t\t\t\t\t\t\t\t<span class=\"elementor-icon-list-icon\">\n\t\t\t\t\t\t\t<svg aria-hidden=\"true\" class=\"e-font-icon-svg e-fas-caret-right\" viewBox=\"0 0 192 512\" xmlns=\"http:\/\/www.w3.org\/2000\/svg\"><path d=\"M0 384.662V127.338c0-17.818 21.543-26.741 34.142-14.142l128.662 128.662c7.81 7.81 7.81 20.474 0 28.284L34.142 398.804C21.543 411.404 0 402.48 0 384.662z\"><\/path><\/svg>\t\t\t\t\t\t<\/span>\n\t\t\t\t\t\t\t\t\t\t<span class=\"elementor-icon-list-text\">Beckham-Loven &amp; S\u00e6rlige ordninger for Udstationerede<\/span>\n\t\t\t\t\t\t\t\t\t\t\t<\/a>\n\t\t\t\t\t\t\t\t\t<\/li>\n\t\t\t\t\t\t\t\t<li class=\"elementor-icon-list-item\">\n\t\t\t\t\t\t\t\t\t\t\t<a href=\"https:\/\/fuster-associates.com\/services\/tax-services\/business-special-tax-regimes\/tax-advise-for-remote-workers-international-professionals\/\">\n\n\t\t\t\t\t\t\t\t\t\t\t\t<span class=\"elementor-icon-list-icon\">\n\t\t\t\t\t\t\t<svg aria-hidden=\"true\" class=\"e-font-icon-svg e-fas-caret-right\" viewBox=\"0 0 192 512\" xmlns=\"http:\/\/www.w3.org\/2000\/svg\"><path d=\"M0 384.662V127.338c0-17.818 21.543-26.741 34.142-14.142l128.662 128.662c7.81 7.81 7.81 20.474 0 28.284L34.142 398.804C21.543 411.404 0 402.48 0 384.662z\"><\/path><\/svg>\t\t\t\t\t\t<\/span>\n\t\t\t\t\t\t\t\t\t\t<span class=\"elementor-icon-list-text\">Skatter\u00e5dgivning for Fjernarbejdere &amp; Internationale Fagfolk<\/span>\n\t\t\t\t\t\t\t\t\t\t\t<\/a>\n\t\t\t\t\t\t\t\t\t<\/li>\n\t\t\t\t\t\t<\/ul>\n\t\t\t\t\t\t<\/div>\n\t\t\t\t\t<\/div>\n\t\t\t\t<\/div>\n\t\t\t\t<\/div>\n\t\t","protected":false},"excerpt":{"rendered":"<p>Skr\u00e6ddersyede tjenester til professionelle og virksomheder i Spanien F\u00e5\u00a0ekspertst\u00f8tte til skatte\u00a0til din virksomhed eller internationale livsstil i Spanien. Uanset om du driver en virksomhed, arbejder som freelancer, lever som digital nomade eller drager fordel af Beckham-loven, tilbyder Fuster &amp; Associates\u00a0specialiseret juridisk og skattem\u00e6ssig vejledning\u00a0for at hj\u00e6lpe dig med at optimere din \u00f8konomiske position. Vi hj\u00e6lper\u00a0fjernarbejdere, [&hellip;]<\/p>\n","protected":false},"author":7,"featured_media":0,"parent":28640,"menu_order":0,"comment_status":"closed","ping_status":"closed","template":"","meta":{"content-type":"","_sitemap_exclude":false,"_sitemap_priority":"","_sitemap_frequency":"","footnotes":""},"class_list":["post-30465","page","type-page","status-publish","hentry"],"yoast_head":"<!-- This site is optimized with the Yoast SEO plugin v27.3 - https:\/\/yoast.com\/product\/yoast-seo-wordpress\/ -->\n<title>Hj\u00e6lp til virksomhedsskat i Spanien - Fuster &amp; Associates<\/title>\n<meta name=\"description\" content=\"F\u00e5 fuld st\u00f8tte til overholdelse af skatteregler for virksomheder, freelancere og internationale virksomheder i Spanien. Book din gratis konsultation nu.\" \/>\n<meta name=\"robots\" content=\"index, follow, max-snippet:-1, max-image-preview:large, max-video-preview:-1\" \/>\n<link rel=\"canonical\" href=\"https:\/\/fuster-associates.com\/da\/serviceydelser\/skattetjenester\/business-saerlige-skatteordninger\/\" \/>\n<meta property=\"og:locale\" content=\"da_DK\" \/>\n<meta property=\"og:type\" content=\"article\" \/>\n<meta property=\"og:title\" content=\"Hj\u00e6lp til virksomhedsskat i Spanien - Fuster &amp; Associates\" \/>\n<meta property=\"og:description\" content=\"F\u00e5 fuld st\u00f8tte til overholdelse af skatteregler for virksomheder, freelancere og internationale virksomheder i Spanien. Book din gratis konsultation nu.\" \/>\n<meta property=\"og:url\" content=\"https:\/\/fuster-associates.com\/da\/serviceydelser\/skattetjenester\/business-saerlige-skatteordninger\/\" \/>\n<meta property=\"og:site_name\" content=\"Fuster &amp; Associates\" \/>\n<meta property=\"article:publisher\" content=\"https:\/\/www.facebook.com\/fusterspain\/\" \/>\n<meta property=\"article:modified_time\" content=\"2025-09-09T07:58:30+00:00\" \/>\n<meta property=\"og:image\" content=\"https:\/\/fuster-associates.com\/wp-content\/uploads\/2020\/02\/slide-fuster-standard.jpg\" \/>\n\t<meta property=\"og:image:width\" content=\"1920\" \/>\n\t<meta property=\"og:image:height\" content=\"1280\" \/>\n\t<meta property=\"og:image:type\" content=\"image\/jpeg\" \/>\n<meta name=\"twitter:card\" content=\"summary_large_image\" \/>\n<meta name=\"twitter:site\" content=\"@FusterSpain\" \/>\n<meta name=\"twitter:label1\" content=\"Estimeret l\u00e6setid\" \/>\n\t<meta name=\"twitter:data1\" content=\"1 minut\" \/>\n<script type=\"application\/ld+json\" class=\"yoast-schema-graph\">{\"@context\":\"https:\\\/\\\/schema.org\",\"@graph\":[{\"@type\":\"WebPage\",\"@id\":\"https:\\\/\\\/fuster-associates.com\\\/da\\\/serviceydelser\\\/skattetjenester\\\/business-saerlige-skatteordninger\\\/\",\"url\":\"https:\\\/\\\/fuster-associates.com\\\/da\\\/serviceydelser\\\/skattetjenester\\\/business-saerlige-skatteordninger\\\/\",\"name\":\"Hj\u00e6lp til virksomhedsskat i Spanien - Fuster & Associates\",\"isPartOf\":{\"@id\":\"https:\\\/\\\/fuster-associates.com\\\/da\\\/#website\"},\"datePublished\":\"2025-07-16T10:42:41+00:00\",\"dateModified\":\"2025-09-09T07:58:30+00:00\",\"description\":\"F\u00e5 fuld st\u00f8tte til overholdelse af skatteregler for virksomheder, freelancere og internationale virksomheder i Spanien. Book din gratis konsultation nu.\",\"breadcrumb\":{\"@id\":\"https:\\\/\\\/fuster-associates.com\\\/da\\\/serviceydelser\\\/skattetjenester\\\/business-saerlige-skatteordninger\\\/#breadcrumb\"},\"inLanguage\":\"da-DK\",\"potentialAction\":[{\"@type\":\"ReadAction\",\"target\":[\"https:\\\/\\\/fuster-associates.com\\\/da\\\/serviceydelser\\\/skattetjenester\\\/business-saerlige-skatteordninger\\\/\"]}]},{\"@type\":\"BreadcrumbList\",\"@id\":\"https:\\\/\\\/fuster-associates.com\\\/da\\\/serviceydelser\\\/skattetjenester\\\/business-saerlige-skatteordninger\\\/#breadcrumb\",\"itemListElement\":[{\"@type\":\"ListItem\",\"position\":1,\"name\":\"Hjem\",\"item\":\"https:\\\/\\\/fuster-associates.com\\\/da\\\/\"},{\"@type\":\"ListItem\",\"position\":2,\"name\":\"Serviceydelser\",\"item\":\"https:\\\/\\\/fuster-associates.com\\\/da\\\/serviceydelser\\\/\"},{\"@type\":\"ListItem\",\"position\":3,\"name\":\"Skattetjenester\",\"item\":\"https:\\\/\\\/fuster-associates.com\\\/da\\\/serviceydelser\\\/skattetjenester\\\/\"},{\"@type\":\"ListItem\",\"position\":4,\"name\":\"Business &amp; S\u00e6rlige Skatteordninger\"}]},{\"@type\":\"WebSite\",\"@id\":\"https:\\\/\\\/fuster-associates.com\\\/da\\\/#website\",\"url\":\"https:\\\/\\\/fuster-associates.com\\\/da\\\/\",\"name\":\"Fuster & Associates\",\"description\":\"Property Solicitors\",\"publisher\":{\"@id\":\"https:\\\/\\\/fuster-associates.com\\\/da\\\/#organization\"},\"potentialAction\":[{\"@type\":\"SearchAction\",\"target\":{\"@type\":\"EntryPoint\",\"urlTemplate\":\"https:\\\/\\\/fuster-associates.com\\\/da\\\/?s={search_term_string}\"},\"query-input\":{\"@type\":\"PropertyValueSpecification\",\"valueRequired\":true,\"valueName\":\"search_term_string\"}}],\"inLanguage\":\"da-DK\"},{\"@type\":\"Organization\",\"@id\":\"https:\\\/\\\/fuster-associates.com\\\/da\\\/#organization\",\"name\":\"FUSTER & ASSOCIATES\",\"url\":\"https:\\\/\\\/fuster-associates.com\\\/da\\\/\",\"logo\":{\"@type\":\"ImageObject\",\"inLanguage\":\"da-DK\",\"@id\":\"https:\\\/\\\/fuster-associates.com\\\/da\\\/#\\\/schema\\\/logo\\\/image\\\/\",\"url\":\"https:\\\/\\\/fuster-associates.com\\\/wp-content\\\/uploads\\\/2018\\\/08\\\/logo-fuster-1.jpeg\",\"contentUrl\":\"https:\\\/\\\/fuster-associates.com\\\/wp-content\\\/uploads\\\/2018\\\/08\\\/logo-fuster-1.jpeg\",\"width\":180,\"height\":113,\"caption\":\"FUSTER & ASSOCIATES\"},\"image\":{\"@id\":\"https:\\\/\\\/fuster-associates.com\\\/da\\\/#\\\/schema\\\/logo\\\/image\\\/\"},\"sameAs\":[\"https:\\\/\\\/www.facebook.com\\\/fusterspain\\\/\",\"https:\\\/\\\/x.com\\\/FusterSpain\",\"https:\\\/\\\/www.youtube.com\\\/channel\\\/UC2-kNuL1SoqlFizI47hmIOQ\",\"https:\\\/\\\/www.linkedin.com\\\/company\\\/fuster-&-associates\\\/\"]}]}<\/script>\n<!-- \/ Yoast SEO plugin. -->","yoast_head_json":{"title":"Hj\u00e6lp til virksomhedsskat i Spanien - Fuster & Associates","description":"F\u00e5 fuld st\u00f8tte til overholdelse af skatteregler for virksomheder, freelancere og internationale virksomheder i Spanien. Book din gratis konsultation nu.","robots":{"index":"index","follow":"follow","max-snippet":"max-snippet:-1","max-image-preview":"max-image-preview:large","max-video-preview":"max-video-preview:-1"},"canonical":"https:\/\/fuster-associates.com\/da\/serviceydelser\/skattetjenester\/business-saerlige-skatteordninger\/","og_locale":"da_DK","og_type":"article","og_title":"Hj\u00e6lp til virksomhedsskat i Spanien - Fuster & Associates","og_description":"F\u00e5 fuld st\u00f8tte til overholdelse af skatteregler for virksomheder, freelancere og internationale virksomheder i Spanien. Book din gratis konsultation nu.","og_url":"https:\/\/fuster-associates.com\/da\/serviceydelser\/skattetjenester\/business-saerlige-skatteordninger\/","og_site_name":"Fuster &amp; Associates","article_publisher":"https:\/\/www.facebook.com\/fusterspain\/","article_modified_time":"2025-09-09T07:58:30+00:00","og_image":[{"width":1920,"height":1280,"url":"https:\/\/fuster-associates.com\/wp-content\/uploads\/2020\/02\/slide-fuster-standard.jpg","type":"image\/jpeg"}],"twitter_card":"summary_large_image","twitter_site":"@FusterSpain","twitter_misc":{"Estimeret l\u00e6setid":"1 minut"},"schema":{"@context":"https:\/\/schema.org","@graph":[{"@type":"WebPage","@id":"https:\/\/fuster-associates.com\/da\/serviceydelser\/skattetjenester\/business-saerlige-skatteordninger\/","url":"https:\/\/fuster-associates.com\/da\/serviceydelser\/skattetjenester\/business-saerlige-skatteordninger\/","name":"Hj\u00e6lp til virksomhedsskat i Spanien - Fuster & Associates","isPartOf":{"@id":"https:\/\/fuster-associates.com\/da\/#website"},"datePublished":"2025-07-16T10:42:41+00:00","dateModified":"2025-09-09T07:58:30+00:00","description":"F\u00e5 fuld st\u00f8tte til overholdelse af skatteregler for virksomheder, freelancere og internationale virksomheder i Spanien. Book din gratis konsultation nu.","breadcrumb":{"@id":"https:\/\/fuster-associates.com\/da\/serviceydelser\/skattetjenester\/business-saerlige-skatteordninger\/#breadcrumb"},"inLanguage":"da-DK","potentialAction":[{"@type":"ReadAction","target":["https:\/\/fuster-associates.com\/da\/serviceydelser\/skattetjenester\/business-saerlige-skatteordninger\/"]}]},{"@type":"BreadcrumbList","@id":"https:\/\/fuster-associates.com\/da\/serviceydelser\/skattetjenester\/business-saerlige-skatteordninger\/#breadcrumb","itemListElement":[{"@type":"ListItem","position":1,"name":"Hjem","item":"https:\/\/fuster-associates.com\/da\/"},{"@type":"ListItem","position":2,"name":"Serviceydelser","item":"https:\/\/fuster-associates.com\/da\/serviceydelser\/"},{"@type":"ListItem","position":3,"name":"Skattetjenester","item":"https:\/\/fuster-associates.com\/da\/serviceydelser\/skattetjenester\/"},{"@type":"ListItem","position":4,"name":"Business &amp; S\u00e6rlige Skatteordninger"}]},{"@type":"WebSite","@id":"https:\/\/fuster-associates.com\/da\/#website","url":"https:\/\/fuster-associates.com\/da\/","name":"Fuster & Associates","description":"Property Solicitors","publisher":{"@id":"https:\/\/fuster-associates.com\/da\/#organization"},"potentialAction":[{"@type":"SearchAction","target":{"@type":"EntryPoint","urlTemplate":"https:\/\/fuster-associates.com\/da\/?s={search_term_string}"},"query-input":{"@type":"PropertyValueSpecification","valueRequired":true,"valueName":"search_term_string"}}],"inLanguage":"da-DK"},{"@type":"Organization","@id":"https:\/\/fuster-associates.com\/da\/#organization","name":"FUSTER & ASSOCIATES","url":"https:\/\/fuster-associates.com\/da\/","logo":{"@type":"ImageObject","inLanguage":"da-DK","@id":"https:\/\/fuster-associates.com\/da\/#\/schema\/logo\/image\/","url":"https:\/\/fuster-associates.com\/wp-content\/uploads\/2018\/08\/logo-fuster-1.jpeg","contentUrl":"https:\/\/fuster-associates.com\/wp-content\/uploads\/2018\/08\/logo-fuster-1.jpeg","width":180,"height":113,"caption":"FUSTER & ASSOCIATES"},"image":{"@id":"https:\/\/fuster-associates.com\/da\/#\/schema\/logo\/image\/"},"sameAs":["https:\/\/www.facebook.com\/fusterspain\/","https:\/\/x.com\/FusterSpain","https:\/\/www.youtube.com\/channel\/UC2-kNuL1SoqlFizI47hmIOQ","https:\/\/www.linkedin.com\/company\/fuster-&-associates\/"]}]}},"_links":{"self":[{"href":"https:\/\/fuster-associates.com\/da\/wp-json\/wp\/v2\/pages\/30465","targetHints":{"allow":["GET"]}}],"collection":[{"href":"https:\/\/fuster-associates.com\/da\/wp-json\/wp\/v2\/pages"}],"about":[{"href":"https:\/\/fuster-associates.com\/da\/wp-json\/wp\/v2\/types\/page"}],"author":[{"embeddable":true,"href":"https:\/\/fuster-associates.com\/da\/wp-json\/wp\/v2\/users\/7"}],"replies":[{"embeddable":true,"href":"https:\/\/fuster-associates.com\/da\/wp-json\/wp\/v2\/comments?post=30465"}],"version-history":[{"count":2,"href":"https:\/\/fuster-associates.com\/da\/wp-json\/wp\/v2\/pages\/30465\/revisions"}],"predecessor-version":[{"id":33911,"href":"https:\/\/fuster-associates.com\/da\/wp-json\/wp\/v2\/pages\/30465\/revisions\/33911"}],"up":[{"embeddable":true,"href":"https:\/\/fuster-associates.com\/da\/wp-json\/wp\/v2\/pages\/28640"}],"wp:attachment":[{"href":"https:\/\/fuster-associates.com\/da\/wp-json\/wp\/v2\/media?parent=30465"}],"curies":[{"name":"wp","href":"https:\/\/api.w.org\/{rel}","templated":true}]}}