{"id":28508,"date":"2025-02-19T11:00:29","date_gmt":"2025-02-19T10:00:29","guid":{"rendered":"https:\/\/fuster2.kustom.es\/privacy-policy\/"},"modified":"2025-10-09T09:01:51","modified_gmt":"2025-10-09T07:01:51","slug":"politik-om-beskyttelse-af-personlige-oplysninger","status":"publish","type":"page","link":"https:\/\/fuster-associates.com\/da\/politik-om-beskyttelse-af-personlige-oplysninger\/","title":{"rendered":"Privatlivspolitik"},"content":{"rendered":"\t\t<div data-elementor-type=\"wp-page\" data-elementor-id=\"28508\" class=\"elementor elementor-28508 elementor-22494\" data-elementor-post-type=\"page\">\n\t\t\t\t<div class=\"elementor-element elementor-element-2703dec e-flex e-con-boxed e-con e-parent\" data-id=\"2703dec\" data-element_type=\"container\" data-e-type=\"container\" data-settings=\"{&quot;background_background&quot;:&quot;classic&quot;}\">\n\t\t\t\t\t<div class=\"e-con-inner\">\n\t\t\t\t<div class=\"elementor-element elementor-element-5f8ab14 elementor-invisible elementor-widget elementor-widget-heading\" data-id=\"5f8ab14\" data-element_type=\"widget\" data-e-type=\"widget\" data-settings=\"{&quot;_animation&quot;:&quot;fadeInDown&quot;}\" data-widget_type=\"heading.default\">\n\t\t\t\t\t<h1 class=\"elementor-heading-title elementor-size-default\">Privatlivspolitik<\/h1>\t\t\t\t<\/div>\n\t\t\t\t<div class=\"elementor-element elementor-element-34f0089 elementor-invisible elementor-widget elementor-widget-breadcrumbs\" data-id=\"34f0089\" data-element_type=\"widget\" data-e-type=\"widget\" data-settings=\"{&quot;_animation&quot;:&quot;fadeInUp&quot;}\" data-widget_type=\"breadcrumbs.default\">\n\t\t\t\t\t<p id=\"breadcrumbs\"><span><span><a href=\"https:\/\/fuster-associates.com\/da\/\">Hjem<\/a><\/span><\/span><\/p>\t\t\t\t<\/div>\n\t\t\t\t\t<\/div>\n\t\t\t\t<\/div>\n\t\t<div class=\"elementor-element elementor-element-75b458b e-flex e-con-boxed e-con e-parent\" data-id=\"75b458b\" data-element_type=\"container\" data-e-type=\"container\" data-settings=\"{&quot;background_background&quot;:&quot;classic&quot;}\">\n\t\t\t\t\t<div class=\"e-con-inner\">\n\t\t\t\t<div class=\"elementor-element elementor-element-505e657 elementor-invisible elementor-widget elementor-widget-text-editor\" data-id=\"505e657\" data-element_type=\"widget\" data-e-type=\"widget\" data-settings=\"{&quot;_animation&quot;:&quot;fadeInUp&quot;}\" data-widget_type=\"text-editor.default\">\n\t\t\t\t\t\t\t\t\t<p>FUSTER CONSULTING, S.L., er is\u00e6r opm\u00e6rksom p\u00e5 vigtigheden af at beskytte data af personlig karakter for brugerne af webstedstjenesterne.<\/p><p>Ved hj\u00e6lp af denne privatlivspolitik (herfra ben\u00e6vnt databeskyttelsespolitik) informerer FUSTER CONSULTING, S.L. brugerne af internettet: https:\/\/fuster-associates.com, hvordan personoplysninger, der indsamles p\u00e5 nettet, bruges, s\u00e5 de frit og frivilligt kan beslutte, om de \u00f8nsker at give de \u00f8nskede oplysninger.<\/p><p>FUSTER CONSULTING, S.L., forbeholder sig ret til at \u00e6ndre denne politik for at tilpasse den til ny lovgivning, juridiske kriterier, oplysninger relateret til sektoren eller af interesse for enheden. Enhver \u00e6ndring, der skal foretages, vil blive gjort tilg\u00e6ngelig med det n\u00f8dvendige varsel, s\u00e5ledes at det fuldst\u00e6ndige indhold af disse \u00e6ndringer kan g\u00f8res kendt.<\/p><h5>\u2022 ANSVARLIGT ORGAN<\/h5><p>H\u00e5ndtering af data af personlig karakter er ansvaret for;<\/p><p>FUSTER CONSULTING, S.L.Med<\/p><p>Adresse p\u00e5 Avenida de La Libertad, 301 \u2013 1\u00aa planta P.6 CP 30710 Los Alc\u00e1zares (Murcia). Tlf: (+34 968575650) og e-mail: info@fuster-associates.com<\/p><h5>\u2022 HVORFOR OPLYSNINGER INDSAMLES<\/h5><p>Oplysninger af personlig karakter indsamles via de forskellige formularer og dokumenter, der tilh\u00f8rer FUSTER CONSULTING, S.L., og stilles til r\u00e5dighed for brugerne, for at kunne administrere og behandle anmodninger om oplysninger, tvivl, klager, ros eller forslag vedr\u00f8rende publikationer eller andre tjenester eller arbejde, handlinger eller begivenheder, der udl\u00e5nes, tilbydes, godkendes og\/eller sponsoreres af FUSTER CONSULTING, S.L.,<\/p><h5>\u2022 FREDNINGSPERIODE<\/h5><p>Personoplysninger, der gives, vil blive opbevaret i det tidsrum, der er lovm\u00e6ssigt fastsat, eller s\u00e5 l\u00e6nge den interesserede part ikke anmoder om, at disse oplysninger slettes, og han har ret til at g\u00f8re det.<\/p><h5>\u2022 LEGITIMERING<\/h5><p>FUSTER CONSULTING, S.L. er legitimeret til at behandle personoplysninger baseret p\u00e5 samtykke givet af den interesserede part til et eller flere af de specifikke behov, der er angivet i artikel 6.1 a) i de generelle regler for beskyttelse af personoplysninger. Kontaktoplysningerne kan behandles og anvendes i overensstemmelse med form\u00e5let med det p\u00e5g\u00e6ldende formular. Eksempel: Hvis du tilmelder dig et nyhedsbrev, kan din e-mailadresse anvendes til at sende dette nyhedsbrev, og til dette form\u00e5l er det ikke n\u00f8dvendigt at indhente udtrykkeligt samtykke, da form\u00e5let med det p\u00e5g\u00e6ldende formular\/den p\u00e5g\u00e6ldende funktion er tydeligt.\u00a0<\/p><h5>\u2022 N\u00d8JAGTIGHED AF DATA<\/h5><p>For at de data, der indsendes til vores arkiver, uanset om de er edb-baserede eller p\u00e5 papir, altid afspejler den reelle situation for de indsendte oplysninger, vil der blive gjort alt for at holde dem ajour. Med dette i tankerne skal brugeren foretage de n\u00f8dvendige \u00e6ndringer, enten direkte, hvis han selv er bemyndiget til det, eller ved at informere det p\u00e5g\u00e6ldende omr\u00e5de eller den p\u00e5g\u00e6ldende afdeling hos FUSTER CONSULTING, S.L.<\/p><h5>\u2022MODTAGERE<\/h5><p>Tredjeparter vil ikke blive informeret om eller f\u00e5 udleveret personoplysninger, medmindre det er n\u00f8dvendigt for udvikling, kontrol og overholdelse af de form\u00e5l, der er reguleret ved lov.<\/p><h5>\u2022 BRUGERNES RETTIGHEDER<\/h5><p>Ejeren af personoplysningerne kan under alle omst\u00e6ndigheder ud\u00f8ve sin ret, som fastsat i det generelle register for databeskyttelse (spansk akronym RGPD), som er:<\/p><p>\u2022 Ret til at f\u00e5 adgang til sine personoplysninger,<br \/>\u2022 Ret til at anmode om, at de berigtiges eller slettes,<br \/>\u2022 Ret til at anmode om, at brugen af dem begr\u00e6nses,\u2022 Ret til at mods\u00e6tte sig,<br \/>at de bruges,<br \/>\u2022 Ret til dataportabilitet<\/p><p>Den interesserede part kan ud\u00f8ve disse rettigheder skriftligt med en kopi af sit ID\/pas vedh\u00e6ftet og sende det til f\u00f8lgende adresse: FUSTER CONSULTING, S.L., Avenida de La Libertad, 301 \u2013 1\u00aa planta P.6 CP 30710 Los Alc\u00e1zares (Murcia), Spanien. Hvilke af disse rettigheder brugeren \u00f8nsker at ud\u00f8ve, skal angives.<\/p><h5>\u2022 SIKKERHEDSFORANSTALTNINGER<\/h5><p>Endelig oplyser FUSTER CONSULTING, S.L., at alle lovpligtige tekniske og organisatoriske foranstaltninger vil blive truffet for at garantere sikkerheden og fortroligheden af de lagrede data og dermed forhindre, at de \u00e6ndres, g\u00e5r tabt og bruges uden tilladelse; under hensyntagen til teknikkens tilstand, omkostningerne ved at anvende den og typen, dens omfang, konteksten og form\u00e5let med at behandle dataene samt sandsynlighedsrisici og den varierende alvor, der er forbundet med transaktioner.<\/p><p>Hvis du har sp\u00f8rgsm\u00e5l i forbindelse med denne privatlivspolitik, beder vi dig venligst kontakte os via e-mail p\u00e5: info@fuster-associates.com.<\/p>\t\t\t\t\t\t\t\t<\/div>\n\t\t\t\t\t<\/div>\n\t\t\t\t<\/div>\n\t\t\t\t<\/div>\n\t\t","protected":false},"excerpt":{"rendered":"<p>FUSTER CONSULTING, S.L., er is\u00e6r opm\u00e6rksom p\u00e5 vigtigheden af at beskytte data af personlig karakter for brugerne af webstedstjenesterne. Ved hj\u00e6lp af denne privatlivspolitik (herfra ben\u00e6vnt databeskyttelsespolitik) informerer FUSTER CONSULTING, S.L. brugerne af internettet: https:\/\/fuster-associates.com, hvordan personoplysninger, der indsamles p\u00e5 nettet, bruges, s\u00e5 de frit og frivilligt kan beslutte, om de \u00f8nsker at give de [&hellip;]<\/p>\n","protected":false},"author":2,"featured_media":0,"parent":0,"menu_order":0,"comment_status":"closed","ping_status":"closed","template":"","meta":{"content-type":"","_sitemap_exclude":false,"_sitemap_priority":"","_sitemap_frequency":"","footnotes":""},"class_list":["post-28508","page","type-page","status-publish","hentry"],"yoast_head":"<!-- This site is optimized with the Yoast SEO plugin v27.4 - https:\/\/yoast.com\/product\/yoast-seo-wordpress\/ -->\n<title>Oplysninger om databeskyttelsespolitik - Fuster &amp; Associates<\/title>\n<meta name=\"description\" content=\"L\u00e6s, hvordan vi sikrer, administrerer og bruger personoplysninger i overensstemmelse med lovgivningen. Din privatliv er vores prioritet.\" \/>\n<meta name=\"robots\" content=\"index, follow, max-snippet:-1, max-image-preview:large, max-video-preview:-1\" \/>\n<link rel=\"canonical\" href=\"https:\/\/fuster-associates.com\/da\/politik-om-beskyttelse-af-personlige-oplysninger\/\" \/>\n<meta property=\"og:locale\" content=\"da_DK\" \/>\n<meta property=\"og:type\" content=\"article\" \/>\n<meta property=\"og:title\" content=\"Oplysninger om databeskyttelsespolitik - Fuster &amp; Associates\" \/>\n<meta property=\"og:description\" content=\"L\u00e6s, hvordan vi sikrer, administrerer og bruger personoplysninger i overensstemmelse med lovgivningen. Din privatliv er vores prioritet.\" \/>\n<meta property=\"og:url\" content=\"https:\/\/fuster-associates.com\/da\/politik-om-beskyttelse-af-personlige-oplysninger\/\" \/>\n<meta property=\"og:site_name\" content=\"Fuster &amp; Associates\" \/>\n<meta property=\"article:publisher\" content=\"https:\/\/www.facebook.com\/fusterspain\/\" \/>\n<meta property=\"article:modified_time\" content=\"2025-10-09T07:01:51+00:00\" \/>\n<meta property=\"og:image\" content=\"https:\/\/fuster-associates.com\/wp-content\/uploads\/2020\/02\/slide-fuster-standard.jpg\" \/>\n\t<meta property=\"og:image:width\" content=\"1920\" \/>\n\t<meta property=\"og:image:height\" content=\"1280\" \/>\n\t<meta property=\"og:image:type\" content=\"image\/jpeg\" \/>\n<meta name=\"twitter:card\" content=\"summary_large_image\" \/>\n<meta name=\"twitter:site\" content=\"@FusterSpain\" \/>\n<meta name=\"twitter:label1\" content=\"Estimeret l\u00e6setid\" \/>\n\t<meta name=\"twitter:data1\" content=\"4 minutter\" \/>\n<script type=\"application\/ld+json\" class=\"yoast-schema-graph\">{\"@context\":\"https:\\\/\\\/schema.org\",\"@graph\":[{\"@type\":\"WebPage\",\"@id\":\"https:\\\/\\\/fuster-associates.com\\\/da\\\/politik-om-beskyttelse-af-personlige-oplysninger\\\/\",\"url\":\"https:\\\/\\\/fuster-associates.com\\\/da\\\/politik-om-beskyttelse-af-personlige-oplysninger\\\/\",\"name\":\"Oplysninger om databeskyttelsespolitik - Fuster & Associates\",\"isPartOf\":{\"@id\":\"https:\\\/\\\/fuster-associates.com\\\/da\\\/#website\"},\"datePublished\":\"2025-02-19T10:00:29+00:00\",\"dateModified\":\"2025-10-09T07:01:51+00:00\",\"description\":\"L\u00e6s, hvordan vi sikrer, administrerer og bruger personoplysninger i overensstemmelse med lovgivningen. Din privatliv er vores prioritet.\",\"breadcrumb\":{\"@id\":\"https:\\\/\\\/fuster-associates.com\\\/da\\\/politik-om-beskyttelse-af-personlige-oplysninger\\\/#breadcrumb\"},\"inLanguage\":\"da-DK\",\"potentialAction\":[{\"@type\":\"ReadAction\",\"target\":[\"https:\\\/\\\/fuster-associates.com\\\/da\\\/politik-om-beskyttelse-af-personlige-oplysninger\\\/\"]}]},{\"@type\":\"BreadcrumbList\",\"@id\":\"https:\\\/\\\/fuster-associates.com\\\/da\\\/politik-om-beskyttelse-af-personlige-oplysninger\\\/#breadcrumb\",\"itemListElement\":[{\"@type\":\"ListItem\",\"position\":1,\"name\":\"Hjem\",\"item\":\"https:\\\/\\\/fuster-associates.com\\\/da\\\/\"},{\"@type\":\"ListItem\",\"position\":2,\"name\":\"Privatlivspolitik\"}]},{\"@type\":\"WebSite\",\"@id\":\"https:\\\/\\\/fuster-associates.com\\\/da\\\/#website\",\"url\":\"https:\\\/\\\/fuster-associates.com\\\/da\\\/\",\"name\":\"Fuster & Associates\",\"description\":\"Property Solicitors\",\"publisher\":{\"@id\":\"https:\\\/\\\/fuster-associates.com\\\/da\\\/#organization\"},\"potentialAction\":[{\"@type\":\"SearchAction\",\"target\":{\"@type\":\"EntryPoint\",\"urlTemplate\":\"https:\\\/\\\/fuster-associates.com\\\/da\\\/?s={search_term_string}\"},\"query-input\":{\"@type\":\"PropertyValueSpecification\",\"valueRequired\":true,\"valueName\":\"search_term_string\"}}],\"inLanguage\":\"da-DK\"},{\"@type\":\"Organization\",\"@id\":\"https:\\\/\\\/fuster-associates.com\\\/da\\\/#organization\",\"name\":\"FUSTER & ASSOCIATES\",\"url\":\"https:\\\/\\\/fuster-associates.com\\\/da\\\/\",\"logo\":{\"@type\":\"ImageObject\",\"inLanguage\":\"da-DK\",\"@id\":\"https:\\\/\\\/fuster-associates.com\\\/da\\\/#\\\/schema\\\/logo\\\/image\\\/\",\"url\":\"https:\\\/\\\/fuster-associates.com\\\/wp-content\\\/uploads\\\/2018\\\/08\\\/logo-fuster-1.jpeg\",\"contentUrl\":\"https:\\\/\\\/fuster-associates.com\\\/wp-content\\\/uploads\\\/2018\\\/08\\\/logo-fuster-1.jpeg\",\"width\":180,\"height\":113,\"caption\":\"FUSTER & ASSOCIATES\"},\"image\":{\"@id\":\"https:\\\/\\\/fuster-associates.com\\\/da\\\/#\\\/schema\\\/logo\\\/image\\\/\"},\"sameAs\":[\"https:\\\/\\\/www.facebook.com\\\/fusterspain\\\/\",\"https:\\\/\\\/x.com\\\/FusterSpain\",\"https:\\\/\\\/www.youtube.com\\\/channel\\\/UC2-kNuL1SoqlFizI47hmIOQ\",\"https:\\\/\\\/www.linkedin.com\\\/company\\\/fuster-&-associates\\\/\"]}]}<\/script>\n<!-- \/ Yoast SEO plugin. -->","yoast_head_json":{"title":"Oplysninger om databeskyttelsespolitik - Fuster & Associates","description":"L\u00e6s, hvordan vi sikrer, administrerer og bruger personoplysninger i overensstemmelse med lovgivningen. Din privatliv er vores prioritet.","robots":{"index":"index","follow":"follow","max-snippet":"max-snippet:-1","max-image-preview":"max-image-preview:large","max-video-preview":"max-video-preview:-1"},"canonical":"https:\/\/fuster-associates.com\/da\/politik-om-beskyttelse-af-personlige-oplysninger\/","og_locale":"da_DK","og_type":"article","og_title":"Oplysninger om databeskyttelsespolitik - Fuster & Associates","og_description":"L\u00e6s, hvordan vi sikrer, administrerer og bruger personoplysninger i overensstemmelse med lovgivningen. Din privatliv er vores prioritet.","og_url":"https:\/\/fuster-associates.com\/da\/politik-om-beskyttelse-af-personlige-oplysninger\/","og_site_name":"Fuster &amp; Associates","article_publisher":"https:\/\/www.facebook.com\/fusterspain\/","article_modified_time":"2025-10-09T07:01:51+00:00","og_image":[{"width":1920,"height":1280,"url":"https:\/\/fuster-associates.com\/wp-content\/uploads\/2020\/02\/slide-fuster-standard.jpg","type":"image\/jpeg"}],"twitter_card":"summary_large_image","twitter_site":"@FusterSpain","twitter_misc":{"Estimeret l\u00e6setid":"4 minutter"},"schema":{"@context":"https:\/\/schema.org","@graph":[{"@type":"WebPage","@id":"https:\/\/fuster-associates.com\/da\/politik-om-beskyttelse-af-personlige-oplysninger\/","url":"https:\/\/fuster-associates.com\/da\/politik-om-beskyttelse-af-personlige-oplysninger\/","name":"Oplysninger om databeskyttelsespolitik - Fuster & Associates","isPartOf":{"@id":"https:\/\/fuster-associates.com\/da\/#website"},"datePublished":"2025-02-19T10:00:29+00:00","dateModified":"2025-10-09T07:01:51+00:00","description":"L\u00e6s, hvordan vi sikrer, administrerer og bruger personoplysninger i overensstemmelse med lovgivningen. Din privatliv er vores prioritet.","breadcrumb":{"@id":"https:\/\/fuster-associates.com\/da\/politik-om-beskyttelse-af-personlige-oplysninger\/#breadcrumb"},"inLanguage":"da-DK","potentialAction":[{"@type":"ReadAction","target":["https:\/\/fuster-associates.com\/da\/politik-om-beskyttelse-af-personlige-oplysninger\/"]}]},{"@type":"BreadcrumbList","@id":"https:\/\/fuster-associates.com\/da\/politik-om-beskyttelse-af-personlige-oplysninger\/#breadcrumb","itemListElement":[{"@type":"ListItem","position":1,"name":"Hjem","item":"https:\/\/fuster-associates.com\/da\/"},{"@type":"ListItem","position":2,"name":"Privatlivspolitik"}]},{"@type":"WebSite","@id":"https:\/\/fuster-associates.com\/da\/#website","url":"https:\/\/fuster-associates.com\/da\/","name":"Fuster & Associates","description":"Property Solicitors","publisher":{"@id":"https:\/\/fuster-associates.com\/da\/#organization"},"potentialAction":[{"@type":"SearchAction","target":{"@type":"EntryPoint","urlTemplate":"https:\/\/fuster-associates.com\/da\/?s={search_term_string}"},"query-input":{"@type":"PropertyValueSpecification","valueRequired":true,"valueName":"search_term_string"}}],"inLanguage":"da-DK"},{"@type":"Organization","@id":"https:\/\/fuster-associates.com\/da\/#organization","name":"FUSTER & ASSOCIATES","url":"https:\/\/fuster-associates.com\/da\/","logo":{"@type":"ImageObject","inLanguage":"da-DK","@id":"https:\/\/fuster-associates.com\/da\/#\/schema\/logo\/image\/","url":"https:\/\/fuster-associates.com\/wp-content\/uploads\/2018\/08\/logo-fuster-1.jpeg","contentUrl":"https:\/\/fuster-associates.com\/wp-content\/uploads\/2018\/08\/logo-fuster-1.jpeg","width":180,"height":113,"caption":"FUSTER & ASSOCIATES"},"image":{"@id":"https:\/\/fuster-associates.com\/da\/#\/schema\/logo\/image\/"},"sameAs":["https:\/\/www.facebook.com\/fusterspain\/","https:\/\/x.com\/FusterSpain","https:\/\/www.youtube.com\/channel\/UC2-kNuL1SoqlFizI47hmIOQ","https:\/\/www.linkedin.com\/company\/fuster-&-associates\/"]}]}},"_links":{"self":[{"href":"https:\/\/fuster-associates.com\/da\/wp-json\/wp\/v2\/pages\/28508","targetHints":{"allow":["GET"]}}],"collection":[{"href":"https:\/\/fuster-associates.com\/da\/wp-json\/wp\/v2\/pages"}],"about":[{"href":"https:\/\/fuster-associates.com\/da\/wp-json\/wp\/v2\/types\/page"}],"author":[{"embeddable":true,"href":"https:\/\/fuster-associates.com\/da\/wp-json\/wp\/v2\/users\/2"}],"replies":[{"embeddable":true,"href":"https:\/\/fuster-associates.com\/da\/wp-json\/wp\/v2\/comments?post=28508"}],"version-history":[{"count":5,"href":"https:\/\/fuster-associates.com\/da\/wp-json\/wp\/v2\/pages\/28508\/revisions"}],"predecessor-version":[{"id":34605,"href":"https:\/\/fuster-associates.com\/da\/wp-json\/wp\/v2\/pages\/28508\/revisions\/34605"}],"wp:attachment":[{"href":"https:\/\/fuster-associates.com\/da\/wp-json\/wp\/v2\/media?parent=28508"}],"curies":[{"name":"wp","href":"https:\/\/api.w.org\/{rel}","templated":true}]}}