{"id":28458,"date":"2025-02-20T11:37:34","date_gmt":"2025-02-20T10:37:34","guid":{"rendered":"https:\/\/fuster2.kustom.es\/accessibility\/"},"modified":"2025-09-01T12:59:19","modified_gmt":"2025-09-01T10:59:19","slug":"tilgaengelighed","status":"publish","type":"page","link":"https:\/\/fuster-associates.com\/da\/tilgaengelighed\/","title":{"rendered":"Tilg\u00e6ngelighed"},"content":{"rendered":"\t\t<div data-elementor-type=\"wp-page\" data-elementor-id=\"28458\" class=\"elementor elementor-28458 elementor-22753\" data-elementor-post-type=\"page\">\n\t\t\t\t<div class=\"elementor-element elementor-element-d26b8da e-flex e-con-boxed e-con e-parent\" data-id=\"d26b8da\" data-element_type=\"container\" data-e-type=\"container\" data-settings=\"{&quot;background_background&quot;:&quot;classic&quot;}\">\n\t\t\t\t\t<div class=\"e-con-inner\">\n\t\t\t\t<div class=\"elementor-element elementor-element-fb8b756 elementor-invisible elementor-widget elementor-widget-heading\" data-id=\"fb8b756\" data-element_type=\"widget\" data-e-type=\"widget\" data-settings=\"{&quot;_animation&quot;:&quot;fadeInDown&quot;}\" data-widget_type=\"heading.default\">\n\t\t\t\t\t<h1 class=\"elementor-heading-title elementor-size-default\">Tilg\u00e6ngelighed<\/h1>\t\t\t\t<\/div>\n\t\t\t\t<div class=\"elementor-element elementor-element-8567995 elementor-invisible elementor-widget elementor-widget-breadcrumbs\" data-id=\"8567995\" data-element_type=\"widget\" data-e-type=\"widget\" data-settings=\"{&quot;_animation&quot;:&quot;fadeInUp&quot;}\" data-widget_type=\"breadcrumbs.default\">\n\t\t\t\t\t<p id=\"breadcrumbs\"><span><span><a href=\"https:\/\/fuster-associates.com\/da\/\">Hjem<\/a><\/span><\/span><\/p>\t\t\t\t<\/div>\n\t\t\t\t\t<\/div>\n\t\t\t\t<\/div>\n\t\t<div class=\"elementor-element elementor-element-574f6ae e-flex e-con-boxed e-con e-parent\" data-id=\"574f6ae\" data-element_type=\"container\" data-e-type=\"container\" data-settings=\"{&quot;background_background&quot;:&quot;classic&quot;}\">\n\t\t\t\t\t<div class=\"e-con-inner\">\n\t\t\t\t<div class=\"elementor-element elementor-element-95cd50c elementor-invisible elementor-widget elementor-widget-text-editor\" data-id=\"95cd50c\" data-element_type=\"widget\" data-e-type=\"widget\" data-settings=\"{&quot;_animation&quot;:&quot;fadeInUp&quot;}\" data-widget_type=\"text-editor.default\">\n\t\t\t\t\t\t\t\t\t<h3>Erkl\u00e6ring om tilg\u00e6ngelighed<\/h3><p>Vores virksomhed har forpligtet sig til at g\u00f8re sit websted tilg\u00e6ngeligt i overensstemmelse med\u00a0<a title=\"Este enlace se abrir\u00e1\u00a1 en ventana nueva\" role=\"link\" href=\"https:\/\/www.boe.es\/diario_boe\/txt.php?id=BOE-A-2018-12699\" target=\"_blank\" rel=\"noopener\">kongeligt dekret 1112\/2018 af 7. september om tilg\u00e6ngeligheden af websteder og applikationer til mobile enheder i den offentlige<img decoding=\"async\" title=\"Este enlace se abrir\u00e1 en ventana nueva\" src=\"https:\/\/sede.carm.es\/web\/CARM\/images\/external.png\" alt=\"Este enlace se abrir\u00c3\u00a1 en ventana nueva\" \/>\u00a0sektor<\/a>, som gennemf\u00f8rer Europa-Parlamentets og R\u00e5dets\u00a0<a title=\"Este enlace se abrir\u00e1 en ventana nueva\" role=\"link\" href=\"https:\/\/www.boe.es\/buscar\/doc.php?id=DOUE-L-2016-82305\" target=\"_blank\" rel=\"noopener\">direktiv (EU) 2016\/2102<img decoding=\"async\" title=\"Este enlace se abrir\u00e1 en ventana nueva\" src=\"https:\/\/sede.carm.es\/web\/CARM\/images\/external.png\" alt=\"Este enlace se abrir\u00c3\u00a1 en ventana nueva\" \/><\/a>\u00a0af 26. oktober 2016. Denne tilg\u00e6ngelighedserkl\u00e6ring g\u00e6lder for alle sider i dom\u00e6net &#8220;<a role=\"link\" href=\"https:\/\/fuster-associates.com\/\">fuster-associates.com<\/a>&#8220;.<\/p><h3>Status for overholdelse<\/h3><p>Dette websted er delvist i overensstemmelse med RD 1112\/2018 p\u00e5 grund af undtagelser og manglende overholdelse af de aspekter, der er angivet nedenfor.<\/p><h3>Ikke-tilg\u00e6ngeligt indhold<\/h3><p>F\u00f8lgende indhold er ikke tilg\u00e6ngeligt p\u00e5 grund af f\u00f8lgende: til. Manglende overholdelse af kongeligt dekret nr. 1112\/2018 af 7. september<\/p><ul><li>Der kan lejlighedsvis forekomme fejl i redigeringen af et websted, b\u00e5de i HMTL-indholdet og i de endelige dokumenter, der er offentliggjort efter den 20. september 2018 (datoen for ikrafttr\u00e6delsen af kongeligt dekret 1112\/2018 af 7. september).<\/li><\/ul><p>b. Uforholdsm\u00e6ssig stor byrde: ikke relevant. c. Indholdet falder ikke inden for anvendelsesomr\u00e5det for g\u00e6ldende lovgivning.<\/p><ul><li>Office-filer i PDF-filer eller andre formater, der er udgivet f\u00f8r den 20. september 2018, og som ikke fuldt ud opfylder alle tilg\u00e6ngelighedskrav.<\/li><li>Online kortl\u00e6gnings- og kortl\u00e6gningstjenester<\/li><\/ul><h3>Udarbejdelse af denne tilg\u00e6ngelighedserkl\u00e6ring<\/h3><p>Denne erkl\u00e6ring blev udarbejdet den 2. februar 2023. Metoden til at udarbejde erkl\u00e6ringen har v\u00e6ret en selvevaluering foretaget af agenturet selv. Sidste revision af erkl\u00e6ringen: februar 2023.<\/p><h3>Ans\u00f8gningsprocedure<\/h3><p>Du kan kommunikere om tilg\u00e6ngelighedskrav (artikel 10.2.a) i RD 1112\/2018), f.eks.:<\/p><ul><li>Rapport\u00e9r eventuelle overtr\u00e6delser af denne hjemmeside<\/li><li>Formidle andre vanskeligheder med at f\u00e5 adgang til indhold<\/li><li>At komme med andre foresp\u00f8rgsler eller forslag til forbedringer vedr\u00f8rende tilg\u00e6ngeligheden af webstedet<\/li><\/ul><p>Angiv i &#8220;Emne&#8221;, at det er &#8220;<strong>Webtilg\u00e6ngelighed<\/strong>&#8220;, via kontaktwebformularen<a title=\"Formulario web Contacte con la Admininistraci\u00f3n Regional\" role=\"link\" href=\"https:\/\/fuster-associates.com\/contacto\/\" target=\"_blank\" rel=\"noopener\">.<\/a>\u00a0Vi takker p\u00e5 forh\u00e5nd for dit samarbejde, da det vil resultere i en forbedring af den service, vi yder dig. Kommunikation vil blive modtaget og behandlet af virksomheden. Anmodningen om tilg\u00e6ngelige oplysninger og klager (artikel 10, stk. 2b) og klager (artikel 13) i kongeligt dekret 1112\/2018 af 7. september vil blive behandlet via &#8220;<a title=\"Comunicaciones y Reclamaciones de Accesibilidad Web\" role=\"link\" href=\"https:\/\/fuster-associates.com\/contacto\/\" target=\"_blank\" rel=\"noopener\">Kontaktformularen<\/a>&#8220;.<\/p><h3>Valgfrit indhold<\/h3><p>Denne hjemmeside anvender kravene i UNE-EN 301549:2019-standarden under hensyntagen til undtagelserne i RD 1112\/2018. Den seneste tilg\u00e6ngelighedsgennemgang blev gennemf\u00f8rt i februar 2023. Hjemmesiden er optimeret til Microsoft Internet Explorer 11 eller nyere browsere og de nyeste aktuelle versioner af FireFox, Safari, Opera og Google Chrome. Den mindste anbefalede webopl\u00f8sning er 1280\u00d71024. Hjemmesiden er designet til responsiv visning, s\u00e5 den vises optimalt p\u00e5 tablet og mobile enheder. P\u00e5 disse enheder er den optimeret til visning i de nyeste versioner af Chrome til mobil, Firefox til mobil, Safari mobil, Opera Mini og indbygget Android-browser.<\/p>\t\t\t\t\t\t\t\t<\/div>\n\t\t\t\t\t<\/div>\n\t\t\t\t<\/div>\n\t\t\t\t<\/div>\n\t\t","protected":false},"excerpt":{"rendered":"<p>Erkl\u00e6ring om tilg\u00e6ngelighed Vores virksomhed har forpligtet sig til at g\u00f8re sit websted tilg\u00e6ngeligt i overensstemmelse med\u00a0kongeligt dekret 1112\/2018 af 7. september om tilg\u00e6ngeligheden af websteder og applikationer til mobile enheder i den offentlige\u00a0sektor, som gennemf\u00f8rer Europa-Parlamentets og R\u00e5dets\u00a0direktiv (EU) 2016\/2102\u00a0af 26. oktober 2016. Denne tilg\u00e6ngelighedserkl\u00e6ring g\u00e6lder for alle sider i dom\u00e6net &#8220;fuster-associates.com&#8220;. Status for [&hellip;]<\/p>\n","protected":false},"author":2,"featured_media":0,"parent":0,"menu_order":0,"comment_status":"closed","ping_status":"closed","template":"","meta":{"content-type":"","_sitemap_exclude":false,"_sitemap_priority":"","_sitemap_frequency":"","footnotes":""},"class_list":["post-28458","page","type-page","status-publish","hentry"],"yoast_head":"<!-- This site is optimized with the Yoast SEO plugin v27.4 - https:\/\/yoast.com\/product\/yoast-seo-wordpress\/ -->\n<title>Politik for webtilg\u00e6ngelighed \u2013 Fuster &amp; Associates<\/title>\n<meta name=\"description\" content=\"Fuster &amp; Associates f\u00f8lger EU-lovgivning og spansk lovgivning for at g\u00f8re vores hjemmeside tilg\u00e6ngelig for alle brugere, herunder personer med handicap.\" \/>\n<meta name=\"robots\" content=\"index, follow, max-snippet:-1, max-image-preview:large, max-video-preview:-1\" \/>\n<link rel=\"canonical\" href=\"https:\/\/fuster-associates.com\/da\/tilgaengelighed\/\" \/>\n<meta property=\"og:locale\" content=\"da_DK\" \/>\n<meta property=\"og:type\" content=\"article\" \/>\n<meta property=\"og:title\" content=\"Politik for webtilg\u00e6ngelighed \u2013 Fuster &amp; Associates\" \/>\n<meta property=\"og:description\" content=\"Fuster &amp; Associates f\u00f8lger EU-lovgivning og spansk lovgivning for at g\u00f8re vores hjemmeside tilg\u00e6ngelig for alle brugere, herunder personer med handicap.\" \/>\n<meta property=\"og:url\" content=\"https:\/\/fuster-associates.com\/da\/tilgaengelighed\/\" \/>\n<meta property=\"og:site_name\" content=\"Fuster &amp; Associates\" \/>\n<meta property=\"article:publisher\" content=\"https:\/\/www.facebook.com\/fusterspain\/\" \/>\n<meta property=\"article:modified_time\" content=\"2025-09-01T10:59:19+00:00\" \/>\n<meta property=\"og:image\" content=\"https:\/\/sede.carm.es\/web\/CARM\/images\/external.png\" \/>\n<meta name=\"twitter:card\" content=\"summary_large_image\" \/>\n<meta name=\"twitter:site\" content=\"@FusterSpain\" \/>\n<meta name=\"twitter:label1\" content=\"Estimeret l\u00e6setid\" \/>\n\t<meta name=\"twitter:data1\" content=\"3 minutter\" \/>\n<script type=\"application\/ld+json\" class=\"yoast-schema-graph\">{\"@context\":\"https:\\\/\\\/schema.org\",\"@graph\":[{\"@type\":\"WebPage\",\"@id\":\"https:\\\/\\\/fuster-associates.com\\\/da\\\/tilgaengelighed\\\/\",\"url\":\"https:\\\/\\\/fuster-associates.com\\\/da\\\/tilgaengelighed\\\/\",\"name\":\"Politik for webtilg\u00e6ngelighed \u2013 Fuster & Associates\",\"isPartOf\":{\"@id\":\"https:\\\/\\\/fuster-associates.com\\\/da\\\/#website\"},\"primaryImageOfPage\":{\"@id\":\"https:\\\/\\\/fuster-associates.com\\\/da\\\/tilgaengelighed\\\/#primaryimage\"},\"image\":{\"@id\":\"https:\\\/\\\/fuster-associates.com\\\/da\\\/tilgaengelighed\\\/#primaryimage\"},\"thumbnailUrl\":\"https:\\\/\\\/sede.carm.es\\\/web\\\/CARM\\\/images\\\/external.png\",\"datePublished\":\"2025-02-20T10:37:34+00:00\",\"dateModified\":\"2025-09-01T10:59:19+00:00\",\"description\":\"Fuster &amp; Associates f\u00f8lger EU-lovgivning og spansk lovgivning for at g\u00f8re vores hjemmeside tilg\u00e6ngelig for alle brugere, herunder personer med handicap.\",\"breadcrumb\":{\"@id\":\"https:\\\/\\\/fuster-associates.com\\\/da\\\/tilgaengelighed\\\/#breadcrumb\"},\"inLanguage\":\"da-DK\",\"potentialAction\":[{\"@type\":\"ReadAction\",\"target\":[\"https:\\\/\\\/fuster-associates.com\\\/da\\\/tilgaengelighed\\\/\"]}]},{\"@type\":\"ImageObject\",\"inLanguage\":\"da-DK\",\"@id\":\"https:\\\/\\\/fuster-associates.com\\\/da\\\/tilgaengelighed\\\/#primaryimage\",\"url\":\"https:\\\/\\\/sede.carm.es\\\/web\\\/CARM\\\/images\\\/external.png\",\"contentUrl\":\"https:\\\/\\\/sede.carm.es\\\/web\\\/CARM\\\/images\\\/external.png\"},{\"@type\":\"BreadcrumbList\",\"@id\":\"https:\\\/\\\/fuster-associates.com\\\/da\\\/tilgaengelighed\\\/#breadcrumb\",\"itemListElement\":[{\"@type\":\"ListItem\",\"position\":1,\"name\":\"Hjem\",\"item\":\"https:\\\/\\\/fuster-associates.com\\\/da\\\/\"},{\"@type\":\"ListItem\",\"position\":2,\"name\":\"Tilg\u00e6ngelighed\"}]},{\"@type\":\"WebSite\",\"@id\":\"https:\\\/\\\/fuster-associates.com\\\/da\\\/#website\",\"url\":\"https:\\\/\\\/fuster-associates.com\\\/da\\\/\",\"name\":\"Fuster & Associates\",\"description\":\"Property Solicitors\",\"publisher\":{\"@id\":\"https:\\\/\\\/fuster-associates.com\\\/da\\\/#organization\"},\"potentialAction\":[{\"@type\":\"SearchAction\",\"target\":{\"@type\":\"EntryPoint\",\"urlTemplate\":\"https:\\\/\\\/fuster-associates.com\\\/da\\\/?s={search_term_string}\"},\"query-input\":{\"@type\":\"PropertyValueSpecification\",\"valueRequired\":true,\"valueName\":\"search_term_string\"}}],\"inLanguage\":\"da-DK\"},{\"@type\":\"Organization\",\"@id\":\"https:\\\/\\\/fuster-associates.com\\\/da\\\/#organization\",\"name\":\"FUSTER & ASSOCIATES\",\"url\":\"https:\\\/\\\/fuster-associates.com\\\/da\\\/\",\"logo\":{\"@type\":\"ImageObject\",\"inLanguage\":\"da-DK\",\"@id\":\"https:\\\/\\\/fuster-associates.com\\\/da\\\/#\\\/schema\\\/logo\\\/image\\\/\",\"url\":\"https:\\\/\\\/fuster-associates.com\\\/wp-content\\\/uploads\\\/2018\\\/08\\\/logo-fuster-1.jpeg\",\"contentUrl\":\"https:\\\/\\\/fuster-associates.com\\\/wp-content\\\/uploads\\\/2018\\\/08\\\/logo-fuster-1.jpeg\",\"width\":180,\"height\":113,\"caption\":\"FUSTER & ASSOCIATES\"},\"image\":{\"@id\":\"https:\\\/\\\/fuster-associates.com\\\/da\\\/#\\\/schema\\\/logo\\\/image\\\/\"},\"sameAs\":[\"https:\\\/\\\/www.facebook.com\\\/fusterspain\\\/\",\"https:\\\/\\\/x.com\\\/FusterSpain\",\"https:\\\/\\\/www.youtube.com\\\/channel\\\/UC2-kNuL1SoqlFizI47hmIOQ\",\"https:\\\/\\\/www.linkedin.com\\\/company\\\/fuster-&-associates\\\/\"]}]}<\/script>\n<!-- \/ Yoast SEO plugin. -->","yoast_head_json":{"title":"Politik for webtilg\u00e6ngelighed \u2013 Fuster & Associates","description":"Fuster &amp; Associates f\u00f8lger EU-lovgivning og spansk lovgivning for at g\u00f8re vores hjemmeside tilg\u00e6ngelig for alle brugere, herunder personer med handicap.","robots":{"index":"index","follow":"follow","max-snippet":"max-snippet:-1","max-image-preview":"max-image-preview:large","max-video-preview":"max-video-preview:-1"},"canonical":"https:\/\/fuster-associates.com\/da\/tilgaengelighed\/","og_locale":"da_DK","og_type":"article","og_title":"Politik for webtilg\u00e6ngelighed \u2013 Fuster & Associates","og_description":"Fuster &amp; Associates f\u00f8lger EU-lovgivning og spansk lovgivning for at g\u00f8re vores hjemmeside tilg\u00e6ngelig for alle brugere, herunder personer med handicap.","og_url":"https:\/\/fuster-associates.com\/da\/tilgaengelighed\/","og_site_name":"Fuster &amp; Associates","article_publisher":"https:\/\/www.facebook.com\/fusterspain\/","article_modified_time":"2025-09-01T10:59:19+00:00","og_image":[{"url":"https:\/\/sede.carm.es\/web\/CARM\/images\/external.png","type":"","width":"","height":""}],"twitter_card":"summary_large_image","twitter_site":"@FusterSpain","twitter_misc":{"Estimeret l\u00e6setid":"3 minutter"},"schema":{"@context":"https:\/\/schema.org","@graph":[{"@type":"WebPage","@id":"https:\/\/fuster-associates.com\/da\/tilgaengelighed\/","url":"https:\/\/fuster-associates.com\/da\/tilgaengelighed\/","name":"Politik for webtilg\u00e6ngelighed \u2013 Fuster & Associates","isPartOf":{"@id":"https:\/\/fuster-associates.com\/da\/#website"},"primaryImageOfPage":{"@id":"https:\/\/fuster-associates.com\/da\/tilgaengelighed\/#primaryimage"},"image":{"@id":"https:\/\/fuster-associates.com\/da\/tilgaengelighed\/#primaryimage"},"thumbnailUrl":"https:\/\/sede.carm.es\/web\/CARM\/images\/external.png","datePublished":"2025-02-20T10:37:34+00:00","dateModified":"2025-09-01T10:59:19+00:00","description":"Fuster &amp; Associates f\u00f8lger EU-lovgivning og spansk lovgivning for at g\u00f8re vores hjemmeside tilg\u00e6ngelig for alle brugere, herunder personer med handicap.","breadcrumb":{"@id":"https:\/\/fuster-associates.com\/da\/tilgaengelighed\/#breadcrumb"},"inLanguage":"da-DK","potentialAction":[{"@type":"ReadAction","target":["https:\/\/fuster-associates.com\/da\/tilgaengelighed\/"]}]},{"@type":"ImageObject","inLanguage":"da-DK","@id":"https:\/\/fuster-associates.com\/da\/tilgaengelighed\/#primaryimage","url":"https:\/\/sede.carm.es\/web\/CARM\/images\/external.png","contentUrl":"https:\/\/sede.carm.es\/web\/CARM\/images\/external.png"},{"@type":"BreadcrumbList","@id":"https:\/\/fuster-associates.com\/da\/tilgaengelighed\/#breadcrumb","itemListElement":[{"@type":"ListItem","position":1,"name":"Hjem","item":"https:\/\/fuster-associates.com\/da\/"},{"@type":"ListItem","position":2,"name":"Tilg\u00e6ngelighed"}]},{"@type":"WebSite","@id":"https:\/\/fuster-associates.com\/da\/#website","url":"https:\/\/fuster-associates.com\/da\/","name":"Fuster & Associates","description":"Property Solicitors","publisher":{"@id":"https:\/\/fuster-associates.com\/da\/#organization"},"potentialAction":[{"@type":"SearchAction","target":{"@type":"EntryPoint","urlTemplate":"https:\/\/fuster-associates.com\/da\/?s={search_term_string}"},"query-input":{"@type":"PropertyValueSpecification","valueRequired":true,"valueName":"search_term_string"}}],"inLanguage":"da-DK"},{"@type":"Organization","@id":"https:\/\/fuster-associates.com\/da\/#organization","name":"FUSTER & ASSOCIATES","url":"https:\/\/fuster-associates.com\/da\/","logo":{"@type":"ImageObject","inLanguage":"da-DK","@id":"https:\/\/fuster-associates.com\/da\/#\/schema\/logo\/image\/","url":"https:\/\/fuster-associates.com\/wp-content\/uploads\/2018\/08\/logo-fuster-1.jpeg","contentUrl":"https:\/\/fuster-associates.com\/wp-content\/uploads\/2018\/08\/logo-fuster-1.jpeg","width":180,"height":113,"caption":"FUSTER & ASSOCIATES"},"image":{"@id":"https:\/\/fuster-associates.com\/da\/#\/schema\/logo\/image\/"},"sameAs":["https:\/\/www.facebook.com\/fusterspain\/","https:\/\/x.com\/FusterSpain","https:\/\/www.youtube.com\/channel\/UC2-kNuL1SoqlFizI47hmIOQ","https:\/\/www.linkedin.com\/company\/fuster-&-associates\/"]}]}},"_links":{"self":[{"href":"https:\/\/fuster-associates.com\/da\/wp-json\/wp\/v2\/pages\/28458","targetHints":{"allow":["GET"]}}],"collection":[{"href":"https:\/\/fuster-associates.com\/da\/wp-json\/wp\/v2\/pages"}],"about":[{"href":"https:\/\/fuster-associates.com\/da\/wp-json\/wp\/v2\/types\/page"}],"author":[{"embeddable":true,"href":"https:\/\/fuster-associates.com\/da\/wp-json\/wp\/v2\/users\/2"}],"replies":[{"embeddable":true,"href":"https:\/\/fuster-associates.com\/da\/wp-json\/wp\/v2\/comments?post=28458"}],"version-history":[{"count":1,"href":"https:\/\/fuster-associates.com\/da\/wp-json\/wp\/v2\/pages\/28458\/revisions"}],"predecessor-version":[{"id":33493,"href":"https:\/\/fuster-associates.com\/da\/wp-json\/wp\/v2\/pages\/28458\/revisions\/33493"}],"wp:attachment":[{"href":"https:\/\/fuster-associates.com\/da\/wp-json\/wp\/v2\/media?parent=28458"}],"curies":[{"name":"wp","href":"https:\/\/api.w.org\/{rel}","templated":true}]}}