{"id":28428,"date":"2025-02-19T11:00:04","date_gmt":"2025-02-19T10:00:04","guid":{"rendered":"https:\/\/fuster2.kustom.es\/legal-notice\/"},"modified":"2025-09-01T12:03:40","modified_gmt":"2025-09-01T10:03:40","slug":"juridisk-meddelelse","status":"publish","type":"page","link":"https:\/\/fuster-associates.com\/da\/juridisk-meddelelse\/","title":{"rendered":"Juridisk Meddelelse"},"content":{"rendered":"\t\t<div data-elementor-type=\"wp-page\" data-elementor-id=\"28428\" class=\"elementor elementor-28428 elementor-22492\" data-elementor-post-type=\"page\">\n\t\t\t\t<div class=\"elementor-element elementor-element-b90a1b5 e-flex e-con-boxed e-con e-parent\" data-id=\"b90a1b5\" data-element_type=\"container\" data-e-type=\"container\" data-settings=\"{&quot;background_background&quot;:&quot;classic&quot;}\">\n\t\t\t\t\t<div class=\"e-con-inner\">\n\t\t\t\t<div class=\"elementor-element elementor-element-3e256b9 elementor-invisible elementor-widget elementor-widget-heading\" data-id=\"3e256b9\" data-element_type=\"widget\" data-e-type=\"widget\" data-settings=\"{&quot;_animation&quot;:&quot;fadeInDown&quot;}\" data-widget_type=\"heading.default\">\n\t\t\t\t\t<h1 class=\"elementor-heading-title elementor-size-default\">Juridisk Meddelelse<\/h1>\t\t\t\t<\/div>\n\t\t\t\t<div class=\"elementor-element elementor-element-6b259bd elementor-invisible elementor-widget elementor-widget-breadcrumbs\" data-id=\"6b259bd\" data-element_type=\"widget\" data-e-type=\"widget\" data-settings=\"{&quot;_animation&quot;:&quot;fadeInUp&quot;}\" data-widget_type=\"breadcrumbs.default\">\n\t\t\t\t\t<p id=\"breadcrumbs\"><span><span><a href=\"https:\/\/fuster-associates.com\/da\/\">Hjem<\/a><\/span><\/span><\/p>\t\t\t\t<\/div>\n\t\t\t\t\t<\/div>\n\t\t\t\t<\/div>\n\t\t<div class=\"elementor-element elementor-element-11b7eb3 e-flex e-con-boxed e-con e-parent\" data-id=\"11b7eb3\" data-element_type=\"container\" data-e-type=\"container\" data-settings=\"{&quot;background_background&quot;:&quot;classic&quot;}\">\n\t\t\t\t\t<div class=\"e-con-inner\">\n\t\t\t\t<div class=\"elementor-element elementor-element-ad189f9 elementor-invisible elementor-widget elementor-widget-text-editor\" data-id=\"ad189f9\" data-element_type=\"widget\" data-e-type=\"widget\" data-settings=\"{&quot;_animation&quot;:&quot;fadeInUp&quot;}\" data-widget_type=\"text-editor.default\">\n\t\t\t\t\t\t\t\t\t<h4>1. KONTAKTFORMULAR WEB<\/h4><p>Dine oplysninger vil blive brugt af FUSTER CONSULTING, S.L., til at h\u00e5ndtere dine tvivl eller foresp\u00f8rgsler. N\u00e5r du sender os den relevante formular, er det underforst\u00e5et, at du giver os dit samtykke til at behandle dine oplysninger. Dine personlige oplysninger vil ikke blive videregivet til tredjepart, medmindre disse henviser til detaljer, der er fastsat i g\u00e6ldende lovgivning. Brugere, hvis oplysninger bruges, kan frit ud\u00f8ve deres ret til at f\u00e5 adgang til og f\u00e5 oplysninger, berigtige, annullere samt en ret til portabilitet, undertrykkelse eller, hvis det er tilf\u00e6ldet, mods\u00e6tte sig, at disse oplysninger bruges, som det er fastsat i de generelle bestemmelser om databeskyttelse af personlig karakter, som er lovligt fastsl\u00e5et. Disse rettigheder kan ud\u00f8ves ved at sende skriftlig, beh\u00f8rigt underskrevet meddelelse sammen med en fotokopi af ID til FUSTER CONSULTING, S.L. Avenida de La Libertad, 301 \u2013 1\u00aa planta P.6 CP 30710 Los Alc\u00e1zares (Murcia) eller via e-mail til info@fuster-associates.com. Oplysningerne om brugere, der ikke ud\u00f8ver deres ret til at annullere eller mods\u00e6tte sig dette, vil blive gemt. P\u00e5 samme m\u00e5de. Hvis en bruger mener, at hans ret til databeskyttelse er blevet kr\u00e6nket p\u00e5 nogen m\u00e5de, kan han indgive et krav til det spanske agentur for databeskyttelse &#8220;Agencia Espa\u00f1ola de Protecci\u00f3n de Datos&#8221; (www.agpd.es).<\/p><h4>2. FORMULAR TIL NYHEDSBREV<\/h4><p>Dine oplysninger vil blive behandlet af FUSTER CONSULTING, S.L., for at administrere din abonnementsans\u00f8gning og for at kunne sende dig nyhedsbreve ofte, der informerer dig om produkter eller tjenester, som vores virksomhed har at tilbyde. Dine oplysninger behandles p\u00e5 grundlag af dit samtykke ved at sende denne formular. Dine oplysninger vil ikke blive videregivet til tredjepart bortset fra dem, der er fastsat i g\u00e6ldende lovgivning. Brugere, hvis oplysninger bruges, kan frit ud\u00f8ve deres ret til at f\u00e5 adgang til og f\u00e5 oplysninger, berigtige, annullere samt en ret til portabilitet, undertrykkelse eller, hvis det er tilf\u00e6ldet, mods\u00e6tte sig, at disse oplysninger bruges, som det er fastsat i de generelle bestemmelser om databeskyttelse af personlig karakter, som er lovligt fastsl\u00e5et. Du kan afvise at modtage kommercielle oplysninger ved hj\u00e6lp af en enkel og gratis procedure \u2013 en e-mail til info@fuster-associates.com. De behandlede brugeroplysninger vil blive gemt, s\u00e5 l\u00e6nge brugerne ikke ud\u00f8ver deres ret til annullering eller indsigelse. Hvis brugerne mener, at deres ret til databeskyttelse kr\u00e6nkes, kan de p\u00e5 samme m\u00e5de indgive et krav til det spanske databeskyttelsesagentur \u00bbAgencia Espa\u00f1ola de Protecci\u00f3n de Datos\u00ab (www.agpd.es).<\/p><h4>JURIDISK MEDDELELSE<\/h4><h5>1. GENERELLE ASPEKTER<\/h5><p>L\u00e6s f\u00f8lgende juridiske advarsel relateret til hjemmesiden for FUSTER CONSULTING, S.L. omhyggeligt.<\/p><hr \/><h5>1.1. Oplysninger om identifikation af internetudbydere.<\/h5><p>I overensstemmelse med artikel 10 i lov 34\/2002 om internettjenester og elektronisk handel informerer vi dig hermed om, at FUSTER CONSULTING, S.L., med skatte-ID-nummer B73214108, administrerer indholdet af hjemmesiden https:\/\/fuster-associates.com, med en registreret adresse p\u00e5 &#8216;Avenida de La Libertad, 301 \u2013 1\u00aa planta P.6 CP 30710 Los Alc\u00e1zares (Murcia)&#8217;. FUSTER CONSULTING, S.L. er indskrevet i Murcias handelsregister &#8216;Registro Mercantil de Murcia&#8217;, i tome 1937, side 156, og ark MU 42.209, f\u00f8rste inskription. Hvis du \u00f8nsker at komme i kontakt med os, kan du g\u00e5 til ovenst\u00e5ende adresse eller ringe til os p\u00e5 (+34 968575650), e-mail: info@fuster-associates.com.<\/p><hr \/><h5>1.2. Accept og virkning af de almindelige og s\u00e6rlige betingelser<\/h5><p>B\u00e5de browsing og\/eller brug og\/eller bestilling af et af de produkter, der tilbydes p\u00e5 denne hjemmeside, g\u00f8r dig til bruger og betyder accept af hver eneste af de generelle betingelser og i givet fald s\u00e6rlige betingelser, der er p\u00e5 plads, n\u00e5r du som bruger f\u00e5r adgang til websiden. FUSTER CONSULTING, S.L. forbeholder sig retten til ensidigt at \u00f8ge og \u00e6ndre websidens indhold, pr\u00e6sentation og konfiguration uden forudg\u00e5ende varsel, samt midlertidigt suspendere pr\u00e6sentationen, konfigurationen og de tekniske specifikationer og webwebstedstjenester p\u00e5 samme m\u00e5de.<\/p><hr \/><h5>2. GENERELLE BETINGELSER FOR BRUG AF HJEMMESIDEN<\/h5><h5>2.1. Forpligtelser ved brug<\/h5><p>In general terms, the user is compelled to comply with the present terms of conditions of use and always work in compliance with the law, good practice and in good faith, and with the conscientiousness required by the nature of the service he is availing of, abstaining from using this website in any other way that could impede, damage or deteriorate the normal functioning of same, the assets or rights of the owner, FUSTER CONSULTING, S.L., the other users or in general, any third party. In particular, without implying any restrictions on the obligation as taken on board by the user, in general terms and in conforming to contents of the previous paragraph, when using this web, the user has to comply with the following: \u2022 Should he be assigned one, the user should safeguard the \u2018user name\u2019 and \u2018password\u2019 given to him by FUSTER CONSULTING, S.L., as identifying elements which facilitate his access to the different services offered by the website, and he is committed to not handing over the use of same nor allow access to same by third parties, taking responsibility for the liquidated damage which could arise from an improper use of same. \u2022 No information or material that could be defamatory, damaging, obscene, threatening, xenophobic, encourage violence or discrimination because of race, sex, ideology, religion or which could, in any way go against the moral, public order, fundamental rights, public freedom, honour, privacy or reputation, of third parties and in general, which infringes the current Spanish law and that of the user\u2019s country of origin is to be stored or diffused on the website. . \u2022 No computer programs, data, virus, code or any other files which could cause damages or changes to the website, in any of its services or any of the equipment, systems or networks of FUSTER CONSULTING, S.L., of any user or in general to third parties, which could impede the normal functioning of same are to be installed in the website \u2022 The details, information, programs, electronic documents, or in general the files of FUSTER CONSULTING, S.L. , of the users or third parties must not be destroyed, altered, disabled, damaged, or used for the user\u2019s own use. FUSTER CONSULTING, S.L. will be able to, without previous warning, modify these general Conditions as well as the Particular Conditions, changes which, will be published on the website so the users are informed of same.<\/p><hr \/><h5>2.2. Exclusion of liability<\/h5><p>FUSTER CONSULTING, S.L. er ikke ansvarlig for: \u2022 Generelt vedr\u00f8rende upassende brug af internettet: Brugere skal bruge internettet korrekt i overensstemmelse med de tidligere vilk\u00e5r og betingelser, og det er ikke ejerens ansvar, hvis webstedet bruges uhensigtsm\u00e6ssigt. \u2022 Med hensyn til mulige tekniske mangler: FUSTER CONSULTING, S.L. er under ingen omst\u00e6ndigheder ansvarlig for \u00e6ndringer i tjenesten p\u00e5 grund af problemer i det elektriske netv\u00e6rk, i dataforbindelsesnetv\u00e6rket, serveren eller andre udl\u00e5nte tjenester. \u2022 Adgang til systemet af tredjeparter: FUSTER CONSULTING, S.L. vil tr\u00e6ffe de n\u00f8dvendige forholdsregler for at beskytte de data og oplysninger, der tilg\u00e5s, men det vil ikke v\u00e6re ansvarligt for tredjepartshandlinger, der ved at kr\u00e6nke etablerede sikkerhedsforanstaltninger f\u00e5r adgang til disse data \u2022 FUSTER CONSULTING, S.L. investerer konstant i teknologiske midler, der fors\u00f8ger at minimere risikoen for virus og lignende software, samt ikke-autoriseret indhold i informationssystemerne. P\u00e5 trods af dette er brugeren klar over, at han skal tr\u00e6ffe sine egne foranstaltninger for at minimere skader for\u00e5rsaget af ikke-autoriseret software, virus, ikke-autoriseret, virus, trojanske heste og enhver anden form for software, der er klassificeret som malware, og fritager FUSTER CONSULTING, S.L. fra ethvert ansvar for indeslutning af malware i behandling, der er godkendt p\u00e5 dette web.<\/p><hr \/><h5>2.3. Brug af hyperlinks<\/h5><p>Internetbrugere, der \u00f8nsker at inkludere links fra deres egne websteder p\u00e5 hjemmesiden, skal opfylde nedenst\u00e5ende betingelser, og p\u00e5stand om ikke at v\u00e6re bekendt med disse betingelser fritager ikke brugeren for det relevante juridiske ansvar, som fastsat i loven. Linket vil kun blive linket til hjemmesidens hjemmeside eller hovedside, men det vil p\u00e5 ingen m\u00e5de kunne kopieres (inline-links, kopiering af tekster, grafik osv.). Det er absolut forbudt, som det fremg\u00e5r af den g\u00e6ldende lovgivning, at opstille rammer af enhver art, der omslutter websiden eller g\u00f8r det muligt at se indholdet via internetadresser, der er forskellige fra websiden, og under alle omst\u00e6ndigheder, n\u00e5r de kan ses, hvis de ses med indhold, der ikke har noget at g\u00f8re med websiden, og derfor: (I) f\u00f8rer til eller kan f\u00f8re til fejl, forvirring eller vildledning af brugerne med hensyn til, hvad den virkelige oprindelse af tjenesten eller indholdet er; (II) anses for at v\u00e6re en sammenligningshandling eller illoyal efterligning; (III) bruges til at drage fordel af FUSTER CONSULTING, S.L.&#8217;s omd\u00f8mme og brand og prestige; eller (IV) p\u00e5 nogen m\u00e5de er forbudt i henhold til den nuv\u00e6rende lovgivning. Der vil ikke v\u00e6re falske, un\u00f8jagtige eller ukorrekte udsagn af nogen art om FUSTER CONSULTING, S.L., dets adresse, medarbejdere, kunder eller om kvaliteten af de tjenester, det tilbyder. P\u00e5 den side, hvor linket figurerer, er det under ingen omst\u00e6ndigheder tilladt at angive, at FUSTER CONSULTING, S.L. har givet sit samtykke til at inds\u00e6tte linket eller p\u00e5 anden m\u00e5de har sponsoreret, samarbejdet, verificeret eller overv\u00e5get de tjenester, der leveres af indsenderen. Det er forbudt at bruge ordm\u00e6rker, grafik eller en blanding eller andre karakteristiske tegn fra FUSTER CONSULTING, S.L. p\u00e5 indsenderens side, undtagen i tilf\u00e6lde, der er tilladt ved lov eller udtrykkeligt godkendt af FUSTER CONSULTING, S.L. og i disse tilf\u00e6lde et direkte link til websiden p\u00e5 den m\u00e5de, der er beskrevet i denne paragraf. til indsenderens eget indhold eller tredjeparters indhold, som kan v\u00e6re: (I) ulovligt, skadeligt eller i strid med moralsk og god praksis (pornografisk, voldeligt, racistisk osv.); (II) tilskynde eller kunne tilskynde brugeren til at tro, at FUSTER CONSULTING, S.L. abonnerer p\u00e5, st\u00f8tter, er tilsluttet eller p\u00e5 nogen m\u00e5de promoverer indsenderens ideer, demonstrationer eller udtryk, lovlige eller ulovlige; (III) er uhensigtsm\u00e6ssige eller ikke har forbindelse til den aktivitet, der udf\u00f8res, for s\u00e5 vidt ang\u00e5r sted, indhold og emne p\u00e5 indberetterens hjemmeside. P\u00e5 samme m\u00e5de vil brugeren afholde sig fra at inkludere hyperlinks (herefter &#8216;link&#8217;) p\u00e5 websiden, der f\u00f8rer til en webside, der indeholder ulovlige oplysninger eller indhold, som er i strid med den moralske og gode praksis, der er almindeligt accepteret eller imod den offentlige orden.<\/p><hr \/><h5>2.4. Intellektuel og industriel ejendomsret<\/h5><p>Strukturen, designet og den m\u00e5de, hvorp\u00e5 elementer p\u00e5 denne web pr\u00e6senteres (grafer, billeder, fotografier, pr\u00f8ver og materialer, der vises p\u00e5 samme, industrielle teknologier, filer, logotyper, farvekombinationer og ethvert andet element, der er beskyttelsespligtigt), er beskyttet af intellektuelle og industrielle ejendomsrettigheder, der tilh\u00f8rer ejeren eller dem, der har opn\u00e5et de tilsvarende brugsrettigheder. Reproduktion, omdannelse, distribution, offentlig overf\u00f8ring, tilr\u00e5dighedsstillelse for almenheden og generelt enhver form for udnyttelse, hvad enten den er helt eller delvis af de tidligere n\u00e6vnte elementer, er forbudt. Offentligg\u00f8relse p\u00e5 andre websteder eller andre former for digital eller skriftlig kommunikation kr\u00e6ver udtrykkeligt samtykke fra webejeren, og i alle tilf\u00e6lde skal der henvises direkte til ejeren af n\u00e6vnte intellektuelle rettigheder, der er FUSTER CONSULTING, S.L. Det er forbudt at anvende kendetegn (m\u00e6rker, handelsbetegnelser), medmindre det er udtrykkeligt tilladt. Medmindre det specifikt er godkendt af FUSTER CONSULTING, S.L., er links til &#8216;endelige sider&#8217;, &#8216;rammen&#8217; og enhver anden lignende manipulation tilladt. Links skal altid v\u00e6re p\u00e5 hjemmesidens hoved- eller hjemmeside.<\/p><hr \/><h5>2.5. G\u00e6ldende jurisdiktion og lovgivning<\/h5><p>De vilk\u00e5r og betingelser, der er angivet p\u00e5 denne hjemmeside og alt relateret, der kan findes heri, er underlagt spansk lovgivning. Enhver kontrovers, der kan opst\u00e5 ved brug af denne hjemmeside, vil v\u00e6re jurisdiktion for domstolene i Murcia.<\/p>\t\t\t\t\t\t\t\t<\/div>\n\t\t\t\t\t<\/div>\n\t\t\t\t<\/div>\n\t\t\t\t<\/div>\n\t\t","protected":false},"excerpt":{"rendered":"<p>1. KONTAKTFORMULAR WEB Dine oplysninger vil blive brugt af FUSTER CONSULTING, S.L., til at h\u00e5ndtere dine tvivl eller foresp\u00f8rgsler. N\u00e5r du sender os den relevante formular, er det underforst\u00e5et, at du giver os dit samtykke til at behandle dine oplysninger. Dine personlige oplysninger vil ikke blive videregivet til tredjepart, medmindre disse henviser til detaljer, der [&hellip;]<\/p>\n","protected":false},"author":2,"featured_media":0,"parent":0,"menu_order":0,"comment_status":"closed","ping_status":"closed","template":"","meta":{"content-type":"","_sitemap_exclude":false,"_sitemap_priority":"","_sitemap_frequency":"","footnotes":""},"class_list":["post-28428","page","type-page","status-publish","hentry"],"yoast_head":"<!-- This site is optimized with the Yoast SEO plugin v27.4 - https:\/\/yoast.com\/product\/yoast-seo-wordpress\/ -->\n<title>Juridiske vilk\u00e5r og oplysninger om webstedet - Fuster &amp; Associates<\/title>\n<meta name=\"description\" content=\"L\u00e6s vores websteds juridiske vilk\u00e5r, herunder kontaktoplysninger, brug af cookies, brugerrettigheder og overholdelse af databeskyttelse.\" \/>\n<meta name=\"robots\" content=\"index, follow, max-snippet:-1, max-image-preview:large, max-video-preview:-1\" \/>\n<link rel=\"canonical\" href=\"https:\/\/fuster-associates.com\/da\/juridisk-meddelelse\/\" \/>\n<meta property=\"og:locale\" content=\"da_DK\" \/>\n<meta property=\"og:type\" content=\"article\" \/>\n<meta property=\"og:title\" content=\"Juridiske vilk\u00e5r og oplysninger om webstedet - Fuster &amp; Associates\" \/>\n<meta property=\"og:description\" content=\"L\u00e6s vores websteds juridiske vilk\u00e5r, herunder kontaktoplysninger, brug af cookies, brugerrettigheder og overholdelse af databeskyttelse.\" \/>\n<meta property=\"og:url\" content=\"https:\/\/fuster-associates.com\/da\/juridisk-meddelelse\/\" \/>\n<meta property=\"og:site_name\" content=\"Fuster &amp; Associates\" \/>\n<meta property=\"article:publisher\" content=\"https:\/\/www.facebook.com\/fusterspain\/\" \/>\n<meta property=\"article:modified_time\" content=\"2025-09-01T10:03:40+00:00\" \/>\n<meta property=\"og:image\" content=\"https:\/\/fuster-associates.com\/wp-content\/uploads\/2020\/02\/slide-fuster-standard.jpg\" \/>\n\t<meta property=\"og:image:width\" content=\"1920\" \/>\n\t<meta property=\"og:image:height\" content=\"1280\" \/>\n\t<meta property=\"og:image:type\" content=\"image\/jpeg\" \/>\n<meta name=\"twitter:card\" content=\"summary_large_image\" \/>\n<meta name=\"twitter:site\" content=\"@FusterSpain\" \/>\n<meta name=\"twitter:label1\" content=\"Estimeret l\u00e6setid\" \/>\n\t<meta name=\"twitter:data1\" content=\"9 minutter\" \/>\n<script type=\"application\/ld+json\" class=\"yoast-schema-graph\">{\"@context\":\"https:\\\/\\\/schema.org\",\"@graph\":[{\"@type\":\"WebPage\",\"@id\":\"https:\\\/\\\/fuster-associates.com\\\/da\\\/juridisk-meddelelse\\\/\",\"url\":\"https:\\\/\\\/fuster-associates.com\\\/da\\\/juridisk-meddelelse\\\/\",\"name\":\"Juridiske vilk\u00e5r og oplysninger om webstedet - Fuster & Associates\",\"isPartOf\":{\"@id\":\"https:\\\/\\\/fuster-associates.com\\\/da\\\/#website\"},\"datePublished\":\"2025-02-19T10:00:04+00:00\",\"dateModified\":\"2025-09-01T10:03:40+00:00\",\"description\":\"L\u00e6s vores websteds juridiske vilk\u00e5r, herunder kontaktoplysninger, brug af cookies, brugerrettigheder og overholdelse af databeskyttelse.\",\"breadcrumb\":{\"@id\":\"https:\\\/\\\/fuster-associates.com\\\/da\\\/juridisk-meddelelse\\\/#breadcrumb\"},\"inLanguage\":\"da-DK\",\"potentialAction\":[{\"@type\":\"ReadAction\",\"target\":[\"https:\\\/\\\/fuster-associates.com\\\/da\\\/juridisk-meddelelse\\\/\"]}]},{\"@type\":\"BreadcrumbList\",\"@id\":\"https:\\\/\\\/fuster-associates.com\\\/da\\\/juridisk-meddelelse\\\/#breadcrumb\",\"itemListElement\":[{\"@type\":\"ListItem\",\"position\":1,\"name\":\"Hjem\",\"item\":\"https:\\\/\\\/fuster-associates.com\\\/da\\\/\"},{\"@type\":\"ListItem\",\"position\":2,\"name\":\"Juridisk Meddelelse\"}]},{\"@type\":\"WebSite\",\"@id\":\"https:\\\/\\\/fuster-associates.com\\\/da\\\/#website\",\"url\":\"https:\\\/\\\/fuster-associates.com\\\/da\\\/\",\"name\":\"Fuster & Associates\",\"description\":\"Property Solicitors\",\"publisher\":{\"@id\":\"https:\\\/\\\/fuster-associates.com\\\/da\\\/#organization\"},\"potentialAction\":[{\"@type\":\"SearchAction\",\"target\":{\"@type\":\"EntryPoint\",\"urlTemplate\":\"https:\\\/\\\/fuster-associates.com\\\/da\\\/?s={search_term_string}\"},\"query-input\":{\"@type\":\"PropertyValueSpecification\",\"valueRequired\":true,\"valueName\":\"search_term_string\"}}],\"inLanguage\":\"da-DK\"},{\"@type\":\"Organization\",\"@id\":\"https:\\\/\\\/fuster-associates.com\\\/da\\\/#organization\",\"name\":\"FUSTER & ASSOCIATES\",\"url\":\"https:\\\/\\\/fuster-associates.com\\\/da\\\/\",\"logo\":{\"@type\":\"ImageObject\",\"inLanguage\":\"da-DK\",\"@id\":\"https:\\\/\\\/fuster-associates.com\\\/da\\\/#\\\/schema\\\/logo\\\/image\\\/\",\"url\":\"https:\\\/\\\/fuster-associates.com\\\/wp-content\\\/uploads\\\/2018\\\/08\\\/logo-fuster-1.jpeg\",\"contentUrl\":\"https:\\\/\\\/fuster-associates.com\\\/wp-content\\\/uploads\\\/2018\\\/08\\\/logo-fuster-1.jpeg\",\"width\":180,\"height\":113,\"caption\":\"FUSTER & ASSOCIATES\"},\"image\":{\"@id\":\"https:\\\/\\\/fuster-associates.com\\\/da\\\/#\\\/schema\\\/logo\\\/image\\\/\"},\"sameAs\":[\"https:\\\/\\\/www.facebook.com\\\/fusterspain\\\/\",\"https:\\\/\\\/x.com\\\/FusterSpain\",\"https:\\\/\\\/www.youtube.com\\\/channel\\\/UC2-kNuL1SoqlFizI47hmIOQ\",\"https:\\\/\\\/www.linkedin.com\\\/company\\\/fuster-&-associates\\\/\"]}]}<\/script>\n<!-- \/ Yoast SEO plugin. -->","yoast_head_json":{"title":"Juridiske vilk\u00e5r og oplysninger om webstedet - Fuster & Associates","description":"L\u00e6s vores websteds juridiske vilk\u00e5r, herunder kontaktoplysninger, brug af cookies, brugerrettigheder og overholdelse af databeskyttelse.","robots":{"index":"index","follow":"follow","max-snippet":"max-snippet:-1","max-image-preview":"max-image-preview:large","max-video-preview":"max-video-preview:-1"},"canonical":"https:\/\/fuster-associates.com\/da\/juridisk-meddelelse\/","og_locale":"da_DK","og_type":"article","og_title":"Juridiske vilk\u00e5r og oplysninger om webstedet - Fuster & Associates","og_description":"L\u00e6s vores websteds juridiske vilk\u00e5r, herunder kontaktoplysninger, brug af cookies, brugerrettigheder og overholdelse af databeskyttelse.","og_url":"https:\/\/fuster-associates.com\/da\/juridisk-meddelelse\/","og_site_name":"Fuster &amp; Associates","article_publisher":"https:\/\/www.facebook.com\/fusterspain\/","article_modified_time":"2025-09-01T10:03:40+00:00","og_image":[{"width":1920,"height":1280,"url":"https:\/\/fuster-associates.com\/wp-content\/uploads\/2020\/02\/slide-fuster-standard.jpg","type":"image\/jpeg"}],"twitter_card":"summary_large_image","twitter_site":"@FusterSpain","twitter_misc":{"Estimeret l\u00e6setid":"9 minutter"},"schema":{"@context":"https:\/\/schema.org","@graph":[{"@type":"WebPage","@id":"https:\/\/fuster-associates.com\/da\/juridisk-meddelelse\/","url":"https:\/\/fuster-associates.com\/da\/juridisk-meddelelse\/","name":"Juridiske vilk\u00e5r og oplysninger om webstedet - Fuster & Associates","isPartOf":{"@id":"https:\/\/fuster-associates.com\/da\/#website"},"datePublished":"2025-02-19T10:00:04+00:00","dateModified":"2025-09-01T10:03:40+00:00","description":"L\u00e6s vores websteds juridiske vilk\u00e5r, herunder kontaktoplysninger, brug af cookies, brugerrettigheder og overholdelse af databeskyttelse.","breadcrumb":{"@id":"https:\/\/fuster-associates.com\/da\/juridisk-meddelelse\/#breadcrumb"},"inLanguage":"da-DK","potentialAction":[{"@type":"ReadAction","target":["https:\/\/fuster-associates.com\/da\/juridisk-meddelelse\/"]}]},{"@type":"BreadcrumbList","@id":"https:\/\/fuster-associates.com\/da\/juridisk-meddelelse\/#breadcrumb","itemListElement":[{"@type":"ListItem","position":1,"name":"Hjem","item":"https:\/\/fuster-associates.com\/da\/"},{"@type":"ListItem","position":2,"name":"Juridisk Meddelelse"}]},{"@type":"WebSite","@id":"https:\/\/fuster-associates.com\/da\/#website","url":"https:\/\/fuster-associates.com\/da\/","name":"Fuster & Associates","description":"Property Solicitors","publisher":{"@id":"https:\/\/fuster-associates.com\/da\/#organization"},"potentialAction":[{"@type":"SearchAction","target":{"@type":"EntryPoint","urlTemplate":"https:\/\/fuster-associates.com\/da\/?s={search_term_string}"},"query-input":{"@type":"PropertyValueSpecification","valueRequired":true,"valueName":"search_term_string"}}],"inLanguage":"da-DK"},{"@type":"Organization","@id":"https:\/\/fuster-associates.com\/da\/#organization","name":"FUSTER & ASSOCIATES","url":"https:\/\/fuster-associates.com\/da\/","logo":{"@type":"ImageObject","inLanguage":"da-DK","@id":"https:\/\/fuster-associates.com\/da\/#\/schema\/logo\/image\/","url":"https:\/\/fuster-associates.com\/wp-content\/uploads\/2018\/08\/logo-fuster-1.jpeg","contentUrl":"https:\/\/fuster-associates.com\/wp-content\/uploads\/2018\/08\/logo-fuster-1.jpeg","width":180,"height":113,"caption":"FUSTER & ASSOCIATES"},"image":{"@id":"https:\/\/fuster-associates.com\/da\/#\/schema\/logo\/image\/"},"sameAs":["https:\/\/www.facebook.com\/fusterspain\/","https:\/\/x.com\/FusterSpain","https:\/\/www.youtube.com\/channel\/UC2-kNuL1SoqlFizI47hmIOQ","https:\/\/www.linkedin.com\/company\/fuster-&-associates\/"]}]}},"_links":{"self":[{"href":"https:\/\/fuster-associates.com\/da\/wp-json\/wp\/v2\/pages\/28428","targetHints":{"allow":["GET"]}}],"collection":[{"href":"https:\/\/fuster-associates.com\/da\/wp-json\/wp\/v2\/pages"}],"about":[{"href":"https:\/\/fuster-associates.com\/da\/wp-json\/wp\/v2\/types\/page"}],"author":[{"embeddable":true,"href":"https:\/\/fuster-associates.com\/da\/wp-json\/wp\/v2\/users\/2"}],"replies":[{"embeddable":true,"href":"https:\/\/fuster-associates.com\/da\/wp-json\/wp\/v2\/comments?post=28428"}],"version-history":[{"count":1,"href":"https:\/\/fuster-associates.com\/da\/wp-json\/wp\/v2\/pages\/28428\/revisions"}],"predecessor-version":[{"id":33471,"href":"https:\/\/fuster-associates.com\/da\/wp-json\/wp\/v2\/pages\/28428\/revisions\/33471"}],"wp:attachment":[{"href":"https:\/\/fuster-associates.com\/da\/wp-json\/wp\/v2\/media?parent=28428"}],"curies":[{"name":"wp","href":"https:\/\/api.w.org\/{rel}","templated":true}]}}