{"id":28370,"date":"2025-02-18T07:12:29","date_gmt":"2025-02-18T06:12:29","guid":{"rendered":"https:\/\/fuster2.kustom.es\/servicesektor\/property-law-services\/"},"modified":"2025-09-03T11:03:03","modified_gmt":"2025-09-03T09:03:03","slug":"tjenesteydelser-inden-for-ejendomsret","status":"publish","type":"page","link":"https:\/\/fuster-associates.com\/da\/serviceydelser\/tjenesteydelser-inden-for-ejendomsret\/","title":{"rendered":"Tjenesteydelser Inden for Ejendomsret"},"content":{"rendered":"\t\t<div data-elementor-type=\"wp-page\" data-elementor-id=\"28370\" class=\"elementor elementor-28370 elementor-22149\" data-elementor-post-type=\"page\">\n\t\t\t\t<div class=\"elementor-element elementor-element-1769ce7 e-flex e-con-boxed e-con e-parent\" data-id=\"1769ce7\" data-element_type=\"container\" data-e-type=\"container\" data-settings=\"{&quot;background_background&quot;:&quot;classic&quot;}\">\n\t\t\t\t\t<div class=\"e-con-inner\">\n\t\t\t\t<div class=\"elementor-element elementor-element-5eb8476 elementor-invisible elementor-widget elementor-widget-heading\" data-id=\"5eb8476\" data-element_type=\"widget\" data-e-type=\"widget\" data-settings=\"{&quot;_animation&quot;:&quot;fadeInDown&quot;}\" data-widget_type=\"heading.default\">\n\t\t\t\t\t<h1 class=\"elementor-heading-title elementor-size-default\">Tjenesteydelser Inden for Ejendomsret<\/h1>\t\t\t\t<\/div>\n\t\t\t\t<div class=\"elementor-element elementor-element-0696529 elementor-invisible elementor-widget elementor-widget-breadcrumbs\" data-id=\"0696529\" data-element_type=\"widget\" data-e-type=\"widget\" data-settings=\"{&quot;_animation&quot;:&quot;fadeInUp&quot;}\" data-widget_type=\"breadcrumbs.default\">\n\t\t\t\t\t<p id=\"breadcrumbs\"><span><span><a href=\"https:\/\/fuster-associates.com\/da\/\">Hjem<\/a><\/span><\/span><\/p>\t\t\t\t<\/div>\n\t\t\t\t\t<\/div>\n\t\t\t\t<\/div>\n\t\t<div class=\"elementor-element elementor-element-5bf9c5d e-flex e-con-boxed e-con e-parent\" data-id=\"5bf9c5d\" data-element_type=\"container\" data-e-type=\"container\">\n\t\t\t\t\t<div class=\"e-con-inner\">\n\t\t\t\t<div class=\"elementor-element elementor-element-33c9718 elementor-invisible elementor-widget elementor-widget-heading\" data-id=\"33c9718\" data-element_type=\"widget\" data-e-type=\"widget\" data-settings=\"{&quot;_animation&quot;:&quot;fadeIn&quot;,&quot;_animation_laptop&quot;:&quot;fadeIn&quot;}\" data-widget_type=\"heading.default\">\n\t\t\t\t\t<h2 class=\"elementor-heading-title elementor-size-default\">Tjenesteydelser Inden for Ejendomsret i Spanien<\/h2>\t\t\t\t<\/div>\n\t\t\t\t<div class=\"elementor-element elementor-element-43c6732 elementor-invisible elementor-widget elementor-widget-text-editor\" data-id=\"43c6732\" data-element_type=\"widget\" data-e-type=\"widget\" data-settings=\"{&quot;_animation&quot;:&quot;fadeIn&quot;,&quot;_animation_laptop&quot;:&quot;fadeIn&quot;}\" data-widget_type=\"text-editor.default\">\n\t\t\t\t\t\t\t\t\t<p data-start=\"217\" data-end=\"538\"><strong data-start=\"217\" data-end=\"346\">Hos Fuster &amp; Associates er vi specialiserede i ejendomsretlige tjenester, der er skr\u00e6ddersyet til udenlandske k\u00f8bere, investorer og indbyggere i Spanien.<\/strong> Vores erfarne juridiske team hj\u00e6lper kunder med alle aspekter af ejendomstransaktioner, herunder ejendomsk\u00f8b, salg, arv, kontraktudarbejdelse, titelkontrol og due diligence.<\/p><p data-start=\"540\" data-end=\"886\">Vi sikrer, at hver transaktion er i fuld overensstemmelse med spansk lovgivning og tilbyder omfattende support med skatter, juridisk repr\u00e6sentation og ejendomsregistrering. Uanset om du k\u00f8ber et sommerhus, investerer i fast ejendom eller l\u00f8ser ejerskabsproblemer, er vores m\u00e5l at beskytte dine interesser og give dig total ro i sindet gennem hele processen. <\/p>\t\t\t\t\t\t\t\t<\/div>\n\t\t\t\t\t<\/div>\n\t\t\t\t<\/div>\n\t\t<div class=\"elementor-element elementor-element-0b0d3d7 e-flex e-con-boxed e-con e-parent\" data-id=\"0b0d3d7\" data-element_type=\"container\" data-e-type=\"container\" data-settings=\"{&quot;background_background&quot;:&quot;classic&quot;}\">\n\t\t\t\t\t<div class=\"e-con-inner\">\n\t\t<div class=\"elementor-element elementor-element-8f2659a e-con-full e-flex e-con e-child\" data-id=\"8f2659a\" data-element_type=\"container\" data-e-type=\"container\">\n\t\t\t\t<div class=\"elementor-element elementor-element-3fcee54 elementor-widget elementor-widget-heading\" data-id=\"3fcee54\" data-element_type=\"widget\" data-e-type=\"widget\" data-widget_type=\"heading.default\">\n\t\t\t\t\t<h3 class=\"elementor-heading-title elementor-size-default\">K\u00f8b &amp; Salg af Ejendom<\/h3>\t\t\t\t<\/div>\n\t\t\t\t<div class=\"elementor-element elementor-element-43f5772 elementor-icon-list--layout-traditional elementor-list-item-link-full_width elementor-widget elementor-widget-icon-list\" data-id=\"43f5772\" data-element_type=\"widget\" data-e-type=\"widget\" data-widget_type=\"icon-list.default\">\n\t\t\t\t\t\t\t<ul class=\"elementor-icon-list-items\">\n\t\t\t\t\t\t\t<li class=\"elementor-icon-list-item\">\n\t\t\t\t\t\t\t\t\t\t\t<a href=\"https:\/\/fuster-associates.com\/services\/property-law-services\/buying-selling-property\/purchase-conveyancing\/\">\n\n\t\t\t\t\t\t\t\t\t\t\t\t<span class=\"elementor-icon-list-icon\">\n\t\t\t\t\t\t\t<svg aria-hidden=\"true\" class=\"e-font-icon-svg e-fas-caret-right\" viewBox=\"0 0 192 512\" xmlns=\"http:\/\/www.w3.org\/2000\/svg\"><path d=\"M0 384.662V127.338c0-17.818 21.543-26.741 34.142-14.142l128.662 128.662c7.81 7.81 7.81 20.474 0 28.284L34.142 398.804C21.543 411.404 0 402.48 0 384.662z\"><\/path><\/svg>\t\t\t\t\t\t<\/span>\n\t\t\t\t\t\t\t\t\t\t<span class=\"elementor-icon-list-text\">Overdragelse af K\u00f8b<\/span>\n\t\t\t\t\t\t\t\t\t\t\t<\/a>\n\t\t\t\t\t\t\t\t\t<\/li>\n\t\t\t\t\t\t\t\t<li class=\"elementor-icon-list-item\">\n\t\t\t\t\t\t\t\t\t\t\t<a href=\"https:\/\/fuster-associates.com\/da\/serviceydelser\/tjenesteydelser-inden-for-ejendomsret\/koeb-salg-af-ejendom\/overdragelse-af-salg\/\">\n\n\t\t\t\t\t\t\t\t\t\t\t\t<span class=\"elementor-icon-list-icon\">\n\t\t\t\t\t\t\t<svg aria-hidden=\"true\" class=\"e-font-icon-svg e-fas-caret-right\" viewBox=\"0 0 192 512\" xmlns=\"http:\/\/www.w3.org\/2000\/svg\"><path d=\"M0 384.662V127.338c0-17.818 21.543-26.741 34.142-14.142l128.662 128.662c7.81 7.81 7.81 20.474 0 28.284L34.142 398.804C21.543 411.404 0 402.48 0 384.662z\"><\/path><\/svg>\t\t\t\t\t\t<\/span>\n\t\t\t\t\t\t\t\t\t\t<span class=\"elementor-icon-list-text\">Overdragelse af Salg<\/span>\n\t\t\t\t\t\t\t\t\t\t\t<\/a>\n\t\t\t\t\t\t\t\t\t<\/li>\n\t\t\t\t\t\t\t\t<li class=\"elementor-icon-list-item\">\n\t\t\t\t\t\t\t\t\t\t\t<a href=\"https:\/\/fuster-associates.com\/da\/serviceydelser\/tjenesteydelser-inden-for-ejendomsret\/koeb-salg-af-ejendom\/koeb-af-ejendom-uden-for-planen\/\">\n\n\t\t\t\t\t\t\t\t\t\t\t\t<span class=\"elementor-icon-list-icon\">\n\t\t\t\t\t\t\t<svg aria-hidden=\"true\" class=\"e-font-icon-svg e-fas-caret-right\" viewBox=\"0 0 192 512\" xmlns=\"http:\/\/www.w3.org\/2000\/svg\"><path d=\"M0 384.662V127.338c0-17.818 21.543-26.741 34.142-14.142l128.662 128.662c7.81 7.81 7.81 20.474 0 28.284L34.142 398.804C21.543 411.404 0 402.48 0 384.662z\"><\/path><\/svg>\t\t\t\t\t\t<\/span>\n\t\t\t\t\t\t\t\t\t\t<span class=\"elementor-icon-list-text\">K\u00f8b af Ejendom Uden for Planen<\/span>\n\t\t\t\t\t\t\t\t\t\t\t<\/a>\n\t\t\t\t\t\t\t\t\t<\/li>\n\t\t\t\t\t\t<\/ul>\n\t\t\t\t\t\t<\/div>\n\t\t\t\t<\/div>\n\t\t\t\t\t<\/div>\n\t\t\t\t<\/div>\n\t\t\t\t<\/div>\n\t\t","protected":false},"excerpt":{"rendered":"<p>Tjenesteydelser Inden for Ejendomsret i Spanien Hos Fuster &amp; Associates er vi specialiserede i ejendomsretlige tjenester, der er skr\u00e6ddersyet til udenlandske k\u00f8bere, investorer og indbyggere i Spanien. Vores erfarne juridiske team hj\u00e6lper kunder med alle aspekter af ejendomstransaktioner, herunder ejendomsk\u00f8b, salg, arv, kontraktudarbejdelse, titelkontrol og due diligence. Vi sikrer, at hver transaktion er i fuld [&hellip;]<\/p>\n","protected":false},"author":1,"featured_media":0,"parent":28748,"menu_order":0,"comment_status":"closed","ping_status":"open","template":"","meta":{"content-type":"","_sitemap_exclude":false,"_sitemap_priority":"","_sitemap_frequency":"","footnotes":""},"class_list":["post-28370","page","type-page","status-publish","hentry"],"yoast_head":"<!-- This site is optimized with the Yoast SEO plugin v27.4 - https:\/\/yoast.com\/product\/yoast-seo-wordpress\/ -->\n<title>Ejendom Ejendomsjuridiske tjenester i Spanien - Fuster &amp; Associates<\/title>\n<meta name=\"description\" content=\"Ekspertjuridiske tjenester i forbindelse med k\u00f8b, salg eller arv af ejendomme i Spanien. Stol p\u00e5 Fuster &amp; Associates for sikre ejendomstransaktioner.\" \/>\n<meta name=\"robots\" content=\"index, follow, max-snippet:-1, max-image-preview:large, max-video-preview:-1\" \/>\n<link rel=\"canonical\" href=\"https:\/\/fuster-associates.com\/da\/serviceydelser\/tjenesteydelser-inden-for-ejendomsret\/\" \/>\n<meta property=\"og:locale\" content=\"da_DK\" \/>\n<meta property=\"og:type\" content=\"article\" \/>\n<meta property=\"og:title\" content=\"Ejendom Ejendomsjuridiske tjenester i Spanien - Fuster &amp; Associates\" \/>\n<meta property=\"og:description\" content=\"Ekspertjuridiske tjenester i forbindelse med k\u00f8b, salg eller arv af ejendomme i Spanien. Stol p\u00e5 Fuster &amp; Associates for sikre ejendomstransaktioner.\" \/>\n<meta property=\"og:url\" content=\"https:\/\/fuster-associates.com\/da\/serviceydelser\/tjenesteydelser-inden-for-ejendomsret\/\" \/>\n<meta property=\"og:site_name\" content=\"Fuster &amp; Associates\" \/>\n<meta property=\"article:publisher\" content=\"https:\/\/www.facebook.com\/fusterspain\/\" \/>\n<meta property=\"article:modified_time\" content=\"2025-09-03T09:03:03+00:00\" \/>\n<meta property=\"og:image\" content=\"https:\/\/fuster-associates.com\/wp-content\/uploads\/2020\/02\/slide-fuster-standard.jpg\" \/>\n\t<meta property=\"og:image:width\" content=\"1920\" \/>\n\t<meta property=\"og:image:height\" content=\"1280\" \/>\n\t<meta property=\"og:image:type\" content=\"image\/jpeg\" \/>\n<meta name=\"twitter:card\" content=\"summary_large_image\" \/>\n<meta name=\"twitter:site\" content=\"@FusterSpain\" \/>\n<meta name=\"twitter:label1\" content=\"Estimeret l\u00e6setid\" \/>\n\t<meta name=\"twitter:data1\" content=\"1 minut\" \/>\n<script type=\"application\/ld+json\" class=\"yoast-schema-graph\">{\"@context\":\"https:\\\/\\\/schema.org\",\"@graph\":[{\"@type\":\"WebPage\",\"@id\":\"https:\\\/\\\/fuster-associates.com\\\/da\\\/serviceydelser\\\/tjenesteydelser-inden-for-ejendomsret\\\/\",\"url\":\"https:\\\/\\\/fuster-associates.com\\\/da\\\/serviceydelser\\\/tjenesteydelser-inden-for-ejendomsret\\\/\",\"name\":\"Ejendom Ejendomsjuridiske tjenester i Spanien - Fuster & Associates\",\"isPartOf\":{\"@id\":\"https:\\\/\\\/fuster-associates.com\\\/da\\\/#website\"},\"datePublished\":\"2025-02-18T06:12:29+00:00\",\"dateModified\":\"2025-09-03T09:03:03+00:00\",\"description\":\"Ekspertjuridiske tjenester i forbindelse med k\u00f8b, salg eller arv af ejendomme i Spanien. Stol p\u00e5 Fuster & Associates for sikre ejendomstransaktioner.\",\"breadcrumb\":{\"@id\":\"https:\\\/\\\/fuster-associates.com\\\/da\\\/serviceydelser\\\/tjenesteydelser-inden-for-ejendomsret\\\/#breadcrumb\"},\"inLanguage\":\"da-DK\",\"potentialAction\":[{\"@type\":\"ReadAction\",\"target\":[\"https:\\\/\\\/fuster-associates.com\\\/da\\\/serviceydelser\\\/tjenesteydelser-inden-for-ejendomsret\\\/\"]}]},{\"@type\":\"BreadcrumbList\",\"@id\":\"https:\\\/\\\/fuster-associates.com\\\/da\\\/serviceydelser\\\/tjenesteydelser-inden-for-ejendomsret\\\/#breadcrumb\",\"itemListElement\":[{\"@type\":\"ListItem\",\"position\":1,\"name\":\"Hjem\",\"item\":\"https:\\\/\\\/fuster-associates.com\\\/da\\\/\"},{\"@type\":\"ListItem\",\"position\":2,\"name\":\"Serviceydelser\",\"item\":\"https:\\\/\\\/fuster-associates.com\\\/da\\\/serviceydelser\\\/\"},{\"@type\":\"ListItem\",\"position\":3,\"name\":\"Tjenesteydelser Inden for Ejendomsret\"}]},{\"@type\":\"WebSite\",\"@id\":\"https:\\\/\\\/fuster-associates.com\\\/da\\\/#website\",\"url\":\"https:\\\/\\\/fuster-associates.com\\\/da\\\/\",\"name\":\"Fuster & Associates\",\"description\":\"Property Solicitors\",\"publisher\":{\"@id\":\"https:\\\/\\\/fuster-associates.com\\\/da\\\/#organization\"},\"potentialAction\":[{\"@type\":\"SearchAction\",\"target\":{\"@type\":\"EntryPoint\",\"urlTemplate\":\"https:\\\/\\\/fuster-associates.com\\\/da\\\/?s={search_term_string}\"},\"query-input\":{\"@type\":\"PropertyValueSpecification\",\"valueRequired\":true,\"valueName\":\"search_term_string\"}}],\"inLanguage\":\"da-DK\"},{\"@type\":\"Organization\",\"@id\":\"https:\\\/\\\/fuster-associates.com\\\/da\\\/#organization\",\"name\":\"FUSTER & ASSOCIATES\",\"url\":\"https:\\\/\\\/fuster-associates.com\\\/da\\\/\",\"logo\":{\"@type\":\"ImageObject\",\"inLanguage\":\"da-DK\",\"@id\":\"https:\\\/\\\/fuster-associates.com\\\/da\\\/#\\\/schema\\\/logo\\\/image\\\/\",\"url\":\"https:\\\/\\\/fuster-associates.com\\\/wp-content\\\/uploads\\\/2018\\\/08\\\/logo-fuster-1.jpeg\",\"contentUrl\":\"https:\\\/\\\/fuster-associates.com\\\/wp-content\\\/uploads\\\/2018\\\/08\\\/logo-fuster-1.jpeg\",\"width\":180,\"height\":113,\"caption\":\"FUSTER & ASSOCIATES\"},\"image\":{\"@id\":\"https:\\\/\\\/fuster-associates.com\\\/da\\\/#\\\/schema\\\/logo\\\/image\\\/\"},\"sameAs\":[\"https:\\\/\\\/www.facebook.com\\\/fusterspain\\\/\",\"https:\\\/\\\/x.com\\\/FusterSpain\",\"https:\\\/\\\/www.youtube.com\\\/channel\\\/UC2-kNuL1SoqlFizI47hmIOQ\",\"https:\\\/\\\/www.linkedin.com\\\/company\\\/fuster-&-associates\\\/\"]}]}<\/script>\n<!-- \/ Yoast SEO plugin. -->","yoast_head_json":{"title":"Ejendom Ejendomsjuridiske tjenester i Spanien - Fuster & Associates","description":"Ekspertjuridiske tjenester i forbindelse med k\u00f8b, salg eller arv af ejendomme i Spanien. Stol p\u00e5 Fuster & Associates for sikre ejendomstransaktioner.","robots":{"index":"index","follow":"follow","max-snippet":"max-snippet:-1","max-image-preview":"max-image-preview:large","max-video-preview":"max-video-preview:-1"},"canonical":"https:\/\/fuster-associates.com\/da\/serviceydelser\/tjenesteydelser-inden-for-ejendomsret\/","og_locale":"da_DK","og_type":"article","og_title":"Ejendom Ejendomsjuridiske tjenester i Spanien - Fuster & Associates","og_description":"Ekspertjuridiske tjenester i forbindelse med k\u00f8b, salg eller arv af ejendomme i Spanien. Stol p\u00e5 Fuster & Associates for sikre ejendomstransaktioner.","og_url":"https:\/\/fuster-associates.com\/da\/serviceydelser\/tjenesteydelser-inden-for-ejendomsret\/","og_site_name":"Fuster &amp; Associates","article_publisher":"https:\/\/www.facebook.com\/fusterspain\/","article_modified_time":"2025-09-03T09:03:03+00:00","og_image":[{"width":1920,"height":1280,"url":"https:\/\/fuster-associates.com\/wp-content\/uploads\/2020\/02\/slide-fuster-standard.jpg","type":"image\/jpeg"}],"twitter_card":"summary_large_image","twitter_site":"@FusterSpain","twitter_misc":{"Estimeret l\u00e6setid":"1 minut"},"schema":{"@context":"https:\/\/schema.org","@graph":[{"@type":"WebPage","@id":"https:\/\/fuster-associates.com\/da\/serviceydelser\/tjenesteydelser-inden-for-ejendomsret\/","url":"https:\/\/fuster-associates.com\/da\/serviceydelser\/tjenesteydelser-inden-for-ejendomsret\/","name":"Ejendom Ejendomsjuridiske tjenester i Spanien - Fuster & Associates","isPartOf":{"@id":"https:\/\/fuster-associates.com\/da\/#website"},"datePublished":"2025-02-18T06:12:29+00:00","dateModified":"2025-09-03T09:03:03+00:00","description":"Ekspertjuridiske tjenester i forbindelse med k\u00f8b, salg eller arv af ejendomme i Spanien. Stol p\u00e5 Fuster & Associates for sikre ejendomstransaktioner.","breadcrumb":{"@id":"https:\/\/fuster-associates.com\/da\/serviceydelser\/tjenesteydelser-inden-for-ejendomsret\/#breadcrumb"},"inLanguage":"da-DK","potentialAction":[{"@type":"ReadAction","target":["https:\/\/fuster-associates.com\/da\/serviceydelser\/tjenesteydelser-inden-for-ejendomsret\/"]}]},{"@type":"BreadcrumbList","@id":"https:\/\/fuster-associates.com\/da\/serviceydelser\/tjenesteydelser-inden-for-ejendomsret\/#breadcrumb","itemListElement":[{"@type":"ListItem","position":1,"name":"Hjem","item":"https:\/\/fuster-associates.com\/da\/"},{"@type":"ListItem","position":2,"name":"Serviceydelser","item":"https:\/\/fuster-associates.com\/da\/serviceydelser\/"},{"@type":"ListItem","position":3,"name":"Tjenesteydelser Inden for Ejendomsret"}]},{"@type":"WebSite","@id":"https:\/\/fuster-associates.com\/da\/#website","url":"https:\/\/fuster-associates.com\/da\/","name":"Fuster & Associates","description":"Property Solicitors","publisher":{"@id":"https:\/\/fuster-associates.com\/da\/#organization"},"potentialAction":[{"@type":"SearchAction","target":{"@type":"EntryPoint","urlTemplate":"https:\/\/fuster-associates.com\/da\/?s={search_term_string}"},"query-input":{"@type":"PropertyValueSpecification","valueRequired":true,"valueName":"search_term_string"}}],"inLanguage":"da-DK"},{"@type":"Organization","@id":"https:\/\/fuster-associates.com\/da\/#organization","name":"FUSTER & ASSOCIATES","url":"https:\/\/fuster-associates.com\/da\/","logo":{"@type":"ImageObject","inLanguage":"da-DK","@id":"https:\/\/fuster-associates.com\/da\/#\/schema\/logo\/image\/","url":"https:\/\/fuster-associates.com\/wp-content\/uploads\/2018\/08\/logo-fuster-1.jpeg","contentUrl":"https:\/\/fuster-associates.com\/wp-content\/uploads\/2018\/08\/logo-fuster-1.jpeg","width":180,"height":113,"caption":"FUSTER & ASSOCIATES"},"image":{"@id":"https:\/\/fuster-associates.com\/da\/#\/schema\/logo\/image\/"},"sameAs":["https:\/\/www.facebook.com\/fusterspain\/","https:\/\/x.com\/FusterSpain","https:\/\/www.youtube.com\/channel\/UC2-kNuL1SoqlFizI47hmIOQ","https:\/\/www.linkedin.com\/company\/fuster-&-associates\/"]}]}},"_links":{"self":[{"href":"https:\/\/fuster-associates.com\/da\/wp-json\/wp\/v2\/pages\/28370","targetHints":{"allow":["GET"]}}],"collection":[{"href":"https:\/\/fuster-associates.com\/da\/wp-json\/wp\/v2\/pages"}],"about":[{"href":"https:\/\/fuster-associates.com\/da\/wp-json\/wp\/v2\/types\/page"}],"author":[{"embeddable":true,"href":"https:\/\/fuster-associates.com\/da\/wp-json\/wp\/v2\/users\/1"}],"replies":[{"embeddable":true,"href":"https:\/\/fuster-associates.com\/da\/wp-json\/wp\/v2\/comments?post=28370"}],"version-history":[{"count":4,"href":"https:\/\/fuster-associates.com\/da\/wp-json\/wp\/v2\/pages\/28370\/revisions"}],"predecessor-version":[{"id":33623,"href":"https:\/\/fuster-associates.com\/da\/wp-json\/wp\/v2\/pages\/28370\/revisions\/33623"}],"up":[{"embeddable":true,"href":"https:\/\/fuster-associates.com\/da\/wp-json\/wp\/v2\/pages\/28748"}],"wp:attachment":[{"href":"https:\/\/fuster-associates.com\/da\/wp-json\/wp\/v2\/media?parent=28370"}],"curies":[{"name":"wp","href":"https:\/\/api.w.org\/{rel}","templated":true}]}}